{"id":2155,"date":"2024-01-30T15:36:50","date_gmt":"2024-01-30T14:36:17","guid":{"rendered":"https:\/\/terrasse-mobile.net\/?page_id=2155"},"modified":"2024-10-01T15:40:43","modified_gmt":"2024-10-01T13:40:43","slug":"pose-terrasse-coulissante-piscine-old","status":"publish","type":"page","link":"https:\/\/terrasse-mobile.net\/es\/realisations-old\/pose-terrasse-coulissante-piscine-old\/","title":{"rendered":"R\u00e9alisation de terrasse mobile en \u00cele-de-France old"},"content":{"rendered":"<h1>R\u00e9alisation de terrasse mobile en \u00cele-de-France<\/h1>\n<p>\t\tNous avons cr\u00e9\u00e9 une jolie piscine avec une terrasse coulissante recouverte de lames de terrasse en bois exotique. La terrasse mobile, lorsqu&rsquo;elle est au-dessus, constitue une vraie belle \u00a0terrasse solide.\u00a0La piscine, la plage immerg\u00e9e et les marches d&rsquo;escalier sont habill\u00e9es d&rsquo;une membrane en PVC arm\u00e9 de couleur anthracite, extr\u00eamement r\u00e9sistante.<br \/>\n\t\t\t\t\t\t\t\t\t\t\t\t\t\t\t<img decoding=\"async\" width=\"800\" height=\"600\" src=\"https:\/\/terrasse-mobile.net\/wp-content\/uploads\/2024\/01\/REAL-ROUFFAUT-PISCINE-AVEC-TERRASSE-MOBILE-1.jpeg\" alt=\"terrasse mobile ile de france\" srcset=\"https:\/\/terrasse-mobile.net\/wp-content\/uploads\/2024\/01\/REAL-ROUFFAUT-PISCINE-AVEC-TERRASSE-MOBILE-1.jpeg 1000w, https:\/\/terrasse-mobile.net\/wp-content\/uploads\/2024\/01\/REAL-ROUFFAUT-PISCINE-AVEC-TERRASSE-MOBILE-1-300x225.jpeg 300w, https:\/\/terrasse-mobile.net\/wp-content\/uploads\/2024\/01\/REAL-ROUFFAUT-PISCINE-AVEC-TERRASSE-MOBILE-1-768x576.jpeg 768w\" sizes=\"(max-width: 800px) 100vw, 800px\" \/>\t\t\t\t\t\t\t\t\t\t\t\t\t\t\t<\/p>\n<style>\/*! elementor - v3.18.0 - 20-12-2023 *\/\n.elementor-heading-title{padding:0;margin:0;line-height:1}.elementor-widget-heading .elementor-heading-title[class*=elementor-size-]>a{color:inherit;font-size:inherit;line-height:inherit}.elementor-widget-heading .elementor-heading-title.elementor-size-small{font-size:15px}.elementor-widget-heading .elementor-heading-title.elementor-size-medium{font-size:19px}.elementor-widget-heading .elementor-heading-title.elementor-size-large{font-size:29px}.elementor-widget-heading .elementor-heading-title.elementor-size-xl{font-size:39px}.elementor-widget-heading .elementor-heading-title.elementor-size-xxl{font-size:59px}<\/style>\n<h2>Une belle terrasse mobile dans la cour d&rsquo;une maison<\/h2>\n<p>\t\tBelle photo de la piscine. Avant l&rsquo;am\u00e9nagement des abords. La membrane en PVC arm\u00e9 conf\u00e8re une \u00a0couleur d&rsquo;eau \u00ab\u00a0oc\u00e9an\u00a0\u00bb tr\u00e8s moderne.<br \/>\n\t\t\t\t\t\t\t\t\t\t\t\t\t\t\t<img decoding=\"async\" width=\"765\" height=\"510\" src=\"https:\/\/terrasse-mobile.net\/wp-content\/uploads\/2024\/01\/REAL-ROUFFAUT-PISCINE-AVEC-TERRASSE-MOBILE-2-1.jpeg\" alt=\"\" srcset=\"https:\/\/terrasse-mobile.net\/wp-content\/uploads\/2024\/01\/REAL-ROUFFAUT-PISCINE-AVEC-TERRASSE-MOBILE-2-1.jpeg 765w, https:\/\/terrasse-mobile.net\/wp-content\/uploads\/2024\/01\/REAL-ROUFFAUT-PISCINE-AVEC-TERRASSE-MOBILE-2-1-300x200.jpeg 300w\" sizes=\"(max-width: 765px) 100vw, 765px\" \/><br \/>\n\t\tSur cette photo, nous voyons le \u00a0bassin termin\u00e9, les margelles en pierre de la piscine ainsi que l&#8217;emplacement pour les rails de la terrasse coulissante.\u00a0\u00a0<br \/>\n\t\t\t\t\t\t\t\t\t\t\t\t\t\t\t<img decoding=\"async\" width=\"765\" height=\"507\" src=\"https:\/\/terrasse-mobile.net\/wp-content\/uploads\/2024\/01\/DSC_0606-1.jpg\" alt=\"belle terrasse mobile en ile de france\" srcset=\"https:\/\/terrasse-mobile.net\/wp-content\/uploads\/2024\/01\/DSC_0606-1.jpg 765w, https:\/\/terrasse-mobile.net\/wp-content\/uploads\/2024\/01\/DSC_0606-1-300x199.jpg 300w\" sizes=\"(max-width: 765px) 100vw, 765px\" \/><br \/>\n\t\tIci, la terrasse coulissante est \u00a0recouverte de lames de terrasse en bois exotique (Padouk). Au-dessus de la piscine, la terrasse coulissante assure une remarquable protection notamment contre les chutes de feuilles et de salet\u00e9s. La terrasse mobile permet \u00e9galement de conserver la chaleur et de limiter l&rsquo;\u00e9vaporation de la piscine.\u00a0\t\t<\/p>\n<h2>La terrasse mobile pour piscine en b\u00e9ton arm\u00e9<\/h2>\n<p>\t\t\t\t\t\t\t\t\t\t\t\t\t\t\t<img decoding=\"async\" width=\"765\" height=\"510\" src=\"https:\/\/terrasse-mobile.net\/wp-content\/uploads\/2024\/01\/REAL-ROUFFAUT-CONSTRUCTION-PISCINE-3.jpg\" alt=\"\" srcset=\"https:\/\/terrasse-mobile.net\/wp-content\/uploads\/2024\/01\/REAL-ROUFFAUT-CONSTRUCTION-PISCINE-3.jpg 765w, https:\/\/terrasse-mobile.net\/wp-content\/uploads\/2024\/01\/REAL-ROUFFAUT-CONSTRUCTION-PISCINE-3-300x200.jpg 300w\" sizes=\"(max-width: 765px) 100vw, 765px\" \/><br \/>\n\t\tLe bassin en phase de construction est pr\u00eat \u00e0 accueillir la membrane en PVC arm\u00e9.\u00a0<br \/>\n\t\t\t\t\t\t\t\t\t\t\t\t\t\t\t<img decoding=\"async\" width=\"765\" height=\"510\" src=\"https:\/\/terrasse-mobile.net\/wp-content\/uploads\/2024\/01\/REAL-ROUFFAUT-CONSTRUCTION-ESCALIER-PISCINE-1.jpg\" alt=\"bassin de piscine avec terrasse mobile\" srcset=\"https:\/\/terrasse-mobile.net\/wp-content\/uploads\/2024\/01\/REAL-ROUFFAUT-CONSTRUCTION-ESCALIER-PISCINE-1.jpg 765w, https:\/\/terrasse-mobile.net\/wp-content\/uploads\/2024\/01\/REAL-ROUFFAUT-CONSTRUCTION-ESCALIER-PISCINE-1-300x200.jpg 300w\" sizes=\"(max-width: 765px) 100vw, 765px\" \/><br \/>\n\t\tSur cette photo nous pouvons voir la petite plage immerg\u00e9e et l&rsquo;escalier qui permet de descendre en douceur dans le bassin.\u00a0<br \/>\n\t\t\t\t\t\t\t\t\t\t\t\t\t\t\t<img decoding=\"async\" width=\"765\" height=\"510\" src=\"https:\/\/terrasse-mobile.net\/wp-content\/uploads\/2024\/01\/REAL-ROUFFAUT-LOCAL-TECHNIQUE-PISCINE.jpg\" alt=\"\" srcset=\"https:\/\/terrasse-mobile.net\/wp-content\/uploads\/2024\/01\/REAL-ROUFFAUT-LOCAL-TECHNIQUE-PISCINE.jpg 765w, https:\/\/terrasse-mobile.net\/wp-content\/uploads\/2024\/01\/REAL-ROUFFAUT-LOCAL-TECHNIQUE-PISCINE-300x200.jpg 300w\" sizes=\"(max-width: 765px) 100vw, 765px\" \/><br \/>\n\t\tVoici les \u00e9quipements de haute qualit\u00e9 du local technique.\u00a0<\/p>\n","protected":false},"excerpt":{"rendered":"<p>R\u00e9alisation de terrasse mobile en \u00cele-de-France Nous avons cr\u00e9\u00e9 une jolie piscine avec une terrasse coulissante recouverte de lames de terrasse en bois exotique. La terrasse mobile, lorsqu&rsquo;elle est au-dessus, constitue une vraie belle \u00a0terrasse solide.\u00a0La piscine, la plage immerg\u00e9e et les marches d&rsquo;escalier sont habill\u00e9es d&rsquo;une membrane en PVC arm\u00e9 de couleur anthracite, extr\u00eamement&#8230;<\/p>","protected":false},"author":1,"featured_media":0,"parent":2445,"menu_order":3,"comment_status":"closed","ping_status":"closed","template":"","meta":{"_kad_post_transparent":"","_kad_post_title":"","_kad_post_layout":"","_kad_post_sidebar_id":"","_kad_post_content_style":"","_kad_post_vertical_padding":"","_kad_post_feature":"","_kad_post_feature_position":"","_kad_post_header":false,"_kad_post_footer":false,"_kad_post_classname":"","footnotes":""},"folder":[],"class_list":["post-2155","page","type-page","status-publish","hentry"],"yoast_head":"<!-- This site is optimized with the Yoast SEO plugin v27.5 - https:\/\/yoast.com\/product\/yoast-seo-wordpress\/ -->\n<title>Pose de terrasse coulissante pour piscine<\/title>\n<meta name=\"robots\" content=\"index, follow, max-snippet:-1, max-image-preview:large, max-video-preview:-1\" \/>\n<link rel=\"canonical\" href=\"https:\/\/terrasse-mobile.net\/es\/realizaciones-antiguas\/pose-terrasse-coulissante-piscine-old\/\" \/>\n<meta property=\"og:locale\" content=\"es_ES\" \/>\n<meta property=\"og:type\" content=\"article\" \/>\n<meta property=\"og:title\" content=\"Pose de terrasse coulissante pour piscine\" \/>\n<meta property=\"og:description\" content=\"R\u00e9alisation de terrasse mobile en \u00cele-de-France Nous avons cr\u00e9\u00e9 une jolie piscine avec une terrasse coulissante recouverte de lames de terrasse en bois exotique. La terrasse mobile, lorsqu&rsquo;elle est au-dessus, constitue une vraie belle \u00a0terrasse solide.\u00a0La piscine, la plage immerg\u00e9e et les marches d&rsquo;escalier sont habill\u00e9es d&rsquo;une membrane en PVC arm\u00e9 de couleur anthracite, extr\u00eamement...\" \/>\n<meta property=\"og:url\" content=\"https:\/\/terrasse-mobile.net\/es\/realizaciones-antiguas\/pose-terrasse-coulissante-piscine-old\/\" \/>\n<meta property=\"og:site_name\" content=\"Terrasse mobile\" \/>\n<meta property=\"article:modified_time\" content=\"2024-10-01T13:40:43+00:00\" \/>\n<meta property=\"og:image\" content=\"https:\/\/terrasse-mobile.net\/wp-content\/uploads\/2024\/01\/REAL-ROUFFAUT-PISCINE-AVEC-TERRASSE-MOBILE-1.jpeg\" \/>\n<meta name=\"twitter:card\" content=\"summary_large_image\" \/>\n<meta name=\"twitter:label1\" content=\"Tiempo de lectura\" \/>\n\t<meta name=\"twitter:data1\" content=\"3 minutos\" \/>\n<script type=\"application\/ld+json\" class=\"yoast-schema-graph\">{\"@context\":\"https:\\\/\\\/schema.org\",\"@graph\":[{\"@type\":\"WebPage\",\"@id\":\"https:\\\/\\\/terrasse-mobile.net\\\/realisations-old\\\/pose-terrasse-coulissante-piscine-old\\\/\",\"url\":\"https:\\\/\\\/terrasse-mobile.net\\\/realisations-old\\\/pose-terrasse-coulissante-piscine-old\\\/\",\"name\":\"Pose de terrasse coulissante pour piscine\",\"isPartOf\":{\"@id\":\"https:\\\/\\\/terrasse-mobile.net\\\/#website\"},\"primaryImageOfPage\":{\"@id\":\"https:\\\/\\\/terrasse-mobile.net\\\/realisations-old\\\/pose-terrasse-coulissante-piscine-old\\\/#primaryimage\"},\"image\":{\"@id\":\"https:\\\/\\\/terrasse-mobile.net\\\/realisations-old\\\/pose-terrasse-coulissante-piscine-old\\\/#primaryimage\"},\"thumbnailUrl\":\"https:\\\/\\\/terrasse-mobile.net\\\/wp-content\\\/uploads\\\/2024\\\/01\\\/REAL-ROUFFAUT-PISCINE-AVEC-TERRASSE-MOBILE-1.jpeg\",\"datePublished\":\"2024-01-30T14:36:17+00:00\",\"dateModified\":\"2024-10-01T13:40:43+00:00\",\"breadcrumb\":{\"@id\":\"https:\\\/\\\/terrasse-mobile.net\\\/realisations-old\\\/pose-terrasse-coulissante-piscine-old\\\/#breadcrumb\"},\"inLanguage\":\"es\",\"potentialAction\":[{\"@type\":\"ReadAction\",\"target\":[\"https:\\\/\\\/terrasse-mobile.net\\\/realisations-old\\\/pose-terrasse-coulissante-piscine-old\\\/\"]}]},{\"@type\":\"ImageObject\",\"inLanguage\":\"es\",\"@id\":\"https:\\\/\\\/terrasse-mobile.net\\\/realisations-old\\\/pose-terrasse-coulissante-piscine-old\\\/#primaryimage\",\"url\":\"https:\\\/\\\/terrasse-mobile.net\\\/wp-content\\\/uploads\\\/2024\\\/01\\\/REAL-ROUFFAUT-PISCINE-AVEC-TERRASSE-MOBILE-1.jpeg\",\"contentUrl\":\"https:\\\/\\\/terrasse-mobile.net\\\/wp-content\\\/uploads\\\/2024\\\/01\\\/REAL-ROUFFAUT-PISCINE-AVEC-TERRASSE-MOBILE-1.jpeg\"},{\"@type\":\"BreadcrumbList\",\"@id\":\"https:\\\/\\\/terrasse-mobile.net\\\/realisations-old\\\/pose-terrasse-coulissante-piscine-old\\\/#breadcrumb\",\"itemListElement\":[{\"@type\":\"ListItem\",\"position\":1,\"name\":\"Accueil\",\"item\":\"https:\\\/\\\/terrasse-mobile.net\\\/\"},{\"@type\":\"ListItem\",\"position\":2,\"name\":\"LES R\u00c9ALISATIONS DE TERRASSE MOBILE SLIDEDECK old\",\"item\":\"https:\\\/\\\/terrasse-mobile.net\\\/realisations-old\\\/\"},{\"@type\":\"ListItem\",\"position\":3,\"name\":\"R\u00e9alisation de terrasse mobile en \u00cele-de-France old\"}]},{\"@type\":\"WebSite\",\"@id\":\"https:\\\/\\\/terrasse-mobile.net\\\/#website\",\"url\":\"https:\\\/\\\/terrasse-mobile.net\\\/\",\"name\":\"Slidedeck\",\"description\":\"Construction sur mesure de terrasses mobiles en \u00cele-de-France\",\"publisher\":{\"@id\":\"https:\\\/\\\/terrasse-mobile.net\\\/#organization\"},\"potentialAction\":[{\"@type\":\"SearchAction\",\"target\":{\"@type\":\"EntryPoint\",\"urlTemplate\":\"https:\\\/\\\/terrasse-mobile.net\\\/?s={search_term_string}\"},\"query-input\":{\"@type\":\"PropertyValueSpecification\",\"valueRequired\":true,\"valueName\":\"search_term_string\"}}],\"inLanguage\":\"es\"},{\"@type\":\"Organization\",\"@id\":\"https:\\\/\\\/terrasse-mobile.net\\\/#organization\",\"name\":\"Slidedeck\",\"url\":\"https:\\\/\\\/terrasse-mobile.net\\\/\",\"logo\":{\"@type\":\"ImageObject\",\"inLanguage\":\"es\",\"@id\":\"https:\\\/\\\/terrasse-mobile.net\\\/#\\\/schema\\\/logo\\\/image\\\/\",\"url\":\"https:\\\/\\\/terrasse-mobile.net\\\/wp-content\\\/uploads\\\/2024\\\/01\\\/logo-slidedeck.jpg\",\"contentUrl\":\"https:\\\/\\\/terrasse-mobile.net\\\/wp-content\\\/uploads\\\/2024\\\/01\\\/logo-slidedeck.jpg\",\"width\":2000,\"height\":1103,\"caption\":\"Slidedeck\"},\"image\":{\"@id\":\"https:\\\/\\\/terrasse-mobile.net\\\/#\\\/schema\\\/logo\\\/image\\\/\"}}]}<\/script>\n<!-- \/ Yoast SEO plugin. -->","yoast_head_json":{"title":"Pose de terrasse coulissante pour piscine","robots":{"index":"index","follow":"follow","max-snippet":"max-snippet:-1","max-image-preview":"max-image-preview:large","max-video-preview":"max-video-preview:-1"},"canonical":"https:\/\/terrasse-mobile.net\/es\/realizaciones-antiguas\/pose-terrasse-coulissante-piscine-old\/","og_locale":"es_ES","og_type":"article","og_title":"Pose de terrasse coulissante pour piscine","og_description":"R\u00e9alisation de terrasse mobile en \u00cele-de-France Nous avons cr\u00e9\u00e9 une jolie piscine avec une terrasse coulissante recouverte de lames de terrasse en bois exotique. La terrasse mobile, lorsqu&rsquo;elle est au-dessus, constitue une vraie belle \u00a0terrasse solide.\u00a0La piscine, la plage immerg\u00e9e et les marches d&rsquo;escalier sont habill\u00e9es d&rsquo;une membrane en PVC arm\u00e9 de couleur anthracite, extr\u00eamement...","og_url":"https:\/\/terrasse-mobile.net\/es\/realizaciones-antiguas\/pose-terrasse-coulissante-piscine-old\/","og_site_name":"Terrasse mobile","article_modified_time":"2024-10-01T13:40:43+00:00","og_image":[{"url":"https:\/\/terrasse-mobile.net\/wp-content\/uploads\/2024\/01\/REAL-ROUFFAUT-PISCINE-AVEC-TERRASSE-MOBILE-1.jpeg","type":"","width":"","height":""}],"twitter_card":"summary_large_image","twitter_misc":{"Tiempo de lectura":"3 minutos"},"schema":{"@context":"https:\/\/schema.org","@graph":[{"@type":"WebPage","@id":"https:\/\/terrasse-mobile.net\/realisations-old\/pose-terrasse-coulissante-piscine-old\/","url":"https:\/\/terrasse-mobile.net\/realisations-old\/pose-terrasse-coulissante-piscine-old\/","name":"Pose de terrasse coulissante pour piscine","isPartOf":{"@id":"https:\/\/terrasse-mobile.net\/#website"},"primaryImageOfPage":{"@id":"https:\/\/terrasse-mobile.net\/realisations-old\/pose-terrasse-coulissante-piscine-old\/#primaryimage"},"image":{"@id":"https:\/\/terrasse-mobile.net\/realisations-old\/pose-terrasse-coulissante-piscine-old\/#primaryimage"},"thumbnailUrl":"https:\/\/terrasse-mobile.net\/wp-content\/uploads\/2024\/01\/REAL-ROUFFAUT-PISCINE-AVEC-TERRASSE-MOBILE-1.jpeg","datePublished":"2024-01-30T14:36:17+00:00","dateModified":"2024-10-01T13:40:43+00:00","breadcrumb":{"@id":"https:\/\/terrasse-mobile.net\/realisations-old\/pose-terrasse-coulissante-piscine-old\/#breadcrumb"},"inLanguage":"es","potentialAction":[{"@type":"ReadAction","target":["https:\/\/terrasse-mobile.net\/realisations-old\/pose-terrasse-coulissante-piscine-old\/"]}]},{"@type":"ImageObject","inLanguage":"es","@id":"https:\/\/terrasse-mobile.net\/realisations-old\/pose-terrasse-coulissante-piscine-old\/#primaryimage","url":"https:\/\/terrasse-mobile.net\/wp-content\/uploads\/2024\/01\/REAL-ROUFFAUT-PISCINE-AVEC-TERRASSE-MOBILE-1.jpeg","contentUrl":"https:\/\/terrasse-mobile.net\/wp-content\/uploads\/2024\/01\/REAL-ROUFFAUT-PISCINE-AVEC-TERRASSE-MOBILE-1.jpeg"},{"@type":"BreadcrumbList","@id":"https:\/\/terrasse-mobile.net\/realisations-old\/pose-terrasse-coulissante-piscine-old\/#breadcrumb","itemListElement":[{"@type":"ListItem","position":1,"name":"Accueil","item":"https:\/\/terrasse-mobile.net\/"},{"@type":"ListItem","position":2,"name":"LES R\u00c9ALISATIONS DE TERRASSE MOBILE SLIDEDECK old","item":"https:\/\/terrasse-mobile.net\/realisations-old\/"},{"@type":"ListItem","position":3,"name":"R\u00e9alisation de terrasse mobile en \u00cele-de-France old"}]},{"@type":"WebSite","@id":"https:\/\/terrasse-mobile.net\/#website","url":"https:\/\/terrasse-mobile.net\/","name":"Plataforma deslizante","description":"Terrazas m\u00f3viles a medida en la regi\u00f3n parisina","publisher":{"@id":"https:\/\/terrasse-mobile.net\/#organization"},"potentialAction":[{"@type":"SearchAction","target":{"@type":"EntryPoint","urlTemplate":"https:\/\/terrasse-mobile.net\/?s={search_term_string}"},"query-input":{"@type":"PropertyValueSpecification","valueRequired":true,"valueName":"search_term_string"}}],"inLanguage":"es"},{"@type":"Organization","@id":"https:\/\/terrasse-mobile.net\/#organization","name":"Plataforma deslizante","url":"https:\/\/terrasse-mobile.net\/","logo":{"@type":"ImageObject","inLanguage":"es","@id":"https:\/\/terrasse-mobile.net\/#\/schema\/logo\/image\/","url":"https:\/\/terrasse-mobile.net\/wp-content\/uploads\/2024\/01\/logo-slidedeck.jpg","contentUrl":"https:\/\/terrasse-mobile.net\/wp-content\/uploads\/2024\/01\/logo-slidedeck.jpg","width":2000,"height":1103,"caption":"Slidedeck"},"image":{"@id":"https:\/\/terrasse-mobile.net\/#\/schema\/logo\/image\/"}}]}},"_links":{"self":[{"href":"https:\/\/terrasse-mobile.net\/es\/wp-json\/wp\/v2\/pages\/2155","targetHints":{"allow":["GET"]}}],"collection":[{"href":"https:\/\/terrasse-mobile.net\/es\/wp-json\/wp\/v2\/pages"}],"about":[{"href":"https:\/\/terrasse-mobile.net\/es\/wp-json\/wp\/v2\/types\/page"}],"author":[{"embeddable":true,"href":"https:\/\/terrasse-mobile.net\/es\/wp-json\/wp\/v2\/users\/1"}],"replies":[{"embeddable":true,"href":"https:\/\/terrasse-mobile.net\/es\/wp-json\/wp\/v2\/comments?post=2155"}],"version-history":[{"count":15,"href":"https:\/\/terrasse-mobile.net\/es\/wp-json\/wp\/v2\/pages\/2155\/revisions"}],"predecessor-version":[{"id":5711,"href":"https:\/\/terrasse-mobile.net\/es\/wp-json\/wp\/v2\/pages\/2155\/revisions\/5711"}],"up":[{"embeddable":true,"href":"https:\/\/terrasse-mobile.net\/es\/wp-json\/wp\/v2\/pages\/2445"}],"wp:attachment":[{"href":"https:\/\/terrasse-mobile.net\/es\/wp-json\/wp\/v2\/media?parent=2155"}],"wp:term":[{"taxonomy":"folder","embeddable":true,"href":"https:\/\/terrasse-mobile.net\/es\/wp-json\/wp\/v2\/folder?post=2155"}],"curies":[{"name":"wp","href":"https:\/\/api.w.org\/{rel}","templated":true}]}}