{"id":2338,"date":"2024-02-01T11:39:50","date_gmt":"2024-02-01T10:39:14","guid":{"rendered":"https:\/\/terrasse-mobile.net\/?page_id=2338"},"modified":"2024-10-01T15:49:56","modified_gmt":"2024-10-01T13:49:56","slug":"fondo-movil-piscina-antigua","status":"publish","type":"page","link":"https:\/\/terrasse-mobile.net\/es\/protections-piscine-old\/piscine-fond-mobile-old\/","title":{"rendered":"PISCINAS M\u00d3VILES DE FONDO antiguo"},"content":{"rendered":"<h1>Piscinas con fondo m\u00f3vil<\/h1>\n<h2>\u00bfUna terraza sobre un fondo m\u00f3vil que desciende hasta el fondo de la piscina?<br \/>\n\u00bfC\u00f3mo funciona? \u00bfEs fiable?<\/h2>\n<p>El fondo m\u00f3vil es una tecnolog\u00eda muy innovadora. Se utiliza un mecanismo para subir y bajar el suelo de la piscina. En posici\u00f3n \u00abcerrada\u00bb, la piscina es pr\u00e1cticamente invisible y se puede caminar sobre el suelo, que act\u00faa como tal. En la posici\u00f3n \u00ababierta\u00bb, el suelo desciende hasta el fondo de la piscina, lo que permite nadar y disfrutar de ella. Este mecanismo funciona mediante resistentes cables de acero inoxidable.<\/p>\n<p>\t\t\t\t\t\t\t\t\t\t\t\t\t<img decoding=\"async\" width=\"800\" height=\"624\" src=\"https:\/\/terrasse-mobile.net\/wp-content\/uploads\/2024\/02\/1-REAL-ERBI-PISCINE-2.jpg\" alt=\"piscina con fondo m\u00f3vil\" srcset=\"https:\/\/terrasse-mobile.net\/wp-content\/uploads\/2024\/02\/1-REAL-ERBI-PISCINE-2.jpg 848w, https:\/\/terrasse-mobile.net\/wp-content\/uploads\/2024\/02\/1-REAL-ERBI-PISCINE-2-300x234.jpg 300w, https:\/\/terrasse-mobile.net\/wp-content\/uploads\/2024\/02\/1-REAL-ERBI-PISCINE-2-768x599.jpg 768w\" sizes=\"(max-width: 800px) 100vw, 800px\" \/>\t\t\t\t\t\t\t\t\t\t\t\t\t<\/p>\n<h2>Suelos m\u00f3viles Aqualift: los mejores suelos m\u00f3viles del mundo<\/h2>\n<p>Hemos visto y experimentado con varias tecnolog\u00edas de fondos m\u00f3viles. Ninguna de ellas convence realmente.\u00a0<\/p>\n<p>Los sistemas basados en el principio de flotaci\u00f3n parecen una buena idea, pero al final no funcionan muy bien: en la posici\u00f3n superior, el fondo m\u00f3vil flotante no es muy estable. Pica....Los sistemas multimotor son complicados de desarrollar porque hay que sincronizar los motores. Existen otros sistemas, pero son pr\u00e1cticamente experimentales. Por eso hemos formado una asociaci\u00f3n estrat\u00e9gica con el l\u00edder mundial en suelos m\u00f3viles: <strong>INDUSTRIAS AQUALIFT<\/strong>.<br \/>\n\t\t\t\t\t\t\t\t\t\t\t\t\t<img decoding=\"async\" width=\"800\" height=\"530\" src=\"https:\/\/terrasse-mobile.net\/wp-content\/uploads\/2024\/02\/2REAL-ERBIBOU-PISCINE-A-FOND-MOBILE-2.jpg\" alt=\"fondo m\u00f3vil para piscinas\" srcset=\"https:\/\/terrasse-mobile.net\/wp-content\/uploads\/2024\/02\/2REAL-ERBIBOU-PISCINE-A-FOND-MOBILE-2.jpg 1000w, https:\/\/terrasse-mobile.net\/wp-content\/uploads\/2024\/02\/2REAL-ERBIBOU-PISCINE-A-FOND-MOBILE-2-300x199.jpg 300w, https:\/\/terrasse-mobile.net\/wp-content\/uploads\/2024\/02\/2REAL-ERBIBOU-PISCINE-A-FOND-MOBILE-2-768x508.jpg 768w\" sizes=\"(max-width: 800px) 100vw, 800px\" \/>\t\t\t\t\t\t\t\t\t\t\t\t\t<\/p>\n<h2>En Piscine Nature, queremos lo mejor para nuestros clientes.<\/h2>\n<p>La tecnolog\u00eda Aqualift est\u00e1 probada desde hace m\u00e1s de 20 a\u00f1os. <strong>M\u00e1s de 1.000 suelos m\u00f3viles Aqualift instalados en Francia<\/strong> <strong>y en todo el mundo<\/strong>, En prestigiosas residencias, grandes hoteles, cruceros y las casas de muchas celebridades.<\/p>\n<p>Si est\u00e1 buscando un suelo m\u00f3vil y no quiere quedarse con productos experimentales, poco fiables o incluso peligrosos, no se moleste. Elija AQUALIFT y podr\u00e1 estar seguro de contar con una soluci\u00f3n fiable con garant\u00eda de por vida (con contrato de mantenimiento). En Piscine Nature, le ofrecemos un servicio completo:\u00a0<br style=\"box-sizing: inherit;\" \/>- <strong>Construcci\u00f3n de la piscina<\/strong> y todos los <strong>sistema hidr\u00e1ulico<\/strong>,\u00a0<br style=\"box-sizing: inherit;\" \/>- Integraci\u00f3n del fondo m\u00f3vil Aqualift,<br style=\"box-sizing: inherit;\" \/>- <strong>Revestimiento de suelo m\u00f3vil<\/strong> con un bonito entarimado de madera (o suelo de baldosas, seg\u00fan prefiera). <strong>Paisajismo de los alrededores<\/strong> cubiertas de madera, cubiertas pavimentadas, casetas de piscina - y por supuesto <strong>ofrecemos mantenimiento<\/strong> de su piscina y el mantenimiento del fondo m\u00f3vil.<br \/>\n\t\t\t\t\t\t\t\t\t\t\t\t\t<img decoding=\"async\" width=\"765\" height=\"511\" src=\"https:\/\/terrasse-mobile.net\/wp-content\/uploads\/2024\/02\/FOND_MOBILE_PISCIE-NATURE_4.jpg\" alt=\"piscina con fondo m\u00f3vil\" srcset=\"https:\/\/terrasse-mobile.net\/wp-content\/uploads\/2024\/02\/FOND_MOBILE_PISCIE-NATURE_4.jpg 765w, https:\/\/terrasse-mobile.net\/wp-content\/uploads\/2024\/02\/FOND_MOBILE_PISCIE-NATURE_4-300x200.jpg 300w\" sizes=\"(max-width: 765px) 100vw, 765px\" \/><br \/>\n\t\t\t<a href=\"https:\/\/piscines.oxatis.com\/constructeur-piscine-fond-mobile.htm\"><br \/>\n\t\t\t\t\t\tM\u00c1S INFORMACI\u00d3N SOBRE LOS FONDOS M\u00d3VILES<br \/>\n\t\t\t\t\t<\/a><\/p>","protected":false},"excerpt":{"rendered":"<p>Les piscines \u00e0 fond mobile Une terrasse sur un fond mobile qui descend au fond de la piscine ? Comment \u00e7a marche ? Est ce fiable ? Un fond mobile est une technologie ultra innovante. En effet, il y a un m\u00e9canisme qui permet de faire descendre ou monter le fond de la piscine. En&#8230;<\/p>","protected":false},"author":1,"featured_media":0,"parent":2424,"menu_order":0,"comment_status":"closed","ping_status":"closed","template":"","meta":{"_kad_post_transparent":"","_kad_post_title":"","_kad_post_layout":"","_kad_post_sidebar_id":"","_kad_post_content_style":"","_kad_post_vertical_padding":"","_kad_post_feature":"","_kad_post_feature_position":"","_kad_post_header":false,"_kad_post_footer":false,"_kad_post_classname":"","footnotes":""},"folder":[],"class_list":["post-2338","page","type-page","status-publish","hentry"],"yoast_head":"<!-- This site is optimized with the Yoast SEO plugin v27.5 - https:\/\/yoast.com\/product\/yoast-seo-wordpress\/ -->\n<title>La piscine \u00e0 fond mobile<\/title>\n<meta name=\"robots\" content=\"index, follow, max-snippet:-1, max-image-preview:large, max-video-preview:-1\" \/>\n<link rel=\"canonical\" href=\"https:\/\/terrasse-mobile.net\/es\/protections-piscine-old\/fondo-movil-piscina-antigua\/\" \/>\n<meta property=\"og:locale\" content=\"es_ES\" \/>\n<meta property=\"og:type\" content=\"article\" \/>\n<meta property=\"og:title\" content=\"La piscine \u00e0 fond mobile\" \/>\n<meta property=\"og:description\" content=\"Les piscines \u00e0 fond mobile Une terrasse sur un fond mobile qui descend au fond de la piscine ? Comment \u00e7a marche ? Est ce fiable ? Un fond mobile est une technologie ultra innovante. En effet, il y a un m\u00e9canisme qui permet de faire descendre ou monter le fond de la piscine. En...\" \/>\n<meta property=\"og:url\" content=\"https:\/\/terrasse-mobile.net\/es\/protections-piscine-old\/fondo-movil-piscina-antigua\/\" \/>\n<meta property=\"og:site_name\" content=\"Terrasse mobile\" \/>\n<meta property=\"article:modified_time\" content=\"2024-10-01T13:49:56+00:00\" \/>\n<meta property=\"og:image\" content=\"https:\/\/terrasse-mobile.net\/wp-content\/uploads\/2024\/02\/1-REAL-ERBI-PISCINE-2.jpg\" \/>\n<meta name=\"twitter:card\" content=\"summary_large_image\" \/>\n<meta name=\"twitter:label1\" content=\"Tiempo de lectura\" \/>\n\t<meta name=\"twitter:data1\" content=\"3 minutos\" \/>\n<script type=\"application\/ld+json\" class=\"yoast-schema-graph\">{\"@context\":\"https:\\\/\\\/schema.org\",\"@graph\":[{\"@type\":\"WebPage\",\"@id\":\"https:\\\/\\\/terrasse-mobile.net\\\/protections-piscine-old\\\/piscine-fond-mobile-old\\\/\",\"url\":\"https:\\\/\\\/terrasse-mobile.net\\\/protections-piscine-old\\\/piscine-fond-mobile-old\\\/\",\"name\":\"La piscine \u00e0 fond mobile\",\"isPartOf\":{\"@id\":\"https:\\\/\\\/terrasse-mobile.net\\\/#website\"},\"primaryImageOfPage\":{\"@id\":\"https:\\\/\\\/terrasse-mobile.net\\\/protections-piscine-old\\\/piscine-fond-mobile-old\\\/#primaryimage\"},\"image\":{\"@id\":\"https:\\\/\\\/terrasse-mobile.net\\\/protections-piscine-old\\\/piscine-fond-mobile-old\\\/#primaryimage\"},\"thumbnailUrl\":\"https:\\\/\\\/terrasse-mobile.net\\\/wp-content\\\/uploads\\\/2024\\\/02\\\/1-REAL-ERBI-PISCINE-2.jpg\",\"datePublished\":\"2024-02-01T10:39:14+00:00\",\"dateModified\":\"2024-10-01T13:49:56+00:00\",\"breadcrumb\":{\"@id\":\"https:\\\/\\\/terrasse-mobile.net\\\/protections-piscine-old\\\/piscine-fond-mobile-old\\\/#breadcrumb\"},\"inLanguage\":\"es\",\"potentialAction\":[{\"@type\":\"ReadAction\",\"target\":[\"https:\\\/\\\/terrasse-mobile.net\\\/protections-piscine-old\\\/piscine-fond-mobile-old\\\/\"]}]},{\"@type\":\"ImageObject\",\"inLanguage\":\"es\",\"@id\":\"https:\\\/\\\/terrasse-mobile.net\\\/protections-piscine-old\\\/piscine-fond-mobile-old\\\/#primaryimage\",\"url\":\"https:\\\/\\\/terrasse-mobile.net\\\/wp-content\\\/uploads\\\/2024\\\/02\\\/1-REAL-ERBI-PISCINE-2.jpg\",\"contentUrl\":\"https:\\\/\\\/terrasse-mobile.net\\\/wp-content\\\/uploads\\\/2024\\\/02\\\/1-REAL-ERBI-PISCINE-2.jpg\"},{\"@type\":\"BreadcrumbList\",\"@id\":\"https:\\\/\\\/terrasse-mobile.net\\\/protections-piscine-old\\\/piscine-fond-mobile-old\\\/#breadcrumb\",\"itemListElement\":[{\"@type\":\"ListItem\",\"position\":1,\"name\":\"Accueil\",\"item\":\"https:\\\/\\\/terrasse-mobile.net\\\/\"},{\"@type\":\"ListItem\",\"position\":2,\"name\":\"LES AUTRES SOLUTIONS DE COUVERTURE DE PISCINE old\",\"item\":\"https:\\\/\\\/terrasse-mobile.net\\\/protections-piscine-old\\\/\"},{\"@type\":\"ListItem\",\"position\":3,\"name\":\"LES PISCINES \u00c0 FOND MOBILE old\"}]},{\"@type\":\"WebSite\",\"@id\":\"https:\\\/\\\/terrasse-mobile.net\\\/#website\",\"url\":\"https:\\\/\\\/terrasse-mobile.net\\\/\",\"name\":\"Slidedeck\",\"description\":\"Construction sur mesure de terrasses mobiles en \u00cele-de-France\",\"publisher\":{\"@id\":\"https:\\\/\\\/terrasse-mobile.net\\\/#organization\"},\"potentialAction\":[{\"@type\":\"SearchAction\",\"target\":{\"@type\":\"EntryPoint\",\"urlTemplate\":\"https:\\\/\\\/terrasse-mobile.net\\\/?s={search_term_string}\"},\"query-input\":{\"@type\":\"PropertyValueSpecification\",\"valueRequired\":true,\"valueName\":\"search_term_string\"}}],\"inLanguage\":\"es\"},{\"@type\":\"Organization\",\"@id\":\"https:\\\/\\\/terrasse-mobile.net\\\/#organization\",\"name\":\"Slidedeck\",\"url\":\"https:\\\/\\\/terrasse-mobile.net\\\/\",\"logo\":{\"@type\":\"ImageObject\",\"inLanguage\":\"es\",\"@id\":\"https:\\\/\\\/terrasse-mobile.net\\\/#\\\/schema\\\/logo\\\/image\\\/\",\"url\":\"https:\\\/\\\/terrasse-mobile.net\\\/wp-content\\\/uploads\\\/2024\\\/01\\\/logo-slidedeck.jpg\",\"contentUrl\":\"https:\\\/\\\/terrasse-mobile.net\\\/wp-content\\\/uploads\\\/2024\\\/01\\\/logo-slidedeck.jpg\",\"width\":2000,\"height\":1103,\"caption\":\"Slidedeck\"},\"image\":{\"@id\":\"https:\\\/\\\/terrasse-mobile.net\\\/#\\\/schema\\\/logo\\\/image\\\/\"}}]}<\/script>\n<!-- \/ Yoast SEO plugin. -->","yoast_head_json":{"title":"Piscinas con fondo m\u00f3vil","robots":{"index":"index","follow":"follow","max-snippet":"max-snippet:-1","max-image-preview":"max-image-preview:large","max-video-preview":"max-video-preview:-1"},"canonical":"https:\/\/terrasse-mobile.net\/es\/protections-piscine-old\/fondo-movil-piscina-antigua\/","og_locale":"es_ES","og_type":"article","og_title":"La piscine \u00e0 fond mobile","og_description":"Les piscines \u00e0 fond mobile Une terrasse sur un fond mobile qui descend au fond de la piscine ? Comment \u00e7a marche ? Est ce fiable ? Un fond mobile est une technologie ultra innovante. En effet, il y a un m\u00e9canisme qui permet de faire descendre ou monter le fond de la piscine. En...","og_url":"https:\/\/terrasse-mobile.net\/es\/protections-piscine-old\/fondo-movil-piscina-antigua\/","og_site_name":"Terrasse mobile","article_modified_time":"2024-10-01T13:49:56+00:00","og_image":[{"url":"https:\/\/terrasse-mobile.net\/wp-content\/uploads\/2024\/02\/1-REAL-ERBI-PISCINE-2.jpg","type":"","width":"","height":""}],"twitter_card":"summary_large_image","twitter_misc":{"Tiempo de lectura":"3 minutos"},"schema":{"@context":"https:\/\/schema.org","@graph":[{"@type":"WebPage","@id":"https:\/\/terrasse-mobile.net\/protections-piscine-old\/piscine-fond-mobile-old\/","url":"https:\/\/terrasse-mobile.net\/protections-piscine-old\/piscine-fond-mobile-old\/","name":"Piscinas con fondo m\u00f3vil","isPartOf":{"@id":"https:\/\/terrasse-mobile.net\/#website"},"primaryImageOfPage":{"@id":"https:\/\/terrasse-mobile.net\/protections-piscine-old\/piscine-fond-mobile-old\/#primaryimage"},"image":{"@id":"https:\/\/terrasse-mobile.net\/protections-piscine-old\/piscine-fond-mobile-old\/#primaryimage"},"thumbnailUrl":"https:\/\/terrasse-mobile.net\/wp-content\/uploads\/2024\/02\/1-REAL-ERBI-PISCINE-2.jpg","datePublished":"2024-02-01T10:39:14+00:00","dateModified":"2024-10-01T13:49:56+00:00","breadcrumb":{"@id":"https:\/\/terrasse-mobile.net\/protections-piscine-old\/piscine-fond-mobile-old\/#breadcrumb"},"inLanguage":"es","potentialAction":[{"@type":"ReadAction","target":["https:\/\/terrasse-mobile.net\/protections-piscine-old\/piscine-fond-mobile-old\/"]}]},{"@type":"ImageObject","inLanguage":"es","@id":"https:\/\/terrasse-mobile.net\/protections-piscine-old\/piscine-fond-mobile-old\/#primaryimage","url":"https:\/\/terrasse-mobile.net\/wp-content\/uploads\/2024\/02\/1-REAL-ERBI-PISCINE-2.jpg","contentUrl":"https:\/\/terrasse-mobile.net\/wp-content\/uploads\/2024\/02\/1-REAL-ERBI-PISCINE-2.jpg"},{"@type":"BreadcrumbList","@id":"https:\/\/terrasse-mobile.net\/protections-piscine-old\/piscine-fond-mobile-old\/#breadcrumb","itemListElement":[{"@type":"ListItem","position":1,"name":"Accueil","item":"https:\/\/terrasse-mobile.net\/"},{"@type":"ListItem","position":2,"name":"LES AUTRES SOLUTIONS DE COUVERTURE DE PISCINE old","item":"https:\/\/terrasse-mobile.net\/protections-piscine-old\/"},{"@type":"ListItem","position":3,"name":"LES PISCINES \u00c0 FOND MOBILE old"}]},{"@type":"WebSite","@id":"https:\/\/terrasse-mobile.net\/#website","url":"https:\/\/terrasse-mobile.net\/","name":"Plataforma deslizante","description":"Terrazas m\u00f3viles a medida en la regi\u00f3n parisina","publisher":{"@id":"https:\/\/terrasse-mobile.net\/#organization"},"potentialAction":[{"@type":"SearchAction","target":{"@type":"EntryPoint","urlTemplate":"https:\/\/terrasse-mobile.net\/?s={search_term_string}"},"query-input":{"@type":"PropertyValueSpecification","valueRequired":true,"valueName":"search_term_string"}}],"inLanguage":"es"},{"@type":"Organization","@id":"https:\/\/terrasse-mobile.net\/#organization","name":"Plataforma deslizante","url":"https:\/\/terrasse-mobile.net\/","logo":{"@type":"ImageObject","inLanguage":"es","@id":"https:\/\/terrasse-mobile.net\/#\/schema\/logo\/image\/","url":"https:\/\/terrasse-mobile.net\/wp-content\/uploads\/2024\/01\/logo-slidedeck.jpg","contentUrl":"https:\/\/terrasse-mobile.net\/wp-content\/uploads\/2024\/01\/logo-slidedeck.jpg","width":2000,"height":1103,"caption":"Slidedeck"},"image":{"@id":"https:\/\/terrasse-mobile.net\/#\/schema\/logo\/image\/"}}]}},"_links":{"self":[{"href":"https:\/\/terrasse-mobile.net\/es\/wp-json\/wp\/v2\/pages\/2338","targetHints":{"allow":["GET"]}}],"collection":[{"href":"https:\/\/terrasse-mobile.net\/es\/wp-json\/wp\/v2\/pages"}],"about":[{"href":"https:\/\/terrasse-mobile.net\/es\/wp-json\/wp\/v2\/types\/page"}],"author":[{"embeddable":true,"href":"https:\/\/terrasse-mobile.net\/es\/wp-json\/wp\/v2\/users\/1"}],"replies":[{"embeddable":true,"href":"https:\/\/terrasse-mobile.net\/es\/wp-json\/wp\/v2\/comments?post=2338"}],"version-history":[{"count":23,"href":"https:\/\/terrasse-mobile.net\/es\/wp-json\/wp\/v2\/pages\/2338\/revisions"}],"predecessor-version":[{"id":5719,"href":"https:\/\/terrasse-mobile.net\/es\/wp-json\/wp\/v2\/pages\/2338\/revisions\/5719"}],"up":[{"embeddable":true,"href":"https:\/\/terrasse-mobile.net\/es\/wp-json\/wp\/v2\/pages\/2424"}],"wp:attachment":[{"href":"https:\/\/terrasse-mobile.net\/es\/wp-json\/wp\/v2\/media?parent=2338"}],"wp:term":[{"taxonomy":"folder","embeddable":true,"href":"https:\/\/terrasse-mobile.net\/es\/wp-json\/wp\/v2\/folder?post=2338"}],"curies":[{"name":"wp","href":"https:\/\/api.w.org\/{rel}","templated":true}]}}