{"id":2353,"date":"2024-02-01T12:18:50","date_gmt":"2024-02-01T11:18:01","guid":{"rendered":"https:\/\/terrasse-mobile.net\/?page_id=2353"},"modified":"2024-10-01T15:50:16","modified_gmt":"2024-10-01T13:50:16","slug":"cubiertas-de-piscina-correderas-antiguas","status":"publish","type":"page","link":"https:\/\/terrasse-mobile.net\/es\/protections-piscine-old\/abris-coulissants-pour-piscine-old\/","title":{"rendered":"refugios para piscinas antiguas"},"content":{"rendered":"<h1>Cubiertas de piscina<\/h1>\n<p>\t\t\t\t\t\t\t\t\t\t\t\t\t<img decoding=\"async\" width=\"760\" height=\"530\" src=\"https:\/\/terrasse-mobile.net\/wp-content\/uploads\/2024\/02\/Abris-piscine-Nature-07.jpg\" alt=\"cubiertas de piscina\" srcset=\"https:\/\/terrasse-mobile.net\/wp-content\/uploads\/2024\/02\/Abris-piscine-Nature-07.jpg 760w, https:\/\/terrasse-mobile.net\/wp-content\/uploads\/2024\/02\/Abris-piscine-Nature-07-300x209.jpg 300w\" sizes=\"(max-width: 760px) 100vw, 760px\" \/>\t\t\t\t\t\t\t\t\t\t\t\t\t<\/p>\n<h2>La cubierta de piscina ideal<br \/>\n<\/h2>\n<p>Una cubierta de piscina es un elemento <strong style=\"font-size: 16px;\">seguridad<\/strong> y <strong style=\"font-size: 16px;\">confort<\/strong> para piscinas enterradas o parcialmente enterradas. Existen muchos tipos de cubierta de piscina: recta, redondeada, estructura de madera, paneles de plexigl\u00e1s, m\u00f3dulos deslizantes... Haga su elecci\u00f3n en funci\u00f3n de sus necesidades y deseos.\u00a0<\/p>\n<p>Una cubierta de piscina alarga la temporada de piscina (m\u00e1s o menos dependiendo de la altura de la cubierta) al <strong>aumenta la temperatura del agua y del aire<\/strong>, de forma sencilla y gratuita.<\/p>\n<p>Una cubierta de piscina es ideal para quienes desean disfrutar de su piscina haga el tiempo que haga. Ya sea baja, media o alta, una cubierta de piscina protege el acceso a la piscina y proporciona una barrera contra el sol. <strong>Protecci\u00f3n UV<\/strong>. En nuestra gama encontrar\u00e1 el modelo que mejor se adapte a sus necesidades.\u00a0<\/p>\n<p>Elegimos trabajar con un l\u00edder del mercado, <strong>Aquacomet<\/strong>. Sus cubiertas de piscina son fabricadas por personal altamente cualificado y experimentado con m\u00e1s de 20 a\u00f1os de experiencia, utilizando tecnolog\u00edas avanzadas. Aquacomet se enorgullece de mantener la artesan\u00eda tradicional. Nuestra gama de cubiertas de piscina le permite encontrar f\u00e1cilmente la cubierta de piscina que mejor se adapte a sus necesidades. <strong>la estructura adecuada para su casa y su jard\u00edn<\/strong>, en t\u00e9rminos de color y dise\u00f1o.<\/p>\n<p>\t\t\t\t\t\t\t\t\t\t\t\t\t<img decoding=\"async\" width=\"765\" height=\"574\" src=\"https:\/\/terrasse-mobile.net\/wp-content\/uploads\/2024\/02\/Abris-piscine-Nature-026.jpg\" alt=\"cubiertas de piscina\" srcset=\"https:\/\/terrasse-mobile.net\/wp-content\/uploads\/2024\/02\/Abris-piscine-Nature-026.jpg 765w, https:\/\/terrasse-mobile.net\/wp-content\/uploads\/2024\/02\/Abris-piscine-Nature-026-300x225.jpg 300w\" sizes=\"(max-width: 765px) 100vw, 765px\" \/><br \/>\n\t\t\t\t\t\t\t\t\t\t\t\t\t<img decoding=\"async\" width=\"800\" height=\"534\" src=\"https:\/\/terrasse-mobile.net\/wp-content\/uploads\/2024\/02\/Abris-piscine-Nature-043-1.jpg\" alt=\"\" srcset=\"https:\/\/terrasse-mobile.net\/wp-content\/uploads\/2024\/02\/Abris-piscine-Nature-043-1.jpg 1000w, https:\/\/terrasse-mobile.net\/wp-content\/uploads\/2024\/02\/Abris-piscine-Nature-043-1-300x200.jpg 300w, https:\/\/terrasse-mobile.net\/wp-content\/uploads\/2024\/02\/Abris-piscine-Nature-043-1-768x512.jpg 768w\" sizes=\"(max-width: 800px) 100vw, 800px\" \/>\t\t\t\t\t\t\t\t\t\t\t\t\t<\/p>\n<h2>Una cubierta de piscina preserva la calidad del agua<br \/>\n<\/h2>\n<p>Cubrir la piscina evita que las hojas muertas, el polvo y los insectos se depositen en el agua e interfieran en el ba\u00f1o. Una cubierta de piscina es un <strong style=\"font-size: 16px;\">un verdadero escudo<\/strong> que le permite tener un <strong style=\"font-size: 16px;\">agua limpia<\/strong> y <strong style=\"font-size: 16px;\">propio<\/strong> en cualquier \u00e9poca del a\u00f1o. Es una ventaja real que significa que puede dedicar <strong style=\"font-size: 16px;\">menos tiempo y esfuerzo dedicados al mantenimiento<\/strong> de su piscina, manteniendo el agua clara y azul haga el tiempo que haga.<\/p>\n<h2>Una cubierta mantiene la piscina caliente<br \/>\n<\/h2>\n<p>\t\t\u00a0Una cubierta de piscina tiene la ventaja de mantener el agua de su piscina a la temperatura adecuada, lo que es m\u00e1s dif\u00edcil con una piscina enterrada abierta. Aislamiento t\u00e9rmico <strong>evite<\/strong> <strong>en<\/strong> <strong>efecto<\/strong> <strong>el<\/strong> <strong>p\u00e9rdidas de calor<\/strong>, Esto se debe a que el aire por encima de la piscina queda confinado en un espacio reducido. Esta cubierta tambi\u00e9n puede ayudar a ahorrar algunos grados gracias al efecto invernadero. La cubierta de piscina ofrece un confort apreciable que permite ahorrar dinero. <strong>ahorro de energ\u00eda<\/strong> cuando llegue el oto\u00f1o.\t\t<\/p>\n<h2>Una cubierta de piscina significa menos evaporaci\u00f3n<br \/>\n<\/h2>\n<p>Una piscina al aire libre pierde un porcentaje significativo de su volumen de agua cada a\u00f1o, debido a la evaporaci\u00f3n del sol y el viento. Visite <strong style=\"color: var( --e-global-color-b28222d ); font-family: var( --e-global-typography-690289a-font-family ), Sans-serif; font-size: var( --e-global-typography-690289a-font-size ); letter-spacing: var( --e-global-typography-690289a-letter-spacing ); word-spacing: var( --e-global-typography-690289a-word-spacing );\">proteger su piscina de las corrientes de aire<\/strong> y rayos gracias a un <strong style=\"color: var( --e-global-color-b28222d ); font-family: var( --e-global-typography-690289a-font-family ), Sans-serif; font-size: var( --e-global-typography-690289a-font-size ); letter-spacing: var( --e-global-typography-690289a-letter-spacing ); word-spacing: var( --e-global-typography-690289a-word-spacing );\">Filtro UV<\/strong>, Esto significa que puede limitar la p\u00e9rdida de agua y la evaporaci\u00f3n, y conseguir un ahorro real en la factura del agua a largo plazo.<\/p>\n<p>\t\t\t<a href=\"https:\/\/piscines.oxatis.com\/types-abris-piscine.htm\"><br \/>\n\t\t\t\t\t\tM\u00c1S INFORMACI\u00d3N SOBRE CUBIERTAS DE PISCINA<br \/>\n\t\t\t\t\t<\/a><\/p>","protected":false},"excerpt":{"rendered":"<p>Les abris pour piscine Les abris id\u00e9als pour piscine Un abri de piscine est un \u00e9l\u00e9ment de s\u00e9curit\u00e9 et de confort pour les piscines creus\u00e9es ou partiellement creus\u00e9es. Les types d\u2019abris de piscine sont nombreux : droit, arrondi, structure en bois, vitres en plexiglas, modules coulissants\u2026 Faites votre choix selon vos besoins et envies.\u00a0 L\u2019abri&#8230;<\/p>","protected":false},"author":1,"featured_media":0,"parent":2424,"menu_order":1,"comment_status":"closed","ping_status":"closed","template":"","meta":{"_kad_post_transparent":"","_kad_post_title":"","_kad_post_layout":"","_kad_post_sidebar_id":"","_kad_post_content_style":"","_kad_post_vertical_padding":"","_kad_post_feature":"","_kad_post_feature_position":"","_kad_post_header":false,"_kad_post_footer":false,"_kad_post_classname":"","footnotes":""},"folder":[],"class_list":["post-2353","page","type-page","status-publish","hentry"],"yoast_head":"<!-- This site is optimized with the Yoast SEO plugin v27.5 - https:\/\/yoast.com\/product\/yoast-seo-wordpress\/ -->\n<title>L&#039;abri couilssant pour piscine<\/title>\n<meta name=\"robots\" content=\"index, follow, max-snippet:-1, max-image-preview:large, max-video-preview:-1\" \/>\n<link rel=\"canonical\" href=\"https:\/\/terrasse-mobile.net\/es\/protections-piscine-old\/cubiertas-de-piscina-correderas-antiguas\/\" \/>\n<meta property=\"og:locale\" content=\"es_ES\" \/>\n<meta property=\"og:type\" content=\"article\" \/>\n<meta property=\"og:title\" content=\"L&#039;abri couilssant pour piscine\" \/>\n<meta property=\"og:description\" content=\"Les abris pour piscine Les abris id\u00e9als pour piscine Un abri de piscine est un \u00e9l\u00e9ment de s\u00e9curit\u00e9 et de confort pour les piscines creus\u00e9es ou partiellement creus\u00e9es. Les types d\u2019abris de piscine sont nombreux : droit, arrondi, structure en bois, vitres en plexiglas, modules coulissants\u2026 Faites votre choix selon vos besoins et envies.\u00a0 L\u2019abri...\" \/>\n<meta property=\"og:url\" content=\"https:\/\/terrasse-mobile.net\/es\/protections-piscine-old\/cubiertas-de-piscina-correderas-antiguas\/\" \/>\n<meta property=\"og:site_name\" content=\"Terrasse mobile\" \/>\n<meta property=\"article:modified_time\" content=\"2024-10-01T13:50:16+00:00\" \/>\n<meta property=\"og:image\" content=\"https:\/\/terrasse-mobile.net\/wp-content\/uploads\/2024\/02\/Abris-piscine-Nature-07.jpg\" \/>\n<meta name=\"twitter:card\" content=\"summary_large_image\" \/>\n<meta name=\"twitter:label1\" content=\"Tiempo de lectura\" \/>\n\t<meta name=\"twitter:data1\" content=\"3 minutos\" \/>\n<script type=\"application\/ld+json\" class=\"yoast-schema-graph\">{\"@context\":\"https:\\\/\\\/schema.org\",\"@graph\":[{\"@type\":\"WebPage\",\"@id\":\"https:\\\/\\\/terrasse-mobile.net\\\/protections-piscine-old\\\/abris-coulissants-pour-piscine-old\\\/\",\"url\":\"https:\\\/\\\/terrasse-mobile.net\\\/protections-piscine-old\\\/abris-coulissants-pour-piscine-old\\\/\",\"name\":\"L'abri couilssant pour piscine\",\"isPartOf\":{\"@id\":\"https:\\\/\\\/terrasse-mobile.net\\\/#website\"},\"primaryImageOfPage\":{\"@id\":\"https:\\\/\\\/terrasse-mobile.net\\\/protections-piscine-old\\\/abris-coulissants-pour-piscine-old\\\/#primaryimage\"},\"image\":{\"@id\":\"https:\\\/\\\/terrasse-mobile.net\\\/protections-piscine-old\\\/abris-coulissants-pour-piscine-old\\\/#primaryimage\"},\"thumbnailUrl\":\"https:\\\/\\\/terrasse-mobile.net\\\/wp-content\\\/uploads\\\/2024\\\/02\\\/Abris-piscine-Nature-07.jpg\",\"datePublished\":\"2024-02-01T11:18:01+00:00\",\"dateModified\":\"2024-10-01T13:50:16+00:00\",\"breadcrumb\":{\"@id\":\"https:\\\/\\\/terrasse-mobile.net\\\/protections-piscine-old\\\/abris-coulissants-pour-piscine-old\\\/#breadcrumb\"},\"inLanguage\":\"es\",\"potentialAction\":[{\"@type\":\"ReadAction\",\"target\":[\"https:\\\/\\\/terrasse-mobile.net\\\/protections-piscine-old\\\/abris-coulissants-pour-piscine-old\\\/\"]}]},{\"@type\":\"ImageObject\",\"inLanguage\":\"es\",\"@id\":\"https:\\\/\\\/terrasse-mobile.net\\\/protections-piscine-old\\\/abris-coulissants-pour-piscine-old\\\/#primaryimage\",\"url\":\"https:\\\/\\\/terrasse-mobile.net\\\/wp-content\\\/uploads\\\/2024\\\/02\\\/Abris-piscine-Nature-07.jpg\",\"contentUrl\":\"https:\\\/\\\/terrasse-mobile.net\\\/wp-content\\\/uploads\\\/2024\\\/02\\\/Abris-piscine-Nature-07.jpg\"},{\"@type\":\"BreadcrumbList\",\"@id\":\"https:\\\/\\\/terrasse-mobile.net\\\/protections-piscine-old\\\/abris-coulissants-pour-piscine-old\\\/#breadcrumb\",\"itemListElement\":[{\"@type\":\"ListItem\",\"position\":1,\"name\":\"Accueil\",\"item\":\"https:\\\/\\\/terrasse-mobile.net\\\/\"},{\"@type\":\"ListItem\",\"position\":2,\"name\":\"LES AUTRES SOLUTIONS DE COUVERTURE DE PISCINE old\",\"item\":\"https:\\\/\\\/terrasse-mobile.net\\\/protections-piscine-old\\\/\"},{\"@type\":\"ListItem\",\"position\":3,\"name\":\"LES ABRIS POUR PISCINE old\"}]},{\"@type\":\"WebSite\",\"@id\":\"https:\\\/\\\/terrasse-mobile.net\\\/#website\",\"url\":\"https:\\\/\\\/terrasse-mobile.net\\\/\",\"name\":\"Slidedeck\",\"description\":\"Construction sur mesure de terrasses mobiles en \u00cele-de-France\",\"publisher\":{\"@id\":\"https:\\\/\\\/terrasse-mobile.net\\\/#organization\"},\"potentialAction\":[{\"@type\":\"SearchAction\",\"target\":{\"@type\":\"EntryPoint\",\"urlTemplate\":\"https:\\\/\\\/terrasse-mobile.net\\\/?s={search_term_string}\"},\"query-input\":{\"@type\":\"PropertyValueSpecification\",\"valueRequired\":true,\"valueName\":\"search_term_string\"}}],\"inLanguage\":\"es\"},{\"@type\":\"Organization\",\"@id\":\"https:\\\/\\\/terrasse-mobile.net\\\/#organization\",\"name\":\"Slidedeck\",\"url\":\"https:\\\/\\\/terrasse-mobile.net\\\/\",\"logo\":{\"@type\":\"ImageObject\",\"inLanguage\":\"es\",\"@id\":\"https:\\\/\\\/terrasse-mobile.net\\\/#\\\/schema\\\/logo\\\/image\\\/\",\"url\":\"https:\\\/\\\/terrasse-mobile.net\\\/wp-content\\\/uploads\\\/2024\\\/01\\\/logo-slidedeck.jpg\",\"contentUrl\":\"https:\\\/\\\/terrasse-mobile.net\\\/wp-content\\\/uploads\\\/2024\\\/01\\\/logo-slidedeck.jpg\",\"width\":2000,\"height\":1103,\"caption\":\"Slidedeck\"},\"image\":{\"@id\":\"https:\\\/\\\/terrasse-mobile.net\\\/#\\\/schema\\\/logo\\\/image\\\/\"}}]}<\/script>\n<!-- \/ Yoast SEO plugin. -->","yoast_head_json":{"title":"Cubierta de piscina acolchada","robots":{"index":"index","follow":"follow","max-snippet":"max-snippet:-1","max-image-preview":"max-image-preview:large","max-video-preview":"max-video-preview:-1"},"canonical":"https:\/\/terrasse-mobile.net\/es\/protections-piscine-old\/cubiertas-de-piscina-correderas-antiguas\/","og_locale":"es_ES","og_type":"article","og_title":"L'abri couilssant pour piscine","og_description":"Les abris pour piscine Les abris id\u00e9als pour piscine Un abri de piscine est un \u00e9l\u00e9ment de s\u00e9curit\u00e9 et de confort pour les piscines creus\u00e9es ou partiellement creus\u00e9es. Les types d\u2019abris de piscine sont nombreux : droit, arrondi, structure en bois, vitres en plexiglas, modules coulissants\u2026 Faites votre choix selon vos besoins et envies.\u00a0 L\u2019abri...","og_url":"https:\/\/terrasse-mobile.net\/es\/protections-piscine-old\/cubiertas-de-piscina-correderas-antiguas\/","og_site_name":"Terrasse mobile","article_modified_time":"2024-10-01T13:50:16+00:00","og_image":[{"url":"https:\/\/terrasse-mobile.net\/wp-content\/uploads\/2024\/02\/Abris-piscine-Nature-07.jpg","type":"","width":"","height":""}],"twitter_card":"summary_large_image","twitter_misc":{"Tiempo de lectura":"3 minutos"},"schema":{"@context":"https:\/\/schema.org","@graph":[{"@type":"WebPage","@id":"https:\/\/terrasse-mobile.net\/protections-piscine-old\/abris-coulissants-pour-piscine-old\/","url":"https:\/\/terrasse-mobile.net\/protections-piscine-old\/abris-coulissants-pour-piscine-old\/","name":"Cubierta de piscina acolchada","isPartOf":{"@id":"https:\/\/terrasse-mobile.net\/#website"},"primaryImageOfPage":{"@id":"https:\/\/terrasse-mobile.net\/protections-piscine-old\/abris-coulissants-pour-piscine-old\/#primaryimage"},"image":{"@id":"https:\/\/terrasse-mobile.net\/protections-piscine-old\/abris-coulissants-pour-piscine-old\/#primaryimage"},"thumbnailUrl":"https:\/\/terrasse-mobile.net\/wp-content\/uploads\/2024\/02\/Abris-piscine-Nature-07.jpg","datePublished":"2024-02-01T11:18:01+00:00","dateModified":"2024-10-01T13:50:16+00:00","breadcrumb":{"@id":"https:\/\/terrasse-mobile.net\/protections-piscine-old\/abris-coulissants-pour-piscine-old\/#breadcrumb"},"inLanguage":"es","potentialAction":[{"@type":"ReadAction","target":["https:\/\/terrasse-mobile.net\/protections-piscine-old\/abris-coulissants-pour-piscine-old\/"]}]},{"@type":"ImageObject","inLanguage":"es","@id":"https:\/\/terrasse-mobile.net\/protections-piscine-old\/abris-coulissants-pour-piscine-old\/#primaryimage","url":"https:\/\/terrasse-mobile.net\/wp-content\/uploads\/2024\/02\/Abris-piscine-Nature-07.jpg","contentUrl":"https:\/\/terrasse-mobile.net\/wp-content\/uploads\/2024\/02\/Abris-piscine-Nature-07.jpg"},{"@type":"BreadcrumbList","@id":"https:\/\/terrasse-mobile.net\/protections-piscine-old\/abris-coulissants-pour-piscine-old\/#breadcrumb","itemListElement":[{"@type":"ListItem","position":1,"name":"Accueil","item":"https:\/\/terrasse-mobile.net\/"},{"@type":"ListItem","position":2,"name":"LES AUTRES SOLUTIONS DE COUVERTURE DE PISCINE old","item":"https:\/\/terrasse-mobile.net\/protections-piscine-old\/"},{"@type":"ListItem","position":3,"name":"LES ABRIS POUR PISCINE old"}]},{"@type":"WebSite","@id":"https:\/\/terrasse-mobile.net\/#website","url":"https:\/\/terrasse-mobile.net\/","name":"Plataforma deslizante","description":"Terrazas m\u00f3viles a medida en la regi\u00f3n parisina","publisher":{"@id":"https:\/\/terrasse-mobile.net\/#organization"},"potentialAction":[{"@type":"SearchAction","target":{"@type":"EntryPoint","urlTemplate":"https:\/\/terrasse-mobile.net\/?s={search_term_string}"},"query-input":{"@type":"PropertyValueSpecification","valueRequired":true,"valueName":"search_term_string"}}],"inLanguage":"es"},{"@type":"Organization","@id":"https:\/\/terrasse-mobile.net\/#organization","name":"Plataforma deslizante","url":"https:\/\/terrasse-mobile.net\/","logo":{"@type":"ImageObject","inLanguage":"es","@id":"https:\/\/terrasse-mobile.net\/#\/schema\/logo\/image\/","url":"https:\/\/terrasse-mobile.net\/wp-content\/uploads\/2024\/01\/logo-slidedeck.jpg","contentUrl":"https:\/\/terrasse-mobile.net\/wp-content\/uploads\/2024\/01\/logo-slidedeck.jpg","width":2000,"height":1103,"caption":"Slidedeck"},"image":{"@id":"https:\/\/terrasse-mobile.net\/#\/schema\/logo\/image\/"}}]}},"_links":{"self":[{"href":"https:\/\/terrasse-mobile.net\/es\/wp-json\/wp\/v2\/pages\/2353","targetHints":{"allow":["GET"]}}],"collection":[{"href":"https:\/\/terrasse-mobile.net\/es\/wp-json\/wp\/v2\/pages"}],"about":[{"href":"https:\/\/terrasse-mobile.net\/es\/wp-json\/wp\/v2\/types\/page"}],"author":[{"embeddable":true,"href":"https:\/\/terrasse-mobile.net\/es\/wp-json\/wp\/v2\/users\/1"}],"replies":[{"embeddable":true,"href":"https:\/\/terrasse-mobile.net\/es\/wp-json\/wp\/v2\/comments?post=2353"}],"version-history":[{"count":26,"href":"https:\/\/terrasse-mobile.net\/es\/wp-json\/wp\/v2\/pages\/2353\/revisions"}],"predecessor-version":[{"id":5720,"href":"https:\/\/terrasse-mobile.net\/es\/wp-json\/wp\/v2\/pages\/2353\/revisions\/5720"}],"up":[{"embeddable":true,"href":"https:\/\/terrasse-mobile.net\/es\/wp-json\/wp\/v2\/pages\/2424"}],"wp:attachment":[{"href":"https:\/\/terrasse-mobile.net\/es\/wp-json\/wp\/v2\/media?parent=2353"}],"wp:term":[{"taxonomy":"folder","embeddable":true,"href":"https:\/\/terrasse-mobile.net\/es\/wp-json\/wp\/v2\/folder?post=2353"}],"curies":[{"name":"wp","href":"https:\/\/api.w.org\/{rel}","templated":true}]}}