{"id":5493,"date":"2024-10-02T14:48:31","date_gmt":"2024-10-02T12:48:27","guid":{"rendered":"https:\/\/terrasse-mobile.net\/?page_id=5493"},"modified":"2025-11-25T16:37:16","modified_gmt":"2025-11-25T15:37:16","slug":"terraza-de-piscina-movil-con-lamas-de-aluminio","status":"publish","type":"page","link":"https:\/\/terrasse-mobile.net\/es\/revetements\/terrasse-mobile-piscine-avec-lames-aluminium\/","title":{"rendered":"XTREMDECK TARIMAS M\u00d3VILES DE ALUMINIO"},"content":{"rendered":"<h2 class=\"wp-block-heading\">Tarimas m\u00f3viles f\u00e1ciles de instalar<\/h2>\n\n\n\n<p class=\"has-text-align-center\">La tarima de aluminio XTremDeck se instala muy f\u00e1cilmente en la estructura de su terraza m\u00f3vil gracias a los clips invisibles suministrados. La tarima de aluminio XTremDeck se instala muy r\u00e1pidamente, sin necesidad de conocimientos especiales.<\/p>\n\n\n\n<p><em><mark style=\"background-color:rgba(0, 0, 0, 0)\" class=\"has-inline-color has-theme-palette-1-color\"><a href=\"https:\/\/terrasse-etanche.com\/lame-terrasse-aluminium-ininflammable\">Para obtener m\u00e1s informaci\u00f3n sobre nuestras tarimas de aluminio, haga clic aqu\u00ed.<\/a><\/mark><\/em><\/p>\n\n\n<div class=\"wp-block-image\">\n<figure class=\"aligncenter size-full is-resized\"><img decoding=\"async\" width=\"599\" height=\"397\" src=\"https:\/\/terrasse-mobile.net\/wp-content\/uploads\/2024\/11\/xtremdeck-fixation-hybride-partie-courante-09.jpg\" alt=\"Lamas de aluminio para tarimas y terrazas m\u00f3viles\" class=\"wp-image-6478\" style=\"width:484px;height:auto\" srcset=\"https:\/\/terrasse-mobile.net\/wp-content\/uploads\/2024\/11\/xtremdeck-fixation-hybride-partie-courante-09.jpg 599w, https:\/\/terrasse-mobile.net\/wp-content\/uploads\/2024\/11\/xtremdeck-fixation-hybride-partie-courante-09-300x199.jpg 300w, https:\/\/terrasse-mobile.net\/wp-content\/uploads\/2024\/11\/xtremdeck-fixation-hybride-partie-courante-09-50x33.jpg 50w\" sizes=\"(max-width: 599px) 100vw, 599px\" \/><\/figure>\n<\/div>\n\n\n<h2 class=\"wp-block-heading\">\u00bfSon ideales para terrazas m\u00f3viles?<\/h2>\n\n\n\n<div class=\"wp-block-group\"><div class=\"wp-block-group__inner-container is-layout-constrained wp-block-group-is-layout-constrained\">\n<div class=\"wp-block-columns is-layout-flex wp-container-core-columns-is-layout-9d6595d7 wp-block-columns-is-layout-flex\">\n<div class=\"wp-block-column is-layout-flow wp-block-column-is-layout-flow\">\n<div class=\"wp-block-group\"><div class=\"wp-block-group__inner-container is-layout-constrained wp-block-group-is-layout-constrained\">\n<div class=\"wp-block-columns is-layout-flex wp-container-core-columns-is-layout-9d6595d7 wp-block-columns-is-layout-flex\">\n<div class=\"wp-block-column is-layout-flow wp-block-column-is-layout-flow\" style=\"flex-basis:100%\">\n<p>Las tarimas de aluminio son la opci\u00f3n ideal para entarimar una terraza m\u00f3vil, gracias a sus caracter\u00edsticas espec\u00edficas que responden a las necesidades particulares de este tipo de dise\u00f1o exterior.<\/p>\n<\/div>\n<\/div>\n<\/div><\/div>\n\n\n\n<p>En primer lugar, el <strong>ligereza<\/strong> del aluminio lo convierte en un material <strong>ideal para terrazas m\u00f3viles<\/strong>. El aluminio es mucho m\u00e1s <strong>luz<\/strong> que otros materiales de construcci\u00f3n como la madera o el hormig\u00f3n, lo que facilita el desplazamiento de la cubierta m\u00f3vil al tiempo que reduce la carga estructural, algo esencial para garantizar una larga vida \u00fatil. <strong>f\u00e1cil movilidad<\/strong>.<\/p>\n\n\n\n<p>Adem\u00e1s, el aluminio no absorbe el calor, por lo que no te quemar\u00e1s los pies en los d\u00edas soleados.<\/p>\n<\/div>\n\n\n\n<div class=\"wp-block-column is-layout-flow wp-block-column-is-layout-flow\">\n<figure class=\"wp-block-image size-full\"><img decoding=\"async\" width=\"800\" height=\"530\" src=\"https:\/\/terrasse-mobile.net\/wp-content\/uploads\/2024\/11\/DSC_0416.jpg\" alt=\"Cuchillas de aluminio\" class=\"wp-image-6241\" srcset=\"https:\/\/terrasse-mobile.net\/wp-content\/uploads\/2024\/11\/DSC_0416.jpg 800w, https:\/\/terrasse-mobile.net\/wp-content\/uploads\/2024\/11\/DSC_0416-300x199.jpg 300w, https:\/\/terrasse-mobile.net\/wp-content\/uploads\/2024\/11\/DSC_0416-768x509.jpg 768w, https:\/\/terrasse-mobile.net\/wp-content\/uploads\/2024\/11\/DSC_0416-50x33.jpg 50w\" sizes=\"(max-width: 800px) 100vw, 800px\" \/><\/figure>\n<\/div>\n<\/div>\n<\/div><\/div>\n\n\n\n<div class=\"wp-block-group\"><div class=\"wp-block-group__inner-container is-layout-constrained wp-block-group-is-layout-constrained\">\n<h2 class=\"wp-block-heading has-text-align-center\">Tablas de cubierta m\u00f3viles resistentes<\/h2>\n\n\n\n<p>La <strong>resistencia a la corrosi\u00f3n<\/strong> El aluminio es tambi\u00e9n una ventaja importante, especialmente en entornos exteriores expuestos a la intemperie. Tarimas de aluminio <strong>no se oxidan<\/strong>, No se degradan y conservan su integridad estructural frente a la humedad, las lluvias frecuentes y las variaciones clim\u00e1ticas, lo que garantiza su durabilidad a largo plazo.<\/p>\n\n\n\n<p class=\"has-text-align-left\"><strong>Facilidad de mantenimiento<\/strong> es otra ventaja clave. Las lamas de aluminio suelen requerir un mantenimiento m\u00ednimo, como limpieza peri\u00f3dica, para conservar su aspecto y funcionalidad. Esto es especialmente ventajoso para las terrazas m\u00f3viles, que pueden desplazarse con frecuencia y requieren materiales de bajo mantenimiento.<\/p>\n\n\n\n<div class=\"wp-block-columns is-layout-flex wp-container-core-columns-is-layout-9d6595d7 wp-block-columns-is-layout-flex\">\n<div class=\"wp-block-column is-layout-flow wp-block-column-is-layout-flow\">\n<figure class=\"wp-block-image size-full\"><img decoding=\"async\" width=\"599\" height=\"397\" src=\"https:\/\/terrasse-mobile.net\/wp-content\/uploads\/2024\/11\/xtremdeck-fixation-hybride-partie-courante-05.jpg\" alt=\"\" class=\"wp-image-6476\" srcset=\"https:\/\/terrasse-mobile.net\/wp-content\/uploads\/2024\/11\/xtremdeck-fixation-hybride-partie-courante-05.jpg 599w, https:\/\/terrasse-mobile.net\/wp-content\/uploads\/2024\/11\/xtremdeck-fixation-hybride-partie-courante-05-300x199.jpg 300w, https:\/\/terrasse-mobile.net\/wp-content\/uploads\/2024\/11\/xtremdeck-fixation-hybride-partie-courante-05-50x33.jpg 50w\" sizes=\"(max-width: 599px) 100vw, 599px\" \/><\/figure>\n<\/div>\n\n\n\n<div class=\"wp-block-column is-layout-flow wp-block-column-is-layout-flow\">\n<figure class=\"wp-block-image size-full\"><img decoding=\"async\" width=\"599\" height=\"397\" src=\"https:\/\/terrasse-mobile.net\/wp-content\/uploads\/2024\/11\/metadeck-fixation-sur-lambourde-bois-04.jpg\" alt=\"\" class=\"wp-image-6477\" srcset=\"https:\/\/terrasse-mobile.net\/wp-content\/uploads\/2024\/11\/metadeck-fixation-sur-lambourde-bois-04.jpg 599w, https:\/\/terrasse-mobile.net\/wp-content\/uploads\/2024\/11\/metadeck-fixation-sur-lambourde-bois-04-300x199.jpg 300w, https:\/\/terrasse-mobile.net\/wp-content\/uploads\/2024\/11\/metadeck-fixation-sur-lambourde-bois-04-50x33.jpg 50w\" sizes=\"(max-width: 599px) 100vw, 599px\" \/><\/figure>\n<\/div>\n<\/div>\n<\/div><\/div>","protected":false},"excerpt":{"rendered":"<p>Des lames de terrasse mobile faciles \u00e0 installer La lame de terrasse en aluminium XTremDeck s&rsquo;installe tre\u0300s simplement sur la structure de votre terrasse mobile avec des clips invisibles fournis. La lame en aluminium XTremDeck peut e\u0302tre mise en oeuvre tre\u0300s rapidement, sans comp\u00e9tences particulie\u0300res Pour en savoir + sur nos lames de terrasse en&#8230;<\/p>","protected":false},"author":1,"featured_media":3640,"parent":5488,"menu_order":56,"comment_status":"closed","ping_status":"closed","template":"","meta":{"_kad_post_transparent":"","_kad_post_title":"","_kad_post_layout":"","_kad_post_sidebar_id":"","_kad_post_content_style":"","_kad_post_vertical_padding":"","_kad_post_feature":"","_kad_post_feature_position":"","_kad_post_header":false,"_kad_post_footer":false,"_kad_post_classname":"","footnotes":""},"folder":[],"class_list":["post-5493","page","type-page","status-publish","has-post-thumbnail","hentry"],"yoast_head":"<!-- This site is optimized with the Yoast SEO plugin v27.4 - https:\/\/yoast.com\/product\/yoast-seo-wordpress\/ -->\n<title>Rev\u00eatement de terrasse mobile pour piscine en aluminium<\/title>\n<meta name=\"description\" content=\"La terrasse mobile pour piscine SlideDeck peut \u00eatre habill\u00e9e avec de belles lames en aluminium XtremDeck.\" \/>\n<meta name=\"robots\" content=\"index, follow, max-snippet:-1, max-image-preview:large, max-video-preview:-1\" \/>\n<link rel=\"canonical\" href=\"https:\/\/terrasse-mobile.net\/es\/revestimientos\/terraza-de-piscina-movil-con-lamas-de-aluminio\/\" \/>\n<meta property=\"og:locale\" content=\"es_ES\" \/>\n<meta property=\"og:type\" content=\"article\" \/>\n<meta property=\"og:title\" content=\"Rev\u00eatement de terrasse mobile pour piscine en aluminium\" \/>\n<meta property=\"og:description\" content=\"La terrasse mobile pour piscine SlideDeck peut \u00eatre habill\u00e9e avec de belles lames en aluminium XtremDeck.\" \/>\n<meta property=\"og:url\" content=\"https:\/\/terrasse-mobile.net\/es\/revestimientos\/terraza-de-piscina-movil-con-lamas-de-aluminio\/\" \/>\n<meta property=\"og:site_name\" content=\"Terrasse mobile\" \/>\n<meta property=\"article:modified_time\" content=\"2025-11-25T15:37:16+00:00\" \/>\n<meta property=\"og:image\" content=\"https:\/\/terrasse-mobile.net\/wp-content\/uploads\/2024\/02\/REAL-SABOURAULT-PISCINE-2.jpg\" \/>\n\t<meta property=\"og:image:width\" content=\"2000\" \/>\n\t<meta property=\"og:image:height\" content=\"1500\" \/>\n\t<meta property=\"og:image:type\" content=\"image\/jpeg\" \/>\n<meta name=\"twitter:card\" content=\"summary_large_image\" \/>\n<meta name=\"twitter:label1\" content=\"Tiempo de lectura\" \/>\n\t<meta name=\"twitter:data1\" content=\"3 minutos\" \/>\n<script type=\"application\/ld+json\" class=\"yoast-schema-graph\">{\"@context\":\"https:\\\/\\\/schema.org\",\"@graph\":[{\"@type\":\"WebPage\",\"@id\":\"https:\\\/\\\/terrasse-mobile.net\\\/revetements\\\/terrasse-mobile-piscine-avec-lames-aluminium\\\/\",\"url\":\"https:\\\/\\\/terrasse-mobile.net\\\/revetements\\\/terrasse-mobile-piscine-avec-lames-aluminium\\\/\",\"name\":\"Rev\u00eatement de terrasse mobile pour piscine en aluminium\",\"isPartOf\":{\"@id\":\"https:\\\/\\\/terrasse-mobile.net\\\/#website\"},\"primaryImageOfPage\":{\"@id\":\"https:\\\/\\\/terrasse-mobile.net\\\/revetements\\\/terrasse-mobile-piscine-avec-lames-aluminium\\\/#primaryimage\"},\"image\":{\"@id\":\"https:\\\/\\\/terrasse-mobile.net\\\/revetements\\\/terrasse-mobile-piscine-avec-lames-aluminium\\\/#primaryimage\"},\"thumbnailUrl\":\"https:\\\/\\\/terrasse-mobile.net\\\/wp-content\\\/uploads\\\/2024\\\/02\\\/REAL-SABOURAULT-PISCINE-2.jpg\",\"datePublished\":\"2024-10-02T12:48:27+00:00\",\"dateModified\":\"2025-11-25T15:37:16+00:00\",\"description\":\"La terrasse mobile pour piscine SlideDeck peut \u00eatre habill\u00e9e avec de belles lames en aluminium XtremDeck.\",\"breadcrumb\":{\"@id\":\"https:\\\/\\\/terrasse-mobile.net\\\/revetements\\\/terrasse-mobile-piscine-avec-lames-aluminium\\\/#breadcrumb\"},\"inLanguage\":\"es\",\"potentialAction\":[{\"@type\":\"ReadAction\",\"target\":[\"https:\\\/\\\/terrasse-mobile.net\\\/revetements\\\/terrasse-mobile-piscine-avec-lames-aluminium\\\/\"]}]},{\"@type\":\"ImageObject\",\"inLanguage\":\"es\",\"@id\":\"https:\\\/\\\/terrasse-mobile.net\\\/revetements\\\/terrasse-mobile-piscine-avec-lames-aluminium\\\/#primaryimage\",\"url\":\"https:\\\/\\\/terrasse-mobile.net\\\/wp-content\\\/uploads\\\/2024\\\/02\\\/REAL-SABOURAULT-PISCINE-2.jpg\",\"contentUrl\":\"https:\\\/\\\/terrasse-mobile.net\\\/wp-content\\\/uploads\\\/2024\\\/02\\\/REAL-SABOURAULT-PISCINE-2.jpg\",\"width\":2000,\"height\":1500,\"caption\":\"DCIM100MEDIADJI_0365.JPG\"},{\"@type\":\"BreadcrumbList\",\"@id\":\"https:\\\/\\\/terrasse-mobile.net\\\/revetements\\\/terrasse-mobile-piscine-avec-lames-aluminium\\\/#breadcrumb\",\"itemListElement\":[{\"@type\":\"ListItem\",\"position\":1,\"name\":\"Accueil\",\"item\":\"https:\\\/\\\/terrasse-mobile.net\\\/\"},{\"@type\":\"ListItem\",\"position\":2,\"name\":\"LES REV\u00caTEMENTS POUR TERRASSE MOBILE SLIDEDECK\",\"item\":\"https:\\\/\\\/terrasse-mobile.net\\\/revetements\\\/\"},{\"@type\":\"ListItem\",\"position\":3,\"name\":\"LAMES DE TERRASSE MOBILE EN ALUMINIUM XTREMDECK\"}]},{\"@type\":\"WebSite\",\"@id\":\"https:\\\/\\\/terrasse-mobile.net\\\/#website\",\"url\":\"https:\\\/\\\/terrasse-mobile.net\\\/\",\"name\":\"Slidedeck\",\"description\":\"Construction sur mesure de terrasses mobiles en \u00cele-de-France\",\"publisher\":{\"@id\":\"https:\\\/\\\/terrasse-mobile.net\\\/#organization\"},\"potentialAction\":[{\"@type\":\"SearchAction\",\"target\":{\"@type\":\"EntryPoint\",\"urlTemplate\":\"https:\\\/\\\/terrasse-mobile.net\\\/?s={search_term_string}\"},\"query-input\":{\"@type\":\"PropertyValueSpecification\",\"valueRequired\":true,\"valueName\":\"search_term_string\"}}],\"inLanguage\":\"es\"},{\"@type\":\"Organization\",\"@id\":\"https:\\\/\\\/terrasse-mobile.net\\\/#organization\",\"name\":\"Slidedeck\",\"url\":\"https:\\\/\\\/terrasse-mobile.net\\\/\",\"logo\":{\"@type\":\"ImageObject\",\"inLanguage\":\"es\",\"@id\":\"https:\\\/\\\/terrasse-mobile.net\\\/#\\\/schema\\\/logo\\\/image\\\/\",\"url\":\"https:\\\/\\\/terrasse-mobile.net\\\/wp-content\\\/uploads\\\/2024\\\/01\\\/logo-slidedeck.jpg\",\"contentUrl\":\"https:\\\/\\\/terrasse-mobile.net\\\/wp-content\\\/uploads\\\/2024\\\/01\\\/logo-slidedeck.jpg\",\"width\":2000,\"height\":1103,\"caption\":\"Slidedeck\"},\"image\":{\"@id\":\"https:\\\/\\\/terrasse-mobile.net\\\/#\\\/schema\\\/logo\\\/image\\\/\"}}]}<\/script>\n<!-- \/ Yoast SEO plugin. -->","yoast_head_json":{"title":"Tarimas m\u00f3viles para piscinas de aluminio","description":"La cubierta de piscina m\u00f3vil SlideDeck puede cubrirse con atractivas lamas de aluminio XtremDeck.","robots":{"index":"index","follow":"follow","max-snippet":"max-snippet:-1","max-image-preview":"max-image-preview:large","max-video-preview":"max-video-preview:-1"},"canonical":"https:\/\/terrasse-mobile.net\/es\/revestimientos\/terraza-de-piscina-movil-con-lamas-de-aluminio\/","og_locale":"es_ES","og_type":"article","og_title":"Rev\u00eatement de terrasse mobile pour piscine en aluminium","og_description":"La terrasse mobile pour piscine SlideDeck peut \u00eatre habill\u00e9e avec de belles lames en aluminium XtremDeck.","og_url":"https:\/\/terrasse-mobile.net\/es\/revestimientos\/terraza-de-piscina-movil-con-lamas-de-aluminio\/","og_site_name":"Terrasse mobile","article_modified_time":"2025-11-25T15:37:16+00:00","og_image":[{"width":2000,"height":1500,"url":"https:\/\/terrasse-mobile.net\/wp-content\/uploads\/2024\/02\/REAL-SABOURAULT-PISCINE-2.jpg","type":"image\/jpeg"}],"twitter_card":"summary_large_image","twitter_misc":{"Tiempo de lectura":"3 minutos"},"schema":{"@context":"https:\/\/schema.org","@graph":[{"@type":"WebPage","@id":"https:\/\/terrasse-mobile.net\/revetements\/terrasse-mobile-piscine-avec-lames-aluminium\/","url":"https:\/\/terrasse-mobile.net\/revetements\/terrasse-mobile-piscine-avec-lames-aluminium\/","name":"Tarimas m\u00f3viles para piscinas de aluminio","isPartOf":{"@id":"https:\/\/terrasse-mobile.net\/#website"},"primaryImageOfPage":{"@id":"https:\/\/terrasse-mobile.net\/revetements\/terrasse-mobile-piscine-avec-lames-aluminium\/#primaryimage"},"image":{"@id":"https:\/\/terrasse-mobile.net\/revetements\/terrasse-mobile-piscine-avec-lames-aluminium\/#primaryimage"},"thumbnailUrl":"https:\/\/terrasse-mobile.net\/wp-content\/uploads\/2024\/02\/REAL-SABOURAULT-PISCINE-2.jpg","datePublished":"2024-10-02T12:48:27+00:00","dateModified":"2025-11-25T15:37:16+00:00","description":"La cubierta de piscina m\u00f3vil SlideDeck puede cubrirse con atractivas lamas de aluminio XtremDeck.","breadcrumb":{"@id":"https:\/\/terrasse-mobile.net\/revetements\/terrasse-mobile-piscine-avec-lames-aluminium\/#breadcrumb"},"inLanguage":"es","potentialAction":[{"@type":"ReadAction","target":["https:\/\/terrasse-mobile.net\/revetements\/terrasse-mobile-piscine-avec-lames-aluminium\/"]}]},{"@type":"ImageObject","inLanguage":"es","@id":"https:\/\/terrasse-mobile.net\/revetements\/terrasse-mobile-piscine-avec-lames-aluminium\/#primaryimage","url":"https:\/\/terrasse-mobile.net\/wp-content\/uploads\/2024\/02\/REAL-SABOURAULT-PISCINE-2.jpg","contentUrl":"https:\/\/terrasse-mobile.net\/wp-content\/uploads\/2024\/02\/REAL-SABOURAULT-PISCINE-2.jpg","width":2000,"height":1500,"caption":"DCIM100MEDIADJI_0365.JPG"},{"@type":"BreadcrumbList","@id":"https:\/\/terrasse-mobile.net\/revetements\/terrasse-mobile-piscine-avec-lames-aluminium\/#breadcrumb","itemListElement":[{"@type":"ListItem","position":1,"name":"Accueil","item":"https:\/\/terrasse-mobile.net\/"},{"@type":"ListItem","position":2,"name":"LES REV\u00caTEMENTS POUR TERRASSE MOBILE SLIDEDECK","item":"https:\/\/terrasse-mobile.net\/revetements\/"},{"@type":"ListItem","position":3,"name":"LAMES DE TERRASSE MOBILE EN ALUMINIUM XTREMDECK"}]},{"@type":"WebSite","@id":"https:\/\/terrasse-mobile.net\/#website","url":"https:\/\/terrasse-mobile.net\/","name":"Plataforma deslizante","description":"Terrazas m\u00f3viles a medida en la regi\u00f3n parisina","publisher":{"@id":"https:\/\/terrasse-mobile.net\/#organization"},"potentialAction":[{"@type":"SearchAction","target":{"@type":"EntryPoint","urlTemplate":"https:\/\/terrasse-mobile.net\/?s={search_term_string}"},"query-input":{"@type":"PropertyValueSpecification","valueRequired":true,"valueName":"search_term_string"}}],"inLanguage":"es"},{"@type":"Organization","@id":"https:\/\/terrasse-mobile.net\/#organization","name":"Plataforma deslizante","url":"https:\/\/terrasse-mobile.net\/","logo":{"@type":"ImageObject","inLanguage":"es","@id":"https:\/\/terrasse-mobile.net\/#\/schema\/logo\/image\/","url":"https:\/\/terrasse-mobile.net\/wp-content\/uploads\/2024\/01\/logo-slidedeck.jpg","contentUrl":"https:\/\/terrasse-mobile.net\/wp-content\/uploads\/2024\/01\/logo-slidedeck.jpg","width":2000,"height":1103,"caption":"Slidedeck"},"image":{"@id":"https:\/\/terrasse-mobile.net\/#\/schema\/logo\/image\/"}}]}},"_links":{"self":[{"href":"https:\/\/terrasse-mobile.net\/es\/wp-json\/wp\/v2\/pages\/5493","targetHints":{"allow":["GET"]}}],"collection":[{"href":"https:\/\/terrasse-mobile.net\/es\/wp-json\/wp\/v2\/pages"}],"about":[{"href":"https:\/\/terrasse-mobile.net\/es\/wp-json\/wp\/v2\/types\/page"}],"author":[{"embeddable":true,"href":"https:\/\/terrasse-mobile.net\/es\/wp-json\/wp\/v2\/users\/1"}],"replies":[{"embeddable":true,"href":"https:\/\/terrasse-mobile.net\/es\/wp-json\/wp\/v2\/comments?post=5493"}],"version-history":[{"count":12,"href":"https:\/\/terrasse-mobile.net\/es\/wp-json\/wp\/v2\/pages\/5493\/revisions"}],"predecessor-version":[{"id":7325,"href":"https:\/\/terrasse-mobile.net\/es\/wp-json\/wp\/v2\/pages\/5493\/revisions\/7325"}],"up":[{"embeddable":true,"href":"https:\/\/terrasse-mobile.net\/es\/wp-json\/wp\/v2\/pages\/5488"}],"wp:featuredmedia":[{"embeddable":true,"href":"https:\/\/terrasse-mobile.net\/es\/wp-json\/wp\/v2\/media\/3640"}],"wp:attachment":[{"href":"https:\/\/terrasse-mobile.net\/es\/wp-json\/wp\/v2\/media?parent=5493"}],"wp:term":[{"taxonomy":"folder","embeddable":true,"href":"https:\/\/terrasse-mobile.net\/es\/wp-json\/wp\/v2\/folder?post=5493"}],"curies":[{"name":"wp","href":"https:\/\/api.w.org\/{rel}","templated":true}]}}