{"id":5527,"date":"2024-10-02T14:46:59","date_gmt":"2024-10-02T12:46:59","guid":{"rendered":"https:\/\/terrasse-mobile.net\/?page_id=5527"},"modified":"2024-10-02T14:46:59","modified_gmt":"2024-10-02T12:46:59","slug":"terraza-movil-spa-jacuzzi","status":"publish","type":"page","link":"https:\/\/terrasse-mobile.net\/es\/terrasse-mobile-spa-jacuzzi\/","title":{"rendered":"TERRAZA M\u00d3VIL PARA SPAS Y JACUZZIS - -2"},"content":{"rendered":"<h1 class=\"wp-block-heading has-text-align-center\">Tarimas m\u00f3viles para spas y jacuzzis<\/h1>\n\n\n\n<p class=\"has-text-align-center\"><em>La cubierta m\u00f3vil SlideDeck es ideal para piscinas, pero tambi\u00e9n para spas y jacuzzis ...<\/em><\/p>\n\n\n\n<div class=\"wp-block-group\"><div class=\"wp-block-group__inner-container is-layout-constrained wp-block-group-is-layout-constrained\">\n<div class=\"wp-block-columns is-layout-flex wp-container-core-columns-is-layout-9d6595d7 wp-block-columns-is-layout-flex\">\n<div class=\"wp-block-column is-layout-flow wp-block-column-is-layout-flow\">\n<h2 class=\"wp-block-heading\">Conservaci\u00f3n del calor del agua<\/h2>\n\n\n\n<p>Incluso en invierno, con tiempo fresco o por la noche, podr\u00e1 disfrutar de su spa o jacuzzi durante todo el a\u00f1o gracias a las cubiertas m\u00f3viles SlideDeck. El aislamiento t\u00e9rmico garantiza una excelente conservaci\u00f3n del calor del agua, lo que constituye una ventaja considerable de SlideDeck.<\/p>\n\n\n\n<h2 class=\"wp-block-heading\">Una terraza m\u00f3vil con resistencia extra<\/h2>\n\n\n\n<p>Nuestras terrazas m\u00f3viles est\u00e1n dise\u00f1adas para durar en el tiempo y resistir a los elementos. Utilizamos los mejores materiales posibles para combinar est\u00e9tica, eficacia y resistencia. Las terrazas m\u00f3viles SlideDeck tienen una garant\u00eda m\u00ednima de 10 a\u00f1os de por vida.<\/p>\n<\/div>\n\n\n\n<div class=\"wp-block-column is-layout-flow wp-block-column-is-layout-flow\">\n<figure class=\"wp-block-image size-full\"><img decoding=\"async\" width=\"643\" height=\"487\" src=\"https:\/\/terrasse-mobile.net\/wp-content\/uploads\/2024\/03\/New-Project-11.jpg\" alt=\"terraza spa m\u00f3vil\" class=\"wp-image-4797\" style=\"aspect-ratio:3\/2;object-fit:cover\" srcset=\"https:\/\/terrasse-mobile.net\/wp-content\/uploads\/2024\/03\/New-Project-11.jpg 643w, https:\/\/terrasse-mobile.net\/wp-content\/uploads\/2024\/03\/New-Project-11-300x227.jpg 300w\" sizes=\"(max-width: 643px) 100vw, 643px\" \/><\/figure>\n<\/div>\n<\/div>\n<\/div><\/div>\n\n\n\n<div class=\"wp-block-group\"><div class=\"wp-block-group__inner-container is-layout-constrained wp-block-group-is-layout-constrained\">\n<div class=\"wp-block-columns is-layout-flex wp-container-core-columns-is-layout-9d6595d7 wp-block-columns-is-layout-flex\">\n<div class=\"wp-block-column is-layout-flow wp-block-column-is-layout-flow\">\n<figure class=\"wp-block-image size-full\"><img decoding=\"async\" width=\"500\" height=\"375\" src=\"https:\/\/terrasse-mobile.net\/wp-content\/uploads\/2024\/03\/roll-deck-setting.jpg\" alt=\"terraza m\u00f3vil para jacuzzi\" class=\"wp-image-4798\" srcset=\"https:\/\/terrasse-mobile.net\/wp-content\/uploads\/2024\/03\/roll-deck-setting.jpg 500w, https:\/\/terrasse-mobile.net\/wp-content\/uploads\/2024\/03\/roll-deck-setting-300x225.jpg 300w\" sizes=\"(max-width: 500px) 100vw, 500px\" \/><\/figure>\n<\/div>\n\n\n\n<div class=\"wp-block-column is-layout-flow wp-block-column-is-layout-flow\">\n<h2 class=\"wp-block-heading\">Una terraza m\u00f3vil que se adapta a sus dimensiones<\/h2>\n\n\n\n<p>Sabemos que cada piscina, spa o jacuzzi es diferente. Algunas incluso pueden tener formas at\u00edpicas. La terraza m\u00f3vil SlideDeck se fabrica a medida, por lo que puede adaptarse a todas las formas de piscina.&nbsp;<\/p>\n\n\n\n<h2 class=\"wp-block-heading\">Una est\u00e9tica \u00fanica<\/h2>\n\n\n\n<p>Construir una terraza m\u00f3vil SlideDeck sobre su spa o jacuzzi no s\u00f3lo a\u00f1ade espacio real a su jard\u00edn, sino que tambi\u00e9n es una pieza excepcional de mobiliario exterior, con un revestimiento que se puede personalizar para adaptarse a sus gustos;&nbsp;<\/p>\n<\/div>\n<\/div>\n<\/div><\/div>\n\n\n\n<div class=\"wp-block-buttons is-content-justification-center is-layout-flex wp-container-core-buttons-is-layout-16018d1d wp-block-buttons-is-layout-flex\">\n<div class=\"wp-block-button\"><a class=\"wp-block-button__link wp-element-button\" href=\"https:\/\/terrasse-mobile.net\/es\/configuraciones\/\">Descubra nuestras otras configuraciones<\/a><\/div>\n<\/div>\n\n\n\n<p><\/p>","protected":false},"excerpt":{"rendered":"<p>La terrasse mobile pour spas et jacuzzis La terrasse mobile SlideDeck est id\u00e9ale pour les piscines, mais \u00e9galement pour les spas et jacuzzis &#8230; Conservation de la chaleur de l&rsquo;eau M\u00eame pendant l&rsquo;hiver, en temps frais, ou bien la nuit, il est possible de profiter de votre spa ou de votre jacuzzi toute l&rsquo;ann\u00e9e gr\u00e2ce&#8230;<\/p>","protected":false},"author":1,"featured_media":0,"parent":0,"menu_order":12,"comment_status":"closed","ping_status":"closed","template":"","meta":{"_kad_post_transparent":"","_kad_post_title":"","_kad_post_layout":"","_kad_post_sidebar_id":"","_kad_post_content_style":"","_kad_post_vertical_padding":"","_kad_post_feature":"","_kad_post_feature_position":"","_kad_post_header":false,"_kad_post_footer":false,"_kad_post_classname":"","footnotes":""},"folder":[],"class_list":["post-5527","page","type-page","status-publish","hentry"],"yoast_head":"<!-- This site is optimized with the Yoast SEO plugin v27.5 - https:\/\/yoast.com\/product\/yoast-seo-wordpress\/ -->\n<title>Comment construire une terrasse mobile pour piscine ?<\/title>\n<meta name=\"robots\" content=\"index, follow, max-snippet:-1, max-image-preview:large, max-video-preview:-1\" \/>\n<link rel=\"canonical\" href=\"https:\/\/terrasse-mobile.net\/es\/terraza-movil-spa-jacuzzi\/\" \/>\n<meta property=\"og:locale\" content=\"es_ES\" \/>\n<meta property=\"og:type\" content=\"article\" \/>\n<meta property=\"og:title\" content=\"Comment construire une terrasse mobile pour piscine ?\" \/>\n<meta property=\"og:description\" content=\"La terrasse mobile pour spas et jacuzzis La terrasse mobile SlideDeck est id\u00e9ale pour les piscines, mais \u00e9galement pour les spas et jacuzzis &#8230; Conservation de la chaleur de l&rsquo;eau M\u00eame pendant l&rsquo;hiver, en temps frais, ou bien la nuit, il est possible de profiter de votre spa ou de votre jacuzzi toute l&rsquo;ann\u00e9e gr\u00e2ce...\" \/>\n<meta property=\"og:url\" content=\"https:\/\/terrasse-mobile.net\/es\/terraza-movil-spa-jacuzzi\/\" \/>\n<meta property=\"og:site_name\" content=\"Terrasse mobile\" \/>\n<meta property=\"og:image\" content=\"https:\/\/terrasse-mobile.net\/wp-content\/uploads\/2024\/03\/New-Project-11.jpg\" \/>\n<meta name=\"twitter:card\" content=\"summary_large_image\" \/>\n<meta name=\"twitter:label1\" content=\"Tiempo de lectura\" \/>\n\t<meta name=\"twitter:data1\" content=\"2 minutos\" \/>\n<script type=\"application\/ld+json\" class=\"yoast-schema-graph\">{\"@context\":\"https:\\\/\\\/schema.org\",\"@graph\":[{\"@type\":\"WebPage\",\"@id\":\"https:\\\/\\\/terrasse-mobile.net\\\/terrasse-mobile-spa-jacuzzi\\\/\",\"url\":\"https:\\\/\\\/terrasse-mobile.net\\\/terrasse-mobile-spa-jacuzzi\\\/\",\"name\":\"Comment construire une terrasse mobile pour piscine ?\",\"isPartOf\":{\"@id\":\"https:\\\/\\\/terrasse-mobile.net\\\/#website\"},\"primaryImageOfPage\":{\"@id\":\"https:\\\/\\\/terrasse-mobile.net\\\/terrasse-mobile-spa-jacuzzi\\\/#primaryimage\"},\"image\":{\"@id\":\"https:\\\/\\\/terrasse-mobile.net\\\/terrasse-mobile-spa-jacuzzi\\\/#primaryimage\"},\"thumbnailUrl\":\"https:\\\/\\\/terrasse-mobile.net\\\/wp-content\\\/uploads\\\/2024\\\/03\\\/New-Project-11.jpg\",\"datePublished\":\"2024-10-02T12:46:59+00:00\",\"breadcrumb\":{\"@id\":\"https:\\\/\\\/terrasse-mobile.net\\\/terrasse-mobile-spa-jacuzzi\\\/#breadcrumb\"},\"inLanguage\":\"es\",\"potentialAction\":[{\"@type\":\"ReadAction\",\"target\":[\"https:\\\/\\\/terrasse-mobile.net\\\/terrasse-mobile-spa-jacuzzi\\\/\"]}]},{\"@type\":\"ImageObject\",\"inLanguage\":\"es\",\"@id\":\"https:\\\/\\\/terrasse-mobile.net\\\/terrasse-mobile-spa-jacuzzi\\\/#primaryimage\",\"url\":\"https:\\\/\\\/terrasse-mobile.net\\\/wp-content\\\/uploads\\\/2024\\\/03\\\/New-Project-11.jpg\",\"contentUrl\":\"https:\\\/\\\/terrasse-mobile.net\\\/wp-content\\\/uploads\\\/2024\\\/03\\\/New-Project-11.jpg\"},{\"@type\":\"BreadcrumbList\",\"@id\":\"https:\\\/\\\/terrasse-mobile.net\\\/terrasse-mobile-spa-jacuzzi\\\/#breadcrumb\",\"itemListElement\":[{\"@type\":\"ListItem\",\"position\":1,\"name\":\"Accueil\",\"item\":\"https:\\\/\\\/terrasse-mobile.net\\\/\"},{\"@type\":\"ListItem\",\"position\":2,\"name\":\"TERRASSE MOBILE POUR SPAS ET JACUZZIS &#8212; -2\"}]},{\"@type\":\"WebSite\",\"@id\":\"https:\\\/\\\/terrasse-mobile.net\\\/#website\",\"url\":\"https:\\\/\\\/terrasse-mobile.net\\\/\",\"name\":\"Slidedeck\",\"description\":\"Construction sur mesure de terrasses mobiles en \u00cele-de-France\",\"publisher\":{\"@id\":\"https:\\\/\\\/terrasse-mobile.net\\\/#organization\"},\"potentialAction\":[{\"@type\":\"SearchAction\",\"target\":{\"@type\":\"EntryPoint\",\"urlTemplate\":\"https:\\\/\\\/terrasse-mobile.net\\\/?s={search_term_string}\"},\"query-input\":{\"@type\":\"PropertyValueSpecification\",\"valueRequired\":true,\"valueName\":\"search_term_string\"}}],\"inLanguage\":\"es\"},{\"@type\":\"Organization\",\"@id\":\"https:\\\/\\\/terrasse-mobile.net\\\/#organization\",\"name\":\"Slidedeck\",\"url\":\"https:\\\/\\\/terrasse-mobile.net\\\/\",\"logo\":{\"@type\":\"ImageObject\",\"inLanguage\":\"es\",\"@id\":\"https:\\\/\\\/terrasse-mobile.net\\\/#\\\/schema\\\/logo\\\/image\\\/\",\"url\":\"https:\\\/\\\/terrasse-mobile.net\\\/wp-content\\\/uploads\\\/2024\\\/01\\\/logo-slidedeck.jpg\",\"contentUrl\":\"https:\\\/\\\/terrasse-mobile.net\\\/wp-content\\\/uploads\\\/2024\\\/01\\\/logo-slidedeck.jpg\",\"width\":2000,\"height\":1103,\"caption\":\"Slidedeck\"},\"image\":{\"@id\":\"https:\\\/\\\/terrasse-mobile.net\\\/#\\\/schema\\\/logo\\\/image\\\/\"}}]}<\/script>\n<!-- \/ Yoast SEO plugin. -->","yoast_head_json":{"title":"\u00bfC\u00f3mo construir una terraza m\u00f3vil para piscina?","robots":{"index":"index","follow":"follow","max-snippet":"max-snippet:-1","max-image-preview":"max-image-preview:large","max-video-preview":"max-video-preview:-1"},"canonical":"https:\/\/terrasse-mobile.net\/es\/terraza-movil-spa-jacuzzi\/","og_locale":"es_ES","og_type":"article","og_title":"Comment construire une terrasse mobile pour piscine ?","og_description":"La terrasse mobile pour spas et jacuzzis La terrasse mobile SlideDeck est id\u00e9ale pour les piscines, mais \u00e9galement pour les spas et jacuzzis &#8230; Conservation de la chaleur de l&rsquo;eau M\u00eame pendant l&rsquo;hiver, en temps frais, ou bien la nuit, il est possible de profiter de votre spa ou de votre jacuzzi toute l&rsquo;ann\u00e9e gr\u00e2ce...","og_url":"https:\/\/terrasse-mobile.net\/es\/terraza-movil-spa-jacuzzi\/","og_site_name":"Terrasse mobile","og_image":[{"url":"https:\/\/terrasse-mobile.net\/wp-content\/uploads\/2024\/03\/New-Project-11.jpg","type":"","width":"","height":""}],"twitter_card":"summary_large_image","twitter_misc":{"Tiempo de lectura":"2 minutos"},"schema":{"@context":"https:\/\/schema.org","@graph":[{"@type":"WebPage","@id":"https:\/\/terrasse-mobile.net\/terrasse-mobile-spa-jacuzzi\/","url":"https:\/\/terrasse-mobile.net\/terrasse-mobile-spa-jacuzzi\/","name":"\u00bfC\u00f3mo construir una terraza m\u00f3vil para piscina?","isPartOf":{"@id":"https:\/\/terrasse-mobile.net\/#website"},"primaryImageOfPage":{"@id":"https:\/\/terrasse-mobile.net\/terrasse-mobile-spa-jacuzzi\/#primaryimage"},"image":{"@id":"https:\/\/terrasse-mobile.net\/terrasse-mobile-spa-jacuzzi\/#primaryimage"},"thumbnailUrl":"https:\/\/terrasse-mobile.net\/wp-content\/uploads\/2024\/03\/New-Project-11.jpg","datePublished":"2024-10-02T12:46:59+00:00","breadcrumb":{"@id":"https:\/\/terrasse-mobile.net\/terrasse-mobile-spa-jacuzzi\/#breadcrumb"},"inLanguage":"es","potentialAction":[{"@type":"ReadAction","target":["https:\/\/terrasse-mobile.net\/terrasse-mobile-spa-jacuzzi\/"]}]},{"@type":"ImageObject","inLanguage":"es","@id":"https:\/\/terrasse-mobile.net\/terrasse-mobile-spa-jacuzzi\/#primaryimage","url":"https:\/\/terrasse-mobile.net\/wp-content\/uploads\/2024\/03\/New-Project-11.jpg","contentUrl":"https:\/\/terrasse-mobile.net\/wp-content\/uploads\/2024\/03\/New-Project-11.jpg"},{"@type":"BreadcrumbList","@id":"https:\/\/terrasse-mobile.net\/terrasse-mobile-spa-jacuzzi\/#breadcrumb","itemListElement":[{"@type":"ListItem","position":1,"name":"Accueil","item":"https:\/\/terrasse-mobile.net\/"},{"@type":"ListItem","position":2,"name":"TERRASSE MOBILE POUR SPAS ET JACUZZIS &#8212; -2"}]},{"@type":"WebSite","@id":"https:\/\/terrasse-mobile.net\/#website","url":"https:\/\/terrasse-mobile.net\/","name":"Plataforma deslizante","description":"Terrazas m\u00f3viles a medida en la regi\u00f3n parisina","publisher":{"@id":"https:\/\/terrasse-mobile.net\/#organization"},"potentialAction":[{"@type":"SearchAction","target":{"@type":"EntryPoint","urlTemplate":"https:\/\/terrasse-mobile.net\/?s={search_term_string}"},"query-input":{"@type":"PropertyValueSpecification","valueRequired":true,"valueName":"search_term_string"}}],"inLanguage":"es"},{"@type":"Organization","@id":"https:\/\/terrasse-mobile.net\/#organization","name":"Plataforma deslizante","url":"https:\/\/terrasse-mobile.net\/","logo":{"@type":"ImageObject","inLanguage":"es","@id":"https:\/\/terrasse-mobile.net\/#\/schema\/logo\/image\/","url":"https:\/\/terrasse-mobile.net\/wp-content\/uploads\/2024\/01\/logo-slidedeck.jpg","contentUrl":"https:\/\/terrasse-mobile.net\/wp-content\/uploads\/2024\/01\/logo-slidedeck.jpg","width":2000,"height":1103,"caption":"Slidedeck"},"image":{"@id":"https:\/\/terrasse-mobile.net\/#\/schema\/logo\/image\/"}}]}},"_links":{"self":[{"href":"https:\/\/terrasse-mobile.net\/es\/wp-json\/wp\/v2\/pages\/5527","targetHints":{"allow":["GET"]}}],"collection":[{"href":"https:\/\/terrasse-mobile.net\/es\/wp-json\/wp\/v2\/pages"}],"about":[{"href":"https:\/\/terrasse-mobile.net\/es\/wp-json\/wp\/v2\/types\/page"}],"author":[{"embeddable":true,"href":"https:\/\/terrasse-mobile.net\/es\/wp-json\/wp\/v2\/users\/1"}],"replies":[{"embeddable":true,"href":"https:\/\/terrasse-mobile.net\/es\/wp-json\/wp\/v2\/comments?post=5527"}],"version-history":[{"count":2,"href":"https:\/\/terrasse-mobile.net\/es\/wp-json\/wp\/v2\/pages\/5527\/revisions"}],"predecessor-version":[{"id":5529,"href":"https:\/\/terrasse-mobile.net\/es\/wp-json\/wp\/v2\/pages\/5527\/revisions\/5529"}],"wp:attachment":[{"href":"https:\/\/terrasse-mobile.net\/es\/wp-json\/wp\/v2\/media?parent=5527"}],"wp:term":[{"taxonomy":"folder","embeddable":true,"href":"https:\/\/terrasse-mobile.net\/es\/wp-json\/wp\/v2\/folder?post=5527"}],"curies":[{"name":"wp","href":"https:\/\/api.w.org\/{rel}","templated":true}]}}