{"id":5577,"date":"2024-10-02T14:46:31","date_gmt":"2024-10-02T12:46:01","guid":{"rendered":"https:\/\/terrasse-mobile.net\/?page_id=5577"},"modified":"2025-11-25T15:39:10","modified_gmt":"2025-11-25T14:39:10","slug":"instalacion-de-piscina-terraza-corredera","status":"publish","type":"page","link":"https:\/\/terrasse-mobile.net\/es\/slidedeck\/realisations\/pose-terrasse-coulissante-piscine\/","title":{"rendered":"Creaci\u00f3n de terrazas m\u00f3viles en la regi\u00f3n parisina"},"content":{"rendered":"\n<div class=\"wp-block-columns is-layout-flex wp-container-core-columns-is-layout-9d6595d7 wp-block-columns-is-layout-flex\">\n<div class=\"wp-block-column is-layout-flow wp-block-column-is-layout-flow\">\n<p>Nous avons cr\u00e9\u00e9 une jolie piscine avec une terrasse coulissante recouverte de lames de terrasse en bois exotique. La terrasse mobile, lorsqu&rsquo;elle est au-dessus, constitue une vraie belle &nbsp;terrasse solide.&nbsp;La piscine, la plage immerg\u00e9e et les marches d&rsquo;escalier sont habill\u00e9es d&rsquo;une membrane en PVC arm\u00e9 de couleur anthracite, extr\u00eamement r\u00e9sistante.<\/p>\n<\/div>\n\n\n\n<div class=\"wp-block-column is-layout-flow wp-block-column-is-layout-flow\">\n<div style=\"padding:56.25% 0 0 0;position:relative;\"><iframe src=\"https:\/\/player.vimeo.com\/video\/847559715?badge=0&amp;autopause=0&amp;player_id=0&amp;app_id=58479\" frameborder=\"0\" allow=\"autoplay; fullscreen; picture-in-picture; clipboard-write\" style=\"position:absolute;top:0;left:0;width:100%;height:100%;\" title=\"Construction de piscine avec terrasse mobile en bois\"><\/iframe><\/div><script src=\"https:\/\/player.vimeo.com\/api\/player.js\"><\/script>\n<\/div>\n<\/div>\n\n\n\n<p class=\"has-text-align-center\"><br><img decoding=\"async\" sizes=\"(max-width: 800px) 100vw, 800px\" srcset=\"https:\/\/terrasse-mobile.net\/wp-content\/uploads\/2024\/01\/REAL-ROUFFAUT-PISCINE-AVEC-TERRASSE-MOBILE-1.jpeg 1000w, https:\/\/terrasse-mobile.net\/wp-content\/uploads\/2024\/01\/REAL-ROUFFAUT-PISCINE-AVEC-TERRASSE-MOBILE-1-300x225.jpeg 300w, https:\/\/terrasse-mobile.net\/wp-content\/uploads\/2024\/01\/REAL-ROUFFAUT-PISCINE-AVEC-TERRASSE-MOBILE-1-768x576.jpeg 768w\" width=\"800\" height=\"600\" src=\"https:\/\/terrasse-mobile.net\/wp-content\/uploads\/2024\/01\/REAL-ROUFFAUT-PISCINE-AVEC-TERRASSE-MOBILE-1.jpeg\" alt=\"terrasse mobile ile de france\"><style>\/*! elementor - v3.18.0 - 20-12-2023 *\/&amp;lt;br \/>&lt;br>.elementor-heading-title{padding:0;margin:0;line-height:1}.elementor-widget-heading .elementor-heading-title[class*=elementor-size-]>a{color:inherit;font-size:inherit;line-height:inherit}.elementor-widget-heading .elementor-heading-title.elementor-size-small{font-size:15px}.elementor-widget-heading .elementor-heading-title.elementor-size-medium{font-size:19px}.elementor-widget-heading .elementor-heading-title.elementor-size-large{font-size:29px}.elementor-widget-heading .elementor-heading-title.elementor-size-xl{font-size:39px}.elementor-widget-heading .elementor-heading-title.elementor-size-xxl{font-size:59px}<\/style><\/p>\n\n\n\n<h2 class=\"wp-block-heading has-text-align-center\">Une belle terrasse mobile dans la cour d&rsquo;une maison<\/h2>\n\n\n\n<p class=\"has-text-align-center\">Belle photo de la piscine. Avant l&rsquo;am\u00e9nagement des abords. La membrane en PVC arm\u00e9 conf\u00e8re une &nbsp;couleur d&rsquo;eau \u00ab\u00a0oc\u00e9an\u00a0\u00bb tr\u00e8s moderne.<\/p>\n\n\n\n<div class=\"wp-block-columns is-layout-flex wp-container-core-columns-is-layout-9d6595d7 wp-block-columns-is-layout-flex\">\n<div class=\"wp-block-column is-layout-flow wp-block-column-is-layout-flow\">\n<figure class=\"wp-block-image size-full\"><img decoding=\"async\" width=\"765\" height=\"510\" src=\"https:\/\/terrasse-mobile.net\/wp-content\/uploads\/2024\/01\/REAL-ROUFFAUT-PISCINE-AVEC-TERRASSE-MOBILE-2-1.jpeg\" alt=\"Construction de la piscine\" class=\"wp-image-2161\" srcset=\"https:\/\/terrasse-mobile.net\/wp-content\/uploads\/2024\/01\/REAL-ROUFFAUT-PISCINE-AVEC-TERRASSE-MOBILE-2-1.jpeg 765w, https:\/\/terrasse-mobile.net\/wp-content\/uploads\/2024\/01\/REAL-ROUFFAUT-PISCINE-AVEC-TERRASSE-MOBILE-2-1-300x200.jpeg 300w\" sizes=\"(max-width: 765px) 100vw, 765px\" \/><\/figure>\n<\/div>\n\n\n\n<div class=\"wp-block-column is-layout-flow wp-block-column-is-layout-flow\">\n<figure class=\"wp-block-image size-full\"><img decoding=\"async\" width=\"765\" height=\"507\" src=\"https:\/\/terrasse-mobile.net\/wp-content\/uploads\/2024\/01\/DSC_0606-1.jpg\" alt=\"belle terrasse mobile en ile de france\" class=\"wp-image-2162\" srcset=\"https:\/\/terrasse-mobile.net\/wp-content\/uploads\/2024\/01\/DSC_0606-1.jpg 765w, https:\/\/terrasse-mobile.net\/wp-content\/uploads\/2024\/01\/DSC_0606-1-300x199.jpg 300w\" sizes=\"(max-width: 765px) 100vw, 765px\" \/><\/figure>\n<\/div>\n<\/div>\n\n\n\n<div class=\"wp-block-columns is-layout-flex wp-container-core-columns-is-layout-9d6595d7 wp-block-columns-is-layout-flex\">\n<div class=\"wp-block-column is-layout-flow wp-block-column-is-layout-flow\">\n<p>Sur cette photo, nous voyons le &nbsp;bassin termin\u00e9, les margelles en pierre de la piscine ainsi que l&#8217;emplacement pour les rails de la terrasse coulissante.<\/p>\n<\/div>\n\n\n\n<div class=\"wp-block-column is-layout-flow wp-block-column-is-layout-flow\">\n<p>Ici, la terrasse coulissante est &nbsp;recouverte de lames de terrasse en bois exotique (Padouk). Au-dessus de la piscine, la terrasse coulissante assure une remarquable protection notamment contre les chutes de feuilles et de salet\u00e9s. La terrasse mobile permet \u00e9galement de conserver la chaleur et de limiter l&rsquo;\u00e9vaporation de la piscine.&nbsp;<\/p>\n<\/div>\n<\/div>\n\n\n\n<h2 class=\"wp-block-heading has-text-align-center\">La terrasse mobile pour piscine en b\u00e9ton arm\u00e9<\/h2>\n\n\n\n<div class=\"wp-block-columns is-layout-flex wp-container-core-columns-is-layout-9d6595d7 wp-block-columns-is-layout-flex\">\n<div class=\"wp-block-column is-layout-flow wp-block-column-is-layout-flow\">\n<figure class=\"wp-block-image size-full\"><img decoding=\"async\" width=\"765\" height=\"510\" src=\"https:\/\/terrasse-mobile.net\/wp-content\/uploads\/2024\/01\/REAL-ROUFFAUT-CONSTRUCTION-PISCINE-3.jpg\" alt=\"Bassin de la piscine en construction\" class=\"wp-image-2163\" srcset=\"https:\/\/terrasse-mobile.net\/wp-content\/uploads\/2024\/01\/REAL-ROUFFAUT-CONSTRUCTION-PISCINE-3.jpg 765w, https:\/\/terrasse-mobile.net\/wp-content\/uploads\/2024\/01\/REAL-ROUFFAUT-CONSTRUCTION-PISCINE-3-300x200.jpg 300w\" sizes=\"(max-width: 765px) 100vw, 765px\" \/><\/figure>\n\n\n\n<p>Le bassin en phase de construction est pr\u00eat \u00e0 accueillir la membrane en PVC arm\u00e9.<\/p>\n<\/div>\n\n\n\n<div class=\"wp-block-column is-layout-flow wp-block-column-is-layout-flow\">\n<figure class=\"wp-block-image size-full\"><img decoding=\"async\" width=\"765\" height=\"510\" src=\"https:\/\/terrasse-mobile.net\/wp-content\/uploads\/2024\/01\/REAL-ROUFFAUT-CONSTRUCTION-ESCALIER-PISCINE-1.jpg\" alt=\"bassin de piscine avec terrasse mobile\" class=\"wp-image-2164\" srcset=\"https:\/\/terrasse-mobile.net\/wp-content\/uploads\/2024\/01\/REAL-ROUFFAUT-CONSTRUCTION-ESCALIER-PISCINE-1.jpg 765w, https:\/\/terrasse-mobile.net\/wp-content\/uploads\/2024\/01\/REAL-ROUFFAUT-CONSTRUCTION-ESCALIER-PISCINE-1-300x200.jpg 300w\" sizes=\"(max-width: 765px) 100vw, 765px\" \/><\/figure>\n\n\n\n<p>Sur cette photo nous pouvons voir la petite plage immerg\u00e9e et l&rsquo;escalier qui permet de descendre en douceur dans le bassin.<\/p>\n<\/div>\n<\/div>\n\n\n\n<div class=\"wp-block-columns is-layout-flex wp-container-core-columns-is-layout-9d6595d7 wp-block-columns-is-layout-flex\">\n<div class=\"wp-block-column is-layout-flow wp-block-column-is-layout-flow\">\n<figure class=\"wp-block-image size-full\"><img decoding=\"async\" width=\"765\" height=\"510\" src=\"https:\/\/terrasse-mobile.net\/wp-content\/uploads\/2024\/01\/REAL-ROUFFAUT-LOCAL-TECHNIQUE-PISCINE.jpg\" alt=\"Local technique de la piscine\" class=\"wp-image-2165\" srcset=\"https:\/\/terrasse-mobile.net\/wp-content\/uploads\/2024\/01\/REAL-ROUFFAUT-LOCAL-TECHNIQUE-PISCINE.jpg 765w, https:\/\/terrasse-mobile.net\/wp-content\/uploads\/2024\/01\/REAL-ROUFFAUT-LOCAL-TECHNIQUE-PISCINE-300x200.jpg 300w\" sizes=\"(max-width: 765px) 100vw, 765px\" \/><\/figure>\n<\/div>\n\n\n\n<div class=\"wp-block-column is-layout-flow wp-block-column-is-layout-flow\"><\/div>\n<\/div>\n","protected":false},"excerpt":{"rendered":"<p>Nous avons cr\u00e9\u00e9 une jolie piscine avec une terrasse coulissante recouverte de lames de terrasse en bois exotique. La terrasse mobile, lorsqu&rsquo;elle est au-dessus, constitue une vraie belle &nbsp;terrasse solide.&nbsp;La piscine, la plage immerg\u00e9e et les marches d&rsquo;escalier sont habill\u00e9es d&rsquo;une membrane en PVC arm\u00e9 de couleur anthracite, extr\u00eamement r\u00e9sistante. Une belle terrasse mobile dans&#8230;<\/p>","protected":false},"author":1,"featured_media":2160,"parent":5631,"menu_order":12,"comment_status":"closed","ping_status":"closed","template":"","meta":{"_kad_post_transparent":"","_kad_post_title":"","_kad_post_layout":"","_kad_post_sidebar_id":"","_kad_post_content_style":"","_kad_post_vertical_padding":"","_kad_post_feature":"","_kad_post_feature_position":"","_kad_post_header":false,"_kad_post_footer":false,"_kad_post_classname":"","footnotes":""},"folder":[],"class_list":["post-5577","page","type-page","status-publish","has-post-thumbnail","hentry"],"yoast_head":"<!-- This site is optimized with the Yoast SEO plugin v27.3 - https:\/\/yoast.com\/product\/yoast-seo-wordpress\/ -->\n<title>Installation de terrasse mobile pour piscine en \u00cele-de-France<\/title>\n<meta name=\"description\" content=\"Nous avons cr\u00e9\u00e9 une jolie piscine avec une terrasse coulissante recouverte de lames de terrasse en bois exotique.\" \/>\n<meta name=\"robots\" content=\"index, follow, max-snippet:-1, max-image-preview:large, max-video-preview:-1\" \/>\n<link rel=\"canonical\" href=\"https:\/\/terrasse-mobile.net\/es\/cubierta-deslizante\/logros\/instalacion-de-piscina-terraza-corredera\/\" \/>\n<meta property=\"og:locale\" content=\"es_ES\" \/>\n<meta property=\"og:type\" content=\"article\" \/>\n<meta property=\"og:title\" content=\"Installation de terrasse mobile pour piscine en \u00cele-de-France\" \/>\n<meta property=\"og:description\" content=\"Nous avons cr\u00e9\u00e9 une jolie piscine avec une terrasse coulissante recouverte de lames de terrasse en bois exotique.\" \/>\n<meta property=\"og:url\" content=\"https:\/\/terrasse-mobile.net\/es\/cubierta-deslizante\/logros\/instalacion-de-piscina-terraza-corredera\/\" \/>\n<meta property=\"og:site_name\" content=\"Terrasse mobile\" \/>\n<meta property=\"article:modified_time\" content=\"2025-11-25T14:39:10+00:00\" \/>\n<meta property=\"og:image\" content=\"https:\/\/terrasse-mobile.net\/wp-content\/uploads\/2024\/01\/REAL-ROUFFAUT-PISCINE-AVEC-TERRASSE-MOBILE-2.jpeg\" \/>\n\t<meta property=\"og:image:width\" content=\"1000\" \/>\n\t<meta property=\"og:image:height\" content=\"750\" \/>\n\t<meta property=\"og:image:type\" content=\"image\/jpeg\" \/>\n<meta name=\"twitter:card\" content=\"summary_large_image\" \/>\n<meta name=\"twitter:label1\" content=\"Tiempo de lectura\" \/>\n\t<meta name=\"twitter:data1\" content=\"3 minutos\" \/>\n<script type=\"application\/ld+json\" class=\"yoast-schema-graph\">{\"@context\":\"https:\\\/\\\/schema.org\",\"@graph\":[{\"@type\":\"WebPage\",\"@id\":\"https:\\\/\\\/terrasse-mobile.net\\\/slidedeck\\\/realisations\\\/pose-terrasse-coulissante-piscine\\\/\",\"url\":\"https:\\\/\\\/terrasse-mobile.net\\\/slidedeck\\\/realisations\\\/pose-terrasse-coulissante-piscine\\\/\",\"name\":\"Installation de terrasse mobile pour piscine en \u00cele-de-France\",\"isPartOf\":{\"@id\":\"https:\\\/\\\/terrasse-mobile.net\\\/#website\"},\"primaryImageOfPage\":{\"@id\":\"https:\\\/\\\/terrasse-mobile.net\\\/slidedeck\\\/realisations\\\/pose-terrasse-coulissante-piscine\\\/#primaryimage\"},\"image\":{\"@id\":\"https:\\\/\\\/terrasse-mobile.net\\\/slidedeck\\\/realisations\\\/pose-terrasse-coulissante-piscine\\\/#primaryimage\"},\"thumbnailUrl\":\"https:\\\/\\\/terrasse-mobile.net\\\/wp-content\\\/uploads\\\/2024\\\/01\\\/REAL-ROUFFAUT-PISCINE-AVEC-TERRASSE-MOBILE-2.jpeg\",\"datePublished\":\"2024-10-02T12:46:01+00:00\",\"dateModified\":\"2025-11-25T14:39:10+00:00\",\"description\":\"Nous avons cr\u00e9\u00e9 une jolie piscine avec une terrasse coulissante recouverte de lames de terrasse en bois exotique.\",\"breadcrumb\":{\"@id\":\"https:\\\/\\\/terrasse-mobile.net\\\/slidedeck\\\/realisations\\\/pose-terrasse-coulissante-piscine\\\/#breadcrumb\"},\"inLanguage\":\"es\",\"potentialAction\":[{\"@type\":\"ReadAction\",\"target\":[\"https:\\\/\\\/terrasse-mobile.net\\\/slidedeck\\\/realisations\\\/pose-terrasse-coulissante-piscine\\\/\"]}]},{\"@type\":\"ImageObject\",\"inLanguage\":\"es\",\"@id\":\"https:\\\/\\\/terrasse-mobile.net\\\/slidedeck\\\/realisations\\\/pose-terrasse-coulissante-piscine\\\/#primaryimage\",\"url\":\"https:\\\/\\\/terrasse-mobile.net\\\/wp-content\\\/uploads\\\/2024\\\/01\\\/REAL-ROUFFAUT-PISCINE-AVEC-TERRASSE-MOBILE-2.jpeg\",\"contentUrl\":\"https:\\\/\\\/terrasse-mobile.net\\\/wp-content\\\/uploads\\\/2024\\\/01\\\/REAL-ROUFFAUT-PISCINE-AVEC-TERRASSE-MOBILE-2.jpeg\",\"width\":1000,\"height\":750,\"caption\":\"belle terrasse mobile en ile de france\"},{\"@type\":\"BreadcrumbList\",\"@id\":\"https:\\\/\\\/terrasse-mobile.net\\\/slidedeck\\\/realisations\\\/pose-terrasse-coulissante-piscine\\\/#breadcrumb\",\"itemListElement\":[{\"@type\":\"ListItem\",\"position\":1,\"name\":\"Accueil\",\"item\":\"https:\\\/\\\/terrasse-mobile.net\\\/\"},{\"@type\":\"ListItem\",\"position\":2,\"name\":\"SLIDEDECK\",\"item\":\"https:\\\/\\\/terrasse-mobile.net\\\/slidedeck\\\/\"},{\"@type\":\"ListItem\",\"position\":3,\"name\":\"NOS R\u00c9ALISATIONS DE TERRASSE MOBILE SLIDEDECK\",\"item\":\"https:\\\/\\\/terrasse-mobile.net\\\/slidedeck\\\/realisations\\\/\"},{\"@type\":\"ListItem\",\"position\":4,\"name\":\"R\u00e9alisation de terrasse mobile en \u00cele-de-France\"}]},{\"@type\":\"WebSite\",\"@id\":\"https:\\\/\\\/terrasse-mobile.net\\\/#website\",\"url\":\"https:\\\/\\\/terrasse-mobile.net\\\/\",\"name\":\"Slidedeck\",\"description\":\"Construction sur mesure de terrasses mobiles en \u00cele-de-France\",\"publisher\":{\"@id\":\"https:\\\/\\\/terrasse-mobile.net\\\/#organization\"},\"potentialAction\":[{\"@type\":\"SearchAction\",\"target\":{\"@type\":\"EntryPoint\",\"urlTemplate\":\"https:\\\/\\\/terrasse-mobile.net\\\/?s={search_term_string}\"},\"query-input\":{\"@type\":\"PropertyValueSpecification\",\"valueRequired\":true,\"valueName\":\"search_term_string\"}}],\"inLanguage\":\"es\"},{\"@type\":\"Organization\",\"@id\":\"https:\\\/\\\/terrasse-mobile.net\\\/#organization\",\"name\":\"Slidedeck\",\"url\":\"https:\\\/\\\/terrasse-mobile.net\\\/\",\"logo\":{\"@type\":\"ImageObject\",\"inLanguage\":\"es\",\"@id\":\"https:\\\/\\\/terrasse-mobile.net\\\/#\\\/schema\\\/logo\\\/image\\\/\",\"url\":\"https:\\\/\\\/terrasse-mobile.net\\\/wp-content\\\/uploads\\\/2024\\\/01\\\/logo-slidedeck.jpg\",\"contentUrl\":\"https:\\\/\\\/terrasse-mobile.net\\\/wp-content\\\/uploads\\\/2024\\\/01\\\/logo-slidedeck.jpg\",\"width\":2000,\"height\":1103,\"caption\":\"Slidedeck\"},\"image\":{\"@id\":\"https:\\\/\\\/terrasse-mobile.net\\\/#\\\/schema\\\/logo\\\/image\\\/\"}}]}<\/script>\n<!-- \/ Yoast SEO plugin. -->","yoast_head_json":{"title":"Instalaci\u00f3n de cubiertas de piscina m\u00f3viles en la regi\u00f3n parisina","description":"Creamos una atractiva piscina con una cubierta deslizante revestida de tarima de madera ex\u00f3tica.","robots":{"index":"index","follow":"follow","max-snippet":"max-snippet:-1","max-image-preview":"max-image-preview:large","max-video-preview":"max-video-preview:-1"},"canonical":"https:\/\/terrasse-mobile.net\/es\/cubierta-deslizante\/logros\/instalacion-de-piscina-terraza-corredera\/","og_locale":"es_ES","og_type":"article","og_title":"Installation de terrasse mobile pour piscine en \u00cele-de-France","og_description":"Nous avons cr\u00e9\u00e9 une jolie piscine avec une terrasse coulissante recouverte de lames de terrasse en bois exotique.","og_url":"https:\/\/terrasse-mobile.net\/es\/cubierta-deslizante\/logros\/instalacion-de-piscina-terraza-corredera\/","og_site_name":"Terrasse mobile","article_modified_time":"2025-11-25T14:39:10+00:00","og_image":[{"width":1000,"height":750,"url":"https:\/\/terrasse-mobile.net\/wp-content\/uploads\/2024\/01\/REAL-ROUFFAUT-PISCINE-AVEC-TERRASSE-MOBILE-2.jpeg","type":"image\/jpeg"}],"twitter_card":"summary_large_image","twitter_misc":{"Tiempo de lectura":"3 minutos"},"schema":{"@context":"https:\/\/schema.org","@graph":[{"@type":"WebPage","@id":"https:\/\/terrasse-mobile.net\/slidedeck\/realisations\/pose-terrasse-coulissante-piscine\/","url":"https:\/\/terrasse-mobile.net\/slidedeck\/realisations\/pose-terrasse-coulissante-piscine\/","name":"Instalaci\u00f3n de cubiertas de piscina m\u00f3viles en la regi\u00f3n parisina","isPartOf":{"@id":"https:\/\/terrasse-mobile.net\/#website"},"primaryImageOfPage":{"@id":"https:\/\/terrasse-mobile.net\/slidedeck\/realisations\/pose-terrasse-coulissante-piscine\/#primaryimage"},"image":{"@id":"https:\/\/terrasse-mobile.net\/slidedeck\/realisations\/pose-terrasse-coulissante-piscine\/#primaryimage"},"thumbnailUrl":"https:\/\/terrasse-mobile.net\/wp-content\/uploads\/2024\/01\/REAL-ROUFFAUT-PISCINE-AVEC-TERRASSE-MOBILE-2.jpeg","datePublished":"2024-10-02T12:46:01+00:00","dateModified":"2025-11-25T14:39:10+00:00","description":"Creamos una atractiva piscina con una cubierta deslizante revestida de tarima de madera ex\u00f3tica.","breadcrumb":{"@id":"https:\/\/terrasse-mobile.net\/slidedeck\/realisations\/pose-terrasse-coulissante-piscine\/#breadcrumb"},"inLanguage":"es","potentialAction":[{"@type":"ReadAction","target":["https:\/\/terrasse-mobile.net\/slidedeck\/realisations\/pose-terrasse-coulissante-piscine\/"]}]},{"@type":"ImageObject","inLanguage":"es","@id":"https:\/\/terrasse-mobile.net\/slidedeck\/realisations\/pose-terrasse-coulissante-piscine\/#primaryimage","url":"https:\/\/terrasse-mobile.net\/wp-content\/uploads\/2024\/01\/REAL-ROUFFAUT-PISCINE-AVEC-TERRASSE-MOBILE-2.jpeg","contentUrl":"https:\/\/terrasse-mobile.net\/wp-content\/uploads\/2024\/01\/REAL-ROUFFAUT-PISCINE-AVEC-TERRASSE-MOBILE-2.jpeg","width":1000,"height":750,"caption":"belle terrasse mobile en ile de france"},{"@type":"BreadcrumbList","@id":"https:\/\/terrasse-mobile.net\/slidedeck\/realisations\/pose-terrasse-coulissante-piscine\/#breadcrumb","itemListElement":[{"@type":"ListItem","position":1,"name":"Accueil","item":"https:\/\/terrasse-mobile.net\/"},{"@type":"ListItem","position":2,"name":"SLIDEDECK","item":"https:\/\/terrasse-mobile.net\/slidedeck\/"},{"@type":"ListItem","position":3,"name":"NOS R\u00c9ALISATIONS DE TERRASSE MOBILE SLIDEDECK","item":"https:\/\/terrasse-mobile.net\/slidedeck\/realisations\/"},{"@type":"ListItem","position":4,"name":"R\u00e9alisation de terrasse mobile en \u00cele-de-France"}]},{"@type":"WebSite","@id":"https:\/\/terrasse-mobile.net\/#website","url":"https:\/\/terrasse-mobile.net\/","name":"Plataforma deslizante","description":"Terrazas m\u00f3viles a medida en la regi\u00f3n parisina","publisher":{"@id":"https:\/\/terrasse-mobile.net\/#organization"},"potentialAction":[{"@type":"SearchAction","target":{"@type":"EntryPoint","urlTemplate":"https:\/\/terrasse-mobile.net\/?s={search_term_string}"},"query-input":{"@type":"PropertyValueSpecification","valueRequired":true,"valueName":"search_term_string"}}],"inLanguage":"es"},{"@type":"Organization","@id":"https:\/\/terrasse-mobile.net\/#organization","name":"Plataforma deslizante","url":"https:\/\/terrasse-mobile.net\/","logo":{"@type":"ImageObject","inLanguage":"es","@id":"https:\/\/terrasse-mobile.net\/#\/schema\/logo\/image\/","url":"https:\/\/terrasse-mobile.net\/wp-content\/uploads\/2024\/01\/logo-slidedeck.jpg","contentUrl":"https:\/\/terrasse-mobile.net\/wp-content\/uploads\/2024\/01\/logo-slidedeck.jpg","width":2000,"height":1103,"caption":"Slidedeck"},"image":{"@id":"https:\/\/terrasse-mobile.net\/#\/schema\/logo\/image\/"}}]}},"_links":{"self":[{"href":"https:\/\/terrasse-mobile.net\/es\/wp-json\/wp\/v2\/pages\/5577","targetHints":{"allow":["GET"]}}],"collection":[{"href":"https:\/\/terrasse-mobile.net\/es\/wp-json\/wp\/v2\/pages"}],"about":[{"href":"https:\/\/terrasse-mobile.net\/es\/wp-json\/wp\/v2\/types\/page"}],"author":[{"embeddable":true,"href":"https:\/\/terrasse-mobile.net\/es\/wp-json\/wp\/v2\/users\/1"}],"replies":[{"embeddable":true,"href":"https:\/\/terrasse-mobile.net\/es\/wp-json\/wp\/v2\/comments?post=5577"}],"version-history":[{"count":5,"href":"https:\/\/terrasse-mobile.net\/es\/wp-json\/wp\/v2\/pages\/5577\/revisions"}],"predecessor-version":[{"id":7271,"href":"https:\/\/terrasse-mobile.net\/es\/wp-json\/wp\/v2\/pages\/5577\/revisions\/7271"}],"up":[{"embeddable":true,"href":"https:\/\/terrasse-mobile.net\/es\/wp-json\/wp\/v2\/pages\/5631"}],"wp:featuredmedia":[{"embeddable":true,"href":"https:\/\/terrasse-mobile.net\/es\/wp-json\/wp\/v2\/media\/2160"}],"wp:attachment":[{"href":"https:\/\/terrasse-mobile.net\/es\/wp-json\/wp\/v2\/media?parent=5577"}],"wp:term":[{"taxonomy":"folder","embeddable":true,"href":"https:\/\/terrasse-mobile.net\/es\/wp-json\/wp\/v2\/folder?post=5577"}],"curies":[{"name":"wp","href":"https:\/\/api.w.org\/{rel}","templated":true}]}}