{"id":5616,"date":"2024-10-02T14:44:31","date_gmt":"2024-10-02T12:44:39","guid":{"rendered":"https:\/\/terrasse-mobile.net\/?page_id=5616"},"modified":"2025-11-25T16:31:18","modified_gmt":"2025-11-25T15:31:18","slug":"piscine-fond-mobile","status":"publish","type":"page","link":"https:\/\/terrasse-mobile.net\/es\/protections-piscine\/piscine-fond-mobile\/","title":{"rendered":"LES PISCINES \u00c0 FOND MOBILE"},"content":{"rendered":"<div class=\"wp-block-group\"><div class=\"wp-block-group__inner-container is-layout-constrained wp-block-group-is-layout-constrained\">\n<div class=\"wp-block-columns is-layout-flex wp-container-core-columns-is-layout-9d6595d7 wp-block-columns-is-layout-flex\">\n<div class=\"wp-block-column is-layout-flow wp-block-column-is-layout-flow\">\n<h2 class=\"wp-block-heading\">\u00bfUna terraza sobre un fondo m\u00f3vil que desciende hasta el fondo de la piscina?<br>\u00bfC\u00f3mo funciona? \u00bfEs fiable?<\/h2>\n\n\n\n<p>El fondo m\u00f3vil es una tecnolog\u00eda muy innovadora. Se utiliza un mecanismo para subir y bajar el suelo de la piscina. En posici\u00f3n \u00abcerrada\u00bb, la piscina es pr\u00e1cticamente invisible y se puede caminar sobre el suelo, que act\u00faa como tal. En la posici\u00f3n \u00ababierta\u00bb, el suelo desciende hasta el fondo de la piscina, lo que permite nadar y disfrutar de ella. Este mecanismo funciona mediante resistentes cables de acero inoxidable.<\/p>\n<\/div>\n\n\n\n<div class=\"wp-block-column is-layout-flow wp-block-column-is-layout-flow\">\n<figure class=\"wp-block-image size-full\"><img decoding=\"async\" width=\"600\" height=\"391\" src=\"https:\/\/terrasse-mobile.net\/wp-content\/uploads\/2024\/02\/1-REAL-ERBI-PISCINE-1.jpg\" alt=\"piscine a fond mobile aqualift\" class=\"wp-image-3625\" style=\"aspect-ratio:3\/2;object-fit:cover\" srcset=\"https:\/\/terrasse-mobile.net\/wp-content\/uploads\/2024\/02\/1-REAL-ERBI-PISCINE-1.jpg 600w, https:\/\/terrasse-mobile.net\/wp-content\/uploads\/2024\/02\/1-REAL-ERBI-PISCINE-1-300x196.jpg 300w\" sizes=\"(max-width: 600px) 100vw, 600px\" \/><\/figure>\n<\/div>\n<\/div>\n<\/div><\/div>\n\n\n\n<div class=\"wp-block-group\"><div class=\"wp-block-group__inner-container is-layout-constrained wp-block-group-is-layout-constrained\">\n<div class=\"wp-block-columns is-layout-flex wp-container-core-columns-is-layout-9d6595d7 wp-block-columns-is-layout-flex\">\n<div class=\"wp-block-column is-layout-flow wp-block-column-is-layout-flow\">\n<figure class=\"wp-block-image size-full\"><img decoding=\"async\" width=\"1000\" height=\"662\" src=\"https:\/\/terrasse-mobile.net\/wp-content\/uploads\/2024\/02\/2REAL-ERBIBOU-PISCINE-A-FOND-MOBILE-2.jpg\" alt=\"fondo m\u00f3vil para piscinas\" class=\"wp-image-3711\" style=\"aspect-ratio:3\/2;object-fit:cover\" srcset=\"https:\/\/terrasse-mobile.net\/wp-content\/uploads\/2024\/02\/2REAL-ERBIBOU-PISCINE-A-FOND-MOBILE-2.jpg 1000w, https:\/\/terrasse-mobile.net\/wp-content\/uploads\/2024\/02\/2REAL-ERBIBOU-PISCINE-A-FOND-MOBILE-2-300x199.jpg 300w, https:\/\/terrasse-mobile.net\/wp-content\/uploads\/2024\/02\/2REAL-ERBIBOU-PISCINE-A-FOND-MOBILE-2-768x508.jpg 768w\" sizes=\"(max-width: 1000px) 100vw, 1000px\" \/><\/figure>\n<\/div>\n\n\n\n<div class=\"wp-block-column is-layout-flow wp-block-column-is-layout-flow\">\n<h2 class=\"wp-block-heading\">Suelos m\u00f3viles Aqualift: los mejores suelos m\u00f3viles del mundo<\/h2>\n\n\n\n<p>Hemos visto y experimentado con varias tecnolog\u00edas de fondos m\u00f3viles. Ninguna de ellas convence realmente.&nbsp;<\/p>\n\n\n\n<p>Les syst\u00e8mes bas\u00e9s sur le principe de la flottaison semblent une bonne id\u00e9e mais au final, fonctionnent mal : en position haute, le fond mobile flottant est peu stable. \u00c7a tangue&#8230;.Les syst\u00e8mes multi-moteurs sont compliqu\u00e9s \u00e0 mettre au point car il faut synchroniser les moteurs. Les syst\u00e8mes avec des c\u00e2bles qui s&rsquo;enroulent autour de poulies sont peu fiables car les c\u00e2bles n&rsquo;aiment pas \u00eatre enroul\u00e9s.D&rsquo;autres syst\u00e8mes existent et sont quasiment exp\u00e9rimentaux.&nbsp;C&rsquo;est pourquoi nous avons nou\u00e9 un partenariat strat\u00e9gique avec le leader mondial des fonds mobiles : <strong>INDUSTRIAS AQUALIFT<\/strong>.<\/p>\n<\/div>\n<\/div>\n\n\n\n<h2 class=\"wp-block-heading\"><\/h2>\n\n\n\n<div class=\"wp-block-group\"><div class=\"wp-block-group__inner-container is-layout-constrained wp-block-group-is-layout-constrained\">\n<div class=\"wp-block-columns is-layout-flex wp-container-core-columns-is-layout-9d6595d7 wp-block-columns-is-layout-flex\">\n<div class=\"wp-block-column is-layout-flow wp-block-column-is-layout-flow\">\n<h2 class=\"wp-block-heading\">En Piscine Nature, queremos lo mejor para nuestros clientes.<\/h2>\n\n\n\n<p>La tecnolog\u00eda Aqualift est\u00e1 probada desde hace m\u00e1s de 20 a\u00f1os. <strong>M\u00e1s de 1.000 suelos m\u00f3viles Aqualift instalados en Francia<\/strong> <strong>y en todo el mundo<\/strong>, En prestigiosas residencias, grandes hoteles, cruceros y las casas de muchas celebridades.<\/p>\n\n\n\n<p>Vous souhaitez un fond mobile et vous ne voulez pas essuyer les pl\u00e2tres avec des produits exp\u00e9rimentaux, non fiables, voire dangereux ?Ne vous cassez pas la t\u00eate. Choisissez AQUALIFT et vous aurez l&rsquo;assurance d&rsquo;une solution fiable et garantie \u00e0 vie (avec le contrat de maintenance).&nbsp;Chez Piscine Nature, nous vous apportons le service complet :&nbsp;<br>- <strong>Construcci\u00f3n de la piscina<\/strong> y todos los <strong>sistema hidr\u00e1ulico<\/strong>,&nbsp;<br>- Integraci\u00f3n del fondo m\u00f3vil Aqualift,<br>- <strong>Revestimiento de suelo m\u00f3vil<\/strong> con un bonito entarimado de madera (o suelo de baldosas, seg\u00fan prefiera). <strong>Paisajismo de los alrededores<\/strong> cubiertas de madera, cubiertas pavimentadas, casetas de piscina - y por supuesto <strong>ofrecemos mantenimiento<\/strong> de su piscina y el mantenimiento del fondo m\u00f3vil.<\/p>\n<\/div>\n\n\n\n<div class=\"wp-block-column is-layout-flow wp-block-column-is-layout-flow\">\n<figure class=\"wp-block-image size-full\"><img decoding=\"async\" width=\"600\" height=\"397\" src=\"https:\/\/terrasse-mobile.net\/wp-content\/uploads\/2024\/11\/REA-CHABOT-06.jpg\" alt=\"Construction d'une piscine \u00e0 fond mobile\" class=\"wp-image-6249\" style=\"aspect-ratio:3\/2;object-fit:cover\" srcset=\"https:\/\/terrasse-mobile.net\/wp-content\/uploads\/2024\/11\/REA-CHABOT-06.jpg 600w, https:\/\/terrasse-mobile.net\/wp-content\/uploads\/2024\/11\/REA-CHABOT-06-300x199.jpg 300w, https:\/\/terrasse-mobile.net\/wp-content\/uploads\/2024\/11\/REA-CHABOT-06-50x33.jpg 50w\" sizes=\"(max-width: 600px) 100vw, 600px\" \/><\/figure>\n<\/div>\n<\/div>\n\n\n\n<div class=\"wp-block-buttons is-content-justification-center is-layout-flex wp-container-core-buttons-is-layout-16018d1d wp-block-buttons-is-layout-flex\">\n<div class=\"wp-block-button\"><a class=\"wp-block-button__link has-small-font-size has-custom-font-size wp-element-button\" href=\"https:\/\/piscines.oxatis.com\/piscine-a-fond-mobile.htm\">En savoir + sur les piscines \u00e0 fond mobile<\/a><\/div>\n<\/div>\n<\/div><\/div>\n<\/div><\/div>\n\n\n\n<p><\/p>","protected":false},"excerpt":{"rendered":"<p>Une terrasse sur un fond mobile qui descend au fond de la piscine ?Comment \u00e7a marche ? Est ce fiable ? Un fond mobile est une technologie ultra innovante. En effet, il y a un m\u00e9canisme qui permet de faire descendre ou monter le fond de la piscine. En position \u00ab\u00a0ferm\u00e9e\u00a0\u00bb, nous ne distinguons quasiment&#8230;<\/p>","protected":false},"author":1,"featured_media":3640,"parent":5610,"menu_order":60,"comment_status":"closed","ping_status":"closed","template":"","meta":{"_kad_post_transparent":"","_kad_post_title":"","_kad_post_layout":"","_kad_post_sidebar_id":"","_kad_post_content_style":"","_kad_post_vertical_padding":"","_kad_post_feature":"","_kad_post_feature_position":"","_kad_post_header":false,"_kad_post_footer":false,"_kad_post_classname":"","footnotes":""},"folder":[],"class_list":["post-5616","page","type-page","status-publish","has-post-thumbnail","hentry"],"yoast_head":"<!-- This site is optimized with the Yoast SEO plugin v27.3 - https:\/\/yoast.com\/product\/yoast-seo-wordpress\/ -->\n<title>La piscine \u00e0 fond mobile<\/title>\n<meta name=\"description\" content=\"La piscine \u00e0 fond mobile permet de prot\u00e9ger la piscine. En effet, le fond est suspendu par des c\u00e2bles : il peut monter et descendre.\" \/>\n<meta name=\"robots\" content=\"index, follow, max-snippet:-1, max-image-preview:large, max-video-preview:-1\" \/>\n<link rel=\"canonical\" href=\"https:\/\/terrasse-mobile.net\/es\/protections-piscine\/piscine-fond-mobile\/\" \/>\n<meta property=\"og:locale\" content=\"es_ES\" \/>\n<meta property=\"og:type\" content=\"article\" \/>\n<meta property=\"og:title\" content=\"La piscine \u00e0 fond mobile\" \/>\n<meta property=\"og:description\" content=\"La piscine \u00e0 fond mobile permet de prot\u00e9ger la piscine. En effet, le fond est suspendu par des c\u00e2bles : il peut monter et descendre.\" \/>\n<meta property=\"og:url\" content=\"https:\/\/terrasse-mobile.net\/es\/protections-piscine\/piscine-fond-mobile\/\" \/>\n<meta property=\"og:site_name\" content=\"Terrasse mobile\" \/>\n<meta property=\"article:modified_time\" content=\"2025-11-25T15:31:18+00:00\" \/>\n<meta property=\"og:image\" content=\"https:\/\/terrasse-mobile.net\/wp-content\/uploads\/2024\/02\/REAL-SABOURAULT-PISCINE-2.jpg\" \/>\n\t<meta property=\"og:image:width\" content=\"2000\" \/>\n\t<meta property=\"og:image:height\" content=\"1500\" \/>\n\t<meta property=\"og:image:type\" content=\"image\/jpeg\" \/>\n<meta name=\"twitter:card\" content=\"summary_large_image\" \/>\n<meta name=\"twitter:label1\" content=\"Tiempo de lectura\" \/>\n\t<meta name=\"twitter:data1\" content=\"3 minutos\" \/>\n<script type=\"application\/ld+json\" class=\"yoast-schema-graph\">{\"@context\":\"https:\\\/\\\/schema.org\",\"@graph\":[{\"@type\":\"WebPage\",\"@id\":\"https:\\\/\\\/terrasse-mobile.net\\\/protections-piscine\\\/piscine-fond-mobile\\\/\",\"url\":\"https:\\\/\\\/terrasse-mobile.net\\\/protections-piscine\\\/piscine-fond-mobile\\\/\",\"name\":\"La piscine \u00e0 fond mobile\",\"isPartOf\":{\"@id\":\"https:\\\/\\\/terrasse-mobile.net\\\/#website\"},\"primaryImageOfPage\":{\"@id\":\"https:\\\/\\\/terrasse-mobile.net\\\/protections-piscine\\\/piscine-fond-mobile\\\/#primaryimage\"},\"image\":{\"@id\":\"https:\\\/\\\/terrasse-mobile.net\\\/protections-piscine\\\/piscine-fond-mobile\\\/#primaryimage\"},\"thumbnailUrl\":\"https:\\\/\\\/terrasse-mobile.net\\\/wp-content\\\/uploads\\\/2024\\\/02\\\/REAL-SABOURAULT-PISCINE-2.jpg\",\"datePublished\":\"2024-10-02T12:44:39+00:00\",\"dateModified\":\"2025-11-25T15:31:18+00:00\",\"description\":\"La piscine \u00e0 fond mobile permet de prot\u00e9ger la piscine. En effet, le fond est suspendu par des c\u00e2bles : il peut monter et descendre.\",\"breadcrumb\":{\"@id\":\"https:\\\/\\\/terrasse-mobile.net\\\/protections-piscine\\\/piscine-fond-mobile\\\/#breadcrumb\"},\"inLanguage\":\"es\",\"potentialAction\":[{\"@type\":\"ReadAction\",\"target\":[\"https:\\\/\\\/terrasse-mobile.net\\\/protections-piscine\\\/piscine-fond-mobile\\\/\"]}]},{\"@type\":\"ImageObject\",\"inLanguage\":\"es\",\"@id\":\"https:\\\/\\\/terrasse-mobile.net\\\/protections-piscine\\\/piscine-fond-mobile\\\/#primaryimage\",\"url\":\"https:\\\/\\\/terrasse-mobile.net\\\/wp-content\\\/uploads\\\/2024\\\/02\\\/REAL-SABOURAULT-PISCINE-2.jpg\",\"contentUrl\":\"https:\\\/\\\/terrasse-mobile.net\\\/wp-content\\\/uploads\\\/2024\\\/02\\\/REAL-SABOURAULT-PISCINE-2.jpg\",\"width\":2000,\"height\":1500,\"caption\":\"DCIM100MEDIADJI_0365.JPG\"},{\"@type\":\"BreadcrumbList\",\"@id\":\"https:\\\/\\\/terrasse-mobile.net\\\/protections-piscine\\\/piscine-fond-mobile\\\/#breadcrumb\",\"itemListElement\":[{\"@type\":\"ListItem\",\"position\":1,\"name\":\"Accueil\",\"item\":\"https:\\\/\\\/terrasse-mobile.net\\\/\"},{\"@type\":\"ListItem\",\"position\":2,\"name\":\"LES AUTRES SOLUTIONS DE PROTECTION\",\"item\":\"https:\\\/\\\/terrasse-mobile.net\\\/protections-piscine\\\/\"},{\"@type\":\"ListItem\",\"position\":3,\"name\":\"LES PISCINES \u00c0 FOND MOBILE\"}]},{\"@type\":\"WebSite\",\"@id\":\"https:\\\/\\\/terrasse-mobile.net\\\/#website\",\"url\":\"https:\\\/\\\/terrasse-mobile.net\\\/\",\"name\":\"Slidedeck\",\"description\":\"Construction sur mesure de terrasses mobiles en \u00cele-de-France\",\"publisher\":{\"@id\":\"https:\\\/\\\/terrasse-mobile.net\\\/#organization\"},\"potentialAction\":[{\"@type\":\"SearchAction\",\"target\":{\"@type\":\"EntryPoint\",\"urlTemplate\":\"https:\\\/\\\/terrasse-mobile.net\\\/?s={search_term_string}\"},\"query-input\":{\"@type\":\"PropertyValueSpecification\",\"valueRequired\":true,\"valueName\":\"search_term_string\"}}],\"inLanguage\":\"es\"},{\"@type\":\"Organization\",\"@id\":\"https:\\\/\\\/terrasse-mobile.net\\\/#organization\",\"name\":\"Slidedeck\",\"url\":\"https:\\\/\\\/terrasse-mobile.net\\\/\",\"logo\":{\"@type\":\"ImageObject\",\"inLanguage\":\"es\",\"@id\":\"https:\\\/\\\/terrasse-mobile.net\\\/#\\\/schema\\\/logo\\\/image\\\/\",\"url\":\"https:\\\/\\\/terrasse-mobile.net\\\/wp-content\\\/uploads\\\/2024\\\/01\\\/logo-slidedeck.jpg\",\"contentUrl\":\"https:\\\/\\\/terrasse-mobile.net\\\/wp-content\\\/uploads\\\/2024\\\/01\\\/logo-slidedeck.jpg\",\"width\":2000,\"height\":1103,\"caption\":\"Slidedeck\"},\"image\":{\"@id\":\"https:\\\/\\\/terrasse-mobile.net\\\/#\\\/schema\\\/logo\\\/image\\\/\"}}]}<\/script>\n<!-- \/ Yoast SEO plugin. -->","yoast_head_json":{"title":"Piscinas con fondo m\u00f3vil","description":"La piscine \u00e0 fond mobile permet de prot\u00e9ger la piscine. En effet, le fond est suspendu par des c\u00e2bles : il peut monter et descendre.","robots":{"index":"index","follow":"follow","max-snippet":"max-snippet:-1","max-image-preview":"max-image-preview:large","max-video-preview":"max-video-preview:-1"},"canonical":"https:\/\/terrasse-mobile.net\/es\/protections-piscine\/piscine-fond-mobile\/","og_locale":"es_ES","og_type":"article","og_title":"La piscine \u00e0 fond mobile","og_description":"La piscine \u00e0 fond mobile permet de prot\u00e9ger la piscine. En effet, le fond est suspendu par des c\u00e2bles : il peut monter et descendre.","og_url":"https:\/\/terrasse-mobile.net\/es\/protections-piscine\/piscine-fond-mobile\/","og_site_name":"Terrasse mobile","article_modified_time":"2025-11-25T15:31:18+00:00","og_image":[{"width":2000,"height":1500,"url":"https:\/\/terrasse-mobile.net\/wp-content\/uploads\/2024\/02\/REAL-SABOURAULT-PISCINE-2.jpg","type":"image\/jpeg"}],"twitter_card":"summary_large_image","twitter_misc":{"Tiempo de lectura":"3 minutos"},"schema":{"@context":"https:\/\/schema.org","@graph":[{"@type":"WebPage","@id":"https:\/\/terrasse-mobile.net\/protections-piscine\/piscine-fond-mobile\/","url":"https:\/\/terrasse-mobile.net\/protections-piscine\/piscine-fond-mobile\/","name":"Piscinas con fondo m\u00f3vil","isPartOf":{"@id":"https:\/\/terrasse-mobile.net\/#website"},"primaryImageOfPage":{"@id":"https:\/\/terrasse-mobile.net\/protections-piscine\/piscine-fond-mobile\/#primaryimage"},"image":{"@id":"https:\/\/terrasse-mobile.net\/protections-piscine\/piscine-fond-mobile\/#primaryimage"},"thumbnailUrl":"https:\/\/terrasse-mobile.net\/wp-content\/uploads\/2024\/02\/REAL-SABOURAULT-PISCINE-2.jpg","datePublished":"2024-10-02T12:44:39+00:00","dateModified":"2025-11-25T15:31:18+00:00","description":"La piscine \u00e0 fond mobile permet de prot\u00e9ger la piscine. En effet, le fond est suspendu par des c\u00e2bles : il peut monter et descendre.","breadcrumb":{"@id":"https:\/\/terrasse-mobile.net\/protections-piscine\/piscine-fond-mobile\/#breadcrumb"},"inLanguage":"es","potentialAction":[{"@type":"ReadAction","target":["https:\/\/terrasse-mobile.net\/protections-piscine\/piscine-fond-mobile\/"]}]},{"@type":"ImageObject","inLanguage":"es","@id":"https:\/\/terrasse-mobile.net\/protections-piscine\/piscine-fond-mobile\/#primaryimage","url":"https:\/\/terrasse-mobile.net\/wp-content\/uploads\/2024\/02\/REAL-SABOURAULT-PISCINE-2.jpg","contentUrl":"https:\/\/terrasse-mobile.net\/wp-content\/uploads\/2024\/02\/REAL-SABOURAULT-PISCINE-2.jpg","width":2000,"height":1500,"caption":"DCIM100MEDIADJI_0365.JPG"},{"@type":"BreadcrumbList","@id":"https:\/\/terrasse-mobile.net\/protections-piscine\/piscine-fond-mobile\/#breadcrumb","itemListElement":[{"@type":"ListItem","position":1,"name":"Accueil","item":"https:\/\/terrasse-mobile.net\/"},{"@type":"ListItem","position":2,"name":"LES AUTRES SOLUTIONS DE PROTECTION","item":"https:\/\/terrasse-mobile.net\/protections-piscine\/"},{"@type":"ListItem","position":3,"name":"LES PISCINES \u00c0 FOND MOBILE"}]},{"@type":"WebSite","@id":"https:\/\/terrasse-mobile.net\/#website","url":"https:\/\/terrasse-mobile.net\/","name":"Plataforma deslizante","description":"Terrazas m\u00f3viles a medida en la regi\u00f3n parisina","publisher":{"@id":"https:\/\/terrasse-mobile.net\/#organization"},"potentialAction":[{"@type":"SearchAction","target":{"@type":"EntryPoint","urlTemplate":"https:\/\/terrasse-mobile.net\/?s={search_term_string}"},"query-input":{"@type":"PropertyValueSpecification","valueRequired":true,"valueName":"search_term_string"}}],"inLanguage":"es"},{"@type":"Organization","@id":"https:\/\/terrasse-mobile.net\/#organization","name":"Plataforma deslizante","url":"https:\/\/terrasse-mobile.net\/","logo":{"@type":"ImageObject","inLanguage":"es","@id":"https:\/\/terrasse-mobile.net\/#\/schema\/logo\/image\/","url":"https:\/\/terrasse-mobile.net\/wp-content\/uploads\/2024\/01\/logo-slidedeck.jpg","contentUrl":"https:\/\/terrasse-mobile.net\/wp-content\/uploads\/2024\/01\/logo-slidedeck.jpg","width":2000,"height":1103,"caption":"Slidedeck"},"image":{"@id":"https:\/\/terrasse-mobile.net\/#\/schema\/logo\/image\/"}}]}},"_links":{"self":[{"href":"https:\/\/terrasse-mobile.net\/es\/wp-json\/wp\/v2\/pages\/5616","targetHints":{"allow":["GET"]}}],"collection":[{"href":"https:\/\/terrasse-mobile.net\/es\/wp-json\/wp\/v2\/pages"}],"about":[{"href":"https:\/\/terrasse-mobile.net\/es\/wp-json\/wp\/v2\/types\/page"}],"author":[{"embeddable":true,"href":"https:\/\/terrasse-mobile.net\/es\/wp-json\/wp\/v2\/users\/1"}],"replies":[{"embeddable":true,"href":"https:\/\/terrasse-mobile.net\/es\/wp-json\/wp\/v2\/comments?post=5616"}],"version-history":[{"count":8,"href":"https:\/\/terrasse-mobile.net\/es\/wp-json\/wp\/v2\/pages\/5616\/revisions"}],"predecessor-version":[{"id":7318,"href":"https:\/\/terrasse-mobile.net\/es\/wp-json\/wp\/v2\/pages\/5616\/revisions\/7318"}],"up":[{"embeddable":true,"href":"https:\/\/terrasse-mobile.net\/es\/wp-json\/wp\/v2\/pages\/5610"}],"wp:featuredmedia":[{"embeddable":true,"href":"https:\/\/terrasse-mobile.net\/es\/wp-json\/wp\/v2\/media\/3640"}],"wp:attachment":[{"href":"https:\/\/terrasse-mobile.net\/es\/wp-json\/wp\/v2\/media?parent=5616"}],"wp:term":[{"taxonomy":"folder","embeddable":true,"href":"https:\/\/terrasse-mobile.net\/es\/wp-json\/wp\/v2\/folder?post=5616"}],"curies":[{"name":"wp","href":"https:\/\/api.w.org\/{rel}","templated":true}]}}