{"id":5624,"date":"2024-10-02T14:44:31","date_gmt":"2024-10-02T12:44:31","guid":{"rendered":"https:\/\/terrasse-mobile.net\/?page_id=5624"},"modified":"2025-11-25T16:35:52","modified_gmt":"2025-11-25T15:35:52","slug":"volet-immerge-piscine","status":"publish","type":"page","link":"https:\/\/terrasse-mobile.net\/es\/protections-piscine\/volet-immerge-piscine\/","title":{"rendered":"LES VOLETS IMMERG\u00c9S POUR PISCINE"},"content":{"rendered":"<div class=\"wp-block-group\"><div class=\"wp-block-group__inner-container is-layout-constrained wp-block-group-is-layout-constrained\">\n<div class=\"wp-block-columns is-layout-flex wp-container-core-columns-is-layout-9d6595d7 wp-block-columns-is-layout-flex\">\n<div class=\"wp-block-column is-layout-flow wp-block-column-is-layout-flow\">\n<h2 class=\"wp-block-heading\">Descubra nuestras cubiertas subacu\u00e1ticas para proteger su piscina<\/h2>\n\n\n\n<p>La cubierta sumergida es una excelente alternativa a la terraza m\u00f3vil si su objetivo es proteger el agua de su piscina. Tambi\u00e9n llamada cortina de piscina, la cubierta sumergida protege eficazmente el agua de su piscina. En posici\u00f3n abierta, la cubierta se enrolla alrededor de un eje met\u00e1lico situado en un dep\u00f3sito de hormig\u00f3n armado. Para cerrarla, basta con accionar el mecanismo (electr\u00f3nico o manual) para cerrar la cubierta sumergida.&nbsp;<\/p>\n\n\n\n<p>Descubra el innovador sistema Autofix. Autofix utiliza un sistema de imanes para bloquear la persiana bajo el agua. Los imanes situados en el extremo del obturador se fijan a una membrana met\u00e1lica oculta tras la membrana de PVC.<\/p>\n\n\n\n<p>Descubra ahora las ventajas de una cubierta sumergida para su piscina ...<\/p>\n<\/div>\n\n\n\n<div class=\"wp-block-column is-layout-flow wp-block-column-is-layout-flow\">\n<figure class=\"wp-block-image size-full\"><img decoding=\"async\" width=\"600\" height=\"397\" src=\"https:\/\/terrasse-mobile.net\/wp-content\/uploads\/2024\/02\/REA-BEAUGRAND-VOLET-00009.jpg\" alt=\"cubierta de piscina sumergida\" class=\"wp-image-2387\" style=\"aspect-ratio:3\/2;object-fit:cover\" srcset=\"https:\/\/terrasse-mobile.net\/wp-content\/uploads\/2024\/02\/REA-BEAUGRAND-VOLET-00009.jpg 600w, https:\/\/terrasse-mobile.net\/wp-content\/uploads\/2024\/02\/REA-BEAUGRAND-VOLET-00009-300x199.jpg 300w\" sizes=\"(max-width: 600px) 100vw, 600px\" \/><\/figure>\n<\/div>\n<\/div>\n<\/div><\/div>\n\n\n\n<div class=\"wp-block-group\"><div class=\"wp-block-group__inner-container is-layout-constrained wp-block-group-is-layout-constrained\">\n<div class=\"wp-block-columns is-layout-flex wp-container-core-columns-is-layout-9d6595d7 wp-block-columns-is-layout-flex\">\n<div class=\"wp-block-column is-layout-flow wp-block-column-is-layout-flow\">\n<figure class=\"wp-block-image size-full\"><img decoding=\"async\" width=\"600\" height=\"397\" src=\"https:\/\/terrasse-mobile.net\/wp-content\/uploads\/2024\/02\/REA-BEAUGRAND-VOLET-00007.jpg\" alt=\"cubierta de piscina sumergida\" class=\"wp-image-2388\" style=\"aspect-ratio:3\/2;object-fit:cover\" srcset=\"https:\/\/terrasse-mobile.net\/wp-content\/uploads\/2024\/02\/REA-BEAUGRAND-VOLET-00007.jpg 600w, https:\/\/terrasse-mobile.net\/wp-content\/uploads\/2024\/02\/REA-BEAUGRAND-VOLET-00007-300x199.jpg 300w\" sizes=\"(max-width: 600px) 100vw, 600px\" \/><\/figure>\n<\/div>\n\n\n\n<div class=\"wp-block-column is-layout-flow wp-block-column-is-layout-flow\">\n<h2 class=\"wp-block-heading\">Descubra nuestras cubiertas subacu\u00e1ticas para proteger su piscina<\/h2>\n\n\n\n<p>Esta cubierta especial protege el agua de la piscina de la suciedad y el polvo, lo que facilita el mantenimiento de la calidad del agua. La cubierta sumergida tambi\u00e9n simplifica el mantenimiento de la piscina (aunque sigue siendo necesario comprobar el estado de la piscina y continuar tratando el agua).<\/p>\n\n\n\n<h2 class=\"wp-block-heading\">Reduce la evaporaci\u00f3n del agua de su piscina<\/h2>\n\n\n\n<p>Gracias a su estanqueidad, la aleta sumergida reduce considerablemente la evaporaci\u00f3n del agua, lo que contribuye a una gesti\u00f3n m\u00e1s responsable del consumo de agua.<\/p>\n<\/div>\n<\/div>\n<\/div><\/div>\n\n\n\n<h2 class=\"wp-block-heading\"><\/h2>\n\n\n\n<div class=\"wp-block-group\"><div class=\"wp-block-group__inner-container is-layout-constrained wp-block-group-is-layout-constrained\">\n<div class=\"wp-block-columns is-layout-flex wp-container-core-columns-is-layout-9d6595d7 wp-block-columns-is-layout-flex\">\n<div class=\"wp-block-column is-layout-flow wp-block-column-is-layout-flow\">\n<h2 class=\"wp-block-heading\">Mantener la temperatura del agua de la piscina<\/h2>\n\n\n\n<p>Mantener la temperatura \u00f3ptima del agua de la piscina puede resultar dif\u00edcil, sobre todo en las temporadas de entretiempo. La persiana enrollable retiene el calor del agua e incluso ayuda a calentarla gracias al efecto invernadero que crea.<\/p>\n\n\n\n<h2 class=\"wp-block-heading\">Se preserva la est\u00e9tica de su piscina<\/h2>\n\n\n\n<p>Nuestras contraventanas sumergidas est\u00e1n disponibles en una gran variedad de colores y materiales para adaptarse a todos los estilos. Los modelos sumergidos o integrados se distinguen por su discreci\u00f3n y su cuidado dise\u00f1o.<\/p>\n\n\n\n<div class=\"wp-block-buttons is-layout-flex wp-block-buttons-is-layout-flex\">\n<div class=\"wp-block-button is-style-outline is-style-outline--1\"><a class=\"wp-block-button__link has-small-font-size has-custom-font-size wp-element-button\" href=\"https:\/\/piscines.oxatis.com\/volet-immerge-pour-piscine-a-debordement.htm\">DESCUBRA UNA INSTALACI\u00d3N DE PERSIANAS SUMERGIDAS DE PISCINE NATURE<\/a><\/div>\n<\/div>\n<\/div>\n\n\n\n<div class=\"wp-block-column is-layout-flow wp-block-column-is-layout-flow\">\n<figure class=\"wp-block-image size-full\"><img decoding=\"async\" width=\"600\" height=\"397\" src=\"https:\/\/terrasse-mobile.net\/wp-content\/uploads\/2024\/02\/REA-BEAUGRAND-VOLET-00005.jpg\" alt=\"Volet immerg\u00e9 ferm\u00e9\" class=\"wp-image-2406\" style=\"aspect-ratio:3\/2;object-fit:cover\" srcset=\"https:\/\/terrasse-mobile.net\/wp-content\/uploads\/2024\/02\/REA-BEAUGRAND-VOLET-00005.jpg 600w, https:\/\/terrasse-mobile.net\/wp-content\/uploads\/2024\/02\/REA-BEAUGRAND-VOLET-00005-300x199.jpg 300w\" sizes=\"(max-width: 600px) 100vw, 600px\" \/><\/figure>\n<\/div>\n<\/div>\n<\/div><\/div>","protected":false},"excerpt":{"rendered":"<p>D\u00e9couvrez nos volets immerg\u00e9s pour prot\u00e9ger votre piscine\u200b Le volet immerg\u00e9 est une excellente variante de la terrasse mobile si votre objectif est de prot\u00e9ger l&rsquo;eau de votre piscine. Aussi appel\u00e9 rideau de piscine, le volet immerg\u00e9 permet une protection efficace de l&rsquo;eau de votre piscine. En position ouverte, le volet est enroul\u00e9 autour d&rsquo;un&#8230;<\/p>","protected":false},"author":1,"featured_media":3640,"parent":5610,"menu_order":62,"comment_status":"closed","ping_status":"closed","template":"","meta":{"_kad_post_transparent":"","_kad_post_title":"","_kad_post_layout":"","_kad_post_sidebar_id":"","_kad_post_content_style":"","_kad_post_vertical_padding":"","_kad_post_feature":"","_kad_post_feature_position":"","_kad_post_header":false,"_kad_post_footer":false,"_kad_post_classname":"","footnotes":""},"folder":[],"class_list":["post-5624","page","type-page","status-publish","has-post-thumbnail","hentry"],"yoast_head":"<!-- This site is optimized with the Yoast SEO plugin v27.3 - https:\/\/yoast.com\/product\/yoast-seo-wordpress\/ -->\n<title>Le volet immerg\u00e9 pour piscine<\/title>\n<meta name=\"description\" content=\"Les volets immerg\u00e9s en polyur\u00e9thane sont une solution de protection de piscine aussi discr\u00e8te qu&#039;esth\u00e9tique.\" \/>\n<meta name=\"robots\" content=\"index, follow, max-snippet:-1, max-image-preview:large, max-video-preview:-1\" \/>\n<link rel=\"canonical\" href=\"https:\/\/terrasse-mobile.net\/es\/protections-piscine\/volet-immerge-piscine\/\" \/>\n<meta property=\"og:locale\" content=\"es_ES\" \/>\n<meta property=\"og:type\" content=\"article\" \/>\n<meta property=\"og:title\" content=\"Le volet immerg\u00e9 pour piscine\" \/>\n<meta property=\"og:description\" content=\"Les volets immerg\u00e9s en polyur\u00e9thane sont une solution de protection de piscine aussi discr\u00e8te qu&#039;esth\u00e9tique.\" \/>\n<meta property=\"og:url\" content=\"https:\/\/terrasse-mobile.net\/es\/protections-piscine\/volet-immerge-piscine\/\" \/>\n<meta property=\"og:site_name\" content=\"Terrasse mobile\" \/>\n<meta property=\"article:modified_time\" content=\"2025-11-25T15:35:52+00:00\" \/>\n<meta property=\"og:image\" content=\"https:\/\/terrasse-mobile.net\/wp-content\/uploads\/2024\/02\/REAL-SABOURAULT-PISCINE-2.jpg\" \/>\n\t<meta property=\"og:image:width\" content=\"2000\" \/>\n\t<meta property=\"og:image:height\" content=\"1500\" \/>\n\t<meta property=\"og:image:type\" content=\"image\/jpeg\" \/>\n<meta name=\"twitter:card\" content=\"summary_large_image\" \/>\n<meta name=\"twitter:label1\" content=\"Tiempo de lectura\" \/>\n\t<meta name=\"twitter:data1\" content=\"3 minutos\" \/>\n<script type=\"application\/ld+json\" class=\"yoast-schema-graph\">{\"@context\":\"https:\\\/\\\/schema.org\",\"@graph\":[{\"@type\":\"WebPage\",\"@id\":\"https:\\\/\\\/terrasse-mobile.net\\\/protections-piscine\\\/volet-immerge-piscine\\\/\",\"url\":\"https:\\\/\\\/terrasse-mobile.net\\\/protections-piscine\\\/volet-immerge-piscine\\\/\",\"name\":\"Le volet immerg\u00e9 pour piscine\",\"isPartOf\":{\"@id\":\"https:\\\/\\\/terrasse-mobile.net\\\/#website\"},\"primaryImageOfPage\":{\"@id\":\"https:\\\/\\\/terrasse-mobile.net\\\/protections-piscine\\\/volet-immerge-piscine\\\/#primaryimage\"},\"image\":{\"@id\":\"https:\\\/\\\/terrasse-mobile.net\\\/protections-piscine\\\/volet-immerge-piscine\\\/#primaryimage\"},\"thumbnailUrl\":\"https:\\\/\\\/terrasse-mobile.net\\\/wp-content\\\/uploads\\\/2024\\\/02\\\/REAL-SABOURAULT-PISCINE-2.jpg\",\"datePublished\":\"2024-10-02T12:44:31+00:00\",\"dateModified\":\"2025-11-25T15:35:52+00:00\",\"description\":\"Les volets immerg\u00e9s en polyur\u00e9thane sont une solution de protection de piscine aussi discr\u00e8te qu'esth\u00e9tique.\",\"breadcrumb\":{\"@id\":\"https:\\\/\\\/terrasse-mobile.net\\\/protections-piscine\\\/volet-immerge-piscine\\\/#breadcrumb\"},\"inLanguage\":\"es\",\"potentialAction\":[{\"@type\":\"ReadAction\",\"target\":[\"https:\\\/\\\/terrasse-mobile.net\\\/protections-piscine\\\/volet-immerge-piscine\\\/\"]}]},{\"@type\":\"ImageObject\",\"inLanguage\":\"es\",\"@id\":\"https:\\\/\\\/terrasse-mobile.net\\\/protections-piscine\\\/volet-immerge-piscine\\\/#primaryimage\",\"url\":\"https:\\\/\\\/terrasse-mobile.net\\\/wp-content\\\/uploads\\\/2024\\\/02\\\/REAL-SABOURAULT-PISCINE-2.jpg\",\"contentUrl\":\"https:\\\/\\\/terrasse-mobile.net\\\/wp-content\\\/uploads\\\/2024\\\/02\\\/REAL-SABOURAULT-PISCINE-2.jpg\",\"width\":2000,\"height\":1500,\"caption\":\"DCIM100MEDIADJI_0365.JPG\"},{\"@type\":\"BreadcrumbList\",\"@id\":\"https:\\\/\\\/terrasse-mobile.net\\\/protections-piscine\\\/volet-immerge-piscine\\\/#breadcrumb\",\"itemListElement\":[{\"@type\":\"ListItem\",\"position\":1,\"name\":\"Accueil\",\"item\":\"https:\\\/\\\/terrasse-mobile.net\\\/\"},{\"@type\":\"ListItem\",\"position\":2,\"name\":\"LES AUTRES SOLUTIONS DE PROTECTION\",\"item\":\"https:\\\/\\\/terrasse-mobile.net\\\/protections-piscine\\\/\"},{\"@type\":\"ListItem\",\"position\":3,\"name\":\"LES VOLETS IMMERG\u00c9S POUR PISCINE\"}]},{\"@type\":\"WebSite\",\"@id\":\"https:\\\/\\\/terrasse-mobile.net\\\/#website\",\"url\":\"https:\\\/\\\/terrasse-mobile.net\\\/\",\"name\":\"Slidedeck\",\"description\":\"Construction sur mesure de terrasses mobiles en \u00cele-de-France\",\"publisher\":{\"@id\":\"https:\\\/\\\/terrasse-mobile.net\\\/#organization\"},\"potentialAction\":[{\"@type\":\"SearchAction\",\"target\":{\"@type\":\"EntryPoint\",\"urlTemplate\":\"https:\\\/\\\/terrasse-mobile.net\\\/?s={search_term_string}\"},\"query-input\":{\"@type\":\"PropertyValueSpecification\",\"valueRequired\":true,\"valueName\":\"search_term_string\"}}],\"inLanguage\":\"es\"},{\"@type\":\"Organization\",\"@id\":\"https:\\\/\\\/terrasse-mobile.net\\\/#organization\",\"name\":\"Slidedeck\",\"url\":\"https:\\\/\\\/terrasse-mobile.net\\\/\",\"logo\":{\"@type\":\"ImageObject\",\"inLanguage\":\"es\",\"@id\":\"https:\\\/\\\/terrasse-mobile.net\\\/#\\\/schema\\\/logo\\\/image\\\/\",\"url\":\"https:\\\/\\\/terrasse-mobile.net\\\/wp-content\\\/uploads\\\/2024\\\/01\\\/logo-slidedeck.jpg\",\"contentUrl\":\"https:\\\/\\\/terrasse-mobile.net\\\/wp-content\\\/uploads\\\/2024\\\/01\\\/logo-slidedeck.jpg\",\"width\":2000,\"height\":1103,\"caption\":\"Slidedeck\"},\"image\":{\"@id\":\"https:\\\/\\\/terrasse-mobile.net\\\/#\\\/schema\\\/logo\\\/image\\\/\"}}]}<\/script>\n<!-- \/ Yoast SEO plugin. -->","yoast_head_json":{"title":"La cubierta sumergida de la piscina","description":"Les volets immerg\u00e9s en polyur\u00e9thane sont une solution de protection de piscine aussi discr\u00e8te qu'esth\u00e9tique.","robots":{"index":"index","follow":"follow","max-snippet":"max-snippet:-1","max-image-preview":"max-image-preview:large","max-video-preview":"max-video-preview:-1"},"canonical":"https:\/\/terrasse-mobile.net\/es\/protections-piscine\/volet-immerge-piscine\/","og_locale":"es_ES","og_type":"article","og_title":"Le volet immerg\u00e9 pour piscine","og_description":"Les volets immerg\u00e9s en polyur\u00e9thane sont une solution de protection de piscine aussi discr\u00e8te qu'esth\u00e9tique.","og_url":"https:\/\/terrasse-mobile.net\/es\/protections-piscine\/volet-immerge-piscine\/","og_site_name":"Terrasse mobile","article_modified_time":"2025-11-25T15:35:52+00:00","og_image":[{"width":2000,"height":1500,"url":"https:\/\/terrasse-mobile.net\/wp-content\/uploads\/2024\/02\/REAL-SABOURAULT-PISCINE-2.jpg","type":"image\/jpeg"}],"twitter_card":"summary_large_image","twitter_misc":{"Tiempo de lectura":"3 minutos"},"schema":{"@context":"https:\/\/schema.org","@graph":[{"@type":"WebPage","@id":"https:\/\/terrasse-mobile.net\/protections-piscine\/volet-immerge-piscine\/","url":"https:\/\/terrasse-mobile.net\/protections-piscine\/volet-immerge-piscine\/","name":"La cubierta sumergida de la piscina","isPartOf":{"@id":"https:\/\/terrasse-mobile.net\/#website"},"primaryImageOfPage":{"@id":"https:\/\/terrasse-mobile.net\/protections-piscine\/volet-immerge-piscine\/#primaryimage"},"image":{"@id":"https:\/\/terrasse-mobile.net\/protections-piscine\/volet-immerge-piscine\/#primaryimage"},"thumbnailUrl":"https:\/\/terrasse-mobile.net\/wp-content\/uploads\/2024\/02\/REAL-SABOURAULT-PISCINE-2.jpg","datePublished":"2024-10-02T12:44:31+00:00","dateModified":"2025-11-25T15:35:52+00:00","description":"Les volets immerg\u00e9s en polyur\u00e9thane sont une solution de protection de piscine aussi discr\u00e8te qu'esth\u00e9tique.","breadcrumb":{"@id":"https:\/\/terrasse-mobile.net\/protections-piscine\/volet-immerge-piscine\/#breadcrumb"},"inLanguage":"es","potentialAction":[{"@type":"ReadAction","target":["https:\/\/terrasse-mobile.net\/protections-piscine\/volet-immerge-piscine\/"]}]},{"@type":"ImageObject","inLanguage":"es","@id":"https:\/\/terrasse-mobile.net\/protections-piscine\/volet-immerge-piscine\/#primaryimage","url":"https:\/\/terrasse-mobile.net\/wp-content\/uploads\/2024\/02\/REAL-SABOURAULT-PISCINE-2.jpg","contentUrl":"https:\/\/terrasse-mobile.net\/wp-content\/uploads\/2024\/02\/REAL-SABOURAULT-PISCINE-2.jpg","width":2000,"height":1500,"caption":"DCIM100MEDIADJI_0365.JPG"},{"@type":"BreadcrumbList","@id":"https:\/\/terrasse-mobile.net\/protections-piscine\/volet-immerge-piscine\/#breadcrumb","itemListElement":[{"@type":"ListItem","position":1,"name":"Accueil","item":"https:\/\/terrasse-mobile.net\/"},{"@type":"ListItem","position":2,"name":"LES AUTRES SOLUTIONS DE PROTECTION","item":"https:\/\/terrasse-mobile.net\/protections-piscine\/"},{"@type":"ListItem","position":3,"name":"LES VOLETS IMMERG\u00c9S POUR PISCINE"}]},{"@type":"WebSite","@id":"https:\/\/terrasse-mobile.net\/#website","url":"https:\/\/terrasse-mobile.net\/","name":"Plataforma deslizante","description":"Terrazas m\u00f3viles a medida en la regi\u00f3n parisina","publisher":{"@id":"https:\/\/terrasse-mobile.net\/#organization"},"potentialAction":[{"@type":"SearchAction","target":{"@type":"EntryPoint","urlTemplate":"https:\/\/terrasse-mobile.net\/?s={search_term_string}"},"query-input":{"@type":"PropertyValueSpecification","valueRequired":true,"valueName":"search_term_string"}}],"inLanguage":"es"},{"@type":"Organization","@id":"https:\/\/terrasse-mobile.net\/#organization","name":"Plataforma deslizante","url":"https:\/\/terrasse-mobile.net\/","logo":{"@type":"ImageObject","inLanguage":"es","@id":"https:\/\/terrasse-mobile.net\/#\/schema\/logo\/image\/","url":"https:\/\/terrasse-mobile.net\/wp-content\/uploads\/2024\/01\/logo-slidedeck.jpg","contentUrl":"https:\/\/terrasse-mobile.net\/wp-content\/uploads\/2024\/01\/logo-slidedeck.jpg","width":2000,"height":1103,"caption":"Slidedeck"},"image":{"@id":"https:\/\/terrasse-mobile.net\/#\/schema\/logo\/image\/"}}]}},"_links":{"self":[{"href":"https:\/\/terrasse-mobile.net\/es\/wp-json\/wp\/v2\/pages\/5624","targetHints":{"allow":["GET"]}}],"collection":[{"href":"https:\/\/terrasse-mobile.net\/es\/wp-json\/wp\/v2\/pages"}],"about":[{"href":"https:\/\/terrasse-mobile.net\/es\/wp-json\/wp\/v2\/types\/page"}],"author":[{"embeddable":true,"href":"https:\/\/terrasse-mobile.net\/es\/wp-json\/wp\/v2\/users\/1"}],"replies":[{"embeddable":true,"href":"https:\/\/terrasse-mobile.net\/es\/wp-json\/wp\/v2\/comments?post=5624"}],"version-history":[{"count":10,"href":"https:\/\/terrasse-mobile.net\/es\/wp-json\/wp\/v2\/pages\/5624\/revisions"}],"predecessor-version":[{"id":7322,"href":"https:\/\/terrasse-mobile.net\/es\/wp-json\/wp\/v2\/pages\/5624\/revisions\/7322"}],"up":[{"embeddable":true,"href":"https:\/\/terrasse-mobile.net\/es\/wp-json\/wp\/v2\/pages\/5610"}],"wp:featuredmedia":[{"embeddable":true,"href":"https:\/\/terrasse-mobile.net\/es\/wp-json\/wp\/v2\/media\/3640"}],"wp:attachment":[{"href":"https:\/\/terrasse-mobile.net\/es\/wp-json\/wp\/v2\/media?parent=5624"}],"wp:term":[{"taxonomy":"folder","embeddable":true,"href":"https:\/\/terrasse-mobile.net\/es\/wp-json\/wp\/v2\/folder?post=5624"}],"curies":[{"name":"wp","href":"https:\/\/api.w.org\/{rel}","templated":true}]}}