{"id":5660,"date":"2024-10-02T14:48:31","date_gmt":"2024-10-02T12:48:59","guid":{"rendered":"https:\/\/terrasse-mobile.net\/?page_id=5660"},"modified":"2025-10-08T11:17:17","modified_gmt":"2025-10-08T09:17:17","slug":"terraza-movil-de-madera-revestida-con-lamas-de-madera-de-padouk","status":"publish","type":"page","link":"https:\/\/terrasse-mobile.net\/es\/revetements\/bois-exotique\/terrasse-mobile-bois-habillee-lames-bois-padouk\/","title":{"rendered":"LAMINAS DE TERRAZA DE PADUK PARA TERRAZA M\u00d3VIL"},"content":{"rendered":"<p>El&nbsp;<em>Padouk<\/em>&nbsp;es una esencia originaria de \u00c1frica. Es una madera extremadamente&nbsp;<strong>estable<\/strong>, muy&nbsp;<strong>hermoso<\/strong>, con un grano muy fino y un&nbsp;<strong>bonito veteado<\/strong>. El <em>Padouk<\/em>&nbsp;El color es muy rojo. Se trata de un tanino superficial que desaparece en unos d\u00edas (a veces en un fin de semana).<br>Las lamas para terrazas m\u00f3viles en <em>Padouk<\/em>&nbsp;luego adquieren un bonito color gris plateado. Es la madera que m\u00e1s se vuelve gris.&nbsp;<strong>r\u00e1pidamente<\/strong>&nbsp;y lo m\u00e1s&nbsp;<strong>de manera uniforme.<\/strong><br>Cuando est\u00e1 disponible, el&nbsp;<em>Padouk<\/em>&nbsp;es una opci\u00f3n&nbsp;<strong>Muy recomendable para su terraza corredera.<\/strong>. Es una esencia eterna.&nbsp;<strong>sostenible<\/strong>, extremadamente <strong>estable<\/strong>,&nbsp;<strong>poco sensible<\/strong>&nbsp;en la grieta<br>Nuestras tarimas para terrazas en&nbsp;<em>Padouk<\/em>&nbsp;Se secan en secadero (calidad KD) y, a continuaci\u00f3n, se cepillan cuidadosamente.<\/p>\n\n\n\n<h2 class=\"wp-block-heading has-text-align-center\">Las lamas de madera ex\u00f3tica Padouk para su terraza m\u00f3vil<\/h2>\n\n\n\n<div class=\"wp-block-group\"><div class=\"wp-block-group__inner-container is-layout-constrained wp-block-group-is-layout-constrained\">\n<div class=\"wp-block-columns is-layout-flex wp-container-core-columns-is-layout-057de54d wp-block-columns-is-layout-flex\" style=\"margin-top:var(--wp--preset--spacing--50)\">\n<div class=\"wp-block-column is-vertically-aligned-center has-background is-layout-flow wp-block-column-is-layout-flow\" style=\"background-color:#f0f0f0\"><div class=\"wp-block-image is-style-default\">\n<figure class=\"aligncenter size-full\"><img decoding=\"async\" width=\"916\" height=\"687\" src=\"https:\/\/terrasse-mobile.net\/wp-content\/uploads\/2024\/03\/real-rec-persiaux-61-1.jpg\" alt=\"terraza piscina padouk\" class=\"wp-image-4541\" style=\"aspect-ratio:3\/2;object-fit:cover\" srcset=\"https:\/\/terrasse-mobile.net\/wp-content\/uploads\/2024\/03\/real-rec-persiaux-61-1.jpg 916w, https:\/\/terrasse-mobile.net\/wp-content\/uploads\/2024\/03\/real-rec-persiaux-61-1-300x225.jpg 300w, https:\/\/terrasse-mobile.net\/wp-content\/uploads\/2024\/03\/real-rec-persiaux-61-1-768x576.jpg 768w\" sizes=\"(max-width: 916px) 100vw, 916px\" \/><\/figure>\n<\/div>\n\n\n<p class=\"has-text-align-center\"><\/p>\n<\/div>\n\n\n\n<div class=\"wp-block-column is-vertically-aligned-center has-background is-layout-flow wp-block-column-is-layout-flow\" style=\"background-color:#f0f0f0\"><div class=\"wp-block-image is-style-default\">\n<figure class=\"aligncenter size-full\"><img decoding=\"async\" width=\"916\" height=\"687\" src=\"https:\/\/terrasse-mobile.net\/wp-content\/uploads\/2024\/03\/real-rec-persiaux-72.jpg\" alt=\"terraza piscina padouk\" class=\"wp-image-4542\" style=\"aspect-ratio:3\/2;object-fit:cover\" srcset=\"https:\/\/terrasse-mobile.net\/wp-content\/uploads\/2024\/03\/real-rec-persiaux-72.jpg 916w, https:\/\/terrasse-mobile.net\/wp-content\/uploads\/2024\/03\/real-rec-persiaux-72-300x225.jpg 300w, https:\/\/terrasse-mobile.net\/wp-content\/uploads\/2024\/03\/real-rec-persiaux-72-768x576.jpg 768w\" sizes=\"(max-width: 916px) 100vw, 916px\" \/><\/figure>\n<\/div>\n\n\n<p class=\"has-text-align-left\"><\/p>\n<\/div>\n\n\n\n<div class=\"wp-block-column is-vertically-aligned-center has-background is-layout-flow wp-block-column-is-layout-flow\" style=\"background-color:#f0f0f0\"><div class=\"wp-block-image is-style-default\">\n<figure class=\"aligncenter size-full\"><img decoding=\"async\" width=\"916\" height=\"687\" src=\"https:\/\/terrasse-mobile.net\/wp-content\/uploads\/2024\/03\/real-rec-persiaux-58.jpg\" alt=\"terraza piscina padouk\" class=\"wp-image-4539\" style=\"aspect-ratio:3\/2;object-fit:cover\" srcset=\"https:\/\/terrasse-mobile.net\/wp-content\/uploads\/2024\/03\/real-rec-persiaux-58.jpg 916w, https:\/\/terrasse-mobile.net\/wp-content\/uploads\/2024\/03\/real-rec-persiaux-58-300x225.jpg 300w, https:\/\/terrasse-mobile.net\/wp-content\/uploads\/2024\/03\/real-rec-persiaux-58-768x576.jpg 768w\" sizes=\"(max-width: 916px) 100vw, 916px\" \/><\/figure>\n<\/div>\n\n\n<p class=\"has-text-align-left\"><\/p>\n<\/div>\n<\/div>\n\n\n\n<div class=\"wp-block-buttons is-content-justification-center is-layout-flex wp-container-core-buttons-is-layout-16018d1d wp-block-buttons-is-layout-flex\">\n<div class=\"wp-block-button has-custom-font-size is-style-outline has-small-font-size is-style-outline--1\"><a class=\"wp-block-button__link wp-element-button\" href=\"https:\/\/terrasse-mobile.net\/es\/terraza-movil-a-medida\/modelos\/\">DESCUBRA LOS MODELOS<\/a><\/div>\n<\/div>\n<\/div><\/div>\n\n\n\n<p><\/p>","protected":false},"excerpt":{"rendered":"<p>Le&nbsp;Padouk&nbsp;est une essence originaire d&rsquo;afrique. C&rsquo;est un bois extr\u00eamement&nbsp;stable, tr\u00e8s&nbsp;beau, avec un grain tr\u00e8s fin et un&nbsp;beau veinage. Le Padouk&nbsp;frais est tr\u00e8s rouge. Il s&rsquo;agit d&rsquo;un tanin de surface qui disparait en quelques jours (parfois en l&rsquo;espace d&rsquo;un week-end).Les lames pour terrasse mobile en Padouk&nbsp;prennent ensuite un belle couleur grise argent\u00e9e. C&rsquo;est le bois qui&#8230;<\/p>","protected":false},"author":1,"featured_media":3640,"parent":5501,"menu_order":48,"comment_status":"closed","ping_status":"closed","template":"","meta":{"_kad_post_transparent":"","_kad_post_title":"","_kad_post_layout":"","_kad_post_sidebar_id":"","_kad_post_content_style":"","_kad_post_vertical_padding":"","_kad_post_feature":"","_kad_post_feature_position":"","_kad_post_header":false,"_kad_post_footer":false,"_kad_post_classname":"","footnotes":""},"folder":[],"class_list":["post-5660","page","type-page","status-publish","has-post-thumbnail","hentry"],"yoast_head":"<!-- This site is optimized with the Yoast SEO plugin v27.4 - https:\/\/yoast.com\/product\/yoast-seo-wordpress\/ -->\n<title>Recouvrir sa terrasse mobile de piscine avec des lames de Padouk<\/title>\n<meta name=\"description\" content=\"La terrasse mobile pour piscine SlideDeck peut \u00eatre habill\u00e9e avec de belles lames en bois exotique Padouk.\" \/>\n<meta name=\"robots\" content=\"index, follow, max-snippet:-1, max-image-preview:large, max-video-preview:-1\" \/>\n<link rel=\"canonical\" href=\"https:\/\/terrasse-mobile.net\/es\/revestimientos\/madera-exotica\/terraza-movil-de-madera-revestida-con-lamas-de-madera-de-padouk\/\" \/>\n<meta property=\"og:locale\" content=\"es_ES\" \/>\n<meta property=\"og:type\" content=\"article\" \/>\n<meta property=\"og:title\" content=\"Recouvrir sa terrasse mobile de piscine avec des lames de Padouk\" \/>\n<meta property=\"og:description\" content=\"La terrasse mobile pour piscine SlideDeck peut \u00eatre habill\u00e9e avec de belles lames en bois exotique Padouk.\" \/>\n<meta property=\"og:url\" content=\"https:\/\/terrasse-mobile.net\/es\/revestimientos\/madera-exotica\/terraza-movil-de-madera-revestida-con-lamas-de-madera-de-padouk\/\" \/>\n<meta property=\"og:site_name\" content=\"Terrasse mobile\" \/>\n<meta property=\"article:modified_time\" content=\"2025-10-08T09:17:17+00:00\" \/>\n<meta property=\"og:image\" content=\"https:\/\/terrasse-mobile.net\/wp-content\/uploads\/2024\/02\/REAL-SABOURAULT-PISCINE-2.jpg\" \/>\n\t<meta property=\"og:image:width\" content=\"2000\" \/>\n\t<meta property=\"og:image:height\" content=\"1500\" \/>\n\t<meta property=\"og:image:type\" content=\"image\/jpeg\" \/>\n<meta name=\"twitter:card\" content=\"summary_large_image\" \/>\n<meta name=\"twitter:label1\" content=\"Tiempo de lectura\" \/>\n\t<meta name=\"twitter:data1\" content=\"2 minutos\" \/>\n<script type=\"application\/ld+json\" class=\"yoast-schema-graph\">{\"@context\":\"https:\\\/\\\/schema.org\",\"@graph\":[{\"@type\":\"WebPage\",\"@id\":\"https:\\\/\\\/terrasse-mobile.net\\\/revetements\\\/bois-exotique\\\/terrasse-mobile-bois-habillee-lames-bois-padouk\\\/\",\"url\":\"https:\\\/\\\/terrasse-mobile.net\\\/revetements\\\/bois-exotique\\\/terrasse-mobile-bois-habillee-lames-bois-padouk\\\/\",\"name\":\"Recouvrir sa terrasse mobile de piscine avec des lames de Padouk\",\"isPartOf\":{\"@id\":\"https:\\\/\\\/terrasse-mobile.net\\\/#website\"},\"primaryImageOfPage\":{\"@id\":\"https:\\\/\\\/terrasse-mobile.net\\\/revetements\\\/bois-exotique\\\/terrasse-mobile-bois-habillee-lames-bois-padouk\\\/#primaryimage\"},\"image\":{\"@id\":\"https:\\\/\\\/terrasse-mobile.net\\\/revetements\\\/bois-exotique\\\/terrasse-mobile-bois-habillee-lames-bois-padouk\\\/#primaryimage\"},\"thumbnailUrl\":\"https:\\\/\\\/terrasse-mobile.net\\\/wp-content\\\/uploads\\\/2024\\\/02\\\/REAL-SABOURAULT-PISCINE-2.jpg\",\"datePublished\":\"2024-10-02T12:48:59+00:00\",\"dateModified\":\"2025-10-08T09:17:17+00:00\",\"description\":\"La terrasse mobile pour piscine SlideDeck peut \u00eatre habill\u00e9e avec de belles lames en bois exotique Padouk.\",\"breadcrumb\":{\"@id\":\"https:\\\/\\\/terrasse-mobile.net\\\/revetements\\\/bois-exotique\\\/terrasse-mobile-bois-habillee-lames-bois-padouk\\\/#breadcrumb\"},\"inLanguage\":\"es\",\"potentialAction\":[{\"@type\":\"ReadAction\",\"target\":[\"https:\\\/\\\/terrasse-mobile.net\\\/revetements\\\/bois-exotique\\\/terrasse-mobile-bois-habillee-lames-bois-padouk\\\/\"]}]},{\"@type\":\"ImageObject\",\"inLanguage\":\"es\",\"@id\":\"https:\\\/\\\/terrasse-mobile.net\\\/revetements\\\/bois-exotique\\\/terrasse-mobile-bois-habillee-lames-bois-padouk\\\/#primaryimage\",\"url\":\"https:\\\/\\\/terrasse-mobile.net\\\/wp-content\\\/uploads\\\/2024\\\/02\\\/REAL-SABOURAULT-PISCINE-2.jpg\",\"contentUrl\":\"https:\\\/\\\/terrasse-mobile.net\\\/wp-content\\\/uploads\\\/2024\\\/02\\\/REAL-SABOURAULT-PISCINE-2.jpg\",\"width\":2000,\"height\":1500,\"caption\":\"DCIM100MEDIADJI_0365.JPG\"},{\"@type\":\"BreadcrumbList\",\"@id\":\"https:\\\/\\\/terrasse-mobile.net\\\/revetements\\\/bois-exotique\\\/terrasse-mobile-bois-habillee-lames-bois-padouk\\\/#breadcrumb\",\"itemListElement\":[{\"@type\":\"ListItem\",\"position\":1,\"name\":\"Accueil\",\"item\":\"https:\\\/\\\/terrasse-mobile.net\\\/\"},{\"@type\":\"ListItem\",\"position\":2,\"name\":\"LES REV\u00caTEMENTS POUR TERRASSE MOBILE SLIDEDECK\",\"item\":\"https:\\\/\\\/terrasse-mobile.net\\\/revetements\\\/\"},{\"@type\":\"ListItem\",\"position\":3,\"name\":\"LES BOIS EXOTIQUES POUR TERRASSE MOBILE\",\"item\":\"https:\\\/\\\/terrasse-mobile.net\\\/revetements\\\/bois-exotique\\\/\"},{\"@type\":\"ListItem\",\"position\":4,\"name\":\"LAMES DE TERRASSE EN PADOUK POUR TERRASSE MOBILE\"}]},{\"@type\":\"WebSite\",\"@id\":\"https:\\\/\\\/terrasse-mobile.net\\\/#website\",\"url\":\"https:\\\/\\\/terrasse-mobile.net\\\/\",\"name\":\"Slidedeck\",\"description\":\"Construction sur mesure de terrasses mobiles en \u00cele-de-France\",\"publisher\":{\"@id\":\"https:\\\/\\\/terrasse-mobile.net\\\/#organization\"},\"potentialAction\":[{\"@type\":\"SearchAction\",\"target\":{\"@type\":\"EntryPoint\",\"urlTemplate\":\"https:\\\/\\\/terrasse-mobile.net\\\/?s={search_term_string}\"},\"query-input\":{\"@type\":\"PropertyValueSpecification\",\"valueRequired\":true,\"valueName\":\"search_term_string\"}}],\"inLanguage\":\"es\"},{\"@type\":\"Organization\",\"@id\":\"https:\\\/\\\/terrasse-mobile.net\\\/#organization\",\"name\":\"Slidedeck\",\"url\":\"https:\\\/\\\/terrasse-mobile.net\\\/\",\"logo\":{\"@type\":\"ImageObject\",\"inLanguage\":\"es\",\"@id\":\"https:\\\/\\\/terrasse-mobile.net\\\/#\\\/schema\\\/logo\\\/image\\\/\",\"url\":\"https:\\\/\\\/terrasse-mobile.net\\\/wp-content\\\/uploads\\\/2024\\\/01\\\/logo-slidedeck.jpg\",\"contentUrl\":\"https:\\\/\\\/terrasse-mobile.net\\\/wp-content\\\/uploads\\\/2024\\\/01\\\/logo-slidedeck.jpg\",\"width\":2000,\"height\":1103,\"caption\":\"Slidedeck\"},\"image\":{\"@id\":\"https:\\\/\\\/terrasse-mobile.net\\\/#\\\/schema\\\/logo\\\/image\\\/\"}}]}<\/script>\n<!-- \/ Yoast SEO plugin. -->","yoast_head_json":{"title":"Cubrir la terraza m\u00f3vil de la piscina con lamas de padouk","description":"La terraza m\u00f3vil para piscinas SlideDeck puede revestirse con bonitas lamas de madera ex\u00f3tica de padouk.","robots":{"index":"index","follow":"follow","max-snippet":"max-snippet:-1","max-image-preview":"max-image-preview:large","max-video-preview":"max-video-preview:-1"},"canonical":"https:\/\/terrasse-mobile.net\/es\/revestimientos\/madera-exotica\/terraza-movil-de-madera-revestida-con-lamas-de-madera-de-padouk\/","og_locale":"es_ES","og_type":"article","og_title":"Recouvrir sa terrasse mobile de piscine avec des lames de Padouk","og_description":"La terrasse mobile pour piscine SlideDeck peut \u00eatre habill\u00e9e avec de belles lames en bois exotique Padouk.","og_url":"https:\/\/terrasse-mobile.net\/es\/revestimientos\/madera-exotica\/terraza-movil-de-madera-revestida-con-lamas-de-madera-de-padouk\/","og_site_name":"Terrasse mobile","article_modified_time":"2025-10-08T09:17:17+00:00","og_image":[{"width":2000,"height":1500,"url":"https:\/\/terrasse-mobile.net\/wp-content\/uploads\/2024\/02\/REAL-SABOURAULT-PISCINE-2.jpg","type":"image\/jpeg"}],"twitter_card":"summary_large_image","twitter_misc":{"Tiempo de lectura":"2 minutos"},"schema":{"@context":"https:\/\/schema.org","@graph":[{"@type":"WebPage","@id":"https:\/\/terrasse-mobile.net\/revetements\/bois-exotique\/terrasse-mobile-bois-habillee-lames-bois-padouk\/","url":"https:\/\/terrasse-mobile.net\/revetements\/bois-exotique\/terrasse-mobile-bois-habillee-lames-bois-padouk\/","name":"Cubrir la terraza m\u00f3vil de la piscina con lamas de padouk","isPartOf":{"@id":"https:\/\/terrasse-mobile.net\/#website"},"primaryImageOfPage":{"@id":"https:\/\/terrasse-mobile.net\/revetements\/bois-exotique\/terrasse-mobile-bois-habillee-lames-bois-padouk\/#primaryimage"},"image":{"@id":"https:\/\/terrasse-mobile.net\/revetements\/bois-exotique\/terrasse-mobile-bois-habillee-lames-bois-padouk\/#primaryimage"},"thumbnailUrl":"https:\/\/terrasse-mobile.net\/wp-content\/uploads\/2024\/02\/REAL-SABOURAULT-PISCINE-2.jpg","datePublished":"2024-10-02T12:48:59+00:00","dateModified":"2025-10-08T09:17:17+00:00","description":"La terraza m\u00f3vil para piscinas SlideDeck puede revestirse con bonitas lamas de madera ex\u00f3tica de padouk.","breadcrumb":{"@id":"https:\/\/terrasse-mobile.net\/revetements\/bois-exotique\/terrasse-mobile-bois-habillee-lames-bois-padouk\/#breadcrumb"},"inLanguage":"es","potentialAction":[{"@type":"ReadAction","target":["https:\/\/terrasse-mobile.net\/revetements\/bois-exotique\/terrasse-mobile-bois-habillee-lames-bois-padouk\/"]}]},{"@type":"ImageObject","inLanguage":"es","@id":"https:\/\/terrasse-mobile.net\/revetements\/bois-exotique\/terrasse-mobile-bois-habillee-lames-bois-padouk\/#primaryimage","url":"https:\/\/terrasse-mobile.net\/wp-content\/uploads\/2024\/02\/REAL-SABOURAULT-PISCINE-2.jpg","contentUrl":"https:\/\/terrasse-mobile.net\/wp-content\/uploads\/2024\/02\/REAL-SABOURAULT-PISCINE-2.jpg","width":2000,"height":1500,"caption":"DCIM100MEDIADJI_0365.JPG"},{"@type":"BreadcrumbList","@id":"https:\/\/terrasse-mobile.net\/revetements\/bois-exotique\/terrasse-mobile-bois-habillee-lames-bois-padouk\/#breadcrumb","itemListElement":[{"@type":"ListItem","position":1,"name":"Accueil","item":"https:\/\/terrasse-mobile.net\/"},{"@type":"ListItem","position":2,"name":"LES REV\u00caTEMENTS POUR TERRASSE MOBILE SLIDEDECK","item":"https:\/\/terrasse-mobile.net\/revetements\/"},{"@type":"ListItem","position":3,"name":"LES BOIS EXOTIQUES POUR TERRASSE MOBILE","item":"https:\/\/terrasse-mobile.net\/revetements\/bois-exotique\/"},{"@type":"ListItem","position":4,"name":"LAMES DE TERRASSE EN PADOUK POUR TERRASSE MOBILE"}]},{"@type":"WebSite","@id":"https:\/\/terrasse-mobile.net\/#website","url":"https:\/\/terrasse-mobile.net\/","name":"Plataforma deslizante","description":"Terrazas m\u00f3viles a medida en la regi\u00f3n parisina","publisher":{"@id":"https:\/\/terrasse-mobile.net\/#organization"},"potentialAction":[{"@type":"SearchAction","target":{"@type":"EntryPoint","urlTemplate":"https:\/\/terrasse-mobile.net\/?s={search_term_string}"},"query-input":{"@type":"PropertyValueSpecification","valueRequired":true,"valueName":"search_term_string"}}],"inLanguage":"es"},{"@type":"Organization","@id":"https:\/\/terrasse-mobile.net\/#organization","name":"Plataforma deslizante","url":"https:\/\/terrasse-mobile.net\/","logo":{"@type":"ImageObject","inLanguage":"es","@id":"https:\/\/terrasse-mobile.net\/#\/schema\/logo\/image\/","url":"https:\/\/terrasse-mobile.net\/wp-content\/uploads\/2024\/01\/logo-slidedeck.jpg","contentUrl":"https:\/\/terrasse-mobile.net\/wp-content\/uploads\/2024\/01\/logo-slidedeck.jpg","width":2000,"height":1103,"caption":"Slidedeck"},"image":{"@id":"https:\/\/terrasse-mobile.net\/#\/schema\/logo\/image\/"}}]}},"_links":{"self":[{"href":"https:\/\/terrasse-mobile.net\/es\/wp-json\/wp\/v2\/pages\/5660","targetHints":{"allow":["GET"]}}],"collection":[{"href":"https:\/\/terrasse-mobile.net\/es\/wp-json\/wp\/v2\/pages"}],"about":[{"href":"https:\/\/terrasse-mobile.net\/es\/wp-json\/wp\/v2\/types\/page"}],"author":[{"embeddable":true,"href":"https:\/\/terrasse-mobile.net\/es\/wp-json\/wp\/v2\/users\/1"}],"replies":[{"embeddable":true,"href":"https:\/\/terrasse-mobile.net\/es\/wp-json\/wp\/v2\/comments?post=5660"}],"version-history":[{"count":6,"href":"https:\/\/terrasse-mobile.net\/es\/wp-json\/wp\/v2\/pages\/5660\/revisions"}],"predecessor-version":[{"id":6156,"href":"https:\/\/terrasse-mobile.net\/es\/wp-json\/wp\/v2\/pages\/5660\/revisions\/6156"}],"up":[{"embeddable":true,"href":"https:\/\/terrasse-mobile.net\/es\/wp-json\/wp\/v2\/pages\/5501"}],"wp:featuredmedia":[{"embeddable":true,"href":"https:\/\/terrasse-mobile.net\/es\/wp-json\/wp\/v2\/media\/3640"}],"wp:attachment":[{"href":"https:\/\/terrasse-mobile.net\/es\/wp-json\/wp\/v2\/media?parent=5660"}],"wp:term":[{"taxonomy":"folder","embeddable":true,"href":"https:\/\/terrasse-mobile.net\/es\/wp-json\/wp\/v2\/folder?post=5660"}],"curies":[{"name":"wp","href":"https:\/\/api.w.org\/{rel}","templated":true}]}}