{"id":5672,"date":"2024-10-02T14:47:31","date_gmt":"2024-10-02T12:47:51","guid":{"rendered":"https:\/\/terrasse-mobile.net\/?page_id=5672"},"modified":"2025-11-25T16:35:46","modified_gmt":"2025-11-25T15:35:46","slug":"lamina-de-piedra-corredera-terraza-piscina","status":"publish","type":"page","link":"https:\/\/terrasse-mobile.net\/es\/revetements\/bois-composite\/revetements-naturels\/feuille-de-pierre-terrasse-coulissante-de-piscine\/","title":{"rendered":"LA TERRAZA M\u00d3VIL CON REVESTIMIENTO DE PIEDRA"},"content":{"rendered":"<p><\/p>\n\n\n\n<div class=\"wp-block-group\"><div class=\"wp-block-group__inner-container is-layout-constrained wp-block-group-is-layout-constrained\">\n<div class=\"wp-block-columns is-layout-flex wp-container-core-columns-is-layout-9d6595d7 wp-block-columns-is-layout-flex\">\n<div class=\"wp-block-column is-layout-flow wp-block-column-is-layout-flow\">\n<h2 class=\"wp-block-heading\">\u00bfQu\u00e9 es una l\u00e1mina de piedra?<\/h2>\n\n\n\n<p>La piedra en l\u00e1minas es un material innovador utilizado en las industrias de la construcci\u00f3n y la decoraci\u00f3n. Se fabrica a partir de finas capas de minerales naturales, como mica, cuarzo o esquisto, que se extraen de canteras de piedra. Estas finas capas se refuerzan con resinas y fibras para crear una l\u00e1mina ligera, flexible y duradera.<\/p>\n\n\n\n<p>La principal caracter\u00edstica de la chapa de piedra es su versatilidad. Gracias a su delgadez y flexibilidad, puede utilizarse para cubrir una gran variedad de superficies, ya sean planas o curvas. Ofrece el aut\u00e9ntico aspecto est\u00e9tico de la piedra natural, al tiempo que es m\u00e1s ligera y f\u00e1cil de manipular. Adem\u00e1s, la piedra en l\u00e1minas puede cortarse y adaptarse a requisitos espec\u00edficos, lo que la hace id\u00f3nea para una amplia gama de proyectos arquitect\u00f3nicos y de dise\u00f1o de interiores.<\/p>\n<\/div>\n\n\n\n<div class=\"wp-block-column is-layout-flow wp-block-column-is-layout-flow\">\n<figure class=\"wp-block-image size-full\"><img decoding=\"async\" width=\"548\" height=\"445\" src=\"https:\/\/terrasse-mobile.net\/wp-content\/uploads\/2024\/01\/piscine05-pose-16-9-detouree-1.jpeg\" alt=\"hoja de piedra terraza m\u00f3vil\" class=\"wp-image-1981\" style=\"aspect-ratio:3\/2;object-fit:cover\" srcset=\"https:\/\/terrasse-mobile.net\/wp-content\/uploads\/2024\/01\/piscine05-pose-16-9-detouree-1.jpeg 548w, https:\/\/terrasse-mobile.net\/wp-content\/uploads\/2024\/01\/piscine05-pose-16-9-detouree-1-300x244.jpeg 300w\" sizes=\"(max-width: 548px) 100vw, 548px\" \/><\/figure>\n<\/div>\n<\/div>\n\n\n\n<div class=\"wp-block-group\"><div class=\"wp-block-group__inner-container is-layout-constrained wp-block-group-is-layout-constrained\">\n<div class=\"wp-block-columns is-layout-flex wp-container-core-columns-is-layout-9d6595d7 wp-block-columns-is-layout-flex\">\n<div class=\"wp-block-column is-layout-flow wp-block-column-is-layout-flow\">\n<figure class=\"wp-block-image size-full\"><img decoding=\"async\" width=\"1200\" height=\"700\" src=\"https:\/\/terrasse-mobile.net\/wp-content\/uploads\/2024\/10\/feuille-de-pierre.jpg\" alt=\"Diferentes colores de hoja de piedra\" class=\"wp-image-6037\" style=\"aspect-ratio:3\/2;object-fit:cover\" srcset=\"https:\/\/terrasse-mobile.net\/wp-content\/uploads\/2024\/10\/feuille-de-pierre.jpg 1200w, https:\/\/terrasse-mobile.net\/wp-content\/uploads\/2024\/10\/feuille-de-pierre-300x175.jpg 300w, https:\/\/terrasse-mobile.net\/wp-content\/uploads\/2024\/10\/feuille-de-pierre-1024x597.jpg 1024w, https:\/\/terrasse-mobile.net\/wp-content\/uploads\/2024\/10\/feuille-de-pierre-768x448.jpg 768w\" sizes=\"(max-width: 1200px) 100vw, 1200px\" \/><\/figure>\n<\/div>\n\n\n\n<div class=\"wp-block-column is-layout-flow wp-block-column-is-layout-flow\">\n<h2 class=\"wp-block-heading\">Una plancha de piedra en una terraza m\u00f3vil<\/h2>\n\n\n\n<p>La chapa de piedra es una opci\u00f3n ideal como revestimiento de una terraza m\u00f3vil. En primer lugar, su peso ligero facilita mucho el proceso de instalaci\u00f3n y manipulaci\u00f3n a la hora de trasladar la terraza. La ligereza del material reduce la carga estructural, lo que puede ser especialmente crucial para los sistemas de terrazas m\u00f3viles en los que la movilidad y la flexibilidad son esenciales.<\/p>\n\n\n\n<p>La flexibilidad de la l\u00e1mina de piedra es una caracter\u00edstica clave que se adapta perfectamente a los contornos, a menudo complejos, de las terrazas en movimiento. Puede ajustarse f\u00e1cilmente para adaptarse a superficies curvas o irregulares, garantizando la continuidad est\u00e9tica incluso cuando la terraza est\u00e1 en movimiento.<\/p>\n<\/div>\n<\/div>\n\n\n\n<p>Est\u00e9ticamente, la chapa de piedra mantiene la autenticidad visual de la piedra natural, a\u00f1adiendo un toque de elegancia a la terraza m\u00f3vil. La variedad de acabados y colores disponibles ofrece flexibilidad de dise\u00f1o, permitiendo que la terraza se integre en el entorno circundante.<\/p>\n<\/div><\/div>\n<\/div><\/div>\n\n\n\n<p>En cuanto a la resistencia, la l\u00e1mina de piedra, aunque sea fina, puede reforzarse para garantizar una durabilidad y una resistencia adecuadas a la intemperie, los impactos y el desgaste diario, algo crucial para los revestimientos exteriores sometidos a condiciones clim\u00e1ticas variables.<\/p>\n\n\n\n<p>La facilidad de instalaci\u00f3n, combinada con la flexibilidad y ligereza del material, contribuye a que el proceso sea m\u00e1s eficaz, reduciendo el tiempo y los costes de instalaci\u00f3n, un aspecto esencial para las tarimas m\u00f3viles, donde la rapidez de instalaci\u00f3n puede ser crucial.<br><\/p>\n\n\n\n<div class=\"wp-block-buttons is-content-justification-center is-layout-flex wp-container-core-buttons-is-layout-16018d1d wp-block-buttons-is-layout-flex\">\n<div class=\"wp-block-button is-style-outline is-style-outline--1\"><a class=\"wp-block-button__link has-small-font-size has-custom-font-size wp-element-button\" href=\"https:\/\/terrasse-mobile.net\/es\/terraza-movil-a-medida\/revestimientos\/\">Descubra otros revestimientos SlideDeck<\/a><\/div>\n<\/div>","protected":false},"excerpt":{"rendered":"<p>Qu\u2019est-ce que la feuille de pierre ? La feuille de pierre est un mat\u00e9riau innovant utilis\u00e9 dans l&rsquo;industrie de la construction et de la d\u00e9coration. Elle est fabriqu\u00e9e \u00e0 partir de fines couches de min\u00e9raux naturels, tels que le mica, le quartz, ou le schiste, qui sont extraits de carri\u00e8res de pierre. Ces minces couches&#8230;<\/p>","protected":false},"author":1,"featured_media":3640,"parent":5504,"menu_order":55,"comment_status":"closed","ping_status":"closed","template":"","meta":{"_kad_post_transparent":"","_kad_post_title":"","_kad_post_layout":"","_kad_post_sidebar_id":"","_kad_post_content_style":"","_kad_post_vertical_padding":"","_kad_post_feature":"","_kad_post_feature_position":"","_kad_post_header":false,"_kad_post_footer":false,"_kad_post_classname":"","footnotes":""},"folder":[],"class_list":["post-5672","page","type-page","status-publish","has-post-thumbnail","hentry"],"yoast_head":"<!-- This site is optimized with the Yoast SEO plugin v27.3 - https:\/\/yoast.com\/product\/yoast-seo-wordpress\/ -->\n<title>La feuille de pierre pour terrasse coulissante de piscine<\/title>\n<meta name=\"description\" content=\"La terrasse mobile pour piscine SlideDeck peut \u00eatre habill\u00e9e avec un rev\u00eatement naturel en feuille de pierre.\" \/>\n<meta name=\"robots\" content=\"index, follow, max-snippet:-1, max-image-preview:large, max-video-preview:-1\" \/>\n<link rel=\"canonical\" href=\"https:\/\/terrasse-mobile.net\/es\/revestimientos\/compuesto-de-madera\/recubrimientos-naturales\/lamina-de-piedra-corredera-terraza-piscina\/\" \/>\n<meta property=\"og:locale\" content=\"es_ES\" \/>\n<meta property=\"og:type\" content=\"article\" \/>\n<meta property=\"og:title\" content=\"La feuille de pierre pour terrasse coulissante de piscine\" \/>\n<meta property=\"og:description\" content=\"La terrasse mobile pour piscine SlideDeck peut \u00eatre habill\u00e9e avec un rev\u00eatement naturel en feuille de pierre.\" \/>\n<meta property=\"og:url\" content=\"https:\/\/terrasse-mobile.net\/es\/revestimientos\/compuesto-de-madera\/recubrimientos-naturales\/lamina-de-piedra-corredera-terraza-piscina\/\" \/>\n<meta property=\"og:site_name\" content=\"Terrasse mobile\" \/>\n<meta property=\"article:modified_time\" content=\"2025-11-25T15:35:46+00:00\" \/>\n<meta property=\"og:image\" content=\"https:\/\/terrasse-mobile.net\/wp-content\/uploads\/2024\/02\/REAL-SABOURAULT-PISCINE-2.jpg\" \/>\n\t<meta property=\"og:image:width\" content=\"2000\" \/>\n\t<meta property=\"og:image:height\" content=\"1500\" \/>\n\t<meta property=\"og:image:type\" content=\"image\/jpeg\" \/>\n<meta name=\"twitter:card\" content=\"summary_large_image\" \/>\n<meta name=\"twitter:label1\" content=\"Tiempo de lectura\" \/>\n\t<meta name=\"twitter:data1\" content=\"3 minutos\" \/>\n<script type=\"application\/ld+json\" class=\"yoast-schema-graph\">{\"@context\":\"https:\\\/\\\/schema.org\",\"@graph\":[{\"@type\":\"WebPage\",\"@id\":\"https:\\\/\\\/terrasse-mobile.net\\\/revetements\\\/bois-composite\\\/revetements-naturels\\\/feuille-de-pierre-terrasse-coulissante-de-piscine\\\/\",\"url\":\"https:\\\/\\\/terrasse-mobile.net\\\/revetements\\\/bois-composite\\\/revetements-naturels\\\/feuille-de-pierre-terrasse-coulissante-de-piscine\\\/\",\"name\":\"La feuille de pierre pour terrasse coulissante de piscine\",\"isPartOf\":{\"@id\":\"https:\\\/\\\/terrasse-mobile.net\\\/#website\"},\"primaryImageOfPage\":{\"@id\":\"https:\\\/\\\/terrasse-mobile.net\\\/revetements\\\/bois-composite\\\/revetements-naturels\\\/feuille-de-pierre-terrasse-coulissante-de-piscine\\\/#primaryimage\"},\"image\":{\"@id\":\"https:\\\/\\\/terrasse-mobile.net\\\/revetements\\\/bois-composite\\\/revetements-naturels\\\/feuille-de-pierre-terrasse-coulissante-de-piscine\\\/#primaryimage\"},\"thumbnailUrl\":\"https:\\\/\\\/terrasse-mobile.net\\\/wp-content\\\/uploads\\\/2024\\\/02\\\/REAL-SABOURAULT-PISCINE-2.jpg\",\"datePublished\":\"2024-10-02T12:47:51+00:00\",\"dateModified\":\"2025-11-25T15:35:46+00:00\",\"description\":\"La terrasse mobile pour piscine SlideDeck peut \u00eatre habill\u00e9e avec un rev\u00eatement naturel en feuille de pierre.\",\"breadcrumb\":{\"@id\":\"https:\\\/\\\/terrasse-mobile.net\\\/revetements\\\/bois-composite\\\/revetements-naturels\\\/feuille-de-pierre-terrasse-coulissante-de-piscine\\\/#breadcrumb\"},\"inLanguage\":\"es\",\"potentialAction\":[{\"@type\":\"ReadAction\",\"target\":[\"https:\\\/\\\/terrasse-mobile.net\\\/revetements\\\/bois-composite\\\/revetements-naturels\\\/feuille-de-pierre-terrasse-coulissante-de-piscine\\\/\"]}]},{\"@type\":\"ImageObject\",\"inLanguage\":\"es\",\"@id\":\"https:\\\/\\\/terrasse-mobile.net\\\/revetements\\\/bois-composite\\\/revetements-naturels\\\/feuille-de-pierre-terrasse-coulissante-de-piscine\\\/#primaryimage\",\"url\":\"https:\\\/\\\/terrasse-mobile.net\\\/wp-content\\\/uploads\\\/2024\\\/02\\\/REAL-SABOURAULT-PISCINE-2.jpg\",\"contentUrl\":\"https:\\\/\\\/terrasse-mobile.net\\\/wp-content\\\/uploads\\\/2024\\\/02\\\/REAL-SABOURAULT-PISCINE-2.jpg\",\"width\":2000,\"height\":1500,\"caption\":\"DCIM100MEDIADJI_0365.JPG\"},{\"@type\":\"BreadcrumbList\",\"@id\":\"https:\\\/\\\/terrasse-mobile.net\\\/revetements\\\/bois-composite\\\/revetements-naturels\\\/feuille-de-pierre-terrasse-coulissante-de-piscine\\\/#breadcrumb\",\"itemListElement\":[{\"@type\":\"ListItem\",\"position\":1,\"name\":\"Accueil\",\"item\":\"https:\\\/\\\/terrasse-mobile.net\\\/\"},{\"@type\":\"ListItem\",\"position\":2,\"name\":\"LES REV\u00caTEMENTS POUR TERRASSE MOBILE SLIDEDECK\",\"item\":\"https:\\\/\\\/terrasse-mobile.net\\\/revetements\\\/\"},{\"@type\":\"ListItem\",\"position\":3,\"name\":\"LES BOIS COMPOSITES POUR TERRASSE MOBILE\",\"item\":\"https:\\\/\\\/terrasse-mobile.net\\\/revetements\\\/bois-composite\\\/\"},{\"@type\":\"ListItem\",\"position\":4,\"name\":\"LES REV\u00caTEMENTS HABILL\u00c9S POUR TERRASSE MOBILE\",\"item\":\"https:\\\/\\\/terrasse-mobile.net\\\/revetements\\\/bois-composite\\\/revetements-naturels\\\/\"},{\"@type\":\"ListItem\",\"position\":5,\"name\":\"LA TERRASSE MOBILE AVEC DE LA FEUILLE DE PIERRE\"}]},{\"@type\":\"WebSite\",\"@id\":\"https:\\\/\\\/terrasse-mobile.net\\\/#website\",\"url\":\"https:\\\/\\\/terrasse-mobile.net\\\/\",\"name\":\"Slidedeck\",\"description\":\"Construction sur mesure de terrasses mobiles en \u00cele-de-France\",\"publisher\":{\"@id\":\"https:\\\/\\\/terrasse-mobile.net\\\/#organization\"},\"potentialAction\":[{\"@type\":\"SearchAction\",\"target\":{\"@type\":\"EntryPoint\",\"urlTemplate\":\"https:\\\/\\\/terrasse-mobile.net\\\/?s={search_term_string}\"},\"query-input\":{\"@type\":\"PropertyValueSpecification\",\"valueRequired\":true,\"valueName\":\"search_term_string\"}}],\"inLanguage\":\"es\"},{\"@type\":\"Organization\",\"@id\":\"https:\\\/\\\/terrasse-mobile.net\\\/#organization\",\"name\":\"Slidedeck\",\"url\":\"https:\\\/\\\/terrasse-mobile.net\\\/\",\"logo\":{\"@type\":\"ImageObject\",\"inLanguage\":\"es\",\"@id\":\"https:\\\/\\\/terrasse-mobile.net\\\/#\\\/schema\\\/logo\\\/image\\\/\",\"url\":\"https:\\\/\\\/terrasse-mobile.net\\\/wp-content\\\/uploads\\\/2024\\\/01\\\/logo-slidedeck.jpg\",\"contentUrl\":\"https:\\\/\\\/terrasse-mobile.net\\\/wp-content\\\/uploads\\\/2024\\\/01\\\/logo-slidedeck.jpg\",\"width\":2000,\"height\":1103,\"caption\":\"Slidedeck\"},\"image\":{\"@id\":\"https:\\\/\\\/terrasse-mobile.net\\\/#\\\/schema\\\/logo\\\/image\\\/\"}}]}<\/script>\n<!-- \/ Yoast SEO plugin. -->","yoast_head_json":{"title":"L\u00e1minas de piedra para cubiertas de piscina correderas","description":"La cubierta de piscina m\u00f3vil SlideDeck puede acabarse con un revestimiento de l\u00e1minas de piedra natural.","robots":{"index":"index","follow":"follow","max-snippet":"max-snippet:-1","max-image-preview":"max-image-preview:large","max-video-preview":"max-video-preview:-1"},"canonical":"https:\/\/terrasse-mobile.net\/es\/revestimientos\/compuesto-de-madera\/recubrimientos-naturales\/lamina-de-piedra-corredera-terraza-piscina\/","og_locale":"es_ES","og_type":"article","og_title":"La feuille de pierre pour terrasse coulissante de piscine","og_description":"La terrasse mobile pour piscine SlideDeck peut \u00eatre habill\u00e9e avec un rev\u00eatement naturel en feuille de pierre.","og_url":"https:\/\/terrasse-mobile.net\/es\/revestimientos\/compuesto-de-madera\/recubrimientos-naturales\/lamina-de-piedra-corredera-terraza-piscina\/","og_site_name":"Terrasse mobile","article_modified_time":"2025-11-25T15:35:46+00:00","og_image":[{"width":2000,"height":1500,"url":"https:\/\/terrasse-mobile.net\/wp-content\/uploads\/2024\/02\/REAL-SABOURAULT-PISCINE-2.jpg","type":"image\/jpeg"}],"twitter_card":"summary_large_image","twitter_misc":{"Tiempo de lectura":"3 minutos"},"schema":{"@context":"https:\/\/schema.org","@graph":[{"@type":"WebPage","@id":"https:\/\/terrasse-mobile.net\/revetements\/bois-composite\/revetements-naturels\/feuille-de-pierre-terrasse-coulissante-de-piscine\/","url":"https:\/\/terrasse-mobile.net\/revetements\/bois-composite\/revetements-naturels\/feuille-de-pierre-terrasse-coulissante-de-piscine\/","name":"L\u00e1minas de piedra para cubiertas de piscina correderas","isPartOf":{"@id":"https:\/\/terrasse-mobile.net\/#website"},"primaryImageOfPage":{"@id":"https:\/\/terrasse-mobile.net\/revetements\/bois-composite\/revetements-naturels\/feuille-de-pierre-terrasse-coulissante-de-piscine\/#primaryimage"},"image":{"@id":"https:\/\/terrasse-mobile.net\/revetements\/bois-composite\/revetements-naturels\/feuille-de-pierre-terrasse-coulissante-de-piscine\/#primaryimage"},"thumbnailUrl":"https:\/\/terrasse-mobile.net\/wp-content\/uploads\/2024\/02\/REAL-SABOURAULT-PISCINE-2.jpg","datePublished":"2024-10-02T12:47:51+00:00","dateModified":"2025-11-25T15:35:46+00:00","description":"La cubierta de piscina m\u00f3vil SlideDeck puede acabarse con un revestimiento de l\u00e1minas de piedra natural.","breadcrumb":{"@id":"https:\/\/terrasse-mobile.net\/revetements\/bois-composite\/revetements-naturels\/feuille-de-pierre-terrasse-coulissante-de-piscine\/#breadcrumb"},"inLanguage":"es","potentialAction":[{"@type":"ReadAction","target":["https:\/\/terrasse-mobile.net\/revetements\/bois-composite\/revetements-naturels\/feuille-de-pierre-terrasse-coulissante-de-piscine\/"]}]},{"@type":"ImageObject","inLanguage":"es","@id":"https:\/\/terrasse-mobile.net\/revetements\/bois-composite\/revetements-naturels\/feuille-de-pierre-terrasse-coulissante-de-piscine\/#primaryimage","url":"https:\/\/terrasse-mobile.net\/wp-content\/uploads\/2024\/02\/REAL-SABOURAULT-PISCINE-2.jpg","contentUrl":"https:\/\/terrasse-mobile.net\/wp-content\/uploads\/2024\/02\/REAL-SABOURAULT-PISCINE-2.jpg","width":2000,"height":1500,"caption":"DCIM100MEDIADJI_0365.JPG"},{"@type":"BreadcrumbList","@id":"https:\/\/terrasse-mobile.net\/revetements\/bois-composite\/revetements-naturels\/feuille-de-pierre-terrasse-coulissante-de-piscine\/#breadcrumb","itemListElement":[{"@type":"ListItem","position":1,"name":"Accueil","item":"https:\/\/terrasse-mobile.net\/"},{"@type":"ListItem","position":2,"name":"LES REV\u00caTEMENTS POUR TERRASSE MOBILE SLIDEDECK","item":"https:\/\/terrasse-mobile.net\/revetements\/"},{"@type":"ListItem","position":3,"name":"LES BOIS COMPOSITES POUR TERRASSE MOBILE","item":"https:\/\/terrasse-mobile.net\/revetements\/bois-composite\/"},{"@type":"ListItem","position":4,"name":"LES REV\u00caTEMENTS HABILL\u00c9S POUR TERRASSE MOBILE","item":"https:\/\/terrasse-mobile.net\/revetements\/bois-composite\/revetements-naturels\/"},{"@type":"ListItem","position":5,"name":"LA TERRASSE MOBILE AVEC DE LA FEUILLE DE PIERRE"}]},{"@type":"WebSite","@id":"https:\/\/terrasse-mobile.net\/#website","url":"https:\/\/terrasse-mobile.net\/","name":"Plataforma deslizante","description":"Terrazas m\u00f3viles a medida en la regi\u00f3n parisina","publisher":{"@id":"https:\/\/terrasse-mobile.net\/#organization"},"potentialAction":[{"@type":"SearchAction","target":{"@type":"EntryPoint","urlTemplate":"https:\/\/terrasse-mobile.net\/?s={search_term_string}"},"query-input":{"@type":"PropertyValueSpecification","valueRequired":true,"valueName":"search_term_string"}}],"inLanguage":"es"},{"@type":"Organization","@id":"https:\/\/terrasse-mobile.net\/#organization","name":"Plataforma deslizante","url":"https:\/\/terrasse-mobile.net\/","logo":{"@type":"ImageObject","inLanguage":"es","@id":"https:\/\/terrasse-mobile.net\/#\/schema\/logo\/image\/","url":"https:\/\/terrasse-mobile.net\/wp-content\/uploads\/2024\/01\/logo-slidedeck.jpg","contentUrl":"https:\/\/terrasse-mobile.net\/wp-content\/uploads\/2024\/01\/logo-slidedeck.jpg","width":2000,"height":1103,"caption":"Slidedeck"},"image":{"@id":"https:\/\/terrasse-mobile.net\/#\/schema\/logo\/image\/"}}]}},"_links":{"self":[{"href":"https:\/\/terrasse-mobile.net\/es\/wp-json\/wp\/v2\/pages\/5672","targetHints":{"allow":["GET"]}}],"collection":[{"href":"https:\/\/terrasse-mobile.net\/es\/wp-json\/wp\/v2\/pages"}],"about":[{"href":"https:\/\/terrasse-mobile.net\/es\/wp-json\/wp\/v2\/types\/page"}],"author":[{"embeddable":true,"href":"https:\/\/terrasse-mobile.net\/es\/wp-json\/wp\/v2\/users\/1"}],"replies":[{"embeddable":true,"href":"https:\/\/terrasse-mobile.net\/es\/wp-json\/wp\/v2\/comments?post=5672"}],"version-history":[{"count":10,"href":"https:\/\/terrasse-mobile.net\/es\/wp-json\/wp\/v2\/pages\/5672\/revisions"}],"predecessor-version":[{"id":7321,"href":"https:\/\/terrasse-mobile.net\/es\/wp-json\/wp\/v2\/pages\/5672\/revisions\/7321"}],"up":[{"embeddable":true,"href":"https:\/\/terrasse-mobile.net\/es\/wp-json\/wp\/v2\/pages\/5504"}],"wp:featuredmedia":[{"embeddable":true,"href":"https:\/\/terrasse-mobile.net\/es\/wp-json\/wp\/v2\/media\/3640"}],"wp:attachment":[{"href":"https:\/\/terrasse-mobile.net\/es\/wp-json\/wp\/v2\/media?parent=5672"}],"wp:term":[{"taxonomy":"folder","embeddable":true,"href":"https:\/\/terrasse-mobile.net\/es\/wp-json\/wp\/v2\/folder?post=5672"}],"curies":[{"name":"wp","href":"https:\/\/api.w.org\/{rel}","templated":true}]}}