{"id":6096,"date":"2024-11-13T15:35:31","date_gmt":"2024-11-13T14:35:33","guid":{"rendered":"https:\/\/terrasse-mobile.net\/?page_id=6096"},"modified":"2025-11-25T15:37:33","modified_gmt":"2025-11-25T14:37:33","slug":"hermosa-terraza-movil-en-dos-partes-para-piscina","status":"publish","type":"page","link":"https:\/\/terrasse-mobile.net\/es\/slidedeck\/realisations\/belle-terrasse-mobile-deux-parties-pour-piscine\/","title":{"rendered":"Hermosa terraza m\u00f3vil en dos partes para una piscina"},"content":{"rendered":"<div class=\"wp-block-columns is-layout-flex wp-container-core-columns-is-layout-9d6595d7 wp-block-columns-is-layout-flex\">\n<div class=\"wp-block-column is-layout-flow wp-block-column-is-layout-flow\">\n<p><\/p>\n\n\n\n<p>Hoy presentamos un magn\u00edfico ejemplo de terraza m\u00f3vil con piscina, en la regi\u00f3n de Yvelines (78).<br><br>Nuestros clientes quer\u00edan tener una bonita piscina en su jard\u00edn y protegerla eficazmente de la suciedad, el polvo, etc...<\/p>\n\n\n\n<p>Por eso les ofrecimos nuestra terraza m\u00f3vil SlideDeck.<\/p>\n<\/div>\n\n\n\n<div class=\"wp-block-column is-layout-flow wp-block-column-is-layout-flow\">\n<div style=\"padding:56.25% 0 0 0;position:relative;\"><iframe src=\"https:\/\/player.vimeo.com\/video\/1017863728?badge=0&amp;autopause=0&amp;player_id=0&amp;app_id=58479\" frameborder=\"0\" allow=\"autoplay; fullscreen; picture-in-picture; clipboard-write\" style=\"position:absolute;top:0;left:0;width:100%;height:100%;\" title=\"TERRAZA M\u00d3VIL DE DOS PARTES\"><\/iframe><\/div><script src=\"https:\/\/player.vimeo.com\/api\/player.js\"><\/script>\n<\/div>\n<\/div>\n\n\n\n<h2 class=\"wp-block-heading has-text-align-center\">Una cubierta de piscina m\u00f3vil en dos partes<\/h2>\n\n\n\n<div class=\"wp-block-columns is-layout-flex wp-container-core-columns-is-layout-9d6595d7 wp-block-columns-is-layout-flex\">\n<div class=\"wp-block-column is-layout-flow wp-block-column-is-layout-flow\">\n<figure class=\"wp-block-image size-full\"><img decoding=\"async\" width=\"599\" height=\"397\" src=\"https:\/\/terrasse-mobile.net\/wp-content\/uploads\/2024\/10\/REA-TERR-MOB-FINEL-02.jpg\" alt=\"Terraza m\u00f3vil de madera con 2 paneles\" class=\"wp-image-6099\" srcset=\"https:\/\/terrasse-mobile.net\/wp-content\/uploads\/2024\/10\/REA-TERR-MOB-FINEL-02.jpg 599w, https:\/\/terrasse-mobile.net\/wp-content\/uploads\/2024\/10\/REA-TERR-MOB-FINEL-02-300x199.jpg 300w\" sizes=\"(max-width: 599px) 100vw, 599px\" \/><\/figure>\n\n\n\n<p class=\"has-text-align-left\">En esta foto, se puede ver la terraza m\u00f3vil de piscina SlideDeck abierta. Nuestros clientes quer\u00edan un sistema de protecci\u00f3n eficaz y f\u00e1cil de usar, por lo que optaron por esta terraza m\u00f3vil en dos partes, sim\u00e9tricas a lo largo.<\/p>\n<\/div>\n\n\n\n<div class=\"wp-block-column is-layout-flow wp-block-column-is-layout-flow\">\n<figure class=\"wp-block-image size-full\"><img decoding=\"async\" width=\"599\" height=\"397\" src=\"https:\/\/terrasse-mobile.net\/wp-content\/uploads\/2024\/10\/REA-TERR-MOB-FINEL-04.jpg\" alt=\"Terraza m\u00f3vil con paneles abiertos\" class=\"wp-image-6101\" srcset=\"https:\/\/terrasse-mobile.net\/wp-content\/uploads\/2024\/10\/REA-TERR-MOB-FINEL-04.jpg 599w, https:\/\/terrasse-mobile.net\/wp-content\/uploads\/2024\/10\/REA-TERR-MOB-FINEL-04-300x199.jpg 300w\" sizes=\"(max-width: 599px) 100vw, 599px\" \/><\/figure>\n\n\n\n<p class=\"has-text-align-left\">Una vez abierta la terraza m\u00f3vil, podr\u00e1 darse un chapuz\u00f3n y disfrutar de su piscina. \u00a1Y no hubo que mover ning\u00fan mueble de jard\u00edn de la terraza m\u00f3vil!<\/p>\n<\/div>\n<\/div>\n\n\n\n<h2 class=\"wp-block-heading has-text-align-center\">Una terraza m\u00f3vil segura<\/h2>\n\n\n\n<div class=\"wp-block-columns is-layout-flex wp-container-core-columns-is-layout-9d6595d7 wp-block-columns-is-layout-flex\">\n<div class=\"wp-block-column is-layout-flow wp-block-column-is-layout-flow\">\n<figure class=\"wp-block-image size-full\"><img decoding=\"async\" width=\"599\" height=\"397\" src=\"https:\/\/terrasse-mobile.net\/wp-content\/uploads\/2024\/10\/REA-TERR-MOB-FINEL-01.jpg\" alt=\"Terraza cerrada para asegurar y proteger la piscina\" class=\"wp-image-6098\" srcset=\"https:\/\/terrasse-mobile.net\/wp-content\/uploads\/2024\/10\/REA-TERR-MOB-FINEL-01.jpg 599w, https:\/\/terrasse-mobile.net\/wp-content\/uploads\/2024\/10\/REA-TERR-MOB-FINEL-01-300x199.jpg 300w\" sizes=\"(max-width: 599px) 100vw, 599px\" \/><\/figure>\n\n\n\n<p class=\"has-text-align-left\">Cuando la terraza m\u00f3vil est\u00e1 cerrada, es imposible adivinar que debajo hay una piscina... La piscina est\u00e1 perfectamente protegida de cualquier suciedad. Tambi\u00e9n es una excelente seguridad para ni\u00f1os y mascotas.<\/p>\n<\/div>\n\n\n\n<div class=\"wp-block-column is-layout-flow wp-block-column-is-layout-flow\">\n<figure class=\"wp-block-image size-full\"><img decoding=\"async\" width=\"599\" height=\"397\" src=\"https:\/\/terrasse-mobile.net\/wp-content\/uploads\/2024\/10\/REA-TERR-MOB-FINEL-06.jpg\" alt=\"Riel de terraza m\u00f3vil\" class=\"wp-image-6103\" srcset=\"https:\/\/terrasse-mobile.net\/wp-content\/uploads\/2024\/10\/REA-TERR-MOB-FINEL-06.jpg 599w, https:\/\/terrasse-mobile.net\/wp-content\/uploads\/2024\/10\/REA-TERR-MOB-FINEL-06-300x199.jpg 300w\" sizes=\"(max-width: 599px) 100vw, 599px\" \/><\/figure>\n\n\n\n<p class=\"has-text-align-left\">Las dos partes de la terraza m\u00f3vil se deslizan sobre un \u00fanico ra\u00edl, lo que facilita su apertura y cierre, a la vez que garantiza su seguridad.<\/p>\n<\/div>\n<\/div>\n\n\n\n<p><\/p>","protected":false},"excerpt":{"rendered":"<p>Aujourd&rsquo;hui, nous vous pr\u00e9sentons une magnifique r\u00e9alisation de terrasse mobile avec piscine, dans les Yvelines (78). Nos clients voulaient une belle piscine dans leur jardin, et la prot\u00e9ger de mani\u00e8re efficace des salet\u00e9s, poussi\u00e8res, etc&#8230; C&rsquo;est pour cela que nous leur avons propos\u00e9 notre terrasse mobile SlideDeck. Une terrasse mobile pour piscine en deux parties&#8230;<\/p>","protected":false},"author":1,"featured_media":6281,"parent":5631,"menu_order":13,"comment_status":"closed","ping_status":"closed","template":"","meta":{"_kad_post_transparent":"","_kad_post_title":"","_kad_post_layout":"","_kad_post_sidebar_id":"","_kad_post_content_style":"","_kad_post_vertical_padding":"","_kad_post_feature":"","_kad_post_feature_position":"","_kad_post_header":false,"_kad_post_footer":false,"_kad_post_classname":"","footnotes":""},"folder":[],"class_list":["post-6096","page","type-page","status-publish","has-post-thumbnail","hentry"],"yoast_head":"<!-- This site is optimized with the Yoast SEO plugin v27.3 - https:\/\/yoast.com\/product\/yoast-seo-wordpress\/ -->\n<title>Belle terrasse mobile pour piscine en deux parties<\/title>\n<meta name=\"description\" content=\"Aujourd&#039;hui, nous vous pr\u00e9sentons une magnifique r\u00e9alisation de terrasse mobile en deux parties avec piscine, dans les Yvelines.\" \/>\n<meta name=\"robots\" content=\"index, follow, max-snippet:-1, max-image-preview:large, max-video-preview:-1\" \/>\n<link rel=\"canonical\" href=\"https:\/\/terrasse-mobile.net\/es\/cubierta-deslizante\/logros\/hermosa-terraza-movil-en-dos-partes-para-piscina\/\" \/>\n<meta property=\"og:locale\" content=\"es_ES\" \/>\n<meta property=\"og:type\" content=\"article\" \/>\n<meta property=\"og:title\" content=\"Belle terrasse mobile pour piscine en deux parties\" \/>\n<meta property=\"og:description\" content=\"Aujourd&#039;hui, nous vous pr\u00e9sentons une magnifique r\u00e9alisation de terrasse mobile en deux parties avec piscine, dans les Yvelines.\" \/>\n<meta property=\"og:url\" content=\"https:\/\/terrasse-mobile.net\/es\/cubierta-deslizante\/logros\/hermosa-terraza-movil-en-dos-partes-para-piscina\/\" \/>\n<meta property=\"og:site_name\" content=\"Terrasse mobile\" \/>\n<meta property=\"article:modified_time\" content=\"2025-11-25T14:37:33+00:00\" \/>\n<meta property=\"og:image\" content=\"https:\/\/terrasse-mobile.net\/wp-content\/uploads\/2024\/11\/REA-TERR-MOB-FINEL-01.jpg\" \/>\n\t<meta property=\"og:image:width\" content=\"600\" \/>\n\t<meta property=\"og:image:height\" content=\"397\" \/>\n\t<meta property=\"og:image:type\" content=\"image\/jpeg\" \/>\n<meta name=\"twitter:card\" content=\"summary_large_image\" \/>\n<meta name=\"twitter:label1\" content=\"Tiempo de lectura\" \/>\n\t<meta name=\"twitter:data1\" content=\"2 minutos\" \/>\n<script type=\"application\/ld+json\" class=\"yoast-schema-graph\">{\"@context\":\"https:\\\/\\\/schema.org\",\"@graph\":[{\"@type\":\"WebPage\",\"@id\":\"https:\\\/\\\/terrasse-mobile.net\\\/slidedeck\\\/realisations\\\/belle-terrasse-mobile-deux-parties-pour-piscine\\\/\",\"url\":\"https:\\\/\\\/terrasse-mobile.net\\\/slidedeck\\\/realisations\\\/belle-terrasse-mobile-deux-parties-pour-piscine\\\/\",\"name\":\"Belle terrasse mobile pour piscine en deux parties\",\"isPartOf\":{\"@id\":\"https:\\\/\\\/terrasse-mobile.net\\\/#website\"},\"primaryImageOfPage\":{\"@id\":\"https:\\\/\\\/terrasse-mobile.net\\\/slidedeck\\\/realisations\\\/belle-terrasse-mobile-deux-parties-pour-piscine\\\/#primaryimage\"},\"image\":{\"@id\":\"https:\\\/\\\/terrasse-mobile.net\\\/slidedeck\\\/realisations\\\/belle-terrasse-mobile-deux-parties-pour-piscine\\\/#primaryimage\"},\"thumbnailUrl\":\"https:\\\/\\\/terrasse-mobile.net\\\/wp-content\\\/uploads\\\/2024\\\/11\\\/REA-TERR-MOB-FINEL-01.jpg\",\"datePublished\":\"2024-11-13T14:35:33+00:00\",\"dateModified\":\"2025-11-25T14:37:33+00:00\",\"description\":\"Aujourd'hui, nous vous pr\u00e9sentons une magnifique r\u00e9alisation de terrasse mobile en deux parties avec piscine, dans les Yvelines.\",\"breadcrumb\":{\"@id\":\"https:\\\/\\\/terrasse-mobile.net\\\/slidedeck\\\/realisations\\\/belle-terrasse-mobile-deux-parties-pour-piscine\\\/#breadcrumb\"},\"inLanguage\":\"es\",\"potentialAction\":[{\"@type\":\"ReadAction\",\"target\":[\"https:\\\/\\\/terrasse-mobile.net\\\/slidedeck\\\/realisations\\\/belle-terrasse-mobile-deux-parties-pour-piscine\\\/\"]}]},{\"@type\":\"ImageObject\",\"inLanguage\":\"es\",\"@id\":\"https:\\\/\\\/terrasse-mobile.net\\\/slidedeck\\\/realisations\\\/belle-terrasse-mobile-deux-parties-pour-piscine\\\/#primaryimage\",\"url\":\"https:\\\/\\\/terrasse-mobile.net\\\/wp-content\\\/uploads\\\/2024\\\/11\\\/REA-TERR-MOB-FINEL-01.jpg\",\"contentUrl\":\"https:\\\/\\\/terrasse-mobile.net\\\/wp-content\\\/uploads\\\/2024\\\/11\\\/REA-TERR-MOB-FINEL-01.jpg\",\"width\":600,\"height\":397},{\"@type\":\"BreadcrumbList\",\"@id\":\"https:\\\/\\\/terrasse-mobile.net\\\/slidedeck\\\/realisations\\\/belle-terrasse-mobile-deux-parties-pour-piscine\\\/#breadcrumb\",\"itemListElement\":[{\"@type\":\"ListItem\",\"position\":1,\"name\":\"Accueil\",\"item\":\"https:\\\/\\\/terrasse-mobile.net\\\/\"},{\"@type\":\"ListItem\",\"position\":2,\"name\":\"SLIDEDECK\",\"item\":\"https:\\\/\\\/terrasse-mobile.net\\\/slidedeck\\\/\"},{\"@type\":\"ListItem\",\"position\":3,\"name\":\"NOS R\u00c9ALISATIONS DE TERRASSE MOBILE SLIDEDECK\",\"item\":\"https:\\\/\\\/terrasse-mobile.net\\\/slidedeck\\\/realisations\\\/\"},{\"@type\":\"ListItem\",\"position\":4,\"name\":\"Belle terrasse mobile en deux parties pour une piscine\"}]},{\"@type\":\"WebSite\",\"@id\":\"https:\\\/\\\/terrasse-mobile.net\\\/#website\",\"url\":\"https:\\\/\\\/terrasse-mobile.net\\\/\",\"name\":\"Slidedeck\",\"description\":\"Construction sur mesure de terrasses mobiles en \u00cele-de-France\",\"publisher\":{\"@id\":\"https:\\\/\\\/terrasse-mobile.net\\\/#organization\"},\"potentialAction\":[{\"@type\":\"SearchAction\",\"target\":{\"@type\":\"EntryPoint\",\"urlTemplate\":\"https:\\\/\\\/terrasse-mobile.net\\\/?s={search_term_string}\"},\"query-input\":{\"@type\":\"PropertyValueSpecification\",\"valueRequired\":true,\"valueName\":\"search_term_string\"}}],\"inLanguage\":\"es\"},{\"@type\":\"Organization\",\"@id\":\"https:\\\/\\\/terrasse-mobile.net\\\/#organization\",\"name\":\"Slidedeck\",\"url\":\"https:\\\/\\\/terrasse-mobile.net\\\/\",\"logo\":{\"@type\":\"ImageObject\",\"inLanguage\":\"es\",\"@id\":\"https:\\\/\\\/terrasse-mobile.net\\\/#\\\/schema\\\/logo\\\/image\\\/\",\"url\":\"https:\\\/\\\/terrasse-mobile.net\\\/wp-content\\\/uploads\\\/2024\\\/01\\\/logo-slidedeck.jpg\",\"contentUrl\":\"https:\\\/\\\/terrasse-mobile.net\\\/wp-content\\\/uploads\\\/2024\\\/01\\\/logo-slidedeck.jpg\",\"width\":2000,\"height\":1103,\"caption\":\"Slidedeck\"},\"image\":{\"@id\":\"https:\\\/\\\/terrasse-mobile.net\\\/#\\\/schema\\\/logo\\\/image\\\/\"}}]}<\/script>\n<!-- \/ Yoast SEO plugin. -->","yoast_head_json":{"title":"Atractiva cubierta de piscina m\u00f3vil en dos partes","description":"Hoy presentamos un magn\u00edfico ejemplo de terraza m\u00f3vil en dos partes con piscina, en los Yvelines.","robots":{"index":"index","follow":"follow","max-snippet":"max-snippet:-1","max-image-preview":"max-image-preview:large","max-video-preview":"max-video-preview:-1"},"canonical":"https:\/\/terrasse-mobile.net\/es\/cubierta-deslizante\/logros\/hermosa-terraza-movil-en-dos-partes-para-piscina\/","og_locale":"es_ES","og_type":"article","og_title":"Belle terrasse mobile pour piscine en deux parties","og_description":"Aujourd'hui, nous vous pr\u00e9sentons une magnifique r\u00e9alisation de terrasse mobile en deux parties avec piscine, dans les Yvelines.","og_url":"https:\/\/terrasse-mobile.net\/es\/cubierta-deslizante\/logros\/hermosa-terraza-movil-en-dos-partes-para-piscina\/","og_site_name":"Terrasse mobile","article_modified_time":"2025-11-25T14:37:33+00:00","og_image":[{"width":600,"height":397,"url":"https:\/\/terrasse-mobile.net\/wp-content\/uploads\/2024\/11\/REA-TERR-MOB-FINEL-01.jpg","type":"image\/jpeg"}],"twitter_card":"summary_large_image","twitter_misc":{"Tiempo de lectura":"2 minutos"},"schema":{"@context":"https:\/\/schema.org","@graph":[{"@type":"WebPage","@id":"https:\/\/terrasse-mobile.net\/slidedeck\/realisations\/belle-terrasse-mobile-deux-parties-pour-piscine\/","url":"https:\/\/terrasse-mobile.net\/slidedeck\/realisations\/belle-terrasse-mobile-deux-parties-pour-piscine\/","name":"Atractiva cubierta de piscina m\u00f3vil en dos partes","isPartOf":{"@id":"https:\/\/terrasse-mobile.net\/#website"},"primaryImageOfPage":{"@id":"https:\/\/terrasse-mobile.net\/slidedeck\/realisations\/belle-terrasse-mobile-deux-parties-pour-piscine\/#primaryimage"},"image":{"@id":"https:\/\/terrasse-mobile.net\/slidedeck\/realisations\/belle-terrasse-mobile-deux-parties-pour-piscine\/#primaryimage"},"thumbnailUrl":"https:\/\/terrasse-mobile.net\/wp-content\/uploads\/2024\/11\/REA-TERR-MOB-FINEL-01.jpg","datePublished":"2024-11-13T14:35:33+00:00","dateModified":"2025-11-25T14:37:33+00:00","description":"Hoy presentamos un magn\u00edfico ejemplo de terraza m\u00f3vil en dos partes con piscina, en los Yvelines.","breadcrumb":{"@id":"https:\/\/terrasse-mobile.net\/slidedeck\/realisations\/belle-terrasse-mobile-deux-parties-pour-piscine\/#breadcrumb"},"inLanguage":"es","potentialAction":[{"@type":"ReadAction","target":["https:\/\/terrasse-mobile.net\/slidedeck\/realisations\/belle-terrasse-mobile-deux-parties-pour-piscine\/"]}]},{"@type":"ImageObject","inLanguage":"es","@id":"https:\/\/terrasse-mobile.net\/slidedeck\/realisations\/belle-terrasse-mobile-deux-parties-pour-piscine\/#primaryimage","url":"https:\/\/terrasse-mobile.net\/wp-content\/uploads\/2024\/11\/REA-TERR-MOB-FINEL-01.jpg","contentUrl":"https:\/\/terrasse-mobile.net\/wp-content\/uploads\/2024\/11\/REA-TERR-MOB-FINEL-01.jpg","width":600,"height":397},{"@type":"BreadcrumbList","@id":"https:\/\/terrasse-mobile.net\/slidedeck\/realisations\/belle-terrasse-mobile-deux-parties-pour-piscine\/#breadcrumb","itemListElement":[{"@type":"ListItem","position":1,"name":"Accueil","item":"https:\/\/terrasse-mobile.net\/"},{"@type":"ListItem","position":2,"name":"SLIDEDECK","item":"https:\/\/terrasse-mobile.net\/slidedeck\/"},{"@type":"ListItem","position":3,"name":"NOS R\u00c9ALISATIONS DE TERRASSE MOBILE SLIDEDECK","item":"https:\/\/terrasse-mobile.net\/slidedeck\/realisations\/"},{"@type":"ListItem","position":4,"name":"Belle terrasse mobile en deux parties pour une piscine"}]},{"@type":"WebSite","@id":"https:\/\/terrasse-mobile.net\/#website","url":"https:\/\/terrasse-mobile.net\/","name":"Plataforma deslizante","description":"Terrazas m\u00f3viles a medida en la regi\u00f3n parisina","publisher":{"@id":"https:\/\/terrasse-mobile.net\/#organization"},"potentialAction":[{"@type":"SearchAction","target":{"@type":"EntryPoint","urlTemplate":"https:\/\/terrasse-mobile.net\/?s={search_term_string}"},"query-input":{"@type":"PropertyValueSpecification","valueRequired":true,"valueName":"search_term_string"}}],"inLanguage":"es"},{"@type":"Organization","@id":"https:\/\/terrasse-mobile.net\/#organization","name":"Plataforma deslizante","url":"https:\/\/terrasse-mobile.net\/","logo":{"@type":"ImageObject","inLanguage":"es","@id":"https:\/\/terrasse-mobile.net\/#\/schema\/logo\/image\/","url":"https:\/\/terrasse-mobile.net\/wp-content\/uploads\/2024\/01\/logo-slidedeck.jpg","contentUrl":"https:\/\/terrasse-mobile.net\/wp-content\/uploads\/2024\/01\/logo-slidedeck.jpg","width":2000,"height":1103,"caption":"Slidedeck"},"image":{"@id":"https:\/\/terrasse-mobile.net\/#\/schema\/logo\/image\/"}}]}},"_links":{"self":[{"href":"https:\/\/terrasse-mobile.net\/es\/wp-json\/wp\/v2\/pages\/6096","targetHints":{"allow":["GET"]}}],"collection":[{"href":"https:\/\/terrasse-mobile.net\/es\/wp-json\/wp\/v2\/pages"}],"about":[{"href":"https:\/\/terrasse-mobile.net\/es\/wp-json\/wp\/v2\/types\/page"}],"author":[{"embeddable":true,"href":"https:\/\/terrasse-mobile.net\/es\/wp-json\/wp\/v2\/users\/1"}],"replies":[{"embeddable":true,"href":"https:\/\/terrasse-mobile.net\/es\/wp-json\/wp\/v2\/comments?post=6096"}],"version-history":[{"count":8,"href":"https:\/\/terrasse-mobile.net\/es\/wp-json\/wp\/v2\/pages\/6096\/revisions"}],"predecessor-version":[{"id":7269,"href":"https:\/\/terrasse-mobile.net\/es\/wp-json\/wp\/v2\/pages\/6096\/revisions\/7269"}],"up":[{"embeddable":true,"href":"https:\/\/terrasse-mobile.net\/es\/wp-json\/wp\/v2\/pages\/5631"}],"wp:featuredmedia":[{"embeddable":true,"href":"https:\/\/terrasse-mobile.net\/es\/wp-json\/wp\/v2\/media\/6281"}],"wp:attachment":[{"href":"https:\/\/terrasse-mobile.net\/es\/wp-json\/wp\/v2\/media?parent=6096"}],"wp:term":[{"taxonomy":"folder","embeddable":true,"href":"https:\/\/terrasse-mobile.net\/es\/wp-json\/wp\/v2\/folder?post=6096"}],"curies":[{"name":"wp","href":"https:\/\/api.w.org\/{rel}","templated":true}]}}