{"id":6504,"date":"2024-11-20T16:42:49","date_gmt":"2024-11-20T15:42:49","guid":{"rendered":"https:\/\/terrasse-mobile.net\/?page_id=6504"},"modified":"2025-10-08T14:35:43","modified_gmt":"2025-10-08T12:35:43","slug":"el-montaje-de-su-terraza-movil","status":"publish","type":"page","link":"https:\/\/terrasse-mobile.net\/es\/slidedeck\/installation-entretien\/le-montage-de-votre-terrasse-mobile\/","title":{"rendered":"EL MONTAJE DE SU TERRAZA M\u00d3VIL PARA PISCINA"},"content":{"rendered":"<p class=\"has-text-align-left\">Para obras en la regi\u00f3n parisina, podemos encargarnos del montaje de su terraza m\u00f3vil, incluyendo el montaje de la estructura y\/o la instalaci\u00f3n del revestimiento (lamas de terraza, etc.). <\/p>\n\n\n\n<p class=\"has-text-align-left\">Tambi\u00e9n puede encargar su terraza m\u00f3vil en kit, fabricada a medida seg\u00fan las dimensiones de su piscina, e instalarla usted mismo.<\/p>\n\n\n\n<p>As\u00ed es como se hace:<\/p>\n\n\n\n<div class=\"wp-block-group\"><div class=\"wp-block-group__inner-container is-layout-constrained wp-block-group-is-layout-constrained\">\n<div class=\"wp-block-columns is-layout-flex wp-container-core-columns-is-layout-9d6595d7 wp-block-columns-is-layout-flex\">\n<div class=\"wp-block-column is-layout-flow wp-block-column-is-layout-flow\">\n<div style=\"padding:56.25% 0 0 0;position:relative;\"><iframe src=\"https:\/\/player.vimeo.com\/video\/1031580165?badge=0&amp;autopause=0&amp;player_id=0&amp;app_id=58479\" frameborder=\"0\" allow=\"autoplay; fullscreen; picture-in-picture; clipboard-write\" style=\"position:absolute;top:0;left:0;width:100%;height:100%;\" title=\"MONTAJE DE TERRAZA M\u00d3VIL\"><\/iframe><\/div><script src=\"https:\/\/player.vimeo.com\/api\/player.js\"><\/script>\n\n\n\n<p>En este v\u00eddeo le mostramos los pasos principales para montar su terraza m\u00f3vil.<\/p>\n\n\n\n<p>Como se puede ver, es extremadamente r\u00e1pido.<\/p>\n<\/div>\n<\/div>\n<\/div><\/div>\n\n\n\n<div class=\"wp-block-columns is-layout-flex wp-container-core-columns-is-layout-9d6595d7 wp-block-columns-is-layout-flex\">\n<div class=\"wp-block-column is-layout-flow wp-block-column-is-layout-flow\">\n<figure class=\"wp-block-image size-full\"><img decoding=\"async\" width=\"600\" height=\"450\" src=\"https:\/\/terrasse-mobile.net\/wp-content\/uploads\/2024\/11\/MONTAGE-SLIDEDECK-00003.jpeg\" alt=\"\" class=\"wp-image-6520\" srcset=\"https:\/\/terrasse-mobile.net\/wp-content\/uploads\/2024\/11\/MONTAGE-SLIDEDECK-00003.jpeg 600w, https:\/\/terrasse-mobile.net\/wp-content\/uploads\/2024\/11\/MONTAGE-SLIDEDECK-00003-300x225.jpeg 300w, https:\/\/terrasse-mobile.net\/wp-content\/uploads\/2024\/11\/MONTAGE-SLIDEDECK-00003-50x38.jpeg 50w\" sizes=\"(max-width: 600px) 100vw, 600px\" \/><\/figure>\n\n\n\n<p class=\"has-text-align-left\"><strong>1<\/strong> En esta foto vemos las dos vigas de aluminio que permiten crear la lama de acabado que permite crear alrededor de la terraza m\u00f3vil una elegante banda con cortes a inglete en cada esquina.<\/p>\n<\/div>\n\n\n\n<div class=\"wp-block-column is-layout-flow wp-block-column-is-layout-flow\">\n<figure class=\"wp-block-image size-full\"><img decoding=\"async\" width=\"600\" height=\"450\" src=\"https:\/\/terrasse-mobile.net\/wp-content\/uploads\/2024\/11\/MONTAGE-SLIDEDECK-00004.jpeg\" alt=\"\" class=\"wp-image-6522\" srcset=\"https:\/\/terrasse-mobile.net\/wp-content\/uploads\/2024\/11\/MONTAGE-SLIDEDECK-00004.jpeg 600w, https:\/\/terrasse-mobile.net\/wp-content\/uploads\/2024\/11\/MONTAGE-SLIDEDECK-00004-300x225.jpeg 300w, https:\/\/terrasse-mobile.net\/wp-content\/uploads\/2024\/11\/MONTAGE-SLIDEDECK-00004-50x38.jpeg 50w\" sizes=\"(max-width: 600px) 100vw, 600px\" \/><\/figure>\n\n\n\n<p class=\"has-text-align-left\"><strong>2<\/strong> Este es el carro que soporta la rueda de poliamida para terrazas m\u00f3viles, provisto de un solo ra\u00edl en un solo lado.<\/p>\n<\/div>\n\n\n\n<div class=\"wp-block-column is-layout-flow wp-block-column-is-layout-flow\">\n<figure class=\"wp-block-image size-full\"><img decoding=\"async\" width=\"600\" height=\"450\" src=\"https:\/\/terrasse-mobile.net\/wp-content\/uploads\/2024\/11\/MONTAGE-SLIDEDECK-00005.jpeg\" alt=\"\" class=\"wp-image-6525\" srcset=\"https:\/\/terrasse-mobile.net\/wp-content\/uploads\/2024\/11\/MONTAGE-SLIDEDECK-00005.jpeg 600w, https:\/\/terrasse-mobile.net\/wp-content\/uploads\/2024\/11\/MONTAGE-SLIDEDECK-00005-300x225.jpeg 300w, https:\/\/terrasse-mobile.net\/wp-content\/uploads\/2024\/11\/MONTAGE-SLIDEDECK-00005-50x38.jpeg 50w\" sizes=\"(max-width: 600px) 100vw, 600px\" \/><\/figure>\n\n\n\n<p class=\"has-text-align-left\"><strong>3<\/strong> Aqu\u00ed est\u00e1 el carro con la rueda acanalada que circula por el ra\u00edl. Estos carros especiales se montan en la estructura con remaches estructurales ultrarresistentes. <\/p>\n<\/div>\n<\/div>\n\n\n\n<div class=\"wp-block-columns is-layout-flex wp-container-core-columns-is-layout-9d6595d7 wp-block-columns-is-layout-flex\">\n<div class=\"wp-block-column is-layout-flow wp-block-column-is-layout-flow\">\n<figure class=\"wp-block-image size-full\"><img decoding=\"async\" width=\"600\" height=\"450\" src=\"https:\/\/terrasse-mobile.net\/wp-content\/uploads\/2024\/11\/MONTAGE-SLIDEDECK-00002.jpeg\" alt=\"\" class=\"wp-image-6519\" srcset=\"https:\/\/terrasse-mobile.net\/wp-content\/uploads\/2024\/11\/MONTAGE-SLIDEDECK-00002.jpeg 600w, https:\/\/terrasse-mobile.net\/wp-content\/uploads\/2024\/11\/MONTAGE-SLIDEDECK-00002-300x225.jpeg 300w, https:\/\/terrasse-mobile.net\/wp-content\/uploads\/2024\/11\/MONTAGE-SLIDEDECK-00002-50x38.jpeg 50w\" sizes=\"(max-width: 600px) 100vw, 600px\" \/><\/figure>\n\n\n\n<p class=\"has-text-align-left\"><strong>4<\/strong> Aqu\u00ed est\u00e1 la terraza m\u00f3vil montada y lista para recibir su entarimado. <\/p>\n<\/div>\n\n\n\n<div class=\"wp-block-column is-layout-flow wp-block-column-is-layout-flow\">\n<figure class=\"wp-block-image size-full\"><img decoding=\"async\" width=\"600\" height=\"450\" src=\"https:\/\/terrasse-mobile.net\/wp-content\/uploads\/2024\/11\/MONTAGE-SLIDEDECK-00007.jpeg\" alt=\"\" class=\"wp-image-6516\" srcset=\"https:\/\/terrasse-mobile.net\/wp-content\/uploads\/2024\/11\/MONTAGE-SLIDEDECK-00007.jpeg 600w, https:\/\/terrasse-mobile.net\/wp-content\/uploads\/2024\/11\/MONTAGE-SLIDEDECK-00007-300x225.jpeg 300w, https:\/\/terrasse-mobile.net\/wp-content\/uploads\/2024\/11\/MONTAGE-SLIDEDECK-00007-50x38.jpeg 50w\" sizes=\"(max-width: 600px) 100vw, 600px\" \/><\/figure>\n\n\n\n<p class=\"has-text-align-left\"><strong>5<\/strong> En esta foto vemos los ballenos especiales que garantizan la estanqueidad al aire de la estructura de la terraza m\u00f3vil con el fin de mejorar el aislamiento t\u00e9rmico y evitar que la suciedad, el polvo y la tierra entren en la piscina.<\/p>\n<\/div>\n\n\n\n<div class=\"wp-block-column is-layout-flow wp-block-column-is-layout-flow\">\n<figure class=\"wp-block-image size-full\"><img decoding=\"async\" width=\"600\" height=\"450\" src=\"https:\/\/terrasse-mobile.net\/wp-content\/uploads\/2024\/11\/MONTAGE-SLIDEDECK-00001.jpeg\" alt=\"\" class=\"wp-image-6518\" srcset=\"https:\/\/terrasse-mobile.net\/wp-content\/uploads\/2024\/11\/MONTAGE-SLIDEDECK-00001.jpeg 600w, https:\/\/terrasse-mobile.net\/wp-content\/uploads\/2024\/11\/MONTAGE-SLIDEDECK-00001-300x225.jpeg 300w, https:\/\/terrasse-mobile.net\/wp-content\/uploads\/2024\/11\/MONTAGE-SLIDEDECK-00001-50x38.jpeg 50w\" sizes=\"(max-width: 600px) 100vw, 600px\" \/><\/figure>\n\n\n\n<p class=\"has-text-align-left\"><strong>6<\/strong> Sus ballets permiten mejorar el aislamiento t\u00e9rmico y evitar que la suciedad, el polvo y la tierra entren en la piscina.<\/p>\n<\/div>\n<\/div>\n\n\n\n<div class=\"wp-block-columns is-layout-flex wp-container-core-columns-is-layout-9d6595d7 wp-block-columns-is-layout-flex\">\n<div class=\"wp-block-column is-layout-flow wp-block-column-is-layout-flow\"><div class=\"wp-block-image\">\n<figure class=\"aligncenter size-full\"><img decoding=\"async\" width=\"375\" height=\"500\" src=\"https:\/\/terrasse-mobile.net\/wp-content\/uploads\/2024\/11\/MONTAGE-SLIDEDECK-00008.jpeg\" alt=\"\" class=\"wp-image-6523\" srcset=\"https:\/\/terrasse-mobile.net\/wp-content\/uploads\/2024\/11\/MONTAGE-SLIDEDECK-00008.jpeg 375w, https:\/\/terrasse-mobile.net\/wp-content\/uploads\/2024\/11\/MONTAGE-SLIDEDECK-00008-225x300.jpeg 225w, https:\/\/terrasse-mobile.net\/wp-content\/uploads\/2024\/11\/MONTAGE-SLIDEDECK-00008-50x67.jpeg 50w\" sizes=\"(max-width: 375px) 100vw, 375px\" \/><\/figure>\n<\/div>\n\n\n<p class=\"has-text-align-left\"><strong>7<\/strong> Estamos montando la estructura y la doble viga, y vemos que cada elemento se maneja con cuidado para garantizar un montaje r\u00e1pido y fiable.<\/p>\n<\/div>\n\n\n\n<div class=\"wp-block-column is-layout-flow wp-block-column-is-layout-flow\"><div class=\"wp-block-image\">\n<figure class=\"aligncenter size-full\"><img decoding=\"async\" width=\"375\" height=\"500\" src=\"https:\/\/terrasse-mobile.net\/wp-content\/uploads\/2024\/11\/MONTAGE-SLIDEDECK-00009.jpeg\" alt=\"\" class=\"wp-image-6524\" srcset=\"https:\/\/terrasse-mobile.net\/wp-content\/uploads\/2024\/11\/MONTAGE-SLIDEDECK-00009.jpeg 375w, https:\/\/terrasse-mobile.net\/wp-content\/uploads\/2024\/11\/MONTAGE-SLIDEDECK-00009-225x300.jpeg 225w, https:\/\/terrasse-mobile.net\/wp-content\/uploads\/2024\/11\/MONTAGE-SLIDEDECK-00009-50x67.jpeg 50w\" sizes=\"(max-width: 375px) 100vw, 375px\" \/><\/figure>\n<\/div>\n\n\n<p class=\"has-text-align-left\"><strong>8<\/strong> El zapata terminal est\u00e1 cuidadosamente dise\u00f1ado para adaptarse a diferentes anchuras de lamas de terraza.<\/p>\n<\/div>\n<\/div>\n\n\n\n<div class=\"wp-block-columns is-layout-flex wp-container-core-columns-is-layout-9d6595d7 wp-block-columns-is-layout-flex\">\n<div class=\"wp-block-column is-layout-flow wp-block-column-is-layout-flow\">\n<figure class=\"wp-block-image size-full\"><img decoding=\"async\" width=\"600\" height=\"450\" src=\"https:\/\/terrasse-mobile.net\/wp-content\/uploads\/2024\/11\/MONTAGE-SLIDEDECK-00020.jpeg\" alt=\"\" class=\"wp-image-6517\" srcset=\"https:\/\/terrasse-mobile.net\/wp-content\/uploads\/2024\/11\/MONTAGE-SLIDEDECK-00020.jpeg 600w, https:\/\/terrasse-mobile.net\/wp-content\/uploads\/2024\/11\/MONTAGE-SLIDEDECK-00020-300x225.jpeg 300w, https:\/\/terrasse-mobile.net\/wp-content\/uploads\/2024\/11\/MONTAGE-SLIDEDECK-00020-50x38.jpeg 50w\" sizes=\"(max-width: 600px) 100vw, 600px\" \/><\/figure>\n\n\n\n<p class=\"has-text-align-left\"><strong>9<\/strong> Para montar su terraza m\u00f3vil, es preferible que sean dos personas.<\/p>\n\n\n\n<p><\/p>\n<\/div>\n\n\n\n<div class=\"wp-block-column is-layout-flow wp-block-column-is-layout-flow\">\n<figure class=\"wp-block-image size-full\"><img decoding=\"async\" width=\"600\" height=\"450\" src=\"https:\/\/terrasse-mobile.net\/wp-content\/uploads\/2024\/11\/MONTAGE-SLIDEDECK-00019.jpeg\" alt=\"\" class=\"wp-image-6521\" srcset=\"https:\/\/terrasse-mobile.net\/wp-content\/uploads\/2024\/11\/MONTAGE-SLIDEDECK-00019.jpeg 600w, https:\/\/terrasse-mobile.net\/wp-content\/uploads\/2024\/11\/MONTAGE-SLIDEDECK-00019-300x225.jpeg 300w, https:\/\/terrasse-mobile.net\/wp-content\/uploads\/2024\/11\/MONTAGE-SLIDEDECK-00019-50x38.jpeg 50w\" sizes=\"(max-width: 600px) 100vw, 600px\" \/><\/figure>\n\n\n\n<p class=\"has-text-align-left\"><strong>10<\/strong> De este modo, el trabajo se realiza r\u00e1pidamente y con total seguridad. Se trata de un sencillo montaje mec\u00e1nico: todo el trabajo preparatorio se realiza en el taller, solo hay que ensamblar los diferentes elementos con los tornillos y tuercas suministrados. <\/p>\n<\/div>\n<\/div>\n\n\n\n<p><\/p>","protected":false},"excerpt":{"rendered":"<p>Pour les chantiers en r\u00e9gion parisienne, nous pouvons nous charger du montage de votre terrasse mobile, comprenant le montage de la structure et ou l&rsquo;instalation du revetemnt (lames de terrasse&#8230;ect). Vous pouvez egallement commander votre terrasse mobile en kit construit sur mesure en fonction des dimension de votre piscine et l&rsquo;installer vous meme. Voici comment&#8230;<\/p>","protected":false},"author":1,"featured_media":3640,"parent":5585,"menu_order":20,"comment_status":"closed","ping_status":"closed","template":"","meta":{"_kad_post_transparent":"","_kad_post_title":"","_kad_post_layout":"","_kad_post_sidebar_id":"","_kad_post_content_style":"","_kad_post_vertical_padding":"","_kad_post_feature":"","_kad_post_feature_position":"","_kad_post_header":false,"_kad_post_footer":false,"_kad_post_classname":"","footnotes":""},"folder":[],"class_list":["post-6504","page","type-page","status-publish","has-post-thumbnail","hentry"],"yoast_head":"<!-- This site is optimized with the Yoast SEO plugin v27.4 - https:\/\/yoast.com\/product\/yoast-seo-wordpress\/ -->\n<title>Comment construire une terrasse mobile pour piscine ?<\/title>\n<meta name=\"description\" content=\"Le montage de la terrasse mobile pour piscine SlideDeck n&#039;est pas compliqu\u00e9. Voici les quelques \u00e9tapes \u00e0 suivre.\" \/>\n<meta name=\"robots\" content=\"index, follow, max-snippet:-1, max-image-preview:large, max-video-preview:-1\" \/>\n<link rel=\"canonical\" href=\"https:\/\/terrasse-mobile.net\/es\/cubierta-deslizante\/mantenimiento-de-instalaciones\/el-montaje-de-su-terraza-movil\/\" \/>\n<meta property=\"og:locale\" content=\"es_ES\" \/>\n<meta property=\"og:type\" content=\"article\" \/>\n<meta property=\"og:title\" content=\"Comment construire une terrasse mobile pour piscine ?\" \/>\n<meta property=\"og:description\" content=\"Le montage de la terrasse mobile pour piscine SlideDeck n&#039;est pas compliqu\u00e9. Voici les quelques \u00e9tapes \u00e0 suivre.\" \/>\n<meta property=\"og:url\" content=\"https:\/\/terrasse-mobile.net\/es\/cubierta-deslizante\/mantenimiento-de-instalaciones\/el-montaje-de-su-terraza-movil\/\" \/>\n<meta property=\"og:site_name\" content=\"Terrasse mobile\" \/>\n<meta property=\"article:modified_time\" content=\"2025-10-08T12:35:43+00:00\" \/>\n<meta property=\"og:image\" content=\"https:\/\/terrasse-mobile.net\/wp-content\/uploads\/2024\/02\/REAL-SABOURAULT-PISCINE-2.jpg\" \/>\n\t<meta property=\"og:image:width\" content=\"2000\" \/>\n\t<meta property=\"og:image:height\" content=\"1500\" \/>\n\t<meta property=\"og:image:type\" content=\"image\/jpeg\" \/>\n<meta name=\"twitter:card\" content=\"summary_large_image\" \/>\n<meta name=\"twitter:label1\" content=\"Tiempo de lectura\" \/>\n\t<meta name=\"twitter:data1\" content=\"4 minutos\" \/>\n<script type=\"application\/ld+json\" class=\"yoast-schema-graph\">{\"@context\":\"https:\\\/\\\/schema.org\",\"@graph\":[{\"@type\":\"WebPage\",\"@id\":\"https:\\\/\\\/terrasse-mobile.net\\\/slidedeck\\\/installation-entretien\\\/le-montage-de-votre-terrasse-mobile\\\/\",\"url\":\"https:\\\/\\\/terrasse-mobile.net\\\/slidedeck\\\/installation-entretien\\\/le-montage-de-votre-terrasse-mobile\\\/\",\"name\":\"Comment construire une terrasse mobile pour piscine ?\",\"isPartOf\":{\"@id\":\"https:\\\/\\\/terrasse-mobile.net\\\/#website\"},\"primaryImageOfPage\":{\"@id\":\"https:\\\/\\\/terrasse-mobile.net\\\/slidedeck\\\/installation-entretien\\\/le-montage-de-votre-terrasse-mobile\\\/#primaryimage\"},\"image\":{\"@id\":\"https:\\\/\\\/terrasse-mobile.net\\\/slidedeck\\\/installation-entretien\\\/le-montage-de-votre-terrasse-mobile\\\/#primaryimage\"},\"thumbnailUrl\":\"https:\\\/\\\/terrasse-mobile.net\\\/wp-content\\\/uploads\\\/2024\\\/02\\\/REAL-SABOURAULT-PISCINE-2.jpg\",\"datePublished\":\"2024-11-20T15:42:49+00:00\",\"dateModified\":\"2025-10-08T12:35:43+00:00\",\"description\":\"Le montage de la terrasse mobile pour piscine SlideDeck n'est pas compliqu\u00e9. Voici les quelques \u00e9tapes \u00e0 suivre.\",\"breadcrumb\":{\"@id\":\"https:\\\/\\\/terrasse-mobile.net\\\/slidedeck\\\/installation-entretien\\\/le-montage-de-votre-terrasse-mobile\\\/#breadcrumb\"},\"inLanguage\":\"es\",\"potentialAction\":[{\"@type\":\"ReadAction\",\"target\":[\"https:\\\/\\\/terrasse-mobile.net\\\/slidedeck\\\/installation-entretien\\\/le-montage-de-votre-terrasse-mobile\\\/\"]}]},{\"@type\":\"ImageObject\",\"inLanguage\":\"es\",\"@id\":\"https:\\\/\\\/terrasse-mobile.net\\\/slidedeck\\\/installation-entretien\\\/le-montage-de-votre-terrasse-mobile\\\/#primaryimage\",\"url\":\"https:\\\/\\\/terrasse-mobile.net\\\/wp-content\\\/uploads\\\/2024\\\/02\\\/REAL-SABOURAULT-PISCINE-2.jpg\",\"contentUrl\":\"https:\\\/\\\/terrasse-mobile.net\\\/wp-content\\\/uploads\\\/2024\\\/02\\\/REAL-SABOURAULT-PISCINE-2.jpg\",\"width\":2000,\"height\":1500,\"caption\":\"DCIM100MEDIADJI_0365.JPG\"},{\"@type\":\"BreadcrumbList\",\"@id\":\"https:\\\/\\\/terrasse-mobile.net\\\/slidedeck\\\/installation-entretien\\\/le-montage-de-votre-terrasse-mobile\\\/#breadcrumb\",\"itemListElement\":[{\"@type\":\"ListItem\",\"position\":1,\"name\":\"Accueil\",\"item\":\"https:\\\/\\\/terrasse-mobile.net\\\/\"},{\"@type\":\"ListItem\",\"position\":2,\"name\":\"SLIDEDECK\",\"item\":\"https:\\\/\\\/terrasse-mobile.net\\\/slidedeck\\\/\"},{\"@type\":\"ListItem\",\"position\":3,\"name\":\"INSTALLATION DE LA TERRASSE MOBILE SLIDEDECK\",\"item\":\"https:\\\/\\\/terrasse-mobile.net\\\/slidedeck\\\/installation-entretien\\\/\"},{\"@type\":\"ListItem\",\"position\":4,\"name\":\"LE MONTAGE DE VOTRE TERRASSE MOBILE POUR PISCINE\"}]},{\"@type\":\"WebSite\",\"@id\":\"https:\\\/\\\/terrasse-mobile.net\\\/#website\",\"url\":\"https:\\\/\\\/terrasse-mobile.net\\\/\",\"name\":\"Slidedeck\",\"description\":\"Construction sur mesure de terrasses mobiles en \u00cele-de-France\",\"publisher\":{\"@id\":\"https:\\\/\\\/terrasse-mobile.net\\\/#organization\"},\"potentialAction\":[{\"@type\":\"SearchAction\",\"target\":{\"@type\":\"EntryPoint\",\"urlTemplate\":\"https:\\\/\\\/terrasse-mobile.net\\\/?s={search_term_string}\"},\"query-input\":{\"@type\":\"PropertyValueSpecification\",\"valueRequired\":true,\"valueName\":\"search_term_string\"}}],\"inLanguage\":\"es\"},{\"@type\":\"Organization\",\"@id\":\"https:\\\/\\\/terrasse-mobile.net\\\/#organization\",\"name\":\"Slidedeck\",\"url\":\"https:\\\/\\\/terrasse-mobile.net\\\/\",\"logo\":{\"@type\":\"ImageObject\",\"inLanguage\":\"es\",\"@id\":\"https:\\\/\\\/terrasse-mobile.net\\\/#\\\/schema\\\/logo\\\/image\\\/\",\"url\":\"https:\\\/\\\/terrasse-mobile.net\\\/wp-content\\\/uploads\\\/2024\\\/01\\\/logo-slidedeck.jpg\",\"contentUrl\":\"https:\\\/\\\/terrasse-mobile.net\\\/wp-content\\\/uploads\\\/2024\\\/01\\\/logo-slidedeck.jpg\",\"width\":2000,\"height\":1103,\"caption\":\"Slidedeck\"},\"image\":{\"@id\":\"https:\\\/\\\/terrasse-mobile.net\\\/#\\\/schema\\\/logo\\\/image\\\/\"}}]}<\/script>\n<!-- \/ Yoast SEO plugin. -->","yoast_head_json":{"title":"\u00bfC\u00f3mo construir una terraza m\u00f3vil para piscina?","description":"El montaje de la terraza m\u00f3vil para piscina SlideDeck no es complicado. Estos son los pasos que hay que seguir.","robots":{"index":"index","follow":"follow","max-snippet":"max-snippet:-1","max-image-preview":"max-image-preview:large","max-video-preview":"max-video-preview:-1"},"canonical":"https:\/\/terrasse-mobile.net\/es\/cubierta-deslizante\/mantenimiento-de-instalaciones\/el-montaje-de-su-terraza-movil\/","og_locale":"es_ES","og_type":"article","og_title":"Comment construire une terrasse mobile pour piscine ?","og_description":"Le montage de la terrasse mobile pour piscine SlideDeck n'est pas compliqu\u00e9. Voici les quelques \u00e9tapes \u00e0 suivre.","og_url":"https:\/\/terrasse-mobile.net\/es\/cubierta-deslizante\/mantenimiento-de-instalaciones\/el-montaje-de-su-terraza-movil\/","og_site_name":"Terrasse mobile","article_modified_time":"2025-10-08T12:35:43+00:00","og_image":[{"width":2000,"height":1500,"url":"https:\/\/terrasse-mobile.net\/wp-content\/uploads\/2024\/02\/REAL-SABOURAULT-PISCINE-2.jpg","type":"image\/jpeg"}],"twitter_card":"summary_large_image","twitter_misc":{"Tiempo de lectura":"4 minutos"},"schema":{"@context":"https:\/\/schema.org","@graph":[{"@type":"WebPage","@id":"https:\/\/terrasse-mobile.net\/slidedeck\/installation-entretien\/le-montage-de-votre-terrasse-mobile\/","url":"https:\/\/terrasse-mobile.net\/slidedeck\/installation-entretien\/le-montage-de-votre-terrasse-mobile\/","name":"\u00bfC\u00f3mo construir una terraza m\u00f3vil para piscina?","isPartOf":{"@id":"https:\/\/terrasse-mobile.net\/#website"},"primaryImageOfPage":{"@id":"https:\/\/terrasse-mobile.net\/slidedeck\/installation-entretien\/le-montage-de-votre-terrasse-mobile\/#primaryimage"},"image":{"@id":"https:\/\/terrasse-mobile.net\/slidedeck\/installation-entretien\/le-montage-de-votre-terrasse-mobile\/#primaryimage"},"thumbnailUrl":"https:\/\/terrasse-mobile.net\/wp-content\/uploads\/2024\/02\/REAL-SABOURAULT-PISCINE-2.jpg","datePublished":"2024-11-20T15:42:49+00:00","dateModified":"2025-10-08T12:35:43+00:00","description":"El montaje de la terraza m\u00f3vil para piscina SlideDeck no es complicado. Estos son los pasos que hay que seguir.","breadcrumb":{"@id":"https:\/\/terrasse-mobile.net\/slidedeck\/installation-entretien\/le-montage-de-votre-terrasse-mobile\/#breadcrumb"},"inLanguage":"es","potentialAction":[{"@type":"ReadAction","target":["https:\/\/terrasse-mobile.net\/slidedeck\/installation-entretien\/le-montage-de-votre-terrasse-mobile\/"]}]},{"@type":"ImageObject","inLanguage":"es","@id":"https:\/\/terrasse-mobile.net\/slidedeck\/installation-entretien\/le-montage-de-votre-terrasse-mobile\/#primaryimage","url":"https:\/\/terrasse-mobile.net\/wp-content\/uploads\/2024\/02\/REAL-SABOURAULT-PISCINE-2.jpg","contentUrl":"https:\/\/terrasse-mobile.net\/wp-content\/uploads\/2024\/02\/REAL-SABOURAULT-PISCINE-2.jpg","width":2000,"height":1500,"caption":"DCIM100MEDIADJI_0365.JPG"},{"@type":"BreadcrumbList","@id":"https:\/\/terrasse-mobile.net\/slidedeck\/installation-entretien\/le-montage-de-votre-terrasse-mobile\/#breadcrumb","itemListElement":[{"@type":"ListItem","position":1,"name":"Accueil","item":"https:\/\/terrasse-mobile.net\/"},{"@type":"ListItem","position":2,"name":"SLIDEDECK","item":"https:\/\/terrasse-mobile.net\/slidedeck\/"},{"@type":"ListItem","position":3,"name":"INSTALLATION DE LA TERRASSE MOBILE SLIDEDECK","item":"https:\/\/terrasse-mobile.net\/slidedeck\/installation-entretien\/"},{"@type":"ListItem","position":4,"name":"LE MONTAGE DE VOTRE TERRASSE MOBILE POUR PISCINE"}]},{"@type":"WebSite","@id":"https:\/\/terrasse-mobile.net\/#website","url":"https:\/\/terrasse-mobile.net\/","name":"Plataforma deslizante","description":"Terrazas m\u00f3viles a medida en la regi\u00f3n parisina","publisher":{"@id":"https:\/\/terrasse-mobile.net\/#organization"},"potentialAction":[{"@type":"SearchAction","target":{"@type":"EntryPoint","urlTemplate":"https:\/\/terrasse-mobile.net\/?s={search_term_string}"},"query-input":{"@type":"PropertyValueSpecification","valueRequired":true,"valueName":"search_term_string"}}],"inLanguage":"es"},{"@type":"Organization","@id":"https:\/\/terrasse-mobile.net\/#organization","name":"Plataforma deslizante","url":"https:\/\/terrasse-mobile.net\/","logo":{"@type":"ImageObject","inLanguage":"es","@id":"https:\/\/terrasse-mobile.net\/#\/schema\/logo\/image\/","url":"https:\/\/terrasse-mobile.net\/wp-content\/uploads\/2024\/01\/logo-slidedeck.jpg","contentUrl":"https:\/\/terrasse-mobile.net\/wp-content\/uploads\/2024\/01\/logo-slidedeck.jpg","width":2000,"height":1103,"caption":"Slidedeck"},"image":{"@id":"https:\/\/terrasse-mobile.net\/#\/schema\/logo\/image\/"}}]}},"_links":{"self":[{"href":"https:\/\/terrasse-mobile.net\/es\/wp-json\/wp\/v2\/pages\/6504","targetHints":{"allow":["GET"]}}],"collection":[{"href":"https:\/\/terrasse-mobile.net\/es\/wp-json\/wp\/v2\/pages"}],"about":[{"href":"https:\/\/terrasse-mobile.net\/es\/wp-json\/wp\/v2\/types\/page"}],"author":[{"embeddable":true,"href":"https:\/\/terrasse-mobile.net\/es\/wp-json\/wp\/v2\/users\/1"}],"replies":[{"embeddable":true,"href":"https:\/\/terrasse-mobile.net\/es\/wp-json\/wp\/v2\/comments?post=6504"}],"version-history":[{"count":16,"href":"https:\/\/terrasse-mobile.net\/es\/wp-json\/wp\/v2\/pages\/6504\/revisions"}],"predecessor-version":[{"id":6794,"href":"https:\/\/terrasse-mobile.net\/es\/wp-json\/wp\/v2\/pages\/6504\/revisions\/6794"}],"up":[{"embeddable":true,"href":"https:\/\/terrasse-mobile.net\/es\/wp-json\/wp\/v2\/pages\/5585"}],"wp:featuredmedia":[{"embeddable":true,"href":"https:\/\/terrasse-mobile.net\/es\/wp-json\/wp\/v2\/media\/3640"}],"wp:attachment":[{"href":"https:\/\/terrasse-mobile.net\/es\/wp-json\/wp\/v2\/media?parent=6504"}],"wp:term":[{"taxonomy":"folder","embeddable":true,"href":"https:\/\/terrasse-mobile.net\/es\/wp-json\/wp\/v2\/folder?post=6504"}],"curies":[{"name":"wp","href":"https:\/\/api.w.org\/{rel}","templated":true}]}}