{"id":1328,"date":"2024-01-23T17:00:06","date_gmt":"2024-01-23T16:00:12","guid":{"rendered":"https:\/\/terrasse-mobile.net\/?page_id=1328"},"modified":"2024-10-01T12:57:27","modified_gmt":"2024-10-01T10:57:27","slug":"fonctionnement-terrasse-mobile-piscine-od","status":"publish","type":"page","link":"https:\/\/terrasse-mobile.net\/he\/terrasse-mobile-ile-de-france-old\/fonctionnement-terrasse-mobile-piscine-od\/","title":{"rendered":"COMMENT FONCTIONNE SLIDEDECK ? OLD"},"content":{"rendered":"<h1>Comment fonctionne la terrasse mobile SlideDeck ?<\/h1>\n<p>\t\t\t\t\t\t\t\t\t\t\t\t\t<img decoding=\"async\" width=\"700\" height=\"438\" src=\"https:\/\/terrasse-mobile.net\/wp-content\/uploads\/2024\/03\/DURAN-CONSTRUCTION-GROS-PLANS00001.jpg\" alt=\"ROULETTES POUR TERRASSE MOBILE\" srcset=\"https:\/\/terrasse-mobile.net\/wp-content\/uploads\/2024\/03\/DURAN-CONSTRUCTION-GROS-PLANS00001.jpg 700w, https:\/\/terrasse-mobile.net\/wp-content\/uploads\/2024\/03\/DURAN-CONSTRUCTION-GROS-PLANS00001-300x188.jpg 300w\" sizes=\"(max-width: 700px) 100vw, 700px\" \/>\t\t\t\t\t\t\t\t\t\t\t\t\t<\/p>\n<h2>La terrasse mobile SlideDeck est la r\u00e9f\u00e9rence des syst\u00e8mes de terrasses mobiles pour piscine.<\/h2>\n<p>Pour chaque partie de de Slidedeck, nous avons s\u00e9lectionn\u00e9 les meilleurs composants, les solutions les plus fiables et les plus \u00e9prouv\u00e9es.<\/p>\n<p>Tout d&rsquo;abord, Slidedeck est constitu\u00e9e d&rsquo;une robuste structure construite avec des tubes en acier inoxydable et en aluminium.<\/p>\n<p>Pour chaque partie, nous avons choisi les composants les plus fiables et les plus durables :<\/p>\n<ul>\n<li>Les roulettes sont en acier inoxydable ou en polyamide. Les roulements \u00e0 billes \u00e9galement sont toujours inoxydables.<\/li>\n<li>Toutes les pi\u00e8ces de jonction sont m\u00e9cano-soud\u00e9es et sont en acier inoxydable (Inox 304).<\/li>\n<li>Les brosses en p\u00e9riph\u00e9ries sont fabriqu\u00e9es en France par le sp\u00e9cialiste des brosses pour l&rsquo;industrie, les abris de piscine.<\/li>\n<li>Les assemblages sont rivet\u00e9s avec des rivets structurels de 6 mm, d&rsquo;une r\u00e9sistance unitaire de 600 kg.<\/li>\n<\/ul>\n<h2>Les options pour terrasse mobile SlideDeck<\/h2>\n<p>Selon les dimensions, la terrasse mobile SlideDeck circule sur un ou deux rails arrondis pour un parfait guidage et un mouvement tout en douceur.<\/p>\n<p>Pour la partie isolation thermique, nous avons mis le paquet :<\/p>\n<ul>\n<li>Des balais de qualit\u00e9 en p\u00e9riph\u00e9rie, pour limiter les infiltrations d&rsquo;air (et de salet\u00e9s)<\/li>\n<li>Des plaques de PVC sp\u00e9cialement d\u00e9coup\u00e9es \u00e0 glisser entre les lames de terrasse, pour \u00e9viter les d\u00e9perditions de chaleur entre les lames.<\/li>\n<li>Pour l&rsquo;isolation thermique, nous livrons des panneaux de mousse de polyur\u00e9thane, dot\u00e9es d&rsquo;un coefficient de r\u00e9sistance thermique R = 2,2.<\/li>\n<\/ul>\n<p>Ainsi, votre terrasse mobile pr\u00e9sente une performance thermique exceptionnelle, permettant de conserver la chaleur de la piscine et de limiter la d\u00e9pense \u00e9nerg\u00e9tique.<\/p>\n<p>\t\t\t\t\t\t\t\t\t\t\t\t\t<img decoding=\"async\" width=\"700\" height=\"525\" src=\"https:\/\/terrasse-mobile.net\/wp-content\/uploads\/2024\/03\/BERTAGNE-CONSTRUCTION-GROS-PLANS00002.jpeg\" alt=\"brosse terrasse mobile\" srcset=\"https:\/\/terrasse-mobile.net\/wp-content\/uploads\/2024\/03\/BERTAGNE-CONSTRUCTION-GROS-PLANS00002.jpeg 700w, https:\/\/terrasse-mobile.net\/wp-content\/uploads\/2024\/03\/BERTAGNE-CONSTRUCTION-GROS-PLANS00002-300x225.jpeg 300w\" sizes=\"(max-width: 700px) 100vw, 700px\" \/>\t\t\t\t\t\t\t\t\t\t\t\t\t<\/p>\n<h2>Les rev\u00eatements pour terrasse mobile SlideDeck<\/h2>\n<p>Pour la motorisation, nous proposons un syst\u00e8me ultra-performant de roue motoris\u00e9e, aliment\u00e9e par batterie et cellule photovolta\u00efque. Pas besoin de branchement, pas de courant \u00e0 proximit\u00e9 du bassin.<\/p>\n<p>Enfin, nous proposons un choix de rev\u00eatements de qualit\u00e9 :<\/p>\n<ul>\n<li>Lames de terrasse en bois exotique<\/li>\n<li>Lames de terrasse en bois composite<\/li>\n<li>Lames de terrasse en r\u00e9sine min\u00e9rale<\/li>\n<li>Lames de terrasse en aluminium<\/li>\n<li>Gazon synth\u00e9tique<\/li>\n<li>Feuille de pierre.<\/li>\n<\/ul>\n<p>Nous pouvons nous adapter aux demandes sp\u00e9cifiques et r\u00e9aliser des projets sp\u00e9ciaux.<\/p>\n<p>L&rsquo;ensemble de la structure est pr\u00e9assembl\u00e9e en atelier et minutieusement conditionn\u00e9e pour permettre un montage chez vous tr\u00e8s rapide.<\/p>\n<p>Une terrasse mobile de 18 m2 s&rsquo;installe en 3 heures \u00e0 deux personnes (hors rev\u00eatement).<\/p>\n<p>\t\t\t<a href=\"https:\/\/terrasse-mobile.net\/he\/revetements\/\"><br \/>\n\t\t\t\t\t\tD\u00e9couvrez les la personnalisation SlideDeck<br \/>\n\t\t\t\t\t<\/a><br \/>\n\t\t\t\t\t\t\t\t\t\t\t\t\t<img decoding=\"async\" width=\"765\" height=\"510\" src=\"https:\/\/terrasse-mobile.net\/wp-content\/uploads\/2024\/02\/DSC_0092-1.jpg\" alt=\"eclairage terrasse mobile\" srcset=\"https:\/\/terrasse-mobile.net\/wp-content\/uploads\/2024\/02\/DSC_0092-1.jpg 765w, https:\/\/terrasse-mobile.net\/wp-content\/uploads\/2024\/02\/DSC_0092-1-300x200.jpg 300w\" sizes=\"(max-width: 765px) 100vw, 765px\" \/><\/p>","protected":false},"excerpt":{"rendered":"<p>Comment fonctionne la terrasse mobile SlideDeck ? La terrasse mobile SlideDeck est la r\u00e9f\u00e9rence des syst\u00e8mes de terrasses mobiles pour piscine. Pour chaque partie de de Slidedeck, nous avons s\u00e9lectionn\u00e9 les meilleurs composants, les solutions les plus fiables et les plus \u00e9prouv\u00e9es. Tout d&rsquo;abord, Slidedeck est constitu\u00e9e d&rsquo;une robuste structure construite avec des tubes en&#8230;<\/p>","protected":false},"author":1,"featured_media":0,"parent":365,"menu_order":3,"comment_status":"closed","ping_status":"closed","template":"","meta":{"_kad_post_transparent":"","_kad_post_title":"","_kad_post_layout":"","_kad_post_sidebar_id":"","_kad_post_content_style":"","_kad_post_vertical_padding":"","_kad_post_feature":"","_kad_post_feature_position":"","_kad_post_header":false,"_kad_post_footer":false,"_kad_post_classname":"","footnotes":""},"folder":[13],"class_list":["post-1328","page","type-page","status-publish","hentry"],"yoast_head":"<!-- This site is optimized with the Yoast SEO plugin v27.4 - https:\/\/yoast.com\/product\/yoast-seo-wordpress\/ -->\n<title>Comment fonctionne la terrasse mobile d&#039;une piscine ?<\/title>\n<meta name=\"robots\" content=\"index, follow, max-snippet:-1, max-image-preview:large, max-video-preview:-1\" \/>\n<link rel=\"canonical\" href=\"https:\/\/terrasse-mobile.net\/he\/terrasse-mobile-ile-de-france-old\/fonctionnement-terrasse-mobile-piscine-od\/\" \/>\n<meta property=\"og:locale\" content=\"he_IL\" \/>\n<meta property=\"og:type\" content=\"article\" \/>\n<meta property=\"og:title\" content=\"Comment fonctionne la terrasse mobile d&#039;une piscine ?\" \/>\n<meta property=\"og:description\" content=\"Comment fonctionne la terrasse mobile SlideDeck ? La terrasse mobile SlideDeck est la r\u00e9f\u00e9rence des syst\u00e8mes de terrasses mobiles pour piscine. Pour chaque partie de de Slidedeck, nous avons s\u00e9lectionn\u00e9 les meilleurs composants, les solutions les plus fiables et les plus \u00e9prouv\u00e9es. Tout d&rsquo;abord, Slidedeck est constitu\u00e9e d&rsquo;une robuste structure construite avec des tubes en...\" \/>\n<meta property=\"og:url\" content=\"https:\/\/terrasse-mobile.net\/he\/terrasse-mobile-ile-de-france-old\/fonctionnement-terrasse-mobile-piscine-od\/\" \/>\n<meta property=\"og:site_name\" content=\"Terrasse mobile\" \/>\n<meta property=\"article:modified_time\" content=\"2024-10-01T10:57:27+00:00\" \/>\n<meta property=\"og:image\" content=\"https:\/\/terrasse-mobile.net\/wp-content\/uploads\/2024\/03\/DURAN-CONSTRUCTION-GROS-PLANS00001.jpg\" \/>\n<meta name=\"twitter:card\" content=\"summary_large_image\" \/>\n<meta name=\"twitter:label1\" content=\"\u05d6\u05de\u05df \u05e7\u05e8\u05d9\u05d0\u05d4 \u05de\u05d5\u05e2\u05e8\u05da\" \/>\n\t<meta name=\"twitter:data1\" content=\"3 \u05d3\u05e7\u05d5\u05ea\" \/>\n<script type=\"application\/ld+json\" class=\"yoast-schema-graph\">{\"@context\":\"https:\\\/\\\/schema.org\",\"@graph\":[{\"@type\":\"WebPage\",\"@id\":\"https:\\\/\\\/terrasse-mobile.net\\\/terrasse-mobile-ile-de-france-old\\\/fonctionnement-terrasse-mobile-piscine-od\\\/\",\"url\":\"https:\\\/\\\/terrasse-mobile.net\\\/terrasse-mobile-ile-de-france-old\\\/fonctionnement-terrasse-mobile-piscine-od\\\/\",\"name\":\"Comment fonctionne la terrasse mobile d'une piscine ?\",\"isPartOf\":{\"@id\":\"https:\\\/\\\/terrasse-mobile.net\\\/#website\"},\"primaryImageOfPage\":{\"@id\":\"https:\\\/\\\/terrasse-mobile.net\\\/terrasse-mobile-ile-de-france-old\\\/fonctionnement-terrasse-mobile-piscine-od\\\/#primaryimage\"},\"image\":{\"@id\":\"https:\\\/\\\/terrasse-mobile.net\\\/terrasse-mobile-ile-de-france-old\\\/fonctionnement-terrasse-mobile-piscine-od\\\/#primaryimage\"},\"thumbnailUrl\":\"https:\\\/\\\/terrasse-mobile.net\\\/wp-content\\\/uploads\\\/2024\\\/03\\\/DURAN-CONSTRUCTION-GROS-PLANS00001.jpg\",\"datePublished\":\"2024-01-23T16:00:12+00:00\",\"dateModified\":\"2024-10-01T10:57:27+00:00\",\"breadcrumb\":{\"@id\":\"https:\\\/\\\/terrasse-mobile.net\\\/terrasse-mobile-ile-de-france-old\\\/fonctionnement-terrasse-mobile-piscine-od\\\/#breadcrumb\"},\"inLanguage\":\"he-IL\",\"potentialAction\":[{\"@type\":\"ReadAction\",\"target\":[\"https:\\\/\\\/terrasse-mobile.net\\\/terrasse-mobile-ile-de-france-old\\\/fonctionnement-terrasse-mobile-piscine-od\\\/\"]}]},{\"@type\":\"ImageObject\",\"inLanguage\":\"he-IL\",\"@id\":\"https:\\\/\\\/terrasse-mobile.net\\\/terrasse-mobile-ile-de-france-old\\\/fonctionnement-terrasse-mobile-piscine-od\\\/#primaryimage\",\"url\":\"https:\\\/\\\/terrasse-mobile.net\\\/wp-content\\\/uploads\\\/2024\\\/03\\\/DURAN-CONSTRUCTION-GROS-PLANS00001.jpg\",\"contentUrl\":\"https:\\\/\\\/terrasse-mobile.net\\\/wp-content\\\/uploads\\\/2024\\\/03\\\/DURAN-CONSTRUCTION-GROS-PLANS00001.jpg\"},{\"@type\":\"BreadcrumbList\",\"@id\":\"https:\\\/\\\/terrasse-mobile.net\\\/terrasse-mobile-ile-de-france-old\\\/fonctionnement-terrasse-mobile-piscine-od\\\/#breadcrumb\",\"itemListElement\":[{\"@type\":\"ListItem\",\"position\":1,\"name\":\"Accueil\",\"item\":\"https:\\\/\\\/terrasse-mobile.net\\\/\"},{\"@type\":\"ListItem\",\"position\":2,\"name\":\"D\u00c9COUVREZ SLIDEDECK old\",\"item\":\"https:\\\/\\\/terrasse-mobile.net\\\/terrasse-mobile-ile-de-france-old\\\/\"},{\"@type\":\"ListItem\",\"position\":3,\"name\":\"COMMENT FONCTIONNE SLIDEDECK ? OLD\"}]},{\"@type\":\"WebSite\",\"@id\":\"https:\\\/\\\/terrasse-mobile.net\\\/#website\",\"url\":\"https:\\\/\\\/terrasse-mobile.net\\\/\",\"name\":\"Slidedeck\",\"description\":\"Construction sur mesure de terrasses mobiles en \u00cele-de-France\",\"publisher\":{\"@id\":\"https:\\\/\\\/terrasse-mobile.net\\\/#organization\"},\"potentialAction\":[{\"@type\":\"SearchAction\",\"target\":{\"@type\":\"EntryPoint\",\"urlTemplate\":\"https:\\\/\\\/terrasse-mobile.net\\\/?s={search_term_string}\"},\"query-input\":{\"@type\":\"PropertyValueSpecification\",\"valueRequired\":true,\"valueName\":\"search_term_string\"}}],\"inLanguage\":\"he-IL\"},{\"@type\":\"Organization\",\"@id\":\"https:\\\/\\\/terrasse-mobile.net\\\/#organization\",\"name\":\"Slidedeck\",\"url\":\"https:\\\/\\\/terrasse-mobile.net\\\/\",\"logo\":{\"@type\":\"ImageObject\",\"inLanguage\":\"he-IL\",\"@id\":\"https:\\\/\\\/terrasse-mobile.net\\\/#\\\/schema\\\/logo\\\/image\\\/\",\"url\":\"https:\\\/\\\/terrasse-mobile.net\\\/wp-content\\\/uploads\\\/2024\\\/01\\\/logo-slidedeck.jpg\",\"contentUrl\":\"https:\\\/\\\/terrasse-mobile.net\\\/wp-content\\\/uploads\\\/2024\\\/01\\\/logo-slidedeck.jpg\",\"width\":2000,\"height\":1103,\"caption\":\"Slidedeck\"},\"image\":{\"@id\":\"https:\\\/\\\/terrasse-mobile.net\\\/#\\\/schema\\\/logo\\\/image\\\/\"}}]}<\/script>\n<!-- \/ Yoast SEO plugin. -->","yoast_head_json":{"title":"Comment fonctionne la terrasse mobile d'une piscine ?","robots":{"index":"index","follow":"follow","max-snippet":"max-snippet:-1","max-image-preview":"max-image-preview:large","max-video-preview":"max-video-preview:-1"},"canonical":"https:\/\/terrasse-mobile.net\/he\/terrasse-mobile-ile-de-france-old\/fonctionnement-terrasse-mobile-piscine-od\/","og_locale":"he_IL","og_type":"article","og_title":"Comment fonctionne la terrasse mobile d'une piscine ?","og_description":"Comment fonctionne la terrasse mobile SlideDeck ? La terrasse mobile SlideDeck est la r\u00e9f\u00e9rence des syst\u00e8mes de terrasses mobiles pour piscine. Pour chaque partie de de Slidedeck, nous avons s\u00e9lectionn\u00e9 les meilleurs composants, les solutions les plus fiables et les plus \u00e9prouv\u00e9es. Tout d&rsquo;abord, Slidedeck est constitu\u00e9e d&rsquo;une robuste structure construite avec des tubes en...","og_url":"https:\/\/terrasse-mobile.net\/he\/terrasse-mobile-ile-de-france-old\/fonctionnement-terrasse-mobile-piscine-od\/","og_site_name":"Terrasse mobile","article_modified_time":"2024-10-01T10:57:27+00:00","og_image":[{"url":"https:\/\/terrasse-mobile.net\/wp-content\/uploads\/2024\/03\/DURAN-CONSTRUCTION-GROS-PLANS00001.jpg","type":"","width":"","height":""}],"twitter_card":"summary_large_image","twitter_misc":{"\u05d6\u05de\u05df \u05e7\u05e8\u05d9\u05d0\u05d4 \u05de\u05d5\u05e2\u05e8\u05da":"3 \u05d3\u05e7\u05d5\u05ea"},"schema":{"@context":"https:\/\/schema.org","@graph":[{"@type":"WebPage","@id":"https:\/\/terrasse-mobile.net\/terrasse-mobile-ile-de-france-old\/fonctionnement-terrasse-mobile-piscine-od\/","url":"https:\/\/terrasse-mobile.net\/terrasse-mobile-ile-de-france-old\/fonctionnement-terrasse-mobile-piscine-od\/","name":"Comment fonctionne la terrasse mobile d'une piscine ?","isPartOf":{"@id":"https:\/\/terrasse-mobile.net\/#website"},"primaryImageOfPage":{"@id":"https:\/\/terrasse-mobile.net\/terrasse-mobile-ile-de-france-old\/fonctionnement-terrasse-mobile-piscine-od\/#primaryimage"},"image":{"@id":"https:\/\/terrasse-mobile.net\/terrasse-mobile-ile-de-france-old\/fonctionnement-terrasse-mobile-piscine-od\/#primaryimage"},"thumbnailUrl":"https:\/\/terrasse-mobile.net\/wp-content\/uploads\/2024\/03\/DURAN-CONSTRUCTION-GROS-PLANS00001.jpg","datePublished":"2024-01-23T16:00:12+00:00","dateModified":"2024-10-01T10:57:27+00:00","breadcrumb":{"@id":"https:\/\/terrasse-mobile.net\/terrasse-mobile-ile-de-france-old\/fonctionnement-terrasse-mobile-piscine-od\/#breadcrumb"},"inLanguage":"he-IL","potentialAction":[{"@type":"ReadAction","target":["https:\/\/terrasse-mobile.net\/terrasse-mobile-ile-de-france-old\/fonctionnement-terrasse-mobile-piscine-od\/"]}]},{"@type":"ImageObject","inLanguage":"he-IL","@id":"https:\/\/terrasse-mobile.net\/terrasse-mobile-ile-de-france-old\/fonctionnement-terrasse-mobile-piscine-od\/#primaryimage","url":"https:\/\/terrasse-mobile.net\/wp-content\/uploads\/2024\/03\/DURAN-CONSTRUCTION-GROS-PLANS00001.jpg","contentUrl":"https:\/\/terrasse-mobile.net\/wp-content\/uploads\/2024\/03\/DURAN-CONSTRUCTION-GROS-PLANS00001.jpg"},{"@type":"BreadcrumbList","@id":"https:\/\/terrasse-mobile.net\/terrasse-mobile-ile-de-france-old\/fonctionnement-terrasse-mobile-piscine-od\/#breadcrumb","itemListElement":[{"@type":"ListItem","position":1,"name":"Accueil","item":"https:\/\/terrasse-mobile.net\/"},{"@type":"ListItem","position":2,"name":"D\u00c9COUVREZ SLIDEDECK old","item":"https:\/\/terrasse-mobile.net\/terrasse-mobile-ile-de-france-old\/"},{"@type":"ListItem","position":3,"name":"COMMENT FONCTIONNE SLIDEDECK ? OLD"}]},{"@type":"WebSite","@id":"https:\/\/terrasse-mobile.net\/#website","url":"https:\/\/terrasse-mobile.net\/","name":"Slidedeck","description":"Construction sur mesure de terrasses mobiles en \u00cele-de-France","publisher":{"@id":"https:\/\/terrasse-mobile.net\/#organization"},"potentialAction":[{"@type":"SearchAction","target":{"@type":"EntryPoint","urlTemplate":"https:\/\/terrasse-mobile.net\/?s={search_term_string}"},"query-input":{"@type":"PropertyValueSpecification","valueRequired":true,"valueName":"search_term_string"}}],"inLanguage":"he-IL"},{"@type":"Organization","@id":"https:\/\/terrasse-mobile.net\/#organization","name":"Slidedeck","url":"https:\/\/terrasse-mobile.net\/","logo":{"@type":"ImageObject","inLanguage":"he-IL","@id":"https:\/\/terrasse-mobile.net\/#\/schema\/logo\/image\/","url":"https:\/\/terrasse-mobile.net\/wp-content\/uploads\/2024\/01\/logo-slidedeck.jpg","contentUrl":"https:\/\/terrasse-mobile.net\/wp-content\/uploads\/2024\/01\/logo-slidedeck.jpg","width":2000,"height":1103,"caption":"Slidedeck"},"image":{"@id":"https:\/\/terrasse-mobile.net\/#\/schema\/logo\/image\/"}}]}},"_links":{"self":[{"href":"https:\/\/terrasse-mobile.net\/he\/wp-json\/wp\/v2\/pages\/1328","targetHints":{"allow":["GET"]}}],"collection":[{"href":"https:\/\/terrasse-mobile.net\/he\/wp-json\/wp\/v2\/pages"}],"about":[{"href":"https:\/\/terrasse-mobile.net\/he\/wp-json\/wp\/v2\/types\/page"}],"author":[{"embeddable":true,"href":"https:\/\/terrasse-mobile.net\/he\/wp-json\/wp\/v2\/users\/1"}],"replies":[{"embeddable":true,"href":"https:\/\/terrasse-mobile.net\/he\/wp-json\/wp\/v2\/comments?post=1328"}],"version-history":[{"count":68,"href":"https:\/\/terrasse-mobile.net\/he\/wp-json\/wp\/v2\/pages\/1328\/revisions"}],"predecessor-version":[{"id":5641,"href":"https:\/\/terrasse-mobile.net\/he\/wp-json\/wp\/v2\/pages\/1328\/revisions\/5641"}],"up":[{"embeddable":true,"href":"https:\/\/terrasse-mobile.net\/he\/wp-json\/wp\/v2\/pages\/365"}],"wp:attachment":[{"href":"https:\/\/terrasse-mobile.net\/he\/wp-json\/wp\/v2\/media?parent=1328"}],"wp:term":[{"taxonomy":"folder","embeddable":true,"href":"https:\/\/terrasse-mobile.net\/he\/wp-json\/wp\/v2\/folder?post=1328"}],"curies":[{"name":"wp","href":"https:\/\/api.w.org\/{rel}","templated":true}]}}