{"id":1931,"date":"2024-01-25T17:07:44","date_gmt":"2024-01-25T16:07:36","guid":{"rendered":"https:\/\/terrasse-mobile.net\/?page_id=1931"},"modified":"2024-10-01T15:06:52","modified_gmt":"2024-10-01T13:06:52","slug":"terrasse-mobile-bois-kebony-old","status":"publish","type":"page","link":"https:\/\/terrasse-mobile.net\/he\/revetements-old\/bois-exotique-old\/terrasse-mobile-bois-kebony-old\/","title":{"rendered":"BOIS EXOTIQUE KEBONY old"},"content":{"rendered":"<h1>Lames de terrasse en Kebony pour terrasse mobile<\/h1>\n<p><em>Les lames Kebony pour terrasse mobile sont id\u00e9ales. Plus l\u00e9g\u00e8res, et donc plus faciles \u00e0 transporter, \u00e0 installer \u2026<\/em><\/p>\n<h2>Des lames de terrasse mobile de grande durabilit\u00e9<\/h2>\n<p>Les lames de terrasse Kebony sont con\u00e7ues pour allier beaut\u00e9 naturelle et durabilit\u00e9. Fabriqu\u00e9es \u00e0 partir de bois durables et trait\u00e9s avec une technologie brevet\u00e9e qui les rend plus r\u00e9sistantes aux intemp\u00e9ries et aux insectes, les lames Kebony sont une solution \u00e9l\u00e9gante et pratique pour votre espace ext\u00e9rieur.<br \/>Avec une gamme de teintes naturelles qui s&rsquo;harmonisent avec tous les styles de d\u00e9corations ext\u00e9rieures et un entretien minimal, les lames de terrasse en lame Kebony sont une option s\u00fbre et fiable pour votre projet de terrasse mobile.<\/p>\n<p>\t\t\t\t\t\t\t\t\t\t\t\t\t<img decoding=\"async\" src=\"https:\/\/terrasse-mobile.net\/wp-content\/uploads\/elementor\/thumbs\/1127-Medium-copie-qisaiqxke4402ynijtbtndnjrlgua7949o2wh0qur0.jpg\" title=\"1127-Medium copie\" alt=\"lmae de terrasse bois composite kebony\" loading=\"lazy\" \/>\t\t\t\t\t\t\t\t\t\t\t\t\t<\/p>\n<h2>Les lames de terrasse en Kebony : des lames pour une terrasse mobile tr\u00e8s esth\u00e9tique<\/h2>\n<p>Les lames pour terrasse mobile Kebony sont con\u00e7ues pour allier beaut\u00e9 naturelle et durabilit\u00e9. Fabriqu\u00e9es \u00e0 partir de bois durables et trait\u00e9s avec une technologie brevet\u00e9e qui les rend plus r\u00e9sistantes aux intemp\u00e9ries et aux insectes, les lames pour terrasse mobile Kebony sont une solution \u00e9l\u00e9gante et pratique pour votre espace ext\u00e9rieur.<br \/>Avec une gamme de teintes naturelles qui s&rsquo;harmonisent avec tous les styles de d\u00e9corations ext\u00e9rieures et un entretien minimal, les lames de terrasse Kebony sont une option s\u00fbre et fiable pour votre projet de terrasse coulisante.<\/p>\n<p>Les lames pour terrasse mobile Kebony pr\u00e9sentent une alternative \u00e9cologique et esth\u00e9tique. Elles sont fabriqu\u00e9es \u00e0 partir de bois certifi\u00e9 durable et trait\u00e9 avec une technologie brevet\u00e9e \u00e9cologique, tout en offrant une dur\u00e9e de vie plus longue.<\/p>\n<p>Disponibles dans une gamme de teintes naturelles, les lames Kebony pour terrasse mobile offrent une beaut\u00e9 naturelle et chaleureuse qui s&rsquo;adapte \u00e0 tous les styles de d\u00e9coration ext\u00e9rieure.<\/p>\n<p>\t\t\t\t\t\t\t\t\t\t\t\t\t<img decoding=\"async\" width=\"800\" height=\"534\" src=\"https:\/\/terrasse-mobile.net\/wp-content\/uploads\/2024\/03\/real-kebony-ledge-mountain-deck-2-1024x683.jpg\" alt=\"kebony\" srcset=\"https:\/\/terrasse-mobile.net\/wp-content\/uploads\/2024\/03\/real-kebony-ledge-mountain-deck-2-1024x683.jpg 1024w, https:\/\/terrasse-mobile.net\/wp-content\/uploads\/2024\/03\/real-kebony-ledge-mountain-deck-2-300x200.jpg 300w, https:\/\/terrasse-mobile.net\/wp-content\/uploads\/2024\/03\/real-kebony-ledge-mountain-deck-2-768x512.jpg 768w, https:\/\/terrasse-mobile.net\/wp-content\/uploads\/2024\/03\/real-kebony-ledge-mountain-deck-2.jpg 1200w\" sizes=\"(max-width: 800px) 100vw, 800px\" \/>\t\t\t\t\t\t\t\t\t\t\t\t\t<\/p>\n<h2>Pourquoi choisir les lames de terrasse Kebony ?<\/h2>\n<p>Les lames pour terrasse mobile Kebony sont fabriqu\u00e9es \u00e0 partir de bois certifi\u00e9 durable et trait\u00e9 avec une technologie brevet\u00e9e.<br \/>Les lames de terrasse Kebony sont disponibles dans une gamme de teintes naturelles et offrent une beaut\u00e9 naturelle et chaleureuse qui s&rsquo;harmonise avec tous les styles de d\u00e9coration ext\u00e9rieure.<br \/>Avec un entretien minimal et une r\u00e9sistance accrue, les lames pour terrasse coulissante Kebony sont une option s\u00fbre et fiable pour votre projet de terrasse.<\/p>\n<p>\t\t\t\t\t\t\t\t\t\t\t\t\t<img decoding=\"async\" width=\"400\" height=\"267\" src=\"https:\/\/terrasse-mobile.net\/wp-content\/uploads\/2024\/01\/real-kebony-ledge-mountain-deck-9.jpeg\" alt=\"\" srcset=\"https:\/\/terrasse-mobile.net\/wp-content\/uploads\/2024\/01\/real-kebony-ledge-mountain-deck-9.jpeg 400w, https:\/\/terrasse-mobile.net\/wp-content\/uploads\/2024\/01\/real-kebony-ledge-mountain-deck-9-300x200.jpeg 300w\" sizes=\"(max-width: 400px) 100vw, 400px\" \/><br \/>\n\t\t\t<a href=\"https:\/\/terrasse-mobile.net\/he\/configurations\/\"><br \/>\n\t\t\t\t\t\tD\u00c9COUVREZ LES CONFIGURATIONS SLIDEDECK<br \/>\n\t\t\t\t\t<\/a><\/p>","protected":false},"excerpt":{"rendered":"<p>Lames de terrasse en Kebony pour terrasse mobile Les lames Kebony pour terrasse mobile sont id\u00e9ales. Plus l\u00e9g\u00e8res, et donc plus faciles \u00e0 transporter, \u00e0 installer \u2026 Des lames de terrasse mobile de grande durabilit\u00e9 Les lames de terrasse Kebony sont con\u00e7ues pour allier beaut\u00e9 naturelle et durabilit\u00e9. Fabriqu\u00e9es \u00e0 partir de bois durables et&#8230;<\/p>","protected":false},"author":1,"featured_media":0,"parent":1466,"menu_order":3,"comment_status":"closed","ping_status":"closed","template":"","meta":{"_kad_post_transparent":"","_kad_post_title":"","_kad_post_layout":"","_kad_post_sidebar_id":"","_kad_post_content_style":"","_kad_post_vertical_padding":"","_kad_post_feature":"","_kad_post_feature_position":"","_kad_post_header":false,"_kad_post_footer":false,"_kad_post_classname":"","footnotes":""},"folder":[],"class_list":["post-1931","page","type-page","status-publish","hentry"],"yoast_head":"<!-- This site is optimized with the Yoast SEO plugin v27.5 - https:\/\/yoast.com\/product\/yoast-seo-wordpress\/ -->\n<title>Terrasse mobile, habill\u00e9e en bois Kebony<\/title>\n<meta name=\"robots\" content=\"index, follow, max-snippet:-1, max-image-preview:large, max-video-preview:-1\" \/>\n<link rel=\"canonical\" href=\"https:\/\/terrasse-mobile.net\/he\/revetements-old\/bois-exotique-old\/terrasse-mobile-bois-kebony-old\/\" \/>\n<meta property=\"og:locale\" content=\"he_IL\" \/>\n<meta property=\"og:type\" content=\"article\" \/>\n<meta property=\"og:title\" content=\"Terrasse mobile, habill\u00e9e en bois Kebony\" \/>\n<meta property=\"og:description\" content=\"Lames de terrasse en Kebony pour terrasse mobile Les lames Kebony pour terrasse mobile sont id\u00e9ales. Plus l\u00e9g\u00e8res, et donc plus faciles \u00e0 transporter, \u00e0 installer \u2026 Des lames de terrasse mobile de grande durabilit\u00e9 Les lames de terrasse Kebony sont con\u00e7ues pour allier beaut\u00e9 naturelle et durabilit\u00e9. Fabriqu\u00e9es \u00e0 partir de bois durables et...\" \/>\n<meta property=\"og:url\" content=\"https:\/\/terrasse-mobile.net\/he\/revetements-old\/bois-exotique-old\/terrasse-mobile-bois-kebony-old\/\" \/>\n<meta property=\"og:site_name\" content=\"Terrasse mobile\" \/>\n<meta property=\"article:modified_time\" content=\"2024-10-01T13:06:52+00:00\" \/>\n<meta property=\"og:image\" content=\"https:\/\/terrasse-mobile.net\/wp-content\/uploads\/elementor\/thumbs\/1127-Medium-copie-qisaiqxke4402ynijtbtndnjrlgua7949o2wh0qur0.jpg\" \/>\n<meta name=\"twitter:card\" content=\"summary_large_image\" \/>\n<meta name=\"twitter:label1\" content=\"\u05d6\u05de\u05df \u05e7\u05e8\u05d9\u05d0\u05d4 \u05de\u05d5\u05e2\u05e8\u05da\" \/>\n\t<meta name=\"twitter:data1\" content=\"3 \u05d3\u05e7\u05d5\u05ea\" \/>\n<script type=\"application\/ld+json\" class=\"yoast-schema-graph\">{\"@context\":\"https:\\\/\\\/schema.org\",\"@graph\":[{\"@type\":\"WebPage\",\"@id\":\"https:\\\/\\\/terrasse-mobile.net\\\/revetements-old\\\/bois-exotique-old\\\/terrasse-mobile-bois-kebony-old\\\/\",\"url\":\"https:\\\/\\\/terrasse-mobile.net\\\/revetements-old\\\/bois-exotique-old\\\/terrasse-mobile-bois-kebony-old\\\/\",\"name\":\"Terrasse mobile, habill\u00e9e en bois Kebony\",\"isPartOf\":{\"@id\":\"https:\\\/\\\/terrasse-mobile.net\\\/#website\"},\"primaryImageOfPage\":{\"@id\":\"https:\\\/\\\/terrasse-mobile.net\\\/revetements-old\\\/bois-exotique-old\\\/terrasse-mobile-bois-kebony-old\\\/#primaryimage\"},\"image\":{\"@id\":\"https:\\\/\\\/terrasse-mobile.net\\\/revetements-old\\\/bois-exotique-old\\\/terrasse-mobile-bois-kebony-old\\\/#primaryimage\"},\"thumbnailUrl\":\"https:\\\/\\\/terrasse-mobile.net\\\/wp-content\\\/uploads\\\/elementor\\\/thumbs\\\/1127-Medium-copie-qisaiqxke4402ynijtbtndnjrlgua7949o2wh0qur0.jpg\",\"datePublished\":\"2024-01-25T16:07:36+00:00\",\"dateModified\":\"2024-10-01T13:06:52+00:00\",\"breadcrumb\":{\"@id\":\"https:\\\/\\\/terrasse-mobile.net\\\/revetements-old\\\/bois-exotique-old\\\/terrasse-mobile-bois-kebony-old\\\/#breadcrumb\"},\"inLanguage\":\"he-IL\",\"potentialAction\":[{\"@type\":\"ReadAction\",\"target\":[\"https:\\\/\\\/terrasse-mobile.net\\\/revetements-old\\\/bois-exotique-old\\\/terrasse-mobile-bois-kebony-old\\\/\"]}]},{\"@type\":\"ImageObject\",\"inLanguage\":\"he-IL\",\"@id\":\"https:\\\/\\\/terrasse-mobile.net\\\/revetements-old\\\/bois-exotique-old\\\/terrasse-mobile-bois-kebony-old\\\/#primaryimage\",\"url\":\"https:\\\/\\\/terrasse-mobile.net\\\/wp-content\\\/uploads\\\/elementor\\\/thumbs\\\/1127-Medium-copie-qisaiqxke4402ynijtbtndnjrlgua7949o2wh0qur0.jpg\",\"contentUrl\":\"https:\\\/\\\/terrasse-mobile.net\\\/wp-content\\\/uploads\\\/elementor\\\/thumbs\\\/1127-Medium-copie-qisaiqxke4402ynijtbtndnjrlgua7949o2wh0qur0.jpg\"},{\"@type\":\"BreadcrumbList\",\"@id\":\"https:\\\/\\\/terrasse-mobile.net\\\/revetements-old\\\/bois-exotique-old\\\/terrasse-mobile-bois-kebony-old\\\/#breadcrumb\",\"itemListElement\":[{\"@type\":\"ListItem\",\"position\":1,\"name\":\"Accueil\",\"item\":\"https:\\\/\\\/terrasse-mobile.net\\\/\"},{\"@type\":\"ListItem\",\"position\":2,\"name\":\"LES REV\u00caTEMENTS SLIDEDECK OLD\",\"item\":\"https:\\\/\\\/terrasse-mobile.net\\\/revetements-old\\\/\"},{\"@type\":\"ListItem\",\"position\":3,\"name\":\"LES BOIS EXOTIQUES old\",\"item\":\"https:\\\/\\\/terrasse-mobile.net\\\/revetements-old\\\/bois-exotique-old\\\/\"},{\"@type\":\"ListItem\",\"position\":4,\"name\":\"BOIS EXOTIQUE KEBONY old\"}]},{\"@type\":\"WebSite\",\"@id\":\"https:\\\/\\\/terrasse-mobile.net\\\/#website\",\"url\":\"https:\\\/\\\/terrasse-mobile.net\\\/\",\"name\":\"Slidedeck\",\"description\":\"Construction sur mesure de terrasses mobiles en \u00cele-de-France\",\"publisher\":{\"@id\":\"https:\\\/\\\/terrasse-mobile.net\\\/#organization\"},\"potentialAction\":[{\"@type\":\"SearchAction\",\"target\":{\"@type\":\"EntryPoint\",\"urlTemplate\":\"https:\\\/\\\/terrasse-mobile.net\\\/?s={search_term_string}\"},\"query-input\":{\"@type\":\"PropertyValueSpecification\",\"valueRequired\":true,\"valueName\":\"search_term_string\"}}],\"inLanguage\":\"he-IL\"},{\"@type\":\"Organization\",\"@id\":\"https:\\\/\\\/terrasse-mobile.net\\\/#organization\",\"name\":\"Slidedeck\",\"url\":\"https:\\\/\\\/terrasse-mobile.net\\\/\",\"logo\":{\"@type\":\"ImageObject\",\"inLanguage\":\"he-IL\",\"@id\":\"https:\\\/\\\/terrasse-mobile.net\\\/#\\\/schema\\\/logo\\\/image\\\/\",\"url\":\"https:\\\/\\\/terrasse-mobile.net\\\/wp-content\\\/uploads\\\/2024\\\/01\\\/logo-slidedeck.jpg\",\"contentUrl\":\"https:\\\/\\\/terrasse-mobile.net\\\/wp-content\\\/uploads\\\/2024\\\/01\\\/logo-slidedeck.jpg\",\"width\":2000,\"height\":1103,\"caption\":\"Slidedeck\"},\"image\":{\"@id\":\"https:\\\/\\\/terrasse-mobile.net\\\/#\\\/schema\\\/logo\\\/image\\\/\"}}]}<\/script>\n<!-- \/ Yoast SEO plugin. -->","yoast_head_json":{"title":"Terrasse mobile, habill\u00e9e en bois Kebony","robots":{"index":"index","follow":"follow","max-snippet":"max-snippet:-1","max-image-preview":"max-image-preview:large","max-video-preview":"max-video-preview:-1"},"canonical":"https:\/\/terrasse-mobile.net\/he\/revetements-old\/bois-exotique-old\/terrasse-mobile-bois-kebony-old\/","og_locale":"he_IL","og_type":"article","og_title":"Terrasse mobile, habill\u00e9e en bois Kebony","og_description":"Lames de terrasse en Kebony pour terrasse mobile Les lames Kebony pour terrasse mobile sont id\u00e9ales. Plus l\u00e9g\u00e8res, et donc plus faciles \u00e0 transporter, \u00e0 installer \u2026 Des lames de terrasse mobile de grande durabilit\u00e9 Les lames de terrasse Kebony sont con\u00e7ues pour allier beaut\u00e9 naturelle et durabilit\u00e9. Fabriqu\u00e9es \u00e0 partir de bois durables et...","og_url":"https:\/\/terrasse-mobile.net\/he\/revetements-old\/bois-exotique-old\/terrasse-mobile-bois-kebony-old\/","og_site_name":"Terrasse mobile","article_modified_time":"2024-10-01T13:06:52+00:00","og_image":[{"url":"https:\/\/terrasse-mobile.net\/wp-content\/uploads\/elementor\/thumbs\/1127-Medium-copie-qisaiqxke4402ynijtbtndnjrlgua7949o2wh0qur0.jpg","type":"","width":"","height":""}],"twitter_card":"summary_large_image","twitter_misc":{"\u05d6\u05de\u05df \u05e7\u05e8\u05d9\u05d0\u05d4 \u05de\u05d5\u05e2\u05e8\u05da":"3 \u05d3\u05e7\u05d5\u05ea"},"schema":{"@context":"https:\/\/schema.org","@graph":[{"@type":"WebPage","@id":"https:\/\/terrasse-mobile.net\/revetements-old\/bois-exotique-old\/terrasse-mobile-bois-kebony-old\/","url":"https:\/\/terrasse-mobile.net\/revetements-old\/bois-exotique-old\/terrasse-mobile-bois-kebony-old\/","name":"Terrasse mobile, habill\u00e9e en bois Kebony","isPartOf":{"@id":"https:\/\/terrasse-mobile.net\/#website"},"primaryImageOfPage":{"@id":"https:\/\/terrasse-mobile.net\/revetements-old\/bois-exotique-old\/terrasse-mobile-bois-kebony-old\/#primaryimage"},"image":{"@id":"https:\/\/terrasse-mobile.net\/revetements-old\/bois-exotique-old\/terrasse-mobile-bois-kebony-old\/#primaryimage"},"thumbnailUrl":"https:\/\/terrasse-mobile.net\/wp-content\/uploads\/elementor\/thumbs\/1127-Medium-copie-qisaiqxke4402ynijtbtndnjrlgua7949o2wh0qur0.jpg","datePublished":"2024-01-25T16:07:36+00:00","dateModified":"2024-10-01T13:06:52+00:00","breadcrumb":{"@id":"https:\/\/terrasse-mobile.net\/revetements-old\/bois-exotique-old\/terrasse-mobile-bois-kebony-old\/#breadcrumb"},"inLanguage":"he-IL","potentialAction":[{"@type":"ReadAction","target":["https:\/\/terrasse-mobile.net\/revetements-old\/bois-exotique-old\/terrasse-mobile-bois-kebony-old\/"]}]},{"@type":"ImageObject","inLanguage":"he-IL","@id":"https:\/\/terrasse-mobile.net\/revetements-old\/bois-exotique-old\/terrasse-mobile-bois-kebony-old\/#primaryimage","url":"https:\/\/terrasse-mobile.net\/wp-content\/uploads\/elementor\/thumbs\/1127-Medium-copie-qisaiqxke4402ynijtbtndnjrlgua7949o2wh0qur0.jpg","contentUrl":"https:\/\/terrasse-mobile.net\/wp-content\/uploads\/elementor\/thumbs\/1127-Medium-copie-qisaiqxke4402ynijtbtndnjrlgua7949o2wh0qur0.jpg"},{"@type":"BreadcrumbList","@id":"https:\/\/terrasse-mobile.net\/revetements-old\/bois-exotique-old\/terrasse-mobile-bois-kebony-old\/#breadcrumb","itemListElement":[{"@type":"ListItem","position":1,"name":"Accueil","item":"https:\/\/terrasse-mobile.net\/"},{"@type":"ListItem","position":2,"name":"LES REV\u00caTEMENTS SLIDEDECK OLD","item":"https:\/\/terrasse-mobile.net\/revetements-old\/"},{"@type":"ListItem","position":3,"name":"LES BOIS EXOTIQUES old","item":"https:\/\/terrasse-mobile.net\/revetements-old\/bois-exotique-old\/"},{"@type":"ListItem","position":4,"name":"BOIS EXOTIQUE KEBONY old"}]},{"@type":"WebSite","@id":"https:\/\/terrasse-mobile.net\/#website","url":"https:\/\/terrasse-mobile.net\/","name":"Slidedeck","description":"Construction sur mesure de terrasses mobiles en \u00cele-de-France","publisher":{"@id":"https:\/\/terrasse-mobile.net\/#organization"},"potentialAction":[{"@type":"SearchAction","target":{"@type":"EntryPoint","urlTemplate":"https:\/\/terrasse-mobile.net\/?s={search_term_string}"},"query-input":{"@type":"PropertyValueSpecification","valueRequired":true,"valueName":"search_term_string"}}],"inLanguage":"he-IL"},{"@type":"Organization","@id":"https:\/\/terrasse-mobile.net\/#organization","name":"Slidedeck","url":"https:\/\/terrasse-mobile.net\/","logo":{"@type":"ImageObject","inLanguage":"he-IL","@id":"https:\/\/terrasse-mobile.net\/#\/schema\/logo\/image\/","url":"https:\/\/terrasse-mobile.net\/wp-content\/uploads\/2024\/01\/logo-slidedeck.jpg","contentUrl":"https:\/\/terrasse-mobile.net\/wp-content\/uploads\/2024\/01\/logo-slidedeck.jpg","width":2000,"height":1103,"caption":"Slidedeck"},"image":{"@id":"https:\/\/terrasse-mobile.net\/#\/schema\/logo\/image\/"}}]}},"_links":{"self":[{"href":"https:\/\/terrasse-mobile.net\/he\/wp-json\/wp\/v2\/pages\/1931","targetHints":{"allow":["GET"]}}],"collection":[{"href":"https:\/\/terrasse-mobile.net\/he\/wp-json\/wp\/v2\/pages"}],"about":[{"href":"https:\/\/terrasse-mobile.net\/he\/wp-json\/wp\/v2\/types\/page"}],"author":[{"embeddable":true,"href":"https:\/\/terrasse-mobile.net\/he\/wp-json\/wp\/v2\/users\/1"}],"replies":[{"embeddable":true,"href":"https:\/\/terrasse-mobile.net\/he\/wp-json\/wp\/v2\/comments?post=1931"}],"version-history":[{"count":30,"href":"https:\/\/terrasse-mobile.net\/he\/wp-json\/wp\/v2\/pages\/1931\/revisions"}],"predecessor-version":[{"id":5687,"href":"https:\/\/terrasse-mobile.net\/he\/wp-json\/wp\/v2\/pages\/1931\/revisions\/5687"}],"up":[{"embeddable":true,"href":"https:\/\/terrasse-mobile.net\/he\/wp-json\/wp\/v2\/pages\/1466"}],"wp:attachment":[{"href":"https:\/\/terrasse-mobile.net\/he\/wp-json\/wp\/v2\/media?parent=1931"}],"wp:term":[{"taxonomy":"folder","embeddable":true,"href":"https:\/\/terrasse-mobile.net\/he\/wp-json\/wp\/v2\/folder?post=1931"}],"curies":[{"name":"wp","href":"https:\/\/api.w.org\/{rel}","templated":true}]}}