{"id":2234,"date":"2024-01-31T15:39:50","date_gmt":"2024-01-31T14:39:48","guid":{"rendered":"https:\/\/terrasse-mobile.net\/?page_id=2234"},"modified":"2024-10-01T15:48:20","modified_gmt":"2024-10-01T13:48:20","slug":"comment-construire-terrasse-mobile-piscine-old","status":"publish","type":"page","link":"https:\/\/terrasse-mobile.net\/he\/installation-entretien-old\/comment-construire-terrasse-mobile-piscine-old\/","title":{"rendered":"LES PR\u00c9REQUIS POUR INSTALLER SA TERRASSE MOBILE SLIDEDECK old"},"content":{"rendered":"<h1>Les pr\u00e9requis pour installer votre terrasse mobile pour piscine<\/h1>\n<p>La mise en place d&rsquo;une terrasse mobile pour une piscine &#8211; ou pour un spa &#8211; n&rsquo;est pas compliqu\u00e9e en tant que telle mais n\u00e9cessite un peu de pr\u00e9paration afin d&rsquo;assurer une int\u00e9gration optimale au jardin.<\/p>\n<h2>Avoir un espace suffisant est n\u00e9cessaire<br \/>\n<\/h2>\n<p>Il est imp\u00e9ratif de disposer d&rsquo;un espace suffisant pour permettre le d\u00e9placement fluide de la terrasse mobile SlideDeck. Il faut id\u00e9alement une surface \u00e9quivalente \u00e0 celle de votre piscine, sur le c\u00f4t\u00e9 de la piscine.<\/p>\n<h2>Installation d\u2019une terrasse mobile SlideDeck <br \/>sur un terrain en pente ?<br \/>\n<\/h2>\n<p>L&rsquo;espace disponible doit \u00eatre situ\u00e9 dans le m\u00eame plan que la piscine, sans d\u00e9nivel\u00e9. En cas de terrain en pente, il faudra cr\u00e9er des longrines en b\u00e9ton arm\u00e9 qui constitueront les chemins de roulement, sur lesquels votre terrasse mobile pourra circuler.\u00a0<\/p>\n<p>\t\t\t\t\t\t\t\t\t\t\t\t\t<img decoding=\"async\" width=\"700\" height=\"464\" src=\"https:\/\/terrasse-mobile.net\/wp-content\/uploads\/2024\/01\/REAL-SABOURAULT-STRUCTUREjpg.jpg\" alt=\"base en dessous terrase mobile\" srcset=\"https:\/\/terrasse-mobile.net\/wp-content\/uploads\/2024\/01\/REAL-SABOURAULT-STRUCTUREjpg.jpg 700w, https:\/\/terrasse-mobile.net\/wp-content\/uploads\/2024\/01\/REAL-SABOURAULT-STRUCTUREjpg-300x199.jpg 300w\" sizes=\"(max-width: 700px) 100vw, 700px\" \/>\t\t\t\t\t\t\t\t\t\t\t\t\t<\/p>\n<h2>Pr\u00e9sence de margelles autour de la piscine ?<br \/>\n<\/h2>\n<p>Si vous disposez de margelles en pierre reconstitu\u00e9es ou en dallage, ces informations devront \u00eatre donn\u00e9es de mani\u00e8re assez pr\u00e9cise pour un parfait ajustement. Si vous avez des margelles en pierre reconstitu\u00e9e en pente, il sera sans doute pr\u00e9f\u00e9rable de positionner le chemin de roulement au-del\u00e0 de ces margelles.<\/p>\n<p>\t\t\t\t\t\t\t\t\t\t\t\t\t<img decoding=\"async\" width=\"765\" height=\"507\" src=\"https:\/\/terrasse-mobile.net\/wp-content\/uploads\/2024\/01\/DSC_0606-1.jpg\" alt=\"belle terrasse mobile en ile de france\" srcset=\"https:\/\/terrasse-mobile.net\/wp-content\/uploads\/2024\/01\/DSC_0606-1.jpg 765w, https:\/\/terrasse-mobile.net\/wp-content\/uploads\/2024\/01\/DSC_0606-1-300x199.jpg 300w\" sizes=\"(max-width: 765px) 100vw, 765px\" \/>\t\t\t\t\t\t\t\t\t\t\t\t\t<\/p>\n<h2>Une terrasse mobile pour quel type de piscine ?<br \/>\n<\/h2>\n<p>La terrasse mobile SlideDeck s\u2019adapte \u00e0 tout type de piscines. Typiquement, la terrasse mobile se r\u00e9v\u00e8le particuli\u00e8rement adapt\u00e9e aux piscines de petites et moyennes dimensions. Pour les grands bassins type couloir de nage nous pouvons vous proposer une terrasse mobile qui se d\u00e9placera dans le sens de la longueur, ce qui n\u00e9cessite un grand espace sur le c\u00f4t\u00e9 de la piscine, ou bine notre terrasse sp\u00e9ciale grande dimension. Consultez-nous \u00e0 ce sujet.\u00a0<\/p>\n<h2>Concernant la motorisation du SlideDeck<br \/>\n<\/h2>\n<p>La terrasse mobile SlideDeck est propos\u00e9e avec ou sans motorisation, selon les pr\u00e9f\u00e9rences et besoins de nos clients.<\/p>\n<p>Pour les petites terrasses mobiles, de la gamme TERRA, vous pouvez parfaitement vous dispenser de moteurs. Ce sont des terrasses mobiles relativement l\u00e9g\u00e8res, donc il est assez facile de d\u00e9placer d&rsquo;une simple pouss\u00e9e de la main ou du pied. Pour les terrasses mobiles de la gamme ATLAS, nous vous conseillons fortement une motorisation car la terrasse mobile sera plus lourde et n\u00e9cessitera un effort plus cons\u00e9quent pour la d\u00e9placer. Nos moteurs sont t\u00e9l\u00e9command\u00e9s, et sont aliment\u00e9s par une batterie autonome, elle-m\u00eame recharg\u00e9e par un jeu de cellule photovolta\u00efque int\u00e9gr\u00e9 au moteur. Il n&rsquo;ya donc pas besoin d&rsquo;alimentation \u00e9lectrique pr\u00e8s du bassin.<\/p>\n<h2>Pensez \u00e0 une terrasse mobile en cas de r\u00e9novation de piscine !<br \/>\n<\/h2>\n<p style=\"text-align: left;\">Int\u00e9grer une terrasse mobile lors d&rsquo;une r\u00e9novation de piscine peut \u00eatre particuli\u00e8rement judicieux. La r\u00e9novation offre l&rsquo;opportunit\u00e9 de repenser enti\u00e8rement l&rsquo;espace autour du plan d&rsquo;eau en fonction des saisons, faisant de la terrasse mobile un ajout astucieux dans ce contexte.<\/p>\n<p>\t\t\t<a href=\"https:\/\/terrasse-mobile.net\/he\/revetements\/\"><br \/>\n\t\t\t\t\t\tD\u00c9COUVREZ LE REV\u00caTEMENTS DE TERRASSES MOBILES SLIDEDECK<br \/>\n\t\t\t\t\t<\/a><\/p>","protected":false},"excerpt":{"rendered":"<p>Les pr\u00e9requis pour installer votre terrasse mobile pour piscine La mise en place d&rsquo;une terrasse mobile pour une piscine &#8211; ou pour un spa &#8211; n&rsquo;est pas compliqu\u00e9e en tant que telle mais n\u00e9cessite un peu de pr\u00e9paration afin d&rsquo;assurer une int\u00e9gration optimale au jardin. Avoir un espace suffisant est n\u00e9cessaire Il est imp\u00e9ratif de&#8230;<\/p>","protected":false},"author":1,"featured_media":0,"parent":2653,"menu_order":2,"comment_status":"closed","ping_status":"closed","template":"","meta":{"_kad_post_transparent":"","_kad_post_title":"","_kad_post_layout":"","_kad_post_sidebar_id":"","_kad_post_content_style":"","_kad_post_vertical_padding":"","_kad_post_feature":"","_kad_post_feature_position":"","_kad_post_header":false,"_kad_post_footer":false,"_kad_post_classname":"","footnotes":""},"folder":[],"class_list":["post-2234","page","type-page","status-publish","hentry"],"yoast_head":"<!-- This site is optimized with the Yoast SEO plugin v27.5 - https:\/\/yoast.com\/product\/yoast-seo-wordpress\/ -->\n<title>Comment construire une terrasse mobile pour piscine ?<\/title>\n<meta name=\"robots\" content=\"index, follow, max-snippet:-1, max-image-preview:large, max-video-preview:-1\" \/>\n<link rel=\"canonical\" href=\"https:\/\/terrasse-mobile.net\/he\/installation-entretien-old\/comment-construire-terrasse-mobile-piscine-old\/\" \/>\n<meta property=\"og:locale\" content=\"he_IL\" \/>\n<meta property=\"og:type\" content=\"article\" \/>\n<meta property=\"og:title\" content=\"Comment construire une terrasse mobile pour piscine ?\" \/>\n<meta property=\"og:description\" content=\"Les pr\u00e9requis pour installer votre terrasse mobile pour piscine La mise en place d&rsquo;une terrasse mobile pour une piscine &#8211; ou pour un spa &#8211; n&rsquo;est pas compliqu\u00e9e en tant que telle mais n\u00e9cessite un peu de pr\u00e9paration afin d&rsquo;assurer une int\u00e9gration optimale au jardin. Avoir un espace suffisant est n\u00e9cessaire Il est imp\u00e9ratif de...\" \/>\n<meta property=\"og:url\" content=\"https:\/\/terrasse-mobile.net\/he\/installation-entretien-old\/comment-construire-terrasse-mobile-piscine-old\/\" \/>\n<meta property=\"og:site_name\" content=\"Terrasse mobile\" \/>\n<meta property=\"article:modified_time\" content=\"2024-10-01T13:48:20+00:00\" \/>\n<meta property=\"og:image\" content=\"https:\/\/terrasse-mobile.net\/wp-content\/uploads\/2024\/01\/REAL-SABOURAULT-STRUCTUREjpg.jpg\" \/>\n<meta name=\"twitter:card\" content=\"summary_large_image\" \/>\n<meta name=\"twitter:label1\" content=\"\u05d6\u05de\u05df \u05e7\u05e8\u05d9\u05d0\u05d4 \u05de\u05d5\u05e2\u05e8\u05da\" \/>\n\t<meta name=\"twitter:data1\" content=\"3 \u05d3\u05e7\u05d5\u05ea\" \/>\n<script type=\"application\/ld+json\" class=\"yoast-schema-graph\">{\"@context\":\"https:\\\/\\\/schema.org\",\"@graph\":[{\"@type\":\"WebPage\",\"@id\":\"https:\\\/\\\/terrasse-mobile.net\\\/installation-entretien-old\\\/comment-construire-terrasse-mobile-piscine-old\\\/\",\"url\":\"https:\\\/\\\/terrasse-mobile.net\\\/installation-entretien-old\\\/comment-construire-terrasse-mobile-piscine-old\\\/\",\"name\":\"Comment construire une terrasse mobile pour piscine ?\",\"isPartOf\":{\"@id\":\"https:\\\/\\\/terrasse-mobile.net\\\/#website\"},\"primaryImageOfPage\":{\"@id\":\"https:\\\/\\\/terrasse-mobile.net\\\/installation-entretien-old\\\/comment-construire-terrasse-mobile-piscine-old\\\/#primaryimage\"},\"image\":{\"@id\":\"https:\\\/\\\/terrasse-mobile.net\\\/installation-entretien-old\\\/comment-construire-terrasse-mobile-piscine-old\\\/#primaryimage\"},\"thumbnailUrl\":\"https:\\\/\\\/terrasse-mobile.net\\\/wp-content\\\/uploads\\\/2024\\\/01\\\/REAL-SABOURAULT-STRUCTUREjpg.jpg\",\"datePublished\":\"2024-01-31T14:39:48+00:00\",\"dateModified\":\"2024-10-01T13:48:20+00:00\",\"breadcrumb\":{\"@id\":\"https:\\\/\\\/terrasse-mobile.net\\\/installation-entretien-old\\\/comment-construire-terrasse-mobile-piscine-old\\\/#breadcrumb\"},\"inLanguage\":\"he-IL\",\"potentialAction\":[{\"@type\":\"ReadAction\",\"target\":[\"https:\\\/\\\/terrasse-mobile.net\\\/installation-entretien-old\\\/comment-construire-terrasse-mobile-piscine-old\\\/\"]}]},{\"@type\":\"ImageObject\",\"inLanguage\":\"he-IL\",\"@id\":\"https:\\\/\\\/terrasse-mobile.net\\\/installation-entretien-old\\\/comment-construire-terrasse-mobile-piscine-old\\\/#primaryimage\",\"url\":\"https:\\\/\\\/terrasse-mobile.net\\\/wp-content\\\/uploads\\\/2024\\\/01\\\/REAL-SABOURAULT-STRUCTUREjpg.jpg\",\"contentUrl\":\"https:\\\/\\\/terrasse-mobile.net\\\/wp-content\\\/uploads\\\/2024\\\/01\\\/REAL-SABOURAULT-STRUCTUREjpg.jpg\"},{\"@type\":\"BreadcrumbList\",\"@id\":\"https:\\\/\\\/terrasse-mobile.net\\\/installation-entretien-old\\\/comment-construire-terrasse-mobile-piscine-old\\\/#breadcrumb\",\"itemListElement\":[{\"@type\":\"ListItem\",\"position\":1,\"name\":\"Accueil\",\"item\":\"https:\\\/\\\/terrasse-mobile.net\\\/\"},{\"@type\":\"ListItem\",\"position\":2,\"name\":\"INSTALLATION ET ENTRETIEN DE LA TERRASSE MOBILE SLIDEDECK old\",\"item\":\"https:\\\/\\\/terrasse-mobile.net\\\/installation-entretien-old\\\/\"},{\"@type\":\"ListItem\",\"position\":3,\"name\":\"LES PR\u00c9REQUIS POUR INSTALLER SA TERRASSE MOBILE SLIDEDECK old\"}]},{\"@type\":\"WebSite\",\"@id\":\"https:\\\/\\\/terrasse-mobile.net\\\/#website\",\"url\":\"https:\\\/\\\/terrasse-mobile.net\\\/\",\"name\":\"Slidedeck\",\"description\":\"Construction sur mesure de terrasses mobiles en \u00cele-de-France\",\"publisher\":{\"@id\":\"https:\\\/\\\/terrasse-mobile.net\\\/#organization\"},\"potentialAction\":[{\"@type\":\"SearchAction\",\"target\":{\"@type\":\"EntryPoint\",\"urlTemplate\":\"https:\\\/\\\/terrasse-mobile.net\\\/?s={search_term_string}\"},\"query-input\":{\"@type\":\"PropertyValueSpecification\",\"valueRequired\":true,\"valueName\":\"search_term_string\"}}],\"inLanguage\":\"he-IL\"},{\"@type\":\"Organization\",\"@id\":\"https:\\\/\\\/terrasse-mobile.net\\\/#organization\",\"name\":\"Slidedeck\",\"url\":\"https:\\\/\\\/terrasse-mobile.net\\\/\",\"logo\":{\"@type\":\"ImageObject\",\"inLanguage\":\"he-IL\",\"@id\":\"https:\\\/\\\/terrasse-mobile.net\\\/#\\\/schema\\\/logo\\\/image\\\/\",\"url\":\"https:\\\/\\\/terrasse-mobile.net\\\/wp-content\\\/uploads\\\/2024\\\/01\\\/logo-slidedeck.jpg\",\"contentUrl\":\"https:\\\/\\\/terrasse-mobile.net\\\/wp-content\\\/uploads\\\/2024\\\/01\\\/logo-slidedeck.jpg\",\"width\":2000,\"height\":1103,\"caption\":\"Slidedeck\"},\"image\":{\"@id\":\"https:\\\/\\\/terrasse-mobile.net\\\/#\\\/schema\\\/logo\\\/image\\\/\"}}]}<\/script>\n<!-- \/ Yoast SEO plugin. -->","yoast_head_json":{"title":"Comment construire une terrasse mobile pour piscine ?","robots":{"index":"index","follow":"follow","max-snippet":"max-snippet:-1","max-image-preview":"max-image-preview:large","max-video-preview":"max-video-preview:-1"},"canonical":"https:\/\/terrasse-mobile.net\/he\/installation-entretien-old\/comment-construire-terrasse-mobile-piscine-old\/","og_locale":"he_IL","og_type":"article","og_title":"Comment construire une terrasse mobile pour piscine ?","og_description":"Les pr\u00e9requis pour installer votre terrasse mobile pour piscine La mise en place d&rsquo;une terrasse mobile pour une piscine &#8211; ou pour un spa &#8211; n&rsquo;est pas compliqu\u00e9e en tant que telle mais n\u00e9cessite un peu de pr\u00e9paration afin d&rsquo;assurer une int\u00e9gration optimale au jardin. Avoir un espace suffisant est n\u00e9cessaire Il est imp\u00e9ratif de...","og_url":"https:\/\/terrasse-mobile.net\/he\/installation-entretien-old\/comment-construire-terrasse-mobile-piscine-old\/","og_site_name":"Terrasse mobile","article_modified_time":"2024-10-01T13:48:20+00:00","og_image":[{"url":"https:\/\/terrasse-mobile.net\/wp-content\/uploads\/2024\/01\/REAL-SABOURAULT-STRUCTUREjpg.jpg","type":"","width":"","height":""}],"twitter_card":"summary_large_image","twitter_misc":{"\u05d6\u05de\u05df \u05e7\u05e8\u05d9\u05d0\u05d4 \u05de\u05d5\u05e2\u05e8\u05da":"3 \u05d3\u05e7\u05d5\u05ea"},"schema":{"@context":"https:\/\/schema.org","@graph":[{"@type":"WebPage","@id":"https:\/\/terrasse-mobile.net\/installation-entretien-old\/comment-construire-terrasse-mobile-piscine-old\/","url":"https:\/\/terrasse-mobile.net\/installation-entretien-old\/comment-construire-terrasse-mobile-piscine-old\/","name":"Comment construire une terrasse mobile pour piscine ?","isPartOf":{"@id":"https:\/\/terrasse-mobile.net\/#website"},"primaryImageOfPage":{"@id":"https:\/\/terrasse-mobile.net\/installation-entretien-old\/comment-construire-terrasse-mobile-piscine-old\/#primaryimage"},"image":{"@id":"https:\/\/terrasse-mobile.net\/installation-entretien-old\/comment-construire-terrasse-mobile-piscine-old\/#primaryimage"},"thumbnailUrl":"https:\/\/terrasse-mobile.net\/wp-content\/uploads\/2024\/01\/REAL-SABOURAULT-STRUCTUREjpg.jpg","datePublished":"2024-01-31T14:39:48+00:00","dateModified":"2024-10-01T13:48:20+00:00","breadcrumb":{"@id":"https:\/\/terrasse-mobile.net\/installation-entretien-old\/comment-construire-terrasse-mobile-piscine-old\/#breadcrumb"},"inLanguage":"he-IL","potentialAction":[{"@type":"ReadAction","target":["https:\/\/terrasse-mobile.net\/installation-entretien-old\/comment-construire-terrasse-mobile-piscine-old\/"]}]},{"@type":"ImageObject","inLanguage":"he-IL","@id":"https:\/\/terrasse-mobile.net\/installation-entretien-old\/comment-construire-terrasse-mobile-piscine-old\/#primaryimage","url":"https:\/\/terrasse-mobile.net\/wp-content\/uploads\/2024\/01\/REAL-SABOURAULT-STRUCTUREjpg.jpg","contentUrl":"https:\/\/terrasse-mobile.net\/wp-content\/uploads\/2024\/01\/REAL-SABOURAULT-STRUCTUREjpg.jpg"},{"@type":"BreadcrumbList","@id":"https:\/\/terrasse-mobile.net\/installation-entretien-old\/comment-construire-terrasse-mobile-piscine-old\/#breadcrumb","itemListElement":[{"@type":"ListItem","position":1,"name":"Accueil","item":"https:\/\/terrasse-mobile.net\/"},{"@type":"ListItem","position":2,"name":"INSTALLATION ET ENTRETIEN DE LA TERRASSE MOBILE SLIDEDECK old","item":"https:\/\/terrasse-mobile.net\/installation-entretien-old\/"},{"@type":"ListItem","position":3,"name":"LES PR\u00c9REQUIS POUR INSTALLER SA TERRASSE MOBILE SLIDEDECK old"}]},{"@type":"WebSite","@id":"https:\/\/terrasse-mobile.net\/#website","url":"https:\/\/terrasse-mobile.net\/","name":"Slidedeck","description":"Construction sur mesure de terrasses mobiles en \u00cele-de-France","publisher":{"@id":"https:\/\/terrasse-mobile.net\/#organization"},"potentialAction":[{"@type":"SearchAction","target":{"@type":"EntryPoint","urlTemplate":"https:\/\/terrasse-mobile.net\/?s={search_term_string}"},"query-input":{"@type":"PropertyValueSpecification","valueRequired":true,"valueName":"search_term_string"}}],"inLanguage":"he-IL"},{"@type":"Organization","@id":"https:\/\/terrasse-mobile.net\/#organization","name":"Slidedeck","url":"https:\/\/terrasse-mobile.net\/","logo":{"@type":"ImageObject","inLanguage":"he-IL","@id":"https:\/\/terrasse-mobile.net\/#\/schema\/logo\/image\/","url":"https:\/\/terrasse-mobile.net\/wp-content\/uploads\/2024\/01\/logo-slidedeck.jpg","contentUrl":"https:\/\/terrasse-mobile.net\/wp-content\/uploads\/2024\/01\/logo-slidedeck.jpg","width":2000,"height":1103,"caption":"Slidedeck"},"image":{"@id":"https:\/\/terrasse-mobile.net\/#\/schema\/logo\/image\/"}}]}},"_links":{"self":[{"href":"https:\/\/terrasse-mobile.net\/he\/wp-json\/wp\/v2\/pages\/2234","targetHints":{"allow":["GET"]}}],"collection":[{"href":"https:\/\/terrasse-mobile.net\/he\/wp-json\/wp\/v2\/pages"}],"about":[{"href":"https:\/\/terrasse-mobile.net\/he\/wp-json\/wp\/v2\/types\/page"}],"author":[{"embeddable":true,"href":"https:\/\/terrasse-mobile.net\/he\/wp-json\/wp\/v2\/users\/1"}],"replies":[{"embeddable":true,"href":"https:\/\/terrasse-mobile.net\/he\/wp-json\/wp\/v2\/comments?post=2234"}],"version-history":[{"count":87,"href":"https:\/\/terrasse-mobile.net\/he\/wp-json\/wp\/v2\/pages\/2234\/revisions"}],"predecessor-version":[{"id":5716,"href":"https:\/\/terrasse-mobile.net\/he\/wp-json\/wp\/v2\/pages\/2234\/revisions\/5716"}],"up":[{"embeddable":true,"href":"https:\/\/terrasse-mobile.net\/he\/wp-json\/wp\/v2\/pages\/2653"}],"wp:attachment":[{"href":"https:\/\/terrasse-mobile.net\/he\/wp-json\/wp\/v2\/media?parent=2234"}],"wp:term":[{"taxonomy":"folder","embeddable":true,"href":"https:\/\/terrasse-mobile.net\/he\/wp-json\/wp\/v2\/folder?post=2234"}],"curies":[{"name":"wp","href":"https:\/\/api.w.org\/{rel}","templated":true}]}}