{"id":2333,"date":"2024-02-01T10:58:50","date_gmt":"2024-02-01T09:58:44","guid":{"rendered":"https:\/\/terrasse-mobile.net\/?page_id=2333"},"modified":"2024-10-01T15:47:19","modified_gmt":"2024-10-01T13:47:19","slug":"terrasse-coulissante-garantie-10-ans-old","status":"publish","type":"page","link":"https:\/\/terrasse-mobile.net\/he\/installation-entretien-old\/terrasse-coulissante-garantie-10-ans-old\/","title":{"rendered":"INSTALLATION DE LA TERRASSE MOBILE SLIDEDECK PAR DES PROFESSIONNELS old"},"content":{"rendered":"<h1>Votre terrasse mobile SlideDeck install\u00e9e par des professionnels<\/h1>\n<p>Votre terrasse mobile pour piscine SlideDeck peut \u00eatre install\u00e9e par nos professionnels. Voici une vid\u00e9o expliquant l&rsquo;installation D\u00c9TAILL\u00c9E de la terrasse mobile SlideDeck<\/p>\n<p>https:\/\/vimeo.com\/932896465?share=copy\t\t<\/p>\n<h2>Installation par les \u00e9quipes Piscine Nature<\/h2>\n<p>SlideDeck a \u00e9t\u00e9 con\u00e7u et d\u00e9velopp\u00e9 par les \u00e9quipes de Piscine Nature, install\u00e9 \u00e0 Chatou dans les Yvelines. Nous sommes en mesure d&rsquo;installer votre terrasse mobile sur toute l&rsquo;\u00cele de France (dans les d\u00e9partements suivants : 77, 78, 91, 92, 93, 94, 95 et 75). Pour installer la terrasse mobile SlideDeck il faut au pr\u00e9alable que le chemin de roulement soit cr\u00e9\u00e9. Ce peut \u00eatre soit la terrasse en bois, ou bien carrel\u00e9e, autour de la piscine.<\/p>\n<p>Si la terrasse mobile doit se d\u00e9placer sur une zone de terrain naturel, vers le jardin typiquement, il faudra cr\u00e9er des chemins de roulement pour permettre \u00e0 la piscine de se d\u00e9placer avec fluidit\u00e9. En g\u00e9n\u00e9ral, ces chemins de roulement sont cr\u00e9\u00e9s sous forme d&rsquo;une \u00ab\u00a0longrine\u00a0\u00bb. C&rsquo;est un petit muret en b\u00e9ton qui peut \u00eatre recouvert de lames de terrasse ou carrel\u00e9es. Sur cette longrine sont install\u00e9s les rails de roulement pour un d\u00e9placement en toute fiabilit\u00e9. Ces longrines peuvent \u00eatre install\u00e9es par votre ma\u00e7on.\u00a0<\/p>\n<p>Nous pouvons bien entendu nous en charger pour vous, et prendre en charge la totalit\u00e9 de l&rsquo;installation, c&rsquo;est \u00e0 dire<\/p>\n<ul>\n<li>Installer les longrines (et attendre que cela s\u00e8che), recouvrir les longrines avec un dallage ou des lames de terrasse<\/li>\n<li>Vous livrer la terrasse mobile et construire la structure<\/li>\n<li>Installer l&rsquo;habillage : les lames de terrasse en bois exotique, en composite ou autre.<\/li>\n<li>Pour finir, nous pouvons installer la motorisation.<\/li>\n<\/ul>\n<p>Nos experts sont \u00e0 votre disposition pour r\u00e9aliser le travail dans les meilleures conditions de d\u00e9lai et de qualit\u00e9.<\/p>\n<p>\t\t\t\t\t\t\t\t\t\t\t\t\t<img decoding=\"async\" width=\"743\" height=\"492\" src=\"https:\/\/terrasse-mobile.net\/wp-content\/uploads\/2024\/04\/SLIDEDECK-BERTAGNE00004.jpg\" alt=\"TERRASSE MOBILE PISCINE\" srcset=\"https:\/\/terrasse-mobile.net\/wp-content\/uploads\/2024\/04\/SLIDEDECK-BERTAGNE00004.jpg 743w, https:\/\/terrasse-mobile.net\/wp-content\/uploads\/2024\/04\/SLIDEDECK-BERTAGNE00004-300x199.jpg 300w\" sizes=\"(max-width: 743px) 100vw, 743px\" \/>\t\t\t\t\t\t\t\t\t\t\t\t\t<\/p>\n<h2>Une terrasse mobile SlideDeck <br \/> hors r\u00e9gion parisienne ?<\/h2>\n<p>Si vous \u00eates en dehors de la r\u00e9gion parisienne ou que votre terrasse mobile a \u00e9t\u00e9 install\u00e9e par un piscinier, nous pouvons livrer aux professionnels de votre choix notre kit pr\u00eat \u00e0 monter. Dans ce cas, le montage pourra \u00eatre r\u00e9alis\u00e9 par l&rsquo;artisan qui travaille pour vous. Nous assurons un support technique pour que la pose se fasse dans les meilleures conditions possibles.<\/p>\n<p>\t\t\t<a href=\"https:\/\/terrasse-mobile.net\/he\/modeles\/\"><br \/>\n\t\t\t\t\t\tD\u00c9COUVREZ LES GAMMES DE TERRASSES MOBILES SLIDEDECK<br \/>\n\t\t\t\t\t<\/a><\/p>","protected":false},"excerpt":{"rendered":"<p>Votre terrasse mobile SlideDeck install\u00e9e par des professionnels Votre terrasse mobile pour piscine SlideDeck peut \u00eatre install\u00e9e par nos professionnels. Voici une vid\u00e9o expliquant l&rsquo;installation D\u00c9TAILL\u00c9E de la terrasse mobile SlideDeck https:\/\/vimeo.com\/932896465?share=copy Installation par les \u00e9quipes Piscine Nature SlideDeck a \u00e9t\u00e9 con\u00e7u et d\u00e9velopp\u00e9 par les \u00e9quipes de Piscine Nature, install\u00e9 \u00e0 Chatou dans les&#8230;<\/p>","protected":false},"author":1,"featured_media":0,"parent":2653,"menu_order":0,"comment_status":"closed","ping_status":"closed","template":"","meta":{"_kad_post_transparent":"","_kad_post_title":"","_kad_post_layout":"","_kad_post_sidebar_id":"","_kad_post_content_style":"","_kad_post_vertical_padding":"","_kad_post_feature":"","_kad_post_feature_position":"","_kad_post_header":false,"_kad_post_footer":false,"_kad_post_classname":"","footnotes":""},"folder":[],"class_list":["post-2333","page","type-page","status-publish","hentry"],"yoast_head":"<!-- This site is optimized with the Yoast SEO plugin v27.5 - https:\/\/yoast.com\/product\/yoast-seo-wordpress\/ -->\n<title>Terrasse coulissante garantie 10 ans<\/title>\n<meta name=\"robots\" content=\"index, follow, max-snippet:-1, max-image-preview:large, max-video-preview:-1\" \/>\n<link rel=\"canonical\" href=\"https:\/\/terrasse-mobile.net\/he\/installation-entretien-old\/terrasse-coulissante-garantie-10-ans-old\/\" \/>\n<meta property=\"og:locale\" content=\"he_IL\" \/>\n<meta property=\"og:type\" content=\"article\" \/>\n<meta property=\"og:title\" content=\"Terrasse coulissante garantie 10 ans\" \/>\n<meta property=\"og:description\" content=\"Votre terrasse mobile SlideDeck install\u00e9e par des professionnels Votre terrasse mobile pour piscine SlideDeck peut \u00eatre install\u00e9e par nos professionnels. Voici une vid\u00e9o expliquant l&rsquo;installation D\u00c9TAILL\u00c9E de la terrasse mobile SlideDeck https:\/\/vimeo.com\/932896465?share=copy Installation par les \u00e9quipes Piscine Nature SlideDeck a \u00e9t\u00e9 con\u00e7u et d\u00e9velopp\u00e9 par les \u00e9quipes de Piscine Nature, install\u00e9 \u00e0 Chatou dans les...\" \/>\n<meta property=\"og:url\" content=\"https:\/\/terrasse-mobile.net\/he\/installation-entretien-old\/terrasse-coulissante-garantie-10-ans-old\/\" \/>\n<meta property=\"og:site_name\" content=\"Terrasse mobile\" \/>\n<meta property=\"article:modified_time\" content=\"2024-10-01T13:47:19+00:00\" \/>\n<meta property=\"og:image\" content=\"https:\/\/terrasse-mobile.net\/wp-content\/uploads\/2024\/04\/SLIDEDECK-BERTAGNE00004.jpg\" \/>\n<meta name=\"twitter:card\" content=\"summary_large_image\" \/>\n<meta name=\"twitter:label1\" content=\"\u05d6\u05de\u05df \u05e7\u05e8\u05d9\u05d0\u05d4 \u05de\u05d5\u05e2\u05e8\u05da\" \/>\n\t<meta name=\"twitter:data1\" content=\"3 \u05d3\u05e7\u05d5\u05ea\" \/>\n<script type=\"application\/ld+json\" class=\"yoast-schema-graph\">{\"@context\":\"https:\\\/\\\/schema.org\",\"@graph\":[{\"@type\":\"WebPage\",\"@id\":\"https:\\\/\\\/terrasse-mobile.net\\\/installation-entretien-old\\\/terrasse-coulissante-garantie-10-ans-old\\\/\",\"url\":\"https:\\\/\\\/terrasse-mobile.net\\\/installation-entretien-old\\\/terrasse-coulissante-garantie-10-ans-old\\\/\",\"name\":\"Terrasse coulissante garantie 10 ans\",\"isPartOf\":{\"@id\":\"https:\\\/\\\/terrasse-mobile.net\\\/#website\"},\"primaryImageOfPage\":{\"@id\":\"https:\\\/\\\/terrasse-mobile.net\\\/installation-entretien-old\\\/terrasse-coulissante-garantie-10-ans-old\\\/#primaryimage\"},\"image\":{\"@id\":\"https:\\\/\\\/terrasse-mobile.net\\\/installation-entretien-old\\\/terrasse-coulissante-garantie-10-ans-old\\\/#primaryimage\"},\"thumbnailUrl\":\"https:\\\/\\\/terrasse-mobile.net\\\/wp-content\\\/uploads\\\/2024\\\/04\\\/SLIDEDECK-BERTAGNE00004.jpg\",\"datePublished\":\"2024-02-01T09:58:44+00:00\",\"dateModified\":\"2024-10-01T13:47:19+00:00\",\"breadcrumb\":{\"@id\":\"https:\\\/\\\/terrasse-mobile.net\\\/installation-entretien-old\\\/terrasse-coulissante-garantie-10-ans-old\\\/#breadcrumb\"},\"inLanguage\":\"he-IL\",\"potentialAction\":[{\"@type\":\"ReadAction\",\"target\":[\"https:\\\/\\\/terrasse-mobile.net\\\/installation-entretien-old\\\/terrasse-coulissante-garantie-10-ans-old\\\/\"]}]},{\"@type\":\"ImageObject\",\"inLanguage\":\"he-IL\",\"@id\":\"https:\\\/\\\/terrasse-mobile.net\\\/installation-entretien-old\\\/terrasse-coulissante-garantie-10-ans-old\\\/#primaryimage\",\"url\":\"https:\\\/\\\/terrasse-mobile.net\\\/wp-content\\\/uploads\\\/2024\\\/04\\\/SLIDEDECK-BERTAGNE00004.jpg\",\"contentUrl\":\"https:\\\/\\\/terrasse-mobile.net\\\/wp-content\\\/uploads\\\/2024\\\/04\\\/SLIDEDECK-BERTAGNE00004.jpg\"},{\"@type\":\"BreadcrumbList\",\"@id\":\"https:\\\/\\\/terrasse-mobile.net\\\/installation-entretien-old\\\/terrasse-coulissante-garantie-10-ans-old\\\/#breadcrumb\",\"itemListElement\":[{\"@type\":\"ListItem\",\"position\":1,\"name\":\"Accueil\",\"item\":\"https:\\\/\\\/terrasse-mobile.net\\\/\"},{\"@type\":\"ListItem\",\"position\":2,\"name\":\"INSTALLATION ET ENTRETIEN DE LA TERRASSE MOBILE SLIDEDECK old\",\"item\":\"https:\\\/\\\/terrasse-mobile.net\\\/installation-entretien-old\\\/\"},{\"@type\":\"ListItem\",\"position\":3,\"name\":\"INSTALLATION DE LA TERRASSE MOBILE SLIDEDECK PAR DES PROFESSIONNELS old\"}]},{\"@type\":\"WebSite\",\"@id\":\"https:\\\/\\\/terrasse-mobile.net\\\/#website\",\"url\":\"https:\\\/\\\/terrasse-mobile.net\\\/\",\"name\":\"Slidedeck\",\"description\":\"Construction sur mesure de terrasses mobiles en \u00cele-de-France\",\"publisher\":{\"@id\":\"https:\\\/\\\/terrasse-mobile.net\\\/#organization\"},\"potentialAction\":[{\"@type\":\"SearchAction\",\"target\":{\"@type\":\"EntryPoint\",\"urlTemplate\":\"https:\\\/\\\/terrasse-mobile.net\\\/?s={search_term_string}\"},\"query-input\":{\"@type\":\"PropertyValueSpecification\",\"valueRequired\":true,\"valueName\":\"search_term_string\"}}],\"inLanguage\":\"he-IL\"},{\"@type\":\"Organization\",\"@id\":\"https:\\\/\\\/terrasse-mobile.net\\\/#organization\",\"name\":\"Slidedeck\",\"url\":\"https:\\\/\\\/terrasse-mobile.net\\\/\",\"logo\":{\"@type\":\"ImageObject\",\"inLanguage\":\"he-IL\",\"@id\":\"https:\\\/\\\/terrasse-mobile.net\\\/#\\\/schema\\\/logo\\\/image\\\/\",\"url\":\"https:\\\/\\\/terrasse-mobile.net\\\/wp-content\\\/uploads\\\/2024\\\/01\\\/logo-slidedeck.jpg\",\"contentUrl\":\"https:\\\/\\\/terrasse-mobile.net\\\/wp-content\\\/uploads\\\/2024\\\/01\\\/logo-slidedeck.jpg\",\"width\":2000,\"height\":1103,\"caption\":\"Slidedeck\"},\"image\":{\"@id\":\"https:\\\/\\\/terrasse-mobile.net\\\/#\\\/schema\\\/logo\\\/image\\\/\"}}]}<\/script>\n<!-- \/ Yoast SEO plugin. -->","yoast_head_json":{"title":"Terrasse coulissante garantie 10 ans","robots":{"index":"index","follow":"follow","max-snippet":"max-snippet:-1","max-image-preview":"max-image-preview:large","max-video-preview":"max-video-preview:-1"},"canonical":"https:\/\/terrasse-mobile.net\/he\/installation-entretien-old\/terrasse-coulissante-garantie-10-ans-old\/","og_locale":"he_IL","og_type":"article","og_title":"Terrasse coulissante garantie 10 ans","og_description":"Votre terrasse mobile SlideDeck install\u00e9e par des professionnels Votre terrasse mobile pour piscine SlideDeck peut \u00eatre install\u00e9e par nos professionnels. Voici une vid\u00e9o expliquant l&rsquo;installation D\u00c9TAILL\u00c9E de la terrasse mobile SlideDeck https:\/\/vimeo.com\/932896465?share=copy Installation par les \u00e9quipes Piscine Nature SlideDeck a \u00e9t\u00e9 con\u00e7u et d\u00e9velopp\u00e9 par les \u00e9quipes de Piscine Nature, install\u00e9 \u00e0 Chatou dans les...","og_url":"https:\/\/terrasse-mobile.net\/he\/installation-entretien-old\/terrasse-coulissante-garantie-10-ans-old\/","og_site_name":"Terrasse mobile","article_modified_time":"2024-10-01T13:47:19+00:00","og_image":[{"url":"https:\/\/terrasse-mobile.net\/wp-content\/uploads\/2024\/04\/SLIDEDECK-BERTAGNE00004.jpg","type":"","width":"","height":""}],"twitter_card":"summary_large_image","twitter_misc":{"\u05d6\u05de\u05df \u05e7\u05e8\u05d9\u05d0\u05d4 \u05de\u05d5\u05e2\u05e8\u05da":"3 \u05d3\u05e7\u05d5\u05ea"},"schema":{"@context":"https:\/\/schema.org","@graph":[{"@type":"WebPage","@id":"https:\/\/terrasse-mobile.net\/installation-entretien-old\/terrasse-coulissante-garantie-10-ans-old\/","url":"https:\/\/terrasse-mobile.net\/installation-entretien-old\/terrasse-coulissante-garantie-10-ans-old\/","name":"Terrasse coulissante garantie 10 ans","isPartOf":{"@id":"https:\/\/terrasse-mobile.net\/#website"},"primaryImageOfPage":{"@id":"https:\/\/terrasse-mobile.net\/installation-entretien-old\/terrasse-coulissante-garantie-10-ans-old\/#primaryimage"},"image":{"@id":"https:\/\/terrasse-mobile.net\/installation-entretien-old\/terrasse-coulissante-garantie-10-ans-old\/#primaryimage"},"thumbnailUrl":"https:\/\/terrasse-mobile.net\/wp-content\/uploads\/2024\/04\/SLIDEDECK-BERTAGNE00004.jpg","datePublished":"2024-02-01T09:58:44+00:00","dateModified":"2024-10-01T13:47:19+00:00","breadcrumb":{"@id":"https:\/\/terrasse-mobile.net\/installation-entretien-old\/terrasse-coulissante-garantie-10-ans-old\/#breadcrumb"},"inLanguage":"he-IL","potentialAction":[{"@type":"ReadAction","target":["https:\/\/terrasse-mobile.net\/installation-entretien-old\/terrasse-coulissante-garantie-10-ans-old\/"]}]},{"@type":"ImageObject","inLanguage":"he-IL","@id":"https:\/\/terrasse-mobile.net\/installation-entretien-old\/terrasse-coulissante-garantie-10-ans-old\/#primaryimage","url":"https:\/\/terrasse-mobile.net\/wp-content\/uploads\/2024\/04\/SLIDEDECK-BERTAGNE00004.jpg","contentUrl":"https:\/\/terrasse-mobile.net\/wp-content\/uploads\/2024\/04\/SLIDEDECK-BERTAGNE00004.jpg"},{"@type":"BreadcrumbList","@id":"https:\/\/terrasse-mobile.net\/installation-entretien-old\/terrasse-coulissante-garantie-10-ans-old\/#breadcrumb","itemListElement":[{"@type":"ListItem","position":1,"name":"Accueil","item":"https:\/\/terrasse-mobile.net\/"},{"@type":"ListItem","position":2,"name":"INSTALLATION ET ENTRETIEN DE LA TERRASSE MOBILE SLIDEDECK old","item":"https:\/\/terrasse-mobile.net\/installation-entretien-old\/"},{"@type":"ListItem","position":3,"name":"INSTALLATION DE LA TERRASSE MOBILE SLIDEDECK PAR DES PROFESSIONNELS old"}]},{"@type":"WebSite","@id":"https:\/\/terrasse-mobile.net\/#website","url":"https:\/\/terrasse-mobile.net\/","name":"Slidedeck","description":"Construction sur mesure de terrasses mobiles en \u00cele-de-France","publisher":{"@id":"https:\/\/terrasse-mobile.net\/#organization"},"potentialAction":[{"@type":"SearchAction","target":{"@type":"EntryPoint","urlTemplate":"https:\/\/terrasse-mobile.net\/?s={search_term_string}"},"query-input":{"@type":"PropertyValueSpecification","valueRequired":true,"valueName":"search_term_string"}}],"inLanguage":"he-IL"},{"@type":"Organization","@id":"https:\/\/terrasse-mobile.net\/#organization","name":"Slidedeck","url":"https:\/\/terrasse-mobile.net\/","logo":{"@type":"ImageObject","inLanguage":"he-IL","@id":"https:\/\/terrasse-mobile.net\/#\/schema\/logo\/image\/","url":"https:\/\/terrasse-mobile.net\/wp-content\/uploads\/2024\/01\/logo-slidedeck.jpg","contentUrl":"https:\/\/terrasse-mobile.net\/wp-content\/uploads\/2024\/01\/logo-slidedeck.jpg","width":2000,"height":1103,"caption":"Slidedeck"},"image":{"@id":"https:\/\/terrasse-mobile.net\/#\/schema\/logo\/image\/"}}]}},"_links":{"self":[{"href":"https:\/\/terrasse-mobile.net\/he\/wp-json\/wp\/v2\/pages\/2333","targetHints":{"allow":["GET"]}}],"collection":[{"href":"https:\/\/terrasse-mobile.net\/he\/wp-json\/wp\/v2\/pages"}],"about":[{"href":"https:\/\/terrasse-mobile.net\/he\/wp-json\/wp\/v2\/types\/page"}],"author":[{"embeddable":true,"href":"https:\/\/terrasse-mobile.net\/he\/wp-json\/wp\/v2\/users\/1"}],"replies":[{"embeddable":true,"href":"https:\/\/terrasse-mobile.net\/he\/wp-json\/wp\/v2\/comments?post=2333"}],"version-history":[{"count":47,"href":"https:\/\/terrasse-mobile.net\/he\/wp-json\/wp\/v2\/pages\/2333\/revisions"}],"predecessor-version":[{"id":5714,"href":"https:\/\/terrasse-mobile.net\/he\/wp-json\/wp\/v2\/pages\/2333\/revisions\/5714"}],"up":[{"embeddable":true,"href":"https:\/\/terrasse-mobile.net\/he\/wp-json\/wp\/v2\/pages\/2653"}],"wp:attachment":[{"href":"https:\/\/terrasse-mobile.net\/he\/wp-json\/wp\/v2\/media?parent=2333"}],"wp:term":[{"taxonomy":"folder","embeddable":true,"href":"https:\/\/terrasse-mobile.net\/he\/wp-json\/wp\/v2\/folder?post=2333"}],"curies":[{"name":"wp","href":"https:\/\/api.w.org\/{rel}","templated":true}]}}