{"id":2338,"date":"2024-02-01T11:39:50","date_gmt":"2024-02-01T10:39:14","guid":{"rendered":"https:\/\/terrasse-mobile.net\/?page_id=2338"},"modified":"2024-10-01T15:49:56","modified_gmt":"2024-10-01T13:49:56","slug":"piscine-fond-mobile-old","status":"publish","type":"page","link":"https:\/\/terrasse-mobile.net\/he\/protections-piscine-old\/piscine-fond-mobile-old\/","title":{"rendered":"LES PISCINES \u00c0 FOND MOBILE old"},"content":{"rendered":"<h1>Les piscines \u00e0 fond mobile<\/h1>\n<h2>Une terrasse sur un fond mobile qui descend au fond de la piscine ?<br \/>\nComment \u00e7a marche ? Est ce fiable ?<\/h2>\n<p>Un fond mobile est une technologie ultra innovante. En effet, il y a un m\u00e9canisme qui permet de faire descendre ou monter le fond de la piscine. En position \u00ab\u00a0ferm\u00e9e\u00a0\u00bb, nous ne distinguons quasiment pas la piscine et nous pouvons marcher sur le fond, qui fait donc office de sol. En position \u00ab\u00a0ouverte\u00a0\u00bb, le sol descend donc dans le fond de la piscine et il est possible de se baigner et de profiter de sa piscine. Ce m\u00e9canisme fonctionne \u00e0 l&rsquo;aide de c\u00e2bles solides en acier inoxydables.<\/p>\n<p>\t\t\t\t\t\t\t\t\t\t\t\t\t<img decoding=\"async\" width=\"800\" height=\"624\" src=\"https:\/\/terrasse-mobile.net\/wp-content\/uploads\/2024\/02\/1-REAL-ERBI-PISCINE-2.jpg\" alt=\"piscine a fond mobile\" srcset=\"https:\/\/terrasse-mobile.net\/wp-content\/uploads\/2024\/02\/1-REAL-ERBI-PISCINE-2.jpg 848w, https:\/\/terrasse-mobile.net\/wp-content\/uploads\/2024\/02\/1-REAL-ERBI-PISCINE-2-300x234.jpg 300w, https:\/\/terrasse-mobile.net\/wp-content\/uploads\/2024\/02\/1-REAL-ERBI-PISCINE-2-768x599.jpg 768w\" sizes=\"(max-width: 800px) 100vw, 800px\" \/>\t\t\t\t\t\t\t\t\t\t\t\t\t<\/p>\n<h2>Les fonds mobiles Aqualift : les meilleurs fonds mobiles du monde<\/h2>\n<p>Nous avons vu et exp\u00e9riment\u00e9 diverses technologies de fonds mobile. Aucune n&rsquo;est vraiment convaincante.\u00a0<\/p>\n<p>Les syst\u00e8mes bas\u00e9s sur le principe de la flottaison semblent une bonne id\u00e9e mais au final, fonctionnent mal : en position haute, le fond mobile flottant est peu stable. \u00c7a tangue&#8230;.Les syst\u00e8mes multi-moteurs sont compliqu\u00e9s \u00e0 mettre au point car il faut synchroniser les moteurs. Les syst\u00e8mes avec des c\u00e2bles qui s&rsquo;enroulent autour de poulies sont peu fiables car les c\u00e2bles n&rsquo;aiment pas \u00eatre enroul\u00e9s.D&rsquo;autres syst\u00e8mes existent et sont quasiment exp\u00e9rimentaux.\u00a0C&rsquo;est pourquoi nous avons nou\u00e9 un partenariat strat\u00e9gique avec le leader mondial des fonds mobiles : <strong>AQUALIFT INDUSTRIES<\/strong>.<br \/>\n\t\t\t\t\t\t\t\t\t\t\t\t\t<img decoding=\"async\" width=\"800\" height=\"530\" src=\"https:\/\/terrasse-mobile.net\/wp-content\/uploads\/2024\/02\/2REAL-ERBIBOU-PISCINE-A-FOND-MOBILE-2.jpg\" alt=\"fond mobile piscine\" srcset=\"https:\/\/terrasse-mobile.net\/wp-content\/uploads\/2024\/02\/2REAL-ERBIBOU-PISCINE-A-FOND-MOBILE-2.jpg 1000w, https:\/\/terrasse-mobile.net\/wp-content\/uploads\/2024\/02\/2REAL-ERBIBOU-PISCINE-A-FOND-MOBILE-2-300x199.jpg 300w, https:\/\/terrasse-mobile.net\/wp-content\/uploads\/2024\/02\/2REAL-ERBIBOU-PISCINE-A-FOND-MOBILE-2-768x508.jpg 768w\" sizes=\"(max-width: 800px) 100vw, 800px\" \/>\t\t\t\t\t\t\t\t\t\t\t\t\t<\/p>\n<h2>Chez Piscine Nature, nous voulons le meilleur pour nos clients.<\/h2>\n<p>La technologie Aqualift est parfaitement \u00e9prouv\u00e9e depuis plus de 20 ans. <strong>Plus de 1000 fonds mobiles Aqualift ont \u00e9t\u00e9 install\u00e9s en France<\/strong> <strong>et partout dans le monde<\/strong>, dans des r\u00e9sidences de prestige, des grands h\u00f4tels, des bateaux de croisi\u00e8re et chez de nombreuses c\u00e9l\u00e9brit\u00e9s.<\/p>\n<p>Vous souhaitez un fond mobile et vous ne voulez pas essuyer les pl\u00e2tres avec des produits exp\u00e9rimentaux, non fiables, voire dangereux ?Ne vous cassez pas la t\u00eate. Choisissez AQUALIFT et vous aurez l&rsquo;assurance d&rsquo;une solution fiable et garantie \u00e0 vie (avec le contrat de maintenance).\u00a0Chez Piscine Nature, nous vous apportons le service complet :\u00a0<br style=\"box-sizing: inherit;\" \/>&#8211; <strong>Construction de la piscine<\/strong> et tout le <strong>syst\u00e8me hydraulique<\/strong>,\u00a0<br style=\"box-sizing: inherit;\" \/>&#8211; Int\u00e9gration du fond mobile Aqualift,<br style=\"box-sizing: inherit;\" \/>&#8211; <strong>Habillage du fond mobile<\/strong> avec un beau platelage bois (ou carrelage selon vos pr\u00e9f\u00e9rences)- <strong>Am\u00e9nagement des abords<\/strong> : terrasse bois, terrasse dall\u00e9e, pool-house- et bien entendu <strong>nous assurons l&rsquo;entretien<\/strong> de votre piscine et la maintenance du fond mobile.<br \/>\n\t\t\t\t\t\t\t\t\t\t\t\t\t<img decoding=\"async\" width=\"765\" height=\"511\" src=\"https:\/\/terrasse-mobile.net\/wp-content\/uploads\/2024\/02\/FOND_MOBILE_PISCIE-NATURE_4.jpg\" alt=\"piscine a fond mobile\" srcset=\"https:\/\/terrasse-mobile.net\/wp-content\/uploads\/2024\/02\/FOND_MOBILE_PISCIE-NATURE_4.jpg 765w, https:\/\/terrasse-mobile.net\/wp-content\/uploads\/2024\/02\/FOND_MOBILE_PISCIE-NATURE_4-300x200.jpg 300w\" sizes=\"(max-width: 765px) 100vw, 765px\" \/><br \/>\n\t\t\t<a href=\"https:\/\/piscines.oxatis.com\/constructeur-piscine-fond-mobile.htm\"><br \/>\n\t\t\t\t\t\tEN SAVOIR + SUR LES FONDS MOBILES POUR PISCINE<br \/>\n\t\t\t\t\t<\/a><\/p>","protected":false},"excerpt":{"rendered":"<p>Les piscines \u00e0 fond mobile Une terrasse sur un fond mobile qui descend au fond de la piscine ? Comment \u00e7a marche ? Est ce fiable ? Un fond mobile est une technologie ultra innovante. En effet, il y a un m\u00e9canisme qui permet de faire descendre ou monter le fond de la piscine. En&#8230;<\/p>","protected":false},"author":1,"featured_media":0,"parent":2424,"menu_order":0,"comment_status":"closed","ping_status":"closed","template":"","meta":{"_kad_post_transparent":"","_kad_post_title":"","_kad_post_layout":"","_kad_post_sidebar_id":"","_kad_post_content_style":"","_kad_post_vertical_padding":"","_kad_post_feature":"","_kad_post_feature_position":"","_kad_post_header":false,"_kad_post_footer":false,"_kad_post_classname":"","footnotes":""},"folder":[],"class_list":["post-2338","page","type-page","status-publish","hentry"],"yoast_head":"<!-- This site is optimized with the Yoast SEO plugin v27.5 - https:\/\/yoast.com\/product\/yoast-seo-wordpress\/ -->\n<title>La piscine \u00e0 fond mobile<\/title>\n<meta name=\"robots\" content=\"index, follow, max-snippet:-1, max-image-preview:large, max-video-preview:-1\" \/>\n<link rel=\"canonical\" href=\"https:\/\/terrasse-mobile.net\/he\/protections-piscine-old\/piscine-fond-mobile-old\/\" \/>\n<meta property=\"og:locale\" content=\"he_IL\" \/>\n<meta property=\"og:type\" content=\"article\" \/>\n<meta property=\"og:title\" content=\"La piscine \u00e0 fond mobile\" \/>\n<meta property=\"og:description\" content=\"Les piscines \u00e0 fond mobile Une terrasse sur un fond mobile qui descend au fond de la piscine ? Comment \u00e7a marche ? Est ce fiable ? Un fond mobile est une technologie ultra innovante. En effet, il y a un m\u00e9canisme qui permet de faire descendre ou monter le fond de la piscine. En...\" \/>\n<meta property=\"og:url\" content=\"https:\/\/terrasse-mobile.net\/he\/protections-piscine-old\/piscine-fond-mobile-old\/\" \/>\n<meta property=\"og:site_name\" content=\"Terrasse mobile\" \/>\n<meta property=\"article:modified_time\" content=\"2024-10-01T13:49:56+00:00\" \/>\n<meta property=\"og:image\" content=\"https:\/\/terrasse-mobile.net\/wp-content\/uploads\/2024\/02\/1-REAL-ERBI-PISCINE-2.jpg\" \/>\n<meta name=\"twitter:card\" content=\"summary_large_image\" \/>\n<meta name=\"twitter:label1\" content=\"\u05d6\u05de\u05df \u05e7\u05e8\u05d9\u05d0\u05d4 \u05de\u05d5\u05e2\u05e8\u05da\" \/>\n\t<meta name=\"twitter:data1\" content=\"3 \u05d3\u05e7\u05d5\u05ea\" \/>\n<script type=\"application\/ld+json\" class=\"yoast-schema-graph\">{\"@context\":\"https:\\\/\\\/schema.org\",\"@graph\":[{\"@type\":\"WebPage\",\"@id\":\"https:\\\/\\\/terrasse-mobile.net\\\/protections-piscine-old\\\/piscine-fond-mobile-old\\\/\",\"url\":\"https:\\\/\\\/terrasse-mobile.net\\\/protections-piscine-old\\\/piscine-fond-mobile-old\\\/\",\"name\":\"La piscine \u00e0 fond mobile\",\"isPartOf\":{\"@id\":\"https:\\\/\\\/terrasse-mobile.net\\\/#website\"},\"primaryImageOfPage\":{\"@id\":\"https:\\\/\\\/terrasse-mobile.net\\\/protections-piscine-old\\\/piscine-fond-mobile-old\\\/#primaryimage\"},\"image\":{\"@id\":\"https:\\\/\\\/terrasse-mobile.net\\\/protections-piscine-old\\\/piscine-fond-mobile-old\\\/#primaryimage\"},\"thumbnailUrl\":\"https:\\\/\\\/terrasse-mobile.net\\\/wp-content\\\/uploads\\\/2024\\\/02\\\/1-REAL-ERBI-PISCINE-2.jpg\",\"datePublished\":\"2024-02-01T10:39:14+00:00\",\"dateModified\":\"2024-10-01T13:49:56+00:00\",\"breadcrumb\":{\"@id\":\"https:\\\/\\\/terrasse-mobile.net\\\/protections-piscine-old\\\/piscine-fond-mobile-old\\\/#breadcrumb\"},\"inLanguage\":\"he-IL\",\"potentialAction\":[{\"@type\":\"ReadAction\",\"target\":[\"https:\\\/\\\/terrasse-mobile.net\\\/protections-piscine-old\\\/piscine-fond-mobile-old\\\/\"]}]},{\"@type\":\"ImageObject\",\"inLanguage\":\"he-IL\",\"@id\":\"https:\\\/\\\/terrasse-mobile.net\\\/protections-piscine-old\\\/piscine-fond-mobile-old\\\/#primaryimage\",\"url\":\"https:\\\/\\\/terrasse-mobile.net\\\/wp-content\\\/uploads\\\/2024\\\/02\\\/1-REAL-ERBI-PISCINE-2.jpg\",\"contentUrl\":\"https:\\\/\\\/terrasse-mobile.net\\\/wp-content\\\/uploads\\\/2024\\\/02\\\/1-REAL-ERBI-PISCINE-2.jpg\"},{\"@type\":\"BreadcrumbList\",\"@id\":\"https:\\\/\\\/terrasse-mobile.net\\\/protections-piscine-old\\\/piscine-fond-mobile-old\\\/#breadcrumb\",\"itemListElement\":[{\"@type\":\"ListItem\",\"position\":1,\"name\":\"Accueil\",\"item\":\"https:\\\/\\\/terrasse-mobile.net\\\/\"},{\"@type\":\"ListItem\",\"position\":2,\"name\":\"LES AUTRES SOLUTIONS DE COUVERTURE DE PISCINE old\",\"item\":\"https:\\\/\\\/terrasse-mobile.net\\\/protections-piscine-old\\\/\"},{\"@type\":\"ListItem\",\"position\":3,\"name\":\"LES PISCINES \u00c0 FOND MOBILE old\"}]},{\"@type\":\"WebSite\",\"@id\":\"https:\\\/\\\/terrasse-mobile.net\\\/#website\",\"url\":\"https:\\\/\\\/terrasse-mobile.net\\\/\",\"name\":\"Slidedeck\",\"description\":\"Construction sur mesure de terrasses mobiles en \u00cele-de-France\",\"publisher\":{\"@id\":\"https:\\\/\\\/terrasse-mobile.net\\\/#organization\"},\"potentialAction\":[{\"@type\":\"SearchAction\",\"target\":{\"@type\":\"EntryPoint\",\"urlTemplate\":\"https:\\\/\\\/terrasse-mobile.net\\\/?s={search_term_string}\"},\"query-input\":{\"@type\":\"PropertyValueSpecification\",\"valueRequired\":true,\"valueName\":\"search_term_string\"}}],\"inLanguage\":\"he-IL\"},{\"@type\":\"Organization\",\"@id\":\"https:\\\/\\\/terrasse-mobile.net\\\/#organization\",\"name\":\"Slidedeck\",\"url\":\"https:\\\/\\\/terrasse-mobile.net\\\/\",\"logo\":{\"@type\":\"ImageObject\",\"inLanguage\":\"he-IL\",\"@id\":\"https:\\\/\\\/terrasse-mobile.net\\\/#\\\/schema\\\/logo\\\/image\\\/\",\"url\":\"https:\\\/\\\/terrasse-mobile.net\\\/wp-content\\\/uploads\\\/2024\\\/01\\\/logo-slidedeck.jpg\",\"contentUrl\":\"https:\\\/\\\/terrasse-mobile.net\\\/wp-content\\\/uploads\\\/2024\\\/01\\\/logo-slidedeck.jpg\",\"width\":2000,\"height\":1103,\"caption\":\"Slidedeck\"},\"image\":{\"@id\":\"https:\\\/\\\/terrasse-mobile.net\\\/#\\\/schema\\\/logo\\\/image\\\/\"}}]}<\/script>\n<!-- \/ Yoast SEO plugin. -->","yoast_head_json":{"title":"La piscine \u00e0 fond mobile","robots":{"index":"index","follow":"follow","max-snippet":"max-snippet:-1","max-image-preview":"max-image-preview:large","max-video-preview":"max-video-preview:-1"},"canonical":"https:\/\/terrasse-mobile.net\/he\/protections-piscine-old\/piscine-fond-mobile-old\/","og_locale":"he_IL","og_type":"article","og_title":"La piscine \u00e0 fond mobile","og_description":"Les piscines \u00e0 fond mobile Une terrasse sur un fond mobile qui descend au fond de la piscine ? Comment \u00e7a marche ? Est ce fiable ? Un fond mobile est une technologie ultra innovante. En effet, il y a un m\u00e9canisme qui permet de faire descendre ou monter le fond de la piscine. En...","og_url":"https:\/\/terrasse-mobile.net\/he\/protections-piscine-old\/piscine-fond-mobile-old\/","og_site_name":"Terrasse mobile","article_modified_time":"2024-10-01T13:49:56+00:00","og_image":[{"url":"https:\/\/terrasse-mobile.net\/wp-content\/uploads\/2024\/02\/1-REAL-ERBI-PISCINE-2.jpg","type":"","width":"","height":""}],"twitter_card":"summary_large_image","twitter_misc":{"\u05d6\u05de\u05df \u05e7\u05e8\u05d9\u05d0\u05d4 \u05de\u05d5\u05e2\u05e8\u05da":"3 \u05d3\u05e7\u05d5\u05ea"},"schema":{"@context":"https:\/\/schema.org","@graph":[{"@type":"WebPage","@id":"https:\/\/terrasse-mobile.net\/protections-piscine-old\/piscine-fond-mobile-old\/","url":"https:\/\/terrasse-mobile.net\/protections-piscine-old\/piscine-fond-mobile-old\/","name":"La piscine \u00e0 fond mobile","isPartOf":{"@id":"https:\/\/terrasse-mobile.net\/#website"},"primaryImageOfPage":{"@id":"https:\/\/terrasse-mobile.net\/protections-piscine-old\/piscine-fond-mobile-old\/#primaryimage"},"image":{"@id":"https:\/\/terrasse-mobile.net\/protections-piscine-old\/piscine-fond-mobile-old\/#primaryimage"},"thumbnailUrl":"https:\/\/terrasse-mobile.net\/wp-content\/uploads\/2024\/02\/1-REAL-ERBI-PISCINE-2.jpg","datePublished":"2024-02-01T10:39:14+00:00","dateModified":"2024-10-01T13:49:56+00:00","breadcrumb":{"@id":"https:\/\/terrasse-mobile.net\/protections-piscine-old\/piscine-fond-mobile-old\/#breadcrumb"},"inLanguage":"he-IL","potentialAction":[{"@type":"ReadAction","target":["https:\/\/terrasse-mobile.net\/protections-piscine-old\/piscine-fond-mobile-old\/"]}]},{"@type":"ImageObject","inLanguage":"he-IL","@id":"https:\/\/terrasse-mobile.net\/protections-piscine-old\/piscine-fond-mobile-old\/#primaryimage","url":"https:\/\/terrasse-mobile.net\/wp-content\/uploads\/2024\/02\/1-REAL-ERBI-PISCINE-2.jpg","contentUrl":"https:\/\/terrasse-mobile.net\/wp-content\/uploads\/2024\/02\/1-REAL-ERBI-PISCINE-2.jpg"},{"@type":"BreadcrumbList","@id":"https:\/\/terrasse-mobile.net\/protections-piscine-old\/piscine-fond-mobile-old\/#breadcrumb","itemListElement":[{"@type":"ListItem","position":1,"name":"Accueil","item":"https:\/\/terrasse-mobile.net\/"},{"@type":"ListItem","position":2,"name":"LES AUTRES SOLUTIONS DE COUVERTURE DE PISCINE old","item":"https:\/\/terrasse-mobile.net\/protections-piscine-old\/"},{"@type":"ListItem","position":3,"name":"LES PISCINES \u00c0 FOND MOBILE old"}]},{"@type":"WebSite","@id":"https:\/\/terrasse-mobile.net\/#website","url":"https:\/\/terrasse-mobile.net\/","name":"Slidedeck","description":"Construction sur mesure de terrasses mobiles en \u00cele-de-France","publisher":{"@id":"https:\/\/terrasse-mobile.net\/#organization"},"potentialAction":[{"@type":"SearchAction","target":{"@type":"EntryPoint","urlTemplate":"https:\/\/terrasse-mobile.net\/?s={search_term_string}"},"query-input":{"@type":"PropertyValueSpecification","valueRequired":true,"valueName":"search_term_string"}}],"inLanguage":"he-IL"},{"@type":"Organization","@id":"https:\/\/terrasse-mobile.net\/#organization","name":"Slidedeck","url":"https:\/\/terrasse-mobile.net\/","logo":{"@type":"ImageObject","inLanguage":"he-IL","@id":"https:\/\/terrasse-mobile.net\/#\/schema\/logo\/image\/","url":"https:\/\/terrasse-mobile.net\/wp-content\/uploads\/2024\/01\/logo-slidedeck.jpg","contentUrl":"https:\/\/terrasse-mobile.net\/wp-content\/uploads\/2024\/01\/logo-slidedeck.jpg","width":2000,"height":1103,"caption":"Slidedeck"},"image":{"@id":"https:\/\/terrasse-mobile.net\/#\/schema\/logo\/image\/"}}]}},"_links":{"self":[{"href":"https:\/\/terrasse-mobile.net\/he\/wp-json\/wp\/v2\/pages\/2338","targetHints":{"allow":["GET"]}}],"collection":[{"href":"https:\/\/terrasse-mobile.net\/he\/wp-json\/wp\/v2\/pages"}],"about":[{"href":"https:\/\/terrasse-mobile.net\/he\/wp-json\/wp\/v2\/types\/page"}],"author":[{"embeddable":true,"href":"https:\/\/terrasse-mobile.net\/he\/wp-json\/wp\/v2\/users\/1"}],"replies":[{"embeddable":true,"href":"https:\/\/terrasse-mobile.net\/he\/wp-json\/wp\/v2\/comments?post=2338"}],"version-history":[{"count":23,"href":"https:\/\/terrasse-mobile.net\/he\/wp-json\/wp\/v2\/pages\/2338\/revisions"}],"predecessor-version":[{"id":5719,"href":"https:\/\/terrasse-mobile.net\/he\/wp-json\/wp\/v2\/pages\/2338\/revisions\/5719"}],"up":[{"embeddable":true,"href":"https:\/\/terrasse-mobile.net\/he\/wp-json\/wp\/v2\/pages\/2424"}],"wp:attachment":[{"href":"https:\/\/terrasse-mobile.net\/he\/wp-json\/wp\/v2\/media?parent=2338"}],"wp:term":[{"taxonomy":"folder","embeddable":true,"href":"https:\/\/terrasse-mobile.net\/he\/wp-json\/wp\/v2\/folder?post=2338"}],"curies":[{"name":"wp","href":"https:\/\/api.w.org\/{rel}","templated":true}]}}