{"id":2351,"date":"2024-02-01T14:14:50","date_gmt":"2024-02-01T13:14:20","guid":{"rendered":"https:\/\/terrasse-mobile.net\/?page_id=2351"},"modified":"2024-10-01T15:50:39","modified_gmt":"2024-10-01T13:50:39","slug":"volet-immerge-piscine-old","status":"publish","type":"page","link":"https:\/\/terrasse-mobile.net\/he\/protections-piscine-old\/volet-immerge-piscine-old\/","title":{"rendered":"LES VOLETS IMMERG\u00c9S POUR PISCINE old"},"content":{"rendered":"<h1>Les volets immerg\u00e9s pour piscine<\/h1>\n<p>\t\t\t\t\t\t\t\t\t\t\t\t\t<img decoding=\"async\" width=\"600\" height=\"397\" src=\"https:\/\/terrasse-mobile.net\/wp-content\/uploads\/2024\/02\/REA-BEAUGRAND-VOLET-00009.jpg\" alt=\"volet immerg\u00e9 pour piscine\" srcset=\"https:\/\/terrasse-mobile.net\/wp-content\/uploads\/2024\/02\/REA-BEAUGRAND-VOLET-00009.jpg 600w, https:\/\/terrasse-mobile.net\/wp-content\/uploads\/2024\/02\/REA-BEAUGRAND-VOLET-00009-300x199.jpg 300w\" sizes=\"(max-width: 600px) 100vw, 600px\" \/>\t\t\t\t\t\t\t\t\t\t\t\t\t<\/p>\n<h2>D\u00e9couvrez nos volets immerg\u00e9s pour prot\u00e9ger votre piscine\u200b<\/h2>\n<p>Le volet immerg\u00e9 est une excellente variante de la terrasse mobile si votre objectif est de prot\u00e9ger l&rsquo;eau de votre piscine. Aussi appel\u00e9 rideau de piscine, le volet immerg\u00e9 permet une protection efficace de l&rsquo;eau de votre piscine. En position ouverte, le volet est enroul\u00e9 autour d&rsquo;un axe m\u00e9tallique situ\u00e9 dans un bac en b\u00e9ton arm\u00e9. Pour fermer la piscine, il suffit d&rsquo;activer le m\u00e9canisme (\u00e9lectronique ou manuel) afin de fermer le volet immerg\u00e9.\u00a0<\/p>\n<p>D\u00e9couvrez \u00e9galement le syst\u00e8me ultra innovant Autofix. Autofix permet de verrouiller le volet immerg\u00e9 gr\u00e2ce \u00e0 un syst\u00e8me d&rsquo;aimant. En effet, des aimants, situ\u00e9s au bout du volet, viennent s&rsquo;attacher \u00e0 une membrane en m\u00e9tal qui est dissimul\u00e9 derri\u00e8re la membrane en PVC.<\/p>\n<p>D\u00e9couvrez d\u00e8s maintenant les avantages que pr\u00e9sente le volet immerg\u00e9 pour votre piscine &#8230;<\/p>\n<p>\u00a0<\/p>\n<p>\t\t\t\t\t\t\t\t\t\t\t\t\t<img decoding=\"async\" width=\"600\" height=\"397\" src=\"https:\/\/terrasse-mobile.net\/wp-content\/uploads\/2024\/02\/REA-BEAUGRAND-VOLET-00007.jpg\" alt=\"volet immerg\u00e9 piscine\" srcset=\"https:\/\/terrasse-mobile.net\/wp-content\/uploads\/2024\/02\/REA-BEAUGRAND-VOLET-00007.jpg 600w, https:\/\/terrasse-mobile.net\/wp-content\/uploads\/2024\/02\/REA-BEAUGRAND-VOLET-00007-300x199.jpg 300w\" sizes=\"(max-width: 600px) 100vw, 600px\" \/><br \/>\n\t\t\t\t\t\t\t\t\t\t\t\t\t<img decoding=\"async\" width=\"600\" height=\"397\" src=\"https:\/\/terrasse-mobile.net\/wp-content\/uploads\/2024\/02\/REA-BEAUGRAND-VOLET-00005.jpg\" alt=\"\" srcset=\"https:\/\/terrasse-mobile.net\/wp-content\/uploads\/2024\/02\/REA-BEAUGRAND-VOLET-00005.jpg 600w, https:\/\/terrasse-mobile.net\/wp-content\/uploads\/2024\/02\/REA-BEAUGRAND-VOLET-00005-300x199.jpg 300w\" sizes=\"(max-width: 600px) 100vw, 600px\" \/>\t\t\t\t\t\t\t\t\t\t\t\t\t<\/p>\n<h2>D\u00e9couvrez nos volets immerg\u00e9s pour prot\u00e9ger votre piscine\u200b<\/h2>\n<p>Cette couverture sp\u00e9cifique prot\u00e8ge l&rsquo;eau de la piscine des salet\u00e9s et poussi\u00e8res, facilitant ainsi le maintien de la qualit\u00e9 de l&rsquo;eau. Le volet immerg\u00e9 simplifie \u00e9galement l&rsquo;entretien de la piscine (il reste n\u00e9anmoins obligatoire de s&rsquo;assurer de l&rsquo;\u00e9tat de la piscine et de continuer de traiter l&rsquo;eau).<\/p>\n<h2>R\u00e9duction de l&rsquo;\u00e9vaporation de l&rsquo;eau de votre piscine<br \/>\n<\/h2>\n<p>Gr\u00e2ce \u00e0 son \u00e9tanch\u00e9it\u00e9, le volet immerg\u00e9 limite significativement l&rsquo;\u00e9vaporation de l&rsquo;eau, contribuant ainsi \u00e0 une gestion plus responsable de la consommation d&rsquo;eau.<\/p>\n<h2>Maintien de la temp\u00e9rature de l&rsquo;eau de votre piscine<br \/>\n<\/h2>\n<p>Maintenir une temp\u00e9rature optimale de l&rsquo;eau de piscine peut s&rsquo;av\u00e9rer difficile, surtout durant les saisons interm\u00e9diaires. Le volet roulant conserve la chaleur de l&rsquo;eau et favorise m\u00eame son r\u00e9chauffement gr\u00e2ce \u00e0 l&rsquo;effet de serre qu&rsquo;il cr\u00e9e.<\/p>\n<h2>L&rsquo;esth\u00e9tique de votre piscine est pr\u00e9serv\u00e9e<br \/>\n<\/h2>\n<h2 style=\"text-align: center;\">Nos volets immerg\u00e9s sont disponibles dans une vari\u00e9t\u00e9 de couleurs et de mat\u00e9riaux pour s&rsquo;adapter \u00e0 tous les styles. Les mod\u00e8les immerg\u00e9s ou int\u00e9gr\u00e9s se distinguent par leur discr\u00e9tion et leur design soign\u00e9.<br \/><\/h2>\n<p>\t\t\t\t\t\t\t\t\t\t\t\t\t<img decoding=\"async\" width=\"600\" height=\"397\" src=\"https:\/\/terrasse-mobile.net\/wp-content\/uploads\/2024\/02\/REA-BEAUGRAND-VOLET-00006.jpg\" alt=\"\" srcset=\"https:\/\/terrasse-mobile.net\/wp-content\/uploads\/2024\/02\/REA-BEAUGRAND-VOLET-00006.jpg 600w, https:\/\/terrasse-mobile.net\/wp-content\/uploads\/2024\/02\/REA-BEAUGRAND-VOLET-00006-300x199.jpg 300w\" sizes=\"(max-width: 600px) 100vw, 600px\" \/><br \/>\n\t\t\t<a href=\"https:\/\/piscines.oxatis.com\/volet-immerge-pour-piscine-a-debordement.htm\"><br \/>\n\t\t\t\t\t\tD\u00c9COUVREZ UNE INSTALLATION DE VOLET IMMERG\u00c9 PAR PISCINE NATURE<br \/>\n\t\t\t\t\t<\/a><\/p>","protected":false},"excerpt":{"rendered":"<p>Les volets immerg\u00e9s pour piscine D\u00e9couvrez nos volets immerg\u00e9s pour prot\u00e9ger votre piscine\u200b Le volet immerg\u00e9 est une excellente variante de la terrasse mobile si votre objectif est de prot\u00e9ger l&rsquo;eau de votre piscine. Aussi appel\u00e9 rideau de piscine, le volet immerg\u00e9 permet une protection efficace de l&rsquo;eau de votre piscine. En position ouverte, le&#8230;<\/p>","protected":false},"author":1,"featured_media":0,"parent":2424,"menu_order":2,"comment_status":"closed","ping_status":"closed","template":"","meta":{"_kad_post_transparent":"","_kad_post_title":"","_kad_post_layout":"","_kad_post_sidebar_id":"","_kad_post_content_style":"","_kad_post_vertical_padding":"","_kad_post_feature":"","_kad_post_feature_position":"","_kad_post_header":false,"_kad_post_footer":false,"_kad_post_classname":"","footnotes":""},"folder":[],"class_list":["post-2351","page","type-page","status-publish","hentry"],"yoast_head":"<!-- This site is optimized with the Yoast SEO plugin v27.5 - https:\/\/yoast.com\/product\/yoast-seo-wordpress\/ -->\n<title>Le volet immerg\u00e9 pour piscine<\/title>\n<meta name=\"robots\" content=\"index, follow, max-snippet:-1, max-image-preview:large, max-video-preview:-1\" \/>\n<link rel=\"canonical\" href=\"https:\/\/terrasse-mobile.net\/he\/protections-piscine-old\/volet-immerge-piscine-old\/\" \/>\n<meta property=\"og:locale\" content=\"he_IL\" \/>\n<meta property=\"og:type\" content=\"article\" \/>\n<meta property=\"og:title\" content=\"Le volet immerg\u00e9 pour piscine\" \/>\n<meta property=\"og:description\" content=\"Les volets immerg\u00e9s pour piscine D\u00e9couvrez nos volets immerg\u00e9s pour prot\u00e9ger votre piscine\u200b Le volet immerg\u00e9 est une excellente variante de la terrasse mobile si votre objectif est de prot\u00e9ger l&rsquo;eau de votre piscine. Aussi appel\u00e9 rideau de piscine, le volet immerg\u00e9 permet une protection efficace de l&rsquo;eau de votre piscine. En position ouverte, le...\" \/>\n<meta property=\"og:url\" content=\"https:\/\/terrasse-mobile.net\/he\/protections-piscine-old\/volet-immerge-piscine-old\/\" \/>\n<meta property=\"og:site_name\" content=\"Terrasse mobile\" \/>\n<meta property=\"article:modified_time\" content=\"2024-10-01T13:50:39+00:00\" \/>\n<meta property=\"og:image\" content=\"https:\/\/terrasse-mobile.net\/wp-content\/uploads\/2024\/02\/REA-BEAUGRAND-VOLET-00009.jpg\" \/>\n<meta name=\"twitter:card\" content=\"summary_large_image\" \/>\n<meta name=\"twitter:label1\" content=\"\u05d6\u05de\u05df \u05e7\u05e8\u05d9\u05d0\u05d4 \u05de\u05d5\u05e2\u05e8\u05da\" \/>\n\t<meta name=\"twitter:data1\" content=\"3 \u05d3\u05e7\u05d5\u05ea\" \/>\n<script type=\"application\/ld+json\" class=\"yoast-schema-graph\">{\"@context\":\"https:\\\/\\\/schema.org\",\"@graph\":[{\"@type\":\"WebPage\",\"@id\":\"https:\\\/\\\/terrasse-mobile.net\\\/protections-piscine-old\\\/volet-immerge-piscine-old\\\/\",\"url\":\"https:\\\/\\\/terrasse-mobile.net\\\/protections-piscine-old\\\/volet-immerge-piscine-old\\\/\",\"name\":\"Le volet immerg\u00e9 pour piscine\",\"isPartOf\":{\"@id\":\"https:\\\/\\\/terrasse-mobile.net\\\/#website\"},\"primaryImageOfPage\":{\"@id\":\"https:\\\/\\\/terrasse-mobile.net\\\/protections-piscine-old\\\/volet-immerge-piscine-old\\\/#primaryimage\"},\"image\":{\"@id\":\"https:\\\/\\\/terrasse-mobile.net\\\/protections-piscine-old\\\/volet-immerge-piscine-old\\\/#primaryimage\"},\"thumbnailUrl\":\"https:\\\/\\\/terrasse-mobile.net\\\/wp-content\\\/uploads\\\/2024\\\/02\\\/REA-BEAUGRAND-VOLET-00009.jpg\",\"datePublished\":\"2024-02-01T13:14:20+00:00\",\"dateModified\":\"2024-10-01T13:50:39+00:00\",\"breadcrumb\":{\"@id\":\"https:\\\/\\\/terrasse-mobile.net\\\/protections-piscine-old\\\/volet-immerge-piscine-old\\\/#breadcrumb\"},\"inLanguage\":\"he-IL\",\"potentialAction\":[{\"@type\":\"ReadAction\",\"target\":[\"https:\\\/\\\/terrasse-mobile.net\\\/protections-piscine-old\\\/volet-immerge-piscine-old\\\/\"]}]},{\"@type\":\"ImageObject\",\"inLanguage\":\"he-IL\",\"@id\":\"https:\\\/\\\/terrasse-mobile.net\\\/protections-piscine-old\\\/volet-immerge-piscine-old\\\/#primaryimage\",\"url\":\"https:\\\/\\\/terrasse-mobile.net\\\/wp-content\\\/uploads\\\/2024\\\/02\\\/REA-BEAUGRAND-VOLET-00009.jpg\",\"contentUrl\":\"https:\\\/\\\/terrasse-mobile.net\\\/wp-content\\\/uploads\\\/2024\\\/02\\\/REA-BEAUGRAND-VOLET-00009.jpg\"},{\"@type\":\"BreadcrumbList\",\"@id\":\"https:\\\/\\\/terrasse-mobile.net\\\/protections-piscine-old\\\/volet-immerge-piscine-old\\\/#breadcrumb\",\"itemListElement\":[{\"@type\":\"ListItem\",\"position\":1,\"name\":\"Accueil\",\"item\":\"https:\\\/\\\/terrasse-mobile.net\\\/\"},{\"@type\":\"ListItem\",\"position\":2,\"name\":\"LES AUTRES SOLUTIONS DE COUVERTURE DE PISCINE old\",\"item\":\"https:\\\/\\\/terrasse-mobile.net\\\/protections-piscine-old\\\/\"},{\"@type\":\"ListItem\",\"position\":3,\"name\":\"LES VOLETS IMMERG\u00c9S POUR PISCINE old\"}]},{\"@type\":\"WebSite\",\"@id\":\"https:\\\/\\\/terrasse-mobile.net\\\/#website\",\"url\":\"https:\\\/\\\/terrasse-mobile.net\\\/\",\"name\":\"Slidedeck\",\"description\":\"Construction sur mesure de terrasses mobiles en \u00cele-de-France\",\"publisher\":{\"@id\":\"https:\\\/\\\/terrasse-mobile.net\\\/#organization\"},\"potentialAction\":[{\"@type\":\"SearchAction\",\"target\":{\"@type\":\"EntryPoint\",\"urlTemplate\":\"https:\\\/\\\/terrasse-mobile.net\\\/?s={search_term_string}\"},\"query-input\":{\"@type\":\"PropertyValueSpecification\",\"valueRequired\":true,\"valueName\":\"search_term_string\"}}],\"inLanguage\":\"he-IL\"},{\"@type\":\"Organization\",\"@id\":\"https:\\\/\\\/terrasse-mobile.net\\\/#organization\",\"name\":\"Slidedeck\",\"url\":\"https:\\\/\\\/terrasse-mobile.net\\\/\",\"logo\":{\"@type\":\"ImageObject\",\"inLanguage\":\"he-IL\",\"@id\":\"https:\\\/\\\/terrasse-mobile.net\\\/#\\\/schema\\\/logo\\\/image\\\/\",\"url\":\"https:\\\/\\\/terrasse-mobile.net\\\/wp-content\\\/uploads\\\/2024\\\/01\\\/logo-slidedeck.jpg\",\"contentUrl\":\"https:\\\/\\\/terrasse-mobile.net\\\/wp-content\\\/uploads\\\/2024\\\/01\\\/logo-slidedeck.jpg\",\"width\":2000,\"height\":1103,\"caption\":\"Slidedeck\"},\"image\":{\"@id\":\"https:\\\/\\\/terrasse-mobile.net\\\/#\\\/schema\\\/logo\\\/image\\\/\"}}]}<\/script>\n<!-- \/ Yoast SEO plugin. -->","yoast_head_json":{"title":"Le volet immerg\u00e9 pour piscine","robots":{"index":"index","follow":"follow","max-snippet":"max-snippet:-1","max-image-preview":"max-image-preview:large","max-video-preview":"max-video-preview:-1"},"canonical":"https:\/\/terrasse-mobile.net\/he\/protections-piscine-old\/volet-immerge-piscine-old\/","og_locale":"he_IL","og_type":"article","og_title":"Le volet immerg\u00e9 pour piscine","og_description":"Les volets immerg\u00e9s pour piscine D\u00e9couvrez nos volets immerg\u00e9s pour prot\u00e9ger votre piscine\u200b Le volet immerg\u00e9 est une excellente variante de la terrasse mobile si votre objectif est de prot\u00e9ger l&rsquo;eau de votre piscine. Aussi appel\u00e9 rideau de piscine, le volet immerg\u00e9 permet une protection efficace de l&rsquo;eau de votre piscine. En position ouverte, le...","og_url":"https:\/\/terrasse-mobile.net\/he\/protections-piscine-old\/volet-immerge-piscine-old\/","og_site_name":"Terrasse mobile","article_modified_time":"2024-10-01T13:50:39+00:00","og_image":[{"url":"https:\/\/terrasse-mobile.net\/wp-content\/uploads\/2024\/02\/REA-BEAUGRAND-VOLET-00009.jpg","type":"","width":"","height":""}],"twitter_card":"summary_large_image","twitter_misc":{"\u05d6\u05de\u05df \u05e7\u05e8\u05d9\u05d0\u05d4 \u05de\u05d5\u05e2\u05e8\u05da":"3 \u05d3\u05e7\u05d5\u05ea"},"schema":{"@context":"https:\/\/schema.org","@graph":[{"@type":"WebPage","@id":"https:\/\/terrasse-mobile.net\/protections-piscine-old\/volet-immerge-piscine-old\/","url":"https:\/\/terrasse-mobile.net\/protections-piscine-old\/volet-immerge-piscine-old\/","name":"Le volet immerg\u00e9 pour piscine","isPartOf":{"@id":"https:\/\/terrasse-mobile.net\/#website"},"primaryImageOfPage":{"@id":"https:\/\/terrasse-mobile.net\/protections-piscine-old\/volet-immerge-piscine-old\/#primaryimage"},"image":{"@id":"https:\/\/terrasse-mobile.net\/protections-piscine-old\/volet-immerge-piscine-old\/#primaryimage"},"thumbnailUrl":"https:\/\/terrasse-mobile.net\/wp-content\/uploads\/2024\/02\/REA-BEAUGRAND-VOLET-00009.jpg","datePublished":"2024-02-01T13:14:20+00:00","dateModified":"2024-10-01T13:50:39+00:00","breadcrumb":{"@id":"https:\/\/terrasse-mobile.net\/protections-piscine-old\/volet-immerge-piscine-old\/#breadcrumb"},"inLanguage":"he-IL","potentialAction":[{"@type":"ReadAction","target":["https:\/\/terrasse-mobile.net\/protections-piscine-old\/volet-immerge-piscine-old\/"]}]},{"@type":"ImageObject","inLanguage":"he-IL","@id":"https:\/\/terrasse-mobile.net\/protections-piscine-old\/volet-immerge-piscine-old\/#primaryimage","url":"https:\/\/terrasse-mobile.net\/wp-content\/uploads\/2024\/02\/REA-BEAUGRAND-VOLET-00009.jpg","contentUrl":"https:\/\/terrasse-mobile.net\/wp-content\/uploads\/2024\/02\/REA-BEAUGRAND-VOLET-00009.jpg"},{"@type":"BreadcrumbList","@id":"https:\/\/terrasse-mobile.net\/protections-piscine-old\/volet-immerge-piscine-old\/#breadcrumb","itemListElement":[{"@type":"ListItem","position":1,"name":"Accueil","item":"https:\/\/terrasse-mobile.net\/"},{"@type":"ListItem","position":2,"name":"LES AUTRES SOLUTIONS DE COUVERTURE DE PISCINE old","item":"https:\/\/terrasse-mobile.net\/protections-piscine-old\/"},{"@type":"ListItem","position":3,"name":"LES VOLETS IMMERG\u00c9S POUR PISCINE old"}]},{"@type":"WebSite","@id":"https:\/\/terrasse-mobile.net\/#website","url":"https:\/\/terrasse-mobile.net\/","name":"Slidedeck","description":"Construction sur mesure de terrasses mobiles en \u00cele-de-France","publisher":{"@id":"https:\/\/terrasse-mobile.net\/#organization"},"potentialAction":[{"@type":"SearchAction","target":{"@type":"EntryPoint","urlTemplate":"https:\/\/terrasse-mobile.net\/?s={search_term_string}"},"query-input":{"@type":"PropertyValueSpecification","valueRequired":true,"valueName":"search_term_string"}}],"inLanguage":"he-IL"},{"@type":"Organization","@id":"https:\/\/terrasse-mobile.net\/#organization","name":"Slidedeck","url":"https:\/\/terrasse-mobile.net\/","logo":{"@type":"ImageObject","inLanguage":"he-IL","@id":"https:\/\/terrasse-mobile.net\/#\/schema\/logo\/image\/","url":"https:\/\/terrasse-mobile.net\/wp-content\/uploads\/2024\/01\/logo-slidedeck.jpg","contentUrl":"https:\/\/terrasse-mobile.net\/wp-content\/uploads\/2024\/01\/logo-slidedeck.jpg","width":2000,"height":1103,"caption":"Slidedeck"},"image":{"@id":"https:\/\/terrasse-mobile.net\/#\/schema\/logo\/image\/"}}]}},"_links":{"self":[{"href":"https:\/\/terrasse-mobile.net\/he\/wp-json\/wp\/v2\/pages\/2351","targetHints":{"allow":["GET"]}}],"collection":[{"href":"https:\/\/terrasse-mobile.net\/he\/wp-json\/wp\/v2\/pages"}],"about":[{"href":"https:\/\/terrasse-mobile.net\/he\/wp-json\/wp\/v2\/types\/page"}],"author":[{"embeddable":true,"href":"https:\/\/terrasse-mobile.net\/he\/wp-json\/wp\/v2\/users\/1"}],"replies":[{"embeddable":true,"href":"https:\/\/terrasse-mobile.net\/he\/wp-json\/wp\/v2\/comments?post=2351"}],"version-history":[{"count":47,"href":"https:\/\/terrasse-mobile.net\/he\/wp-json\/wp\/v2\/pages\/2351\/revisions"}],"predecessor-version":[{"id":5721,"href":"https:\/\/terrasse-mobile.net\/he\/wp-json\/wp\/v2\/pages\/2351\/revisions\/5721"}],"up":[{"embeddable":true,"href":"https:\/\/terrasse-mobile.net\/he\/wp-json\/wp\/v2\/pages\/2424"}],"wp:attachment":[{"href":"https:\/\/terrasse-mobile.net\/he\/wp-json\/wp\/v2\/media?parent=2351"}],"wp:term":[{"taxonomy":"folder","embeddable":true,"href":"https:\/\/terrasse-mobile.net\/he\/wp-json\/wp\/v2\/folder?post=2351"}],"curies":[{"name":"wp","href":"https:\/\/api.w.org\/{rel}","templated":true}]}}