{"id":5449,"date":"2024-10-02T14:50:31","date_gmt":"2024-10-02T12:50:01","guid":{"rendered":"https:\/\/terrasse-mobile.net\/?page_id=5449"},"modified":"2025-11-25T15:35:28","modified_gmt":"2025-11-25T14:35:28","slug":"fonctionnement-terrasse-mobile-piscine","status":"publish","type":"page","link":"https:\/\/terrasse-mobile.net\/he\/slidedeck\/terrasse-mobile-ile-de-france\/fonctionnement-terrasse-mobile-piscine\/","title":{"rendered":"COMMENT FONCTIONNE LA TERRASSE MOBILE SLIDEDECK ?"},"content":{"rendered":"<p><\/p>\n\n\n\n<div class=\"wp-block-group\"><div class=\"wp-block-group__inner-container is-layout-constrained wp-block-group-is-layout-constrained\">\n<div class=\"wp-block-columns is-layout-flex wp-container-core-columns-is-layout-9d6595d7 wp-block-columns-is-layout-flex\">\n<div class=\"wp-block-column is-layout-flow wp-block-column-is-layout-flow\">\n<figure class=\"wp-block-image size-full\"><img decoding=\"async\" width=\"600\" height=\"397\" src=\"https:\/\/terrasse-mobile.net\/wp-content\/uploads\/2024\/11\/46-Isolant-mise-en-place-au-fur-mesure.jpg\" alt=\"Construction de la terrasse mobile SlideDeck\" class=\"wp-image-6269\" style=\"aspect-ratio:3\/2;object-fit:cover\" srcset=\"https:\/\/terrasse-mobile.net\/wp-content\/uploads\/2024\/11\/46-Isolant-mise-en-place-au-fur-mesure.jpg 600w, https:\/\/terrasse-mobile.net\/wp-content\/uploads\/2024\/11\/46-Isolant-mise-en-place-au-fur-mesure-300x199.jpg 300w, https:\/\/terrasse-mobile.net\/wp-content\/uploads\/2024\/11\/46-Isolant-mise-en-place-au-fur-mesure-50x33.jpg 50w\" sizes=\"(max-width: 600px) 100vw, 600px\" \/><\/figure>\n\n\n\n<h2 class=\"wp-block-heading\">Les options pour terrasse mobile SlideDeck<\/h2>\n\n\n\n<p>Selon les dimensions, la terrasse mobile SlideDeck circule sur un ou deux rails arrondis pour un parfait guidage et un mouvement tout en douceur. Pour la partie isolation thermique, nous avons mis le paquet :<\/p>\n\n\n\n<ul class=\"wp-block-list\">\n<li>Des balais de qualit\u00e9 en p\u00e9riph\u00e9rie, pour limiter les infiltrations d&rsquo;air (et de salet\u00e9s)<\/li>\n\n\n\n<li>Des plaques de PVC sp\u00e9cialement d\u00e9coup\u00e9es \u00e0 glisser entre les lames de terrasse, pour \u00e9viter les d\u00e9perditions de chaleur entre les lames.<\/li>\n\n\n\n<li>Pour l&rsquo;isolation thermique, nous livrons des panneaux de mousse de polyur\u00e9thane, dot\u00e9es d&rsquo;un coefficient de r\u00e9sistance thermique R = 2,2.<\/li>\n<\/ul>\n\n\n\n<p>Ainsi, votre terrasse mobile pr\u00e9sente une performance thermique exceptionnelle, permettant de conserver la chaleur de la piscine et de limiter la d\u00e9pense \u00e9nerg\u00e9tique.<\/p>\n<\/div>\n\n\n\n<div class=\"wp-block-column is-layout-flow wp-block-column-is-layout-flow\">\n<h2 class=\"wp-block-heading\">La terrasse mobile SlideDeck est la r\u00e9f\u00e9rence des syst\u00e8mes de terrasses mobiles pour piscine.<\/h2>\n\n\n\n<p>La terrasse mobile SlideDeck est la r\u00e9f\u00e9rence des syst\u00e8mes de terrasses mobiles pour piscine. Pour chaque partie de de Slidedeck, nous avons s\u00e9lectionn\u00e9 les meilleurs composants, les solutions les plus fiables et les plus \u00e9prouv\u00e9es. <\/p>\n\n\n\n<p>Tout d&rsquo;abord, Slidedeck est constitu\u00e9e d&rsquo;une robuste structure construite avec des tubes en acier inoxydable et en aluminium. <\/p>\n\n\n\n<p>Pour chaque partie, nous avons choisi les composants les plus fiables et les plus durables : <\/p>\n\n\n\n<ul class=\"wp-block-list\">\n<li>Les assemblages sont rivet\u00e9s avec des rivets structurels de 6 mm, d&rsquo;une r\u00e9sistance unitaire de 600 kg.<\/li>\n<\/ul>\n\n\n\n<ul class=\"wp-block-list\">\n<li>Les roulettes sont en acier inoxydable ou en polyamide. Les roulements \u00e0 billes \u00e9galement sont toujours inoxydables. <\/li>\n<\/ul>\n\n\n\n<ul class=\"wp-block-list\">\n<li>Toutes les pi\u00e8ces de jonction sont m\u00e9cano-soud\u00e9es et sont en acier inoxydable (Inox 304). <\/li>\n<\/ul>\n\n\n\n<ul class=\"wp-block-list\">\n<li>Les brosses en p\u00e9riph\u00e9ries sont fabriqu\u00e9es en France par le sp\u00e9cialiste des brosses pour l&rsquo;industrie, les abris de piscine.<\/li>\n<\/ul>\n\n\n\n<div class=\"wp-block-buttons is-content-justification-center is-layout-flex wp-container-core-buttons-is-layout-16018d1d wp-block-buttons-is-layout-flex\">\n<div class=\"wp-block-button is-style-fill\"><a class=\"wp-block-button__link has-white-color has-text-color has-background has-link-color has-small-font-size has-custom-font-size wp-element-button\" href=\"https:\/\/terrasse-mobile.net\/he\/terrasse-mobile-sur-mesure\/modeles\/terrasse-mobile-piscine-sur-mesure\/\" style=\"background-color:#3579a4\">D\u00e9couvrez la personnalisation SlideDeck<\/a><\/div>\n<\/div>\n<\/div>\n<\/div>\n<\/div><\/div>\n\n\n\n<div class=\"wp-block-group\"><div class=\"wp-block-group__inner-container is-layout-constrained wp-block-group-is-layout-constrained\">\n<div class=\"wp-block-columns is-layout-flex wp-container-core-columns-is-layout-9d6595d7 wp-block-columns-is-layout-flex\">\n<div class=\"wp-block-column is-layout-flow wp-block-column-is-layout-flow\">\n<figure class=\"wp-block-image size-full\"><img decoding=\"async\" width=\"700\" height=\"525\" src=\"https:\/\/terrasse-mobile.net\/wp-content\/uploads\/2024\/03\/BERTAGNE-CONSTRUCTION-GROS-PLANS00002.jpeg\" alt=\"brosse terrasse mobile\" class=\"wp-image-4722\" style=\"aspect-ratio:3\/2;object-fit:cover\" srcset=\"https:\/\/terrasse-mobile.net\/wp-content\/uploads\/2024\/03\/BERTAGNE-CONSTRUCTION-GROS-PLANS00002.jpeg 700w, https:\/\/terrasse-mobile.net\/wp-content\/uploads\/2024\/03\/BERTAGNE-CONSTRUCTION-GROS-PLANS00002-300x225.jpeg 300w\" sizes=\"(max-width: 700px) 100vw, 700px\" \/><\/figure>\n\n\n\n<figure class=\"wp-block-image size-large\"><img decoding=\"async\" width=\"1024\" height=\"678\" src=\"https:\/\/terrasse-mobile.net\/wp-content\/uploads\/2024\/01\/rea-montain00003-3-1024x678.jpg\" alt=\"TERRASSE MOBILE EN BOIS\" class=\"wp-image-361\" srcset=\"https:\/\/terrasse-mobile.net\/wp-content\/uploads\/2024\/01\/rea-montain00003-3-1024x678.jpg 1024w, https:\/\/terrasse-mobile.net\/wp-content\/uploads\/2024\/01\/rea-montain00003-3-300x199.jpg 300w, https:\/\/terrasse-mobile.net\/wp-content\/uploads\/2024\/01\/rea-montain00003-3-768x509.jpg 768w, https:\/\/terrasse-mobile.net\/wp-content\/uploads\/2024\/01\/rea-montain00003-3-1536x1017.jpg 1536w, https:\/\/terrasse-mobile.net\/wp-content\/uploads\/2024\/01\/rea-montain00003-3-2048x1356.jpg 2048w\" sizes=\"(max-width: 1024px) 100vw, 1024px\" \/><\/figure>\n<\/div>\n\n\n\n<div class=\"wp-block-column is-layout-flow wp-block-column-is-layout-flow\">\n<h2 class=\"wp-block-heading\">Les rev\u00eatements pour terrasse mobile SlideDeck<\/h2>\n\n\n\n<p>Pour la motorisation, nous proposons un syst\u00e8me ultra-performant de roue motoris\u00e9e, aliment\u00e9e par batterie et cellule photovolta\u00efque. Pas besoin de branchement, pas de courant \u00e0 proximit\u00e9 du bassin.<\/p>\n\n\n\n<p>Enfin, nous proposons un choix de rev\u00eatements de qualit\u00e9 :<\/p>\n\n\n\n<ul class=\"wp-block-list\">\n<li>Lames de terrasse en bois exotique<\/li>\n\n\n\n<li>Lames de terrasse en bois composite<\/li>\n\n\n\n<li>Lames de terrasse en r\u00e9sine min\u00e9rale<\/li>\n\n\n\n<li>Lames de terrasse en aluminium<\/li>\n\n\n\n<li>Gazon synth\u00e9tique<\/li>\n\n\n\n<li>Feuille de pierre.<\/li>\n<\/ul>\n\n\n\n<p>Nous pouvons nous adapter aux demandes sp\u00e9cifiques et r\u00e9aliser des projets sp\u00e9ciaux.<\/p>\n\n\n\n<p>L&rsquo;ensemble de la structure est pr\u00e9assembl\u00e9e en atelier et minutieusement conditionn\u00e9e pour permettre un montage chez vous tr\u00e8s rapide.<\/p>\n\n\n\n<p>Une terrasse mobile de 18 m2 s&rsquo;installe en 3 heures \u00e0 deux personnes (hors rev\u00eatement).<\/p>\n<\/div>\n<\/div>\n<\/div><\/div>","protected":false},"excerpt":{"rendered":"<p>Les options pour terrasse mobile SlideDeck Selon les dimensions, la terrasse mobile SlideDeck circule sur un ou deux rails arrondis pour un parfait guidage et un mouvement tout en douceur. Pour la partie isolation thermique, nous avons mis le paquet : Ainsi, votre terrasse mobile pr\u00e9sente une performance thermique exceptionnelle, permettant de conserver la chaleur&#8230;<\/p>","protected":false},"author":1,"featured_media":3640,"parent":5771,"menu_order":7,"comment_status":"closed","ping_status":"closed","template":"","meta":{"_kad_post_transparent":"","_kad_post_title":"","_kad_post_layout":"","_kad_post_sidebar_id":"","_kad_post_content_style":"","_kad_post_vertical_padding":"","_kad_post_feature":"","_kad_post_feature_position":"","_kad_post_header":false,"_kad_post_footer":false,"_kad_post_classname":"","footnotes":""},"folder":[],"class_list":["post-5449","page","type-page","status-publish","has-post-thumbnail","hentry"],"yoast_head":"<!-- This site is optimized with the Yoast SEO plugin v27.3 - https:\/\/yoast.com\/product\/yoast-seo-wordpress\/ -->\n<title>Comment fonctionne la terrasse mobile d&#039;une piscine ?<\/title>\n<meta name=\"description\" content=\"La terrasse mobile pour piscine SlideDeck est tr\u00e8s facile d&#039;utilisation. Elle peut \u00eatre manuelle ou motoris\u00e9e.\" \/>\n<meta name=\"robots\" content=\"index, follow, max-snippet:-1, max-image-preview:large, max-video-preview:-1\" \/>\n<link rel=\"canonical\" href=\"https:\/\/terrasse-mobile.net\/he\/slidedeck\/terrasse-mobile-ile-de-france\/fonctionnement-terrasse-mobile-piscine\/\" \/>\n<meta property=\"og:locale\" content=\"he_IL\" \/>\n<meta property=\"og:type\" content=\"article\" \/>\n<meta property=\"og:title\" content=\"Comment fonctionne la terrasse mobile d&#039;une piscine ?\" \/>\n<meta property=\"og:description\" content=\"La terrasse mobile pour piscine SlideDeck est tr\u00e8s facile d&#039;utilisation. Elle peut \u00eatre manuelle ou motoris\u00e9e.\" \/>\n<meta property=\"og:url\" content=\"https:\/\/terrasse-mobile.net\/he\/slidedeck\/terrasse-mobile-ile-de-france\/fonctionnement-terrasse-mobile-piscine\/\" \/>\n<meta property=\"og:site_name\" content=\"Terrasse mobile\" \/>\n<meta property=\"article:modified_time\" content=\"2025-11-25T14:35:28+00:00\" \/>\n<meta property=\"og:image\" content=\"https:\/\/terrasse-mobile.net\/wp-content\/uploads\/2024\/02\/REAL-SABOURAULT-PISCINE-2.jpg\" \/>\n\t<meta property=\"og:image:width\" content=\"2000\" \/>\n\t<meta property=\"og:image:height\" content=\"1500\" \/>\n\t<meta property=\"og:image:type\" content=\"image\/jpeg\" \/>\n<meta name=\"twitter:card\" content=\"summary_large_image\" \/>\n<meta name=\"twitter:label1\" content=\"\u05d6\u05de\u05df \u05e7\u05e8\u05d9\u05d0\u05d4 \u05de\u05d5\u05e2\u05e8\u05da\" \/>\n\t<meta name=\"twitter:data1\" content=\"3 \u05d3\u05e7\u05d5\u05ea\" \/>\n<script type=\"application\/ld+json\" class=\"yoast-schema-graph\">{\"@context\":\"https:\\\/\\\/schema.org\",\"@graph\":[{\"@type\":\"WebPage\",\"@id\":\"https:\\\/\\\/terrasse-mobile.net\\\/slidedeck\\\/terrasse-mobile-ile-de-france\\\/fonctionnement-terrasse-mobile-piscine\\\/\",\"url\":\"https:\\\/\\\/terrasse-mobile.net\\\/slidedeck\\\/terrasse-mobile-ile-de-france\\\/fonctionnement-terrasse-mobile-piscine\\\/\",\"name\":\"Comment fonctionne la terrasse mobile d'une piscine ?\",\"isPartOf\":{\"@id\":\"https:\\\/\\\/terrasse-mobile.net\\\/#website\"},\"primaryImageOfPage\":{\"@id\":\"https:\\\/\\\/terrasse-mobile.net\\\/slidedeck\\\/terrasse-mobile-ile-de-france\\\/fonctionnement-terrasse-mobile-piscine\\\/#primaryimage\"},\"image\":{\"@id\":\"https:\\\/\\\/terrasse-mobile.net\\\/slidedeck\\\/terrasse-mobile-ile-de-france\\\/fonctionnement-terrasse-mobile-piscine\\\/#primaryimage\"},\"thumbnailUrl\":\"https:\\\/\\\/terrasse-mobile.net\\\/wp-content\\\/uploads\\\/2024\\\/02\\\/REAL-SABOURAULT-PISCINE-2.jpg\",\"datePublished\":\"2024-10-02T12:50:01+00:00\",\"dateModified\":\"2025-11-25T14:35:28+00:00\",\"description\":\"La terrasse mobile pour piscine SlideDeck est tr\u00e8s facile d'utilisation. Elle peut \u00eatre manuelle ou motoris\u00e9e.\",\"breadcrumb\":{\"@id\":\"https:\\\/\\\/terrasse-mobile.net\\\/slidedeck\\\/terrasse-mobile-ile-de-france\\\/fonctionnement-terrasse-mobile-piscine\\\/#breadcrumb\"},\"inLanguage\":\"he-IL\",\"potentialAction\":[{\"@type\":\"ReadAction\",\"target\":[\"https:\\\/\\\/terrasse-mobile.net\\\/slidedeck\\\/terrasse-mobile-ile-de-france\\\/fonctionnement-terrasse-mobile-piscine\\\/\"]}]},{\"@type\":\"ImageObject\",\"inLanguage\":\"he-IL\",\"@id\":\"https:\\\/\\\/terrasse-mobile.net\\\/slidedeck\\\/terrasse-mobile-ile-de-france\\\/fonctionnement-terrasse-mobile-piscine\\\/#primaryimage\",\"url\":\"https:\\\/\\\/terrasse-mobile.net\\\/wp-content\\\/uploads\\\/2024\\\/02\\\/REAL-SABOURAULT-PISCINE-2.jpg\",\"contentUrl\":\"https:\\\/\\\/terrasse-mobile.net\\\/wp-content\\\/uploads\\\/2024\\\/02\\\/REAL-SABOURAULT-PISCINE-2.jpg\",\"width\":2000,\"height\":1500,\"caption\":\"DCIM100MEDIADJI_0365.JPG\"},{\"@type\":\"BreadcrumbList\",\"@id\":\"https:\\\/\\\/terrasse-mobile.net\\\/slidedeck\\\/terrasse-mobile-ile-de-france\\\/fonctionnement-terrasse-mobile-piscine\\\/#breadcrumb\",\"itemListElement\":[{\"@type\":\"ListItem\",\"position\":1,\"name\":\"Accueil\",\"item\":\"https:\\\/\\\/terrasse-mobile.net\\\/\"},{\"@type\":\"ListItem\",\"position\":2,\"name\":\"SLIDEDECK\",\"item\":\"https:\\\/\\\/terrasse-mobile.net\\\/slidedeck\\\/\"},{\"@type\":\"ListItem\",\"position\":3,\"name\":\"D\u00c9COUVREZ LA TERRASSE MOBILE SLIDEDECK\",\"item\":\"https:\\\/\\\/terrasse-mobile.net\\\/slidedeck\\\/terrasse-mobile-ile-de-france\\\/\"},{\"@type\":\"ListItem\",\"position\":4,\"name\":\"COMMENT FONCTIONNE LA TERRASSE MOBILE SLIDEDECK ?\"}]},{\"@type\":\"WebSite\",\"@id\":\"https:\\\/\\\/terrasse-mobile.net\\\/#website\",\"url\":\"https:\\\/\\\/terrasse-mobile.net\\\/\",\"name\":\"Slidedeck\",\"description\":\"Construction sur mesure de terrasses mobiles en \u00cele-de-France\",\"publisher\":{\"@id\":\"https:\\\/\\\/terrasse-mobile.net\\\/#organization\"},\"potentialAction\":[{\"@type\":\"SearchAction\",\"target\":{\"@type\":\"EntryPoint\",\"urlTemplate\":\"https:\\\/\\\/terrasse-mobile.net\\\/?s={search_term_string}\"},\"query-input\":{\"@type\":\"PropertyValueSpecification\",\"valueRequired\":true,\"valueName\":\"search_term_string\"}}],\"inLanguage\":\"he-IL\"},{\"@type\":\"Organization\",\"@id\":\"https:\\\/\\\/terrasse-mobile.net\\\/#organization\",\"name\":\"Slidedeck\",\"url\":\"https:\\\/\\\/terrasse-mobile.net\\\/\",\"logo\":{\"@type\":\"ImageObject\",\"inLanguage\":\"he-IL\",\"@id\":\"https:\\\/\\\/terrasse-mobile.net\\\/#\\\/schema\\\/logo\\\/image\\\/\",\"url\":\"https:\\\/\\\/terrasse-mobile.net\\\/wp-content\\\/uploads\\\/2024\\\/01\\\/logo-slidedeck.jpg\",\"contentUrl\":\"https:\\\/\\\/terrasse-mobile.net\\\/wp-content\\\/uploads\\\/2024\\\/01\\\/logo-slidedeck.jpg\",\"width\":2000,\"height\":1103,\"caption\":\"Slidedeck\"},\"image\":{\"@id\":\"https:\\\/\\\/terrasse-mobile.net\\\/#\\\/schema\\\/logo\\\/image\\\/\"}}]}<\/script>\n<!-- \/ Yoast SEO plugin. -->","yoast_head_json":{"title":"Comment fonctionne la terrasse mobile d'une piscine ?","description":"La terrasse mobile pour piscine SlideDeck est tr\u00e8s facile d'utilisation. Elle peut \u00eatre manuelle ou motoris\u00e9e.","robots":{"index":"index","follow":"follow","max-snippet":"max-snippet:-1","max-image-preview":"max-image-preview:large","max-video-preview":"max-video-preview:-1"},"canonical":"https:\/\/terrasse-mobile.net\/he\/slidedeck\/terrasse-mobile-ile-de-france\/fonctionnement-terrasse-mobile-piscine\/","og_locale":"he_IL","og_type":"article","og_title":"Comment fonctionne la terrasse mobile d'une piscine ?","og_description":"La terrasse mobile pour piscine SlideDeck est tr\u00e8s facile d'utilisation. Elle peut \u00eatre manuelle ou motoris\u00e9e.","og_url":"https:\/\/terrasse-mobile.net\/he\/slidedeck\/terrasse-mobile-ile-de-france\/fonctionnement-terrasse-mobile-piscine\/","og_site_name":"Terrasse mobile","article_modified_time":"2025-11-25T14:35:28+00:00","og_image":[{"width":2000,"height":1500,"url":"https:\/\/terrasse-mobile.net\/wp-content\/uploads\/2024\/02\/REAL-SABOURAULT-PISCINE-2.jpg","type":"image\/jpeg"}],"twitter_card":"summary_large_image","twitter_misc":{"\u05d6\u05de\u05df \u05e7\u05e8\u05d9\u05d0\u05d4 \u05de\u05d5\u05e2\u05e8\u05da":"3 \u05d3\u05e7\u05d5\u05ea"},"schema":{"@context":"https:\/\/schema.org","@graph":[{"@type":"WebPage","@id":"https:\/\/terrasse-mobile.net\/slidedeck\/terrasse-mobile-ile-de-france\/fonctionnement-terrasse-mobile-piscine\/","url":"https:\/\/terrasse-mobile.net\/slidedeck\/terrasse-mobile-ile-de-france\/fonctionnement-terrasse-mobile-piscine\/","name":"Comment fonctionne la terrasse mobile d'une piscine ?","isPartOf":{"@id":"https:\/\/terrasse-mobile.net\/#website"},"primaryImageOfPage":{"@id":"https:\/\/terrasse-mobile.net\/slidedeck\/terrasse-mobile-ile-de-france\/fonctionnement-terrasse-mobile-piscine\/#primaryimage"},"image":{"@id":"https:\/\/terrasse-mobile.net\/slidedeck\/terrasse-mobile-ile-de-france\/fonctionnement-terrasse-mobile-piscine\/#primaryimage"},"thumbnailUrl":"https:\/\/terrasse-mobile.net\/wp-content\/uploads\/2024\/02\/REAL-SABOURAULT-PISCINE-2.jpg","datePublished":"2024-10-02T12:50:01+00:00","dateModified":"2025-11-25T14:35:28+00:00","description":"La terrasse mobile pour piscine SlideDeck est tr\u00e8s facile d'utilisation. Elle peut \u00eatre manuelle ou motoris\u00e9e.","breadcrumb":{"@id":"https:\/\/terrasse-mobile.net\/slidedeck\/terrasse-mobile-ile-de-france\/fonctionnement-terrasse-mobile-piscine\/#breadcrumb"},"inLanguage":"he-IL","potentialAction":[{"@type":"ReadAction","target":["https:\/\/terrasse-mobile.net\/slidedeck\/terrasse-mobile-ile-de-france\/fonctionnement-terrasse-mobile-piscine\/"]}]},{"@type":"ImageObject","inLanguage":"he-IL","@id":"https:\/\/terrasse-mobile.net\/slidedeck\/terrasse-mobile-ile-de-france\/fonctionnement-terrasse-mobile-piscine\/#primaryimage","url":"https:\/\/terrasse-mobile.net\/wp-content\/uploads\/2024\/02\/REAL-SABOURAULT-PISCINE-2.jpg","contentUrl":"https:\/\/terrasse-mobile.net\/wp-content\/uploads\/2024\/02\/REAL-SABOURAULT-PISCINE-2.jpg","width":2000,"height":1500,"caption":"DCIM100MEDIADJI_0365.JPG"},{"@type":"BreadcrumbList","@id":"https:\/\/terrasse-mobile.net\/slidedeck\/terrasse-mobile-ile-de-france\/fonctionnement-terrasse-mobile-piscine\/#breadcrumb","itemListElement":[{"@type":"ListItem","position":1,"name":"Accueil","item":"https:\/\/terrasse-mobile.net\/"},{"@type":"ListItem","position":2,"name":"SLIDEDECK","item":"https:\/\/terrasse-mobile.net\/slidedeck\/"},{"@type":"ListItem","position":3,"name":"D\u00c9COUVREZ LA TERRASSE MOBILE SLIDEDECK","item":"https:\/\/terrasse-mobile.net\/slidedeck\/terrasse-mobile-ile-de-france\/"},{"@type":"ListItem","position":4,"name":"COMMENT FONCTIONNE LA TERRASSE MOBILE SLIDEDECK ?"}]},{"@type":"WebSite","@id":"https:\/\/terrasse-mobile.net\/#website","url":"https:\/\/terrasse-mobile.net\/","name":"Slidedeck","description":"Construction sur mesure de terrasses mobiles en \u00cele-de-France","publisher":{"@id":"https:\/\/terrasse-mobile.net\/#organization"},"potentialAction":[{"@type":"SearchAction","target":{"@type":"EntryPoint","urlTemplate":"https:\/\/terrasse-mobile.net\/?s={search_term_string}"},"query-input":{"@type":"PropertyValueSpecification","valueRequired":true,"valueName":"search_term_string"}}],"inLanguage":"he-IL"},{"@type":"Organization","@id":"https:\/\/terrasse-mobile.net\/#organization","name":"Slidedeck","url":"https:\/\/terrasse-mobile.net\/","logo":{"@type":"ImageObject","inLanguage":"he-IL","@id":"https:\/\/terrasse-mobile.net\/#\/schema\/logo\/image\/","url":"https:\/\/terrasse-mobile.net\/wp-content\/uploads\/2024\/01\/logo-slidedeck.jpg","contentUrl":"https:\/\/terrasse-mobile.net\/wp-content\/uploads\/2024\/01\/logo-slidedeck.jpg","width":2000,"height":1103,"caption":"Slidedeck"},"image":{"@id":"https:\/\/terrasse-mobile.net\/#\/schema\/logo\/image\/"}}]}},"_links":{"self":[{"href":"https:\/\/terrasse-mobile.net\/he\/wp-json\/wp\/v2\/pages\/5449","targetHints":{"allow":["GET"]}}],"collection":[{"href":"https:\/\/terrasse-mobile.net\/he\/wp-json\/wp\/v2\/pages"}],"about":[{"href":"https:\/\/terrasse-mobile.net\/he\/wp-json\/wp\/v2\/types\/page"}],"author":[{"embeddable":true,"href":"https:\/\/terrasse-mobile.net\/he\/wp-json\/wp\/v2\/users\/1"}],"replies":[{"embeddable":true,"href":"https:\/\/terrasse-mobile.net\/he\/wp-json\/wp\/v2\/comments?post=5449"}],"version-history":[{"count":17,"href":"https:\/\/terrasse-mobile.net\/he\/wp-json\/wp\/v2\/pages\/5449\/revisions"}],"predecessor-version":[{"id":7267,"href":"https:\/\/terrasse-mobile.net\/he\/wp-json\/wp\/v2\/pages\/5449\/revisions\/7267"}],"up":[{"embeddable":true,"href":"https:\/\/terrasse-mobile.net\/he\/wp-json\/wp\/v2\/pages\/5771"}],"wp:featuredmedia":[{"embeddable":true,"href":"https:\/\/terrasse-mobile.net\/he\/wp-json\/wp\/v2\/media\/3640"}],"wp:attachment":[{"href":"https:\/\/terrasse-mobile.net\/he\/wp-json\/wp\/v2\/media?parent=5449"}],"wp:term":[{"taxonomy":"folder","embeddable":true,"href":"https:\/\/terrasse-mobile.net\/he\/wp-json\/wp\/v2\/folder?post=5449"}],"curies":[{"name":"wp","href":"https:\/\/api.w.org\/{rel}","templated":true}]}}