{"id":5493,"date":"2024-10-02T14:48:31","date_gmt":"2024-10-02T12:48:27","guid":{"rendered":"https:\/\/terrasse-mobile.net\/?page_id=5493"},"modified":"2025-11-25T16:37:16","modified_gmt":"2025-11-25T15:37:16","slug":"terrasse-mobile-piscine-avec-lames-aluminium","status":"publish","type":"page","link":"https:\/\/terrasse-mobile.net\/he\/revetements\/terrasse-mobile-piscine-avec-lames-aluminium\/","title":{"rendered":"LAMES DE TERRASSE MOBILE EN ALUMINIUM XTREMDECK"},"content":{"rendered":"<h2 class=\"wp-block-heading\">Des lames de terrasse mobile faciles \u00e0 installer<\/h2>\n\n\n\n<p class=\"has-text-align-center\">La lame de terrasse en aluminium XTremDeck s&rsquo;installe tre\u0300s simplement sur la structure de votre terrasse mobile avec des clips invisibles fournis. La lame en aluminium XTremDeck peut e\u0302tre mise en oeuvre tre\u0300s rapidement, sans comp\u00e9tences particulie\u0300res<\/p>\n\n\n\n<p><em><mark style=\"background-color:rgba(0, 0, 0, 0)\" class=\"has-inline-color has-theme-palette-1-color\"><a href=\"https:\/\/terrasse-etanche.com\/lame-terrasse-aluminium-ininflammable\">Pour en savoir + sur nos lames de terrasse en aluminium, cliquez ici.<\/a><\/mark><\/em><\/p>\n\n\n<div class=\"wp-block-image\">\n<figure class=\"aligncenter size-full is-resized\"><img decoding=\"async\" width=\"599\" height=\"397\" src=\"https:\/\/terrasse-mobile.net\/wp-content\/uploads\/2024\/11\/xtremdeck-fixation-hybride-partie-courante-09.jpg\" alt=\"Lame en aluminium pour terrasse et terrasse mobile\" class=\"wp-image-6478\" style=\"width:484px;height:auto\" srcset=\"https:\/\/terrasse-mobile.net\/wp-content\/uploads\/2024\/11\/xtremdeck-fixation-hybride-partie-courante-09.jpg 599w, https:\/\/terrasse-mobile.net\/wp-content\/uploads\/2024\/11\/xtremdeck-fixation-hybride-partie-courante-09-300x199.jpg 300w, https:\/\/terrasse-mobile.net\/wp-content\/uploads\/2024\/11\/xtremdeck-fixation-hybride-partie-courante-09-50x33.jpg 50w\" sizes=\"(max-width: 599px) 100vw, 599px\" \/><\/figure>\n<\/div>\n\n\n<h2 class=\"wp-block-heading\">Sont-elles id\u00e9ales pour les terrasses mobiles ?<\/h2>\n\n\n\n<div class=\"wp-block-group\"><div class=\"wp-block-group__inner-container is-layout-constrained wp-block-group-is-layout-constrained\">\n<div class=\"wp-block-columns is-layout-flex wp-container-core-columns-is-layout-9d6595d7 wp-block-columns-is-layout-flex\">\n<div class=\"wp-block-column is-layout-flow wp-block-column-is-layout-flow\">\n<div class=\"wp-block-group\"><div class=\"wp-block-group__inner-container is-layout-constrained wp-block-group-is-layout-constrained\">\n<div class=\"wp-block-columns is-layout-flex wp-container-core-columns-is-layout-9d6595d7 wp-block-columns-is-layout-flex\">\n<div class=\"wp-block-column is-layout-flow wp-block-column-is-layout-flow\" style=\"flex-basis:100%\">\n<p>Les lames pour terrasse mobile en aluminium se r\u00e9v\u00e8lent \u00eatre un choix id\u00e9al pour le rev\u00eatement d&rsquo;une terrasse mobile en raison de leurs caract\u00e9ristiques sp\u00e9cifiques qui r\u00e9pondent aux besoins particuliers de ce type d&rsquo;am\u00e9nagement ext\u00e9rieur.<\/p>\n<\/div>\n<\/div>\n<\/div><\/div>\n\n\n\n<p>Tout d&rsquo;abord, la <strong>l\u00e9g\u00e8ret\u00e9<\/strong> de l&rsquo;aluminium en fait un mat\u00e9riau <strong>id\u00e9al pour les terrasses mobiles<\/strong>. L&rsquo;aluminium est significativement plus <strong>l\u00e9ger<\/strong> que d&rsquo;autres mat\u00e9riaux de construction tels que le bois ou le b\u00e9ton, facilitant ainsi le d\u00e9placement de la terrasse mobile tout en r\u00e9duisant la charge structurelle, ce qui est essentiel pour garantir une <strong>mobilit\u00e9 ais\u00e9e<\/strong>.<\/p>\n\n\n\n<p>De plus l&rsquo;aluminium n&rsquo;absorbe pas la chaleur, et vous ne vous brulerez donc pas les pieds lors des jours de grand soleil.<\/p>\n<\/div>\n\n\n\n<div class=\"wp-block-column is-layout-flow wp-block-column-is-layout-flow\">\n<figure class=\"wp-block-image size-full\"><img decoding=\"async\" width=\"800\" height=\"530\" src=\"https:\/\/terrasse-mobile.net\/wp-content\/uploads\/2024\/11\/DSC_0416.jpg\" alt=\"Lames en aluminium\" class=\"wp-image-6241\" srcset=\"https:\/\/terrasse-mobile.net\/wp-content\/uploads\/2024\/11\/DSC_0416.jpg 800w, https:\/\/terrasse-mobile.net\/wp-content\/uploads\/2024\/11\/DSC_0416-300x199.jpg 300w, https:\/\/terrasse-mobile.net\/wp-content\/uploads\/2024\/11\/DSC_0416-768x509.jpg 768w, https:\/\/terrasse-mobile.net\/wp-content\/uploads\/2024\/11\/DSC_0416-50x33.jpg 50w\" sizes=\"(max-width: 800px) 100vw, 800px\" \/><\/figure>\n<\/div>\n<\/div>\n<\/div><\/div>\n\n\n\n<div class=\"wp-block-group\"><div class=\"wp-block-group__inner-container is-layout-constrained wp-block-group-is-layout-constrained\">\n<h2 class=\"wp-block-heading has-text-align-center\">Des lames de terrasse mobile r\u00e9sistantes<\/h2>\n\n\n\n<p>La <strong>r\u00e9sistance \u00e0 la corrosion<\/strong> de l&rsquo;aluminium est \u00e9galement un avantage important, surtout dans des environnements ext\u00e9rieurs expos\u00e9s aux intemp\u00e9ries. Les lames de terrasse en aluminium <strong>ne rouillent pas<\/strong>, ne se d\u00e9gradent pas et conservent leur int\u00e9grit\u00e9 structurelle face \u00e0 l&rsquo;humidit\u00e9, aux pluies fr\u00e9quentes et aux variations climatiques, assurant ainsi une durabilit\u00e9 \u00e0 long terme.<\/p>\n\n\n\n<p class=\"has-text-align-left\"><strong>La facilit\u00e9 d&rsquo;entretien<\/strong> constitue un autre avantage cl\u00e9. Les lames en aluminium ne n\u00e9cessitent g\u00e9n\u00e9ralement qu&rsquo;un entretien minimal, comme un nettoyage p\u00e9riodique, pour pr\u00e9server leur apparence et leur fonctionnalit\u00e9. Cela est particuli\u00e8rement avantageux pour les terrasses mobiles qui peuvent \u00eatre d\u00e9plac\u00e9es fr\u00e9quemment et n\u00e9cessitent des mat\u00e9riaux peu contraignants en termes d&rsquo;entretien.<\/p>\n\n\n\n<div class=\"wp-block-columns is-layout-flex wp-container-core-columns-is-layout-9d6595d7 wp-block-columns-is-layout-flex\">\n<div class=\"wp-block-column is-layout-flow wp-block-column-is-layout-flow\">\n<figure class=\"wp-block-image size-full\"><img decoding=\"async\" width=\"599\" height=\"397\" src=\"https:\/\/terrasse-mobile.net\/wp-content\/uploads\/2024\/11\/xtremdeck-fixation-hybride-partie-courante-05.jpg\" alt=\"\" class=\"wp-image-6476\" srcset=\"https:\/\/terrasse-mobile.net\/wp-content\/uploads\/2024\/11\/xtremdeck-fixation-hybride-partie-courante-05.jpg 599w, https:\/\/terrasse-mobile.net\/wp-content\/uploads\/2024\/11\/xtremdeck-fixation-hybride-partie-courante-05-300x199.jpg 300w, https:\/\/terrasse-mobile.net\/wp-content\/uploads\/2024\/11\/xtremdeck-fixation-hybride-partie-courante-05-50x33.jpg 50w\" sizes=\"(max-width: 599px) 100vw, 599px\" \/><\/figure>\n<\/div>\n\n\n\n<div class=\"wp-block-column is-layout-flow wp-block-column-is-layout-flow\">\n<figure class=\"wp-block-image size-full\"><img decoding=\"async\" width=\"599\" height=\"397\" src=\"https:\/\/terrasse-mobile.net\/wp-content\/uploads\/2024\/11\/metadeck-fixation-sur-lambourde-bois-04.jpg\" alt=\"\" class=\"wp-image-6477\" srcset=\"https:\/\/terrasse-mobile.net\/wp-content\/uploads\/2024\/11\/metadeck-fixation-sur-lambourde-bois-04.jpg 599w, https:\/\/terrasse-mobile.net\/wp-content\/uploads\/2024\/11\/metadeck-fixation-sur-lambourde-bois-04-300x199.jpg 300w, https:\/\/terrasse-mobile.net\/wp-content\/uploads\/2024\/11\/metadeck-fixation-sur-lambourde-bois-04-50x33.jpg 50w\" sizes=\"(max-width: 599px) 100vw, 599px\" \/><\/figure>\n<\/div>\n<\/div>\n<\/div><\/div>","protected":false},"excerpt":{"rendered":"<p>Des lames de terrasse mobile faciles \u00e0 installer La lame de terrasse en aluminium XTremDeck s&rsquo;installe tre\u0300s simplement sur la structure de votre terrasse mobile avec des clips invisibles fournis. La lame en aluminium XTremDeck peut e\u0302tre mise en oeuvre tre\u0300s rapidement, sans comp\u00e9tences particulie\u0300res Pour en savoir + sur nos lames de terrasse en&#8230;<\/p>","protected":false},"author":1,"featured_media":3640,"parent":5488,"menu_order":56,"comment_status":"closed","ping_status":"closed","template":"","meta":{"_kad_post_transparent":"","_kad_post_title":"","_kad_post_layout":"","_kad_post_sidebar_id":"","_kad_post_content_style":"","_kad_post_vertical_padding":"","_kad_post_feature":"","_kad_post_feature_position":"","_kad_post_header":false,"_kad_post_footer":false,"_kad_post_classname":"","footnotes":""},"folder":[],"class_list":["post-5493","page","type-page","status-publish","has-post-thumbnail","hentry"],"yoast_head":"<!-- This site is optimized with the Yoast SEO plugin v27.3 - https:\/\/yoast.com\/product\/yoast-seo-wordpress\/ -->\n<title>Rev\u00eatement de terrasse mobile pour piscine en aluminium<\/title>\n<meta name=\"description\" content=\"La terrasse mobile pour piscine SlideDeck peut \u00eatre habill\u00e9e avec de belles lames en aluminium XtremDeck.\" \/>\n<meta name=\"robots\" content=\"index, follow, max-snippet:-1, max-image-preview:large, max-video-preview:-1\" \/>\n<link rel=\"canonical\" href=\"https:\/\/terrasse-mobile.net\/he\/revetements\/terrasse-mobile-piscine-avec-lames-aluminium\/\" \/>\n<meta property=\"og:locale\" content=\"he_IL\" \/>\n<meta property=\"og:type\" content=\"article\" \/>\n<meta property=\"og:title\" content=\"Rev\u00eatement de terrasse mobile pour piscine en aluminium\" \/>\n<meta property=\"og:description\" content=\"La terrasse mobile pour piscine SlideDeck peut \u00eatre habill\u00e9e avec de belles lames en aluminium XtremDeck.\" \/>\n<meta property=\"og:url\" content=\"https:\/\/terrasse-mobile.net\/he\/revetements\/terrasse-mobile-piscine-avec-lames-aluminium\/\" \/>\n<meta property=\"og:site_name\" content=\"Terrasse mobile\" \/>\n<meta property=\"article:modified_time\" content=\"2025-11-25T15:37:16+00:00\" \/>\n<meta property=\"og:image\" content=\"https:\/\/terrasse-mobile.net\/wp-content\/uploads\/2024\/02\/REAL-SABOURAULT-PISCINE-2.jpg\" \/>\n\t<meta property=\"og:image:width\" content=\"2000\" \/>\n\t<meta property=\"og:image:height\" content=\"1500\" \/>\n\t<meta property=\"og:image:type\" content=\"image\/jpeg\" \/>\n<meta name=\"twitter:card\" content=\"summary_large_image\" \/>\n<meta name=\"twitter:label1\" content=\"\u05d6\u05de\u05df \u05e7\u05e8\u05d9\u05d0\u05d4 \u05de\u05d5\u05e2\u05e8\u05da\" \/>\n\t<meta name=\"twitter:data1\" content=\"3 \u05d3\u05e7\u05d5\u05ea\" \/>\n<script type=\"application\/ld+json\" class=\"yoast-schema-graph\">{\"@context\":\"https:\\\/\\\/schema.org\",\"@graph\":[{\"@type\":\"WebPage\",\"@id\":\"https:\\\/\\\/terrasse-mobile.net\\\/revetements\\\/terrasse-mobile-piscine-avec-lames-aluminium\\\/\",\"url\":\"https:\\\/\\\/terrasse-mobile.net\\\/revetements\\\/terrasse-mobile-piscine-avec-lames-aluminium\\\/\",\"name\":\"Rev\u00eatement de terrasse mobile pour piscine en aluminium\",\"isPartOf\":{\"@id\":\"https:\\\/\\\/terrasse-mobile.net\\\/#website\"},\"primaryImageOfPage\":{\"@id\":\"https:\\\/\\\/terrasse-mobile.net\\\/revetements\\\/terrasse-mobile-piscine-avec-lames-aluminium\\\/#primaryimage\"},\"image\":{\"@id\":\"https:\\\/\\\/terrasse-mobile.net\\\/revetements\\\/terrasse-mobile-piscine-avec-lames-aluminium\\\/#primaryimage\"},\"thumbnailUrl\":\"https:\\\/\\\/terrasse-mobile.net\\\/wp-content\\\/uploads\\\/2024\\\/02\\\/REAL-SABOURAULT-PISCINE-2.jpg\",\"datePublished\":\"2024-10-02T12:48:27+00:00\",\"dateModified\":\"2025-11-25T15:37:16+00:00\",\"description\":\"La terrasse mobile pour piscine SlideDeck peut \u00eatre habill\u00e9e avec de belles lames en aluminium XtremDeck.\",\"breadcrumb\":{\"@id\":\"https:\\\/\\\/terrasse-mobile.net\\\/revetements\\\/terrasse-mobile-piscine-avec-lames-aluminium\\\/#breadcrumb\"},\"inLanguage\":\"he-IL\",\"potentialAction\":[{\"@type\":\"ReadAction\",\"target\":[\"https:\\\/\\\/terrasse-mobile.net\\\/revetements\\\/terrasse-mobile-piscine-avec-lames-aluminium\\\/\"]}]},{\"@type\":\"ImageObject\",\"inLanguage\":\"he-IL\",\"@id\":\"https:\\\/\\\/terrasse-mobile.net\\\/revetements\\\/terrasse-mobile-piscine-avec-lames-aluminium\\\/#primaryimage\",\"url\":\"https:\\\/\\\/terrasse-mobile.net\\\/wp-content\\\/uploads\\\/2024\\\/02\\\/REAL-SABOURAULT-PISCINE-2.jpg\",\"contentUrl\":\"https:\\\/\\\/terrasse-mobile.net\\\/wp-content\\\/uploads\\\/2024\\\/02\\\/REAL-SABOURAULT-PISCINE-2.jpg\",\"width\":2000,\"height\":1500,\"caption\":\"DCIM100MEDIADJI_0365.JPG\"},{\"@type\":\"BreadcrumbList\",\"@id\":\"https:\\\/\\\/terrasse-mobile.net\\\/revetements\\\/terrasse-mobile-piscine-avec-lames-aluminium\\\/#breadcrumb\",\"itemListElement\":[{\"@type\":\"ListItem\",\"position\":1,\"name\":\"Accueil\",\"item\":\"https:\\\/\\\/terrasse-mobile.net\\\/\"},{\"@type\":\"ListItem\",\"position\":2,\"name\":\"LES REV\u00caTEMENTS POUR TERRASSE MOBILE SLIDEDECK\",\"item\":\"https:\\\/\\\/terrasse-mobile.net\\\/revetements\\\/\"},{\"@type\":\"ListItem\",\"position\":3,\"name\":\"LAMES DE TERRASSE MOBILE EN ALUMINIUM XTREMDECK\"}]},{\"@type\":\"WebSite\",\"@id\":\"https:\\\/\\\/terrasse-mobile.net\\\/#website\",\"url\":\"https:\\\/\\\/terrasse-mobile.net\\\/\",\"name\":\"Slidedeck\",\"description\":\"Construction sur mesure de terrasses mobiles en \u00cele-de-France\",\"publisher\":{\"@id\":\"https:\\\/\\\/terrasse-mobile.net\\\/#organization\"},\"potentialAction\":[{\"@type\":\"SearchAction\",\"target\":{\"@type\":\"EntryPoint\",\"urlTemplate\":\"https:\\\/\\\/terrasse-mobile.net\\\/?s={search_term_string}\"},\"query-input\":{\"@type\":\"PropertyValueSpecification\",\"valueRequired\":true,\"valueName\":\"search_term_string\"}}],\"inLanguage\":\"he-IL\"},{\"@type\":\"Organization\",\"@id\":\"https:\\\/\\\/terrasse-mobile.net\\\/#organization\",\"name\":\"Slidedeck\",\"url\":\"https:\\\/\\\/terrasse-mobile.net\\\/\",\"logo\":{\"@type\":\"ImageObject\",\"inLanguage\":\"he-IL\",\"@id\":\"https:\\\/\\\/terrasse-mobile.net\\\/#\\\/schema\\\/logo\\\/image\\\/\",\"url\":\"https:\\\/\\\/terrasse-mobile.net\\\/wp-content\\\/uploads\\\/2024\\\/01\\\/logo-slidedeck.jpg\",\"contentUrl\":\"https:\\\/\\\/terrasse-mobile.net\\\/wp-content\\\/uploads\\\/2024\\\/01\\\/logo-slidedeck.jpg\",\"width\":2000,\"height\":1103,\"caption\":\"Slidedeck\"},\"image\":{\"@id\":\"https:\\\/\\\/terrasse-mobile.net\\\/#\\\/schema\\\/logo\\\/image\\\/\"}}]}<\/script>\n<!-- \/ Yoast SEO plugin. -->","yoast_head_json":{"title":"Rev\u00eatement de terrasse mobile pour piscine en aluminium","description":"La terrasse mobile pour piscine SlideDeck peut \u00eatre habill\u00e9e avec de belles lames en aluminium XtremDeck.","robots":{"index":"index","follow":"follow","max-snippet":"max-snippet:-1","max-image-preview":"max-image-preview:large","max-video-preview":"max-video-preview:-1"},"canonical":"https:\/\/terrasse-mobile.net\/he\/revetements\/terrasse-mobile-piscine-avec-lames-aluminium\/","og_locale":"he_IL","og_type":"article","og_title":"Rev\u00eatement de terrasse mobile pour piscine en aluminium","og_description":"La terrasse mobile pour piscine SlideDeck peut \u00eatre habill\u00e9e avec de belles lames en aluminium XtremDeck.","og_url":"https:\/\/terrasse-mobile.net\/he\/revetements\/terrasse-mobile-piscine-avec-lames-aluminium\/","og_site_name":"Terrasse mobile","article_modified_time":"2025-11-25T15:37:16+00:00","og_image":[{"width":2000,"height":1500,"url":"https:\/\/terrasse-mobile.net\/wp-content\/uploads\/2024\/02\/REAL-SABOURAULT-PISCINE-2.jpg","type":"image\/jpeg"}],"twitter_card":"summary_large_image","twitter_misc":{"\u05d6\u05de\u05df \u05e7\u05e8\u05d9\u05d0\u05d4 \u05de\u05d5\u05e2\u05e8\u05da":"3 \u05d3\u05e7\u05d5\u05ea"},"schema":{"@context":"https:\/\/schema.org","@graph":[{"@type":"WebPage","@id":"https:\/\/terrasse-mobile.net\/revetements\/terrasse-mobile-piscine-avec-lames-aluminium\/","url":"https:\/\/terrasse-mobile.net\/revetements\/terrasse-mobile-piscine-avec-lames-aluminium\/","name":"Rev\u00eatement de terrasse mobile pour piscine en aluminium","isPartOf":{"@id":"https:\/\/terrasse-mobile.net\/#website"},"primaryImageOfPage":{"@id":"https:\/\/terrasse-mobile.net\/revetements\/terrasse-mobile-piscine-avec-lames-aluminium\/#primaryimage"},"image":{"@id":"https:\/\/terrasse-mobile.net\/revetements\/terrasse-mobile-piscine-avec-lames-aluminium\/#primaryimage"},"thumbnailUrl":"https:\/\/terrasse-mobile.net\/wp-content\/uploads\/2024\/02\/REAL-SABOURAULT-PISCINE-2.jpg","datePublished":"2024-10-02T12:48:27+00:00","dateModified":"2025-11-25T15:37:16+00:00","description":"La terrasse mobile pour piscine SlideDeck peut \u00eatre habill\u00e9e avec de belles lames en aluminium XtremDeck.","breadcrumb":{"@id":"https:\/\/terrasse-mobile.net\/revetements\/terrasse-mobile-piscine-avec-lames-aluminium\/#breadcrumb"},"inLanguage":"he-IL","potentialAction":[{"@type":"ReadAction","target":["https:\/\/terrasse-mobile.net\/revetements\/terrasse-mobile-piscine-avec-lames-aluminium\/"]}]},{"@type":"ImageObject","inLanguage":"he-IL","@id":"https:\/\/terrasse-mobile.net\/revetements\/terrasse-mobile-piscine-avec-lames-aluminium\/#primaryimage","url":"https:\/\/terrasse-mobile.net\/wp-content\/uploads\/2024\/02\/REAL-SABOURAULT-PISCINE-2.jpg","contentUrl":"https:\/\/terrasse-mobile.net\/wp-content\/uploads\/2024\/02\/REAL-SABOURAULT-PISCINE-2.jpg","width":2000,"height":1500,"caption":"DCIM100MEDIADJI_0365.JPG"},{"@type":"BreadcrumbList","@id":"https:\/\/terrasse-mobile.net\/revetements\/terrasse-mobile-piscine-avec-lames-aluminium\/#breadcrumb","itemListElement":[{"@type":"ListItem","position":1,"name":"Accueil","item":"https:\/\/terrasse-mobile.net\/"},{"@type":"ListItem","position":2,"name":"LES REV\u00caTEMENTS POUR TERRASSE MOBILE SLIDEDECK","item":"https:\/\/terrasse-mobile.net\/revetements\/"},{"@type":"ListItem","position":3,"name":"LAMES DE TERRASSE MOBILE EN ALUMINIUM XTREMDECK"}]},{"@type":"WebSite","@id":"https:\/\/terrasse-mobile.net\/#website","url":"https:\/\/terrasse-mobile.net\/","name":"Slidedeck","description":"Construction sur mesure de terrasses mobiles en \u00cele-de-France","publisher":{"@id":"https:\/\/terrasse-mobile.net\/#organization"},"potentialAction":[{"@type":"SearchAction","target":{"@type":"EntryPoint","urlTemplate":"https:\/\/terrasse-mobile.net\/?s={search_term_string}"},"query-input":{"@type":"PropertyValueSpecification","valueRequired":true,"valueName":"search_term_string"}}],"inLanguage":"he-IL"},{"@type":"Organization","@id":"https:\/\/terrasse-mobile.net\/#organization","name":"Slidedeck","url":"https:\/\/terrasse-mobile.net\/","logo":{"@type":"ImageObject","inLanguage":"he-IL","@id":"https:\/\/terrasse-mobile.net\/#\/schema\/logo\/image\/","url":"https:\/\/terrasse-mobile.net\/wp-content\/uploads\/2024\/01\/logo-slidedeck.jpg","contentUrl":"https:\/\/terrasse-mobile.net\/wp-content\/uploads\/2024\/01\/logo-slidedeck.jpg","width":2000,"height":1103,"caption":"Slidedeck"},"image":{"@id":"https:\/\/terrasse-mobile.net\/#\/schema\/logo\/image\/"}}]}},"_links":{"self":[{"href":"https:\/\/terrasse-mobile.net\/he\/wp-json\/wp\/v2\/pages\/5493","targetHints":{"allow":["GET"]}}],"collection":[{"href":"https:\/\/terrasse-mobile.net\/he\/wp-json\/wp\/v2\/pages"}],"about":[{"href":"https:\/\/terrasse-mobile.net\/he\/wp-json\/wp\/v2\/types\/page"}],"author":[{"embeddable":true,"href":"https:\/\/terrasse-mobile.net\/he\/wp-json\/wp\/v2\/users\/1"}],"replies":[{"embeddable":true,"href":"https:\/\/terrasse-mobile.net\/he\/wp-json\/wp\/v2\/comments?post=5493"}],"version-history":[{"count":12,"href":"https:\/\/terrasse-mobile.net\/he\/wp-json\/wp\/v2\/pages\/5493\/revisions"}],"predecessor-version":[{"id":7325,"href":"https:\/\/terrasse-mobile.net\/he\/wp-json\/wp\/v2\/pages\/5493\/revisions\/7325"}],"up":[{"embeddable":true,"href":"https:\/\/terrasse-mobile.net\/he\/wp-json\/wp\/v2\/pages\/5488"}],"wp:featuredmedia":[{"embeddable":true,"href":"https:\/\/terrasse-mobile.net\/he\/wp-json\/wp\/v2\/media\/3640"}],"wp:attachment":[{"href":"https:\/\/terrasse-mobile.net\/he\/wp-json\/wp\/v2\/media?parent=5493"}],"wp:term":[{"taxonomy":"folder","embeddable":true,"href":"https:\/\/terrasse-mobile.net\/he\/wp-json\/wp\/v2\/folder?post=5493"}],"curies":[{"name":"wp","href":"https:\/\/api.w.org\/{rel}","templated":true}]}}