{"id":5509,"date":"2024-10-02T14:47:42","date_gmt":"2024-10-02T12:47:42","guid":{"rendered":"https:\/\/terrasse-mobile.net\/?page_id=5509"},"modified":"2025-11-25T15:58:51","modified_gmt":"2025-11-25T14:58:51","slug":"options","status":"publish","type":"page","link":"https:\/\/terrasse-mobile.net\/he\/terrasse-mobile-sur-mesure\/options\/","title":{"rendered":"LES OPTIONS POUR VOTRE TERRASSE MOBILE POUR PISCINE"},"content":{"rendered":"<div class=\"wp-block-group\"><div class=\"wp-block-group__inner-container is-layout-constrained wp-block-group-is-layout-constrained\">\n<p class=\"has-text-align-center\"><em>D\u00e9couvrez les options disponibles pour am\u00e9liorer davantage l&rsquo;exp\u00e9rience SlideDeck &#8230;<\/em><\/p>\n\n\n\n<div class=\"wp-block-columns is-layout-flex wp-container-core-columns-is-layout-9d6595d7 wp-block-columns-is-layout-flex\">\n<div class=\"wp-block-column has-background is-layout-flow wp-block-column-is-layout-flow\" style=\"background-color:#edf2f724\"><div class=\"wp-block-image is-style-default\">\n<figure class=\"aligncenter size-full\"><a href=\"https:\/\/terrasse-mobile.net\/he\/terrasse-mobile-sur-mesure\/options\/motorisation-de-votre-terrasse-mobile\/\"><img decoding=\"async\" width=\"600\" height=\"397\" src=\"https:\/\/terrasse-mobile.net\/wp-content\/uploads\/2024\/11\/20241029_095135.jpg\" alt=\"\" class=\"wp-image-6278\" style=\"aspect-ratio:3\/2;object-fit:cover\" srcset=\"https:\/\/terrasse-mobile.net\/wp-content\/uploads\/2024\/11\/20241029_095135.jpg 600w, https:\/\/terrasse-mobile.net\/wp-content\/uploads\/2024\/11\/20241029_095135-300x199.jpg 300w, https:\/\/terrasse-mobile.net\/wp-content\/uploads\/2024\/11\/20241029_095135-50x33.jpg 50w\" sizes=\"(max-width: 600px) 100vw, 600px\" \/><\/a><\/figure>\n<\/div>\n\n\n<h2 class=\"wp-block-heading has-text-align-center\" style=\"font-size:16px\"><a href=\"https:\/\/terrasse-mobile.net\/he\/terrasse-mobile-sur-mesure\/options\/motorisation-de-votre-terrasse-mobile\/\">LA MOTORISATION<br>DE LA TERRASSE MOBILE<\/a><\/h2>\n\n\n\n<p class=\"has-text-align-center\" style=\"line-height:1.2\">D\u00e9couvrez la fonction de motorisation de la terrasse mobile, qui permet d&rsquo;ouvrir votre terrasse mobile \u00e0 distance&#8230;<\/p>\n<\/div>\n\n\n\n<div class=\"wp-block-column has-background is-layout-flow wp-block-column-is-layout-flow\" style=\"background-color:#edf2f724\"><div class=\"wp-block-image is-style-default\">\n<figure class=\"aligncenter size-full\"><a href=\"https:\/\/terrasse-mobile.net\/he\/terrasse-mobile-sur-mesure\/options\/terasse-mobile-avec-isolation-thermique\/\"><img decoding=\"async\" width=\"600\" height=\"397\" src=\"https:\/\/terrasse-mobile.net\/wp-content\/uploads\/2024\/11\/SLIDEDECK-BERTAGNE00016.jpg\" alt=\"Isolation gr\u00e2ce \u00e0 la terrasse mobile\" class=\"wp-image-6283\" style=\"aspect-ratio:3\/2;object-fit:cover\" srcset=\"https:\/\/terrasse-mobile.net\/wp-content\/uploads\/2024\/11\/SLIDEDECK-BERTAGNE00016.jpg 600w, https:\/\/terrasse-mobile.net\/wp-content\/uploads\/2024\/11\/SLIDEDECK-BERTAGNE00016-300x199.jpg 300w, https:\/\/terrasse-mobile.net\/wp-content\/uploads\/2024\/11\/SLIDEDECK-BERTAGNE00016-50x33.jpg 50w\" sizes=\"(max-width: 600px) 100vw, 600px\" \/><\/a><\/figure>\n<\/div>\n\n\n<h2 class=\"wp-block-heading has-text-align-center\" style=\"font-size:16px\"><a href=\"https:\/\/terrasse-mobile.net\/he\/terrasse-mobile-sur-mesure\/options\/terasse-mobile-avec-isolation-thermique\/\">ISOLATION THERMIQUE<br>POUR TERRASSE MOBILE<\/a><\/h2>\n\n\n\n<p class=\"has-text-align-center\" style=\"line-height:1.2\">Conservez la chaleur de l&rsquo;eau de votre piscine en optant pour la fonction couverture thermique.<\/p>\n<\/div>\n\n\n\n<div class=\"wp-block-column is-vertically-aligned-top has-background is-layout-flow wp-block-column-is-layout-flow\" style=\"background-color:#edf2f724\"><div class=\"wp-block-image\">\n<figure class=\"aligncenter size-full\"><a href=\"https:\/\/terrasse-mobile.net\/he\/terrasse-mobile-sur-mesure\/options\/revetement-grad-pour-votre-terrasse-mobile\/\"><img decoding=\"async\" width=\"700\" height=\"465\" src=\"https:\/\/terrasse-mobile.net\/wp-content\/uploads\/2024\/02\/REAL-DUTHION-PISCINE2-copie-1.jpg\" alt=\"Belle terrasse mobile\" class=\"wp-image-3580\" srcset=\"https:\/\/terrasse-mobile.net\/wp-content\/uploads\/2024\/02\/REAL-DUTHION-PISCINE2-copie-1.jpg 700w, https:\/\/terrasse-mobile.net\/wp-content\/uploads\/2024\/02\/REAL-DUTHION-PISCINE2-copie-1-300x199.jpg 300w\" sizes=\"(max-width: 700px) 100vw, 700px\" \/><\/a><\/figure>\n<\/div>\n\n\n<h2 class=\"wp-block-heading has-text-align-center\" style=\"font-size:16px\"><a href=\"https:\/\/terrasse-mobile.net\/he\/terrasse-mobile-sur-mesure\/options\/revetement-graD-pour-votre-terrasse-mobile\/\">LAME DE TERRASSE GRAD POUR VOTRE TERRASSE MOBILE SLIDEDECK<\/a><\/h2>\n\n\n\n<p class=\"has-text-align-center\" style=\"line-height:1.2\">Pour les terrasses mobiles en kit, optez pour les lames de terrasse GRAD, <br>pour un montage facile.<\/p>\n\n\n\n<p><\/p>\n<\/div>\n<\/div>\n<\/div><\/div>\n\n\n\n<div class=\"wp-block-group\"><div class=\"wp-block-group__inner-container is-layout-constrained wp-block-group-is-layout-constrained\">\n<div class=\"wp-block-columns is-layout-flex wp-container-core-columns-is-layout-9d6595d7 wp-block-columns-is-layout-flex\">\n<div class=\"wp-block-column is-vertically-aligned-top has-background is-layout-flow wp-block-column-is-layout-flow\" style=\"background-color:#edf2f724\">\n<div class=\"wp-block-group\"><div class=\"wp-block-group__inner-container is-layout-constrained wp-block-group-is-layout-constrained\">\n<figure class=\"wp-block-image size-full\"><a href=\"https:\/\/terrasse-mobile.net\/he\/terrasse-mobile-sur-mesure\/options\/terrasse-mobile-piscine-lame-de-finition\/\"><img decoding=\"async\" width=\"600\" height=\"397\" src=\"https:\/\/terrasse-mobile.net\/wp-content\/uploads\/2024\/11\/REA-TERR-MOB-FINEL-01-1.jpg\" alt=\"LAMES DE FINITION POUR VOTRE TERRASSE MOBILE\" class=\"wp-image-6286\" srcset=\"https:\/\/terrasse-mobile.net\/wp-content\/uploads\/2024\/11\/REA-TERR-MOB-FINEL-01-1.jpg 600w, https:\/\/terrasse-mobile.net\/wp-content\/uploads\/2024\/11\/REA-TERR-MOB-FINEL-01-1-300x199.jpg 300w, https:\/\/terrasse-mobile.net\/wp-content\/uploads\/2024\/11\/REA-TERR-MOB-FINEL-01-1-50x33.jpg 50w\" sizes=\"(max-width: 600px) 100vw, 600px\" \/><\/a><\/figure>\n\n\n\n<h2 class=\"wp-block-heading has-text-align-center\" style=\"font-size:16px\"><a href=\"https:\/\/terrasse-mobile.net\/he\/terrasse-mobile-sur-mesure\/options\/terrasse-mobile-piscine-lame-de-finition\/\">LAMES DE FINITION POUR VOTRE TERRASSE MOBILE<\/a><\/h2>\n\n\n\n<p class=\"has-text-align-center\" style=\"line-height:1.2\">Une lame de finition tout atour de votre terrasse mobile rajoute une esth\u00e9tique unique et particuli\u00e8re &#8230;<\/p>\n<\/div><\/div>\n\n\n\n<p style=\"padding-bottom:var(--wp--preset--spacing--50)\"><\/p>\n<\/div>\n\n\n\n<div class=\"wp-block-column has-background is-layout-flow wp-block-column-is-layout-flow\" style=\"background-color:#edf2f724\"><div class=\"wp-block-image\">\n<figure class=\"aligncenter size-full\"><a href=\"https:\/\/terrasse-mobile.net\/he\/terrasse-mobile-sur-mesure\/options\/la-barre-de-poussee-pour-votre-terrasse-mobile-2\/\"><img decoding=\"async\" width=\"2367\" height=\"1568\" src=\"https:\/\/terrasse-mobile.net\/wp-content\/uploads\/2024\/12\/REA-BERTAGNE-barre-de-pousse.jpg\" alt=\"Barre de pouss\u00e9e sur la terrasse mobile\" class=\"wp-image-6634\" srcset=\"https:\/\/terrasse-mobile.net\/wp-content\/uploads\/2024\/12\/REA-BERTAGNE-barre-de-pousse.jpg 2367w, https:\/\/terrasse-mobile.net\/wp-content\/uploads\/2024\/12\/REA-BERTAGNE-barre-de-pousse-300x199.jpg 300w, https:\/\/terrasse-mobile.net\/wp-content\/uploads\/2024\/12\/REA-BERTAGNE-barre-de-pousse-1024x678.jpg 1024w, https:\/\/terrasse-mobile.net\/wp-content\/uploads\/2024\/12\/REA-BERTAGNE-barre-de-pousse-768x509.jpg 768w, https:\/\/terrasse-mobile.net\/wp-content\/uploads\/2024\/12\/REA-BERTAGNE-barre-de-pousse-50x33.jpg 50w, https:\/\/terrasse-mobile.net\/wp-content\/uploads\/2024\/12\/REA-BERTAGNE-barre-de-pousse-1600x1060.jpg 1600w, https:\/\/terrasse-mobile.net\/wp-content\/uploads\/2024\/12\/REA-BERTAGNE-barre-de-pousse-1536x1018.jpg 1536w, https:\/\/terrasse-mobile.net\/wp-content\/uploads\/2024\/12\/REA-BERTAGNE-barre-de-pousse-2048x1357.jpg 2048w\" sizes=\"(max-width: 2367px) 100vw, 2367px\" \/><\/a><\/figure>\n<\/div>\n\n\n<h2 class=\"wp-block-heading has-text-align-center\" style=\"font-size:16px\"><a href=\"https:\/\/terrasse-mobile.net\/he\/terrasse-mobile-sur-mesure\/options\/la-barre-de-poussee-pour-votre-terrasse-mobile-2\/\">BARRE DE POUSS\u00c9E POUR OUVRIR LA TERRASSE MOBILE<\/a><\/h2>\n\n\n\n<p class=\"has-text-align-center\" style=\"line-height:1.2\">Optez pour l&rsquo;installation d&rsquo;une barre de pouss\u00e9e afin de faciliter l&rsquo;ouverture <br>de votre terrasse mobile<\/p>\n<\/div>\n\n\n\n<div class=\"wp-block-column has-background is-layout-flow wp-block-column-is-layout-flow\" style=\"background-color:#edf2f724\"><div class=\"wp-block-image is-style-default\">\n<figure class=\"aligncenter size-full\"><a href=\"https:\/\/terrasse-mobile.net\/he\/terrasse-mobile-sur-mesure\/options\/terrasse-mobile-piscine-eclairage-integre\/\"><img decoding=\"async\" width=\"765\" height=\"510\" src=\"https:\/\/terrasse-mobile.net\/wp-content\/uploads\/2024\/02\/TERRASSE-MOBILE-YVELINES-copie.png\" alt=\"terrasse mobile ile de france\" class=\"wp-image-3182\" style=\"aspect-ratio:3\/2;object-fit:cover\" srcset=\"https:\/\/terrasse-mobile.net\/wp-content\/uploads\/2024\/02\/TERRASSE-MOBILE-YVELINES-copie.png 765w, https:\/\/terrasse-mobile.net\/wp-content\/uploads\/2024\/02\/TERRASSE-MOBILE-YVELINES-copie-300x200.png 300w\" sizes=\"(max-width: 765px) 100vw, 765px\" \/><\/a><\/figure>\n<\/div>\n\n\n<h2 class=\"wp-block-heading has-text-align-center\" style=\"font-size:16px\"><a href=\"https:\/\/terrasse-mobile.net\/he\/terrasse-mobile-sur-mesure\/options\/terrasse-mobile-piscine-eclairage-integre\/\">\u00c9CLAIRAGE INT\u00c9GR\u00c9<br>\u00c0 LA TERRASSE MOBILE<\/a><\/h2>\n\n\n\n<p class=\"has-text-align-center\" style=\"line-height:1.2\">Optez pour l&rsquo;\u00e9clairage int\u00e9gr\u00e9 \u00e0 votre terrasse mobile pour gagner en confort lorsque vous profitez des baignades une&nbsp;fois le soleil couch\u00e9<\/p>\n\n\n\n<p><\/p>\n<\/div>\n<\/div>\n<\/div><\/div>\n\n\n\n<div class=\"wp-block-group\"><div class=\"wp-block-group__inner-container is-layout-constrained wp-block-group-is-layout-constrained\">\n<div class=\"wp-block-columns are-vertically-aligned-top is-layout-flex wp-container-core-columns-is-layout-9d6595d7 wp-block-columns-is-layout-flex\">\n<div class=\"wp-block-column has-background is-layout-flow wp-block-column-is-layout-flow\" style=\"background-color:#edf2f724\"><div class=\"wp-block-image is-style-default\">\n<figure class=\"aligncenter size-full\"><a href=\"https:\/\/terrasse-mobile.net\/he\/terrasse-mobile-sur-mesure\/options\/isolation-a-lair-de-votre-terrasse-mobile\/\"><img decoding=\"async\" width=\"600\" height=\"397\" src=\"https:\/\/terrasse-mobile.net\/wp-content\/uploads\/2024\/11\/24-vue-des-balais-dans-angle.jpg\" alt=\"Isolation de la piscine\" class=\"wp-image-6287\" style=\"aspect-ratio:1.5;object-fit:cover\" srcset=\"https:\/\/terrasse-mobile.net\/wp-content\/uploads\/2024\/11\/24-vue-des-balais-dans-angle.jpg 600w, https:\/\/terrasse-mobile.net\/wp-content\/uploads\/2024\/11\/24-vue-des-balais-dans-angle-300x199.jpg 300w, https:\/\/terrasse-mobile.net\/wp-content\/uploads\/2024\/11\/24-vue-des-balais-dans-angle-50x33.jpg 50w\" sizes=\"(max-width: 600px) 100vw, 600px\" \/><\/a><\/figure>\n<\/div>\n\n\n<h2 class=\"wp-block-heading has-text-align-center\" style=\"font-size:16px\"><a href=\"https:\/\/terrasse-mobile.net\/he\/terrasse-mobile-sur-mesure\/options\/isolation-a-lair-de-votre-terrasse-mobile\/\">ISOLATION \u00c0 L&rsquo;AIR DE LA TERRASSE MOBILE POUR PISCINE<\/a><\/h2>\n\n\n\n<p class=\"has-text-align-center\" style=\"line-height:1.2\">Conservez la chaleur et la propret\u00e9 de l&rsquo;eau en optant pour la fonction d&rsquo;isolation \u00e0 l&rsquo;air.<\/p>\n\n\n\n<p><\/p>\n<\/div>\n\n\n\n<div class=\"wp-block-column is-vertically-aligned-top has-background is-layout-flow wp-block-column-is-layout-flow\" style=\"background-color:#edf2f724\">\n<div class=\"wp-block-group\"><div class=\"wp-block-group__inner-container is-layout-constrained wp-block-group-is-layout-constrained\">\n<figure class=\"wp-block-image size-full\"><a href=\"https:\/\/terrasse-mobile.net\/he\/terrasse-mobile-sur-mesure\/options\/verrouiller-terrasse-mobile-pour-piscine\/\"><img decoding=\"async\" width=\"600\" height=\"397\" src=\"https:\/\/terrasse-mobile.net\/wp-content\/uploads\/2024\/11\/93-verrou-3.jpeg\" alt=\"Cadenas et syst\u00e8me de verrouillage pour terrasse mobile\" class=\"wp-image-6275\" srcset=\"https:\/\/terrasse-mobile.net\/wp-content\/uploads\/2024\/11\/93-verrou-3.jpeg 600w, https:\/\/terrasse-mobile.net\/wp-content\/uploads\/2024\/11\/93-verrou-3-300x199.jpeg 300w, https:\/\/terrasse-mobile.net\/wp-content\/uploads\/2024\/11\/93-verrou-3-50x33.jpeg 50w\" sizes=\"(max-width: 600px) 100vw, 600px\" \/><\/a><\/figure>\n\n\n\n<h2 class=\"wp-block-heading has-text-align-center\" style=\"font-size:16px\"><a href=\"https:\/\/terrasse-mobile.net\/he\/terrasse-mobile-sur-mesure\/options\/verrouiller-terrasse-mobile-pour-piscine\/\">VERROUILLAGE DE VOTRE <br>TERRASSE MOBILE<\/a><\/h2>\n\n\n\n<p class=\"has-text-align-center\" style=\"line-height:1.2\">Pour un bassin en parfaite s\u00e9curit\u00e9, <br>voici deux syst\u00e8mes de verrouillage.<\/p>\n\n\n\n<p style=\"padding-bottom:var(--wp--preset--spacing--50)\"><\/p>\n<\/div><\/div>\n<\/div>\n\n\n\n<div class=\"wp-block-column is-vertically-aligned-top has-background is-layout-flow wp-block-column-is-layout-flow\" style=\"background-color:#edf2f724\">\n<div class=\"wp-block-group\"><div class=\"wp-block-group__inner-container is-layout-constrained wp-block-group-is-layout-constrained\">\n<figure class=\"wp-block-image size-full\"><a href=\"https:\/\/terrasse-mobile.net\/he\/terrasse-mobile-sur-mesure\/options\/le-montage-de-votre-terrasse-mobile\/\"><img decoding=\"async\" width=\"600\" height=\"397\" src=\"https:\/\/terrasse-mobile.net\/wp-content\/uploads\/2024\/11\/50-fixation-lames-de-terrasse.jpg\" alt=\"Montage d'une terrasse mobile SlideDeck\" class=\"wp-image-6270\" srcset=\"https:\/\/terrasse-mobile.net\/wp-content\/uploads\/2024\/11\/50-fixation-lames-de-terrasse.jpg 600w, https:\/\/terrasse-mobile.net\/wp-content\/uploads\/2024\/11\/50-fixation-lames-de-terrasse-300x199.jpg 300w, https:\/\/terrasse-mobile.net\/wp-content\/uploads\/2024\/11\/50-fixation-lames-de-terrasse-50x33.jpg 50w\" sizes=\"(max-width: 600px) 100vw, 600px\" \/><\/a><\/figure>\n\n\n\n<h2 class=\"wp-block-heading has-text-align-center\" style=\"font-size:16px\"><a href=\"https:\/\/terrasse-mobile.net\/he\/terrasse-mobile-sur-mesure\/options\/le-montage-de-votre-terrasse-mobile\/\">LE MONTAGE DE VOTRE<br>TERRASSE MOBILE<\/a><\/h2>\n\n\n\n<p class=\"has-text-align-center\" style=\"line-height:1.2\">D\u00e9couvrez en vid\u00e9o notre fa\u00e7on de monter votre terrasse mobile, de fa\u00e7on rapide, efficace et tr\u00e8s propre.<\/p>\n\n\n\n<p><\/p>\n<\/div><\/div>\n<\/div>\n<\/div>\n<\/div><\/div>\n\n\n\n<p><\/p>","protected":false},"excerpt":{"rendered":"<p>D\u00e9couvrez les options disponibles pour am\u00e9liorer davantage l&rsquo;exp\u00e9rience SlideDeck &#8230; LA MOTORISATIONDE LA TERRASSE MOBILE D\u00e9couvrez la fonction de motorisation de la terrasse mobile, qui permet d&rsquo;ouvrir votre terrasse mobile \u00e0 distance&#8230; ISOLATION THERMIQUEPOUR TERRASSE MOBILE Conservez la chaleur de l&rsquo;eau de votre piscine en optant pour la fonction couverture thermique. LAME DE TERRASSE GRAD&#8230;<\/p>","protected":false},"author":1,"featured_media":3640,"parent":5765,"menu_order":34,"comment_status":"closed","ping_status":"closed","template":"","meta":{"_kad_post_transparent":"","_kad_post_title":"","_kad_post_layout":"","_kad_post_sidebar_id":"","_kad_post_content_style":"","_kad_post_vertical_padding":"","_kad_post_feature":"","_kad_post_feature_position":"","_kad_post_header":false,"_kad_post_footer":false,"_kad_post_classname":"","footnotes":""},"folder":[],"class_list":["post-5509","page","type-page","status-publish","has-post-thumbnail","hentry"],"yoast_head":"<!-- This site is optimized with the Yoast SEO plugin v27.3 - https:\/\/yoast.com\/product\/yoast-seo-wordpress\/ -->\n<title>Les options pour votre terrasse mobile de piscine SlideDeck<\/title>\n<meta name=\"description\" content=\"Votre terrasse mobile SlideDeck est enti\u00e8rement personnalisable et vous avez la possibilit\u00e9 d&#039;y ajouter des options.\" \/>\n<meta name=\"robots\" content=\"index, follow, max-snippet:-1, max-image-preview:large, max-video-preview:-1\" \/>\n<link rel=\"canonical\" href=\"https:\/\/terrasse-mobile.net\/he\/terrasse-mobile-sur-mesure\/options\/\" \/>\n<meta property=\"og:locale\" content=\"he_IL\" \/>\n<meta property=\"og:type\" content=\"article\" \/>\n<meta property=\"og:title\" content=\"Les options pour votre terrasse mobile de piscine SlideDeck\" \/>\n<meta property=\"og:description\" content=\"Votre terrasse mobile SlideDeck est enti\u00e8rement personnalisable et vous avez la possibilit\u00e9 d&#039;y ajouter des options.\" \/>\n<meta property=\"og:url\" content=\"https:\/\/terrasse-mobile.net\/he\/terrasse-mobile-sur-mesure\/options\/\" \/>\n<meta property=\"og:site_name\" content=\"Terrasse mobile\" \/>\n<meta property=\"article:modified_time\" content=\"2025-11-25T14:58:51+00:00\" \/>\n<meta property=\"og:image\" content=\"https:\/\/terrasse-mobile.net\/wp-content\/uploads\/2024\/02\/REAL-SABOURAULT-PISCINE-2.jpg\" \/>\n\t<meta property=\"og:image:width\" content=\"2000\" \/>\n\t<meta property=\"og:image:height\" content=\"1500\" \/>\n\t<meta property=\"og:image:type\" content=\"image\/jpeg\" \/>\n<meta name=\"twitter:card\" content=\"summary_large_image\" \/>\n<meta name=\"twitter:label1\" content=\"\u05d6\u05de\u05df \u05e7\u05e8\u05d9\u05d0\u05d4 \u05de\u05d5\u05e2\u05e8\u05da\" \/>\n\t<meta name=\"twitter:data1\" content=\"4 \u05d3\u05e7\u05d5\u05ea\" \/>\n<script type=\"application\/ld+json\" class=\"yoast-schema-graph\">{\"@context\":\"https:\\\/\\\/schema.org\",\"@graph\":[{\"@type\":\"WebPage\",\"@id\":\"https:\\\/\\\/terrasse-mobile.net\\\/terrasse-mobile-sur-mesure\\\/options\\\/\",\"url\":\"https:\\\/\\\/terrasse-mobile.net\\\/terrasse-mobile-sur-mesure\\\/options\\\/\",\"name\":\"Les options pour votre terrasse mobile de piscine SlideDeck\",\"isPartOf\":{\"@id\":\"https:\\\/\\\/terrasse-mobile.net\\\/#website\"},\"primaryImageOfPage\":{\"@id\":\"https:\\\/\\\/terrasse-mobile.net\\\/terrasse-mobile-sur-mesure\\\/options\\\/#primaryimage\"},\"image\":{\"@id\":\"https:\\\/\\\/terrasse-mobile.net\\\/terrasse-mobile-sur-mesure\\\/options\\\/#primaryimage\"},\"thumbnailUrl\":\"https:\\\/\\\/terrasse-mobile.net\\\/wp-content\\\/uploads\\\/2024\\\/02\\\/REAL-SABOURAULT-PISCINE-2.jpg\",\"datePublished\":\"2024-10-02T12:47:42+00:00\",\"dateModified\":\"2025-11-25T14:58:51+00:00\",\"description\":\"Votre terrasse mobile SlideDeck est enti\u00e8rement personnalisable et vous avez la possibilit\u00e9 d'y ajouter des options.\",\"breadcrumb\":{\"@id\":\"https:\\\/\\\/terrasse-mobile.net\\\/terrasse-mobile-sur-mesure\\\/options\\\/#breadcrumb\"},\"inLanguage\":\"he-IL\",\"potentialAction\":[{\"@type\":\"ReadAction\",\"target\":[\"https:\\\/\\\/terrasse-mobile.net\\\/terrasse-mobile-sur-mesure\\\/options\\\/\"]}]},{\"@type\":\"ImageObject\",\"inLanguage\":\"he-IL\",\"@id\":\"https:\\\/\\\/terrasse-mobile.net\\\/terrasse-mobile-sur-mesure\\\/options\\\/#primaryimage\",\"url\":\"https:\\\/\\\/terrasse-mobile.net\\\/wp-content\\\/uploads\\\/2024\\\/02\\\/REAL-SABOURAULT-PISCINE-2.jpg\",\"contentUrl\":\"https:\\\/\\\/terrasse-mobile.net\\\/wp-content\\\/uploads\\\/2024\\\/02\\\/REAL-SABOURAULT-PISCINE-2.jpg\",\"width\":2000,\"height\":1500,\"caption\":\"DCIM100MEDIADJI_0365.JPG\"},{\"@type\":\"BreadcrumbList\",\"@id\":\"https:\\\/\\\/terrasse-mobile.net\\\/terrasse-mobile-sur-mesure\\\/options\\\/#breadcrumb\",\"itemListElement\":[{\"@type\":\"ListItem\",\"position\":1,\"name\":\"Accueil\",\"item\":\"https:\\\/\\\/terrasse-mobile.net\\\/\"},{\"@type\":\"ListItem\",\"position\":2,\"name\":\"LA TERRASSE MOBILE SUR-MESURE POUR PISCINE\",\"item\":\"https:\\\/\\\/terrasse-mobile.net\\\/terrasse-mobile-sur-mesure\\\/\"},{\"@type\":\"ListItem\",\"position\":3,\"name\":\"LES OPTIONS POUR VOTRE TERRASSE MOBILE POUR PISCINE\"}]},{\"@type\":\"WebSite\",\"@id\":\"https:\\\/\\\/terrasse-mobile.net\\\/#website\",\"url\":\"https:\\\/\\\/terrasse-mobile.net\\\/\",\"name\":\"Slidedeck\",\"description\":\"Construction sur mesure de terrasses mobiles en \u00cele-de-France\",\"publisher\":{\"@id\":\"https:\\\/\\\/terrasse-mobile.net\\\/#organization\"},\"potentialAction\":[{\"@type\":\"SearchAction\",\"target\":{\"@type\":\"EntryPoint\",\"urlTemplate\":\"https:\\\/\\\/terrasse-mobile.net\\\/?s={search_term_string}\"},\"query-input\":{\"@type\":\"PropertyValueSpecification\",\"valueRequired\":true,\"valueName\":\"search_term_string\"}}],\"inLanguage\":\"he-IL\"},{\"@type\":\"Organization\",\"@id\":\"https:\\\/\\\/terrasse-mobile.net\\\/#organization\",\"name\":\"Slidedeck\",\"url\":\"https:\\\/\\\/terrasse-mobile.net\\\/\",\"logo\":{\"@type\":\"ImageObject\",\"inLanguage\":\"he-IL\",\"@id\":\"https:\\\/\\\/terrasse-mobile.net\\\/#\\\/schema\\\/logo\\\/image\\\/\",\"url\":\"https:\\\/\\\/terrasse-mobile.net\\\/wp-content\\\/uploads\\\/2024\\\/01\\\/logo-slidedeck.jpg\",\"contentUrl\":\"https:\\\/\\\/terrasse-mobile.net\\\/wp-content\\\/uploads\\\/2024\\\/01\\\/logo-slidedeck.jpg\",\"width\":2000,\"height\":1103,\"caption\":\"Slidedeck\"},\"image\":{\"@id\":\"https:\\\/\\\/terrasse-mobile.net\\\/#\\\/schema\\\/logo\\\/image\\\/\"}}]}<\/script>\n<!-- \/ Yoast SEO plugin. -->","yoast_head_json":{"title":"Les options pour votre terrasse mobile de piscine SlideDeck","description":"Votre terrasse mobile SlideDeck est enti\u00e8rement personnalisable et vous avez la possibilit\u00e9 d'y ajouter des options.","robots":{"index":"index","follow":"follow","max-snippet":"max-snippet:-1","max-image-preview":"max-image-preview:large","max-video-preview":"max-video-preview:-1"},"canonical":"https:\/\/terrasse-mobile.net\/he\/terrasse-mobile-sur-mesure\/options\/","og_locale":"he_IL","og_type":"article","og_title":"Les options pour votre terrasse mobile de piscine SlideDeck","og_description":"Votre terrasse mobile SlideDeck est enti\u00e8rement personnalisable et vous avez la possibilit\u00e9 d'y ajouter des options.","og_url":"https:\/\/terrasse-mobile.net\/he\/terrasse-mobile-sur-mesure\/options\/","og_site_name":"Terrasse mobile","article_modified_time":"2025-11-25T14:58:51+00:00","og_image":[{"width":2000,"height":1500,"url":"https:\/\/terrasse-mobile.net\/wp-content\/uploads\/2024\/02\/REAL-SABOURAULT-PISCINE-2.jpg","type":"image\/jpeg"}],"twitter_card":"summary_large_image","twitter_misc":{"\u05d6\u05de\u05df \u05e7\u05e8\u05d9\u05d0\u05d4 \u05de\u05d5\u05e2\u05e8\u05da":"4 \u05d3\u05e7\u05d5\u05ea"},"schema":{"@context":"https:\/\/schema.org","@graph":[{"@type":"WebPage","@id":"https:\/\/terrasse-mobile.net\/terrasse-mobile-sur-mesure\/options\/","url":"https:\/\/terrasse-mobile.net\/terrasse-mobile-sur-mesure\/options\/","name":"Les options pour votre terrasse mobile de piscine SlideDeck","isPartOf":{"@id":"https:\/\/terrasse-mobile.net\/#website"},"primaryImageOfPage":{"@id":"https:\/\/terrasse-mobile.net\/terrasse-mobile-sur-mesure\/options\/#primaryimage"},"image":{"@id":"https:\/\/terrasse-mobile.net\/terrasse-mobile-sur-mesure\/options\/#primaryimage"},"thumbnailUrl":"https:\/\/terrasse-mobile.net\/wp-content\/uploads\/2024\/02\/REAL-SABOURAULT-PISCINE-2.jpg","datePublished":"2024-10-02T12:47:42+00:00","dateModified":"2025-11-25T14:58:51+00:00","description":"Votre terrasse mobile SlideDeck est enti\u00e8rement personnalisable et vous avez la possibilit\u00e9 d'y ajouter des options.","breadcrumb":{"@id":"https:\/\/terrasse-mobile.net\/terrasse-mobile-sur-mesure\/options\/#breadcrumb"},"inLanguage":"he-IL","potentialAction":[{"@type":"ReadAction","target":["https:\/\/terrasse-mobile.net\/terrasse-mobile-sur-mesure\/options\/"]}]},{"@type":"ImageObject","inLanguage":"he-IL","@id":"https:\/\/terrasse-mobile.net\/terrasse-mobile-sur-mesure\/options\/#primaryimage","url":"https:\/\/terrasse-mobile.net\/wp-content\/uploads\/2024\/02\/REAL-SABOURAULT-PISCINE-2.jpg","contentUrl":"https:\/\/terrasse-mobile.net\/wp-content\/uploads\/2024\/02\/REAL-SABOURAULT-PISCINE-2.jpg","width":2000,"height":1500,"caption":"DCIM100MEDIADJI_0365.JPG"},{"@type":"BreadcrumbList","@id":"https:\/\/terrasse-mobile.net\/terrasse-mobile-sur-mesure\/options\/#breadcrumb","itemListElement":[{"@type":"ListItem","position":1,"name":"Accueil","item":"https:\/\/terrasse-mobile.net\/"},{"@type":"ListItem","position":2,"name":"LA TERRASSE MOBILE SUR-MESURE POUR PISCINE","item":"https:\/\/terrasse-mobile.net\/terrasse-mobile-sur-mesure\/"},{"@type":"ListItem","position":3,"name":"LES OPTIONS POUR VOTRE TERRASSE MOBILE POUR PISCINE"}]},{"@type":"WebSite","@id":"https:\/\/terrasse-mobile.net\/#website","url":"https:\/\/terrasse-mobile.net\/","name":"Slidedeck","description":"Construction sur mesure de terrasses mobiles en \u00cele-de-France","publisher":{"@id":"https:\/\/terrasse-mobile.net\/#organization"},"potentialAction":[{"@type":"SearchAction","target":{"@type":"EntryPoint","urlTemplate":"https:\/\/terrasse-mobile.net\/?s={search_term_string}"},"query-input":{"@type":"PropertyValueSpecification","valueRequired":true,"valueName":"search_term_string"}}],"inLanguage":"he-IL"},{"@type":"Organization","@id":"https:\/\/terrasse-mobile.net\/#organization","name":"Slidedeck","url":"https:\/\/terrasse-mobile.net\/","logo":{"@type":"ImageObject","inLanguage":"he-IL","@id":"https:\/\/terrasse-mobile.net\/#\/schema\/logo\/image\/","url":"https:\/\/terrasse-mobile.net\/wp-content\/uploads\/2024\/01\/logo-slidedeck.jpg","contentUrl":"https:\/\/terrasse-mobile.net\/wp-content\/uploads\/2024\/01\/logo-slidedeck.jpg","width":2000,"height":1103,"caption":"Slidedeck"},"image":{"@id":"https:\/\/terrasse-mobile.net\/#\/schema\/logo\/image\/"}}]}},"_links":{"self":[{"href":"https:\/\/terrasse-mobile.net\/he\/wp-json\/wp\/v2\/pages\/5509","targetHints":{"allow":["GET"]}}],"collection":[{"href":"https:\/\/terrasse-mobile.net\/he\/wp-json\/wp\/v2\/pages"}],"about":[{"href":"https:\/\/terrasse-mobile.net\/he\/wp-json\/wp\/v2\/types\/page"}],"author":[{"embeddable":true,"href":"https:\/\/terrasse-mobile.net\/he\/wp-json\/wp\/v2\/users\/1"}],"replies":[{"embeddable":true,"href":"https:\/\/terrasse-mobile.net\/he\/wp-json\/wp\/v2\/comments?post=5509"}],"version-history":[{"count":47,"href":"https:\/\/terrasse-mobile.net\/he\/wp-json\/wp\/v2\/pages\/5509\/revisions"}],"predecessor-version":[{"id":7292,"href":"https:\/\/terrasse-mobile.net\/he\/wp-json\/wp\/v2\/pages\/5509\/revisions\/7292"}],"up":[{"embeddable":true,"href":"https:\/\/terrasse-mobile.net\/he\/wp-json\/wp\/v2\/pages\/5765"}],"wp:featuredmedia":[{"embeddable":true,"href":"https:\/\/terrasse-mobile.net\/he\/wp-json\/wp\/v2\/media\/3640"}],"wp:attachment":[{"href":"https:\/\/terrasse-mobile.net\/he\/wp-json\/wp\/v2\/media?parent=5509"}],"wp:term":[{"taxonomy":"folder","embeddable":true,"href":"https:\/\/terrasse-mobile.net\/he\/wp-json\/wp\/v2\/folder?post=5509"}],"curies":[{"name":"wp","href":"https:\/\/api.w.org\/{rel}","templated":true}]}}