{"id":5515,"date":"2024-10-02T14:47:31","date_gmt":"2024-10-02T12:47:23","guid":{"rendered":"https:\/\/terrasse-mobile.net\/?page_id=5515"},"modified":"2025-11-25T16:05:07","modified_gmt":"2025-11-25T15:05:07","slug":"terasse-mobile-avec-isolation-thermique","status":"publish","type":"page","link":"https:\/\/terrasse-mobile.net\/he\/terrasse-mobile-sur-mesure\/options\/terasse-mobile-avec-isolation-thermique\/","title":{"rendered":"L&rsquo;ISOLATION THERMIQUE RENFORC\u00c9E DE LA TERRASSE MOBILE"},"content":{"rendered":"<p class=\"has-text-align-center\"><a href=\"https:\/\/terrasse-mobile.net\/he\/personnaliser-terrasse-mobile\/\"><br>D\u00c9COUVREZ LES AUTRES OPTIONS POUR VOTRE TERRASSE MOBILE<br><\/a><\/p>\n\n\n\n<div class=\"wp-block-group\"><div class=\"wp-block-group__inner-container is-layout-constrained wp-block-group-is-layout-constrained\">\n<div class=\"wp-block-columns is-layout-flex wp-container-core-columns-is-layout-9d6595d7 wp-block-columns-is-layout-flex\">\n<div class=\"wp-block-column is-layout-flow wp-block-column-is-layout-flow\">\n<figure class=\"wp-block-image size-full\"><img decoding=\"async\" width=\"600\" height=\"397\" src=\"https:\/\/terrasse-mobile.net\/wp-content\/uploads\/2024\/11\/SLIDEDECK-BERTAGNE00023.jpg\" alt=\"Montage d'une terrasse mobile avec isolant\" class=\"wp-image-6284\" style=\"aspect-ratio:3\/2;object-fit:cover\" srcset=\"https:\/\/terrasse-mobile.net\/wp-content\/uploads\/2024\/11\/SLIDEDECK-BERTAGNE00023.jpg 600w, https:\/\/terrasse-mobile.net\/wp-content\/uploads\/2024\/11\/SLIDEDECK-BERTAGNE00023-300x199.jpg 300w, https:\/\/terrasse-mobile.net\/wp-content\/uploads\/2024\/11\/SLIDEDECK-BERTAGNE00023-50x33.jpg 50w\" sizes=\"(max-width: 600px) 100vw, 600px\" \/><\/figure>\n<\/div>\n\n\n\n<div class=\"wp-block-column is-layout-flow wp-block-column-is-layout-flow\">\n<h2 class=\"wp-block-heading\">Une isolation de terrasse mobile ultra efficace<\/h2>\n\n\n\n<p>La terrasse mobile SlideDeck assure la s\u00e9curit\u00e9 du bassin et \u00e9vite que votre piscine se salisse ; mais elle assure \u00e9galement une isolation thermique de haute performance gr\u00e2ce \u00e0 l&rsquo;isolant que nous int\u00e9grons en option. Il s&rsquo;agit d&rsquo;un isolant en mousse de polyur\u00e9thane, de 60 mm d&rsquo;\u00e9paisseur, qui est int\u00e9gr\u00e9 au c\u0153ur de la terrasse mobile. Cette mousse est parfaitement compatible avec l&rsquo;atmosph\u00e8re de la piscine.<\/p>\n<\/div>\n<\/div>\n\n\n\n<div class=\"wp-block-columns is-layout-flex wp-container-core-columns-is-layout-9d6595d7 wp-block-columns-is-layout-flex\">\n<div class=\"wp-block-column is-layout-flow wp-block-column-is-layout-flow\">\n<h2 class=\"wp-block-heading\">Une isolation pr\u00e9par\u00e9e par nos soins<\/h2>\n\n\n\n<p>Les plaques d&rsquo;isolant reposent sur la petite languette noire que l&rsquo;on peut distinguer sur le dessous du tube en aluminium. Ces petites languettes sont pr\u00e9par\u00e9es et fix\u00e9es sur le dessous des profil\u00e9s en aluminium par nos soins, en atelier. Ainsi, le contact entre l&rsquo;isolant et la poutrelle aluminium est parfait, ce qui assure une isolation thermique de grande qualit\u00e9.<\/p>\n<\/div>\n\n\n\n<div class=\"wp-block-column is-layout-flow wp-block-column-is-layout-flow\">\n<figure class=\"wp-block-image size-full\"><img decoding=\"async\" width=\"600\" height=\"397\" src=\"https:\/\/terrasse-mobile.net\/wp-content\/uploads\/2024\/11\/SLIDEDECK-BERTAGNE00016.jpg\" alt=\"D\u00e9tails de l'isolation pour terrasse mobile\" class=\"wp-image-6283\" style=\"aspect-ratio:3\/2;object-fit:cover\" srcset=\"https:\/\/terrasse-mobile.net\/wp-content\/uploads\/2024\/11\/SLIDEDECK-BERTAGNE00016.jpg 600w, https:\/\/terrasse-mobile.net\/wp-content\/uploads\/2024\/11\/SLIDEDECK-BERTAGNE00016-300x199.jpg 300w, https:\/\/terrasse-mobile.net\/wp-content\/uploads\/2024\/11\/SLIDEDECK-BERTAGNE00016-50x33.jpg 50w\" sizes=\"(max-width: 600px) 100vw, 600px\" \/><\/figure>\n<\/div>\n<\/div>\n<\/div><\/div>","protected":false},"excerpt":{"rendered":"<p>D\u00c9COUVREZ LES AUTRES OPTIONS POUR VOTRE TERRASSE MOBILE Une isolation de terrasse mobile ultra efficace La terrasse mobile SlideDeck assure la s\u00e9curit\u00e9 du bassin et \u00e9vite que votre piscine se salisse ; mais elle assure \u00e9galement une isolation thermique de haute performance gr\u00e2ce \u00e0 l&rsquo;isolant que nous int\u00e9grons en option. Il s&rsquo;agit d&rsquo;un isolant en&#8230;<\/p>","protected":false},"author":1,"featured_media":3640,"parent":5509,"menu_order":36,"comment_status":"closed","ping_status":"closed","template":"","meta":{"_kad_post_transparent":"","_kad_post_title":"","_kad_post_layout":"","_kad_post_sidebar_id":"","_kad_post_content_style":"","_kad_post_vertical_padding":"","_kad_post_feature":"","_kad_post_feature_position":"","_kad_post_header":false,"_kad_post_footer":false,"_kad_post_classname":"","footnotes":""},"folder":[],"class_list":["post-5515","page","type-page","status-publish","has-post-thumbnail","hentry"],"yoast_head":"<!-- This site is optimized with the Yoast SEO plugin v27.3 - https:\/\/yoast.com\/product\/yoast-seo-wordpress\/ -->\n<title>L&#039;isolation thermique renforc\u00e9e de la terrasse mobile<\/title>\n<meta name=\"description\" content=\"La terrasse mobile pour piscine SlideDeck peut \u00eatre \u00e9quip\u00e9e de plusieurs options dont l&#039;isolation thermique.\" \/>\n<meta name=\"robots\" content=\"index, follow, max-snippet:-1, max-image-preview:large, max-video-preview:-1\" \/>\n<link rel=\"canonical\" href=\"https:\/\/terrasse-mobile.net\/he\/terrasse-mobile-sur-mesure\/options\/terasse-mobile-avec-isolation-thermique\/\" \/>\n<meta property=\"og:locale\" content=\"he_IL\" \/>\n<meta property=\"og:type\" content=\"article\" \/>\n<meta property=\"og:title\" content=\"L&#039;isolation thermique renforc\u00e9e de la terrasse mobile\" \/>\n<meta property=\"og:description\" content=\"La terrasse mobile pour piscine SlideDeck peut \u00eatre \u00e9quip\u00e9e de plusieurs options dont l&#039;isolation thermique.\" \/>\n<meta property=\"og:url\" content=\"https:\/\/terrasse-mobile.net\/he\/terrasse-mobile-sur-mesure\/options\/terasse-mobile-avec-isolation-thermique\/\" \/>\n<meta property=\"og:site_name\" content=\"Terrasse mobile\" \/>\n<meta property=\"article:modified_time\" content=\"2025-11-25T15:05:07+00:00\" \/>\n<meta property=\"og:image\" content=\"https:\/\/terrasse-mobile.net\/wp-content\/uploads\/2024\/02\/REAL-SABOURAULT-PISCINE-2.jpg\" \/>\n\t<meta property=\"og:image:width\" content=\"2000\" \/>\n\t<meta property=\"og:image:height\" content=\"1500\" \/>\n\t<meta property=\"og:image:type\" content=\"image\/jpeg\" \/>\n<meta name=\"twitter:card\" content=\"summary_large_image\" \/>\n<meta name=\"twitter:label1\" content=\"\u05d6\u05de\u05df \u05e7\u05e8\u05d9\u05d0\u05d4 \u05de\u05d5\u05e2\u05e8\u05da\" \/>\n\t<meta name=\"twitter:data1\" content=\"2 \u05d3\u05e7\u05d5\u05ea\" \/>\n<script type=\"application\/ld+json\" class=\"yoast-schema-graph\">{\"@context\":\"https:\\\/\\\/schema.org\",\"@graph\":[{\"@type\":\"WebPage\",\"@id\":\"https:\\\/\\\/terrasse-mobile.net\\\/terrasse-mobile-sur-mesure\\\/options\\\/terasse-mobile-avec-isolation-thermique\\\/\",\"url\":\"https:\\\/\\\/terrasse-mobile.net\\\/terrasse-mobile-sur-mesure\\\/options\\\/terasse-mobile-avec-isolation-thermique\\\/\",\"name\":\"L'isolation thermique renforc\u00e9e de la terrasse mobile\",\"isPartOf\":{\"@id\":\"https:\\\/\\\/terrasse-mobile.net\\\/#website\"},\"primaryImageOfPage\":{\"@id\":\"https:\\\/\\\/terrasse-mobile.net\\\/terrasse-mobile-sur-mesure\\\/options\\\/terasse-mobile-avec-isolation-thermique\\\/#primaryimage\"},\"image\":{\"@id\":\"https:\\\/\\\/terrasse-mobile.net\\\/terrasse-mobile-sur-mesure\\\/options\\\/terasse-mobile-avec-isolation-thermique\\\/#primaryimage\"},\"thumbnailUrl\":\"https:\\\/\\\/terrasse-mobile.net\\\/wp-content\\\/uploads\\\/2024\\\/02\\\/REAL-SABOURAULT-PISCINE-2.jpg\",\"datePublished\":\"2024-10-02T12:47:23+00:00\",\"dateModified\":\"2025-11-25T15:05:07+00:00\",\"description\":\"La terrasse mobile pour piscine SlideDeck peut \u00eatre \u00e9quip\u00e9e de plusieurs options dont l'isolation thermique.\",\"breadcrumb\":{\"@id\":\"https:\\\/\\\/terrasse-mobile.net\\\/terrasse-mobile-sur-mesure\\\/options\\\/terasse-mobile-avec-isolation-thermique\\\/#breadcrumb\"},\"inLanguage\":\"he-IL\",\"potentialAction\":[{\"@type\":\"ReadAction\",\"target\":[\"https:\\\/\\\/terrasse-mobile.net\\\/terrasse-mobile-sur-mesure\\\/options\\\/terasse-mobile-avec-isolation-thermique\\\/\"]}]},{\"@type\":\"ImageObject\",\"inLanguage\":\"he-IL\",\"@id\":\"https:\\\/\\\/terrasse-mobile.net\\\/terrasse-mobile-sur-mesure\\\/options\\\/terasse-mobile-avec-isolation-thermique\\\/#primaryimage\",\"url\":\"https:\\\/\\\/terrasse-mobile.net\\\/wp-content\\\/uploads\\\/2024\\\/02\\\/REAL-SABOURAULT-PISCINE-2.jpg\",\"contentUrl\":\"https:\\\/\\\/terrasse-mobile.net\\\/wp-content\\\/uploads\\\/2024\\\/02\\\/REAL-SABOURAULT-PISCINE-2.jpg\",\"width\":2000,\"height\":1500,\"caption\":\"DCIM100MEDIADJI_0365.JPG\"},{\"@type\":\"BreadcrumbList\",\"@id\":\"https:\\\/\\\/terrasse-mobile.net\\\/terrasse-mobile-sur-mesure\\\/options\\\/terasse-mobile-avec-isolation-thermique\\\/#breadcrumb\",\"itemListElement\":[{\"@type\":\"ListItem\",\"position\":1,\"name\":\"Accueil\",\"item\":\"https:\\\/\\\/terrasse-mobile.net\\\/\"},{\"@type\":\"ListItem\",\"position\":2,\"name\":\"LA TERRASSE MOBILE SUR-MESURE POUR PISCINE\",\"item\":\"https:\\\/\\\/terrasse-mobile.net\\\/terrasse-mobile-sur-mesure\\\/\"},{\"@type\":\"ListItem\",\"position\":3,\"name\":\"LES OPTIONS POUR VOTRE TERRASSE MOBILE POUR PISCINE\",\"item\":\"https:\\\/\\\/terrasse-mobile.net\\\/terrasse-mobile-sur-mesure\\\/options\\\/\"},{\"@type\":\"ListItem\",\"position\":4,\"name\":\"L&rsquo;ISOLATION THERMIQUE RENFORC\u00c9E DE LA TERRASSE MOBILE\"}]},{\"@type\":\"WebSite\",\"@id\":\"https:\\\/\\\/terrasse-mobile.net\\\/#website\",\"url\":\"https:\\\/\\\/terrasse-mobile.net\\\/\",\"name\":\"Slidedeck\",\"description\":\"Construction sur mesure de terrasses mobiles en \u00cele-de-France\",\"publisher\":{\"@id\":\"https:\\\/\\\/terrasse-mobile.net\\\/#organization\"},\"potentialAction\":[{\"@type\":\"SearchAction\",\"target\":{\"@type\":\"EntryPoint\",\"urlTemplate\":\"https:\\\/\\\/terrasse-mobile.net\\\/?s={search_term_string}\"},\"query-input\":{\"@type\":\"PropertyValueSpecification\",\"valueRequired\":true,\"valueName\":\"search_term_string\"}}],\"inLanguage\":\"he-IL\"},{\"@type\":\"Organization\",\"@id\":\"https:\\\/\\\/terrasse-mobile.net\\\/#organization\",\"name\":\"Slidedeck\",\"url\":\"https:\\\/\\\/terrasse-mobile.net\\\/\",\"logo\":{\"@type\":\"ImageObject\",\"inLanguage\":\"he-IL\",\"@id\":\"https:\\\/\\\/terrasse-mobile.net\\\/#\\\/schema\\\/logo\\\/image\\\/\",\"url\":\"https:\\\/\\\/terrasse-mobile.net\\\/wp-content\\\/uploads\\\/2024\\\/01\\\/logo-slidedeck.jpg\",\"contentUrl\":\"https:\\\/\\\/terrasse-mobile.net\\\/wp-content\\\/uploads\\\/2024\\\/01\\\/logo-slidedeck.jpg\",\"width\":2000,\"height\":1103,\"caption\":\"Slidedeck\"},\"image\":{\"@id\":\"https:\\\/\\\/terrasse-mobile.net\\\/#\\\/schema\\\/logo\\\/image\\\/\"}}]}<\/script>\n<!-- \/ Yoast SEO plugin. -->","yoast_head_json":{"title":"L'isolation thermique renforc\u00e9e de la terrasse mobile","description":"La terrasse mobile pour piscine SlideDeck peut \u00eatre \u00e9quip\u00e9e de plusieurs options dont l'isolation thermique.","robots":{"index":"index","follow":"follow","max-snippet":"max-snippet:-1","max-image-preview":"max-image-preview:large","max-video-preview":"max-video-preview:-1"},"canonical":"https:\/\/terrasse-mobile.net\/he\/terrasse-mobile-sur-mesure\/options\/terasse-mobile-avec-isolation-thermique\/","og_locale":"he_IL","og_type":"article","og_title":"L'isolation thermique renforc\u00e9e de la terrasse mobile","og_description":"La terrasse mobile pour piscine SlideDeck peut \u00eatre \u00e9quip\u00e9e de plusieurs options dont l'isolation thermique.","og_url":"https:\/\/terrasse-mobile.net\/he\/terrasse-mobile-sur-mesure\/options\/terasse-mobile-avec-isolation-thermique\/","og_site_name":"Terrasse mobile","article_modified_time":"2025-11-25T15:05:07+00:00","og_image":[{"width":2000,"height":1500,"url":"https:\/\/terrasse-mobile.net\/wp-content\/uploads\/2024\/02\/REAL-SABOURAULT-PISCINE-2.jpg","type":"image\/jpeg"}],"twitter_card":"summary_large_image","twitter_misc":{"\u05d6\u05de\u05df \u05e7\u05e8\u05d9\u05d0\u05d4 \u05de\u05d5\u05e2\u05e8\u05da":"2 \u05d3\u05e7\u05d5\u05ea"},"schema":{"@context":"https:\/\/schema.org","@graph":[{"@type":"WebPage","@id":"https:\/\/terrasse-mobile.net\/terrasse-mobile-sur-mesure\/options\/terasse-mobile-avec-isolation-thermique\/","url":"https:\/\/terrasse-mobile.net\/terrasse-mobile-sur-mesure\/options\/terasse-mobile-avec-isolation-thermique\/","name":"L'isolation thermique renforc\u00e9e de la terrasse mobile","isPartOf":{"@id":"https:\/\/terrasse-mobile.net\/#website"},"primaryImageOfPage":{"@id":"https:\/\/terrasse-mobile.net\/terrasse-mobile-sur-mesure\/options\/terasse-mobile-avec-isolation-thermique\/#primaryimage"},"image":{"@id":"https:\/\/terrasse-mobile.net\/terrasse-mobile-sur-mesure\/options\/terasse-mobile-avec-isolation-thermique\/#primaryimage"},"thumbnailUrl":"https:\/\/terrasse-mobile.net\/wp-content\/uploads\/2024\/02\/REAL-SABOURAULT-PISCINE-2.jpg","datePublished":"2024-10-02T12:47:23+00:00","dateModified":"2025-11-25T15:05:07+00:00","description":"La terrasse mobile pour piscine SlideDeck peut \u00eatre \u00e9quip\u00e9e de plusieurs options dont l'isolation thermique.","breadcrumb":{"@id":"https:\/\/terrasse-mobile.net\/terrasse-mobile-sur-mesure\/options\/terasse-mobile-avec-isolation-thermique\/#breadcrumb"},"inLanguage":"he-IL","potentialAction":[{"@type":"ReadAction","target":["https:\/\/terrasse-mobile.net\/terrasse-mobile-sur-mesure\/options\/terasse-mobile-avec-isolation-thermique\/"]}]},{"@type":"ImageObject","inLanguage":"he-IL","@id":"https:\/\/terrasse-mobile.net\/terrasse-mobile-sur-mesure\/options\/terasse-mobile-avec-isolation-thermique\/#primaryimage","url":"https:\/\/terrasse-mobile.net\/wp-content\/uploads\/2024\/02\/REAL-SABOURAULT-PISCINE-2.jpg","contentUrl":"https:\/\/terrasse-mobile.net\/wp-content\/uploads\/2024\/02\/REAL-SABOURAULT-PISCINE-2.jpg","width":2000,"height":1500,"caption":"DCIM100MEDIADJI_0365.JPG"},{"@type":"BreadcrumbList","@id":"https:\/\/terrasse-mobile.net\/terrasse-mobile-sur-mesure\/options\/terasse-mobile-avec-isolation-thermique\/#breadcrumb","itemListElement":[{"@type":"ListItem","position":1,"name":"Accueil","item":"https:\/\/terrasse-mobile.net\/"},{"@type":"ListItem","position":2,"name":"LA TERRASSE MOBILE SUR-MESURE POUR PISCINE","item":"https:\/\/terrasse-mobile.net\/terrasse-mobile-sur-mesure\/"},{"@type":"ListItem","position":3,"name":"LES OPTIONS POUR VOTRE TERRASSE MOBILE POUR PISCINE","item":"https:\/\/terrasse-mobile.net\/terrasse-mobile-sur-mesure\/options\/"},{"@type":"ListItem","position":4,"name":"L&rsquo;ISOLATION THERMIQUE RENFORC\u00c9E DE LA TERRASSE MOBILE"}]},{"@type":"WebSite","@id":"https:\/\/terrasse-mobile.net\/#website","url":"https:\/\/terrasse-mobile.net\/","name":"Slidedeck","description":"Construction sur mesure de terrasses mobiles en \u00cele-de-France","publisher":{"@id":"https:\/\/terrasse-mobile.net\/#organization"},"potentialAction":[{"@type":"SearchAction","target":{"@type":"EntryPoint","urlTemplate":"https:\/\/terrasse-mobile.net\/?s={search_term_string}"},"query-input":{"@type":"PropertyValueSpecification","valueRequired":true,"valueName":"search_term_string"}}],"inLanguage":"he-IL"},{"@type":"Organization","@id":"https:\/\/terrasse-mobile.net\/#organization","name":"Slidedeck","url":"https:\/\/terrasse-mobile.net\/","logo":{"@type":"ImageObject","inLanguage":"he-IL","@id":"https:\/\/terrasse-mobile.net\/#\/schema\/logo\/image\/","url":"https:\/\/terrasse-mobile.net\/wp-content\/uploads\/2024\/01\/logo-slidedeck.jpg","contentUrl":"https:\/\/terrasse-mobile.net\/wp-content\/uploads\/2024\/01\/logo-slidedeck.jpg","width":2000,"height":1103,"caption":"Slidedeck"},"image":{"@id":"https:\/\/terrasse-mobile.net\/#\/schema\/logo\/image\/"}}]}},"_links":{"self":[{"href":"https:\/\/terrasse-mobile.net\/he\/wp-json\/wp\/v2\/pages\/5515","targetHints":{"allow":["GET"]}}],"collection":[{"href":"https:\/\/terrasse-mobile.net\/he\/wp-json\/wp\/v2\/pages"}],"about":[{"href":"https:\/\/terrasse-mobile.net\/he\/wp-json\/wp\/v2\/types\/page"}],"author":[{"embeddable":true,"href":"https:\/\/terrasse-mobile.net\/he\/wp-json\/wp\/v2\/users\/1"}],"replies":[{"embeddable":true,"href":"https:\/\/terrasse-mobile.net\/he\/wp-json\/wp\/v2\/comments?post=5515"}],"version-history":[{"count":8,"href":"https:\/\/terrasse-mobile.net\/he\/wp-json\/wp\/v2\/pages\/5515\/revisions"}],"predecessor-version":[{"id":7294,"href":"https:\/\/terrasse-mobile.net\/he\/wp-json\/wp\/v2\/pages\/5515\/revisions\/7294"}],"up":[{"embeddable":true,"href":"https:\/\/terrasse-mobile.net\/he\/wp-json\/wp\/v2\/pages\/5509"}],"wp:featuredmedia":[{"embeddable":true,"href":"https:\/\/terrasse-mobile.net\/he\/wp-json\/wp\/v2\/media\/3640"}],"wp:attachment":[{"href":"https:\/\/terrasse-mobile.net\/he\/wp-json\/wp\/v2\/media?parent=5515"}],"wp:term":[{"taxonomy":"folder","embeddable":true,"href":"https:\/\/terrasse-mobile.net\/he\/wp-json\/wp\/v2\/folder?post=5515"}],"curies":[{"name":"wp","href":"https:\/\/api.w.org\/{rel}","templated":true}]}}