{"id":5527,"date":"2024-10-02T14:46:59","date_gmt":"2024-10-02T12:46:59","guid":{"rendered":"https:\/\/terrasse-mobile.net\/?page_id=5527"},"modified":"2024-10-02T14:46:59","modified_gmt":"2024-10-02T12:46:59","slug":"terrasse-mobile-spa-jacuzzi","status":"publish","type":"page","link":"https:\/\/terrasse-mobile.net\/he\/terrasse-mobile-spa-jacuzzi\/","title":{"rendered":"TERRASSE MOBILE POUR SPAS ET JACUZZIS &#8212; -2"},"content":{"rendered":"<h1 class=\"wp-block-heading has-text-align-center\">La terrasse mobile pour spas et jacuzzis<\/h1>\n\n\n\n<p class=\"has-text-align-center\"><em>La terrasse mobile SlideDeck est id\u00e9ale pour les piscines, mais \u00e9galement pour les spas et jacuzzis &#8230;<\/em><\/p>\n\n\n\n<div class=\"wp-block-group\"><div class=\"wp-block-group__inner-container is-layout-constrained wp-block-group-is-layout-constrained\">\n<div class=\"wp-block-columns is-layout-flex wp-container-core-columns-is-layout-9d6595d7 wp-block-columns-is-layout-flex\">\n<div class=\"wp-block-column is-layout-flow wp-block-column-is-layout-flow\">\n<h2 class=\"wp-block-heading\">Conservation de la chaleur de l&rsquo;eau<\/h2>\n\n\n\n<p>M\u00eame pendant l&rsquo;hiver, en temps frais, ou bien la nuit, il est possible de profiter de votre spa ou de votre jacuzzi toute l&rsquo;ann\u00e9e gr\u00e2ce aux terrasses mobiles SlideDeck. L&rsquo;isolation thermique permet une excellente conservation de la chaleur de l&rsquo;eau, ce qui repr\u00e9sente un avantage consid\u00e9rable du SlideDeck.<\/p>\n\n\n\n<h2 class=\"wp-block-heading\">Une terrasse mobile d&rsquo;une r\u00e9sistance accrue<\/h2>\n\n\n\n<p>Nos terrasses mobiles sont con\u00e7ues afin de durer dans le temps, et de r\u00e9sister aux intemp\u00e9ries. Nous utilisons les meilleurs mat\u00e9riaux possibles afin d&rsquo;allier esth\u00e9tismes, efficacit\u00e9 et r\u00e9sistance. La terrasse mobile SlideDeck a une garantie de vie de minimum 10 ans.<\/p>\n<\/div>\n\n\n\n<div class=\"wp-block-column is-layout-flow wp-block-column-is-layout-flow\">\n<figure class=\"wp-block-image size-full\"><img decoding=\"async\" width=\"643\" height=\"487\" src=\"https:\/\/terrasse-mobile.net\/wp-content\/uploads\/2024\/03\/New-Project-11.jpg\" alt=\"terrasse mobile pour spa\" class=\"wp-image-4797\" style=\"aspect-ratio:3\/2;object-fit:cover\" srcset=\"https:\/\/terrasse-mobile.net\/wp-content\/uploads\/2024\/03\/New-Project-11.jpg 643w, https:\/\/terrasse-mobile.net\/wp-content\/uploads\/2024\/03\/New-Project-11-300x227.jpg 300w\" sizes=\"(max-width: 643px) 100vw, 643px\" \/><\/figure>\n<\/div>\n<\/div>\n<\/div><\/div>\n\n\n\n<div class=\"wp-block-group\"><div class=\"wp-block-group__inner-container is-layout-constrained wp-block-group-is-layout-constrained\">\n<div class=\"wp-block-columns is-layout-flex wp-container-core-columns-is-layout-9d6595d7 wp-block-columns-is-layout-flex\">\n<div class=\"wp-block-column is-layout-flow wp-block-column-is-layout-flow\">\n<figure class=\"wp-block-image size-full\"><img decoding=\"async\" width=\"500\" height=\"375\" src=\"https:\/\/terrasse-mobile.net\/wp-content\/uploads\/2024\/03\/roll-deck-setting.jpg\" alt=\"terrasse mobile pour jacuzzi\" class=\"wp-image-4798\" srcset=\"https:\/\/terrasse-mobile.net\/wp-content\/uploads\/2024\/03\/roll-deck-setting.jpg 500w, https:\/\/terrasse-mobile.net\/wp-content\/uploads\/2024\/03\/roll-deck-setting-300x225.jpg 300w\" sizes=\"(max-width: 500px) 100vw, 500px\" \/><\/figure>\n<\/div>\n\n\n\n<div class=\"wp-block-column is-layout-flow wp-block-column-is-layout-flow\">\n<h2 class=\"wp-block-heading\">Une terrasse mobile qui s&rsquo;adapte aux dimensions<\/h2>\n\n\n\n<p>Nous savons que chaque piscine, spa ou jacuzzi est diff\u00e9rent. Certains d&rsquo;entre eux peuvent m\u00eame pr\u00e9senter des formes atypiques. La terrasse mobile SlideDeck est sur mesure et peut donc \u00eatre adapt\u00e9e \u00e0 la totalit\u00e9 des formes de bassins.&nbsp;<\/p>\n\n\n\n<h2 class=\"wp-block-heading\">Un esth\u00e9tisme unique<\/h2>\n\n\n\n<p>Construire une terrasse mobile SlideDeck au-dessus de votre spa ou jacuzzi apporte non seulement un r\u00e9el espace suppl\u00e9mentaire \u00e0 votre jardin, mais est \u00e9galement une pi\u00e8ce d&rsquo;ext\u00e9rieur d&rsquo;exception, dont le rev\u00eatement est personnalisable selon vos go\u00fbts;&nbsp;<\/p>\n<\/div>\n<\/div>\n<\/div><\/div>\n\n\n\n<div class=\"wp-block-buttons is-content-justification-center is-layout-flex wp-container-core-buttons-is-layout-16018d1d wp-block-buttons-is-layout-flex\">\n<div class=\"wp-block-button\"><a class=\"wp-block-button__link wp-element-button\" href=\"https:\/\/terrasse-mobile.net\/he\/configurations\/\">D\u00e9couvrir nos autres configurations<\/a><\/div>\n<\/div>\n\n\n\n<p><\/p>","protected":false},"excerpt":{"rendered":"<p>La terrasse mobile pour spas et jacuzzis La terrasse mobile SlideDeck est id\u00e9ale pour les piscines, mais \u00e9galement pour les spas et jacuzzis &#8230; Conservation de la chaleur de l&rsquo;eau M\u00eame pendant l&rsquo;hiver, en temps frais, ou bien la nuit, il est possible de profiter de votre spa ou de votre jacuzzi toute l&rsquo;ann\u00e9e gr\u00e2ce&#8230;<\/p>","protected":false},"author":1,"featured_media":0,"parent":0,"menu_order":12,"comment_status":"closed","ping_status":"closed","template":"","meta":{"_kad_post_transparent":"","_kad_post_title":"","_kad_post_layout":"","_kad_post_sidebar_id":"","_kad_post_content_style":"","_kad_post_vertical_padding":"","_kad_post_feature":"","_kad_post_feature_position":"","_kad_post_header":false,"_kad_post_footer":false,"_kad_post_classname":"","footnotes":""},"folder":[],"class_list":["post-5527","page","type-page","status-publish","hentry"],"yoast_head":"<!-- This site is optimized with the Yoast SEO plugin v27.5 - https:\/\/yoast.com\/product\/yoast-seo-wordpress\/ -->\n<title>Comment construire une terrasse mobile pour piscine ?<\/title>\n<meta name=\"robots\" content=\"index, follow, max-snippet:-1, max-image-preview:large, max-video-preview:-1\" \/>\n<link rel=\"canonical\" href=\"https:\/\/terrasse-mobile.net\/he\/terrasse-mobile-spa-jacuzzi\/\" \/>\n<meta property=\"og:locale\" content=\"he_IL\" \/>\n<meta property=\"og:type\" content=\"article\" \/>\n<meta property=\"og:title\" content=\"Comment construire une terrasse mobile pour piscine ?\" \/>\n<meta property=\"og:description\" content=\"La terrasse mobile pour spas et jacuzzis La terrasse mobile SlideDeck est id\u00e9ale pour les piscines, mais \u00e9galement pour les spas et jacuzzis &#8230; Conservation de la chaleur de l&rsquo;eau M\u00eame pendant l&rsquo;hiver, en temps frais, ou bien la nuit, il est possible de profiter de votre spa ou de votre jacuzzi toute l&rsquo;ann\u00e9e gr\u00e2ce...\" \/>\n<meta property=\"og:url\" content=\"https:\/\/terrasse-mobile.net\/he\/terrasse-mobile-spa-jacuzzi\/\" \/>\n<meta property=\"og:site_name\" content=\"Terrasse mobile\" \/>\n<meta property=\"og:image\" content=\"https:\/\/terrasse-mobile.net\/wp-content\/uploads\/2024\/03\/New-Project-11.jpg\" \/>\n<meta name=\"twitter:card\" content=\"summary_large_image\" \/>\n<meta name=\"twitter:label1\" content=\"\u05d6\u05de\u05df \u05e7\u05e8\u05d9\u05d0\u05d4 \u05de\u05d5\u05e2\u05e8\u05da\" \/>\n\t<meta name=\"twitter:data1\" content=\"2 \u05d3\u05e7\u05d5\u05ea\" \/>\n<script type=\"application\/ld+json\" class=\"yoast-schema-graph\">{\"@context\":\"https:\\\/\\\/schema.org\",\"@graph\":[{\"@type\":\"WebPage\",\"@id\":\"https:\\\/\\\/terrasse-mobile.net\\\/terrasse-mobile-spa-jacuzzi\\\/\",\"url\":\"https:\\\/\\\/terrasse-mobile.net\\\/terrasse-mobile-spa-jacuzzi\\\/\",\"name\":\"Comment construire une terrasse mobile pour piscine ?\",\"isPartOf\":{\"@id\":\"https:\\\/\\\/terrasse-mobile.net\\\/#website\"},\"primaryImageOfPage\":{\"@id\":\"https:\\\/\\\/terrasse-mobile.net\\\/terrasse-mobile-spa-jacuzzi\\\/#primaryimage\"},\"image\":{\"@id\":\"https:\\\/\\\/terrasse-mobile.net\\\/terrasse-mobile-spa-jacuzzi\\\/#primaryimage\"},\"thumbnailUrl\":\"https:\\\/\\\/terrasse-mobile.net\\\/wp-content\\\/uploads\\\/2024\\\/03\\\/New-Project-11.jpg\",\"datePublished\":\"2024-10-02T12:46:59+00:00\",\"breadcrumb\":{\"@id\":\"https:\\\/\\\/terrasse-mobile.net\\\/terrasse-mobile-spa-jacuzzi\\\/#breadcrumb\"},\"inLanguage\":\"he-IL\",\"potentialAction\":[{\"@type\":\"ReadAction\",\"target\":[\"https:\\\/\\\/terrasse-mobile.net\\\/terrasse-mobile-spa-jacuzzi\\\/\"]}]},{\"@type\":\"ImageObject\",\"inLanguage\":\"he-IL\",\"@id\":\"https:\\\/\\\/terrasse-mobile.net\\\/terrasse-mobile-spa-jacuzzi\\\/#primaryimage\",\"url\":\"https:\\\/\\\/terrasse-mobile.net\\\/wp-content\\\/uploads\\\/2024\\\/03\\\/New-Project-11.jpg\",\"contentUrl\":\"https:\\\/\\\/terrasse-mobile.net\\\/wp-content\\\/uploads\\\/2024\\\/03\\\/New-Project-11.jpg\"},{\"@type\":\"BreadcrumbList\",\"@id\":\"https:\\\/\\\/terrasse-mobile.net\\\/terrasse-mobile-spa-jacuzzi\\\/#breadcrumb\",\"itemListElement\":[{\"@type\":\"ListItem\",\"position\":1,\"name\":\"Accueil\",\"item\":\"https:\\\/\\\/terrasse-mobile.net\\\/\"},{\"@type\":\"ListItem\",\"position\":2,\"name\":\"TERRASSE MOBILE POUR SPAS ET JACUZZIS &#8212; -2\"}]},{\"@type\":\"WebSite\",\"@id\":\"https:\\\/\\\/terrasse-mobile.net\\\/#website\",\"url\":\"https:\\\/\\\/terrasse-mobile.net\\\/\",\"name\":\"Slidedeck\",\"description\":\"Construction sur mesure de terrasses mobiles en \u00cele-de-France\",\"publisher\":{\"@id\":\"https:\\\/\\\/terrasse-mobile.net\\\/#organization\"},\"potentialAction\":[{\"@type\":\"SearchAction\",\"target\":{\"@type\":\"EntryPoint\",\"urlTemplate\":\"https:\\\/\\\/terrasse-mobile.net\\\/?s={search_term_string}\"},\"query-input\":{\"@type\":\"PropertyValueSpecification\",\"valueRequired\":true,\"valueName\":\"search_term_string\"}}],\"inLanguage\":\"he-IL\"},{\"@type\":\"Organization\",\"@id\":\"https:\\\/\\\/terrasse-mobile.net\\\/#organization\",\"name\":\"Slidedeck\",\"url\":\"https:\\\/\\\/terrasse-mobile.net\\\/\",\"logo\":{\"@type\":\"ImageObject\",\"inLanguage\":\"he-IL\",\"@id\":\"https:\\\/\\\/terrasse-mobile.net\\\/#\\\/schema\\\/logo\\\/image\\\/\",\"url\":\"https:\\\/\\\/terrasse-mobile.net\\\/wp-content\\\/uploads\\\/2024\\\/01\\\/logo-slidedeck.jpg\",\"contentUrl\":\"https:\\\/\\\/terrasse-mobile.net\\\/wp-content\\\/uploads\\\/2024\\\/01\\\/logo-slidedeck.jpg\",\"width\":2000,\"height\":1103,\"caption\":\"Slidedeck\"},\"image\":{\"@id\":\"https:\\\/\\\/terrasse-mobile.net\\\/#\\\/schema\\\/logo\\\/image\\\/\"}}]}<\/script>\n<!-- \/ Yoast SEO plugin. -->","yoast_head_json":{"title":"Comment construire une terrasse mobile pour piscine ?","robots":{"index":"index","follow":"follow","max-snippet":"max-snippet:-1","max-image-preview":"max-image-preview:large","max-video-preview":"max-video-preview:-1"},"canonical":"https:\/\/terrasse-mobile.net\/he\/terrasse-mobile-spa-jacuzzi\/","og_locale":"he_IL","og_type":"article","og_title":"Comment construire une terrasse mobile pour piscine ?","og_description":"La terrasse mobile pour spas et jacuzzis La terrasse mobile SlideDeck est id\u00e9ale pour les piscines, mais \u00e9galement pour les spas et jacuzzis &#8230; Conservation de la chaleur de l&rsquo;eau M\u00eame pendant l&rsquo;hiver, en temps frais, ou bien la nuit, il est possible de profiter de votre spa ou de votre jacuzzi toute l&rsquo;ann\u00e9e gr\u00e2ce...","og_url":"https:\/\/terrasse-mobile.net\/he\/terrasse-mobile-spa-jacuzzi\/","og_site_name":"Terrasse mobile","og_image":[{"url":"https:\/\/terrasse-mobile.net\/wp-content\/uploads\/2024\/03\/New-Project-11.jpg","type":"","width":"","height":""}],"twitter_card":"summary_large_image","twitter_misc":{"\u05d6\u05de\u05df \u05e7\u05e8\u05d9\u05d0\u05d4 \u05de\u05d5\u05e2\u05e8\u05da":"2 \u05d3\u05e7\u05d5\u05ea"},"schema":{"@context":"https:\/\/schema.org","@graph":[{"@type":"WebPage","@id":"https:\/\/terrasse-mobile.net\/terrasse-mobile-spa-jacuzzi\/","url":"https:\/\/terrasse-mobile.net\/terrasse-mobile-spa-jacuzzi\/","name":"Comment construire une terrasse mobile pour piscine ?","isPartOf":{"@id":"https:\/\/terrasse-mobile.net\/#website"},"primaryImageOfPage":{"@id":"https:\/\/terrasse-mobile.net\/terrasse-mobile-spa-jacuzzi\/#primaryimage"},"image":{"@id":"https:\/\/terrasse-mobile.net\/terrasse-mobile-spa-jacuzzi\/#primaryimage"},"thumbnailUrl":"https:\/\/terrasse-mobile.net\/wp-content\/uploads\/2024\/03\/New-Project-11.jpg","datePublished":"2024-10-02T12:46:59+00:00","breadcrumb":{"@id":"https:\/\/terrasse-mobile.net\/terrasse-mobile-spa-jacuzzi\/#breadcrumb"},"inLanguage":"he-IL","potentialAction":[{"@type":"ReadAction","target":["https:\/\/terrasse-mobile.net\/terrasse-mobile-spa-jacuzzi\/"]}]},{"@type":"ImageObject","inLanguage":"he-IL","@id":"https:\/\/terrasse-mobile.net\/terrasse-mobile-spa-jacuzzi\/#primaryimage","url":"https:\/\/terrasse-mobile.net\/wp-content\/uploads\/2024\/03\/New-Project-11.jpg","contentUrl":"https:\/\/terrasse-mobile.net\/wp-content\/uploads\/2024\/03\/New-Project-11.jpg"},{"@type":"BreadcrumbList","@id":"https:\/\/terrasse-mobile.net\/terrasse-mobile-spa-jacuzzi\/#breadcrumb","itemListElement":[{"@type":"ListItem","position":1,"name":"Accueil","item":"https:\/\/terrasse-mobile.net\/"},{"@type":"ListItem","position":2,"name":"TERRASSE MOBILE POUR SPAS ET JACUZZIS &#8212; -2"}]},{"@type":"WebSite","@id":"https:\/\/terrasse-mobile.net\/#website","url":"https:\/\/terrasse-mobile.net\/","name":"Slidedeck","description":"Construction sur mesure de terrasses mobiles en \u00cele-de-France","publisher":{"@id":"https:\/\/terrasse-mobile.net\/#organization"},"potentialAction":[{"@type":"SearchAction","target":{"@type":"EntryPoint","urlTemplate":"https:\/\/terrasse-mobile.net\/?s={search_term_string}"},"query-input":{"@type":"PropertyValueSpecification","valueRequired":true,"valueName":"search_term_string"}}],"inLanguage":"he-IL"},{"@type":"Organization","@id":"https:\/\/terrasse-mobile.net\/#organization","name":"Slidedeck","url":"https:\/\/terrasse-mobile.net\/","logo":{"@type":"ImageObject","inLanguage":"he-IL","@id":"https:\/\/terrasse-mobile.net\/#\/schema\/logo\/image\/","url":"https:\/\/terrasse-mobile.net\/wp-content\/uploads\/2024\/01\/logo-slidedeck.jpg","contentUrl":"https:\/\/terrasse-mobile.net\/wp-content\/uploads\/2024\/01\/logo-slidedeck.jpg","width":2000,"height":1103,"caption":"Slidedeck"},"image":{"@id":"https:\/\/terrasse-mobile.net\/#\/schema\/logo\/image\/"}}]}},"_links":{"self":[{"href":"https:\/\/terrasse-mobile.net\/he\/wp-json\/wp\/v2\/pages\/5527","targetHints":{"allow":["GET"]}}],"collection":[{"href":"https:\/\/terrasse-mobile.net\/he\/wp-json\/wp\/v2\/pages"}],"about":[{"href":"https:\/\/terrasse-mobile.net\/he\/wp-json\/wp\/v2\/types\/page"}],"author":[{"embeddable":true,"href":"https:\/\/terrasse-mobile.net\/he\/wp-json\/wp\/v2\/users\/1"}],"replies":[{"embeddable":true,"href":"https:\/\/terrasse-mobile.net\/he\/wp-json\/wp\/v2\/comments?post=5527"}],"version-history":[{"count":2,"href":"https:\/\/terrasse-mobile.net\/he\/wp-json\/wp\/v2\/pages\/5527\/revisions"}],"predecessor-version":[{"id":5529,"href":"https:\/\/terrasse-mobile.net\/he\/wp-json\/wp\/v2\/pages\/5527\/revisions\/5529"}],"wp:attachment":[{"href":"https:\/\/terrasse-mobile.net\/he\/wp-json\/wp\/v2\/media?parent=5527"}],"wp:term":[{"taxonomy":"folder","embeddable":true,"href":"https:\/\/terrasse-mobile.net\/he\/wp-json\/wp\/v2\/folder?post=5527"}],"curies":[{"name":"wp","href":"https:\/\/api.w.org\/{rel}","templated":true}]}}