{"id":5603,"date":"2024-10-02T14:45:09","date_gmt":"2024-10-02T12:45:09","guid":{"rendered":"https:\/\/terrasse-mobile.net\/?page_id=5603"},"modified":"2025-11-25T15:44:48","modified_gmt":"2025-11-25T14:44:48","slug":"entretien-terrasse-coulissante","status":"publish","type":"page","link":"https:\/\/terrasse-mobile.net\/he\/slidedeck\/installation-entretien\/entretien-terrasse-coulissante\/","title":{"rendered":"L&rsquo;ENTRETIEN DE VOTRE TERRASSE MOBILE SLIDEDECK"},"content":{"rendered":"<div class=\"wp-block-group\"><div class=\"wp-block-group__inner-container is-layout-constrained wp-block-group-is-layout-constrained\">\n<div class=\"wp-block-columns is-layout-flex wp-container-core-columns-is-layout-9d6595d7 wp-block-columns-is-layout-flex\">\n<div class=\"wp-block-column is-layout-flow wp-block-column-is-layout-flow\">\n<h2 class=\"wp-block-heading\">Des mat\u00e9riaux id\u00e9als pour la terrasse mobile <br>de votre piscine<\/h2>\n\n\n\n<p>La structure de la terrasse mobile SlideDeck est con\u00e7ue \u00e0 partir de mat\u00e9riaux de haute qualit\u00e9, tels que l&rsquo;acier inoxydable et l\u2019aluminium. Ils sont \u00e9ternellement durables, r\u00e9sistants m\u00e9caniquement et bien entendu parfaitement r\u00e9sistants \u00e0 la corrosion . De m\u00eame, les accessoires (roulettes, motorisation, pi\u00e8ces de fixation sont \u00e9galement r\u00e9alis\u00e9es en acier inoxydable pour que l&rsquo;ensemble de la terrasse mobile soit compatible \u00e0 de grands standards de qualit\u00e9. Votre terrasse mobile pour piscine restera en parfait \u00e9tat pendant au moins 40 ans sans n\u00e9cessiter de remplacement ni de r\u00e9parations.<\/p>\n<\/div>\n\n\n\n<div class=\"wp-block-column is-layout-flow wp-block-column-is-layout-flow\">\n<figure class=\"wp-block-image size-full\"><img decoding=\"async\" width=\"743\" height=\"560\" src=\"https:\/\/terrasse-mobile.net\/wp-content\/uploads\/2024\/01\/SLIDEDECK-GAZON-SYNTHETIQUE00002-1.jpeg\" alt=\"TERRASSE MOBILE GAZON SYNTHETIQUE\" class=\"wp-image-1968\" style=\"aspect-ratio:3\/2;object-fit:cover\" srcset=\"https:\/\/terrasse-mobile.net\/wp-content\/uploads\/2024\/01\/SLIDEDECK-GAZON-SYNTHETIQUE00002-1.jpeg 743w, https:\/\/terrasse-mobile.net\/wp-content\/uploads\/2024\/01\/SLIDEDECK-GAZON-SYNTHETIQUE00002-1-300x226.jpeg 300w\" sizes=\"(max-width: 743px) 100vw, 743px\" \/><\/figure>\n<\/div>\n<\/div>\n<\/div><\/div>\n\n\n\n<h2 class=\"wp-block-heading has-text-align-center\">Des rev\u00eatements pour terrasse mobile faciles d&rsquo;entretien<\/h2>\n\n\n\n<p class=\"has-text-align-center\">Nous proposons plusieurs rev\u00eatements pour votre terrasse mobile SlideDeck : les lames de terrasse en bois exotique, les lames en bois composite, les lames en aluminium, le gazon synth\u00e9tique, la feuille de pierre, etc&#8230; Tous ces rev\u00eatements sont parfaitement resistants \u00e0 la pluie, \u00e0 la neige, au gel, aux rayons U.V. et bien entendu \u00e0 l&rsquo;eau chlor\u00e9e. Les qualit\u00e9s de technique de nos rev\u00eatements&nbsp; nous permettent de vous garantir que votre terrasse mobile conservera son apparence pendant de tr\u00e8s nombreuses ann\u00e9es sans avoir besoin d&rsquo;entretien particulier ; si ce n&rsquo;est un coup de balais brosse 2 fois par an, un passage l\u00e9ger au nettoyeur haute pression. Les rev\u00eatements de la terrasse mobile SlideDeck sont tr\u00e8s uqalitatifs ce qui rend le nettoyage rapide et facile. Un simple coup de balai ou un rin\u00e7age \u00e0 l&rsquo;eau savonneuse suffit g\u00e9n\u00e9ralement pour \u00e9liminer la salet\u00e9, la poussi\u00e8re et les d\u00e9bris.&nbsp;<\/p>\n\n\n\n<p><br><\/p>\n\n\n\n<div class=\"wp-block-group\"><div class=\"wp-block-group__inner-container is-layout-constrained wp-block-group-is-layout-constrained\">\n<div class=\"wp-block-columns is-layout-flex wp-container-core-columns-is-layout-9d6595d7 wp-block-columns-is-layout-flex\">\n<div class=\"wp-block-column is-layout-flow wp-block-column-is-layout-flow\">\n<figure class=\"wp-block-image size-full\"><img decoding=\"async\" width=\"700\" height=\"465\" src=\"https:\/\/terrasse-mobile.net\/wp-content\/uploads\/2024\/02\/REAL-DUTHION-PISCINE2-copie-1.jpg\" alt=\"Terrasse mobile SlideDeck\" class=\"wp-image-3580\" style=\"aspect-ratio:3\/2;object-fit:cover\" srcset=\"https:\/\/terrasse-mobile.net\/wp-content\/uploads\/2024\/02\/REAL-DUTHION-PISCINE2-copie-1.jpg 700w, https:\/\/terrasse-mobile.net\/wp-content\/uploads\/2024\/02\/REAL-DUTHION-PISCINE2-copie-1-300x199.jpg 300w\" sizes=\"(max-width: 700px) 100vw, 700px\" \/><\/figure>\n<\/div>\n\n\n\n<div class=\"wp-block-column is-layout-flow wp-block-column-is-layout-flow\">\n<h2 class=\"wp-block-heading\">Une terrasse mobile qui durera 40 ans<\/h2>\n\n\n\n<p>La terrasse mobile pour piscine SlideDeck est extr\u00eamement r\u00e9sistante sur le plan m\u00e9canique et terme de dur\u00e9e de vie. En choisissant SlideDeck, vous \u00eates tranquille pour les 40 prochaines ann\u00e9es : un investissement fiable et durable.<\/p>\n\n\n\n<div class=\"wp-block-buttons is-content-justification-center is-layout-flex wp-container-core-buttons-is-layout-16018d1d wp-block-buttons-is-layout-flex\">\n<div class=\"wp-block-button is-style-fill\"><a class=\"wp-block-button__link has-white-color has-text-color has-background has-link-color has-small-font-size has-custom-font-size wp-element-button\" href=\"https:\/\/terrasse-mobile.net\/he\/terrasse-mobile-sur-mesure\/options\/\" style=\"background-color:#3579a4\">D\u00c9COUVREZ LES OPTIONS POUR TERRASSE MOBILE SLIDEDECK<\/a><\/div>\n<\/div>\n<\/div>\n<\/div>\n\n\n\n<h2 class=\"wp-block-heading\"><\/h2>\n<\/div><\/div>","protected":false},"excerpt":{"rendered":"<p>Des mat\u00e9riaux id\u00e9als pour la terrasse mobile de votre piscine La structure de la terrasse mobile SlideDeck est con\u00e7ue \u00e0 partir de mat\u00e9riaux de haute qualit\u00e9, tels que l&rsquo;acier inoxydable et l\u2019aluminium. Ils sont \u00e9ternellement durables, r\u00e9sistants m\u00e9caniquement et bien entendu parfaitement r\u00e9sistants \u00e0 la corrosion . De m\u00eame, les accessoires (roulettes, motorisation, pi\u00e8ces de&#8230;<\/p>","protected":false},"author":1,"featured_media":3640,"parent":5585,"menu_order":19,"comment_status":"closed","ping_status":"closed","template":"","meta":{"_kad_post_transparent":"","_kad_post_title":"","_kad_post_layout":"","_kad_post_sidebar_id":"","_kad_post_content_style":"","_kad_post_vertical_padding":"","_kad_post_feature":"","_kad_post_feature_position":"","_kad_post_header":false,"_kad_post_footer":false,"_kad_post_classname":"","footnotes":""},"folder":[],"class_list":["post-5603","page","type-page","status-publish","has-post-thumbnail","hentry"],"yoast_head":"<!-- This site is optimized with the Yoast SEO plugin v27.4 - https:\/\/yoast.com\/product\/yoast-seo-wordpress\/ -->\n<title>L&#039;entretien d&#039;une terrasse coulissante de piscine<\/title>\n<meta name=\"description\" content=\"L&#039;entretien de la terrasse mobile de votre piscine n&#039;est pas compliqu\u00e9. Tout d\u00e9pend du rev\u00eatement que vous avez choisi !\" \/>\n<meta name=\"robots\" content=\"index, follow, max-snippet:-1, max-image-preview:large, max-video-preview:-1\" \/>\n<link rel=\"canonical\" href=\"https:\/\/terrasse-mobile.net\/he\/slidedeck\/installation-entretien\/entretien-terrasse-coulissante\/\" \/>\n<meta property=\"og:locale\" content=\"he_IL\" \/>\n<meta property=\"og:type\" content=\"article\" \/>\n<meta property=\"og:title\" content=\"L&#039;entretien d&#039;une terrasse coulissante de piscine\" \/>\n<meta property=\"og:description\" content=\"L&#039;entretien de la terrasse mobile de votre piscine n&#039;est pas compliqu\u00e9. Tout d\u00e9pend du rev\u00eatement que vous avez choisi !\" \/>\n<meta property=\"og:url\" content=\"https:\/\/terrasse-mobile.net\/he\/slidedeck\/installation-entretien\/entretien-terrasse-coulissante\/\" \/>\n<meta property=\"og:site_name\" content=\"Terrasse mobile\" \/>\n<meta property=\"article:modified_time\" content=\"2025-11-25T14:44:48+00:00\" \/>\n<meta property=\"og:image\" content=\"https:\/\/terrasse-mobile.net\/wp-content\/uploads\/2024\/02\/REAL-SABOURAULT-PISCINE-2.jpg\" \/>\n\t<meta property=\"og:image:width\" content=\"2000\" \/>\n\t<meta property=\"og:image:height\" content=\"1500\" \/>\n\t<meta property=\"og:image:type\" content=\"image\/jpeg\" \/>\n<meta name=\"twitter:card\" content=\"summary_large_image\" \/>\n<meta name=\"twitter:label1\" content=\"\u05d6\u05de\u05df \u05e7\u05e8\u05d9\u05d0\u05d4 \u05de\u05d5\u05e2\u05e8\u05da\" \/>\n\t<meta name=\"twitter:data1\" content=\"3 \u05d3\u05e7\u05d5\u05ea\" \/>\n<script type=\"application\/ld+json\" class=\"yoast-schema-graph\">{\"@context\":\"https:\\\/\\\/schema.org\",\"@graph\":[{\"@type\":\"WebPage\",\"@id\":\"https:\\\/\\\/terrasse-mobile.net\\\/slidedeck\\\/installation-entretien\\\/entretien-terrasse-coulissante\\\/\",\"url\":\"https:\\\/\\\/terrasse-mobile.net\\\/slidedeck\\\/installation-entretien\\\/entretien-terrasse-coulissante\\\/\",\"name\":\"L'entretien d'une terrasse coulissante de piscine\",\"isPartOf\":{\"@id\":\"https:\\\/\\\/terrasse-mobile.net\\\/#website\"},\"primaryImageOfPage\":{\"@id\":\"https:\\\/\\\/terrasse-mobile.net\\\/slidedeck\\\/installation-entretien\\\/entretien-terrasse-coulissante\\\/#primaryimage\"},\"image\":{\"@id\":\"https:\\\/\\\/terrasse-mobile.net\\\/slidedeck\\\/installation-entretien\\\/entretien-terrasse-coulissante\\\/#primaryimage\"},\"thumbnailUrl\":\"https:\\\/\\\/terrasse-mobile.net\\\/wp-content\\\/uploads\\\/2024\\\/02\\\/REAL-SABOURAULT-PISCINE-2.jpg\",\"datePublished\":\"2024-10-02T12:45:09+00:00\",\"dateModified\":\"2025-11-25T14:44:48+00:00\",\"description\":\"L'entretien de la terrasse mobile de votre piscine n'est pas compliqu\u00e9. Tout d\u00e9pend du rev\u00eatement que vous avez choisi !\",\"breadcrumb\":{\"@id\":\"https:\\\/\\\/terrasse-mobile.net\\\/slidedeck\\\/installation-entretien\\\/entretien-terrasse-coulissante\\\/#breadcrumb\"},\"inLanguage\":\"he-IL\",\"potentialAction\":[{\"@type\":\"ReadAction\",\"target\":[\"https:\\\/\\\/terrasse-mobile.net\\\/slidedeck\\\/installation-entretien\\\/entretien-terrasse-coulissante\\\/\"]}]},{\"@type\":\"ImageObject\",\"inLanguage\":\"he-IL\",\"@id\":\"https:\\\/\\\/terrasse-mobile.net\\\/slidedeck\\\/installation-entretien\\\/entretien-terrasse-coulissante\\\/#primaryimage\",\"url\":\"https:\\\/\\\/terrasse-mobile.net\\\/wp-content\\\/uploads\\\/2024\\\/02\\\/REAL-SABOURAULT-PISCINE-2.jpg\",\"contentUrl\":\"https:\\\/\\\/terrasse-mobile.net\\\/wp-content\\\/uploads\\\/2024\\\/02\\\/REAL-SABOURAULT-PISCINE-2.jpg\",\"width\":2000,\"height\":1500,\"caption\":\"DCIM100MEDIADJI_0365.JPG\"},{\"@type\":\"BreadcrumbList\",\"@id\":\"https:\\\/\\\/terrasse-mobile.net\\\/slidedeck\\\/installation-entretien\\\/entretien-terrasse-coulissante\\\/#breadcrumb\",\"itemListElement\":[{\"@type\":\"ListItem\",\"position\":1,\"name\":\"Accueil\",\"item\":\"https:\\\/\\\/terrasse-mobile.net\\\/\"},{\"@type\":\"ListItem\",\"position\":2,\"name\":\"SLIDEDECK\",\"item\":\"https:\\\/\\\/terrasse-mobile.net\\\/slidedeck\\\/\"},{\"@type\":\"ListItem\",\"position\":3,\"name\":\"INSTALLATION DE LA TERRASSE MOBILE SLIDEDECK\",\"item\":\"https:\\\/\\\/terrasse-mobile.net\\\/slidedeck\\\/installation-entretien\\\/\"},{\"@type\":\"ListItem\",\"position\":4,\"name\":\"L&rsquo;ENTRETIEN DE VOTRE TERRASSE MOBILE SLIDEDECK\"}]},{\"@type\":\"WebSite\",\"@id\":\"https:\\\/\\\/terrasse-mobile.net\\\/#website\",\"url\":\"https:\\\/\\\/terrasse-mobile.net\\\/\",\"name\":\"Slidedeck\",\"description\":\"Construction sur mesure de terrasses mobiles en \u00cele-de-France\",\"publisher\":{\"@id\":\"https:\\\/\\\/terrasse-mobile.net\\\/#organization\"},\"potentialAction\":[{\"@type\":\"SearchAction\",\"target\":{\"@type\":\"EntryPoint\",\"urlTemplate\":\"https:\\\/\\\/terrasse-mobile.net\\\/?s={search_term_string}\"},\"query-input\":{\"@type\":\"PropertyValueSpecification\",\"valueRequired\":true,\"valueName\":\"search_term_string\"}}],\"inLanguage\":\"he-IL\"},{\"@type\":\"Organization\",\"@id\":\"https:\\\/\\\/terrasse-mobile.net\\\/#organization\",\"name\":\"Slidedeck\",\"url\":\"https:\\\/\\\/terrasse-mobile.net\\\/\",\"logo\":{\"@type\":\"ImageObject\",\"inLanguage\":\"he-IL\",\"@id\":\"https:\\\/\\\/terrasse-mobile.net\\\/#\\\/schema\\\/logo\\\/image\\\/\",\"url\":\"https:\\\/\\\/terrasse-mobile.net\\\/wp-content\\\/uploads\\\/2024\\\/01\\\/logo-slidedeck.jpg\",\"contentUrl\":\"https:\\\/\\\/terrasse-mobile.net\\\/wp-content\\\/uploads\\\/2024\\\/01\\\/logo-slidedeck.jpg\",\"width\":2000,\"height\":1103,\"caption\":\"Slidedeck\"},\"image\":{\"@id\":\"https:\\\/\\\/terrasse-mobile.net\\\/#\\\/schema\\\/logo\\\/image\\\/\"}}]}<\/script>\n<!-- \/ Yoast SEO plugin. -->","yoast_head_json":{"title":"L'entretien d'une terrasse coulissante de piscine","description":"L'entretien de la terrasse mobile de votre piscine n'est pas compliqu\u00e9. Tout d\u00e9pend du rev\u00eatement que vous avez choisi !","robots":{"index":"index","follow":"follow","max-snippet":"max-snippet:-1","max-image-preview":"max-image-preview:large","max-video-preview":"max-video-preview:-1"},"canonical":"https:\/\/terrasse-mobile.net\/he\/slidedeck\/installation-entretien\/entretien-terrasse-coulissante\/","og_locale":"he_IL","og_type":"article","og_title":"L'entretien d'une terrasse coulissante de piscine","og_description":"L'entretien de la terrasse mobile de votre piscine n'est pas compliqu\u00e9. Tout d\u00e9pend du rev\u00eatement que vous avez choisi !","og_url":"https:\/\/terrasse-mobile.net\/he\/slidedeck\/installation-entretien\/entretien-terrasse-coulissante\/","og_site_name":"Terrasse mobile","article_modified_time":"2025-11-25T14:44:48+00:00","og_image":[{"width":2000,"height":1500,"url":"https:\/\/terrasse-mobile.net\/wp-content\/uploads\/2024\/02\/REAL-SABOURAULT-PISCINE-2.jpg","type":"image\/jpeg"}],"twitter_card":"summary_large_image","twitter_misc":{"\u05d6\u05de\u05df \u05e7\u05e8\u05d9\u05d0\u05d4 \u05de\u05d5\u05e2\u05e8\u05da":"3 \u05d3\u05e7\u05d5\u05ea"},"schema":{"@context":"https:\/\/schema.org","@graph":[{"@type":"WebPage","@id":"https:\/\/terrasse-mobile.net\/slidedeck\/installation-entretien\/entretien-terrasse-coulissante\/","url":"https:\/\/terrasse-mobile.net\/slidedeck\/installation-entretien\/entretien-terrasse-coulissante\/","name":"L'entretien d'une terrasse coulissante de piscine","isPartOf":{"@id":"https:\/\/terrasse-mobile.net\/#website"},"primaryImageOfPage":{"@id":"https:\/\/terrasse-mobile.net\/slidedeck\/installation-entretien\/entretien-terrasse-coulissante\/#primaryimage"},"image":{"@id":"https:\/\/terrasse-mobile.net\/slidedeck\/installation-entretien\/entretien-terrasse-coulissante\/#primaryimage"},"thumbnailUrl":"https:\/\/terrasse-mobile.net\/wp-content\/uploads\/2024\/02\/REAL-SABOURAULT-PISCINE-2.jpg","datePublished":"2024-10-02T12:45:09+00:00","dateModified":"2025-11-25T14:44:48+00:00","description":"L'entretien de la terrasse mobile de votre piscine n'est pas compliqu\u00e9. Tout d\u00e9pend du rev\u00eatement que vous avez choisi !","breadcrumb":{"@id":"https:\/\/terrasse-mobile.net\/slidedeck\/installation-entretien\/entretien-terrasse-coulissante\/#breadcrumb"},"inLanguage":"he-IL","potentialAction":[{"@type":"ReadAction","target":["https:\/\/terrasse-mobile.net\/slidedeck\/installation-entretien\/entretien-terrasse-coulissante\/"]}]},{"@type":"ImageObject","inLanguage":"he-IL","@id":"https:\/\/terrasse-mobile.net\/slidedeck\/installation-entretien\/entretien-terrasse-coulissante\/#primaryimage","url":"https:\/\/terrasse-mobile.net\/wp-content\/uploads\/2024\/02\/REAL-SABOURAULT-PISCINE-2.jpg","contentUrl":"https:\/\/terrasse-mobile.net\/wp-content\/uploads\/2024\/02\/REAL-SABOURAULT-PISCINE-2.jpg","width":2000,"height":1500,"caption":"DCIM100MEDIADJI_0365.JPG"},{"@type":"BreadcrumbList","@id":"https:\/\/terrasse-mobile.net\/slidedeck\/installation-entretien\/entretien-terrasse-coulissante\/#breadcrumb","itemListElement":[{"@type":"ListItem","position":1,"name":"Accueil","item":"https:\/\/terrasse-mobile.net\/"},{"@type":"ListItem","position":2,"name":"SLIDEDECK","item":"https:\/\/terrasse-mobile.net\/slidedeck\/"},{"@type":"ListItem","position":3,"name":"INSTALLATION DE LA TERRASSE MOBILE SLIDEDECK","item":"https:\/\/terrasse-mobile.net\/slidedeck\/installation-entretien\/"},{"@type":"ListItem","position":4,"name":"L&rsquo;ENTRETIEN DE VOTRE TERRASSE MOBILE SLIDEDECK"}]},{"@type":"WebSite","@id":"https:\/\/terrasse-mobile.net\/#website","url":"https:\/\/terrasse-mobile.net\/","name":"Slidedeck","description":"Construction sur mesure de terrasses mobiles en \u00cele-de-France","publisher":{"@id":"https:\/\/terrasse-mobile.net\/#organization"},"potentialAction":[{"@type":"SearchAction","target":{"@type":"EntryPoint","urlTemplate":"https:\/\/terrasse-mobile.net\/?s={search_term_string}"},"query-input":{"@type":"PropertyValueSpecification","valueRequired":true,"valueName":"search_term_string"}}],"inLanguage":"he-IL"},{"@type":"Organization","@id":"https:\/\/terrasse-mobile.net\/#organization","name":"Slidedeck","url":"https:\/\/terrasse-mobile.net\/","logo":{"@type":"ImageObject","inLanguage":"he-IL","@id":"https:\/\/terrasse-mobile.net\/#\/schema\/logo\/image\/","url":"https:\/\/terrasse-mobile.net\/wp-content\/uploads\/2024\/01\/logo-slidedeck.jpg","contentUrl":"https:\/\/terrasse-mobile.net\/wp-content\/uploads\/2024\/01\/logo-slidedeck.jpg","width":2000,"height":1103,"caption":"Slidedeck"},"image":{"@id":"https:\/\/terrasse-mobile.net\/#\/schema\/logo\/image\/"}}]}},"_links":{"self":[{"href":"https:\/\/terrasse-mobile.net\/he\/wp-json\/wp\/v2\/pages\/5603","targetHints":{"allow":["GET"]}}],"collection":[{"href":"https:\/\/terrasse-mobile.net\/he\/wp-json\/wp\/v2\/pages"}],"about":[{"href":"https:\/\/terrasse-mobile.net\/he\/wp-json\/wp\/v2\/types\/page"}],"author":[{"embeddable":true,"href":"https:\/\/terrasse-mobile.net\/he\/wp-json\/wp\/v2\/users\/1"}],"replies":[{"embeddable":true,"href":"https:\/\/terrasse-mobile.net\/he\/wp-json\/wp\/v2\/comments?post=5603"}],"version-history":[{"count":7,"href":"https:\/\/terrasse-mobile.net\/he\/wp-json\/wp\/v2\/pages\/5603\/revisions"}],"predecessor-version":[{"id":7277,"href":"https:\/\/terrasse-mobile.net\/he\/wp-json\/wp\/v2\/pages\/5603\/revisions\/7277"}],"up":[{"embeddable":true,"href":"https:\/\/terrasse-mobile.net\/he\/wp-json\/wp\/v2\/pages\/5585"}],"wp:featuredmedia":[{"embeddable":true,"href":"https:\/\/terrasse-mobile.net\/he\/wp-json\/wp\/v2\/media\/3640"}],"wp:attachment":[{"href":"https:\/\/terrasse-mobile.net\/he\/wp-json\/wp\/v2\/media?parent=5603"}],"wp:term":[{"taxonomy":"folder","embeddable":true,"href":"https:\/\/terrasse-mobile.net\/he\/wp-json\/wp\/v2\/folder?post=5603"}],"curies":[{"name":"wp","href":"https:\/\/api.w.org\/{rel}","templated":true}]}}