{"id":1187,"date":"2024-01-23T11:08:06","date_gmt":"2024-01-23T10:08:58","guid":{"rendered":"https:\/\/terrasse-mobile.net\/?page_id=1187"},"modified":"2024-10-01T12:57:04","modified_gmt":"2024-10-01T10:57:04","slug":"vantaggi-piscina-mobile-a-terrazza-vecchia","status":"publish","type":"page","link":"https:\/\/terrasse-mobile.net\/it\/terrasse-mobile-ile-de-france-old\/avantages-terrasse-mobile-piscine-old\/","title":{"rendered":"I VANTAGGI DELLO SLIDEDECK vecchio"},"content":{"rendered":"<h1>I vantaggi del decking mobile SlideDeck<\/h1>\n<p>\t\t\t\t\t\t\t\t\t\t\t\t\t<img decoding=\"async\" width=\"800\" height=\"600\" src=\"https:\/\/terrasse-mobile.net\/wp-content\/uploads\/2024\/01\/REAL-SABOURAULT-PISCINE-3-1.jpg\" alt=\"piscina con terrazza mobile\" srcset=\"https:\/\/terrasse-mobile.net\/wp-content\/uploads\/2024\/01\/REAL-SABOURAULT-PISCINE-3-1.jpg 1000w, https:\/\/terrasse-mobile.net\/wp-content\/uploads\/2024\/01\/REAL-SABOURAULT-PISCINE-3-1-300x225.jpg 300w, https:\/\/terrasse-mobile.net\/wp-content\/uploads\/2024\/01\/REAL-SABOURAULT-PISCINE-3-1-768x576.jpg 768w\" sizes=\"(max-width: 800px) 100vw, 800px\" \/>\t\t\t\t\t\t\t\t\t\t\t\t\t<\/p>\n<h2>La terrazza mobile SlideDeck crea spazio<br \/>\n<\/h2>\n<p>Il vantaggio principale della nostra terrazza mobile \u00e8 il risparmio di spazio. La terrazza mobile pu\u00f2 sostenere i mobili da giardino e il peso di pi\u00f9 persone. Potete lasciare i vostri mobili da giardino in modo permanente sulla terrazza mobile SlideDeck: non dovrete spostarli ogni volta che volete aprire o chiudere la piscina.<\/p>\n<h2>SlideDeck vi aiuta a mantenere la piscina calda e a risparmiare energia.<br \/>\n<\/h2>\n<p>Anche la terrazza mobile svolge un ruolo essenziale nel mantenere il calore all'interno. La terrazza mobile della piscina \u00e8 perfettamente ermetica di serie, per limitare l'evaporazione, e come opzione offriamo un isolamento termico estremamente efficace. Grazie a questo isolamento termico, la temperatura della piscina \u00e8 preservata, proprio come in una spa, e questo genera un notevole risparmio sui costi energetici, mantenendo una temperatura ideale per la vostra piscina.<\/p>\n<h2>La pedana mobile SlideDeck protegge la vostra piscina<\/h2>\n<p>SlideDeck, una protezione ottimale per la vostra piscina. Questi ponti mobili sono molto efficaci nell'impedire ai parassiti di accedere alla piscina, evitando cos\u00ec potenziali contaminazioni. SlideDeck impedisce inoltre l'ingresso di sporco, foglie e detriti che possono influire sulla qualit\u00e0 dell'acqua.<\/p>\n<h2>SlideDeck rende la piscina pi\u00f9 sicura<br \/>\n<\/h2>\n<p>Le nostre terrazze mobili offrono una protezione ultra-efficiente per la vostra piscina. Le nostre terrazze mobili coprono completamente la piscina, garantendo un'efficace protezione 100%. Installiamo un blocco di sicurezza per impedire ai bambini di spostare la terrazza mobile e accedere alla piscina senza la supervisione dei genitori.\u00a0\u00a0<\/p>\n<h2>SlideDeck ha un'estetica unica<br \/>\n<\/h2>\n<p>La pedana SlideDeck si distingue come una delle opzioni pi\u00f9 interessanti quando si parla di pedane mobili. Offriamo una scelta molto ampia di rivestimenti, tra cui decking in legni esotici, compositi e alluminio. Quando la piscina \u00e8 aperta, si pu\u00f2 godere di una splendida terrazza, un fresco solarium, proprio accanto alla piscina. Quando si finisce di nuotare, la terrazza scivola sulla piscina in un batter d'occhio per proteggerla e nasconderla.<\/p>\n<p>\t\t\t<a href=\"https:\/\/terrasse-mobile.net\/it\/rivestimenti\/\"><br \/>\n\t\t\t\t\t\tScoprite tutti i rivestimenti disponibili<br \/>\n\t\t\t\t\t<\/a><br \/>\n\t\t\t\t\t\t\t\t\t\t\t\t\t<img decoding=\"async\" width=\"800\" height=\"530\" src=\"https:\/\/terrasse-mobile.net\/wp-content\/uploads\/2024\/01\/rea-montain00007-1.jpg\" alt=\"\" srcset=\"https:\/\/terrasse-mobile.net\/wp-content\/uploads\/2024\/01\/rea-montain00007-1.jpg 999w, https:\/\/terrasse-mobile.net\/wp-content\/uploads\/2024\/01\/rea-montain00007-1-300x199.jpg 300w, https:\/\/terrasse-mobile.net\/wp-content\/uploads\/2024\/01\/rea-montain00007-1-768x509.jpg 768w\" sizes=\"(max-width: 800px) 100vw, 800px\" \/><\/p>","protected":false},"excerpt":{"rendered":"<p>Les avantages de la terrasse mobile SlideDeck La terrasse mobile SlideDeck cr\u00e9e de l\u2019espace Le principal avantage de notre terrasse mobile r\u00e9side dans le gain d&rsquo;espace. Votre terrasse mobile peut supporter votre mobilier de jardin et le poids de plusieurs personnes. Vous pouvez donc installer une table dessus pour d\u00e9jeuner, ou encore vous reposer sur&#8230;<\/p>","protected":false},"author":1,"featured_media":0,"parent":365,"menu_order":2,"comment_status":"closed","ping_status":"closed","template":"","meta":{"_kad_post_transparent":"","_kad_post_title":"","_kad_post_layout":"","_kad_post_sidebar_id":"","_kad_post_content_style":"","_kad_post_vertical_padding":"","_kad_post_feature":"","_kad_post_feature_position":"","_kad_post_header":false,"_kad_post_footer":false,"_kad_post_classname":"","footnotes":""},"folder":[13],"class_list":["post-1187","page","type-page","status-publish","hentry"],"yoast_head":"<!-- This site is optimized with the Yoast SEO plugin v27.5 - https:\/\/yoast.com\/product\/yoast-seo-wordpress\/ -->\n<title>Les avantages de la terrasse mobile pour piscine<\/title>\n<meta name=\"robots\" content=\"index, follow, max-snippet:-1, max-image-preview:large, max-video-preview:-1\" \/>\n<link rel=\"canonical\" href=\"https:\/\/terrasse-mobile.net\/it\/terrazza-mobile-ile-de-france-vecchio\/vantaggi-piscina-mobile-a-terrazza-vecchia\/\" \/>\n<meta property=\"og:locale\" content=\"it_IT\" \/>\n<meta property=\"og:type\" content=\"article\" \/>\n<meta property=\"og:title\" content=\"Les avantages de la terrasse mobile pour piscine\" \/>\n<meta property=\"og:description\" content=\"Les avantages de la terrasse mobile SlideDeck La terrasse mobile SlideDeck cr\u00e9e de l\u2019espace Le principal avantage de notre terrasse mobile r\u00e9side dans le gain d&rsquo;espace. Votre terrasse mobile peut supporter votre mobilier de jardin et le poids de plusieurs personnes. Vous pouvez donc installer une table dessus pour d\u00e9jeuner, ou encore vous reposer sur...\" \/>\n<meta property=\"og:url\" content=\"https:\/\/terrasse-mobile.net\/it\/terrazza-mobile-ile-de-france-vecchio\/vantaggi-piscina-mobile-a-terrazza-vecchia\/\" \/>\n<meta property=\"og:site_name\" content=\"Terrasse mobile\" \/>\n<meta property=\"article:modified_time\" content=\"2024-10-01T10:57:04+00:00\" \/>\n<meta property=\"og:image\" content=\"https:\/\/terrasse-mobile.net\/wp-content\/uploads\/2024\/01\/REAL-SABOURAULT-PISCINE-3-1.jpg\" \/>\n<meta name=\"twitter:card\" content=\"summary_large_image\" \/>\n<meta name=\"twitter:label1\" content=\"Tempo di lettura stimato\" \/>\n\t<meta name=\"twitter:data1\" content=\"3 minuti\" \/>\n<script type=\"application\/ld+json\" class=\"yoast-schema-graph\">{\"@context\":\"https:\\\/\\\/schema.org\",\"@graph\":[{\"@type\":\"WebPage\",\"@id\":\"https:\\\/\\\/terrasse-mobile.net\\\/terrasse-mobile-ile-de-france-old\\\/avantages-terrasse-mobile-piscine-old\\\/\",\"url\":\"https:\\\/\\\/terrasse-mobile.net\\\/terrasse-mobile-ile-de-france-old\\\/avantages-terrasse-mobile-piscine-old\\\/\",\"name\":\"Les avantages de la terrasse mobile pour piscine\",\"isPartOf\":{\"@id\":\"https:\\\/\\\/terrasse-mobile.net\\\/#website\"},\"primaryImageOfPage\":{\"@id\":\"https:\\\/\\\/terrasse-mobile.net\\\/terrasse-mobile-ile-de-france-old\\\/avantages-terrasse-mobile-piscine-old\\\/#primaryimage\"},\"image\":{\"@id\":\"https:\\\/\\\/terrasse-mobile.net\\\/terrasse-mobile-ile-de-france-old\\\/avantages-terrasse-mobile-piscine-old\\\/#primaryimage\"},\"thumbnailUrl\":\"https:\\\/\\\/terrasse-mobile.net\\\/wp-content\\\/uploads\\\/2024\\\/01\\\/REAL-SABOURAULT-PISCINE-3-1.jpg\",\"datePublished\":\"2024-01-23T10:08:58+00:00\",\"dateModified\":\"2024-10-01T10:57:04+00:00\",\"breadcrumb\":{\"@id\":\"https:\\\/\\\/terrasse-mobile.net\\\/terrasse-mobile-ile-de-france-old\\\/avantages-terrasse-mobile-piscine-old\\\/#breadcrumb\"},\"inLanguage\":\"it-IT\",\"potentialAction\":[{\"@type\":\"ReadAction\",\"target\":[\"https:\\\/\\\/terrasse-mobile.net\\\/terrasse-mobile-ile-de-france-old\\\/avantages-terrasse-mobile-piscine-old\\\/\"]}]},{\"@type\":\"ImageObject\",\"inLanguage\":\"it-IT\",\"@id\":\"https:\\\/\\\/terrasse-mobile.net\\\/terrasse-mobile-ile-de-france-old\\\/avantages-terrasse-mobile-piscine-old\\\/#primaryimage\",\"url\":\"https:\\\/\\\/terrasse-mobile.net\\\/wp-content\\\/uploads\\\/2024\\\/01\\\/REAL-SABOURAULT-PISCINE-3-1.jpg\",\"contentUrl\":\"https:\\\/\\\/terrasse-mobile.net\\\/wp-content\\\/uploads\\\/2024\\\/01\\\/REAL-SABOURAULT-PISCINE-3-1.jpg\"},{\"@type\":\"BreadcrumbList\",\"@id\":\"https:\\\/\\\/terrasse-mobile.net\\\/terrasse-mobile-ile-de-france-old\\\/avantages-terrasse-mobile-piscine-old\\\/#breadcrumb\",\"itemListElement\":[{\"@type\":\"ListItem\",\"position\":1,\"name\":\"Accueil\",\"item\":\"https:\\\/\\\/terrasse-mobile.net\\\/\"},{\"@type\":\"ListItem\",\"position\":2,\"name\":\"D\u00c9COUVREZ SLIDEDECK old\",\"item\":\"https:\\\/\\\/terrasse-mobile.net\\\/terrasse-mobile-ile-de-france-old\\\/\"},{\"@type\":\"ListItem\",\"position\":3,\"name\":\"LES AVANTAGES SLIDEDECK old\"}]},{\"@type\":\"WebSite\",\"@id\":\"https:\\\/\\\/terrasse-mobile.net\\\/#website\",\"url\":\"https:\\\/\\\/terrasse-mobile.net\\\/\",\"name\":\"Slidedeck\",\"description\":\"Construction sur mesure de terrasses mobiles en \u00cele-de-France\",\"publisher\":{\"@id\":\"https:\\\/\\\/terrasse-mobile.net\\\/#organization\"},\"potentialAction\":[{\"@type\":\"SearchAction\",\"target\":{\"@type\":\"EntryPoint\",\"urlTemplate\":\"https:\\\/\\\/terrasse-mobile.net\\\/?s={search_term_string}\"},\"query-input\":{\"@type\":\"PropertyValueSpecification\",\"valueRequired\":true,\"valueName\":\"search_term_string\"}}],\"inLanguage\":\"it-IT\"},{\"@type\":\"Organization\",\"@id\":\"https:\\\/\\\/terrasse-mobile.net\\\/#organization\",\"name\":\"Slidedeck\",\"url\":\"https:\\\/\\\/terrasse-mobile.net\\\/\",\"logo\":{\"@type\":\"ImageObject\",\"inLanguage\":\"it-IT\",\"@id\":\"https:\\\/\\\/terrasse-mobile.net\\\/#\\\/schema\\\/logo\\\/image\\\/\",\"url\":\"https:\\\/\\\/terrasse-mobile.net\\\/wp-content\\\/uploads\\\/2024\\\/01\\\/logo-slidedeck.jpg\",\"contentUrl\":\"https:\\\/\\\/terrasse-mobile.net\\\/wp-content\\\/uploads\\\/2024\\\/01\\\/logo-slidedeck.jpg\",\"width\":2000,\"height\":1103,\"caption\":\"Slidedeck\"},\"image\":{\"@id\":\"https:\\\/\\\/terrasse-mobile.net\\\/#\\\/schema\\\/logo\\\/image\\\/\"}}]}<\/script>\n<!-- \/ Yoast SEO plugin. -->","yoast_head_json":{"title":"I vantaggi di una terrazza mobile per piscina","robots":{"index":"index","follow":"follow","max-snippet":"max-snippet:-1","max-image-preview":"max-image-preview:large","max-video-preview":"max-video-preview:-1"},"canonical":"https:\/\/terrasse-mobile.net\/it\/terrazza-mobile-ile-de-france-vecchio\/vantaggi-piscina-mobile-a-terrazza-vecchia\/","og_locale":"it_IT","og_type":"article","og_title":"Les avantages de la terrasse mobile pour piscine","og_description":"Les avantages de la terrasse mobile SlideDeck La terrasse mobile SlideDeck cr\u00e9e de l\u2019espace Le principal avantage de notre terrasse mobile r\u00e9side dans le gain d&rsquo;espace. Votre terrasse mobile peut supporter votre mobilier de jardin et le poids de plusieurs personnes. Vous pouvez donc installer une table dessus pour d\u00e9jeuner, ou encore vous reposer sur...","og_url":"https:\/\/terrasse-mobile.net\/it\/terrazza-mobile-ile-de-france-vecchio\/vantaggi-piscina-mobile-a-terrazza-vecchia\/","og_site_name":"Terrasse mobile","article_modified_time":"2024-10-01T10:57:04+00:00","og_image":[{"url":"https:\/\/terrasse-mobile.net\/wp-content\/uploads\/2024\/01\/REAL-SABOURAULT-PISCINE-3-1.jpg","type":"","width":"","height":""}],"twitter_card":"summary_large_image","twitter_misc":{"Tempo di lettura stimato":"3 minuti"},"schema":{"@context":"https:\/\/schema.org","@graph":[{"@type":"WebPage","@id":"https:\/\/terrasse-mobile.net\/terrasse-mobile-ile-de-france-old\/avantages-terrasse-mobile-piscine-old\/","url":"https:\/\/terrasse-mobile.net\/terrasse-mobile-ile-de-france-old\/avantages-terrasse-mobile-piscine-old\/","name":"I vantaggi di una terrazza mobile per piscina","isPartOf":{"@id":"https:\/\/terrasse-mobile.net\/#website"},"primaryImageOfPage":{"@id":"https:\/\/terrasse-mobile.net\/terrasse-mobile-ile-de-france-old\/avantages-terrasse-mobile-piscine-old\/#primaryimage"},"image":{"@id":"https:\/\/terrasse-mobile.net\/terrasse-mobile-ile-de-france-old\/avantages-terrasse-mobile-piscine-old\/#primaryimage"},"thumbnailUrl":"https:\/\/terrasse-mobile.net\/wp-content\/uploads\/2024\/01\/REAL-SABOURAULT-PISCINE-3-1.jpg","datePublished":"2024-01-23T10:08:58+00:00","dateModified":"2024-10-01T10:57:04+00:00","breadcrumb":{"@id":"https:\/\/terrasse-mobile.net\/terrasse-mobile-ile-de-france-old\/avantages-terrasse-mobile-piscine-old\/#breadcrumb"},"inLanguage":"it-IT","potentialAction":[{"@type":"ReadAction","target":["https:\/\/terrasse-mobile.net\/terrasse-mobile-ile-de-france-old\/avantages-terrasse-mobile-piscine-old\/"]}]},{"@type":"ImageObject","inLanguage":"it-IT","@id":"https:\/\/terrasse-mobile.net\/terrasse-mobile-ile-de-france-old\/avantages-terrasse-mobile-piscine-old\/#primaryimage","url":"https:\/\/terrasse-mobile.net\/wp-content\/uploads\/2024\/01\/REAL-SABOURAULT-PISCINE-3-1.jpg","contentUrl":"https:\/\/terrasse-mobile.net\/wp-content\/uploads\/2024\/01\/REAL-SABOURAULT-PISCINE-3-1.jpg"},{"@type":"BreadcrumbList","@id":"https:\/\/terrasse-mobile.net\/terrasse-mobile-ile-de-france-old\/avantages-terrasse-mobile-piscine-old\/#breadcrumb","itemListElement":[{"@type":"ListItem","position":1,"name":"Accueil","item":"https:\/\/terrasse-mobile.net\/"},{"@type":"ListItem","position":2,"name":"D\u00c9COUVREZ SLIDEDECK old","item":"https:\/\/terrasse-mobile.net\/terrasse-mobile-ile-de-france-old\/"},{"@type":"ListItem","position":3,"name":"LES AVANTAGES SLIDEDECK old"}]},{"@type":"WebSite","@id":"https:\/\/terrasse-mobile.net\/#website","url":"https:\/\/terrasse-mobile.net\/","name":"Slidedeck","description":"Terrazze mobili su misura nella regione di Parigi","publisher":{"@id":"https:\/\/terrasse-mobile.net\/#organization"},"potentialAction":[{"@type":"SearchAction","target":{"@type":"EntryPoint","urlTemplate":"https:\/\/terrasse-mobile.net\/?s={search_term_string}"},"query-input":{"@type":"PropertyValueSpecification","valueRequired":true,"valueName":"search_term_string"}}],"inLanguage":"it-IT"},{"@type":"Organization","@id":"https:\/\/terrasse-mobile.net\/#organization","name":"Slidedeck","url":"https:\/\/terrasse-mobile.net\/","logo":{"@type":"ImageObject","inLanguage":"it-IT","@id":"https:\/\/terrasse-mobile.net\/#\/schema\/logo\/image\/","url":"https:\/\/terrasse-mobile.net\/wp-content\/uploads\/2024\/01\/logo-slidedeck.jpg","contentUrl":"https:\/\/terrasse-mobile.net\/wp-content\/uploads\/2024\/01\/logo-slidedeck.jpg","width":2000,"height":1103,"caption":"Slidedeck"},"image":{"@id":"https:\/\/terrasse-mobile.net\/#\/schema\/logo\/image\/"}}]}},"_links":{"self":[{"href":"https:\/\/terrasse-mobile.net\/it\/wp-json\/wp\/v2\/pages\/1187","targetHints":{"allow":["GET"]}}],"collection":[{"href":"https:\/\/terrasse-mobile.net\/it\/wp-json\/wp\/v2\/pages"}],"about":[{"href":"https:\/\/terrasse-mobile.net\/it\/wp-json\/wp\/v2\/types\/page"}],"author":[{"embeddable":true,"href":"https:\/\/terrasse-mobile.net\/it\/wp-json\/wp\/v2\/users\/1"}],"replies":[{"embeddable":true,"href":"https:\/\/terrasse-mobile.net\/it\/wp-json\/wp\/v2\/comments?post=1187"}],"version-history":[{"count":86,"href":"https:\/\/terrasse-mobile.net\/it\/wp-json\/wp\/v2\/pages\/1187\/revisions"}],"predecessor-version":[{"id":5640,"href":"https:\/\/terrasse-mobile.net\/it\/wp-json\/wp\/v2\/pages\/1187\/revisions\/5640"}],"up":[{"embeddable":true,"href":"https:\/\/terrasse-mobile.net\/it\/wp-json\/wp\/v2\/pages\/365"}],"wp:attachment":[{"href":"https:\/\/terrasse-mobile.net\/it\/wp-json\/wp\/v2\/media?parent=1187"}],"wp:term":[{"taxonomy":"folder","embeddable":true,"href":"https:\/\/terrasse-mobile.net\/it\/wp-json\/wp\/v2\/folder?post=1187"}],"curies":[{"name":"wp","href":"https:\/\/api.w.org\/{rel}","templated":true}]}}