{"id":1479,"date":"2024-01-24T16:41:44","date_gmt":"2024-01-24T15:41:40","guid":{"rendered":"https:\/\/terrasse-mobile.net\/?page_id=1479"},"modified":"2024-10-01T15:04:31","modified_gmt":"2024-10-01T13:04:31","slug":"legno-composito-vecchio","status":"publish","type":"page","link":"https:\/\/terrasse-mobile.net\/it\/revetements-old\/bois-composite-old\/","title":{"rendered":"LEGNI COMPOSTI vecchi"},"content":{"rendered":"<h1>LEGNO COMPOSITO PER DECKING MOBILE<\/h1>\n<p><em>Scegliete il legno composito che fa per voi ...<\/em><\/p>\n<p>                    <img decoding=\"async\" width=\"400\" height=\"400\" src=\"https:\/\/terrasse-mobile.net\/wp-content\/uploads\/2024\/03\/Deck-Color-Ideas-TimberTech-Whitewash-Cedar-Legacy-Collection-PRO-Decking-Poolside-Deck-Content.jpg\" alt=\"\" srcset=\"https:\/\/terrasse-mobile.net\/wp-content\/uploads\/2024\/03\/Deck-Color-Ideas-TimberTech-Whitewash-Cedar-Legacy-Collection-PRO-Decking-Poolside-Deck-Content.jpg 400w, https:\/\/terrasse-mobile.net\/wp-content\/uploads\/2024\/03\/Deck-Color-Ideas-TimberTech-Whitewash-Cedar-Legacy-Collection-PRO-Decking-Poolside-Deck-Content-300x300.jpg 300w, https:\/\/terrasse-mobile.net\/wp-content\/uploads\/2024\/03\/Deck-Color-Ideas-TimberTech-Whitewash-Cedar-Legacy-Collection-PRO-Decking-Poolside-Deck-Content-150x150.jpg 150w\" sizes=\"(max-width: 400px) 100vw, 400px\" \/><\/p>\n<h2>\n                        LEGNO COMPOSITO MILLBOARD<br \/>\n                    <\/h2>\n<p>                        Le tavole Millboard sono una perfetta imitazione del legno e sono ideali per terrazze di prestigio.<br \/>\n                    <img decoding=\"async\" width=\"400\" height=\"400\" src=\"https:\/\/terrasse-mobile.net\/wp-content\/uploads\/2024\/03\/Deck-Color-Ideas-TimberTech-Slate-Gray-Harvest-Collection-AZEK-Decking-Pool-Deck-Content.jpg\" alt=\"\" srcset=\"https:\/\/terrasse-mobile.net\/wp-content\/uploads\/2024\/03\/Deck-Color-Ideas-TimberTech-Slate-Gray-Harvest-Collection-AZEK-Decking-Pool-Deck-Content.jpg 400w, https:\/\/terrasse-mobile.net\/wp-content\/uploads\/2024\/03\/Deck-Color-Ideas-TimberTech-Slate-Gray-Harvest-Collection-AZEK-Decking-Pool-Deck-Content-300x300.jpg 300w, https:\/\/terrasse-mobile.net\/wp-content\/uploads\/2024\/03\/Deck-Color-Ideas-TimberTech-Slate-Gray-Harvest-Collection-AZEK-Decking-Pool-Deck-Content-150x150.jpg 150w\" sizes=\"(max-width: 400px) 100vw, 400px\" \/><\/p>\n<h2>\n                        LEGNO COMPOSITO TIMBERTECH<br \/>\n                    <\/h2>\n<p>                        I pannelli per terrazze in legno composito sono generalmente realizzati con farina di legno riciclata e materiali sintetici.<\/p>","protected":false},"excerpt":{"rendered":"<p>LES BOIS COMPOSITES POUR TERRASSE MOBILE Choisissez un bois composite qui vous correspond &#8230; BOIS COMPOSITE MILLBOARD Les lames Millboard imitent parfaitement le bois et sont parfaites pour les terrasses de prestige BOIS COMPOSITE TIMBERTECH Les lames de terrasse en bois composite sont constitu\u00e9es en g\u00e9n\u00e9ral de farine de bois recycl\u00e9 et de mat\u00e9riau de&#8230;<\/p>","protected":false},"author":1,"featured_media":0,"parent":1445,"menu_order":1,"comment_status":"closed","ping_status":"closed","template":"","meta":{"_kad_post_transparent":"","_kad_post_title":"","_kad_post_layout":"","_kad_post_sidebar_id":"","_kad_post_content_style":"","_kad_post_vertical_padding":"","_kad_post_feature":"","_kad_post_feature_position":"","_kad_post_header":false,"_kad_post_footer":false,"_kad_post_classname":"","footnotes":""},"folder":[14],"class_list":["post-1479","page","type-page","status-publish","hentry"],"yoast_head":"<!-- This site is optimized with the Yoast SEO plugin v27.5 - https:\/\/yoast.com\/product\/yoast-seo-wordpress\/ -->\n<title>Terrasse mobile de piscine recouverte de bois composites<\/title>\n<meta name=\"robots\" content=\"index, follow, max-snippet:-1, max-image-preview:large, max-video-preview:-1\" \/>\n<link rel=\"canonical\" href=\"https:\/\/terrasse-mobile.net\/it\/vecchi-rivestimenti\/legno-composito-vecchio\/\" \/>\n<meta property=\"og:locale\" content=\"it_IT\" \/>\n<meta property=\"og:type\" content=\"article\" \/>\n<meta property=\"og:title\" content=\"Terrasse mobile de piscine recouverte de bois composites\" \/>\n<meta property=\"og:description\" content=\"LES BOIS COMPOSITES POUR TERRASSE MOBILE Choisissez un bois composite qui vous correspond &#8230; BOIS COMPOSITE MILLBOARD Les lames Millboard imitent parfaitement le bois et sont parfaites pour les terrasses de prestige BOIS COMPOSITE TIMBERTECH Les lames de terrasse en bois composite sont constitu\u00e9es en g\u00e9n\u00e9ral de farine de bois recycl\u00e9 et de mat\u00e9riau de...\" \/>\n<meta property=\"og:url\" content=\"https:\/\/terrasse-mobile.net\/it\/vecchi-rivestimenti\/legno-composito-vecchio\/\" \/>\n<meta property=\"og:site_name\" content=\"Terrasse mobile\" \/>\n<meta property=\"article:modified_time\" content=\"2024-10-01T13:04:31+00:00\" \/>\n<meta property=\"og:image\" content=\"https:\/\/terrasse-mobile.net\/wp-content\/uploads\/2024\/03\/Deck-Color-Ideas-TimberTech-Whitewash-Cedar-Legacy-Collection-PRO-Decking-Poolside-Deck-Content.jpg\" \/>\n<meta name=\"twitter:card\" content=\"summary_large_image\" \/>\n<meta name=\"twitter:label1\" content=\"Tempo di lettura stimato\" \/>\n\t<meta name=\"twitter:data1\" content=\"1 minuto\" \/>\n<script type=\"application\/ld+json\" class=\"yoast-schema-graph\">{\"@context\":\"https:\\\/\\\/schema.org\",\"@graph\":[{\"@type\":\"WebPage\",\"@id\":\"https:\\\/\\\/terrasse-mobile.net\\\/revetements-old\\\/bois-composite-old\\\/\",\"url\":\"https:\\\/\\\/terrasse-mobile.net\\\/revetements-old\\\/bois-composite-old\\\/\",\"name\":\"Terrasse mobile de piscine recouverte de bois composites\",\"isPartOf\":{\"@id\":\"https:\\\/\\\/terrasse-mobile.net\\\/#website\"},\"primaryImageOfPage\":{\"@id\":\"https:\\\/\\\/terrasse-mobile.net\\\/revetements-old\\\/bois-composite-old\\\/#primaryimage\"},\"image\":{\"@id\":\"https:\\\/\\\/terrasse-mobile.net\\\/revetements-old\\\/bois-composite-old\\\/#primaryimage\"},\"thumbnailUrl\":\"https:\\\/\\\/terrasse-mobile.net\\\/wp-content\\\/uploads\\\/2024\\\/03\\\/Deck-Color-Ideas-TimberTech-Whitewash-Cedar-Legacy-Collection-PRO-Decking-Poolside-Deck-Content.jpg\",\"datePublished\":\"2024-01-24T15:41:40+00:00\",\"dateModified\":\"2024-10-01T13:04:31+00:00\",\"breadcrumb\":{\"@id\":\"https:\\\/\\\/terrasse-mobile.net\\\/revetements-old\\\/bois-composite-old\\\/#breadcrumb\"},\"inLanguage\":\"it-IT\",\"potentialAction\":[{\"@type\":\"ReadAction\",\"target\":[\"https:\\\/\\\/terrasse-mobile.net\\\/revetements-old\\\/bois-composite-old\\\/\"]}]},{\"@type\":\"ImageObject\",\"inLanguage\":\"it-IT\",\"@id\":\"https:\\\/\\\/terrasse-mobile.net\\\/revetements-old\\\/bois-composite-old\\\/#primaryimage\",\"url\":\"https:\\\/\\\/terrasse-mobile.net\\\/wp-content\\\/uploads\\\/2024\\\/03\\\/Deck-Color-Ideas-TimberTech-Whitewash-Cedar-Legacy-Collection-PRO-Decking-Poolside-Deck-Content.jpg\",\"contentUrl\":\"https:\\\/\\\/terrasse-mobile.net\\\/wp-content\\\/uploads\\\/2024\\\/03\\\/Deck-Color-Ideas-TimberTech-Whitewash-Cedar-Legacy-Collection-PRO-Decking-Poolside-Deck-Content.jpg\"},{\"@type\":\"BreadcrumbList\",\"@id\":\"https:\\\/\\\/terrasse-mobile.net\\\/revetements-old\\\/bois-composite-old\\\/#breadcrumb\",\"itemListElement\":[{\"@type\":\"ListItem\",\"position\":1,\"name\":\"Accueil\",\"item\":\"https:\\\/\\\/terrasse-mobile.net\\\/\"},{\"@type\":\"ListItem\",\"position\":2,\"name\":\"LES REV\u00caTEMENTS SLIDEDECK OLD\",\"item\":\"https:\\\/\\\/terrasse-mobile.net\\\/revetements-old\\\/\"},{\"@type\":\"ListItem\",\"position\":3,\"name\":\"LES BOIS COMPOSITES old\"}]},{\"@type\":\"WebSite\",\"@id\":\"https:\\\/\\\/terrasse-mobile.net\\\/#website\",\"url\":\"https:\\\/\\\/terrasse-mobile.net\\\/\",\"name\":\"Slidedeck\",\"description\":\"Construction sur mesure de terrasses mobiles en \u00cele-de-France\",\"publisher\":{\"@id\":\"https:\\\/\\\/terrasse-mobile.net\\\/#organization\"},\"potentialAction\":[{\"@type\":\"SearchAction\",\"target\":{\"@type\":\"EntryPoint\",\"urlTemplate\":\"https:\\\/\\\/terrasse-mobile.net\\\/?s={search_term_string}\"},\"query-input\":{\"@type\":\"PropertyValueSpecification\",\"valueRequired\":true,\"valueName\":\"search_term_string\"}}],\"inLanguage\":\"it-IT\"},{\"@type\":\"Organization\",\"@id\":\"https:\\\/\\\/terrasse-mobile.net\\\/#organization\",\"name\":\"Slidedeck\",\"url\":\"https:\\\/\\\/terrasse-mobile.net\\\/\",\"logo\":{\"@type\":\"ImageObject\",\"inLanguage\":\"it-IT\",\"@id\":\"https:\\\/\\\/terrasse-mobile.net\\\/#\\\/schema\\\/logo\\\/image\\\/\",\"url\":\"https:\\\/\\\/terrasse-mobile.net\\\/wp-content\\\/uploads\\\/2024\\\/01\\\/logo-slidedeck.jpg\",\"contentUrl\":\"https:\\\/\\\/terrasse-mobile.net\\\/wp-content\\\/uploads\\\/2024\\\/01\\\/logo-slidedeck.jpg\",\"width\":2000,\"height\":1103,\"caption\":\"Slidedeck\"},\"image\":{\"@id\":\"https:\\\/\\\/terrasse-mobile.net\\\/#\\\/schema\\\/logo\\\/image\\\/\"}}]}<\/script>\n<!-- \/ Yoast SEO plugin. -->","yoast_head_json":{"title":"Terrazza mobile per piscina rivestita in legno composito","robots":{"index":"index","follow":"follow","max-snippet":"max-snippet:-1","max-image-preview":"max-image-preview:large","max-video-preview":"max-video-preview:-1"},"canonical":"https:\/\/terrasse-mobile.net\/it\/vecchi-rivestimenti\/legno-composito-vecchio\/","og_locale":"it_IT","og_type":"article","og_title":"Terrasse mobile de piscine recouverte de bois composites","og_description":"LES BOIS COMPOSITES POUR TERRASSE MOBILE Choisissez un bois composite qui vous correspond &#8230; BOIS COMPOSITE MILLBOARD Les lames Millboard imitent parfaitement le bois et sont parfaites pour les terrasses de prestige BOIS COMPOSITE TIMBERTECH Les lames de terrasse en bois composite sont constitu\u00e9es en g\u00e9n\u00e9ral de farine de bois recycl\u00e9 et de mat\u00e9riau de...","og_url":"https:\/\/terrasse-mobile.net\/it\/vecchi-rivestimenti\/legno-composito-vecchio\/","og_site_name":"Terrasse mobile","article_modified_time":"2024-10-01T13:04:31+00:00","og_image":[{"url":"https:\/\/terrasse-mobile.net\/wp-content\/uploads\/2024\/03\/Deck-Color-Ideas-TimberTech-Whitewash-Cedar-Legacy-Collection-PRO-Decking-Poolside-Deck-Content.jpg","type":"","width":"","height":""}],"twitter_card":"summary_large_image","twitter_misc":{"Tempo di lettura stimato":"1 minuto"},"schema":{"@context":"https:\/\/schema.org","@graph":[{"@type":"WebPage","@id":"https:\/\/terrasse-mobile.net\/revetements-old\/bois-composite-old\/","url":"https:\/\/terrasse-mobile.net\/revetements-old\/bois-composite-old\/","name":"Terrazza mobile per piscina rivestita in legno composito","isPartOf":{"@id":"https:\/\/terrasse-mobile.net\/#website"},"primaryImageOfPage":{"@id":"https:\/\/terrasse-mobile.net\/revetements-old\/bois-composite-old\/#primaryimage"},"image":{"@id":"https:\/\/terrasse-mobile.net\/revetements-old\/bois-composite-old\/#primaryimage"},"thumbnailUrl":"https:\/\/terrasse-mobile.net\/wp-content\/uploads\/2024\/03\/Deck-Color-Ideas-TimberTech-Whitewash-Cedar-Legacy-Collection-PRO-Decking-Poolside-Deck-Content.jpg","datePublished":"2024-01-24T15:41:40+00:00","dateModified":"2024-10-01T13:04:31+00:00","breadcrumb":{"@id":"https:\/\/terrasse-mobile.net\/revetements-old\/bois-composite-old\/#breadcrumb"},"inLanguage":"it-IT","potentialAction":[{"@type":"ReadAction","target":["https:\/\/terrasse-mobile.net\/revetements-old\/bois-composite-old\/"]}]},{"@type":"ImageObject","inLanguage":"it-IT","@id":"https:\/\/terrasse-mobile.net\/revetements-old\/bois-composite-old\/#primaryimage","url":"https:\/\/terrasse-mobile.net\/wp-content\/uploads\/2024\/03\/Deck-Color-Ideas-TimberTech-Whitewash-Cedar-Legacy-Collection-PRO-Decking-Poolside-Deck-Content.jpg","contentUrl":"https:\/\/terrasse-mobile.net\/wp-content\/uploads\/2024\/03\/Deck-Color-Ideas-TimberTech-Whitewash-Cedar-Legacy-Collection-PRO-Decking-Poolside-Deck-Content.jpg"},{"@type":"BreadcrumbList","@id":"https:\/\/terrasse-mobile.net\/revetements-old\/bois-composite-old\/#breadcrumb","itemListElement":[{"@type":"ListItem","position":1,"name":"Accueil","item":"https:\/\/terrasse-mobile.net\/"},{"@type":"ListItem","position":2,"name":"LES REV\u00caTEMENTS SLIDEDECK OLD","item":"https:\/\/terrasse-mobile.net\/revetements-old\/"},{"@type":"ListItem","position":3,"name":"LES BOIS COMPOSITES old"}]},{"@type":"WebSite","@id":"https:\/\/terrasse-mobile.net\/#website","url":"https:\/\/terrasse-mobile.net\/","name":"Slidedeck","description":"Terrazze mobili su misura nella regione di Parigi","publisher":{"@id":"https:\/\/terrasse-mobile.net\/#organization"},"potentialAction":[{"@type":"SearchAction","target":{"@type":"EntryPoint","urlTemplate":"https:\/\/terrasse-mobile.net\/?s={search_term_string}"},"query-input":{"@type":"PropertyValueSpecification","valueRequired":true,"valueName":"search_term_string"}}],"inLanguage":"it-IT"},{"@type":"Organization","@id":"https:\/\/terrasse-mobile.net\/#organization","name":"Slidedeck","url":"https:\/\/terrasse-mobile.net\/","logo":{"@type":"ImageObject","inLanguage":"it-IT","@id":"https:\/\/terrasse-mobile.net\/#\/schema\/logo\/image\/","url":"https:\/\/terrasse-mobile.net\/wp-content\/uploads\/2024\/01\/logo-slidedeck.jpg","contentUrl":"https:\/\/terrasse-mobile.net\/wp-content\/uploads\/2024\/01\/logo-slidedeck.jpg","width":2000,"height":1103,"caption":"Slidedeck"},"image":{"@id":"https:\/\/terrasse-mobile.net\/#\/schema\/logo\/image\/"}}]}},"_links":{"self":[{"href":"https:\/\/terrasse-mobile.net\/it\/wp-json\/wp\/v2\/pages\/1479","targetHints":{"allow":["GET"]}}],"collection":[{"href":"https:\/\/terrasse-mobile.net\/it\/wp-json\/wp\/v2\/pages"}],"about":[{"href":"https:\/\/terrasse-mobile.net\/it\/wp-json\/wp\/v2\/types\/page"}],"author":[{"embeddable":true,"href":"https:\/\/terrasse-mobile.net\/it\/wp-json\/wp\/v2\/users\/1"}],"replies":[{"embeddable":true,"href":"https:\/\/terrasse-mobile.net\/it\/wp-json\/wp\/v2\/comments?post=1479"}],"version-history":[{"count":77,"href":"https:\/\/terrasse-mobile.net\/it\/wp-json\/wp\/v2\/pages\/1479\/revisions"}],"predecessor-version":[{"id":5683,"href":"https:\/\/terrasse-mobile.net\/it\/wp-json\/wp\/v2\/pages\/1479\/revisions\/5683"}],"up":[{"embeddable":true,"href":"https:\/\/terrasse-mobile.net\/it\/wp-json\/wp\/v2\/pages\/1445"}],"wp:attachment":[{"href":"https:\/\/terrasse-mobile.net\/it\/wp-json\/wp\/v2\/media?parent=1479"}],"wp:term":[{"taxonomy":"folder","embeddable":true,"href":"https:\/\/terrasse-mobile.net\/it\/wp-json\/wp\/v2\/folder?post=1479"}],"curies":[{"name":"wp","href":"https:\/\/api.w.org\/{rel}","templated":true}]}}