{"id":1975,"date":"2024-01-26T11:08:44","date_gmt":"2024-01-26T10:08:56","guid":{"rendered":"https:\/\/terrasse-mobile.net\/?page_id=1975"},"modified":"2024-10-01T15:10:02","modified_gmt":"2024-10-01T13:10:02","slug":"foglio-di-pietra-scorrevole-ponte-piscina-vecchio","status":"publish","type":"page","link":"https:\/\/terrasse-mobile.net\/it\/revetements-old\/revetements-naturels-old\/feuille-de-pierre-terrasse-coulissante-de-piscine-old\/","title":{"rendered":"LA FEUILLE DE PIERRE vecchio"},"content":{"rendered":"<h1>Terrazza mobile con lastre di pietra<\/h1>\n<p>\t\t\t\t\t\t\t\t\t\t\t\t\t<img decoding=\"async\" width=\"548\" height=\"445\" src=\"https:\/\/terrasse-mobile.net\/wp-content\/uploads\/2024\/01\/piscine05-pose-16-9-detouree-1.jpeg\" alt=\"lastra di pietra terrazza mobile\" srcset=\"https:\/\/terrasse-mobile.net\/wp-content\/uploads\/2024\/01\/piscine05-pose-16-9-detouree-1.jpeg 548w, https:\/\/terrasse-mobile.net\/wp-content\/uploads\/2024\/01\/piscine05-pose-16-9-detouree-1-300x244.jpeg 300w\" sizes=\"(max-width: 548px) 100vw, 548px\" \/>\t\t\t\t\t\t\t\t\t\t\t\t\t<\/p>\n<h2>Che cos'\u00e8 una lastra di pietra?<br \/>\n<\/h2>\n<p>La pietra in lastre \u00e8 un materiale innovativo utilizzato nell'industria delle costruzioni e della decorazione. \u00c8 costituito da sottili strati di minerali naturali, come mica, quarzo o scisto, che vengono estratti dalle cave di pietra. Questi strati sottili vengono poi rinforzati con resine e fibre per creare una lastra leggera, flessibile e resistente.<\/p>\n<p>La caratteristica principale delle lastre di pietra \u00e8 la loro versatilit\u00e0. Grazie al suo spessore e alla sua flessibilit\u00e0, pu\u00f2 essere utilizzata per rivestire diverse superfici, sia piane che curve. Offre l'autentico aspetto estetico della pietra naturale, pur essendo pi\u00f9 leggera e facile da maneggiare. Inoltre, la pietra in fogli pu\u00f2 essere tagliata e adattata a requisiti specifici, rendendola adatta a un'ampia gamma di progetti architettonici e di interior design.<\/p>\n<p>\t\t\t<a href=\"https:\/\/terrasse-mobile.net\/it\/rivestimenti\/\"><br \/>\n\t\t\t\t\t\tSCOPRI ALTRI RIVESTIMENTI PER SDRAIO<br \/>\n\t\t\t\t\t<\/a><\/p>\n<h2>La foglia di pietra su una terrazza mobile<\/h2>\n<p>Le lastre di pietra sono la scelta ideale per il rivestimento di una terrazza mobile. In primo luogo, la sua leggerezza facilita il processo di installazione e movimentazione quando si tratta di spostare la terrazza. Il materiale leggero riduce il carico strutturale, il che pu\u00f2 essere particolarmente cruciale per i sistemi di terrazzamento mobile, dove mobilit\u00e0 e flessibilit\u00e0 sono essenziali.<\/p>\n<p>La flessibilit\u00e0 della lastra di pietra \u00e8 una caratteristica fondamentale che si adatta perfettamente ai contorni spesso complessi delle terrazze mobili. Pu\u00f2 essere facilmente adattata alle superfici curve o irregolari, garantendo la continuit\u00e0 estetica anche quando la terrazza \u00e8 in movimento.<\/p>\n<p>Esteticamente, le lastre di pietra mantengono l'autenticit\u00e0 visiva della pietra naturale, aggiungendo un tocco di eleganza alla terrazza mobile. La variet\u00e0 di finiture e colori disponibili offre una certa flessibilit\u00e0 progettuale, consentendo alla terrazza di integrarsi con l'ambiente circostante.<\/p>\n<p>In termini di resistenza, la lastra di pietra, pur essendo sottile, pu\u00f2 essere rinforzata per garantire un'adeguata durata e resistenza agli agenti atmosferici, agli urti e all'usura quotidiana, aspetto fondamentale per i rivestimenti esterni soggetti a condizioni climatiche variabili.<\/p>\n<p>La facilit\u00e0 di installazione, unita alla flessibilit\u00e0 e alla leggerezza del materiale, contribuisce a rendere il processo pi\u00f9 efficiente, riducendo i tempi e i costi di installazione: un aspetto essenziale per le coperture mobili, dove la velocit\u00e0 di installazione pu\u00f2 essere fondamentale.<\/p>\n<p>\t\t\t\t\t\t\t\t\t\t\t\t\t<img decoding=\"async\" src=\"https:\/\/terrasse-mobile.net\/wp-content\/uploads\/2024\/01\/feuille-de-pierre-naturelle-pearl-122-61.jpeg\" title=\"natural-stone-leaf-pearl-122-61\" alt=\"lastra di pietra\" loading=\"lazy\" \/><br \/>\n\t\t\t<a href=\"https:\/\/terrasse-mobile.net\/it\/configurazioni\/\"><br \/>\n\t\t\t\t\t\tSCOPRI LE CONFIGURAZIONI DI SLIDEDECK<br \/>\n\t\t\t\t\t<\/a><\/p>","protected":false},"excerpt":{"rendered":"<p>La terrasse mobile avec feuille de pierre Qu\u2019est-ce que la feuille de pierre ? La feuille de pierre est un mat\u00e9riau innovant utilis\u00e9 dans l&rsquo;industrie de la construction et de la d\u00e9coration. Elle est fabriqu\u00e9e \u00e0 partir de fines couches de min\u00e9raux naturels, tels que le mica, le quartz, ou le schiste, qui sont extraits&#8230;<\/p>","protected":false},"author":1,"featured_media":0,"parent":1543,"menu_order":1,"comment_status":"closed","ping_status":"closed","template":"","meta":{"_kad_post_transparent":"","_kad_post_title":"","_kad_post_layout":"","_kad_post_sidebar_id":"","_kad_post_content_style":"","_kad_post_vertical_padding":"","_kad_post_feature":"","_kad_post_feature_position":"","_kad_post_header":false,"_kad_post_footer":false,"_kad_post_classname":"","footnotes":""},"folder":[14],"class_list":["post-1975","page","type-page","status-publish","hentry"],"yoast_head":"<!-- This site is optimized with the Yoast SEO plugin v27.5 - https:\/\/yoast.com\/product\/yoast-seo-wordpress\/ -->\n<title>La feuille de pierre pour terrasse coulissante de piscine<\/title>\n<meta name=\"robots\" content=\"index, follow, max-snippet:-1, max-image-preview:large, max-video-preview:-1\" \/>\n<link rel=\"canonical\" href=\"https:\/\/terrasse-mobile.net\/it\/vecchi-rivestimenti\/rivestimenti-naturali-vecchi\/foglio-di-pietra-scorrevole-ponte-piscina-vecchio\/\" \/>\n<meta property=\"og:locale\" content=\"it_IT\" \/>\n<meta property=\"og:type\" content=\"article\" \/>\n<meta property=\"og:title\" content=\"La feuille de pierre pour terrasse coulissante de piscine\" \/>\n<meta property=\"og:description\" content=\"La terrasse mobile avec feuille de pierre Qu\u2019est-ce que la feuille de pierre ? La feuille de pierre est un mat\u00e9riau innovant utilis\u00e9 dans l&rsquo;industrie de la construction et de la d\u00e9coration. Elle est fabriqu\u00e9e \u00e0 partir de fines couches de min\u00e9raux naturels, tels que le mica, le quartz, ou le schiste, qui sont extraits...\" \/>\n<meta property=\"og:url\" content=\"https:\/\/terrasse-mobile.net\/it\/vecchi-rivestimenti\/rivestimenti-naturali-vecchi\/foglio-di-pietra-scorrevole-ponte-piscina-vecchio\/\" \/>\n<meta property=\"og:site_name\" content=\"Terrasse mobile\" \/>\n<meta property=\"article:modified_time\" content=\"2024-10-01T13:10:02+00:00\" \/>\n<meta property=\"og:image\" content=\"https:\/\/terrasse-mobile.net\/wp-content\/uploads\/2024\/01\/piscine05-pose-16-9-detouree-1.jpeg\" \/>\n<meta name=\"twitter:card\" content=\"summary_large_image\" \/>\n<meta name=\"twitter:label1\" content=\"Tempo di lettura stimato\" \/>\n\t<meta name=\"twitter:data1\" content=\"3 minuti\" \/>\n<script type=\"application\/ld+json\" class=\"yoast-schema-graph\">{\"@context\":\"https:\\\/\\\/schema.org\",\"@graph\":[{\"@type\":\"WebPage\",\"@id\":\"https:\\\/\\\/terrasse-mobile.net\\\/revetements-old\\\/revetements-naturels-old\\\/feuille-de-pierre-terrasse-coulissante-de-piscine-old\\\/\",\"url\":\"https:\\\/\\\/terrasse-mobile.net\\\/revetements-old\\\/revetements-naturels-old\\\/feuille-de-pierre-terrasse-coulissante-de-piscine-old\\\/\",\"name\":\"La feuille de pierre pour terrasse coulissante de piscine\",\"isPartOf\":{\"@id\":\"https:\\\/\\\/terrasse-mobile.net\\\/#website\"},\"primaryImageOfPage\":{\"@id\":\"https:\\\/\\\/terrasse-mobile.net\\\/revetements-old\\\/revetements-naturels-old\\\/feuille-de-pierre-terrasse-coulissante-de-piscine-old\\\/#primaryimage\"},\"image\":{\"@id\":\"https:\\\/\\\/terrasse-mobile.net\\\/revetements-old\\\/revetements-naturels-old\\\/feuille-de-pierre-terrasse-coulissante-de-piscine-old\\\/#primaryimage\"},\"thumbnailUrl\":\"https:\\\/\\\/terrasse-mobile.net\\\/wp-content\\\/uploads\\\/2024\\\/01\\\/piscine05-pose-16-9-detouree-1.jpeg\",\"datePublished\":\"2024-01-26T10:08:56+00:00\",\"dateModified\":\"2024-10-01T13:10:02+00:00\",\"breadcrumb\":{\"@id\":\"https:\\\/\\\/terrasse-mobile.net\\\/revetements-old\\\/revetements-naturels-old\\\/feuille-de-pierre-terrasse-coulissante-de-piscine-old\\\/#breadcrumb\"},\"inLanguage\":\"it-IT\",\"potentialAction\":[{\"@type\":\"ReadAction\",\"target\":[\"https:\\\/\\\/terrasse-mobile.net\\\/revetements-old\\\/revetements-naturels-old\\\/feuille-de-pierre-terrasse-coulissante-de-piscine-old\\\/\"]}]},{\"@type\":\"ImageObject\",\"inLanguage\":\"it-IT\",\"@id\":\"https:\\\/\\\/terrasse-mobile.net\\\/revetements-old\\\/revetements-naturels-old\\\/feuille-de-pierre-terrasse-coulissante-de-piscine-old\\\/#primaryimage\",\"url\":\"https:\\\/\\\/terrasse-mobile.net\\\/wp-content\\\/uploads\\\/2024\\\/01\\\/piscine05-pose-16-9-detouree-1.jpeg\",\"contentUrl\":\"https:\\\/\\\/terrasse-mobile.net\\\/wp-content\\\/uploads\\\/2024\\\/01\\\/piscine05-pose-16-9-detouree-1.jpeg\"},{\"@type\":\"BreadcrumbList\",\"@id\":\"https:\\\/\\\/terrasse-mobile.net\\\/revetements-old\\\/revetements-naturels-old\\\/feuille-de-pierre-terrasse-coulissante-de-piscine-old\\\/#breadcrumb\",\"itemListElement\":[{\"@type\":\"ListItem\",\"position\":1,\"name\":\"Accueil\",\"item\":\"https:\\\/\\\/terrasse-mobile.net\\\/\"},{\"@type\":\"ListItem\",\"position\":2,\"name\":\"LES REV\u00caTEMENTS SLIDEDECK OLD\",\"item\":\"https:\\\/\\\/terrasse-mobile.net\\\/revetements-old\\\/\"},{\"@type\":\"ListItem\",\"position\":3,\"name\":\"LES REV\u00caTEMENTS HABILL\u00c9S POUR TERRASSE MOBILE old\",\"item\":\"https:\\\/\\\/terrasse-mobile.net\\\/revetements-old\\\/revetements-naturels-old\\\/\"},{\"@type\":\"ListItem\",\"position\":4,\"name\":\"LA FEUILLE DE PIERRE old\"}]},{\"@type\":\"WebSite\",\"@id\":\"https:\\\/\\\/terrasse-mobile.net\\\/#website\",\"url\":\"https:\\\/\\\/terrasse-mobile.net\\\/\",\"name\":\"Slidedeck\",\"description\":\"Construction sur mesure de terrasses mobiles en \u00cele-de-France\",\"publisher\":{\"@id\":\"https:\\\/\\\/terrasse-mobile.net\\\/#organization\"},\"potentialAction\":[{\"@type\":\"SearchAction\",\"target\":{\"@type\":\"EntryPoint\",\"urlTemplate\":\"https:\\\/\\\/terrasse-mobile.net\\\/?s={search_term_string}\"},\"query-input\":{\"@type\":\"PropertyValueSpecification\",\"valueRequired\":true,\"valueName\":\"search_term_string\"}}],\"inLanguage\":\"it-IT\"},{\"@type\":\"Organization\",\"@id\":\"https:\\\/\\\/terrasse-mobile.net\\\/#organization\",\"name\":\"Slidedeck\",\"url\":\"https:\\\/\\\/terrasse-mobile.net\\\/\",\"logo\":{\"@type\":\"ImageObject\",\"inLanguage\":\"it-IT\",\"@id\":\"https:\\\/\\\/terrasse-mobile.net\\\/#\\\/schema\\\/logo\\\/image\\\/\",\"url\":\"https:\\\/\\\/terrasse-mobile.net\\\/wp-content\\\/uploads\\\/2024\\\/01\\\/logo-slidedeck.jpg\",\"contentUrl\":\"https:\\\/\\\/terrasse-mobile.net\\\/wp-content\\\/uploads\\\/2024\\\/01\\\/logo-slidedeck.jpg\",\"width\":2000,\"height\":1103,\"caption\":\"Slidedeck\"},\"image\":{\"@id\":\"https:\\\/\\\/terrasse-mobile.net\\\/#\\\/schema\\\/logo\\\/image\\\/\"}}]}<\/script>\n<!-- \/ Yoast SEO plugin. -->","yoast_head_json":{"title":"Lastre di pietra per ponti scorrevoli per piscine","robots":{"index":"index","follow":"follow","max-snippet":"max-snippet:-1","max-image-preview":"max-image-preview:large","max-video-preview":"max-video-preview:-1"},"canonical":"https:\/\/terrasse-mobile.net\/it\/vecchi-rivestimenti\/rivestimenti-naturali-vecchi\/foglio-di-pietra-scorrevole-ponte-piscina-vecchio\/","og_locale":"it_IT","og_type":"article","og_title":"La feuille de pierre pour terrasse coulissante de piscine","og_description":"La terrasse mobile avec feuille de pierre Qu\u2019est-ce que la feuille de pierre ? La feuille de pierre est un mat\u00e9riau innovant utilis\u00e9 dans l&rsquo;industrie de la construction et de la d\u00e9coration. Elle est fabriqu\u00e9e \u00e0 partir de fines couches de min\u00e9raux naturels, tels que le mica, le quartz, ou le schiste, qui sont extraits...","og_url":"https:\/\/terrasse-mobile.net\/it\/vecchi-rivestimenti\/rivestimenti-naturali-vecchi\/foglio-di-pietra-scorrevole-ponte-piscina-vecchio\/","og_site_name":"Terrasse mobile","article_modified_time":"2024-10-01T13:10:02+00:00","og_image":[{"url":"https:\/\/terrasse-mobile.net\/wp-content\/uploads\/2024\/01\/piscine05-pose-16-9-detouree-1.jpeg","type":"","width":"","height":""}],"twitter_card":"summary_large_image","twitter_misc":{"Tempo di lettura stimato":"3 minuti"},"schema":{"@context":"https:\/\/schema.org","@graph":[{"@type":"WebPage","@id":"https:\/\/terrasse-mobile.net\/revetements-old\/revetements-naturels-old\/feuille-de-pierre-terrasse-coulissante-de-piscine-old\/","url":"https:\/\/terrasse-mobile.net\/revetements-old\/revetements-naturels-old\/feuille-de-pierre-terrasse-coulissante-de-piscine-old\/","name":"Lastre di pietra per ponti scorrevoli per piscine","isPartOf":{"@id":"https:\/\/terrasse-mobile.net\/#website"},"primaryImageOfPage":{"@id":"https:\/\/terrasse-mobile.net\/revetements-old\/revetements-naturels-old\/feuille-de-pierre-terrasse-coulissante-de-piscine-old\/#primaryimage"},"image":{"@id":"https:\/\/terrasse-mobile.net\/revetements-old\/revetements-naturels-old\/feuille-de-pierre-terrasse-coulissante-de-piscine-old\/#primaryimage"},"thumbnailUrl":"https:\/\/terrasse-mobile.net\/wp-content\/uploads\/2024\/01\/piscine05-pose-16-9-detouree-1.jpeg","datePublished":"2024-01-26T10:08:56+00:00","dateModified":"2024-10-01T13:10:02+00:00","breadcrumb":{"@id":"https:\/\/terrasse-mobile.net\/revetements-old\/revetements-naturels-old\/feuille-de-pierre-terrasse-coulissante-de-piscine-old\/#breadcrumb"},"inLanguage":"it-IT","potentialAction":[{"@type":"ReadAction","target":["https:\/\/terrasse-mobile.net\/revetements-old\/revetements-naturels-old\/feuille-de-pierre-terrasse-coulissante-de-piscine-old\/"]}]},{"@type":"ImageObject","inLanguage":"it-IT","@id":"https:\/\/terrasse-mobile.net\/revetements-old\/revetements-naturels-old\/feuille-de-pierre-terrasse-coulissante-de-piscine-old\/#primaryimage","url":"https:\/\/terrasse-mobile.net\/wp-content\/uploads\/2024\/01\/piscine05-pose-16-9-detouree-1.jpeg","contentUrl":"https:\/\/terrasse-mobile.net\/wp-content\/uploads\/2024\/01\/piscine05-pose-16-9-detouree-1.jpeg"},{"@type":"BreadcrumbList","@id":"https:\/\/terrasse-mobile.net\/revetements-old\/revetements-naturels-old\/feuille-de-pierre-terrasse-coulissante-de-piscine-old\/#breadcrumb","itemListElement":[{"@type":"ListItem","position":1,"name":"Accueil","item":"https:\/\/terrasse-mobile.net\/"},{"@type":"ListItem","position":2,"name":"LES REV\u00caTEMENTS SLIDEDECK OLD","item":"https:\/\/terrasse-mobile.net\/revetements-old\/"},{"@type":"ListItem","position":3,"name":"LES REV\u00caTEMENTS HABILL\u00c9S POUR TERRASSE MOBILE old","item":"https:\/\/terrasse-mobile.net\/revetements-old\/revetements-naturels-old\/"},{"@type":"ListItem","position":4,"name":"LA FEUILLE DE PIERRE old"}]},{"@type":"WebSite","@id":"https:\/\/terrasse-mobile.net\/#website","url":"https:\/\/terrasse-mobile.net\/","name":"Slidedeck","description":"Terrazze mobili su misura nella regione di Parigi","publisher":{"@id":"https:\/\/terrasse-mobile.net\/#organization"},"potentialAction":[{"@type":"SearchAction","target":{"@type":"EntryPoint","urlTemplate":"https:\/\/terrasse-mobile.net\/?s={search_term_string}"},"query-input":{"@type":"PropertyValueSpecification","valueRequired":true,"valueName":"search_term_string"}}],"inLanguage":"it-IT"},{"@type":"Organization","@id":"https:\/\/terrasse-mobile.net\/#organization","name":"Slidedeck","url":"https:\/\/terrasse-mobile.net\/","logo":{"@type":"ImageObject","inLanguage":"it-IT","@id":"https:\/\/terrasse-mobile.net\/#\/schema\/logo\/image\/","url":"https:\/\/terrasse-mobile.net\/wp-content\/uploads\/2024\/01\/logo-slidedeck.jpg","contentUrl":"https:\/\/terrasse-mobile.net\/wp-content\/uploads\/2024\/01\/logo-slidedeck.jpg","width":2000,"height":1103,"caption":"Slidedeck"},"image":{"@id":"https:\/\/terrasse-mobile.net\/#\/schema\/logo\/image\/"}}]}},"_links":{"self":[{"href":"https:\/\/terrasse-mobile.net\/it\/wp-json\/wp\/v2\/pages\/1975","targetHints":{"allow":["GET"]}}],"collection":[{"href":"https:\/\/terrasse-mobile.net\/it\/wp-json\/wp\/v2\/pages"}],"about":[{"href":"https:\/\/terrasse-mobile.net\/it\/wp-json\/wp\/v2\/types\/page"}],"author":[{"embeddable":true,"href":"https:\/\/terrasse-mobile.net\/it\/wp-json\/wp\/v2\/users\/1"}],"replies":[{"embeddable":true,"href":"https:\/\/terrasse-mobile.net\/it\/wp-json\/wp\/v2\/comments?post=1975"}],"version-history":[{"count":17,"href":"https:\/\/terrasse-mobile.net\/it\/wp-json\/wp\/v2\/pages\/1975\/revisions"}],"predecessor-version":[{"id":5692,"href":"https:\/\/terrasse-mobile.net\/it\/wp-json\/wp\/v2\/pages\/1975\/revisions\/5692"}],"up":[{"embeddable":true,"href":"https:\/\/terrasse-mobile.net\/it\/wp-json\/wp\/v2\/pages\/1543"}],"wp:attachment":[{"href":"https:\/\/terrasse-mobile.net\/it\/wp-json\/wp\/v2\/media?parent=1975"}],"wp:term":[{"taxonomy":"folder","embeddable":true,"href":"https:\/\/terrasse-mobile.net\/it\/wp-json\/wp\/v2\/folder?post=1975"}],"curies":[{"name":"wp","href":"https:\/\/api.w.org\/{rel}","templated":true}]}}