{"id":2234,"date":"2024-01-31T15:39:50","date_gmt":"2024-01-31T14:39:48","guid":{"rendered":"https:\/\/terrasse-mobile.net\/?page_id=2234"},"modified":"2024-10-01T15:48:20","modified_gmt":"2024-10-01T13:48:20","slug":"comment-construire-terrasse-mobile-piscine-old","status":"publish","type":"page","link":"https:\/\/terrasse-mobile.net\/it\/installation-entretien-old\/comment-construire-terrasse-mobile-piscine-old\/","title":{"rendered":"LES PR\u00c9REQUIS POUR INSTALLER SA TERRASSE MOBILE SLIDEDECK old"},"content":{"rendered":"<h1>Les pr\u00e9requis pour installer votre terrasse mobile pour piscine<\/h1>\n<p>La mise en place d&rsquo;une terrasse mobile pour une piscine &#8211; ou pour un spa &#8211; n&rsquo;est pas compliqu\u00e9e en tant que telle mais n\u00e9cessite un peu de pr\u00e9paration afin d&rsquo;assurer une int\u00e9gration optimale au jardin.<\/p>\n<h2>Avete bisogno di spazio sufficiente<br \/>\n<\/h2>\n<p>\u00c8 essenziale disporre di uno spazio sufficiente per consentire alla terrazza mobile SlideDeck di muoversi agevolmente. L'ideale \u00e8 disporre di una superficie delle stesse dimensioni della piscina, sul lato della stessa.<\/p>\n<h2>Installazione di una terrazza mobile SlideDeck <br \/>su un sito in pendenza?<br \/>\n<\/h2>\n<p>Lo spazio disponibile deve essere sullo stesso piano della piscina, senza dislivelli. Se il terreno \u00e8 in pendenza, \u00e8 necessario creare dei traversi in cemento armato per formare i binari su cui far viaggiare la terrazza mobile.\u00a0<\/p>\n<p>\t\t\t\t\t\t\t\t\t\t\t\t\t<img decoding=\"async\" width=\"700\" height=\"464\" src=\"https:\/\/terrasse-mobile.net\/wp-content\/uploads\/2024\/01\/REAL-SABOURAULT-STRUCTUREjpg.jpg\" alt=\"base sotto la piastra di base mobile\" srcset=\"https:\/\/terrasse-mobile.net\/wp-content\/uploads\/2024\/01\/REAL-SABOURAULT-STRUCTUREjpg.jpg 700w, https:\/\/terrasse-mobile.net\/wp-content\/uploads\/2024\/01\/REAL-SABOURAULT-STRUCTUREjpg-300x199.jpg 300w\" sizes=\"(max-width: 700px) 100vw, 700px\" \/>\t\t\t\t\t\t\t\t\t\t\t\t\t<\/p>\n<h2>Ci sono pietre di copertura intorno alla piscina?<br \/>\n<\/h2>\n<p>Si vous disposez de margelles en pierre reconstitu\u00e9es ou en dallage, ces informations devront \u00eatre donn\u00e9es de mani\u00e8re assez pr\u00e9cise pour un parfait ajustement. Si vous avez des margelles en pierre reconstitu\u00e9e en pente, il sera sans doute pr\u00e9f\u00e9rable de positionner le chemin de roulement au-del\u00e0 de ces margelles.<\/p>\n<p>\t\t\t\t\t\t\t\t\t\t\t\t\t<img decoding=\"async\" width=\"765\" height=\"507\" src=\"https:\/\/terrasse-mobile.net\/wp-content\/uploads\/2024\/01\/DSC_0606-1.jpg\" alt=\"bella terrazza mobile a ile de france\" srcset=\"https:\/\/terrasse-mobile.net\/wp-content\/uploads\/2024\/01\/DSC_0606-1.jpg 765w, https:\/\/terrasse-mobile.net\/wp-content\/uploads\/2024\/01\/DSC_0606-1-300x199.jpg 300w\" sizes=\"(max-width: 765px) 100vw, 765px\" \/>\t\t\t\t\t\t\t\t\t\t\t\t\t<\/p>\n<h2>Quale tipo di piscina \u00e8 pi\u00f9 adatto a una terrazza mobile?<br \/>\n<\/h2>\n<p>La piattaforma mobile SlideDeck \u00e8 adatta a tutti i tipi di piscina. In genere, il ponte mobile \u00e8 pi\u00f9 adatto alle piscine di piccole e medie dimensioni. Per le piscine pi\u00f9 grandi, come le corsie di nuoto, possiamo offrire un ponte mobile che si sposta in lunghezza, che richiede molto spazio sul lato della piscina, o il nostro ponte speciale di grandi dimensioni. Contattateci per maggiori informazioni.\u00a0<\/p>\n<h2>Motorizzazione di SlideDeck<br \/>\n<\/h2>\n<p>La terrazza mobile SlideDeck \u00e8 disponibile con o senza motorizzazione, a seconda delle preferenze e delle esigenze dei nostri clienti.<\/p>\n<p>Per le piccole terrazze mobili della gamma TERRA non \u00e8 necessario un motore. Si tratta di terrazze mobili relativamente leggere, quindi \u00e8 abbastanza facile spostarle con una semplice spinta della mano o del piede. Per la gamma di terrazze mobili ATLAS, consigliamo vivamente di installare un motore, poich\u00e9 la terrazza mobile sar\u00e0 pi\u00f9 pesante e richieder\u00e0 uno sforzo maggiore per essere spostata. I nostri motori sono telecomandati e alimentati da una batteria autonoma, a sua volta ricaricata da una serie di celle fotovoltaiche integrate nel motore. Non c'\u00e8 quindi bisogno di una presa di corrente vicino alla piscina.<\/p>\n<h2>Considerate una terrazza mobile quando ristrutturate la vostra piscina!<br \/>\n<\/h2>\n<p style=\"text-align: left;\">L'inserimento di una terrazza mobile nella ristrutturazione di una piscina pu\u00f2 essere particolarmente oculato. La ristrutturazione offre l'opportunit\u00e0 di ripensare completamente lo spazio intorno alla piscina al variare delle stagioni, rendendo la terrazza mobile un'aggiunta intelligente in questo contesto.<\/p>\n<p>\t\t\t<a href=\"https:\/\/terrasse-mobile.net\/it\/rivestimenti\/\"><br \/>\n\t\t\t\t\t\tSCOPRIRE IL DECKING MOBILE SLIDEDECK<br \/>\n\t\t\t\t\t<\/a><\/p>","protected":false},"excerpt":{"rendered":"<p>Les pr\u00e9requis pour installer votre terrasse mobile pour piscine La mise en place d&rsquo;une terrasse mobile pour une piscine &#8211; ou pour un spa &#8211; n&rsquo;est pas compliqu\u00e9e en tant que telle mais n\u00e9cessite un peu de pr\u00e9paration afin d&rsquo;assurer une int\u00e9gration optimale au jardin. Avoir un espace suffisant est n\u00e9cessaire Il est imp\u00e9ratif de&#8230;<\/p>","protected":false},"author":1,"featured_media":0,"parent":2653,"menu_order":2,"comment_status":"closed","ping_status":"closed","template":"","meta":{"_kad_post_transparent":"","_kad_post_title":"","_kad_post_layout":"","_kad_post_sidebar_id":"","_kad_post_content_style":"","_kad_post_vertical_padding":"","_kad_post_feature":"","_kad_post_feature_position":"","_kad_post_header":false,"_kad_post_footer":false,"_kad_post_classname":"","footnotes":""},"folder":[],"class_list":["post-2234","page","type-page","status-publish","hentry"],"yoast_head":"<!-- This site is optimized with the Yoast SEO plugin v27.5 - https:\/\/yoast.com\/product\/yoast-seo-wordpress\/ -->\n<title>Comment construire une terrasse mobile pour piscine ?<\/title>\n<meta name=\"robots\" content=\"index, follow, max-snippet:-1, max-image-preview:large, max-video-preview:-1\" \/>\n<link rel=\"canonical\" href=\"https:\/\/terrasse-mobile.net\/it\/installazione-manutenzione-vecchio\/comment-construire-terrasse-mobile-piscine-old\/\" \/>\n<meta property=\"og:locale\" content=\"it_IT\" \/>\n<meta property=\"og:type\" content=\"article\" \/>\n<meta property=\"og:title\" content=\"Comment construire une terrasse mobile pour piscine ?\" \/>\n<meta property=\"og:description\" content=\"Les pr\u00e9requis pour installer votre terrasse mobile pour piscine La mise en place d&rsquo;une terrasse mobile pour une piscine &#8211; ou pour un spa &#8211; n&rsquo;est pas compliqu\u00e9e en tant que telle mais n\u00e9cessite un peu de pr\u00e9paration afin d&rsquo;assurer une int\u00e9gration optimale au jardin. Avoir un espace suffisant est n\u00e9cessaire Il est imp\u00e9ratif de...\" \/>\n<meta property=\"og:url\" content=\"https:\/\/terrasse-mobile.net\/it\/installazione-manutenzione-vecchio\/comment-construire-terrasse-mobile-piscine-old\/\" \/>\n<meta property=\"og:site_name\" content=\"Terrasse mobile\" \/>\n<meta property=\"article:modified_time\" content=\"2024-10-01T13:48:20+00:00\" \/>\n<meta property=\"og:image\" content=\"https:\/\/terrasse-mobile.net\/wp-content\/uploads\/2024\/01\/REAL-SABOURAULT-STRUCTUREjpg.jpg\" \/>\n<meta name=\"twitter:card\" content=\"summary_large_image\" \/>\n<meta name=\"twitter:label1\" content=\"Tempo di lettura stimato\" \/>\n\t<meta name=\"twitter:data1\" content=\"3 minuti\" \/>\n<script type=\"application\/ld+json\" class=\"yoast-schema-graph\">{\"@context\":\"https:\\\/\\\/schema.org\",\"@graph\":[{\"@type\":\"WebPage\",\"@id\":\"https:\\\/\\\/terrasse-mobile.net\\\/installation-entretien-old\\\/comment-construire-terrasse-mobile-piscine-old\\\/\",\"url\":\"https:\\\/\\\/terrasse-mobile.net\\\/installation-entretien-old\\\/comment-construire-terrasse-mobile-piscine-old\\\/\",\"name\":\"Comment construire une terrasse mobile pour piscine ?\",\"isPartOf\":{\"@id\":\"https:\\\/\\\/terrasse-mobile.net\\\/#website\"},\"primaryImageOfPage\":{\"@id\":\"https:\\\/\\\/terrasse-mobile.net\\\/installation-entretien-old\\\/comment-construire-terrasse-mobile-piscine-old\\\/#primaryimage\"},\"image\":{\"@id\":\"https:\\\/\\\/terrasse-mobile.net\\\/installation-entretien-old\\\/comment-construire-terrasse-mobile-piscine-old\\\/#primaryimage\"},\"thumbnailUrl\":\"https:\\\/\\\/terrasse-mobile.net\\\/wp-content\\\/uploads\\\/2024\\\/01\\\/REAL-SABOURAULT-STRUCTUREjpg.jpg\",\"datePublished\":\"2024-01-31T14:39:48+00:00\",\"dateModified\":\"2024-10-01T13:48:20+00:00\",\"breadcrumb\":{\"@id\":\"https:\\\/\\\/terrasse-mobile.net\\\/installation-entretien-old\\\/comment-construire-terrasse-mobile-piscine-old\\\/#breadcrumb\"},\"inLanguage\":\"it-IT\",\"potentialAction\":[{\"@type\":\"ReadAction\",\"target\":[\"https:\\\/\\\/terrasse-mobile.net\\\/installation-entretien-old\\\/comment-construire-terrasse-mobile-piscine-old\\\/\"]}]},{\"@type\":\"ImageObject\",\"inLanguage\":\"it-IT\",\"@id\":\"https:\\\/\\\/terrasse-mobile.net\\\/installation-entretien-old\\\/comment-construire-terrasse-mobile-piscine-old\\\/#primaryimage\",\"url\":\"https:\\\/\\\/terrasse-mobile.net\\\/wp-content\\\/uploads\\\/2024\\\/01\\\/REAL-SABOURAULT-STRUCTUREjpg.jpg\",\"contentUrl\":\"https:\\\/\\\/terrasse-mobile.net\\\/wp-content\\\/uploads\\\/2024\\\/01\\\/REAL-SABOURAULT-STRUCTUREjpg.jpg\"},{\"@type\":\"BreadcrumbList\",\"@id\":\"https:\\\/\\\/terrasse-mobile.net\\\/installation-entretien-old\\\/comment-construire-terrasse-mobile-piscine-old\\\/#breadcrumb\",\"itemListElement\":[{\"@type\":\"ListItem\",\"position\":1,\"name\":\"Accueil\",\"item\":\"https:\\\/\\\/terrasse-mobile.net\\\/\"},{\"@type\":\"ListItem\",\"position\":2,\"name\":\"INSTALLATION ET ENTRETIEN DE LA TERRASSE MOBILE SLIDEDECK old\",\"item\":\"https:\\\/\\\/terrasse-mobile.net\\\/installation-entretien-old\\\/\"},{\"@type\":\"ListItem\",\"position\":3,\"name\":\"LES PR\u00c9REQUIS POUR INSTALLER SA TERRASSE MOBILE SLIDEDECK old\"}]},{\"@type\":\"WebSite\",\"@id\":\"https:\\\/\\\/terrasse-mobile.net\\\/#website\",\"url\":\"https:\\\/\\\/terrasse-mobile.net\\\/\",\"name\":\"Slidedeck\",\"description\":\"Construction sur mesure de terrasses mobiles en \u00cele-de-France\",\"publisher\":{\"@id\":\"https:\\\/\\\/terrasse-mobile.net\\\/#organization\"},\"potentialAction\":[{\"@type\":\"SearchAction\",\"target\":{\"@type\":\"EntryPoint\",\"urlTemplate\":\"https:\\\/\\\/terrasse-mobile.net\\\/?s={search_term_string}\"},\"query-input\":{\"@type\":\"PropertyValueSpecification\",\"valueRequired\":true,\"valueName\":\"search_term_string\"}}],\"inLanguage\":\"it-IT\"},{\"@type\":\"Organization\",\"@id\":\"https:\\\/\\\/terrasse-mobile.net\\\/#organization\",\"name\":\"Slidedeck\",\"url\":\"https:\\\/\\\/terrasse-mobile.net\\\/\",\"logo\":{\"@type\":\"ImageObject\",\"inLanguage\":\"it-IT\",\"@id\":\"https:\\\/\\\/terrasse-mobile.net\\\/#\\\/schema\\\/logo\\\/image\\\/\",\"url\":\"https:\\\/\\\/terrasse-mobile.net\\\/wp-content\\\/uploads\\\/2024\\\/01\\\/logo-slidedeck.jpg\",\"contentUrl\":\"https:\\\/\\\/terrasse-mobile.net\\\/wp-content\\\/uploads\\\/2024\\\/01\\\/logo-slidedeck.jpg\",\"width\":2000,\"height\":1103,\"caption\":\"Slidedeck\"},\"image\":{\"@id\":\"https:\\\/\\\/terrasse-mobile.net\\\/#\\\/schema\\\/logo\\\/image\\\/\"}}]}<\/script>\n<!-- \/ Yoast SEO plugin. -->","yoast_head_json":{"title":"Come si costruisce una terrazza mobile per piscina?","robots":{"index":"index","follow":"follow","max-snippet":"max-snippet:-1","max-image-preview":"max-image-preview:large","max-video-preview":"max-video-preview:-1"},"canonical":"https:\/\/terrasse-mobile.net\/it\/installazione-manutenzione-vecchio\/comment-construire-terrasse-mobile-piscine-old\/","og_locale":"it_IT","og_type":"article","og_title":"Comment construire une terrasse mobile pour piscine ?","og_description":"Les pr\u00e9requis pour installer votre terrasse mobile pour piscine La mise en place d&rsquo;une terrasse mobile pour une piscine &#8211; ou pour un spa &#8211; n&rsquo;est pas compliqu\u00e9e en tant que telle mais n\u00e9cessite un peu de pr\u00e9paration afin d&rsquo;assurer une int\u00e9gration optimale au jardin. Avoir un espace suffisant est n\u00e9cessaire Il est imp\u00e9ratif de...","og_url":"https:\/\/terrasse-mobile.net\/it\/installazione-manutenzione-vecchio\/comment-construire-terrasse-mobile-piscine-old\/","og_site_name":"Terrasse mobile","article_modified_time":"2024-10-01T13:48:20+00:00","og_image":[{"url":"https:\/\/terrasse-mobile.net\/wp-content\/uploads\/2024\/01\/REAL-SABOURAULT-STRUCTUREjpg.jpg","type":"","width":"","height":""}],"twitter_card":"summary_large_image","twitter_misc":{"Tempo di lettura stimato":"3 minuti"},"schema":{"@context":"https:\/\/schema.org","@graph":[{"@type":"WebPage","@id":"https:\/\/terrasse-mobile.net\/installation-entretien-old\/comment-construire-terrasse-mobile-piscine-old\/","url":"https:\/\/terrasse-mobile.net\/installation-entretien-old\/comment-construire-terrasse-mobile-piscine-old\/","name":"Come si costruisce una terrazza mobile per piscina?","isPartOf":{"@id":"https:\/\/terrasse-mobile.net\/#website"},"primaryImageOfPage":{"@id":"https:\/\/terrasse-mobile.net\/installation-entretien-old\/comment-construire-terrasse-mobile-piscine-old\/#primaryimage"},"image":{"@id":"https:\/\/terrasse-mobile.net\/installation-entretien-old\/comment-construire-terrasse-mobile-piscine-old\/#primaryimage"},"thumbnailUrl":"https:\/\/terrasse-mobile.net\/wp-content\/uploads\/2024\/01\/REAL-SABOURAULT-STRUCTUREjpg.jpg","datePublished":"2024-01-31T14:39:48+00:00","dateModified":"2024-10-01T13:48:20+00:00","breadcrumb":{"@id":"https:\/\/terrasse-mobile.net\/installation-entretien-old\/comment-construire-terrasse-mobile-piscine-old\/#breadcrumb"},"inLanguage":"it-IT","potentialAction":[{"@type":"ReadAction","target":["https:\/\/terrasse-mobile.net\/installation-entretien-old\/comment-construire-terrasse-mobile-piscine-old\/"]}]},{"@type":"ImageObject","inLanguage":"it-IT","@id":"https:\/\/terrasse-mobile.net\/installation-entretien-old\/comment-construire-terrasse-mobile-piscine-old\/#primaryimage","url":"https:\/\/terrasse-mobile.net\/wp-content\/uploads\/2024\/01\/REAL-SABOURAULT-STRUCTUREjpg.jpg","contentUrl":"https:\/\/terrasse-mobile.net\/wp-content\/uploads\/2024\/01\/REAL-SABOURAULT-STRUCTUREjpg.jpg"},{"@type":"BreadcrumbList","@id":"https:\/\/terrasse-mobile.net\/installation-entretien-old\/comment-construire-terrasse-mobile-piscine-old\/#breadcrumb","itemListElement":[{"@type":"ListItem","position":1,"name":"Accueil","item":"https:\/\/terrasse-mobile.net\/"},{"@type":"ListItem","position":2,"name":"INSTALLATION ET ENTRETIEN DE LA TERRASSE MOBILE SLIDEDECK old","item":"https:\/\/terrasse-mobile.net\/installation-entretien-old\/"},{"@type":"ListItem","position":3,"name":"LES PR\u00c9REQUIS POUR INSTALLER SA TERRASSE MOBILE SLIDEDECK old"}]},{"@type":"WebSite","@id":"https:\/\/terrasse-mobile.net\/#website","url":"https:\/\/terrasse-mobile.net\/","name":"Slidedeck","description":"Terrazze mobili su misura nella regione di Parigi","publisher":{"@id":"https:\/\/terrasse-mobile.net\/#organization"},"potentialAction":[{"@type":"SearchAction","target":{"@type":"EntryPoint","urlTemplate":"https:\/\/terrasse-mobile.net\/?s={search_term_string}"},"query-input":{"@type":"PropertyValueSpecification","valueRequired":true,"valueName":"search_term_string"}}],"inLanguage":"it-IT"},{"@type":"Organization","@id":"https:\/\/terrasse-mobile.net\/#organization","name":"Slidedeck","url":"https:\/\/terrasse-mobile.net\/","logo":{"@type":"ImageObject","inLanguage":"it-IT","@id":"https:\/\/terrasse-mobile.net\/#\/schema\/logo\/image\/","url":"https:\/\/terrasse-mobile.net\/wp-content\/uploads\/2024\/01\/logo-slidedeck.jpg","contentUrl":"https:\/\/terrasse-mobile.net\/wp-content\/uploads\/2024\/01\/logo-slidedeck.jpg","width":2000,"height":1103,"caption":"Slidedeck"},"image":{"@id":"https:\/\/terrasse-mobile.net\/#\/schema\/logo\/image\/"}}]}},"_links":{"self":[{"href":"https:\/\/terrasse-mobile.net\/it\/wp-json\/wp\/v2\/pages\/2234","targetHints":{"allow":["GET"]}}],"collection":[{"href":"https:\/\/terrasse-mobile.net\/it\/wp-json\/wp\/v2\/pages"}],"about":[{"href":"https:\/\/terrasse-mobile.net\/it\/wp-json\/wp\/v2\/types\/page"}],"author":[{"embeddable":true,"href":"https:\/\/terrasse-mobile.net\/it\/wp-json\/wp\/v2\/users\/1"}],"replies":[{"embeddable":true,"href":"https:\/\/terrasse-mobile.net\/it\/wp-json\/wp\/v2\/comments?post=2234"}],"version-history":[{"count":87,"href":"https:\/\/terrasse-mobile.net\/it\/wp-json\/wp\/v2\/pages\/2234\/revisions"}],"predecessor-version":[{"id":5716,"href":"https:\/\/terrasse-mobile.net\/it\/wp-json\/wp\/v2\/pages\/2234\/revisions\/5716"}],"up":[{"embeddable":true,"href":"https:\/\/terrasse-mobile.net\/it\/wp-json\/wp\/v2\/pages\/2653"}],"wp:attachment":[{"href":"https:\/\/terrasse-mobile.net\/it\/wp-json\/wp\/v2\/media?parent=2234"}],"wp:term":[{"taxonomy":"folder","embeddable":true,"href":"https:\/\/terrasse-mobile.net\/it\/wp-json\/wp\/v2\/folder?post=2234"}],"curies":[{"name":"wp","href":"https:\/\/api.w.org\/{rel}","templated":true}]}}