{"id":2338,"date":"2024-02-01T11:39:50","date_gmt":"2024-02-01T10:39:14","guid":{"rendered":"https:\/\/terrasse-mobile.net\/?page_id=2338"},"modified":"2024-10-01T15:49:56","modified_gmt":"2024-10-01T13:49:56","slug":"piscina-pavimento-mobile-vecchio","status":"publish","type":"page","link":"https:\/\/terrasse-mobile.net\/it\/protections-piscine-old\/piscine-fond-mobile-old\/","title":{"rendered":"PISCINE A FONDO MOBILE vecchio"},"content":{"rendered":"<h1>Piscine a piani mobili<\/h1>\n<h2>Una terrazza su un pavimento mobile che scende fino al fondo della piscina?<br \/>\nCome funziona? \u00c8 affidabile?<\/h2>\n<p>Il pavimento mobile \u00e8 una tecnologia ultra-innovativa. Un meccanismo permette di sollevare e abbassare il pavimento della piscina. In posizione \u00abchiusa\u00bb, la piscina \u00e8 praticamente invisibile e si pu\u00f2 camminare sul pavimento. In posizione \u00abaperta\u00bb, il pavimento scende fino al fondo della piscina, consentendo di nuotare e godersi la piscina. Il meccanismo funziona grazie a robusti cavi in acciaio inox.<\/p>\n<p>\t\t\t\t\t\t\t\t\t\t\t\t\t<img decoding=\"async\" width=\"800\" height=\"624\" src=\"https:\/\/terrasse-mobile.net\/wp-content\/uploads\/2024\/02\/1-REAL-ERBI-PISCINE-2.jpg\" alt=\"piscina con pavimento mobile\" srcset=\"https:\/\/terrasse-mobile.net\/wp-content\/uploads\/2024\/02\/1-REAL-ERBI-PISCINE-2.jpg 848w, https:\/\/terrasse-mobile.net\/wp-content\/uploads\/2024\/02\/1-REAL-ERBI-PISCINE-2-300x234.jpg 300w, https:\/\/terrasse-mobile.net\/wp-content\/uploads\/2024\/02\/1-REAL-ERBI-PISCINE-2-768x599.jpg 768w\" sizes=\"(max-width: 800px) 100vw, 800px\" \/>\t\t\t\t\t\t\t\t\t\t\t\t\t<\/p>\n<h2>Pavimenti mobili Aqualift: i migliori pavimenti mobili al mondo<\/h2>\n<p>Abbiamo visto e sperimentato diverse tecnologie di fondi mobili. Nessuna di esse \u00e8 davvero convincente.\u00a0<\/p>\n<p>I sistemi basati sul principio del galleggiamento sembrano una buona idea, ma alla fine non funzionano molto bene: nella posizione superiore, il pavimento mobile galleggiante non \u00e8 molto stabile. Si blocca....I sistemi multimotore sono complicati da sviluppare perch\u00e9 i motori devono essere sincronizzati. Esistono altri sistemi, ma sono praticamente sperimentali. Per questo motivo abbiamo stretto una partnership strategica con il leader mondiale dei pavimenti mobili: <strong>INDUSTRIE AQUALIFT<\/strong>.<br \/>\n\t\t\t\t\t\t\t\t\t\t\t\t\t<img decoding=\"async\" width=\"800\" height=\"530\" src=\"https:\/\/terrasse-mobile.net\/wp-content\/uploads\/2024\/02\/2REAL-ERBIBOU-PISCINE-A-FOND-MOBILE-2.jpg\" alt=\"pavimento mobile per piscina\" srcset=\"https:\/\/terrasse-mobile.net\/wp-content\/uploads\/2024\/02\/2REAL-ERBIBOU-PISCINE-A-FOND-MOBILE-2.jpg 1000w, https:\/\/terrasse-mobile.net\/wp-content\/uploads\/2024\/02\/2REAL-ERBIBOU-PISCINE-A-FOND-MOBILE-2-300x199.jpg 300w, https:\/\/terrasse-mobile.net\/wp-content\/uploads\/2024\/02\/2REAL-ERBIBOU-PISCINE-A-FOND-MOBILE-2-768x508.jpg 768w\" sizes=\"(max-width: 800px) 100vw, 800px\" \/>\t\t\t\t\t\t\t\t\t\t\t\t\t<\/p>\n<h2>Noi di Piscine Nature vogliamo il meglio per i nostri clienti.<\/h2>\n<p>La tecnologia Aqualift \u00e8 stata sperimentata e testata per oltre 20 anni. <strong>In Francia sono stati installati oltre 1.000 pavimenti mobili Aqualift<\/strong> <strong>e in tutto il mondo<\/strong>, In residenze prestigiose, grandi alberghi, navi da crociera e nelle case di molte celebrit\u00e0.<\/p>\n<p>Se state cercando un pavimento mobile e non volete ritrovarvi con prodotti sperimentali, inaffidabili o addirittura pericolosi, non preoccupatevi. Scegliete AQUALIFT e avrete la certezza di una soluzione affidabile con garanzia a vita (con contratto di manutenzione). Noi di Piscine Nature vi offriamo un servizio completo:\u00a0<br style=\"box-sizing: inherit;\" \/>- <strong>Costruzione della piscina<\/strong> e tutti i <strong>sistema idraulico<\/strong>,\u00a0<br style=\"box-sizing: inherit;\" \/>- Integrazione del pavimento mobile Aqualift,<br style=\"box-sizing: inherit;\" \/>- <strong>Rivestimento mobile del pavimento<\/strong> con una splendida terrazza in legno (o pavimento piastrellato, a seconda delle preferenze). <strong>Paesaggistica dell'area circostante<\/strong> decking in legno, decking pavimentato, casette per piscina e naturalmente <strong>forniamo manutenzione<\/strong> della piscina e la manutenzione del pavimento mobile.<br \/>\n\t\t\t\t\t\t\t\t\t\t\t\t\t<img decoding=\"async\" width=\"765\" height=\"511\" src=\"https:\/\/terrasse-mobile.net\/wp-content\/uploads\/2024\/02\/FOND_MOBILE_PISCIE-NATURE_4.jpg\" alt=\"piscina con pavimento mobile\" srcset=\"https:\/\/terrasse-mobile.net\/wp-content\/uploads\/2024\/02\/FOND_MOBILE_PISCIE-NATURE_4.jpg 765w, https:\/\/terrasse-mobile.net\/wp-content\/uploads\/2024\/02\/FOND_MOBILE_PISCIE-NATURE_4-300x200.jpg 300w\" sizes=\"(max-width: 765px) 100vw, 765px\" \/><br \/>\n\t\t\t<a href=\"https:\/\/piscines.oxatis.com\/constructeur-piscine-fond-mobile.htm\"><br \/>\n\t\t\t\t\t\tPER SAPERNE DI PI\u00d9 SUI PAVIMENTI MOBILI PER PISCINE<br \/>\n\t\t\t\t\t<\/a><\/p>","protected":false},"excerpt":{"rendered":"<p>Les piscines \u00e0 fond mobile Une terrasse sur un fond mobile qui descend au fond de la piscine ? Comment \u00e7a marche ? Est ce fiable ? Un fond mobile est une technologie ultra innovante. En effet, il y a un m\u00e9canisme qui permet de faire descendre ou monter le fond de la piscine. En&#8230;<\/p>","protected":false},"author":1,"featured_media":0,"parent":2424,"menu_order":0,"comment_status":"closed","ping_status":"closed","template":"","meta":{"_kad_post_transparent":"","_kad_post_title":"","_kad_post_layout":"","_kad_post_sidebar_id":"","_kad_post_content_style":"","_kad_post_vertical_padding":"","_kad_post_feature":"","_kad_post_feature_position":"","_kad_post_header":false,"_kad_post_footer":false,"_kad_post_classname":"","footnotes":""},"folder":[],"class_list":["post-2338","page","type-page","status-publish","hentry"],"yoast_head":"<!-- This site is optimized with the Yoast SEO plugin v27.5 - https:\/\/yoast.com\/product\/yoast-seo-wordpress\/ -->\n<title>La piscine \u00e0 fond mobile<\/title>\n<meta name=\"robots\" content=\"index, follow, max-snippet:-1, max-image-preview:large, max-video-preview:-1\" \/>\n<link rel=\"canonical\" href=\"https:\/\/terrasse-mobile.net\/it\/protezioni-piscina-vecchia\/piscina-pavimento-mobile-vecchio\/\" \/>\n<meta property=\"og:locale\" content=\"it_IT\" \/>\n<meta property=\"og:type\" content=\"article\" \/>\n<meta property=\"og:title\" content=\"La piscine \u00e0 fond mobile\" \/>\n<meta property=\"og:description\" content=\"Les piscines \u00e0 fond mobile Une terrasse sur un fond mobile qui descend au fond de la piscine ? Comment \u00e7a marche ? Est ce fiable ? Un fond mobile est une technologie ultra innovante. En effet, il y a un m\u00e9canisme qui permet de faire descendre ou monter le fond de la piscine. En...\" \/>\n<meta property=\"og:url\" content=\"https:\/\/terrasse-mobile.net\/it\/protezioni-piscina-vecchia\/piscina-pavimento-mobile-vecchio\/\" \/>\n<meta property=\"og:site_name\" content=\"Terrasse mobile\" \/>\n<meta property=\"article:modified_time\" content=\"2024-10-01T13:49:56+00:00\" \/>\n<meta property=\"og:image\" content=\"https:\/\/terrasse-mobile.net\/wp-content\/uploads\/2024\/02\/1-REAL-ERBI-PISCINE-2.jpg\" \/>\n<meta name=\"twitter:card\" content=\"summary_large_image\" \/>\n<meta name=\"twitter:label1\" content=\"Tempo di lettura stimato\" \/>\n\t<meta name=\"twitter:data1\" content=\"3 minuti\" \/>\n<script type=\"application\/ld+json\" class=\"yoast-schema-graph\">{\"@context\":\"https:\\\/\\\/schema.org\",\"@graph\":[{\"@type\":\"WebPage\",\"@id\":\"https:\\\/\\\/terrasse-mobile.net\\\/protections-piscine-old\\\/piscine-fond-mobile-old\\\/\",\"url\":\"https:\\\/\\\/terrasse-mobile.net\\\/protections-piscine-old\\\/piscine-fond-mobile-old\\\/\",\"name\":\"La piscine \u00e0 fond mobile\",\"isPartOf\":{\"@id\":\"https:\\\/\\\/terrasse-mobile.net\\\/#website\"},\"primaryImageOfPage\":{\"@id\":\"https:\\\/\\\/terrasse-mobile.net\\\/protections-piscine-old\\\/piscine-fond-mobile-old\\\/#primaryimage\"},\"image\":{\"@id\":\"https:\\\/\\\/terrasse-mobile.net\\\/protections-piscine-old\\\/piscine-fond-mobile-old\\\/#primaryimage\"},\"thumbnailUrl\":\"https:\\\/\\\/terrasse-mobile.net\\\/wp-content\\\/uploads\\\/2024\\\/02\\\/1-REAL-ERBI-PISCINE-2.jpg\",\"datePublished\":\"2024-02-01T10:39:14+00:00\",\"dateModified\":\"2024-10-01T13:49:56+00:00\",\"breadcrumb\":{\"@id\":\"https:\\\/\\\/terrasse-mobile.net\\\/protections-piscine-old\\\/piscine-fond-mobile-old\\\/#breadcrumb\"},\"inLanguage\":\"it-IT\",\"potentialAction\":[{\"@type\":\"ReadAction\",\"target\":[\"https:\\\/\\\/terrasse-mobile.net\\\/protections-piscine-old\\\/piscine-fond-mobile-old\\\/\"]}]},{\"@type\":\"ImageObject\",\"inLanguage\":\"it-IT\",\"@id\":\"https:\\\/\\\/terrasse-mobile.net\\\/protections-piscine-old\\\/piscine-fond-mobile-old\\\/#primaryimage\",\"url\":\"https:\\\/\\\/terrasse-mobile.net\\\/wp-content\\\/uploads\\\/2024\\\/02\\\/1-REAL-ERBI-PISCINE-2.jpg\",\"contentUrl\":\"https:\\\/\\\/terrasse-mobile.net\\\/wp-content\\\/uploads\\\/2024\\\/02\\\/1-REAL-ERBI-PISCINE-2.jpg\"},{\"@type\":\"BreadcrumbList\",\"@id\":\"https:\\\/\\\/terrasse-mobile.net\\\/protections-piscine-old\\\/piscine-fond-mobile-old\\\/#breadcrumb\",\"itemListElement\":[{\"@type\":\"ListItem\",\"position\":1,\"name\":\"Accueil\",\"item\":\"https:\\\/\\\/terrasse-mobile.net\\\/\"},{\"@type\":\"ListItem\",\"position\":2,\"name\":\"LES AUTRES SOLUTIONS DE COUVERTURE DE PISCINE old\",\"item\":\"https:\\\/\\\/terrasse-mobile.net\\\/protections-piscine-old\\\/\"},{\"@type\":\"ListItem\",\"position\":3,\"name\":\"LES PISCINES \u00c0 FOND MOBILE old\"}]},{\"@type\":\"WebSite\",\"@id\":\"https:\\\/\\\/terrasse-mobile.net\\\/#website\",\"url\":\"https:\\\/\\\/terrasse-mobile.net\\\/\",\"name\":\"Slidedeck\",\"description\":\"Construction sur mesure de terrasses mobiles en \u00cele-de-France\",\"publisher\":{\"@id\":\"https:\\\/\\\/terrasse-mobile.net\\\/#organization\"},\"potentialAction\":[{\"@type\":\"SearchAction\",\"target\":{\"@type\":\"EntryPoint\",\"urlTemplate\":\"https:\\\/\\\/terrasse-mobile.net\\\/?s={search_term_string}\"},\"query-input\":{\"@type\":\"PropertyValueSpecification\",\"valueRequired\":true,\"valueName\":\"search_term_string\"}}],\"inLanguage\":\"it-IT\"},{\"@type\":\"Organization\",\"@id\":\"https:\\\/\\\/terrasse-mobile.net\\\/#organization\",\"name\":\"Slidedeck\",\"url\":\"https:\\\/\\\/terrasse-mobile.net\\\/\",\"logo\":{\"@type\":\"ImageObject\",\"inLanguage\":\"it-IT\",\"@id\":\"https:\\\/\\\/terrasse-mobile.net\\\/#\\\/schema\\\/logo\\\/image\\\/\",\"url\":\"https:\\\/\\\/terrasse-mobile.net\\\/wp-content\\\/uploads\\\/2024\\\/01\\\/logo-slidedeck.jpg\",\"contentUrl\":\"https:\\\/\\\/terrasse-mobile.net\\\/wp-content\\\/uploads\\\/2024\\\/01\\\/logo-slidedeck.jpg\",\"width\":2000,\"height\":1103,\"caption\":\"Slidedeck\"},\"image\":{\"@id\":\"https:\\\/\\\/terrasse-mobile.net\\\/#\\\/schema\\\/logo\\\/image\\\/\"}}]}<\/script>\n<!-- \/ Yoast SEO plugin. -->","yoast_head_json":{"title":"Piscine a piani mobili","robots":{"index":"index","follow":"follow","max-snippet":"max-snippet:-1","max-image-preview":"max-image-preview:large","max-video-preview":"max-video-preview:-1"},"canonical":"https:\/\/terrasse-mobile.net\/it\/protezioni-piscina-vecchia\/piscina-pavimento-mobile-vecchio\/","og_locale":"it_IT","og_type":"article","og_title":"La piscine \u00e0 fond mobile","og_description":"Les piscines \u00e0 fond mobile Une terrasse sur un fond mobile qui descend au fond de la piscine ? Comment \u00e7a marche ? Est ce fiable ? Un fond mobile est une technologie ultra innovante. En effet, il y a un m\u00e9canisme qui permet de faire descendre ou monter le fond de la piscine. En...","og_url":"https:\/\/terrasse-mobile.net\/it\/protezioni-piscina-vecchia\/piscina-pavimento-mobile-vecchio\/","og_site_name":"Terrasse mobile","article_modified_time":"2024-10-01T13:49:56+00:00","og_image":[{"url":"https:\/\/terrasse-mobile.net\/wp-content\/uploads\/2024\/02\/1-REAL-ERBI-PISCINE-2.jpg","type":"","width":"","height":""}],"twitter_card":"summary_large_image","twitter_misc":{"Tempo di lettura stimato":"3 minuti"},"schema":{"@context":"https:\/\/schema.org","@graph":[{"@type":"WebPage","@id":"https:\/\/terrasse-mobile.net\/protections-piscine-old\/piscine-fond-mobile-old\/","url":"https:\/\/terrasse-mobile.net\/protections-piscine-old\/piscine-fond-mobile-old\/","name":"Piscine a piani mobili","isPartOf":{"@id":"https:\/\/terrasse-mobile.net\/#website"},"primaryImageOfPage":{"@id":"https:\/\/terrasse-mobile.net\/protections-piscine-old\/piscine-fond-mobile-old\/#primaryimage"},"image":{"@id":"https:\/\/terrasse-mobile.net\/protections-piscine-old\/piscine-fond-mobile-old\/#primaryimage"},"thumbnailUrl":"https:\/\/terrasse-mobile.net\/wp-content\/uploads\/2024\/02\/1-REAL-ERBI-PISCINE-2.jpg","datePublished":"2024-02-01T10:39:14+00:00","dateModified":"2024-10-01T13:49:56+00:00","breadcrumb":{"@id":"https:\/\/terrasse-mobile.net\/protections-piscine-old\/piscine-fond-mobile-old\/#breadcrumb"},"inLanguage":"it-IT","potentialAction":[{"@type":"ReadAction","target":["https:\/\/terrasse-mobile.net\/protections-piscine-old\/piscine-fond-mobile-old\/"]}]},{"@type":"ImageObject","inLanguage":"it-IT","@id":"https:\/\/terrasse-mobile.net\/protections-piscine-old\/piscine-fond-mobile-old\/#primaryimage","url":"https:\/\/terrasse-mobile.net\/wp-content\/uploads\/2024\/02\/1-REAL-ERBI-PISCINE-2.jpg","contentUrl":"https:\/\/terrasse-mobile.net\/wp-content\/uploads\/2024\/02\/1-REAL-ERBI-PISCINE-2.jpg"},{"@type":"BreadcrumbList","@id":"https:\/\/terrasse-mobile.net\/protections-piscine-old\/piscine-fond-mobile-old\/#breadcrumb","itemListElement":[{"@type":"ListItem","position":1,"name":"Accueil","item":"https:\/\/terrasse-mobile.net\/"},{"@type":"ListItem","position":2,"name":"LES AUTRES SOLUTIONS DE COUVERTURE DE PISCINE old","item":"https:\/\/terrasse-mobile.net\/protections-piscine-old\/"},{"@type":"ListItem","position":3,"name":"LES PISCINES \u00c0 FOND MOBILE old"}]},{"@type":"WebSite","@id":"https:\/\/terrasse-mobile.net\/#website","url":"https:\/\/terrasse-mobile.net\/","name":"Slidedeck","description":"Terrazze mobili su misura nella regione di Parigi","publisher":{"@id":"https:\/\/terrasse-mobile.net\/#organization"},"potentialAction":[{"@type":"SearchAction","target":{"@type":"EntryPoint","urlTemplate":"https:\/\/terrasse-mobile.net\/?s={search_term_string}"},"query-input":{"@type":"PropertyValueSpecification","valueRequired":true,"valueName":"search_term_string"}}],"inLanguage":"it-IT"},{"@type":"Organization","@id":"https:\/\/terrasse-mobile.net\/#organization","name":"Slidedeck","url":"https:\/\/terrasse-mobile.net\/","logo":{"@type":"ImageObject","inLanguage":"it-IT","@id":"https:\/\/terrasse-mobile.net\/#\/schema\/logo\/image\/","url":"https:\/\/terrasse-mobile.net\/wp-content\/uploads\/2024\/01\/logo-slidedeck.jpg","contentUrl":"https:\/\/terrasse-mobile.net\/wp-content\/uploads\/2024\/01\/logo-slidedeck.jpg","width":2000,"height":1103,"caption":"Slidedeck"},"image":{"@id":"https:\/\/terrasse-mobile.net\/#\/schema\/logo\/image\/"}}]}},"_links":{"self":[{"href":"https:\/\/terrasse-mobile.net\/it\/wp-json\/wp\/v2\/pages\/2338","targetHints":{"allow":["GET"]}}],"collection":[{"href":"https:\/\/terrasse-mobile.net\/it\/wp-json\/wp\/v2\/pages"}],"about":[{"href":"https:\/\/terrasse-mobile.net\/it\/wp-json\/wp\/v2\/types\/page"}],"author":[{"embeddable":true,"href":"https:\/\/terrasse-mobile.net\/it\/wp-json\/wp\/v2\/users\/1"}],"replies":[{"embeddable":true,"href":"https:\/\/terrasse-mobile.net\/it\/wp-json\/wp\/v2\/comments?post=2338"}],"version-history":[{"count":23,"href":"https:\/\/terrasse-mobile.net\/it\/wp-json\/wp\/v2\/pages\/2338\/revisions"}],"predecessor-version":[{"id":5719,"href":"https:\/\/terrasse-mobile.net\/it\/wp-json\/wp\/v2\/pages\/2338\/revisions\/5719"}],"up":[{"embeddable":true,"href":"https:\/\/terrasse-mobile.net\/it\/wp-json\/wp\/v2\/pages\/2424"}],"wp:attachment":[{"href":"https:\/\/terrasse-mobile.net\/it\/wp-json\/wp\/v2\/media?parent=2338"}],"wp:term":[{"taxonomy":"folder","embeddable":true,"href":"https:\/\/terrasse-mobile.net\/it\/wp-json\/wp\/v2\/folder?post=2338"}],"curies":[{"name":"wp","href":"https:\/\/api.w.org\/{rel}","templated":true}]}}