{"id":4795,"date":"2024-03-12T16:09:50","date_gmt":"2024-03-12T15:09:01","guid":{"rendered":"https:\/\/terrasse-mobile.net\/?page_id=4795"},"modified":"2024-10-01T15:28:47","modified_gmt":"2024-10-01T13:28:47","slug":"terrazza-mobile-spa-jacuzzi-vecchio","status":"publish","type":"page","link":"https:\/\/terrasse-mobile.net\/it\/terrasse-mobile-spa-jacuzzi-old\/","title":{"rendered":"TERRAZZA MOBILE PER SPA E JACUZZIS vecchia"},"content":{"rendered":"<h1>Decking mobile per spa e vasche idromassaggio<\/h1>\n<p><em>Il ponte mobile SlideDeck \u00e8 ideale per le piscine, ma anche per le spa e le vasche idromassaggio ...<\/em><\/p>\n<h2>Conservazione del calore dell'acqua<\/h2>\n<p>Anche in inverno, con il fresco o di notte, potete godervi la vostra spa o vasca idromassaggio tutto l'anno grazie alle pedane mobili SlideDeck. L'isolamento termico garantisce un'eccellente conservazione del calore dell'acqua, un vantaggio considerevole di SlideDeck.<\/p>\n<h2>Una terrazza mobile con una forza extra<\/h2>\n<p>Le nostre terrazze mobili sono progettate per durare nel tempo e per resistere alle intemperie. Utilizziamo i migliori materiali possibili per combinare estetica, efficienza e resistenza. Le terrazze mobili SlideDeck hanno una garanzia minima di 10 anni a vita.<\/p>\n<p>\t\t\t\t\t\t\t\t\t\t\t\t\t<img decoding=\"async\" width=\"643\" height=\"487\" src=\"https:\/\/terrasse-mobile.net\/wp-content\/uploads\/2024\/03\/New-Project-11.jpg\" alt=\"terrazza termale mobile\" srcset=\"https:\/\/terrasse-mobile.net\/wp-content\/uploads\/2024\/03\/New-Project-11.jpg 643w, https:\/\/terrasse-mobile.net\/wp-content\/uploads\/2024\/03\/New-Project-11-300x227.jpg 300w\" sizes=\"(max-width: 643px) 100vw, 643px\" \/><br \/>\n\t\t\t\t\t\t\t\t\t\t\t\t\t<img decoding=\"async\" width=\"500\" height=\"375\" src=\"https:\/\/terrasse-mobile.net\/wp-content\/uploads\/2024\/03\/roll-deck-setting.jpg\" alt=\"terrazza mobile per vasca idromassaggio\" srcset=\"https:\/\/terrasse-mobile.net\/wp-content\/uploads\/2024\/03\/roll-deck-setting.jpg 500w, https:\/\/terrasse-mobile.net\/wp-content\/uploads\/2024\/03\/roll-deck-setting-300x225.jpg 300w\" sizes=\"(max-width: 500px) 100vw, 500px\" \/>\t\t\t\t\t\t\t\t\t\t\t\t\t<\/p>\n<h2>Una terrazza mobile che si adatta alle vostre dimensioni<\/h2>\n<p>Sappiamo che ogni piscina, spa o vasca idromassaggio \u00e8 diversa dall'altra. Alcune possono anche avere forme atipiche. La terrazza mobile SlideDeck \u00e8 realizzata su misura e pu\u00f2 quindi essere adattata a tutte le forme di piscina.\u00a0<\/p>\n<h2>Un'estetica unica<\/h2>\n<p>Costruire un ponte mobile SlideDeck sopra la vostra spa o vasca idromassaggio non solo aggiunge spazio reale al vostro giardino, ma \u00e8 anche un eccezionale pezzo di arredamento per esterni, con un rivestimento che pu\u00f2 essere personalizzato per soddisfare i vostri gusti;\u00a0<\/p>\n<p>\t\t\t<a href=\"https:\/\/terrasse-mobile.net\/it\/configurazioni\/\"><br \/>\n\t\t\t\t\t\tSCOPRITE LE CONFIGURAZIONI DELLE TERRAZZE MOBILI SLIDEDECK<br \/>\n\t\t\t\t\t<\/a><\/p>","protected":false},"excerpt":{"rendered":"<p>La terrasse mobile pour spas et jacuzzis La terrasse mobile SlideDeck est id\u00e9ale pour les piscines, mais \u00e9galement pour les spas et jacuzzis &#8230; Conservation de la chaleur de l&rsquo;eau M\u00eame pendant l&rsquo;hiver, en temps frais, ou bien la nuit, il est possible de profiter de votre spa ou de votre jacuzzi toute l&rsquo;ann\u00e9e gr\u00e2ce&#8230;<\/p>","protected":false},"author":1,"featured_media":0,"parent":0,"menu_order":11,"comment_status":"closed","ping_status":"closed","template":"","meta":{"_kad_post_transparent":"","_kad_post_title":"","_kad_post_layout":"","_kad_post_sidebar_id":"","_kad_post_content_style":"","_kad_post_vertical_padding":"","_kad_post_feature":"","_kad_post_feature_position":"","_kad_post_header":false,"_kad_post_footer":false,"_kad_post_classname":"","footnotes":""},"folder":[],"class_list":["post-4795","page","type-page","status-publish","hentry"],"yoast_head":"<!-- This site is optimized with the Yoast SEO plugin v27.5 - https:\/\/yoast.com\/product\/yoast-seo-wordpress\/ -->\n<title>Comment construire une terrasse mobile pour piscine ?<\/title>\n<meta name=\"robots\" content=\"index, follow, max-snippet:-1, max-image-preview:large, max-video-preview:-1\" \/>\n<link rel=\"canonical\" href=\"https:\/\/terrasse-mobile.net\/it\/terrazza-mobile-spa-jacuzzi-vecchio\/\" \/>\n<meta property=\"og:locale\" content=\"it_IT\" \/>\n<meta property=\"og:type\" content=\"article\" \/>\n<meta property=\"og:title\" content=\"Comment construire une terrasse mobile pour piscine ?\" \/>\n<meta property=\"og:description\" content=\"La terrasse mobile pour spas et jacuzzis La terrasse mobile SlideDeck est id\u00e9ale pour les piscines, mais \u00e9galement pour les spas et jacuzzis &#8230; Conservation de la chaleur de l&rsquo;eau M\u00eame pendant l&rsquo;hiver, en temps frais, ou bien la nuit, il est possible de profiter de votre spa ou de votre jacuzzi toute l&rsquo;ann\u00e9e gr\u00e2ce...\" \/>\n<meta property=\"og:url\" content=\"https:\/\/terrasse-mobile.net\/it\/terrazza-mobile-spa-jacuzzi-vecchio\/\" \/>\n<meta property=\"og:site_name\" content=\"Terrasse mobile\" \/>\n<meta property=\"article:modified_time\" content=\"2024-10-01T13:28:47+00:00\" \/>\n<meta property=\"og:image\" content=\"https:\/\/terrasse-mobile.net\/wp-content\/uploads\/2024\/03\/New-Project-11.jpg\" \/>\n<meta name=\"twitter:card\" content=\"summary_large_image\" \/>\n<meta name=\"twitter:label1\" content=\"Tempo di lettura stimato\" \/>\n\t<meta name=\"twitter:data1\" content=\"2 minuti\" \/>\n<script type=\"application\/ld+json\" class=\"yoast-schema-graph\">{\"@context\":\"https:\\\/\\\/schema.org\",\"@graph\":[{\"@type\":\"WebPage\",\"@id\":\"https:\\\/\\\/terrasse-mobile.net\\\/terrasse-mobile-spa-jacuzzi-old\\\/\",\"url\":\"https:\\\/\\\/terrasse-mobile.net\\\/terrasse-mobile-spa-jacuzzi-old\\\/\",\"name\":\"Comment construire une terrasse mobile pour piscine ?\",\"isPartOf\":{\"@id\":\"https:\\\/\\\/terrasse-mobile.net\\\/#website\"},\"primaryImageOfPage\":{\"@id\":\"https:\\\/\\\/terrasse-mobile.net\\\/terrasse-mobile-spa-jacuzzi-old\\\/#primaryimage\"},\"image\":{\"@id\":\"https:\\\/\\\/terrasse-mobile.net\\\/terrasse-mobile-spa-jacuzzi-old\\\/#primaryimage\"},\"thumbnailUrl\":\"https:\\\/\\\/terrasse-mobile.net\\\/wp-content\\\/uploads\\\/2024\\\/03\\\/New-Project-11.jpg\",\"datePublished\":\"2024-03-12T15:09:01+00:00\",\"dateModified\":\"2024-10-01T13:28:47+00:00\",\"breadcrumb\":{\"@id\":\"https:\\\/\\\/terrasse-mobile.net\\\/terrasse-mobile-spa-jacuzzi-old\\\/#breadcrumb\"},\"inLanguage\":\"it-IT\",\"potentialAction\":[{\"@type\":\"ReadAction\",\"target\":[\"https:\\\/\\\/terrasse-mobile.net\\\/terrasse-mobile-spa-jacuzzi-old\\\/\"]}]},{\"@type\":\"ImageObject\",\"inLanguage\":\"it-IT\",\"@id\":\"https:\\\/\\\/terrasse-mobile.net\\\/terrasse-mobile-spa-jacuzzi-old\\\/#primaryimage\",\"url\":\"https:\\\/\\\/terrasse-mobile.net\\\/wp-content\\\/uploads\\\/2024\\\/03\\\/New-Project-11.jpg\",\"contentUrl\":\"https:\\\/\\\/terrasse-mobile.net\\\/wp-content\\\/uploads\\\/2024\\\/03\\\/New-Project-11.jpg\"},{\"@type\":\"BreadcrumbList\",\"@id\":\"https:\\\/\\\/terrasse-mobile.net\\\/terrasse-mobile-spa-jacuzzi-old\\\/#breadcrumb\",\"itemListElement\":[{\"@type\":\"ListItem\",\"position\":1,\"name\":\"Accueil\",\"item\":\"https:\\\/\\\/terrasse-mobile.net\\\/\"},{\"@type\":\"ListItem\",\"position\":2,\"name\":\"TERRASSE MOBILE POUR SPAS ET JACUZZIS old\"}]},{\"@type\":\"WebSite\",\"@id\":\"https:\\\/\\\/terrasse-mobile.net\\\/#website\",\"url\":\"https:\\\/\\\/terrasse-mobile.net\\\/\",\"name\":\"Slidedeck\",\"description\":\"Construction sur mesure de terrasses mobiles en \u00cele-de-France\",\"publisher\":{\"@id\":\"https:\\\/\\\/terrasse-mobile.net\\\/#organization\"},\"potentialAction\":[{\"@type\":\"SearchAction\",\"target\":{\"@type\":\"EntryPoint\",\"urlTemplate\":\"https:\\\/\\\/terrasse-mobile.net\\\/?s={search_term_string}\"},\"query-input\":{\"@type\":\"PropertyValueSpecification\",\"valueRequired\":true,\"valueName\":\"search_term_string\"}}],\"inLanguage\":\"it-IT\"},{\"@type\":\"Organization\",\"@id\":\"https:\\\/\\\/terrasse-mobile.net\\\/#organization\",\"name\":\"Slidedeck\",\"url\":\"https:\\\/\\\/terrasse-mobile.net\\\/\",\"logo\":{\"@type\":\"ImageObject\",\"inLanguage\":\"it-IT\",\"@id\":\"https:\\\/\\\/terrasse-mobile.net\\\/#\\\/schema\\\/logo\\\/image\\\/\",\"url\":\"https:\\\/\\\/terrasse-mobile.net\\\/wp-content\\\/uploads\\\/2024\\\/01\\\/logo-slidedeck.jpg\",\"contentUrl\":\"https:\\\/\\\/terrasse-mobile.net\\\/wp-content\\\/uploads\\\/2024\\\/01\\\/logo-slidedeck.jpg\",\"width\":2000,\"height\":1103,\"caption\":\"Slidedeck\"},\"image\":{\"@id\":\"https:\\\/\\\/terrasse-mobile.net\\\/#\\\/schema\\\/logo\\\/image\\\/\"}}]}<\/script>\n<!-- \/ Yoast SEO plugin. -->","yoast_head_json":{"title":"Come si costruisce una terrazza mobile per piscina?","robots":{"index":"index","follow":"follow","max-snippet":"max-snippet:-1","max-image-preview":"max-image-preview:large","max-video-preview":"max-video-preview:-1"},"canonical":"https:\/\/terrasse-mobile.net\/it\/terrazza-mobile-spa-jacuzzi-vecchio\/","og_locale":"it_IT","og_type":"article","og_title":"Comment construire une terrasse mobile pour piscine ?","og_description":"La terrasse mobile pour spas et jacuzzis La terrasse mobile SlideDeck est id\u00e9ale pour les piscines, mais \u00e9galement pour les spas et jacuzzis &#8230; Conservation de la chaleur de l&rsquo;eau M\u00eame pendant l&rsquo;hiver, en temps frais, ou bien la nuit, il est possible de profiter de votre spa ou de votre jacuzzi toute l&rsquo;ann\u00e9e gr\u00e2ce...","og_url":"https:\/\/terrasse-mobile.net\/it\/terrazza-mobile-spa-jacuzzi-vecchio\/","og_site_name":"Terrasse mobile","article_modified_time":"2024-10-01T13:28:47+00:00","og_image":[{"url":"https:\/\/terrasse-mobile.net\/wp-content\/uploads\/2024\/03\/New-Project-11.jpg","type":"","width":"","height":""}],"twitter_card":"summary_large_image","twitter_misc":{"Tempo di lettura stimato":"2 minuti"},"schema":{"@context":"https:\/\/schema.org","@graph":[{"@type":"WebPage","@id":"https:\/\/terrasse-mobile.net\/terrasse-mobile-spa-jacuzzi-old\/","url":"https:\/\/terrasse-mobile.net\/terrasse-mobile-spa-jacuzzi-old\/","name":"Come si costruisce una terrazza mobile per piscina?","isPartOf":{"@id":"https:\/\/terrasse-mobile.net\/#website"},"primaryImageOfPage":{"@id":"https:\/\/terrasse-mobile.net\/terrasse-mobile-spa-jacuzzi-old\/#primaryimage"},"image":{"@id":"https:\/\/terrasse-mobile.net\/terrasse-mobile-spa-jacuzzi-old\/#primaryimage"},"thumbnailUrl":"https:\/\/terrasse-mobile.net\/wp-content\/uploads\/2024\/03\/New-Project-11.jpg","datePublished":"2024-03-12T15:09:01+00:00","dateModified":"2024-10-01T13:28:47+00:00","breadcrumb":{"@id":"https:\/\/terrasse-mobile.net\/terrasse-mobile-spa-jacuzzi-old\/#breadcrumb"},"inLanguage":"it-IT","potentialAction":[{"@type":"ReadAction","target":["https:\/\/terrasse-mobile.net\/terrasse-mobile-spa-jacuzzi-old\/"]}]},{"@type":"ImageObject","inLanguage":"it-IT","@id":"https:\/\/terrasse-mobile.net\/terrasse-mobile-spa-jacuzzi-old\/#primaryimage","url":"https:\/\/terrasse-mobile.net\/wp-content\/uploads\/2024\/03\/New-Project-11.jpg","contentUrl":"https:\/\/terrasse-mobile.net\/wp-content\/uploads\/2024\/03\/New-Project-11.jpg"},{"@type":"BreadcrumbList","@id":"https:\/\/terrasse-mobile.net\/terrasse-mobile-spa-jacuzzi-old\/#breadcrumb","itemListElement":[{"@type":"ListItem","position":1,"name":"Accueil","item":"https:\/\/terrasse-mobile.net\/"},{"@type":"ListItem","position":2,"name":"TERRASSE MOBILE POUR SPAS ET JACUZZIS old"}]},{"@type":"WebSite","@id":"https:\/\/terrasse-mobile.net\/#website","url":"https:\/\/terrasse-mobile.net\/","name":"Slidedeck","description":"Terrazze mobili su misura nella regione di Parigi","publisher":{"@id":"https:\/\/terrasse-mobile.net\/#organization"},"potentialAction":[{"@type":"SearchAction","target":{"@type":"EntryPoint","urlTemplate":"https:\/\/terrasse-mobile.net\/?s={search_term_string}"},"query-input":{"@type":"PropertyValueSpecification","valueRequired":true,"valueName":"search_term_string"}}],"inLanguage":"it-IT"},{"@type":"Organization","@id":"https:\/\/terrasse-mobile.net\/#organization","name":"Slidedeck","url":"https:\/\/terrasse-mobile.net\/","logo":{"@type":"ImageObject","inLanguage":"it-IT","@id":"https:\/\/terrasse-mobile.net\/#\/schema\/logo\/image\/","url":"https:\/\/terrasse-mobile.net\/wp-content\/uploads\/2024\/01\/logo-slidedeck.jpg","contentUrl":"https:\/\/terrasse-mobile.net\/wp-content\/uploads\/2024\/01\/logo-slidedeck.jpg","width":2000,"height":1103,"caption":"Slidedeck"},"image":{"@id":"https:\/\/terrasse-mobile.net\/#\/schema\/logo\/image\/"}}]}},"_links":{"self":[{"href":"https:\/\/terrasse-mobile.net\/it\/wp-json\/wp\/v2\/pages\/4795","targetHints":{"allow":["GET"]}}],"collection":[{"href":"https:\/\/terrasse-mobile.net\/it\/wp-json\/wp\/v2\/pages"}],"about":[{"href":"https:\/\/terrasse-mobile.net\/it\/wp-json\/wp\/v2\/types\/page"}],"author":[{"embeddable":true,"href":"https:\/\/terrasse-mobile.net\/it\/wp-json\/wp\/v2\/users\/1"}],"replies":[{"embeddable":true,"href":"https:\/\/terrasse-mobile.net\/it\/wp-json\/wp\/v2\/comments?post=4795"}],"version-history":[{"count":27,"href":"https:\/\/terrasse-mobile.net\/it\/wp-json\/wp\/v2\/pages\/4795\/revisions"}],"predecessor-version":[{"id":5700,"href":"https:\/\/terrasse-mobile.net\/it\/wp-json\/wp\/v2\/pages\/4795\/revisions\/5700"}],"wp:attachment":[{"href":"https:\/\/terrasse-mobile.net\/it\/wp-json\/wp\/v2\/media?parent=4795"}],"wp:term":[{"taxonomy":"folder","embeddable":true,"href":"https:\/\/terrasse-mobile.net\/it\/wp-json\/wp\/v2\/folder?post=4795"}],"curies":[{"name":"wp","href":"https:\/\/api.w.org\/{rel}","templated":true}]}}