{"id":5147,"date":"2024-08-01T15:34:50","date_gmt":"2024-08-01T13:34:02","guid":{"rendered":"https:\/\/terrasse-mobile.net\/?page_id=5147"},"modified":"2024-10-01T15:39:46","modified_gmt":"2024-10-01T13:39:46","slug":"installation-terrasse-mobile-piscine-92-old","status":"publish","type":"page","link":"https:\/\/terrasse-mobile.net\/it\/realisations-old\/installation-terrasse-mobile-piscine-92-old\/","title":{"rendered":"Installation d&rsquo;une terrasse mobile sur une petite piscine old"},"content":{"rendered":"<h1>Installation d&rsquo;une terrasse mobile sur une petite piscine<\/h1>\n<p>\t\tAujourd&rsquo;hui, nous vous pr\u00e9sentons une r\u00e9novation de piscine, dans les hauts-de-seine.\u00a0\u00a0Nos clients avaient une piscine avec un fond mobile Wi-pool compl\u00e8tement d\u00e9fectueux, ce qui les a oblig\u00e9 \u00e0 refaire leur piscine enti\u00e8rement.Vous pouvez consulter le d\u00e9montage de l&rsquo;ancienne piscine en\u00a0<a href=\"https:\/\/www.piscine-nature.com\/renovation-de-piscine-92.htm\" rel=\"hlid[=]128[&amp;]cpid[=]2388396[&amp;]curl[=]renovation-de-piscine-92.htm\">cliquant juste ici.<\/a>\u00a0Ce beau projet de r\u00e9novation comprend \u00e9galement l&rsquo;installation d&rsquo;une terrasse mobile.<br \/>\n\t\t\t\t\t\t\t\t\t\t\t\t\t<img decoding=\"async\" width=\"599\" height=\"397\" src=\"https:\/\/terrasse-mobile.net\/wp-content\/uploads\/2024\/08\/REA-BERTAGNE-FINAL-09.jpg\" alt=\"\" srcset=\"https:\/\/terrasse-mobile.net\/wp-content\/uploads\/2024\/08\/REA-BERTAGNE-FINAL-09.jpg 599w, https:\/\/terrasse-mobile.net\/wp-content\/uploads\/2024\/08\/REA-BERTAGNE-FINAL-09-300x199.jpg 300w\" sizes=\"(max-width: 599px) 100vw, 599px\" \/>\t\t\t\t\t\t\t\t\t\t\t\t\t<\/p>\n<h2>Belle terrasse mobile en bois composite<\/h2>\n<p>\t\t\t\t\t\t\t\t\t\t\t\t\t<img decoding=\"async\" width=\"599\" height=\"397\" src=\"https:\/\/terrasse-mobile.net\/wp-content\/uploads\/2024\/08\/REA-BERTAGNE-FINAL-04.jpg\" alt=\"\" srcset=\"https:\/\/terrasse-mobile.net\/wp-content\/uploads\/2024\/08\/REA-BERTAGNE-FINAL-04.jpg 599w, https:\/\/terrasse-mobile.net\/wp-content\/uploads\/2024\/08\/REA-BERTAGNE-FINAL-04-300x199.jpg 300w\" sizes=\"(max-width: 599px) 100vw, 599px\" \/>\t\t\t\t\t\t\t\t\t\t\t\t\t<\/p>\n<p style=\"text-align: left;\">Cette belle terrasse mobile est r\u00e9alis\u00e9e en bois composite et est de couleur grise anthracite. Nous avons aussi refait toute la terrasse autour de la piscine, de la m\u00eame couleur, afin de dissimuler la terrasse mobile une fois ferm\u00e9e.<\/p>\n<p>\t\t\t\t\t\t\t\t\t\t\t\t\t<img decoding=\"async\" width=\"600\" height=\"397\" src=\"https:\/\/terrasse-mobile.net\/wp-content\/uploads\/2024\/06\/BERTAGNE-ETAPE3-04.jpg\" alt=\"\" srcset=\"https:\/\/terrasse-mobile.net\/wp-content\/uploads\/2024\/06\/BERTAGNE-ETAPE3-04.jpg 600w, https:\/\/terrasse-mobile.net\/wp-content\/uploads\/2024\/06\/BERTAGNE-ETAPE3-04-300x199.jpg 300w\" sizes=\"(max-width: 600px) 100vw, 600px\" \/>\t\t\t\t\t\t\t\t\t\t\t\t\t<\/p>\n<p style=\"text-align: left;\">La terrasse mobile n&rsquo;est pas compliqu\u00e9e \u00e0 d\u00e9placer. En effet, elle est tr\u00e8s l\u00e9g\u00e8re, et peut se pousser \u00e0 l&rsquo;aide d&rsquo;un seul doigt.<\/p>\n<h2>Une terrasse mobile pour piscine facile \u00e0 d\u00e9placer<\/h2>\n<p>\t\t\t\t\t\t\t\t\t\t\t\t\t<img decoding=\"async\" width=\"599\" height=\"397\" src=\"https:\/\/terrasse-mobile.net\/wp-content\/uploads\/2024\/08\/REA-BERTAGNE-FINAL-08.jpg\" alt=\"\" srcset=\"https:\/\/terrasse-mobile.net\/wp-content\/uploads\/2024\/08\/REA-BERTAGNE-FINAL-08.jpg 599w, https:\/\/terrasse-mobile.net\/wp-content\/uploads\/2024\/08\/REA-BERTAGNE-FINAL-08-300x199.jpg 300w\" sizes=\"(max-width: 599px) 100vw, 599px\" \/>\t\t\t\t\t\t\t\t\t\t\t\t\t<\/p>\n<p style=\"text-align: left;\">Une fois ferm\u00e9e, la terrasse mobile SlideDeck recouvre enti\u00e8rement et prot\u00e8ge la piscine. Il est possible d&rsquo;installer son mobilier de jardin sur la terrasse, et de l&rsquo;ouvrir, en laissant votre mobilier dessus, lorsque vous voulez profiter de votre piscine.<\/p>\n<p>\t\t\t\t\t\t\t\t\t\t\t\t\t<img decoding=\"async\" width=\"599\" height=\"397\" src=\"https:\/\/terrasse-mobile.net\/wp-content\/uploads\/2024\/08\/REA-BERTAGNE-FINAL-05.jpg\" alt=\"\" srcset=\"https:\/\/terrasse-mobile.net\/wp-content\/uploads\/2024\/08\/REA-BERTAGNE-FINAL-05.jpg 599w, https:\/\/terrasse-mobile.net\/wp-content\/uploads\/2024\/08\/REA-BERTAGNE-FINAL-05-300x199.jpg 300w\" sizes=\"(max-width: 599px) 100vw, 599px\" \/>\t\t\t\t\t\t\t\t\t\t\t\t\t<\/p>\n<p style=\"text-align: left;\">La terrasse mobile est \u00e9quip\u00e9e d&rsquo;une poign\u00e9e permet d&rsquo;ouvrir et de la fermer ais\u00e9ment.<\/p>\n<p>\t\t\t\t\t\t\t\t\t\t\t\t\t<img decoding=\"async\" width=\"599\" height=\"397\" src=\"https:\/\/terrasse-mobile.net\/wp-content\/uploads\/2024\/08\/REA-BERTAGNE-FINAL-15.jpg\" alt=\"\" srcset=\"https:\/\/terrasse-mobile.net\/wp-content\/uploads\/2024\/08\/REA-BERTAGNE-FINAL-15.jpg 599w, https:\/\/terrasse-mobile.net\/wp-content\/uploads\/2024\/08\/REA-BERTAGNE-FINAL-15-300x199.jpg 300w\" sizes=\"(max-width: 599px) 100vw, 599px\" \/>\t\t\t\t\t\t\t\t\t\t\t\t\t<\/p>\n<p style=\"text-align: left;\">Vous pouvez observer les balais permettant \u00e0 la terrasse mobile SlideDeck de coulisser tout en douceur.<\/p>\n","protected":false},"excerpt":{"rendered":"<p>Installation d&rsquo;une terrasse mobile sur une petite piscine Aujourd&rsquo;hui, nous vous pr\u00e9sentons une r\u00e9novation de piscine, dans les hauts-de-seine.\u00a0\u00a0Nos clients avaient une piscine avec un fond mobile Wi-pool compl\u00e8tement d\u00e9fectueux, ce qui les a oblig\u00e9 \u00e0 refaire leur piscine enti\u00e8rement.Vous pouvez consulter le d\u00e9montage de l&rsquo;ancienne piscine en\u00a0cliquant juste ici.\u00a0Ce beau projet de r\u00e9novation comprend&#8230;<\/p>","protected":false},"author":1,"featured_media":0,"parent":2445,"menu_order":1,"comment_status":"closed","ping_status":"closed","template":"elementor_theme","meta":{"_kad_post_transparent":"","_kad_post_title":"","_kad_post_layout":"","_kad_post_sidebar_id":"","_kad_post_content_style":"","_kad_post_vertical_padding":"","_kad_post_feature":"","_kad_post_feature_position":"","_kad_post_header":false,"_kad_post_footer":false,"_kad_post_classname":"","footnotes":""},"folder":[],"class_list":["post-5147","page","type-page","status-publish","hentry"],"yoast_head":"<!-- This site is optimized with the Yoast SEO plugin v27.5 - https:\/\/yoast.com\/product\/yoast-seo-wordpress\/ -->\n<title>Terrasse coulissante motoris\u00e9e pour piscine<\/title>\n<meta name=\"robots\" content=\"index, follow, max-snippet:-1, max-image-preview:large, max-video-preview:-1\" \/>\n<link rel=\"canonical\" href=\"https:\/\/terrasse-mobile.net\/it\/realizzazioni-vecchie\/installation-terrasse-mobile-piscine-92-old\/\" \/>\n<meta property=\"og:locale\" content=\"it_IT\" \/>\n<meta property=\"og:type\" content=\"article\" \/>\n<meta property=\"og:title\" content=\"Terrasse coulissante motoris\u00e9e pour piscine\" \/>\n<meta property=\"og:description\" content=\"Installation d&rsquo;une terrasse mobile sur une petite piscine Aujourd&rsquo;hui, nous vous pr\u00e9sentons une r\u00e9novation de piscine, dans les hauts-de-seine.\u00a0\u00a0Nos clients avaient une piscine avec un fond mobile Wi-pool compl\u00e8tement d\u00e9fectueux, ce qui les a oblig\u00e9 \u00e0 refaire leur piscine enti\u00e8rement.Vous pouvez consulter le d\u00e9montage de l&rsquo;ancienne piscine en\u00a0cliquant juste ici.\u00a0Ce beau projet de r\u00e9novation comprend...\" \/>\n<meta property=\"og:url\" content=\"https:\/\/terrasse-mobile.net\/it\/realizzazioni-vecchie\/installation-terrasse-mobile-piscine-92-old\/\" \/>\n<meta property=\"og:site_name\" content=\"Terrasse mobile\" \/>\n<meta property=\"article:modified_time\" content=\"2024-10-01T13:39:46+00:00\" \/>\n<meta property=\"og:image\" content=\"https:\/\/terrasse-mobile.net\/wp-content\/uploads\/2024\/08\/REA-BERTAGNE-FINAL-09.jpg\" \/>\n<meta name=\"twitter:card\" content=\"summary_large_image\" \/>\n<meta name=\"twitter:label1\" content=\"Tempo di lettura stimato\" \/>\n\t<meta name=\"twitter:data1\" content=\"3 minuti\" \/>\n<script type=\"application\/ld+json\" class=\"yoast-schema-graph\">{\"@context\":\"https:\\\/\\\/schema.org\",\"@graph\":[{\"@type\":\"WebPage\",\"@id\":\"https:\\\/\\\/terrasse-mobile.net\\\/realisations-old\\\/installation-terrasse-mobile-piscine-92-old\\\/\",\"url\":\"https:\\\/\\\/terrasse-mobile.net\\\/realisations-old\\\/installation-terrasse-mobile-piscine-92-old\\\/\",\"name\":\"Terrasse coulissante motoris\u00e9e pour piscine\",\"isPartOf\":{\"@id\":\"https:\\\/\\\/terrasse-mobile.net\\\/#website\"},\"primaryImageOfPage\":{\"@id\":\"https:\\\/\\\/terrasse-mobile.net\\\/realisations-old\\\/installation-terrasse-mobile-piscine-92-old\\\/#primaryimage\"},\"image\":{\"@id\":\"https:\\\/\\\/terrasse-mobile.net\\\/realisations-old\\\/installation-terrasse-mobile-piscine-92-old\\\/#primaryimage\"},\"thumbnailUrl\":\"https:\\\/\\\/terrasse-mobile.net\\\/wp-content\\\/uploads\\\/2024\\\/08\\\/REA-BERTAGNE-FINAL-09.jpg\",\"datePublished\":\"2024-08-01T13:34:02+00:00\",\"dateModified\":\"2024-10-01T13:39:46+00:00\",\"breadcrumb\":{\"@id\":\"https:\\\/\\\/terrasse-mobile.net\\\/realisations-old\\\/installation-terrasse-mobile-piscine-92-old\\\/#breadcrumb\"},\"inLanguage\":\"it-IT\",\"potentialAction\":[{\"@type\":\"ReadAction\",\"target\":[\"https:\\\/\\\/terrasse-mobile.net\\\/realisations-old\\\/installation-terrasse-mobile-piscine-92-old\\\/\"]}]},{\"@type\":\"ImageObject\",\"inLanguage\":\"it-IT\",\"@id\":\"https:\\\/\\\/terrasse-mobile.net\\\/realisations-old\\\/installation-terrasse-mobile-piscine-92-old\\\/#primaryimage\",\"url\":\"https:\\\/\\\/terrasse-mobile.net\\\/wp-content\\\/uploads\\\/2024\\\/08\\\/REA-BERTAGNE-FINAL-09.jpg\",\"contentUrl\":\"https:\\\/\\\/terrasse-mobile.net\\\/wp-content\\\/uploads\\\/2024\\\/08\\\/REA-BERTAGNE-FINAL-09.jpg\"},{\"@type\":\"BreadcrumbList\",\"@id\":\"https:\\\/\\\/terrasse-mobile.net\\\/realisations-old\\\/installation-terrasse-mobile-piscine-92-old\\\/#breadcrumb\",\"itemListElement\":[{\"@type\":\"ListItem\",\"position\":1,\"name\":\"Accueil\",\"item\":\"https:\\\/\\\/terrasse-mobile.net\\\/\"},{\"@type\":\"ListItem\",\"position\":2,\"name\":\"LES R\u00c9ALISATIONS DE TERRASSE MOBILE SLIDEDECK old\",\"item\":\"https:\\\/\\\/terrasse-mobile.net\\\/realisations-old\\\/\"},{\"@type\":\"ListItem\",\"position\":3,\"name\":\"Installation d&rsquo;une terrasse mobile sur une petite piscine old\"}]},{\"@type\":\"WebSite\",\"@id\":\"https:\\\/\\\/terrasse-mobile.net\\\/#website\",\"url\":\"https:\\\/\\\/terrasse-mobile.net\\\/\",\"name\":\"Slidedeck\",\"description\":\"Construction sur mesure de terrasses mobiles en \u00cele-de-France\",\"publisher\":{\"@id\":\"https:\\\/\\\/terrasse-mobile.net\\\/#organization\"},\"potentialAction\":[{\"@type\":\"SearchAction\",\"target\":{\"@type\":\"EntryPoint\",\"urlTemplate\":\"https:\\\/\\\/terrasse-mobile.net\\\/?s={search_term_string}\"},\"query-input\":{\"@type\":\"PropertyValueSpecification\",\"valueRequired\":true,\"valueName\":\"search_term_string\"}}],\"inLanguage\":\"it-IT\"},{\"@type\":\"Organization\",\"@id\":\"https:\\\/\\\/terrasse-mobile.net\\\/#organization\",\"name\":\"Slidedeck\",\"url\":\"https:\\\/\\\/terrasse-mobile.net\\\/\",\"logo\":{\"@type\":\"ImageObject\",\"inLanguage\":\"it-IT\",\"@id\":\"https:\\\/\\\/terrasse-mobile.net\\\/#\\\/schema\\\/logo\\\/image\\\/\",\"url\":\"https:\\\/\\\/terrasse-mobile.net\\\/wp-content\\\/uploads\\\/2024\\\/01\\\/logo-slidedeck.jpg\",\"contentUrl\":\"https:\\\/\\\/terrasse-mobile.net\\\/wp-content\\\/uploads\\\/2024\\\/01\\\/logo-slidedeck.jpg\",\"width\":2000,\"height\":1103,\"caption\":\"Slidedeck\"},\"image\":{\"@id\":\"https:\\\/\\\/terrasse-mobile.net\\\/#\\\/schema\\\/logo\\\/image\\\/\"}}]}<\/script>\n<!-- \/ Yoast SEO plugin. -->","yoast_head_json":{"title":"Terrasse coulissante motoris\u00e9e pour piscine","robots":{"index":"index","follow":"follow","max-snippet":"max-snippet:-1","max-image-preview":"max-image-preview:large","max-video-preview":"max-video-preview:-1"},"canonical":"https:\/\/terrasse-mobile.net\/it\/realizzazioni-vecchie\/installation-terrasse-mobile-piscine-92-old\/","og_locale":"it_IT","og_type":"article","og_title":"Terrasse coulissante motoris\u00e9e pour piscine","og_description":"Installation d&rsquo;une terrasse mobile sur une petite piscine Aujourd&rsquo;hui, nous vous pr\u00e9sentons une r\u00e9novation de piscine, dans les hauts-de-seine.\u00a0\u00a0Nos clients avaient une piscine avec un fond mobile Wi-pool compl\u00e8tement d\u00e9fectueux, ce qui les a oblig\u00e9 \u00e0 refaire leur piscine enti\u00e8rement.Vous pouvez consulter le d\u00e9montage de l&rsquo;ancienne piscine en\u00a0cliquant juste ici.\u00a0Ce beau projet de r\u00e9novation comprend...","og_url":"https:\/\/terrasse-mobile.net\/it\/realizzazioni-vecchie\/installation-terrasse-mobile-piscine-92-old\/","og_site_name":"Terrasse mobile","article_modified_time":"2024-10-01T13:39:46+00:00","og_image":[{"url":"https:\/\/terrasse-mobile.net\/wp-content\/uploads\/2024\/08\/REA-BERTAGNE-FINAL-09.jpg","type":"","width":"","height":""}],"twitter_card":"summary_large_image","twitter_misc":{"Tempo di lettura stimato":"3 minuti"},"schema":{"@context":"https:\/\/schema.org","@graph":[{"@type":"WebPage","@id":"https:\/\/terrasse-mobile.net\/realisations-old\/installation-terrasse-mobile-piscine-92-old\/","url":"https:\/\/terrasse-mobile.net\/realisations-old\/installation-terrasse-mobile-piscine-92-old\/","name":"Terrasse coulissante motoris\u00e9e pour piscine","isPartOf":{"@id":"https:\/\/terrasse-mobile.net\/#website"},"primaryImageOfPage":{"@id":"https:\/\/terrasse-mobile.net\/realisations-old\/installation-terrasse-mobile-piscine-92-old\/#primaryimage"},"image":{"@id":"https:\/\/terrasse-mobile.net\/realisations-old\/installation-terrasse-mobile-piscine-92-old\/#primaryimage"},"thumbnailUrl":"https:\/\/terrasse-mobile.net\/wp-content\/uploads\/2024\/08\/REA-BERTAGNE-FINAL-09.jpg","datePublished":"2024-08-01T13:34:02+00:00","dateModified":"2024-10-01T13:39:46+00:00","breadcrumb":{"@id":"https:\/\/terrasse-mobile.net\/realisations-old\/installation-terrasse-mobile-piscine-92-old\/#breadcrumb"},"inLanguage":"it-IT","potentialAction":[{"@type":"ReadAction","target":["https:\/\/terrasse-mobile.net\/realisations-old\/installation-terrasse-mobile-piscine-92-old\/"]}]},{"@type":"ImageObject","inLanguage":"it-IT","@id":"https:\/\/terrasse-mobile.net\/realisations-old\/installation-terrasse-mobile-piscine-92-old\/#primaryimage","url":"https:\/\/terrasse-mobile.net\/wp-content\/uploads\/2024\/08\/REA-BERTAGNE-FINAL-09.jpg","contentUrl":"https:\/\/terrasse-mobile.net\/wp-content\/uploads\/2024\/08\/REA-BERTAGNE-FINAL-09.jpg"},{"@type":"BreadcrumbList","@id":"https:\/\/terrasse-mobile.net\/realisations-old\/installation-terrasse-mobile-piscine-92-old\/#breadcrumb","itemListElement":[{"@type":"ListItem","position":1,"name":"Accueil","item":"https:\/\/terrasse-mobile.net\/"},{"@type":"ListItem","position":2,"name":"LES R\u00c9ALISATIONS DE TERRASSE MOBILE SLIDEDECK old","item":"https:\/\/terrasse-mobile.net\/realisations-old\/"},{"@type":"ListItem","position":3,"name":"Installation d&rsquo;une terrasse mobile sur une petite piscine old"}]},{"@type":"WebSite","@id":"https:\/\/terrasse-mobile.net\/#website","url":"https:\/\/terrasse-mobile.net\/","name":"Slidedeck","description":"Terrazze mobili su misura nella regione di Parigi","publisher":{"@id":"https:\/\/terrasse-mobile.net\/#organization"},"potentialAction":[{"@type":"SearchAction","target":{"@type":"EntryPoint","urlTemplate":"https:\/\/terrasse-mobile.net\/?s={search_term_string}"},"query-input":{"@type":"PropertyValueSpecification","valueRequired":true,"valueName":"search_term_string"}}],"inLanguage":"it-IT"},{"@type":"Organization","@id":"https:\/\/terrasse-mobile.net\/#organization","name":"Slidedeck","url":"https:\/\/terrasse-mobile.net\/","logo":{"@type":"ImageObject","inLanguage":"it-IT","@id":"https:\/\/terrasse-mobile.net\/#\/schema\/logo\/image\/","url":"https:\/\/terrasse-mobile.net\/wp-content\/uploads\/2024\/01\/logo-slidedeck.jpg","contentUrl":"https:\/\/terrasse-mobile.net\/wp-content\/uploads\/2024\/01\/logo-slidedeck.jpg","width":2000,"height":1103,"caption":"Slidedeck"},"image":{"@id":"https:\/\/terrasse-mobile.net\/#\/schema\/logo\/image\/"}}]}},"_links":{"self":[{"href":"https:\/\/terrasse-mobile.net\/it\/wp-json\/wp\/v2\/pages\/5147","targetHints":{"allow":["GET"]}}],"collection":[{"href":"https:\/\/terrasse-mobile.net\/it\/wp-json\/wp\/v2\/pages"}],"about":[{"href":"https:\/\/terrasse-mobile.net\/it\/wp-json\/wp\/v2\/types\/page"}],"author":[{"embeddable":true,"href":"https:\/\/terrasse-mobile.net\/it\/wp-json\/wp\/v2\/users\/1"}],"replies":[{"embeddable":true,"href":"https:\/\/terrasse-mobile.net\/it\/wp-json\/wp\/v2\/comments?post=5147"}],"version-history":[{"count":18,"href":"https:\/\/terrasse-mobile.net\/it\/wp-json\/wp\/v2\/pages\/5147\/revisions"}],"predecessor-version":[{"id":5709,"href":"https:\/\/terrasse-mobile.net\/it\/wp-json\/wp\/v2\/pages\/5147\/revisions\/5709"}],"up":[{"embeddable":true,"href":"https:\/\/terrasse-mobile.net\/it\/wp-json\/wp\/v2\/pages\/2445"}],"wp:attachment":[{"href":"https:\/\/terrasse-mobile.net\/it\/wp-json\/wp\/v2\/media?parent=5147"}],"wp:term":[{"taxonomy":"folder","embeddable":true,"href":"https:\/\/terrasse-mobile.net\/it\/wp-json\/wp\/v2\/folder?post=5147"}],"curies":[{"name":"wp","href":"https:\/\/api.w.org\/{rel}","templated":true}]}}