{"id":5504,"date":"2024-10-02T14:48:02","date_gmt":"2024-10-02T12:48:02","guid":{"rendered":"https:\/\/terrasse-mobile.net\/?page_id=5504"},"modified":"2025-11-25T16:27:30","modified_gmt":"2025-11-25T15:27:30","slug":"rivestimenti-naturali","status":"publish","type":"page","link":"https:\/\/terrasse-mobile.net\/it\/revetements\/bois-composite\/revetements-naturels\/","title":{"rendered":"RIVESTIMENTO PER TERRAZZE MOBILI"},"content":{"rendered":"<div class=\"wp-block-group\"><div class=\"wp-block-group__inner-container is-layout-constrained wp-block-group-is-layout-constrained\">\n<p class=\"has-text-align-center\"><em>Scegliete un look originale per personalizzare il vostro SlideDeck<\/em><\/p>\n\n\n\n<div class=\"wp-block-columns is-layout-flex wp-container-core-columns-is-layout-9d6595d7 wp-block-columns-is-layout-flex\">\n<div class=\"wp-block-column is-layout-flow wp-block-column-is-layout-flow\">\n<figure class=\"wp-block-image size-full\"><a href=\"https:\/\/terrasse-mobile.net\/it\/terrazza-mobile-su-misura\/rivestimenti\/rivestimenti-naturali\/terrazza-scorrevole-della-piscina-con-erba-sintetica\/\"><img decoding=\"async\" width=\"548\" height=\"445\" src=\"https:\/\/terrasse-mobile.net\/wp-content\/uploads\/2024\/01\/SLIDEDECK-GAZON-SYNTHETIQUE00001-copie-1.jpeg\" alt=\"ERBA ARTIFICIALE PER TERRAZZE MOBILI\" class=\"wp-image-1495\" srcset=\"https:\/\/terrasse-mobile.net\/wp-content\/uploads\/2024\/01\/SLIDEDECK-GAZON-SYNTHETIQUE00001-copie-1.jpeg 548w, https:\/\/terrasse-mobile.net\/wp-content\/uploads\/2024\/01\/SLIDEDECK-GAZON-SYNTHETIQUE00001-copie-1-300x244.jpeg 300w\" sizes=\"(max-width: 548px) 100vw, 548px\" \/><\/a><\/figure>\n\n\n\n<h2 class=\"wp-block-heading has-text-align-center\"><a href=\"https:\/\/terrasse-mobile.net\/it\/terrazza-mobile-su-misura\/rivestimenti\/rivestimenti-naturali\/terrazza-scorrevole-della-piscina-con-erba-sintetica\/\">ERBA ARTIFICIALE<\/a><\/h2>\n\n\n\n<p class=\"has-text-align-center\">L'erba sintetica \u00e8 una scelta originale che d\u00e0 un colore brillante alla vostra terrazza mobile.<\/p>\n<\/div>\n\n\n\n<div class=\"wp-block-column is-layout-flow wp-block-column-is-layout-flow\">\n<figure class=\"wp-block-image size-full\"><a href=\"https:\/\/terrasse-mobile.net\/it\/terrazza-mobile-su-misura\/rivestimenti\/rivestimenti-naturali\/feuille-de-pierre-terrasse-coulissante-de-piscine\/\"><img decoding=\"async\" width=\"548\" height=\"445\" src=\"https:\/\/terrasse-mobile.net\/wp-content\/uploads\/2024\/01\/piscine05-pose-16-9-detouree-1.jpeg\" alt=\"lastra di pietra terrazza mobile\" class=\"wp-image-1981\" srcset=\"https:\/\/terrasse-mobile.net\/wp-content\/uploads\/2024\/01\/piscine05-pose-16-9-detouree-1.jpeg 548w, https:\/\/terrasse-mobile.net\/wp-content\/uploads\/2024\/01\/piscine05-pose-16-9-detouree-1-300x244.jpeg 300w\" sizes=\"(max-width: 548px) 100vw, 548px\" \/><\/a><\/figure>\n\n\n\n<h2 class=\"wp-block-heading has-text-align-center\"><a href=\"https:\/\/terrasse-mobile.net\/it\/terrazza-mobile-su-misura\/rivestimenti\/rivestimenti-naturali\/feuille-de-pierre-terrasse-coulissante-de-piscine\/\">LA LASTRA DI PIETRA<\/a><\/h2>\n\n\n\n<p class=\"has-text-align-center\">La lastra di pietra \u00e8 un materiale resistente che conferisce alla terrazza un effetto tradizionale di pietra.<\/p>\n<\/div>\n<\/div>\n<\/div><\/div>\n\n\n\n<p><\/p>","protected":false},"excerpt":{"rendered":"<p>Optez pour un habillage original pour personNaliser votre SlideDeck LE GAZON SYNTH\u00c9TIQUE Le gazon synth\u00e9rique est un choix original qui permet de donner une couleur vive \u00e0 votre terrasse mobile. LA FEUILLE DE PIERRE La feuille de pierre est un mat\u00e9riaux r\u00e9sistant permettant de donner \u00e0 votre terrasse un effet de pierre traditionnelle.<\/p>","protected":false},"author":1,"featured_media":3640,"parent":5496,"menu_order":53,"comment_status":"closed","ping_status":"closed","template":"","meta":{"_kad_post_transparent":"","_kad_post_title":"","_kad_post_layout":"","_kad_post_sidebar_id":"","_kad_post_content_style":"","_kad_post_vertical_padding":"","_kad_post_feature":"","_kad_post_feature_position":"","_kad_post_header":false,"_kad_post_footer":false,"_kad_post_classname":"","footnotes":""},"folder":[],"class_list":["post-5504","page","type-page","status-publish","has-post-thumbnail","hentry"],"yoast_head":"<!-- This site is optimized with the Yoast SEO plugin v27.4 - https:\/\/yoast.com\/product\/yoast-seo-wordpress\/ -->\n<title>Les rev\u00eatements naturels pour terrasse coulissante de piscine<\/title>\n<meta name=\"description\" content=\"La terrasse mobile pour piscine SlideDeck peut \u00eatre habill\u00e9e avec de beaux rev\u00eatements naturels (gazon et feuille de pierre).\" \/>\n<meta name=\"robots\" content=\"index, follow, max-snippet:-1, max-image-preview:large, max-video-preview:-1\" \/>\n<link rel=\"canonical\" href=\"https:\/\/terrasse-mobile.net\/it\/rivestimenti\/legno-composito\/rivestimenti-naturali\/\" \/>\n<meta property=\"og:locale\" content=\"it_IT\" \/>\n<meta property=\"og:type\" content=\"article\" \/>\n<meta property=\"og:title\" content=\"Les rev\u00eatements naturels pour terrasse coulissante de piscine\" \/>\n<meta property=\"og:description\" content=\"La terrasse mobile pour piscine SlideDeck peut \u00eatre habill\u00e9e avec de beaux rev\u00eatements naturels (gazon et feuille de pierre).\" \/>\n<meta property=\"og:url\" content=\"https:\/\/terrasse-mobile.net\/it\/rivestimenti\/legno-composito\/rivestimenti-naturali\/\" \/>\n<meta property=\"og:site_name\" content=\"Terrasse mobile\" \/>\n<meta property=\"article:modified_time\" content=\"2025-11-25T15:27:30+00:00\" \/>\n<meta property=\"og:image\" content=\"https:\/\/terrasse-mobile.net\/wp-content\/uploads\/2024\/02\/REAL-SABOURAULT-PISCINE-2.jpg\" \/>\n\t<meta property=\"og:image:width\" content=\"2000\" \/>\n\t<meta property=\"og:image:height\" content=\"1500\" \/>\n\t<meta property=\"og:image:type\" content=\"image\/jpeg\" \/>\n<meta name=\"twitter:card\" content=\"summary_large_image\" \/>\n<meta name=\"twitter:label1\" content=\"Tempo di lettura stimato\" \/>\n\t<meta name=\"twitter:data1\" content=\"1 minuto\" \/>\n<script type=\"application\/ld+json\" class=\"yoast-schema-graph\">{\"@context\":\"https:\\\/\\\/schema.org\",\"@graph\":[{\"@type\":\"WebPage\",\"@id\":\"https:\\\/\\\/terrasse-mobile.net\\\/revetements\\\/bois-composite\\\/revetements-naturels\\\/\",\"url\":\"https:\\\/\\\/terrasse-mobile.net\\\/revetements\\\/bois-composite\\\/revetements-naturels\\\/\",\"name\":\"Les rev\u00eatements naturels pour terrasse coulissante de piscine\",\"isPartOf\":{\"@id\":\"https:\\\/\\\/terrasse-mobile.net\\\/#website\"},\"primaryImageOfPage\":{\"@id\":\"https:\\\/\\\/terrasse-mobile.net\\\/revetements\\\/bois-composite\\\/revetements-naturels\\\/#primaryimage\"},\"image\":{\"@id\":\"https:\\\/\\\/terrasse-mobile.net\\\/revetements\\\/bois-composite\\\/revetements-naturels\\\/#primaryimage\"},\"thumbnailUrl\":\"https:\\\/\\\/terrasse-mobile.net\\\/wp-content\\\/uploads\\\/2024\\\/02\\\/REAL-SABOURAULT-PISCINE-2.jpg\",\"datePublished\":\"2024-10-02T12:48:02+00:00\",\"dateModified\":\"2025-11-25T15:27:30+00:00\",\"description\":\"La terrasse mobile pour piscine SlideDeck peut \u00eatre habill\u00e9e avec de beaux rev\u00eatements naturels (gazon et feuille de pierre).\",\"breadcrumb\":{\"@id\":\"https:\\\/\\\/terrasse-mobile.net\\\/revetements\\\/bois-composite\\\/revetements-naturels\\\/#breadcrumb\"},\"inLanguage\":\"it-IT\",\"potentialAction\":[{\"@type\":\"ReadAction\",\"target\":[\"https:\\\/\\\/terrasse-mobile.net\\\/revetements\\\/bois-composite\\\/revetements-naturels\\\/\"]}]},{\"@type\":\"ImageObject\",\"inLanguage\":\"it-IT\",\"@id\":\"https:\\\/\\\/terrasse-mobile.net\\\/revetements\\\/bois-composite\\\/revetements-naturels\\\/#primaryimage\",\"url\":\"https:\\\/\\\/terrasse-mobile.net\\\/wp-content\\\/uploads\\\/2024\\\/02\\\/REAL-SABOURAULT-PISCINE-2.jpg\",\"contentUrl\":\"https:\\\/\\\/terrasse-mobile.net\\\/wp-content\\\/uploads\\\/2024\\\/02\\\/REAL-SABOURAULT-PISCINE-2.jpg\",\"width\":2000,\"height\":1500,\"caption\":\"DCIM100MEDIADJI_0365.JPG\"},{\"@type\":\"BreadcrumbList\",\"@id\":\"https:\\\/\\\/terrasse-mobile.net\\\/revetements\\\/bois-composite\\\/revetements-naturels\\\/#breadcrumb\",\"itemListElement\":[{\"@type\":\"ListItem\",\"position\":1,\"name\":\"Accueil\",\"item\":\"https:\\\/\\\/terrasse-mobile.net\\\/\"},{\"@type\":\"ListItem\",\"position\":2,\"name\":\"LES REV\u00caTEMENTS POUR TERRASSE MOBILE SLIDEDECK\",\"item\":\"https:\\\/\\\/terrasse-mobile.net\\\/revetements\\\/\"},{\"@type\":\"ListItem\",\"position\":3,\"name\":\"LES BOIS COMPOSITES POUR TERRASSE MOBILE\",\"item\":\"https:\\\/\\\/terrasse-mobile.net\\\/revetements\\\/bois-composite\\\/\"},{\"@type\":\"ListItem\",\"position\":4,\"name\":\"LES REV\u00caTEMENTS HABILL\u00c9S POUR TERRASSE MOBILE\"}]},{\"@type\":\"WebSite\",\"@id\":\"https:\\\/\\\/terrasse-mobile.net\\\/#website\",\"url\":\"https:\\\/\\\/terrasse-mobile.net\\\/\",\"name\":\"Slidedeck\",\"description\":\"Construction sur mesure de terrasses mobiles en \u00cele-de-France\",\"publisher\":{\"@id\":\"https:\\\/\\\/terrasse-mobile.net\\\/#organization\"},\"potentialAction\":[{\"@type\":\"SearchAction\",\"target\":{\"@type\":\"EntryPoint\",\"urlTemplate\":\"https:\\\/\\\/terrasse-mobile.net\\\/?s={search_term_string}\"},\"query-input\":{\"@type\":\"PropertyValueSpecification\",\"valueRequired\":true,\"valueName\":\"search_term_string\"}}],\"inLanguage\":\"it-IT\"},{\"@type\":\"Organization\",\"@id\":\"https:\\\/\\\/terrasse-mobile.net\\\/#organization\",\"name\":\"Slidedeck\",\"url\":\"https:\\\/\\\/terrasse-mobile.net\\\/\",\"logo\":{\"@type\":\"ImageObject\",\"inLanguage\":\"it-IT\",\"@id\":\"https:\\\/\\\/terrasse-mobile.net\\\/#\\\/schema\\\/logo\\\/image\\\/\",\"url\":\"https:\\\/\\\/terrasse-mobile.net\\\/wp-content\\\/uploads\\\/2024\\\/01\\\/logo-slidedeck.jpg\",\"contentUrl\":\"https:\\\/\\\/terrasse-mobile.net\\\/wp-content\\\/uploads\\\/2024\\\/01\\\/logo-slidedeck.jpg\",\"width\":2000,\"height\":1103,\"caption\":\"Slidedeck\"},\"image\":{\"@id\":\"https:\\\/\\\/terrasse-mobile.net\\\/#\\\/schema\\\/logo\\\/image\\\/\"}}]}<\/script>\n<!-- \/ Yoast SEO plugin. -->","yoast_head_json":{"title":"Rivestimenti naturali per ponti scorrevoli per piscine","description":"La terrasse mobile pour piscine SlideDeck peut \u00eatre habill\u00e9e avec de beaux rev\u00eatements naturels (gazon et feuille de pierre).","robots":{"index":"index","follow":"follow","max-snippet":"max-snippet:-1","max-image-preview":"max-image-preview:large","max-video-preview":"max-video-preview:-1"},"canonical":"https:\/\/terrasse-mobile.net\/it\/rivestimenti\/legno-composito\/rivestimenti-naturali\/","og_locale":"it_IT","og_type":"article","og_title":"Les rev\u00eatements naturels pour terrasse coulissante de piscine","og_description":"La terrasse mobile pour piscine SlideDeck peut \u00eatre habill\u00e9e avec de beaux rev\u00eatements naturels (gazon et feuille de pierre).","og_url":"https:\/\/terrasse-mobile.net\/it\/rivestimenti\/legno-composito\/rivestimenti-naturali\/","og_site_name":"Terrasse mobile","article_modified_time":"2025-11-25T15:27:30+00:00","og_image":[{"width":2000,"height":1500,"url":"https:\/\/terrasse-mobile.net\/wp-content\/uploads\/2024\/02\/REAL-SABOURAULT-PISCINE-2.jpg","type":"image\/jpeg"}],"twitter_card":"summary_large_image","twitter_misc":{"Tempo di lettura stimato":"1 minuto"},"schema":{"@context":"https:\/\/schema.org","@graph":[{"@type":"WebPage","@id":"https:\/\/terrasse-mobile.net\/revetements\/bois-composite\/revetements-naturels\/","url":"https:\/\/terrasse-mobile.net\/revetements\/bois-composite\/revetements-naturels\/","name":"Rivestimenti naturali per ponti scorrevoli per piscine","isPartOf":{"@id":"https:\/\/terrasse-mobile.net\/#website"},"primaryImageOfPage":{"@id":"https:\/\/terrasse-mobile.net\/revetements\/bois-composite\/revetements-naturels\/#primaryimage"},"image":{"@id":"https:\/\/terrasse-mobile.net\/revetements\/bois-composite\/revetements-naturels\/#primaryimage"},"thumbnailUrl":"https:\/\/terrasse-mobile.net\/wp-content\/uploads\/2024\/02\/REAL-SABOURAULT-PISCINE-2.jpg","datePublished":"2024-10-02T12:48:02+00:00","dateModified":"2025-11-25T15:27:30+00:00","description":"La terrasse mobile pour piscine SlideDeck peut \u00eatre habill\u00e9e avec de beaux rev\u00eatements naturels (gazon et feuille de pierre).","breadcrumb":{"@id":"https:\/\/terrasse-mobile.net\/revetements\/bois-composite\/revetements-naturels\/#breadcrumb"},"inLanguage":"it-IT","potentialAction":[{"@type":"ReadAction","target":["https:\/\/terrasse-mobile.net\/revetements\/bois-composite\/revetements-naturels\/"]}]},{"@type":"ImageObject","inLanguage":"it-IT","@id":"https:\/\/terrasse-mobile.net\/revetements\/bois-composite\/revetements-naturels\/#primaryimage","url":"https:\/\/terrasse-mobile.net\/wp-content\/uploads\/2024\/02\/REAL-SABOURAULT-PISCINE-2.jpg","contentUrl":"https:\/\/terrasse-mobile.net\/wp-content\/uploads\/2024\/02\/REAL-SABOURAULT-PISCINE-2.jpg","width":2000,"height":1500,"caption":"DCIM100MEDIADJI_0365.JPG"},{"@type":"BreadcrumbList","@id":"https:\/\/terrasse-mobile.net\/revetements\/bois-composite\/revetements-naturels\/#breadcrumb","itemListElement":[{"@type":"ListItem","position":1,"name":"Accueil","item":"https:\/\/terrasse-mobile.net\/"},{"@type":"ListItem","position":2,"name":"LES REV\u00caTEMENTS POUR TERRASSE MOBILE SLIDEDECK","item":"https:\/\/terrasse-mobile.net\/revetements\/"},{"@type":"ListItem","position":3,"name":"LES BOIS COMPOSITES POUR TERRASSE MOBILE","item":"https:\/\/terrasse-mobile.net\/revetements\/bois-composite\/"},{"@type":"ListItem","position":4,"name":"LES REV\u00caTEMENTS HABILL\u00c9S POUR TERRASSE MOBILE"}]},{"@type":"WebSite","@id":"https:\/\/terrasse-mobile.net\/#website","url":"https:\/\/terrasse-mobile.net\/","name":"Slidedeck","description":"Terrazze mobili su misura nella regione di Parigi","publisher":{"@id":"https:\/\/terrasse-mobile.net\/#organization"},"potentialAction":[{"@type":"SearchAction","target":{"@type":"EntryPoint","urlTemplate":"https:\/\/terrasse-mobile.net\/?s={search_term_string}"},"query-input":{"@type":"PropertyValueSpecification","valueRequired":true,"valueName":"search_term_string"}}],"inLanguage":"it-IT"},{"@type":"Organization","@id":"https:\/\/terrasse-mobile.net\/#organization","name":"Slidedeck","url":"https:\/\/terrasse-mobile.net\/","logo":{"@type":"ImageObject","inLanguage":"it-IT","@id":"https:\/\/terrasse-mobile.net\/#\/schema\/logo\/image\/","url":"https:\/\/terrasse-mobile.net\/wp-content\/uploads\/2024\/01\/logo-slidedeck.jpg","contentUrl":"https:\/\/terrasse-mobile.net\/wp-content\/uploads\/2024\/01\/logo-slidedeck.jpg","width":2000,"height":1103,"caption":"Slidedeck"},"image":{"@id":"https:\/\/terrasse-mobile.net\/#\/schema\/logo\/image\/"}}]}},"_links":{"self":[{"href":"https:\/\/terrasse-mobile.net\/it\/wp-json\/wp\/v2\/pages\/5504","targetHints":{"allow":["GET"]}}],"collection":[{"href":"https:\/\/terrasse-mobile.net\/it\/wp-json\/wp\/v2\/pages"}],"about":[{"href":"https:\/\/terrasse-mobile.net\/it\/wp-json\/wp\/v2\/types\/page"}],"author":[{"embeddable":true,"href":"https:\/\/terrasse-mobile.net\/it\/wp-json\/wp\/v2\/users\/1"}],"replies":[{"embeddable":true,"href":"https:\/\/terrasse-mobile.net\/it\/wp-json\/wp\/v2\/comments?post=5504"}],"version-history":[{"count":7,"href":"https:\/\/terrasse-mobile.net\/it\/wp-json\/wp\/v2\/pages\/5504\/revisions"}],"predecessor-version":[{"id":6162,"href":"https:\/\/terrasse-mobile.net\/it\/wp-json\/wp\/v2\/pages\/5504\/revisions\/6162"}],"up":[{"embeddable":true,"href":"https:\/\/terrasse-mobile.net\/it\/wp-json\/wp\/v2\/pages\/5496"}],"wp:featuredmedia":[{"embeddable":true,"href":"https:\/\/terrasse-mobile.net\/it\/wp-json\/wp\/v2\/media\/3640"}],"wp:attachment":[{"href":"https:\/\/terrasse-mobile.net\/it\/wp-json\/wp\/v2\/media?parent=5504"}],"wp:term":[{"taxonomy":"folder","embeddable":true,"href":"https:\/\/terrasse-mobile.net\/it\/wp-json\/wp\/v2\/folder?post=5504"}],"curies":[{"name":"wp","href":"https:\/\/api.w.org\/{rel}","templated":true}]}}