{"id":5566,"date":"2024-10-02T14:46:31","date_gmt":"2024-10-02T12:46:12","guid":{"rendered":"https:\/\/terrasse-mobile.net\/?page_id=5566"},"modified":"2025-11-25T15:32:23","modified_gmt":"2025-11-25T14:32:23","slug":"terrazza-scorrevole-motorizzata-piscina","status":"publish","type":"page","link":"https:\/\/terrasse-mobile.net\/it\/slidedeck\/realisations\/terrasse-coulissante-motorisee-piscine\/","title":{"rendered":"Realizzazione di una terrazza mobile nel dipartimento degli Yvelines"},"content":{"rendered":"<div class=\"wp-block-columns is-layout-flex wp-container-core-columns-is-layout-9d6595d7 wp-block-columns-is-layout-flex\">\n<div class=\"wp-block-column is-layout-flow wp-block-column-is-layout-flow\" style=\"flex-basis:33.33%\">\n<p>I nostri clienti desideravano una bella piscina, accompagnata da una splendida terrazza scorrevole.<\/p>\n\n\n\n<p>Inoltre, abbiamo realizzato una terrazza intorno alla casa, collegata direttamente alla piscina tramite una scalinata.<\/p>\n\n\n\n<p>Abbiamo costruito una bella piscina di 18 m\u00b2, che pu\u00f2 essere coperta da una terrazza scorrevole, realizzata con doghe in Cumaru, un legno esotico ultra resistente.<\/p>\n<\/div>\n\n\n\n<div class=\"wp-block-column is-layout-flow wp-block-column-is-layout-flow\" style=\"flex-basis:66.66%\">\n<figure class=\"wp-block-embed is-type-video is-provider-vimeo wp-block-embed-vimeo wp-embed-aspect-16-9 wp-has-aspect-ratio\"><div class=\"wp-block-embed__wrapper\">\n<iframe title=\"Presentazione terrazza Montainville\" src=\"https:\/\/player.vimeo.com\/video\/906744555?dnt=1&amp;app_id=122963\" width=\"720\" height=\"405\" frameborder=\"0\" allow=\"autoplay; fullscreen; picture-in-picture; clipboard-write\"><\/iframe>\n<\/div><\/figure>\n<\/div>\n<\/div>\n\n\n<div class=\"wp-block-image\">\n<figure class=\"aligncenter size-full\"><img decoding=\"async\" width=\"700\" height=\"464\" src=\"https:\/\/terrasse-mobile.net\/wp-content\/uploads\/2024\/01\/rea-montain00007-2.jpg\" alt=\"terrazza mobile\" class=\"wp-image-2022\" srcset=\"https:\/\/terrasse-mobile.net\/wp-content\/uploads\/2024\/01\/rea-montain00007-2.jpg 700w, https:\/\/terrasse-mobile.net\/wp-content\/uploads\/2024\/01\/rea-montain00007-2-300x199.jpg 300w\" sizes=\"(max-width: 700px) 100vw, 700px\" \/><\/figure>\n<\/div>\n\n\n<h2 class=\"wp-block-heading has-text-align-center\">Un bel progetto di terrazza mobile per piscina<\/h2>\n\n\n\n<p class=\"has-text-align-center\">Bellissima piscina realizzata nel dipartimento francese degli Yvelines, circondata da una magnifica terrazza in legno esotico Cumaru. La terrazza \u00e8 aperta, ma pu\u00f2 essere chiusa per coprire la piscina e proteggerla da eventuali detriti...<\/p>\n\n\n\n<div class=\"wp-block-columns is-layout-flex wp-container-core-columns-is-layout-9d6595d7 wp-block-columns-is-layout-flex\">\n<div class=\"wp-block-column is-layout-flow wp-block-column-is-layout-flow\">\n<figure class=\"wp-block-image\"><img decoding=\"async\" src=\"https:\/\/terrasse-mobile.net\/wp-content\/uploads\/2024\/01\/rea-montain00013.jpg\" alt=\"terrazza mobile\"\/><\/figure>\n\n\n\n<p class=\"has-text-align-left\">In questa foto possiamo vedere la piscina circondata da una terrazza in Cumaru. La terrazza \u00e8 attualmente aperta per consentire ai bagnanti di godersi appieno il sole. La membrana in PVC \u00abStone tile\u00bb della piscina aggiunge un tocco moderno ed elegante all'insieme.<\/p>\n<\/div>\n\n\n\n<div class=\"wp-block-column is-layout-flow wp-block-column-is-layout-flow\">\n<figure class=\"wp-block-image\"><img decoding=\"async\" src=\"https:\/\/terrasse-mobile.net\/wp-content\/uploads\/2024\/01\/rea-montain00003-4.jpg\" alt=\"terrazza mobile\"\/><\/figure>\n\n\n\n<p class=\"has-text-align-left\">Qui, la terrazza si sta chiudendo, coprendo completamente la piscina. Questo tipo di terrazza \u00e8 ideale per proteggere la piscina dalle foglie o da altri detriti trasportati dal vento.<\/p>\n<\/div>\n<\/div>\n\n\n\n<h2 class=\"wp-block-heading has-text-align-center\">Terrazza mobile e piscina di alta qualit\u00e0<\/h2>\n\n\n\n<div class=\"wp-block-columns is-layout-flex wp-container-core-columns-is-layout-9d6595d7 wp-block-columns-is-layout-flex\">\n<div class=\"wp-block-column is-layout-flow wp-block-column-is-layout-flow\">\n<figure class=\"wp-block-image\"><img decoding=\"async\" src=\"https:\/\/terrasse-mobile.net\/wp-content\/uploads\/2024\/01\/rea-montain00014.jpg\" alt=\"Piscina con terrazza in Cumaru dietro la casa\"\/><\/figure>\n\n\n\n<p class=\"has-text-align-left\">La piscina \u00e8 moderna ed elegante allo stesso tempo. Il rivestimento in PVC grigio conferisce alla piscina un aspetto contemporaneo e sofisticato, mentre la terrazza in Cumaru, un legno esotico, aggiunge un tocco caldo e naturale all'insieme. La scelta di questi materiali di qualit\u00e0 contribuisce a creare un'atmosfera armoniosa e piacevole intorno alla piscina, invitando al relax e al riposo.<\/p>\n<\/div>\n\n\n\n<div class=\"wp-block-column is-layout-flow wp-block-column-is-layout-flow\">\n<figure class=\"wp-block-image\"><img decoding=\"async\" src=\"https:\/\/terrasse-mobile.net\/wp-content\/uploads\/2024\/01\/rea-montain00007-2.jpg\" alt=\"terrazza mobile\"\/><\/figure>\n\n\n\n<p class=\"has-text-align-left\">L'esperienza e la professionalit\u00e0 dei nostri team garantiscono un risultato di ottima qualit\u00e0 e finiture realizzate alla perfezione. La terrazza e la piscina sono realizzate con precisione millimetrica e nulla \u00e8 lasciato al caso.<\/p>\n<\/div>\n<\/div>\n\n\n\n<figure class=\"wp-block-embed is-type-video is-provider-vimeo wp-block-embed-vimeo wp-embed-aspect-16-9 wp-has-aspect-ratio\"><div class=\"wp-block-embed__wrapper\">\n<iframe title=\"TERRAZZA MOBILE SLIDEDECK IN AZIONE\" src=\"https:\/\/player.vimeo.com\/video\/872949581?dnt=1&amp;app_id=122963\" width=\"720\" height=\"405\" frameborder=\"0\" allow=\"autoplay; fullscreen; picture-in-picture; clipboard-write\"><\/iframe>\n<\/div><\/figure>","protected":false},"excerpt":{"rendered":"<p>Nos clients voulaient une belle piscine, accompagn\u00e9e d&rsquo;une superbe terrasse coulissante. De plus, nous avons r\u00e9alis\u00e9 une terrasse autour de la maison, reli\u00e9e directement par des marches \u00e0 la piscine. Nous avons construit une jolie piscine de 18m2, pouvant \u00eatre couverte par une terrasse coulissante, faite en lames de Cumaru, un bois exotique ultra r\u00e9sistant&#8230;.<\/p>","protected":false},"author":1,"featured_media":3637,"parent":5631,"menu_order":10,"comment_status":"closed","ping_status":"closed","template":"","meta":{"_kad_post_transparent":"","_kad_post_title":"","_kad_post_layout":"","_kad_post_sidebar_id":"","_kad_post_content_style":"","_kad_post_vertical_padding":"","_kad_post_feature":"","_kad_post_feature_position":"","_kad_post_header":false,"_kad_post_footer":false,"_kad_post_classname":"","footnotes":""},"folder":[],"class_list":["post-5566","page","type-page","status-publish","has-post-thumbnail","hentry"],"yoast_head":"<!-- This site is optimized with the Yoast SEO plugin v27.4 - https:\/\/yoast.com\/product\/yoast-seo-wordpress\/ -->\n<title>Grande terrasse coulissante motoris\u00e9e sur-mesure pour piscine<\/title>\n<meta name=\"description\" content=\"En suppl\u00e9ment de la piscine et de la terrasse, nos clients voulaient une superbe terrasse coulissante motoris\u00e9e.\" \/>\n<meta name=\"robots\" content=\"index, follow, max-snippet:-1, max-image-preview:large, max-video-preview:-1\" \/>\n<link rel=\"canonical\" href=\"https:\/\/terrasse-mobile.net\/it\/ponte-scorrevole\/risultati\/terrazza-scorrevole-motorizzata-piscina\/\" \/>\n<meta property=\"og:locale\" content=\"it_IT\" \/>\n<meta property=\"og:type\" content=\"article\" \/>\n<meta property=\"og:title\" content=\"Grande terrasse coulissante motoris\u00e9e sur-mesure pour piscine\" \/>\n<meta property=\"og:description\" content=\"En suppl\u00e9ment de la piscine et de la terrasse, nos clients voulaient une superbe terrasse coulissante motoris\u00e9e.\" \/>\n<meta property=\"og:url\" content=\"https:\/\/terrasse-mobile.net\/it\/ponte-scorrevole\/risultati\/terrazza-scorrevole-motorizzata-piscina\/\" \/>\n<meta property=\"og:site_name\" content=\"Terrasse mobile\" \/>\n<meta property=\"article:modified_time\" content=\"2025-11-25T14:32:23+00:00\" \/>\n<meta property=\"og:image\" content=\"https:\/\/terrasse-mobile.net\/wp-content\/uploads\/2024\/02\/rea-montain00003.jpg\" \/>\n\t<meta property=\"og:image:width\" content=\"2000\" \/>\n\t<meta property=\"og:image:height\" content=\"1368\" \/>\n\t<meta property=\"og:image:type\" content=\"image\/jpeg\" \/>\n<meta name=\"twitter:card\" content=\"summary_large_image\" \/>\n<meta name=\"twitter:label1\" content=\"Tempo di lettura stimato\" \/>\n\t<meta name=\"twitter:data1\" content=\"3 minuti\" \/>\n<script type=\"application\/ld+json\" class=\"yoast-schema-graph\">{\"@context\":\"https:\\\/\\\/schema.org\",\"@graph\":[{\"@type\":\"WebPage\",\"@id\":\"https:\\\/\\\/terrasse-mobile.net\\\/slidedeck\\\/realisations\\\/terrasse-coulissante-motorisee-piscine\\\/\",\"url\":\"https:\\\/\\\/terrasse-mobile.net\\\/slidedeck\\\/realisations\\\/terrasse-coulissante-motorisee-piscine\\\/\",\"name\":\"Grande terrasse coulissante motoris\u00e9e sur-mesure pour piscine\",\"isPartOf\":{\"@id\":\"https:\\\/\\\/terrasse-mobile.net\\\/#website\"},\"primaryImageOfPage\":{\"@id\":\"https:\\\/\\\/terrasse-mobile.net\\\/slidedeck\\\/realisations\\\/terrasse-coulissante-motorisee-piscine\\\/#primaryimage\"},\"image\":{\"@id\":\"https:\\\/\\\/terrasse-mobile.net\\\/slidedeck\\\/realisations\\\/terrasse-coulissante-motorisee-piscine\\\/#primaryimage\"},\"thumbnailUrl\":\"https:\\\/\\\/terrasse-mobile.net\\\/wp-content\\\/uploads\\\/2024\\\/02\\\/rea-montain00003.jpg\",\"datePublished\":\"2024-10-02T12:46:12+00:00\",\"dateModified\":\"2025-11-25T14:32:23+00:00\",\"description\":\"En suppl\u00e9ment de la piscine et de la terrasse, nos clients voulaient une superbe terrasse coulissante motoris\u00e9e.\",\"breadcrumb\":{\"@id\":\"https:\\\/\\\/terrasse-mobile.net\\\/slidedeck\\\/realisations\\\/terrasse-coulissante-motorisee-piscine\\\/#breadcrumb\"},\"inLanguage\":\"it-IT\",\"potentialAction\":[{\"@type\":\"ReadAction\",\"target\":[\"https:\\\/\\\/terrasse-mobile.net\\\/slidedeck\\\/realisations\\\/terrasse-coulissante-motorisee-piscine\\\/\"]}]},{\"@type\":\"ImageObject\",\"inLanguage\":\"it-IT\",\"@id\":\"https:\\\/\\\/terrasse-mobile.net\\\/slidedeck\\\/realisations\\\/terrasse-coulissante-motorisee-piscine\\\/#primaryimage\",\"url\":\"https:\\\/\\\/terrasse-mobile.net\\\/wp-content\\\/uploads\\\/2024\\\/02\\\/rea-montain00003.jpg\",\"contentUrl\":\"https:\\\/\\\/terrasse-mobile.net\\\/wp-content\\\/uploads\\\/2024\\\/02\\\/rea-montain00003.jpg\",\"width\":2000,\"height\":1368,\"caption\":\"terrasse mobile\"},{\"@type\":\"BreadcrumbList\",\"@id\":\"https:\\\/\\\/terrasse-mobile.net\\\/slidedeck\\\/realisations\\\/terrasse-coulissante-motorisee-piscine\\\/#breadcrumb\",\"itemListElement\":[{\"@type\":\"ListItem\",\"position\":1,\"name\":\"Accueil\",\"item\":\"https:\\\/\\\/terrasse-mobile.net\\\/\"},{\"@type\":\"ListItem\",\"position\":2,\"name\":\"SLIDEDECK\",\"item\":\"https:\\\/\\\/terrasse-mobile.net\\\/slidedeck\\\/\"},{\"@type\":\"ListItem\",\"position\":3,\"name\":\"NOS R\u00c9ALISATIONS DE TERRASSE MOBILE SLIDEDECK\",\"item\":\"https:\\\/\\\/terrasse-mobile.net\\\/slidedeck\\\/realisations\\\/\"},{\"@type\":\"ListItem\",\"position\":4,\"name\":\"R\u00e9alisation de terrasse mobile dans les Yvelines\"}]},{\"@type\":\"WebSite\",\"@id\":\"https:\\\/\\\/terrasse-mobile.net\\\/#website\",\"url\":\"https:\\\/\\\/terrasse-mobile.net\\\/\",\"name\":\"Slidedeck\",\"description\":\"Construction sur mesure de terrasses mobiles en \u00cele-de-France\",\"publisher\":{\"@id\":\"https:\\\/\\\/terrasse-mobile.net\\\/#organization\"},\"potentialAction\":[{\"@type\":\"SearchAction\",\"target\":{\"@type\":\"EntryPoint\",\"urlTemplate\":\"https:\\\/\\\/terrasse-mobile.net\\\/?s={search_term_string}\"},\"query-input\":{\"@type\":\"PropertyValueSpecification\",\"valueRequired\":true,\"valueName\":\"search_term_string\"}}],\"inLanguage\":\"it-IT\"},{\"@type\":\"Organization\",\"@id\":\"https:\\\/\\\/terrasse-mobile.net\\\/#organization\",\"name\":\"Slidedeck\",\"url\":\"https:\\\/\\\/terrasse-mobile.net\\\/\",\"logo\":{\"@type\":\"ImageObject\",\"inLanguage\":\"it-IT\",\"@id\":\"https:\\\/\\\/terrasse-mobile.net\\\/#\\\/schema\\\/logo\\\/image\\\/\",\"url\":\"https:\\\/\\\/terrasse-mobile.net\\\/wp-content\\\/uploads\\\/2024\\\/01\\\/logo-slidedeck.jpg\",\"contentUrl\":\"https:\\\/\\\/terrasse-mobile.net\\\/wp-content\\\/uploads\\\/2024\\\/01\\\/logo-slidedeck.jpg\",\"width\":2000,\"height\":1103,\"caption\":\"Slidedeck\"},\"image\":{\"@id\":\"https:\\\/\\\/terrasse-mobile.net\\\/#\\\/schema\\\/logo\\\/image\\\/\"}}]}<\/script>\n<!-- \/ Yoast SEO plugin. -->","yoast_head_json":{"title":"Grande terrazza scorrevole motorizzata su misura per piscina","description":"Oltre alla piscina e alla terrazza, i nostri clienti desideravano una splendida terrazza scorrevole motorizzata.","robots":{"index":"index","follow":"follow","max-snippet":"max-snippet:-1","max-image-preview":"max-image-preview:large","max-video-preview":"max-video-preview:-1"},"canonical":"https:\/\/terrasse-mobile.net\/it\/ponte-scorrevole\/risultati\/terrazza-scorrevole-motorizzata-piscina\/","og_locale":"it_IT","og_type":"article","og_title":"Grande terrasse coulissante motoris\u00e9e sur-mesure pour piscine","og_description":"En suppl\u00e9ment de la piscine et de la terrasse, nos clients voulaient une superbe terrasse coulissante motoris\u00e9e.","og_url":"https:\/\/terrasse-mobile.net\/it\/ponte-scorrevole\/risultati\/terrazza-scorrevole-motorizzata-piscina\/","og_site_name":"Terrasse mobile","article_modified_time":"2025-11-25T14:32:23+00:00","og_image":[{"width":2000,"height":1368,"url":"https:\/\/terrasse-mobile.net\/wp-content\/uploads\/2024\/02\/rea-montain00003.jpg","type":"image\/jpeg"}],"twitter_card":"summary_large_image","twitter_misc":{"Tempo di lettura stimato":"3 minuti"},"schema":{"@context":"https:\/\/schema.org","@graph":[{"@type":"WebPage","@id":"https:\/\/terrasse-mobile.net\/slidedeck\/realisations\/terrasse-coulissante-motorisee-piscine\/","url":"https:\/\/terrasse-mobile.net\/slidedeck\/realisations\/terrasse-coulissante-motorisee-piscine\/","name":"Grande terrazza scorrevole motorizzata su misura per piscina","isPartOf":{"@id":"https:\/\/terrasse-mobile.net\/#website"},"primaryImageOfPage":{"@id":"https:\/\/terrasse-mobile.net\/slidedeck\/realisations\/terrasse-coulissante-motorisee-piscine\/#primaryimage"},"image":{"@id":"https:\/\/terrasse-mobile.net\/slidedeck\/realisations\/terrasse-coulissante-motorisee-piscine\/#primaryimage"},"thumbnailUrl":"https:\/\/terrasse-mobile.net\/wp-content\/uploads\/2024\/02\/rea-montain00003.jpg","datePublished":"2024-10-02T12:46:12+00:00","dateModified":"2025-11-25T14:32:23+00:00","description":"Oltre alla piscina e alla terrazza, i nostri clienti desideravano una splendida terrazza scorrevole motorizzata.","breadcrumb":{"@id":"https:\/\/terrasse-mobile.net\/slidedeck\/realisations\/terrasse-coulissante-motorisee-piscine\/#breadcrumb"},"inLanguage":"it-IT","potentialAction":[{"@type":"ReadAction","target":["https:\/\/terrasse-mobile.net\/slidedeck\/realisations\/terrasse-coulissante-motorisee-piscine\/"]}]},{"@type":"ImageObject","inLanguage":"it-IT","@id":"https:\/\/terrasse-mobile.net\/slidedeck\/realisations\/terrasse-coulissante-motorisee-piscine\/#primaryimage","url":"https:\/\/terrasse-mobile.net\/wp-content\/uploads\/2024\/02\/rea-montain00003.jpg","contentUrl":"https:\/\/terrasse-mobile.net\/wp-content\/uploads\/2024\/02\/rea-montain00003.jpg","width":2000,"height":1368,"caption":"terrasse mobile"},{"@type":"BreadcrumbList","@id":"https:\/\/terrasse-mobile.net\/slidedeck\/realisations\/terrasse-coulissante-motorisee-piscine\/#breadcrumb","itemListElement":[{"@type":"ListItem","position":1,"name":"Accueil","item":"https:\/\/terrasse-mobile.net\/"},{"@type":"ListItem","position":2,"name":"SLIDEDECK","item":"https:\/\/terrasse-mobile.net\/slidedeck\/"},{"@type":"ListItem","position":3,"name":"NOS R\u00c9ALISATIONS DE TERRASSE MOBILE SLIDEDECK","item":"https:\/\/terrasse-mobile.net\/slidedeck\/realisations\/"},{"@type":"ListItem","position":4,"name":"R\u00e9alisation de terrasse mobile dans les Yvelines"}]},{"@type":"WebSite","@id":"https:\/\/terrasse-mobile.net\/#website","url":"https:\/\/terrasse-mobile.net\/","name":"Slidedeck","description":"Terrazze mobili su misura nella regione di Parigi","publisher":{"@id":"https:\/\/terrasse-mobile.net\/#organization"},"potentialAction":[{"@type":"SearchAction","target":{"@type":"EntryPoint","urlTemplate":"https:\/\/terrasse-mobile.net\/?s={search_term_string}"},"query-input":{"@type":"PropertyValueSpecification","valueRequired":true,"valueName":"search_term_string"}}],"inLanguage":"it-IT"},{"@type":"Organization","@id":"https:\/\/terrasse-mobile.net\/#organization","name":"Slidedeck","url":"https:\/\/terrasse-mobile.net\/","logo":{"@type":"ImageObject","inLanguage":"it-IT","@id":"https:\/\/terrasse-mobile.net\/#\/schema\/logo\/image\/","url":"https:\/\/terrasse-mobile.net\/wp-content\/uploads\/2024\/01\/logo-slidedeck.jpg","contentUrl":"https:\/\/terrasse-mobile.net\/wp-content\/uploads\/2024\/01\/logo-slidedeck.jpg","width":2000,"height":1103,"caption":"Slidedeck"},"image":{"@id":"https:\/\/terrasse-mobile.net\/#\/schema\/logo\/image\/"}}]}},"_links":{"self":[{"href":"https:\/\/terrasse-mobile.net\/it\/wp-json\/wp\/v2\/pages\/5566","targetHints":{"allow":["GET"]}}],"collection":[{"href":"https:\/\/terrasse-mobile.net\/it\/wp-json\/wp\/v2\/pages"}],"about":[{"href":"https:\/\/terrasse-mobile.net\/it\/wp-json\/wp\/v2\/types\/page"}],"author":[{"embeddable":true,"href":"https:\/\/terrasse-mobile.net\/it\/wp-json\/wp\/v2\/users\/1"}],"replies":[{"embeddable":true,"href":"https:\/\/terrasse-mobile.net\/it\/wp-json\/wp\/v2\/comments?post=5566"}],"version-history":[{"count":5,"href":"https:\/\/terrasse-mobile.net\/it\/wp-json\/wp\/v2\/pages\/5566\/revisions"}],"predecessor-version":[{"id":7264,"href":"https:\/\/terrasse-mobile.net\/it\/wp-json\/wp\/v2\/pages\/5566\/revisions\/7264"}],"up":[{"embeddable":true,"href":"https:\/\/terrasse-mobile.net\/it\/wp-json\/wp\/v2\/pages\/5631"}],"wp:featuredmedia":[{"embeddable":true,"href":"https:\/\/terrasse-mobile.net\/it\/wp-json\/wp\/v2\/media\/3637"}],"wp:attachment":[{"href":"https:\/\/terrasse-mobile.net\/it\/wp-json\/wp\/v2\/media?parent=5566"}],"wp:term":[{"taxonomy":"folder","embeddable":true,"href":"https:\/\/terrasse-mobile.net\/it\/wp-json\/wp\/v2\/folder?post=5566"}],"curies":[{"name":"wp","href":"https:\/\/api.w.org\/{rel}","templated":true}]}}