{"id":5588,"date":"2024-10-02T14:45:25","date_gmt":"2024-10-02T12:45:25","guid":{"rendered":"https:\/\/terrasse-mobile.net\/?page_id=5588"},"modified":"2025-10-08T14:35:43","modified_gmt":"2025-10-08T12:35:43","slug":"terrasse-coulissante-garantie-10-ans","status":"publish","type":"page","link":"https:\/\/terrasse-mobile.net\/it\/slidedeck\/installation-entretien\/terrasse-coulissante-garantie-10-ans\/","title":{"rendered":"VOTRE TERRASSE MOBILE INSTALL\u00c9E PAR DES PROFESSIONNELS"},"content":{"rendered":"<p>Votre terrasse mobile pour piscine SlideDeck peut \u00eatre install\u00e9e par nos professionnels. Voici une vid\u00e9o expliquant l&rsquo;installation D\u00c9TAILL\u00c9E de la terrasse mobile SlideDeck.<\/p>\n\n\n\n<div class=\"wp-block-group\"><div class=\"wp-block-group__inner-container is-layout-constrained wp-block-group-is-layout-constrained\">\n<div class=\"wp-block-columns is-layout-flex wp-container-core-columns-is-layout-9d6595d7 wp-block-columns-is-layout-flex\">\n<div class=\"wp-block-column is-layout-flow wp-block-column-is-layout-flow\">\n<figure class=\"wp-block-embed is-type-video is-provider-vimeo wp-block-embed-vimeo wp-embed-aspect-16-9 wp-has-aspect-ratio\"><div class=\"wp-block-embed__wrapper\">\n<iframe title=\"VIDEO PRESENTATION CONSTRUCTION SLIDEDECK\" src=\"https:\/\/player.vimeo.com\/video\/932896465?dnt=1&amp;app_id=122963\" width=\"720\" height=\"405\" frameborder=\"0\" allow=\"autoplay; fullscreen; picture-in-picture; clipboard-write\"><\/iframe>\n<\/div><\/figure>\n<\/div>\n\n\n\n<div class=\"wp-block-column is-layout-flow wp-block-column-is-layout-flow\">\n<h2 class=\"wp-block-heading\">Installation de la terrasse mmobile par les \u00e9quipes Piscine Nature<\/h2>\n\n\n\n<p>SlideDeck \u00e8 stato progettato e sviluppato dal team di Piscine Nature, con sede a Chatou negli Yvelines. Possiamo installare la vostra terrazza mobile ovunque nella regione Ile-de-France (nei seguenti dipartimenti: 77, 78, 91, 92, 93, 94, 95 e 75). Per installare la terrazza mobile SlideDeck, occorre innanzitutto creare il binario. Questa pu\u00f2 essere una terrazza in legno o piastrellata intorno alla piscina.<\/p>\n\n\n\n<p>Si la terrasse mobile doit se d\u00e9placer sur une zone de terrain naturel, vers le jardin typiquement, il faudra cr\u00e9er des chemins de roulement pour permettre \u00e0 la piscine de se d\u00e9placer avec fluidit\u00e9. En g\u00e9n\u00e9ral, ces chemins de roulement sont cr\u00e9\u00e9s sous forme d&rsquo;une \u00ab\u00a0longrine\u00a0\u00bb. C&rsquo;est un petit muret en b\u00e9ton qui peut \u00eatre recouvert de lames de terrasse ou carrel\u00e9. Sur cette longrine sont install\u00e9s les rails de roulement pour un d\u00e9placement en toute fiabilit\u00e9. Ces longrines peuvent \u00eatre install\u00e9es par votre ma\u00e7on.&nbsp;<\/p>\n<\/div>\n<\/div>\n<\/div><\/div>\n\n\n\n<p>Naturalmente, possiamo occuparci dell'intera installazione per voi, vale a dire<\/p>\n\n\n\n<ul class=\"wp-block-list\">\n<li>Installare i traversi (e attendere che si asciughino), coprire i traversi con tavole di pavimentazione o di coperta.<\/li>\n\n\n\n<li>Consegnare la terrazza mobile e costruire la struttura<\/li>\n\n\n\n<li>Installare il rivestimento: tavole da ponte in legno esotico, composito o altri materiali.<\/li>\n\n\n\n<li>Infine, possiamo installare la motorizzazione.<\/li>\n<\/ul>\n\n\n\n<p>I nostri esperti sono a disposizione per eseguire i lavori secondo i pi\u00f9 alti standard di qualit\u00e0 e nei tempi previsti.<\/p>\n\n\n\n<div class=\"wp-block-group\"><div class=\"wp-block-group__inner-container is-layout-constrained wp-block-group-is-layout-constrained\">\n<div class=\"wp-block-columns is-layout-flex wp-container-core-columns-is-layout-9d6595d7 wp-block-columns-is-layout-flex\">\n<div class=\"wp-block-column is-layout-flow wp-block-column-is-layout-flow\">\n<h2 class=\"wp-block-heading\">Une terrasse mobile pour piscine <br>al di fuori della regione di Parigi?<\/h2>\n\n\n\n<p>Se vi trovate fuori dalla regione di Parigi o se la vostra terrazza mobile \u00e8 stata installata da un costruttore di piscine, possiamo consegnare il nostro kit pronto per il montaggio ai professionisti di vostra scelta. In questo caso, il montaggio pu\u00f2 essere effettuato dall'artigiano che lavora per voi. Forniamo assistenza tecnica per garantire che l'installazione avvenga nelle migliori condizioni possibili.<\/p>\n\n\n\n<div class=\"wp-block-buttons is-content-justification-center is-layout-flex wp-container-core-buttons-is-layout-16018d1d wp-block-buttons-is-layout-flex\">\n<div class=\"wp-block-button has-custom-font-size is-style-fill has-small-font-size\"><a class=\"wp-block-button__link has-white-color has-text-color has-background has-link-color wp-element-button\" href=\"https:\/\/terrasse-mobile.net\/it\/terrazza-mobile-su-misura\/modelli\/\" style=\"background-color:#3579a4\">D\u00c9COUVREZ LA GAMME DE TERRASSES MOBILES SLIDEDECK<\/a><\/div>\n<\/div>\n<\/div>\n\n\n\n<div class=\"wp-block-column is-layout-flow wp-block-column-is-layout-flow\">\n<figure class=\"wp-block-image size-full\"><img decoding=\"async\" width=\"743\" height=\"492\" src=\"https:\/\/terrasse-mobile.net\/wp-content\/uploads\/2024\/04\/SLIDEDECK-BERTAGNE00004.jpg\" alt=\"TERRAZZA MOBILE DELLA PISCINA\" class=\"wp-image-4991\" style=\"aspect-ratio:3\/2;object-fit:cover\" srcset=\"https:\/\/terrasse-mobile.net\/wp-content\/uploads\/2024\/04\/SLIDEDECK-BERTAGNE00004.jpg 743w, https:\/\/terrasse-mobile.net\/wp-content\/uploads\/2024\/04\/SLIDEDECK-BERTAGNE00004-300x199.jpg 300w\" sizes=\"(max-width: 743px) 100vw, 743px\" \/><\/figure>\n<\/div>\n<\/div>\n<\/div><\/div>","protected":false},"excerpt":{"rendered":"<p>Votre terrasse mobile pour piscine SlideDeck peut \u00eatre install\u00e9e par nos professionnels. Voici une vid\u00e9o expliquant l&rsquo;installation D\u00c9TAILL\u00c9E de la terrasse mobile SlideDeck. Installation de la terrasse mmobile par les \u00e9quipes Piscine Nature SlideDeck a \u00e9t\u00e9 con\u00e7u et d\u00e9velopp\u00e9 par les \u00e9quipes de Piscine Nature, install\u00e9 \u00e0 Chatou dans les Yvelines. Nous sommes en mesure&#8230;<\/p>","protected":false},"author":1,"featured_media":3640,"parent":5585,"menu_order":16,"comment_status":"closed","ping_status":"closed","template":"","meta":{"_kad_post_transparent":"","_kad_post_title":"","_kad_post_layout":"","_kad_post_sidebar_id":"","_kad_post_content_style":"","_kad_post_vertical_padding":"","_kad_post_feature":"","_kad_post_feature_position":"","_kad_post_header":false,"_kad_post_footer":false,"_kad_post_classname":"","footnotes":""},"folder":[],"class_list":["post-5588","page","type-page","status-publish","has-post-thumbnail","hentry"],"yoast_head":"<!-- This site is optimized with the Yoast SEO plugin v27.4 - https:\/\/yoast.com\/product\/yoast-seo-wordpress\/ -->\n<title>Installation de la terrasse mobile de piscine par des professionnels<\/title>\n<meta name=\"description\" content=\"L&#039;\u00e9quipe SlideDeck est constitu\u00e9e de professionnels de la piscine et de la terrasse mobile. Nous nous ferons un plaisir de vous l&#039;installer.\" \/>\n<meta name=\"robots\" content=\"index, follow, max-snippet:-1, max-image-preview:large, max-video-preview:-1\" \/>\n<link rel=\"canonical\" href=\"https:\/\/terrasse-mobile.net\/it\/ponte-scorrevole\/manutenzione-dellinstallazione\/terrasse-coulissante-garantie-10-ans\/\" \/>\n<meta property=\"og:locale\" content=\"it_IT\" \/>\n<meta property=\"og:type\" content=\"article\" \/>\n<meta property=\"og:title\" content=\"Installation de la terrasse mobile de piscine par des professionnels\" \/>\n<meta property=\"og:description\" content=\"L&#039;\u00e9quipe SlideDeck est constitu\u00e9e de professionnels de la piscine et de la terrasse mobile. Nous nous ferons un plaisir de vous l&#039;installer.\" \/>\n<meta property=\"og:url\" content=\"https:\/\/terrasse-mobile.net\/it\/ponte-scorrevole\/manutenzione-dellinstallazione\/terrasse-coulissante-garantie-10-ans\/\" \/>\n<meta property=\"og:site_name\" content=\"Terrasse mobile\" \/>\n<meta property=\"article:modified_time\" content=\"2025-10-08T12:35:43+00:00\" \/>\n<meta property=\"og:image\" content=\"https:\/\/terrasse-mobile.net\/wp-content\/uploads\/2024\/02\/REAL-SABOURAULT-PISCINE-2.jpg\" \/>\n\t<meta property=\"og:image:width\" content=\"2000\" \/>\n\t<meta property=\"og:image:height\" content=\"1500\" \/>\n\t<meta property=\"og:image:type\" content=\"image\/jpeg\" \/>\n<meta name=\"twitter:card\" content=\"summary_large_image\" \/>\n<meta name=\"twitter:label1\" content=\"Tempo di lettura stimato\" \/>\n\t<meta name=\"twitter:data1\" content=\"3 minuti\" \/>\n<script type=\"application\/ld+json\" class=\"yoast-schema-graph\">{\"@context\":\"https:\\\/\\\/schema.org\",\"@graph\":[{\"@type\":\"WebPage\",\"@id\":\"https:\\\/\\\/terrasse-mobile.net\\\/slidedeck\\\/installation-entretien\\\/terrasse-coulissante-garantie-10-ans\\\/\",\"url\":\"https:\\\/\\\/terrasse-mobile.net\\\/slidedeck\\\/installation-entretien\\\/terrasse-coulissante-garantie-10-ans\\\/\",\"name\":\"Installation de la terrasse mobile de piscine par des professionnels\",\"isPartOf\":{\"@id\":\"https:\\\/\\\/terrasse-mobile.net\\\/#website\"},\"primaryImageOfPage\":{\"@id\":\"https:\\\/\\\/terrasse-mobile.net\\\/slidedeck\\\/installation-entretien\\\/terrasse-coulissante-garantie-10-ans\\\/#primaryimage\"},\"image\":{\"@id\":\"https:\\\/\\\/terrasse-mobile.net\\\/slidedeck\\\/installation-entretien\\\/terrasse-coulissante-garantie-10-ans\\\/#primaryimage\"},\"thumbnailUrl\":\"https:\\\/\\\/terrasse-mobile.net\\\/wp-content\\\/uploads\\\/2024\\\/02\\\/REAL-SABOURAULT-PISCINE-2.jpg\",\"datePublished\":\"2024-10-02T12:45:25+00:00\",\"dateModified\":\"2025-10-08T12:35:43+00:00\",\"description\":\"L'\u00e9quipe SlideDeck est constitu\u00e9e de professionnels de la piscine et de la terrasse mobile. Nous nous ferons un plaisir de vous l'installer.\",\"breadcrumb\":{\"@id\":\"https:\\\/\\\/terrasse-mobile.net\\\/slidedeck\\\/installation-entretien\\\/terrasse-coulissante-garantie-10-ans\\\/#breadcrumb\"},\"inLanguage\":\"it-IT\",\"potentialAction\":[{\"@type\":\"ReadAction\",\"target\":[\"https:\\\/\\\/terrasse-mobile.net\\\/slidedeck\\\/installation-entretien\\\/terrasse-coulissante-garantie-10-ans\\\/\"]}]},{\"@type\":\"ImageObject\",\"inLanguage\":\"it-IT\",\"@id\":\"https:\\\/\\\/terrasse-mobile.net\\\/slidedeck\\\/installation-entretien\\\/terrasse-coulissante-garantie-10-ans\\\/#primaryimage\",\"url\":\"https:\\\/\\\/terrasse-mobile.net\\\/wp-content\\\/uploads\\\/2024\\\/02\\\/REAL-SABOURAULT-PISCINE-2.jpg\",\"contentUrl\":\"https:\\\/\\\/terrasse-mobile.net\\\/wp-content\\\/uploads\\\/2024\\\/02\\\/REAL-SABOURAULT-PISCINE-2.jpg\",\"width\":2000,\"height\":1500,\"caption\":\"DCIM100MEDIADJI_0365.JPG\"},{\"@type\":\"BreadcrumbList\",\"@id\":\"https:\\\/\\\/terrasse-mobile.net\\\/slidedeck\\\/installation-entretien\\\/terrasse-coulissante-garantie-10-ans\\\/#breadcrumb\",\"itemListElement\":[{\"@type\":\"ListItem\",\"position\":1,\"name\":\"Accueil\",\"item\":\"https:\\\/\\\/terrasse-mobile.net\\\/\"},{\"@type\":\"ListItem\",\"position\":2,\"name\":\"SLIDEDECK\",\"item\":\"https:\\\/\\\/terrasse-mobile.net\\\/slidedeck\\\/\"},{\"@type\":\"ListItem\",\"position\":3,\"name\":\"INSTALLATION DE LA TERRASSE MOBILE SLIDEDECK\",\"item\":\"https:\\\/\\\/terrasse-mobile.net\\\/slidedeck\\\/installation-entretien\\\/\"},{\"@type\":\"ListItem\",\"position\":4,\"name\":\"VOTRE TERRASSE MOBILE INSTALL\u00c9E PAR DES PROFESSIONNELS\"}]},{\"@type\":\"WebSite\",\"@id\":\"https:\\\/\\\/terrasse-mobile.net\\\/#website\",\"url\":\"https:\\\/\\\/terrasse-mobile.net\\\/\",\"name\":\"Slidedeck\",\"description\":\"Construction sur mesure de terrasses mobiles en \u00cele-de-France\",\"publisher\":{\"@id\":\"https:\\\/\\\/terrasse-mobile.net\\\/#organization\"},\"potentialAction\":[{\"@type\":\"SearchAction\",\"target\":{\"@type\":\"EntryPoint\",\"urlTemplate\":\"https:\\\/\\\/terrasse-mobile.net\\\/?s={search_term_string}\"},\"query-input\":{\"@type\":\"PropertyValueSpecification\",\"valueRequired\":true,\"valueName\":\"search_term_string\"}}],\"inLanguage\":\"it-IT\"},{\"@type\":\"Organization\",\"@id\":\"https:\\\/\\\/terrasse-mobile.net\\\/#organization\",\"name\":\"Slidedeck\",\"url\":\"https:\\\/\\\/terrasse-mobile.net\\\/\",\"logo\":{\"@type\":\"ImageObject\",\"inLanguage\":\"it-IT\",\"@id\":\"https:\\\/\\\/terrasse-mobile.net\\\/#\\\/schema\\\/logo\\\/image\\\/\",\"url\":\"https:\\\/\\\/terrasse-mobile.net\\\/wp-content\\\/uploads\\\/2024\\\/01\\\/logo-slidedeck.jpg\",\"contentUrl\":\"https:\\\/\\\/terrasse-mobile.net\\\/wp-content\\\/uploads\\\/2024\\\/01\\\/logo-slidedeck.jpg\",\"width\":2000,\"height\":1103,\"caption\":\"Slidedeck\"},\"image\":{\"@id\":\"https:\\\/\\\/terrasse-mobile.net\\\/#\\\/schema\\\/logo\\\/image\\\/\"}}]}<\/script>\n<!-- \/ Yoast SEO plugin. -->","yoast_head_json":{"title":"Installation de la terrasse mobile de piscine par des professionnels","description":"L'\u00e9quipe SlideDeck est constitu\u00e9e de professionnels de la piscine et de la terrasse mobile. Nous nous ferons un plaisir de vous l'installer.","robots":{"index":"index","follow":"follow","max-snippet":"max-snippet:-1","max-image-preview":"max-image-preview:large","max-video-preview":"max-video-preview:-1"},"canonical":"https:\/\/terrasse-mobile.net\/it\/ponte-scorrevole\/manutenzione-dellinstallazione\/terrasse-coulissante-garantie-10-ans\/","og_locale":"it_IT","og_type":"article","og_title":"Installation de la terrasse mobile de piscine par des professionnels","og_description":"L'\u00e9quipe SlideDeck est constitu\u00e9e de professionnels de la piscine et de la terrasse mobile. Nous nous ferons un plaisir de vous l'installer.","og_url":"https:\/\/terrasse-mobile.net\/it\/ponte-scorrevole\/manutenzione-dellinstallazione\/terrasse-coulissante-garantie-10-ans\/","og_site_name":"Terrasse mobile","article_modified_time":"2025-10-08T12:35:43+00:00","og_image":[{"width":2000,"height":1500,"url":"https:\/\/terrasse-mobile.net\/wp-content\/uploads\/2024\/02\/REAL-SABOURAULT-PISCINE-2.jpg","type":"image\/jpeg"}],"twitter_card":"summary_large_image","twitter_misc":{"Tempo di lettura stimato":"3 minuti"},"schema":{"@context":"https:\/\/schema.org","@graph":[{"@type":"WebPage","@id":"https:\/\/terrasse-mobile.net\/slidedeck\/installation-entretien\/terrasse-coulissante-garantie-10-ans\/","url":"https:\/\/terrasse-mobile.net\/slidedeck\/installation-entretien\/terrasse-coulissante-garantie-10-ans\/","name":"Installation de la terrasse mobile de piscine par des professionnels","isPartOf":{"@id":"https:\/\/terrasse-mobile.net\/#website"},"primaryImageOfPage":{"@id":"https:\/\/terrasse-mobile.net\/slidedeck\/installation-entretien\/terrasse-coulissante-garantie-10-ans\/#primaryimage"},"image":{"@id":"https:\/\/terrasse-mobile.net\/slidedeck\/installation-entretien\/terrasse-coulissante-garantie-10-ans\/#primaryimage"},"thumbnailUrl":"https:\/\/terrasse-mobile.net\/wp-content\/uploads\/2024\/02\/REAL-SABOURAULT-PISCINE-2.jpg","datePublished":"2024-10-02T12:45:25+00:00","dateModified":"2025-10-08T12:35:43+00:00","description":"L'\u00e9quipe SlideDeck est constitu\u00e9e de professionnels de la piscine et de la terrasse mobile. Nous nous ferons un plaisir de vous l'installer.","breadcrumb":{"@id":"https:\/\/terrasse-mobile.net\/slidedeck\/installation-entretien\/terrasse-coulissante-garantie-10-ans\/#breadcrumb"},"inLanguage":"it-IT","potentialAction":[{"@type":"ReadAction","target":["https:\/\/terrasse-mobile.net\/slidedeck\/installation-entretien\/terrasse-coulissante-garantie-10-ans\/"]}]},{"@type":"ImageObject","inLanguage":"it-IT","@id":"https:\/\/terrasse-mobile.net\/slidedeck\/installation-entretien\/terrasse-coulissante-garantie-10-ans\/#primaryimage","url":"https:\/\/terrasse-mobile.net\/wp-content\/uploads\/2024\/02\/REAL-SABOURAULT-PISCINE-2.jpg","contentUrl":"https:\/\/terrasse-mobile.net\/wp-content\/uploads\/2024\/02\/REAL-SABOURAULT-PISCINE-2.jpg","width":2000,"height":1500,"caption":"DCIM100MEDIADJI_0365.JPG"},{"@type":"BreadcrumbList","@id":"https:\/\/terrasse-mobile.net\/slidedeck\/installation-entretien\/terrasse-coulissante-garantie-10-ans\/#breadcrumb","itemListElement":[{"@type":"ListItem","position":1,"name":"Accueil","item":"https:\/\/terrasse-mobile.net\/"},{"@type":"ListItem","position":2,"name":"SLIDEDECK","item":"https:\/\/terrasse-mobile.net\/slidedeck\/"},{"@type":"ListItem","position":3,"name":"INSTALLATION DE LA TERRASSE MOBILE SLIDEDECK","item":"https:\/\/terrasse-mobile.net\/slidedeck\/installation-entretien\/"},{"@type":"ListItem","position":4,"name":"VOTRE TERRASSE MOBILE INSTALL\u00c9E PAR DES PROFESSIONNELS"}]},{"@type":"WebSite","@id":"https:\/\/terrasse-mobile.net\/#website","url":"https:\/\/terrasse-mobile.net\/","name":"Slidedeck","description":"Terrazze mobili su misura nella regione di Parigi","publisher":{"@id":"https:\/\/terrasse-mobile.net\/#organization"},"potentialAction":[{"@type":"SearchAction","target":{"@type":"EntryPoint","urlTemplate":"https:\/\/terrasse-mobile.net\/?s={search_term_string}"},"query-input":{"@type":"PropertyValueSpecification","valueRequired":true,"valueName":"search_term_string"}}],"inLanguage":"it-IT"},{"@type":"Organization","@id":"https:\/\/terrasse-mobile.net\/#organization","name":"Slidedeck","url":"https:\/\/terrasse-mobile.net\/","logo":{"@type":"ImageObject","inLanguage":"it-IT","@id":"https:\/\/terrasse-mobile.net\/#\/schema\/logo\/image\/","url":"https:\/\/terrasse-mobile.net\/wp-content\/uploads\/2024\/01\/logo-slidedeck.jpg","contentUrl":"https:\/\/terrasse-mobile.net\/wp-content\/uploads\/2024\/01\/logo-slidedeck.jpg","width":2000,"height":1103,"caption":"Slidedeck"},"image":{"@id":"https:\/\/terrasse-mobile.net\/#\/schema\/logo\/image\/"}}]}},"_links":{"self":[{"href":"https:\/\/terrasse-mobile.net\/it\/wp-json\/wp\/v2\/pages\/5588","targetHints":{"allow":["GET"]}}],"collection":[{"href":"https:\/\/terrasse-mobile.net\/it\/wp-json\/wp\/v2\/pages"}],"about":[{"href":"https:\/\/terrasse-mobile.net\/it\/wp-json\/wp\/v2\/types\/page"}],"author":[{"embeddable":true,"href":"https:\/\/terrasse-mobile.net\/it\/wp-json\/wp\/v2\/users\/1"}],"replies":[{"embeddable":true,"href":"https:\/\/terrasse-mobile.net\/it\/wp-json\/wp\/v2\/comments?post=5588"}],"version-history":[{"count":10,"href":"https:\/\/terrasse-mobile.net\/it\/wp-json\/wp\/v2\/pages\/5588\/revisions"}],"predecessor-version":[{"id":6792,"href":"https:\/\/terrasse-mobile.net\/it\/wp-json\/wp\/v2\/pages\/5588\/revisions\/6792"}],"up":[{"embeddable":true,"href":"https:\/\/terrasse-mobile.net\/it\/wp-json\/wp\/v2\/pages\/5585"}],"wp:featuredmedia":[{"embeddable":true,"href":"https:\/\/terrasse-mobile.net\/it\/wp-json\/wp\/v2\/media\/3640"}],"wp:attachment":[{"href":"https:\/\/terrasse-mobile.net\/it\/wp-json\/wp\/v2\/media?parent=5588"}],"wp:term":[{"taxonomy":"folder","embeddable":true,"href":"https:\/\/terrasse-mobile.net\/it\/wp-json\/wp\/v2\/folder?post=5588"}],"curies":[{"name":"wp","href":"https:\/\/api.w.org\/{rel}","templated":true}]}}