{"id":5599,"date":"2024-10-02T14:45:20","date_gmt":"2024-10-02T12:45:20","guid":{"rendered":"https:\/\/terrasse-mobile.net\/?page_id=5599"},"modified":"2025-10-08T14:35:43","modified_gmt":"2025-10-08T12:35:43","slug":"come-costruire-una-terrazza-mobile-per-piscina","status":"publish","type":"page","link":"https:\/\/terrasse-mobile.net\/it\/slidedeck\/installation-entretien\/comment-construire-terrasse-mobile-piscine\/","title":{"rendered":"COSA VI SERVE PER INSTALLARE LA VOSTRA TERRAZZA SCORREVOLE SLIDEDECK"},"content":{"rendered":"<p>L'installazione di una terrazza mobile per una piscina - o una spa - non \u00e8 di per s\u00e9 complicata, ma richiede un po' di preparazione per garantire che si integri perfettamente con il giardino.<\/p>\n\n\n\n<div class=\"wp-block-group\"><div class=\"wp-block-group__inner-container is-layout-constrained wp-block-group-is-layout-constrained\">\n<div class=\"wp-block-columns is-layout-flex wp-container-core-columns-is-layout-9d6595d7 wp-block-columns-is-layout-flex\">\n<div class=\"wp-block-column is-layout-flow wp-block-column-is-layout-flow\">\n<h2 class=\"wp-block-heading\">Avete bisogno di spazio sufficiente<\/h2>\n\n\n\n<p>\u00c8 essenziale disporre di uno spazio sufficiente per consentire alla terrazza mobile SlideDeck di muoversi agevolmente. L'ideale \u00e8 disporre di una superficie delle stesse dimensioni della piscina, sul lato della stessa.<\/p>\n\n\n\n<h2 class=\"wp-block-heading\">Installazione di una terrazza mobile SlideDeck <br>su un sito in pendenza?<\/h2>\n\n\n\n<p>Lo spazio disponibile deve essere sullo stesso piano della piscina, senza dislivelli. Se il terreno \u00e8 in pendenza, \u00e8 necessario creare dei traversi in cemento armato per formare i binari su cui far viaggiare la terrazza mobile.&nbsp;<\/p>\n<\/div>\n\n\n\n<div class=\"wp-block-column is-layout-flow wp-block-column-is-layout-flow\">\n<figure class=\"wp-block-image size-full\"><img decoding=\"async\" width=\"700\" height=\"464\" src=\"https:\/\/terrasse-mobile.net\/wp-content\/uploads\/2024\/01\/REAL-SABOURAULT-STRUCTUREjpg.jpg\" alt=\"base sotto la piastra di base mobile\" class=\"wp-image-2180\" style=\"aspect-ratio:3\/2;object-fit:cover\" srcset=\"https:\/\/terrasse-mobile.net\/wp-content\/uploads\/2024\/01\/REAL-SABOURAULT-STRUCTUREjpg.jpg 700w, https:\/\/terrasse-mobile.net\/wp-content\/uploads\/2024\/01\/REAL-SABOURAULT-STRUCTUREjpg-300x199.jpg 300w\" sizes=\"(max-width: 700px) 100vw, 700px\" \/><\/figure>\n<\/div>\n<\/div>\n<\/div><\/div>\n\n\n\n<h2 class=\"wp-block-heading has-text-align-center\">Ci sono pietre di copertura intorno alla piscina?<\/h2>\n\n\n\n<p class=\"has-text-align-center\">Se si dispone di una copertura in pietra ricomposta o in flagstone, questa informazione deve essere abbastanza precisa per garantire un adattamento perfetto. Se si dispone di una copertura in pietra ricostituita in pendenza, sar\u00e0 probabilmente preferibile posizionare la pista di decollo oltre la copertura.<\/p>\n\n\n\n<div class=\"wp-block-group\"><div class=\"wp-block-group__inner-container is-layout-constrained wp-block-group-is-layout-constrained\">\n<div class=\"wp-block-columns is-layout-flex wp-container-core-columns-is-layout-9d6595d7 wp-block-columns-is-layout-flex\">\n<div class=\"wp-block-column is-layout-flow wp-block-column-is-layout-flow\">\n<figure class=\"wp-block-image size-full\"><img decoding=\"async\" width=\"765\" height=\"507\" src=\"https:\/\/terrasse-mobile.net\/wp-content\/uploads\/2024\/01\/DSC_0606-1.jpg\" alt=\"bella terrazza mobile a ile de france\" class=\"wp-image-2162\" style=\"aspect-ratio:3\/2;object-fit:cover\" srcset=\"https:\/\/terrasse-mobile.net\/wp-content\/uploads\/2024\/01\/DSC_0606-1.jpg 765w, https:\/\/terrasse-mobile.net\/wp-content\/uploads\/2024\/01\/DSC_0606-1-300x199.jpg 300w\" sizes=\"(max-width: 765px) 100vw, 765px\" \/><\/figure>\n<\/div>\n\n\n\n<div class=\"wp-block-column is-layout-flow wp-block-column-is-layout-flow\">\n<h2 class=\"wp-block-heading\">Quale tipo di piscina \u00e8 pi\u00f9 adatto a una terrazza mobile?<\/h2>\n\n\n\n<p>La piattaforma mobile SlideDeck \u00e8 adatta a tutti i tipi di piscina. In genere, il ponte mobile \u00e8 pi\u00f9 adatto alle piscine di piccole e medie dimensioni. Per le piscine pi\u00f9 grandi, come le corsie di nuoto, possiamo offrire un ponte mobile che si sposta in lunghezza, che richiede molto spazio sul lato della piscina, o il nostro ponte speciale di grandi dimensioni. Contattateci per maggiori informazioni.&nbsp;<\/p>\n\n\n\n<h2 class=\"wp-block-heading\">Considerate una terrazza mobile quando ristrutturate la vostra piscina!<\/h2>\n\n\n\n<p>L'inserimento di una terrazza mobile nella ristrutturazione di una piscina pu\u00f2 essere particolarmente oculato. La ristrutturazione offre l'opportunit\u00e0 di ripensare completamente lo spazio intorno alla piscina al variare delle stagioni, rendendo la terrazza mobile un'aggiunta intelligente in questo contesto.<\/p>\n<\/div>\n<\/div>\n<\/div><\/div>\n\n\n\n<h2 class=\"wp-block-heading has-text-align-center\">Motorizzazione di SlideDeck<\/h2>\n\n\n\n<p class=\"has-text-align-center\">La terrazza mobile SlideDeck \u00e8 disponibile con o senza motorizzazione, a seconda delle preferenze e delle esigenze dei nostri clienti.<\/p>\n\n\n\n<p class=\"has-text-align-center\">Per le piccole terrazze mobili della gamma TERRA non \u00e8 necessario un motore. Si tratta di terrazze mobili relativamente leggere, quindi \u00e8 abbastanza facile spostarle con una semplice spinta della mano o del piede. Per la gamma di terrazze mobili ATLAS, consigliamo vivamente di installare un motore, poich\u00e9 la terrazza mobile sar\u00e0 pi\u00f9 pesante e richieder\u00e0 uno sforzo maggiore per essere spostata. I nostri motori sono telecomandati e alimentati da una batteria autonoma, a sua volta ricaricata da una serie di celle fotovoltaiche integrate nel motore. Non c'\u00e8 quindi bisogno di una presa di corrente vicino alla piscina.<\/p>\n\n\n\n<div class=\"wp-block-buttons is-content-justification-center is-layout-flex wp-container-core-buttons-is-layout-16018d1d wp-block-buttons-is-layout-flex\">\n<div class=\"wp-block-button has-custom-font-size is-style-outline is-style-outline--1\" style=\"font-size:14px\"><a class=\"wp-block-button__link has-text-align-center wp-element-button\" href=\"https:\/\/terrasse-mobile.net\/it\/terrazza-mobile-su-misura\/rivestimenti\/\">SCOPRIRE IL DECKING MOBILE SLIDEDECK<\/a><\/div>\n<\/div>","protected":false},"excerpt":{"rendered":"<p>La mise en place d&rsquo;une terrasse mobile pour une piscine &#8211; ou pour un spa &#8211; n&rsquo;est pas compliqu\u00e9e en tant que telle, mais n\u00e9cessite un peu de pr\u00e9paration afin d&rsquo;assurer une int\u00e9gration optimale au jardin. Avoir un espace suffisant est n\u00e9cessaire Il est imp\u00e9ratif de disposer d&rsquo;un espace suffisant pour permettre le d\u00e9placement fluide&#8230;<\/p>","protected":false},"author":1,"featured_media":3640,"parent":5585,"menu_order":18,"comment_status":"closed","ping_status":"closed","template":"","meta":{"_kad_post_transparent":"","_kad_post_title":"","_kad_post_layout":"","_kad_post_sidebar_id":"","_kad_post_content_style":"","_kad_post_vertical_padding":"","_kad_post_feature":"","_kad_post_feature_position":"","_kad_post_header":false,"_kad_post_footer":false,"_kad_post_classname":"","footnotes":""},"folder":[],"class_list":["post-5599","page","type-page","status-publish","has-post-thumbnail","hentry"],"yoast_head":"<!-- This site is optimized with the Yoast SEO plugin v27.4 - https:\/\/yoast.com\/product\/yoast-seo-wordpress\/ -->\n<title>Comment construire une terrasse mobile pour piscine ?<\/title>\n<meta name=\"description\" content=\"Pour installer une terrasse mobile au-dessus de sa piscine, plusieurs pr\u00e9requis sont n\u00e9cessaires, comme, par exemple, l&#039;espace disponible.\" \/>\n<meta name=\"robots\" content=\"index, follow, max-snippet:-1, max-image-preview:large, max-video-preview:-1\" \/>\n<link rel=\"canonical\" href=\"https:\/\/terrasse-mobile.net\/it\/ponte-scorrevole\/manutenzione-dellinstallazione\/come-costruire-una-terrazza-mobile-per-piscina\/\" \/>\n<meta property=\"og:locale\" content=\"it_IT\" \/>\n<meta property=\"og:type\" content=\"article\" \/>\n<meta property=\"og:title\" content=\"Comment construire une terrasse mobile pour piscine ?\" \/>\n<meta property=\"og:description\" content=\"Pour installer une terrasse mobile au-dessus de sa piscine, plusieurs pr\u00e9requis sont n\u00e9cessaires, comme, par exemple, l&#039;espace disponible.\" \/>\n<meta property=\"og:url\" content=\"https:\/\/terrasse-mobile.net\/it\/ponte-scorrevole\/manutenzione-dellinstallazione\/come-costruire-una-terrazza-mobile-per-piscina\/\" \/>\n<meta property=\"og:site_name\" content=\"Terrasse mobile\" \/>\n<meta property=\"article:modified_time\" content=\"2025-10-08T12:35:43+00:00\" \/>\n<meta property=\"og:image\" content=\"https:\/\/terrasse-mobile.net\/wp-content\/uploads\/2024\/02\/REAL-SABOURAULT-PISCINE-2.jpg\" \/>\n\t<meta property=\"og:image:width\" content=\"2000\" \/>\n\t<meta property=\"og:image:height\" content=\"1500\" \/>\n\t<meta property=\"og:image:type\" content=\"image\/jpeg\" \/>\n<meta name=\"twitter:card\" content=\"summary_large_image\" \/>\n<meta name=\"twitter:label1\" content=\"Tempo di lettura stimato\" \/>\n\t<meta name=\"twitter:data1\" content=\"3 minuti\" \/>\n<script type=\"application\/ld+json\" class=\"yoast-schema-graph\">{\"@context\":\"https:\\\/\\\/schema.org\",\"@graph\":[{\"@type\":\"WebPage\",\"@id\":\"https:\\\/\\\/terrasse-mobile.net\\\/slidedeck\\\/installation-entretien\\\/comment-construire-terrasse-mobile-piscine\\\/\",\"url\":\"https:\\\/\\\/terrasse-mobile.net\\\/slidedeck\\\/installation-entretien\\\/comment-construire-terrasse-mobile-piscine\\\/\",\"name\":\"Comment construire une terrasse mobile pour piscine ?\",\"isPartOf\":{\"@id\":\"https:\\\/\\\/terrasse-mobile.net\\\/#website\"},\"primaryImageOfPage\":{\"@id\":\"https:\\\/\\\/terrasse-mobile.net\\\/slidedeck\\\/installation-entretien\\\/comment-construire-terrasse-mobile-piscine\\\/#primaryimage\"},\"image\":{\"@id\":\"https:\\\/\\\/terrasse-mobile.net\\\/slidedeck\\\/installation-entretien\\\/comment-construire-terrasse-mobile-piscine\\\/#primaryimage\"},\"thumbnailUrl\":\"https:\\\/\\\/terrasse-mobile.net\\\/wp-content\\\/uploads\\\/2024\\\/02\\\/REAL-SABOURAULT-PISCINE-2.jpg\",\"datePublished\":\"2024-10-02T12:45:20+00:00\",\"dateModified\":\"2025-10-08T12:35:43+00:00\",\"description\":\"Pour installer une terrasse mobile au-dessus de sa piscine, plusieurs pr\u00e9requis sont n\u00e9cessaires, comme, par exemple, l'espace disponible.\",\"breadcrumb\":{\"@id\":\"https:\\\/\\\/terrasse-mobile.net\\\/slidedeck\\\/installation-entretien\\\/comment-construire-terrasse-mobile-piscine\\\/#breadcrumb\"},\"inLanguage\":\"it-IT\",\"potentialAction\":[{\"@type\":\"ReadAction\",\"target\":[\"https:\\\/\\\/terrasse-mobile.net\\\/slidedeck\\\/installation-entretien\\\/comment-construire-terrasse-mobile-piscine\\\/\"]}]},{\"@type\":\"ImageObject\",\"inLanguage\":\"it-IT\",\"@id\":\"https:\\\/\\\/terrasse-mobile.net\\\/slidedeck\\\/installation-entretien\\\/comment-construire-terrasse-mobile-piscine\\\/#primaryimage\",\"url\":\"https:\\\/\\\/terrasse-mobile.net\\\/wp-content\\\/uploads\\\/2024\\\/02\\\/REAL-SABOURAULT-PISCINE-2.jpg\",\"contentUrl\":\"https:\\\/\\\/terrasse-mobile.net\\\/wp-content\\\/uploads\\\/2024\\\/02\\\/REAL-SABOURAULT-PISCINE-2.jpg\",\"width\":2000,\"height\":1500,\"caption\":\"DCIM100MEDIADJI_0365.JPG\"},{\"@type\":\"BreadcrumbList\",\"@id\":\"https:\\\/\\\/terrasse-mobile.net\\\/slidedeck\\\/installation-entretien\\\/comment-construire-terrasse-mobile-piscine\\\/#breadcrumb\",\"itemListElement\":[{\"@type\":\"ListItem\",\"position\":1,\"name\":\"Accueil\",\"item\":\"https:\\\/\\\/terrasse-mobile.net\\\/\"},{\"@type\":\"ListItem\",\"position\":2,\"name\":\"SLIDEDECK\",\"item\":\"https:\\\/\\\/terrasse-mobile.net\\\/slidedeck\\\/\"},{\"@type\":\"ListItem\",\"position\":3,\"name\":\"INSTALLATION DE LA TERRASSE MOBILE SLIDEDECK\",\"item\":\"https:\\\/\\\/terrasse-mobile.net\\\/slidedeck\\\/installation-entretien\\\/\"},{\"@type\":\"ListItem\",\"position\":4,\"name\":\"LES PR\u00c9REQUIS POUR INSTALLER VOTRE TERRASSE COULISSANTE SLIDEDECK\"}]},{\"@type\":\"WebSite\",\"@id\":\"https:\\\/\\\/terrasse-mobile.net\\\/#website\",\"url\":\"https:\\\/\\\/terrasse-mobile.net\\\/\",\"name\":\"Slidedeck\",\"description\":\"Construction sur mesure de terrasses mobiles en \u00cele-de-France\",\"publisher\":{\"@id\":\"https:\\\/\\\/terrasse-mobile.net\\\/#organization\"},\"potentialAction\":[{\"@type\":\"SearchAction\",\"target\":{\"@type\":\"EntryPoint\",\"urlTemplate\":\"https:\\\/\\\/terrasse-mobile.net\\\/?s={search_term_string}\"},\"query-input\":{\"@type\":\"PropertyValueSpecification\",\"valueRequired\":true,\"valueName\":\"search_term_string\"}}],\"inLanguage\":\"it-IT\"},{\"@type\":\"Organization\",\"@id\":\"https:\\\/\\\/terrasse-mobile.net\\\/#organization\",\"name\":\"Slidedeck\",\"url\":\"https:\\\/\\\/terrasse-mobile.net\\\/\",\"logo\":{\"@type\":\"ImageObject\",\"inLanguage\":\"it-IT\",\"@id\":\"https:\\\/\\\/terrasse-mobile.net\\\/#\\\/schema\\\/logo\\\/image\\\/\",\"url\":\"https:\\\/\\\/terrasse-mobile.net\\\/wp-content\\\/uploads\\\/2024\\\/01\\\/logo-slidedeck.jpg\",\"contentUrl\":\"https:\\\/\\\/terrasse-mobile.net\\\/wp-content\\\/uploads\\\/2024\\\/01\\\/logo-slidedeck.jpg\",\"width\":2000,\"height\":1103,\"caption\":\"Slidedeck\"},\"image\":{\"@id\":\"https:\\\/\\\/terrasse-mobile.net\\\/#\\\/schema\\\/logo\\\/image\\\/\"}}]}<\/script>\n<!-- \/ Yoast SEO plugin. -->","yoast_head_json":{"title":"Come si costruisce una terrazza mobile per piscina?","description":"L'installazione di una terrazza mobile su una piscina presuppone una serie di requisiti, come lo spazio disponibile.","robots":{"index":"index","follow":"follow","max-snippet":"max-snippet:-1","max-image-preview":"max-image-preview:large","max-video-preview":"max-video-preview:-1"},"canonical":"https:\/\/terrasse-mobile.net\/it\/ponte-scorrevole\/manutenzione-dellinstallazione\/come-costruire-una-terrazza-mobile-per-piscina\/","og_locale":"it_IT","og_type":"article","og_title":"Comment construire une terrasse mobile pour piscine ?","og_description":"Pour installer une terrasse mobile au-dessus de sa piscine, plusieurs pr\u00e9requis sont n\u00e9cessaires, comme, par exemple, l'espace disponible.","og_url":"https:\/\/terrasse-mobile.net\/it\/ponte-scorrevole\/manutenzione-dellinstallazione\/come-costruire-una-terrazza-mobile-per-piscina\/","og_site_name":"Terrasse mobile","article_modified_time":"2025-10-08T12:35:43+00:00","og_image":[{"width":2000,"height":1500,"url":"https:\/\/terrasse-mobile.net\/wp-content\/uploads\/2024\/02\/REAL-SABOURAULT-PISCINE-2.jpg","type":"image\/jpeg"}],"twitter_card":"summary_large_image","twitter_misc":{"Tempo di lettura stimato":"3 minuti"},"schema":{"@context":"https:\/\/schema.org","@graph":[{"@type":"WebPage","@id":"https:\/\/terrasse-mobile.net\/slidedeck\/installation-entretien\/comment-construire-terrasse-mobile-piscine\/","url":"https:\/\/terrasse-mobile.net\/slidedeck\/installation-entretien\/comment-construire-terrasse-mobile-piscine\/","name":"Come si costruisce una terrazza mobile per piscina?","isPartOf":{"@id":"https:\/\/terrasse-mobile.net\/#website"},"primaryImageOfPage":{"@id":"https:\/\/terrasse-mobile.net\/slidedeck\/installation-entretien\/comment-construire-terrasse-mobile-piscine\/#primaryimage"},"image":{"@id":"https:\/\/terrasse-mobile.net\/slidedeck\/installation-entretien\/comment-construire-terrasse-mobile-piscine\/#primaryimage"},"thumbnailUrl":"https:\/\/terrasse-mobile.net\/wp-content\/uploads\/2024\/02\/REAL-SABOURAULT-PISCINE-2.jpg","datePublished":"2024-10-02T12:45:20+00:00","dateModified":"2025-10-08T12:35:43+00:00","description":"L'installazione di una terrazza mobile su una piscina presuppone una serie di requisiti, come lo spazio disponibile.","breadcrumb":{"@id":"https:\/\/terrasse-mobile.net\/slidedeck\/installation-entretien\/comment-construire-terrasse-mobile-piscine\/#breadcrumb"},"inLanguage":"it-IT","potentialAction":[{"@type":"ReadAction","target":["https:\/\/terrasse-mobile.net\/slidedeck\/installation-entretien\/comment-construire-terrasse-mobile-piscine\/"]}]},{"@type":"ImageObject","inLanguage":"it-IT","@id":"https:\/\/terrasse-mobile.net\/slidedeck\/installation-entretien\/comment-construire-terrasse-mobile-piscine\/#primaryimage","url":"https:\/\/terrasse-mobile.net\/wp-content\/uploads\/2024\/02\/REAL-SABOURAULT-PISCINE-2.jpg","contentUrl":"https:\/\/terrasse-mobile.net\/wp-content\/uploads\/2024\/02\/REAL-SABOURAULT-PISCINE-2.jpg","width":2000,"height":1500,"caption":"DCIM100MEDIADJI_0365.JPG"},{"@type":"BreadcrumbList","@id":"https:\/\/terrasse-mobile.net\/slidedeck\/installation-entretien\/comment-construire-terrasse-mobile-piscine\/#breadcrumb","itemListElement":[{"@type":"ListItem","position":1,"name":"Accueil","item":"https:\/\/terrasse-mobile.net\/"},{"@type":"ListItem","position":2,"name":"SLIDEDECK","item":"https:\/\/terrasse-mobile.net\/slidedeck\/"},{"@type":"ListItem","position":3,"name":"INSTALLATION DE LA TERRASSE MOBILE SLIDEDECK","item":"https:\/\/terrasse-mobile.net\/slidedeck\/installation-entretien\/"},{"@type":"ListItem","position":4,"name":"LES PR\u00c9REQUIS POUR INSTALLER VOTRE TERRASSE COULISSANTE SLIDEDECK"}]},{"@type":"WebSite","@id":"https:\/\/terrasse-mobile.net\/#website","url":"https:\/\/terrasse-mobile.net\/","name":"Slidedeck","description":"Terrazze mobili su misura nella regione di Parigi","publisher":{"@id":"https:\/\/terrasse-mobile.net\/#organization"},"potentialAction":[{"@type":"SearchAction","target":{"@type":"EntryPoint","urlTemplate":"https:\/\/terrasse-mobile.net\/?s={search_term_string}"},"query-input":{"@type":"PropertyValueSpecification","valueRequired":true,"valueName":"search_term_string"}}],"inLanguage":"it-IT"},{"@type":"Organization","@id":"https:\/\/terrasse-mobile.net\/#organization","name":"Slidedeck","url":"https:\/\/terrasse-mobile.net\/","logo":{"@type":"ImageObject","inLanguage":"it-IT","@id":"https:\/\/terrasse-mobile.net\/#\/schema\/logo\/image\/","url":"https:\/\/terrasse-mobile.net\/wp-content\/uploads\/2024\/01\/logo-slidedeck.jpg","contentUrl":"https:\/\/terrasse-mobile.net\/wp-content\/uploads\/2024\/01\/logo-slidedeck.jpg","width":2000,"height":1103,"caption":"Slidedeck"},"image":{"@id":"https:\/\/terrasse-mobile.net\/#\/schema\/logo\/image\/"}}]}},"_links":{"self":[{"href":"https:\/\/terrasse-mobile.net\/it\/wp-json\/wp\/v2\/pages\/5599","targetHints":{"allow":["GET"]}}],"collection":[{"href":"https:\/\/terrasse-mobile.net\/it\/wp-json\/wp\/v2\/pages"}],"about":[{"href":"https:\/\/terrasse-mobile.net\/it\/wp-json\/wp\/v2\/types\/page"}],"author":[{"embeddable":true,"href":"https:\/\/terrasse-mobile.net\/it\/wp-json\/wp\/v2\/users\/1"}],"replies":[{"embeddable":true,"href":"https:\/\/terrasse-mobile.net\/it\/wp-json\/wp\/v2\/comments?post=5599"}],"version-history":[{"count":7,"href":"https:\/\/terrasse-mobile.net\/it\/wp-json\/wp\/v2\/pages\/5599\/revisions"}],"predecessor-version":[{"id":6584,"href":"https:\/\/terrasse-mobile.net\/it\/wp-json\/wp\/v2\/pages\/5599\/revisions\/6584"}],"up":[{"embeddable":true,"href":"https:\/\/terrasse-mobile.net\/it\/wp-json\/wp\/v2\/pages\/5585"}],"wp:featuredmedia":[{"embeddable":true,"href":"https:\/\/terrasse-mobile.net\/it\/wp-json\/wp\/v2\/media\/3640"}],"wp:attachment":[{"href":"https:\/\/terrasse-mobile.net\/it\/wp-json\/wp\/v2\/media?parent=5599"}],"wp:term":[{"taxonomy":"folder","embeddable":true,"href":"https:\/\/terrasse-mobile.net\/it\/wp-json\/wp\/v2\/folder?post=5599"}],"curies":[{"name":"wp","href":"https:\/\/api.w.org\/{rel}","templated":true}]}}