{"id":5620,"date":"2024-10-02T14:44:31","date_gmt":"2024-10-02T12:44:45","guid":{"rendered":"https:\/\/terrasse-mobile.net\/?page_id=5620"},"modified":"2025-11-25T16:35:55","modified_gmt":"2025-11-25T15:35:55","slug":"coperture-scorrevoli-per-piscine","status":"publish","type":"page","link":"https:\/\/terrasse-mobile.net\/it\/protections-piscine\/abris-coulissants-pour-piscine\/","title":{"rendered":"COPERTURE PER PISCINE"},"content":{"rendered":"<div class=\"wp-block-group\"><div class=\"wp-block-group__inner-container is-layout-constrained wp-block-group-is-layout-constrained\">\n<div class=\"wp-block-columns is-layout-flex wp-container-core-columns-is-layout-9d6595d7 wp-block-columns-is-layout-flex\">\n<div class=\"wp-block-column is-layout-flow wp-block-column-is-layout-flow\">\n<h2 class=\"wp-block-heading\">La copertura ideale per la piscina<\/h2>\n\n\n\n<p>La copertura per piscina \u00e8 una <strong style=\"font-size: 16px;\">sicurezza<\/strong> e <strong style=\"font-size: 16px;\">comfort<\/strong> per piscine interrate o parzialmente interrate. Esistono molti tipi di coperture per piscine: dritte, arrotondate, con struttura in legno, con lastre di plexiglas, con moduli scorrevoli... Fate la vostra scelta in base alle vostre esigenze e ai vostri desideri.&nbsp;<\/p>\n\n\n\n<p>Una copertura per piscina prolunga la stagione della piscina (in misura maggiore o minore, a seconda dell'altezza della copertura) <strong>aumenta la temperatura dell'acqua e dell'aria<\/strong>, in modo semplice e gratuito.<\/p>\n\n\n\n<p>Una copertura per piscina \u00e8 l'ideale per chi vuole godersi la propria piscina con qualsiasi tempo. Bassa, media o alta, la copertura per piscina protegge l'accesso alla piscina e costituisce una barriera contro il sole. <strong>Protezione UV<\/strong>. Non c'\u00e8 che l'imbarazzo della scelta quando si tratta di trovare il modello giusto per voi nella nostra gamma.&nbsp;<\/p>\n<\/div>\n\n\n\n<div class=\"wp-block-column is-layout-flow wp-block-column-is-layout-flow\">\n<figure class=\"wp-block-image size-full\"><img decoding=\"async\" width=\"600\" height=\"397\" src=\"https:\/\/terrasse-mobile.net\/wp-content\/uploads\/2024\/02\/Abris-piscine-Nature-07-copie.png\" alt=\"Foto della copertura della piscina\" class=\"wp-image-3626\" style=\"aspect-ratio:3\/2;object-fit:cover\" srcset=\"https:\/\/terrasse-mobile.net\/wp-content\/uploads\/2024\/02\/Abris-piscine-Nature-07-copie.png 600w, https:\/\/terrasse-mobile.net\/wp-content\/uploads\/2024\/02\/Abris-piscine-Nature-07-copie-300x199.png 300w\" sizes=\"(max-width: 600px) 100vw, 600px\" \/><\/figure>\n<\/div>\n<\/div>\n<\/div><\/div>\n\n\n\n<p class=\"has-text-align-center\">Abbiamo scelto di lavorare con un leader di mercato, <strong>Aquacomet<\/strong>. Le loro coperture per piscine sono prodotte da personale altamente qualificato ed esperto con oltre 20 anni di esperienza, utilizzando tecnologie avanzate. Aquacomet \u00e8 orgogliosa di mantenere la tradizione artigianale. La nostra gamma di coperture per piscine vi permette di trovare facilmente la copertura per piscina che fa per voi. <strong>la struttura giusta per la vostra casa e il vostro giardino<\/strong>, in termini di colore e design.<\/p>\n\n\n\n<div class=\"wp-block-group\"><div class=\"wp-block-group__inner-container is-layout-constrained wp-block-group-is-layout-constrained\">\n<div class=\"wp-block-columns is-layout-flex wp-container-core-columns-is-layout-9d6595d7 wp-block-columns-is-layout-flex\">\n<div class=\"wp-block-column is-layout-flow wp-block-column-is-layout-flow\">\n<figure class=\"wp-block-image size-full\"><img decoding=\"async\" width=\"765\" height=\"574\" src=\"https:\/\/terrasse-mobile.net\/wp-content\/uploads\/2024\/02\/Abris-piscine-Nature-027.jpg\" alt=\"coperture speciali per piscine\" class=\"wp-image-2361\" style=\"aspect-ratio:3\/2;object-fit:cover\" srcset=\"https:\/\/terrasse-mobile.net\/wp-content\/uploads\/2024\/02\/Abris-piscine-Nature-027.jpg 765w, https:\/\/terrasse-mobile.net\/wp-content\/uploads\/2024\/02\/Abris-piscine-Nature-027-300x225.jpg 300w\" sizes=\"(max-width: 765px) 100vw, 765px\" \/><\/figure>\n<\/div>\n\n\n\n<div class=\"wp-block-column is-layout-flow wp-block-column-is-layout-flow\">\n<h2 class=\"wp-block-heading\">La copertura della piscina preserva la qualit\u00e0 dell'acqua<\/h2>\n\n\n\n<p>La copertura della piscina evita che foglie morte, polvere e insetti si depositino nell'acqua e interferiscano con il nuoto. Una copertura per piscina \u00e8 un <strong style=\"font-size: 16px;\">un vero e proprio scudo<\/strong> che fornisce un <strong style=\"font-size: 16px;\">acqua pulita<\/strong> e <strong style=\"font-size: 16px;\">proprio<\/strong> in qualsiasi periodo dell'anno. Si tratta di un vantaggio reale che consente di dedicare <strong style=\"font-size: 16px;\">meno tempo e sforzi per la manutenzione<\/strong> della vostra piscina, mantenendo l'acqua limpida e azzurra con qualsiasi tempo.<\/p>\n\n\n\n<h2 class=\"wp-block-heading\">Una copertura per piscina mantiene la piscina calda<\/h2>\n\n\n\n<p>&nbsp;Una copertura per piscina ha il vantaggio di mantenere l'acqua della piscina alla giusta temperatura, cosa pi\u00f9 difficile con una piscina interrata aperta. Isolamento termico <strong>evitare<\/strong> <strong>a<\/strong> <strong>effetto<\/strong> <strong>il<\/strong> <strong>perdite di calore<\/strong>, Questo perch\u00e9 l'aria sopra la piscina \u00e8 confinata in uno spazio ridotto. Questa copertura pu\u00f2 anche contribuire a risparmiare qualche grado grazie all'effetto serra. La copertura per piscina offre un comfort apprezzabile, consentendo di risparmiare. <strong>risparmio energetico<\/strong> quando arriva l'autunno.<\/p>\n<\/div>\n<\/div>\n\n\n\n<div class=\"wp-block-group\"><div class=\"wp-block-group__inner-container is-layout-constrained wp-block-group-is-layout-constrained\">\n<div class=\"wp-block-columns is-layout-flex wp-container-core-columns-is-layout-9d6595d7 wp-block-columns-is-layout-flex\">\n<div class=\"wp-block-column is-layout-flow wp-block-column-is-layout-flow\">\n<h2 class=\"wp-block-heading\">Una copertura per piscina significa meno evaporazione<\/h2>\n\n\n\n<p>Una piscina all'aperto perde ogni anno una percentuale significativa del suo volume d'acqua a causa dell'evaporazione dovuta al sole e al vento. Visitare <strong style=\"color: var( --e-global-color-b28222d ); font-family: var( --e-global-typography-690289a-font-family ), Sans-serif; font-size: var( --e-global-typography-690289a-font-size ); letter-spacing: var( --e-global-typography-690289a-letter-spacing ); word-spacing: var( --e-global-typography-690289a-word-spacing );\">proteggere la piscina dalle correnti d'aria<\/strong> e raggi grazie ad un <strong style=\"color: var( --e-global-color-b28222d ); font-family: var( --e-global-typography-690289a-font-family ), Sans-serif; font-size: var( --e-global-typography-690289a-font-size ); letter-spacing: var( --e-global-typography-690289a-letter-spacing ); word-spacing: var( --e-global-typography-690289a-word-spacing );\">Filtro UV<\/strong>, In questo modo \u00e8 possibile limitare le perdite d'acqua e l'evaporazione e risparmiare sulla bolletta dell'acqua a lungo termine.<\/p>\n\n\n\n<p><\/p>\n\n\n\n<div class=\"wp-block-buttons is-content-justification-center is-layout-flex wp-container-core-buttons-is-layout-16018d1d wp-block-buttons-is-layout-flex\">\n<div class=\"wp-block-button is-style-fill\"><a class=\"wp-block-button__link has-white-color has-text-color has-background has-link-color has-small-font-size has-custom-font-size wp-element-button\" href=\"https:\/\/piscines.oxatis.com\/abris-piscine-de-qualit%C3%A9.htm\" style=\"background-color:#3579a4\">PER SAPERNE DI PI\u00d9 SULLE COPERTURE PER PISCINE<\/a><\/div>\n<\/div>\n<\/div>\n\n\n\n<div class=\"wp-block-column is-layout-flow wp-block-column-is-layout-flow\">\n<figure class=\"wp-block-image size-full\"><img decoding=\"async\" width=\"1000\" height=\"667\" src=\"https:\/\/terrasse-mobile.net\/wp-content\/uploads\/2024\/02\/Abris-piscine-Nature-043-1.jpg\" alt=\"Vista notturna di una piscina con copertura scorrevole aperta\" class=\"wp-image-3720\" style=\"aspect-ratio:3\/2;object-fit:cover\" srcset=\"https:\/\/terrasse-mobile.net\/wp-content\/uploads\/2024\/02\/Abris-piscine-Nature-043-1.jpg 1000w, https:\/\/terrasse-mobile.net\/wp-content\/uploads\/2024\/02\/Abris-piscine-Nature-043-1-300x200.jpg 300w, https:\/\/terrasse-mobile.net\/wp-content\/uploads\/2024\/02\/Abris-piscine-Nature-043-1-768x512.jpg 768w\" sizes=\"(max-width: 1000px) 100vw, 1000px\" \/><\/figure>\n<\/div>\n<\/div>\n<\/div><\/div>\n\n\n\n<p><\/p>\n<\/div><\/div>\n\n\n\n<p><a href=\"https:\/\/piscines.oxatis.com\/types-abris-piscine.htm\"><br><\/a><\/p>","protected":false},"excerpt":{"rendered":"<p>Les abris id\u00e9als pour piscine Un abri de piscine est un \u00e9l\u00e9ment de s\u00e9curit\u00e9 et de confort pour les piscines creus\u00e9es ou partiellement creus\u00e9es. Les types d\u2019abris de piscine sont nombreux : droit, arrondi, structure en bois, vitres en plexiglas, modules coulissants\u2026 Faites votre choix selon vos besoins et envies.&nbsp; L\u2019abri de piscine permet de&#8230;<\/p>","protected":false},"author":1,"featured_media":3640,"parent":5610,"menu_order":61,"comment_status":"closed","ping_status":"closed","template":"","meta":{"_kad_post_transparent":"","_kad_post_title":"","_kad_post_layout":"","_kad_post_sidebar_id":"","_kad_post_content_style":"","_kad_post_vertical_padding":"","_kad_post_feature":"","_kad_post_feature_position":"","_kad_post_header":false,"_kad_post_footer":false,"_kad_post_classname":"","footnotes":""},"folder":[],"class_list":["post-5620","page","type-page","status-publish","has-post-thumbnail","hentry"],"yoast_head":"<!-- This site is optimized with the Yoast SEO plugin v27.4 - https:\/\/yoast.com\/product\/yoast-seo-wordpress\/ -->\n<title>L&#039;abri couilssant pour piscine<\/title>\n<meta name=\"description\" content=\"Les abris coulissants permettent de prot\u00e9ger le bassin de la piscine, mais \u00e9galement de cr\u00e9er un espace prot\u00e9g\u00e9 tout autour du bassin.\" \/>\n<meta name=\"robots\" content=\"index, follow, max-snippet:-1, max-image-preview:large, max-video-preview:-1\" \/>\n<link rel=\"canonical\" href=\"https:\/\/terrasse-mobile.net\/it\/coperture-per-piscine\/coperture-scorrevoli-per-piscine\/\" \/>\n<meta property=\"og:locale\" content=\"it_IT\" \/>\n<meta property=\"og:type\" content=\"article\" \/>\n<meta property=\"og:title\" content=\"L&#039;abri couilssant pour piscine\" \/>\n<meta property=\"og:description\" content=\"Les abris coulissants permettent de prot\u00e9ger le bassin de la piscine, mais \u00e9galement de cr\u00e9er un espace prot\u00e9g\u00e9 tout autour du bassin.\" \/>\n<meta property=\"og:url\" content=\"https:\/\/terrasse-mobile.net\/it\/coperture-per-piscine\/coperture-scorrevoli-per-piscine\/\" \/>\n<meta property=\"og:site_name\" content=\"Terrasse mobile\" \/>\n<meta property=\"article:modified_time\" content=\"2025-11-25T15:35:55+00:00\" \/>\n<meta property=\"og:image\" content=\"https:\/\/terrasse-mobile.net\/wp-content\/uploads\/2024\/02\/REAL-SABOURAULT-PISCINE-2.jpg\" \/>\n\t<meta property=\"og:image:width\" content=\"2000\" \/>\n\t<meta property=\"og:image:height\" content=\"1500\" \/>\n\t<meta property=\"og:image:type\" content=\"image\/jpeg\" \/>\n<meta name=\"twitter:card\" content=\"summary_large_image\" \/>\n<meta name=\"twitter:label1\" content=\"Tempo di lettura stimato\" \/>\n\t<meta name=\"twitter:data1\" content=\"4 minuti\" \/>\n<script type=\"application\/ld+json\" class=\"yoast-schema-graph\">{\"@context\":\"https:\\\/\\\/schema.org\",\"@graph\":[{\"@type\":\"WebPage\",\"@id\":\"https:\\\/\\\/terrasse-mobile.net\\\/protections-piscine\\\/abris-coulissants-pour-piscine\\\/\",\"url\":\"https:\\\/\\\/terrasse-mobile.net\\\/protections-piscine\\\/abris-coulissants-pour-piscine\\\/\",\"name\":\"L'abri couilssant pour piscine\",\"isPartOf\":{\"@id\":\"https:\\\/\\\/terrasse-mobile.net\\\/#website\"},\"primaryImageOfPage\":{\"@id\":\"https:\\\/\\\/terrasse-mobile.net\\\/protections-piscine\\\/abris-coulissants-pour-piscine\\\/#primaryimage\"},\"image\":{\"@id\":\"https:\\\/\\\/terrasse-mobile.net\\\/protections-piscine\\\/abris-coulissants-pour-piscine\\\/#primaryimage\"},\"thumbnailUrl\":\"https:\\\/\\\/terrasse-mobile.net\\\/wp-content\\\/uploads\\\/2024\\\/02\\\/REAL-SABOURAULT-PISCINE-2.jpg\",\"datePublished\":\"2024-10-02T12:44:45+00:00\",\"dateModified\":\"2025-11-25T15:35:55+00:00\",\"description\":\"Les abris coulissants permettent de prot\u00e9ger le bassin de la piscine, mais \u00e9galement de cr\u00e9er un espace prot\u00e9g\u00e9 tout autour du bassin.\",\"breadcrumb\":{\"@id\":\"https:\\\/\\\/terrasse-mobile.net\\\/protections-piscine\\\/abris-coulissants-pour-piscine\\\/#breadcrumb\"},\"inLanguage\":\"it-IT\",\"potentialAction\":[{\"@type\":\"ReadAction\",\"target\":[\"https:\\\/\\\/terrasse-mobile.net\\\/protections-piscine\\\/abris-coulissants-pour-piscine\\\/\"]}]},{\"@type\":\"ImageObject\",\"inLanguage\":\"it-IT\",\"@id\":\"https:\\\/\\\/terrasse-mobile.net\\\/protections-piscine\\\/abris-coulissants-pour-piscine\\\/#primaryimage\",\"url\":\"https:\\\/\\\/terrasse-mobile.net\\\/wp-content\\\/uploads\\\/2024\\\/02\\\/REAL-SABOURAULT-PISCINE-2.jpg\",\"contentUrl\":\"https:\\\/\\\/terrasse-mobile.net\\\/wp-content\\\/uploads\\\/2024\\\/02\\\/REAL-SABOURAULT-PISCINE-2.jpg\",\"width\":2000,\"height\":1500,\"caption\":\"DCIM100MEDIADJI_0365.JPG\"},{\"@type\":\"BreadcrumbList\",\"@id\":\"https:\\\/\\\/terrasse-mobile.net\\\/protections-piscine\\\/abris-coulissants-pour-piscine\\\/#breadcrumb\",\"itemListElement\":[{\"@type\":\"ListItem\",\"position\":1,\"name\":\"Accueil\",\"item\":\"https:\\\/\\\/terrasse-mobile.net\\\/\"},{\"@type\":\"ListItem\",\"position\":2,\"name\":\"LES AUTRES SOLUTIONS DE PROTECTION\",\"item\":\"https:\\\/\\\/terrasse-mobile.net\\\/protections-piscine\\\/\"},{\"@type\":\"ListItem\",\"position\":3,\"name\":\"LES ABRIS POUR PISCINE\"}]},{\"@type\":\"WebSite\",\"@id\":\"https:\\\/\\\/terrasse-mobile.net\\\/#website\",\"url\":\"https:\\\/\\\/terrasse-mobile.net\\\/\",\"name\":\"Slidedeck\",\"description\":\"Construction sur mesure de terrasses mobiles en \u00cele-de-France\",\"publisher\":{\"@id\":\"https:\\\/\\\/terrasse-mobile.net\\\/#organization\"},\"potentialAction\":[{\"@type\":\"SearchAction\",\"target\":{\"@type\":\"EntryPoint\",\"urlTemplate\":\"https:\\\/\\\/terrasse-mobile.net\\\/?s={search_term_string}\"},\"query-input\":{\"@type\":\"PropertyValueSpecification\",\"valueRequired\":true,\"valueName\":\"search_term_string\"}}],\"inLanguage\":\"it-IT\"},{\"@type\":\"Organization\",\"@id\":\"https:\\\/\\\/terrasse-mobile.net\\\/#organization\",\"name\":\"Slidedeck\",\"url\":\"https:\\\/\\\/terrasse-mobile.net\\\/\",\"logo\":{\"@type\":\"ImageObject\",\"inLanguage\":\"it-IT\",\"@id\":\"https:\\\/\\\/terrasse-mobile.net\\\/#\\\/schema\\\/logo\\\/image\\\/\",\"url\":\"https:\\\/\\\/terrasse-mobile.net\\\/wp-content\\\/uploads\\\/2024\\\/01\\\/logo-slidedeck.jpg\",\"contentUrl\":\"https:\\\/\\\/terrasse-mobile.net\\\/wp-content\\\/uploads\\\/2024\\\/01\\\/logo-slidedeck.jpg\",\"width\":2000,\"height\":1103,\"caption\":\"Slidedeck\"},\"image\":{\"@id\":\"https:\\\/\\\/terrasse-mobile.net\\\/#\\\/schema\\\/logo\\\/image\\\/\"}}]}<\/script>\n<!-- \/ Yoast SEO plugin. -->","yoast_head_json":{"title":"Copertura imbottita per piscina","description":"Le coperture scorrevoli non solo proteggono la piscina, ma creano anche un'area protetta intorno ad essa.","robots":{"index":"index","follow":"follow","max-snippet":"max-snippet:-1","max-image-preview":"max-image-preview:large","max-video-preview":"max-video-preview:-1"},"canonical":"https:\/\/terrasse-mobile.net\/it\/coperture-per-piscine\/coperture-scorrevoli-per-piscine\/","og_locale":"it_IT","og_type":"article","og_title":"L'abri couilssant pour piscine","og_description":"Les abris coulissants permettent de prot\u00e9ger le bassin de la piscine, mais \u00e9galement de cr\u00e9er un espace prot\u00e9g\u00e9 tout autour du bassin.","og_url":"https:\/\/terrasse-mobile.net\/it\/coperture-per-piscine\/coperture-scorrevoli-per-piscine\/","og_site_name":"Terrasse mobile","article_modified_time":"2025-11-25T15:35:55+00:00","og_image":[{"width":2000,"height":1500,"url":"https:\/\/terrasse-mobile.net\/wp-content\/uploads\/2024\/02\/REAL-SABOURAULT-PISCINE-2.jpg","type":"image\/jpeg"}],"twitter_card":"summary_large_image","twitter_misc":{"Tempo di lettura stimato":"4 minuti"},"schema":{"@context":"https:\/\/schema.org","@graph":[{"@type":"WebPage","@id":"https:\/\/terrasse-mobile.net\/protections-piscine\/abris-coulissants-pour-piscine\/","url":"https:\/\/terrasse-mobile.net\/protections-piscine\/abris-coulissants-pour-piscine\/","name":"Copertura imbottita per piscina","isPartOf":{"@id":"https:\/\/terrasse-mobile.net\/#website"},"primaryImageOfPage":{"@id":"https:\/\/terrasse-mobile.net\/protections-piscine\/abris-coulissants-pour-piscine\/#primaryimage"},"image":{"@id":"https:\/\/terrasse-mobile.net\/protections-piscine\/abris-coulissants-pour-piscine\/#primaryimage"},"thumbnailUrl":"https:\/\/terrasse-mobile.net\/wp-content\/uploads\/2024\/02\/REAL-SABOURAULT-PISCINE-2.jpg","datePublished":"2024-10-02T12:44:45+00:00","dateModified":"2025-11-25T15:35:55+00:00","description":"Le coperture scorrevoli non solo proteggono la piscina, ma creano anche un'area protetta intorno ad essa.","breadcrumb":{"@id":"https:\/\/terrasse-mobile.net\/protections-piscine\/abris-coulissants-pour-piscine\/#breadcrumb"},"inLanguage":"it-IT","potentialAction":[{"@type":"ReadAction","target":["https:\/\/terrasse-mobile.net\/protections-piscine\/abris-coulissants-pour-piscine\/"]}]},{"@type":"ImageObject","inLanguage":"it-IT","@id":"https:\/\/terrasse-mobile.net\/protections-piscine\/abris-coulissants-pour-piscine\/#primaryimage","url":"https:\/\/terrasse-mobile.net\/wp-content\/uploads\/2024\/02\/REAL-SABOURAULT-PISCINE-2.jpg","contentUrl":"https:\/\/terrasse-mobile.net\/wp-content\/uploads\/2024\/02\/REAL-SABOURAULT-PISCINE-2.jpg","width":2000,"height":1500,"caption":"DCIM100MEDIADJI_0365.JPG"},{"@type":"BreadcrumbList","@id":"https:\/\/terrasse-mobile.net\/protections-piscine\/abris-coulissants-pour-piscine\/#breadcrumb","itemListElement":[{"@type":"ListItem","position":1,"name":"Accueil","item":"https:\/\/terrasse-mobile.net\/"},{"@type":"ListItem","position":2,"name":"LES AUTRES SOLUTIONS DE PROTECTION","item":"https:\/\/terrasse-mobile.net\/protections-piscine\/"},{"@type":"ListItem","position":3,"name":"LES ABRIS POUR PISCINE"}]},{"@type":"WebSite","@id":"https:\/\/terrasse-mobile.net\/#website","url":"https:\/\/terrasse-mobile.net\/","name":"Slidedeck","description":"Terrazze mobili su misura nella regione di Parigi","publisher":{"@id":"https:\/\/terrasse-mobile.net\/#organization"},"potentialAction":[{"@type":"SearchAction","target":{"@type":"EntryPoint","urlTemplate":"https:\/\/terrasse-mobile.net\/?s={search_term_string}"},"query-input":{"@type":"PropertyValueSpecification","valueRequired":true,"valueName":"search_term_string"}}],"inLanguage":"it-IT"},{"@type":"Organization","@id":"https:\/\/terrasse-mobile.net\/#organization","name":"Slidedeck","url":"https:\/\/terrasse-mobile.net\/","logo":{"@type":"ImageObject","inLanguage":"it-IT","@id":"https:\/\/terrasse-mobile.net\/#\/schema\/logo\/image\/","url":"https:\/\/terrasse-mobile.net\/wp-content\/uploads\/2024\/01\/logo-slidedeck.jpg","contentUrl":"https:\/\/terrasse-mobile.net\/wp-content\/uploads\/2024\/01\/logo-slidedeck.jpg","width":2000,"height":1103,"caption":"Slidedeck"},"image":{"@id":"https:\/\/terrasse-mobile.net\/#\/schema\/logo\/image\/"}}]}},"_links":{"self":[{"href":"https:\/\/terrasse-mobile.net\/it\/wp-json\/wp\/v2\/pages\/5620","targetHints":{"allow":["GET"]}}],"collection":[{"href":"https:\/\/terrasse-mobile.net\/it\/wp-json\/wp\/v2\/pages"}],"about":[{"href":"https:\/\/terrasse-mobile.net\/it\/wp-json\/wp\/v2\/types\/page"}],"author":[{"embeddable":true,"href":"https:\/\/terrasse-mobile.net\/it\/wp-json\/wp\/v2\/users\/1"}],"replies":[{"embeddable":true,"href":"https:\/\/terrasse-mobile.net\/it\/wp-json\/wp\/v2\/comments?post=5620"}],"version-history":[{"count":9,"href":"https:\/\/terrasse-mobile.net\/it\/wp-json\/wp\/v2\/pages\/5620\/revisions"}],"predecessor-version":[{"id":7323,"href":"https:\/\/terrasse-mobile.net\/it\/wp-json\/wp\/v2\/pages\/5620\/revisions\/7323"}],"up":[{"embeddable":true,"href":"https:\/\/terrasse-mobile.net\/it\/wp-json\/wp\/v2\/pages\/5610"}],"wp:featuredmedia":[{"embeddable":true,"href":"https:\/\/terrasse-mobile.net\/it\/wp-json\/wp\/v2\/media\/3640"}],"wp:attachment":[{"href":"https:\/\/terrasse-mobile.net\/it\/wp-json\/wp\/v2\/media?parent=5620"}],"wp:term":[{"taxonomy":"folder","embeddable":true,"href":"https:\/\/terrasse-mobile.net\/it\/wp-json\/wp\/v2\/folder?post=5620"}],"curies":[{"name":"wp","href":"https:\/\/api.w.org\/{rel}","templated":true}]}}