{"id":1187,"date":"2024-01-23T11:08:06","date_gmt":"2024-01-23T10:08:58","guid":{"rendered":"https:\/\/terrasse-mobile.net\/?page_id=1187"},"modified":"2024-10-01T12:57:04","modified_gmt":"2024-10-01T10:57:04","slug":"avantages-terrasse-mobile-piscine-old","status":"publish","type":"page","link":"https:\/\/terrasse-mobile.net\/nl\/terrasse-mobile-ile-de-france-old\/avantages-terrasse-mobile-piscine-old\/","title":{"rendered":"LES AVANTAGES SLIDEDECK old"},"content":{"rendered":"<h1>Les avantages de la terrasse mobile SlideDeck<\/h1>\n<p>\t\t\t\t\t\t\t\t\t\t\t\t\t<img decoding=\"async\" width=\"800\" height=\"600\" src=\"https:\/\/terrasse-mobile.net\/wp-content\/uploads\/2024\/01\/REAL-SABOURAULT-PISCINE-3-1.jpg\" alt=\"zwembad met mobiel terras\" srcset=\"https:\/\/terrasse-mobile.net\/wp-content\/uploads\/2024\/01\/REAL-SABOURAULT-PISCINE-3-1.jpg 1000w, https:\/\/terrasse-mobile.net\/wp-content\/uploads\/2024\/01\/REAL-SABOURAULT-PISCINE-3-1-300x225.jpg 300w, https:\/\/terrasse-mobile.net\/wp-content\/uploads\/2024\/01\/REAL-SABOURAULT-PISCINE-3-1-768x576.jpg 768w\" sizes=\"(max-width: 800px) 100vw, 800px\" \/>\t\t\t\t\t\t\t\t\t\t\t\t\t<\/p>\n<h2>Het mobiele terras SlideDeck cre\u00ebert ruimte<br \/>\n<\/h2>\n<p>Het grootste voordeel van ons mobiele terras is dat het ruimte bespaart. Je mobiele terras kan je tuinmeubelen en het gewicht van meerdere personen dragen. Je kunt je tuinmeubelen permanent op je SlideDeck mobiele terras laten staan: je hoeft ze niet telkens te verplaatsen als je je zwembad wilt openen of sluiten.<\/p>\n<h2>SlideDeck helpt je om je zwembad warm te houden en energie te besparen.<br \/>\n<\/h2>\n<p>La terrasse mobile joue \u00e9galement un r\u00f4le essentiel dans la pr\u00e9servation de la chaleur. La terrasse mobile pour piscine est en standard parfaitement \u00e9tanche \u00e0 l&rsquo;air et limite donc l&rsquo;\u00e9vaporation et, en option, nous proposons une isolation thermique extr\u00eamement performante. Gr\u00e2ce \u00e0 cette isolation thermique, la temp\u00e9rature de la piscine est pr\u00e9serv\u00e9e, comme dans un spa et\u00a0 cela g\u00e9n\u00e8re des \u00e9conomies cons\u00e9quentes sur les co\u00fbts \u00e9nerg\u00e9tiques tout en maintenant une temp\u00e9rature id\u00e9ale pour votre piscine.<\/p>\n<h2>SlideDeck mobiele vlonders beschermen uw zwembad<\/h2>\n<p>SlideDeck, optimale bescherming voor je zwembad. Deze mobiele vlonders zijn zeer effectief in het voorkomen dat ongedierte toegang krijgt tot het zwembad, waardoor mogelijke verontreiniging wordt voorkomen. SlideDeck voorkomt ook het binnendringen van vuil, bladeren en afval dat de waterkwaliteit kan aantasten.<\/p>\n<h2>SlideDeck maakt je zwembad veiliger<br \/>\n<\/h2>\n<p>Onze mobiele terrassen bieden een ultra-effici\u00ebnte bescherming voor je zwembad. Onze mobiele terrassen bedekken het zwembad volledig en bieden een effectieve 100% bescherming. We installeren een veiligheidsslot om te voorkomen dat kinderen het mobiele terras verplaatsen en toegang krijgen tot het zwembad zonder ouderlijk toezicht.\u00a0\u00a0<\/p>\n<h2>SlideDeck heeft een unieke esthetiek<br \/>\n<\/h2>\n<p>Terrasplanken van SlideDeck zijn een van de aantrekkelijkste opties voor mobiele terrasplanken. Wij bieden een zeer ruime keuze aan afdekkingen, waaronder terrassen van exotisch hout, composiet en aluminium. Als het zwembad open is, kun je genieten van een prachtig terras, een koel solarium, vlak naast het zwembad. Als je klaar bent met zwemmen, glijdt het terras in een handomdraai over het zwembad om het te beschermen en te verbergen.<\/p>\n<p>\t\t\t<a href=\"https:\/\/terrasse-mobile.net\/nl\/bekledingen\/\"><br \/>\n\t\t\t\t\t\tOntdek alle beschikbare coatings<br \/>\n\t\t\t\t\t<\/a><br \/>\n\t\t\t\t\t\t\t\t\t\t\t\t\t<img decoding=\"async\" width=\"800\" height=\"530\" src=\"https:\/\/terrasse-mobile.net\/wp-content\/uploads\/2024\/01\/rea-montain00007-1.jpg\" alt=\"\" srcset=\"https:\/\/terrasse-mobile.net\/wp-content\/uploads\/2024\/01\/rea-montain00007-1.jpg 999w, https:\/\/terrasse-mobile.net\/wp-content\/uploads\/2024\/01\/rea-montain00007-1-300x199.jpg 300w, https:\/\/terrasse-mobile.net\/wp-content\/uploads\/2024\/01\/rea-montain00007-1-768x509.jpg 768w\" sizes=\"(max-width: 800px) 100vw, 800px\" \/><\/p>","protected":false},"excerpt":{"rendered":"<p>Les avantages de la terrasse mobile SlideDeck La terrasse mobile SlideDeck cr\u00e9e de l\u2019espace Le principal avantage de notre terrasse mobile r\u00e9side dans le gain d&rsquo;espace. Votre terrasse mobile peut supporter votre mobilier de jardin et le poids de plusieurs personnes. Vous pouvez donc installer une table dessus pour d\u00e9jeuner, ou encore vous reposer sur&#8230;<\/p>","protected":false},"author":1,"featured_media":0,"parent":365,"menu_order":2,"comment_status":"closed","ping_status":"closed","template":"","meta":{"_kad_post_transparent":"","_kad_post_title":"","_kad_post_layout":"","_kad_post_sidebar_id":"","_kad_post_content_style":"","_kad_post_vertical_padding":"","_kad_post_feature":"","_kad_post_feature_position":"","_kad_post_header":false,"_kad_post_footer":false,"_kad_post_classname":"","footnotes":""},"folder":[13],"class_list":["post-1187","page","type-page","status-publish","hentry"],"yoast_head":"<!-- This site is optimized with the Yoast SEO plugin v27.5 - https:\/\/yoast.com\/product\/yoast-seo-wordpress\/ -->\n<title>Les avantages de la terrasse mobile pour piscine<\/title>\n<meta name=\"robots\" content=\"index, follow, max-snippet:-1, max-image-preview:large, max-video-preview:-1\" \/>\n<link rel=\"canonical\" href=\"https:\/\/terrasse-mobile.net\/nl\/terras-mobiel-ile-de-france-oud\/avantages-terrasse-mobile-piscine-old\/\" \/>\n<meta property=\"og:locale\" content=\"nl_BE\" \/>\n<meta property=\"og:type\" content=\"article\" \/>\n<meta property=\"og:title\" content=\"Les avantages de la terrasse mobile pour piscine\" \/>\n<meta property=\"og:description\" content=\"Les avantages de la terrasse mobile SlideDeck La terrasse mobile SlideDeck cr\u00e9e de l\u2019espace Le principal avantage de notre terrasse mobile r\u00e9side dans le gain d&rsquo;espace. Votre terrasse mobile peut supporter votre mobilier de jardin et le poids de plusieurs personnes. Vous pouvez donc installer une table dessus pour d\u00e9jeuner, ou encore vous reposer sur...\" \/>\n<meta property=\"og:url\" content=\"https:\/\/terrasse-mobile.net\/nl\/terras-mobiel-ile-de-france-oud\/avantages-terrasse-mobile-piscine-old\/\" \/>\n<meta property=\"og:site_name\" content=\"Terrasse mobile\" \/>\n<meta property=\"article:modified_time\" content=\"2024-10-01T10:57:04+00:00\" \/>\n<meta property=\"og:image\" content=\"https:\/\/terrasse-mobile.net\/wp-content\/uploads\/2024\/01\/REAL-SABOURAULT-PISCINE-3-1.jpg\" \/>\n<meta name=\"twitter:card\" content=\"summary_large_image\" \/>\n<meta name=\"twitter:label1\" content=\"Geschatte leestijd\" \/>\n\t<meta name=\"twitter:data1\" content=\"3 minuten\" \/>\n<script type=\"application\/ld+json\" class=\"yoast-schema-graph\">{\"@context\":\"https:\\\/\\\/schema.org\",\"@graph\":[{\"@type\":\"WebPage\",\"@id\":\"https:\\\/\\\/terrasse-mobile.net\\\/terrasse-mobile-ile-de-france-old\\\/avantages-terrasse-mobile-piscine-old\\\/\",\"url\":\"https:\\\/\\\/terrasse-mobile.net\\\/terrasse-mobile-ile-de-france-old\\\/avantages-terrasse-mobile-piscine-old\\\/\",\"name\":\"Les avantages de la terrasse mobile pour piscine\",\"isPartOf\":{\"@id\":\"https:\\\/\\\/terrasse-mobile.net\\\/#website\"},\"primaryImageOfPage\":{\"@id\":\"https:\\\/\\\/terrasse-mobile.net\\\/terrasse-mobile-ile-de-france-old\\\/avantages-terrasse-mobile-piscine-old\\\/#primaryimage\"},\"image\":{\"@id\":\"https:\\\/\\\/terrasse-mobile.net\\\/terrasse-mobile-ile-de-france-old\\\/avantages-terrasse-mobile-piscine-old\\\/#primaryimage\"},\"thumbnailUrl\":\"https:\\\/\\\/terrasse-mobile.net\\\/wp-content\\\/uploads\\\/2024\\\/01\\\/REAL-SABOURAULT-PISCINE-3-1.jpg\",\"datePublished\":\"2024-01-23T10:08:58+00:00\",\"dateModified\":\"2024-10-01T10:57:04+00:00\",\"breadcrumb\":{\"@id\":\"https:\\\/\\\/terrasse-mobile.net\\\/terrasse-mobile-ile-de-france-old\\\/avantages-terrasse-mobile-piscine-old\\\/#breadcrumb\"},\"inLanguage\":\"nl-BE\",\"potentialAction\":[{\"@type\":\"ReadAction\",\"target\":[\"https:\\\/\\\/terrasse-mobile.net\\\/terrasse-mobile-ile-de-france-old\\\/avantages-terrasse-mobile-piscine-old\\\/\"]}]},{\"@type\":\"ImageObject\",\"inLanguage\":\"nl-BE\",\"@id\":\"https:\\\/\\\/terrasse-mobile.net\\\/terrasse-mobile-ile-de-france-old\\\/avantages-terrasse-mobile-piscine-old\\\/#primaryimage\",\"url\":\"https:\\\/\\\/terrasse-mobile.net\\\/wp-content\\\/uploads\\\/2024\\\/01\\\/REAL-SABOURAULT-PISCINE-3-1.jpg\",\"contentUrl\":\"https:\\\/\\\/terrasse-mobile.net\\\/wp-content\\\/uploads\\\/2024\\\/01\\\/REAL-SABOURAULT-PISCINE-3-1.jpg\"},{\"@type\":\"BreadcrumbList\",\"@id\":\"https:\\\/\\\/terrasse-mobile.net\\\/terrasse-mobile-ile-de-france-old\\\/avantages-terrasse-mobile-piscine-old\\\/#breadcrumb\",\"itemListElement\":[{\"@type\":\"ListItem\",\"position\":1,\"name\":\"Accueil\",\"item\":\"https:\\\/\\\/terrasse-mobile.net\\\/\"},{\"@type\":\"ListItem\",\"position\":2,\"name\":\"D\u00c9COUVREZ SLIDEDECK old\",\"item\":\"https:\\\/\\\/terrasse-mobile.net\\\/terrasse-mobile-ile-de-france-old\\\/\"},{\"@type\":\"ListItem\",\"position\":3,\"name\":\"LES AVANTAGES SLIDEDECK old\"}]},{\"@type\":\"WebSite\",\"@id\":\"https:\\\/\\\/terrasse-mobile.net\\\/#website\",\"url\":\"https:\\\/\\\/terrasse-mobile.net\\\/\",\"name\":\"Slidedeck\",\"description\":\"Construction sur mesure de terrasses mobiles en \u00cele-de-France\",\"publisher\":{\"@id\":\"https:\\\/\\\/terrasse-mobile.net\\\/#organization\"},\"potentialAction\":[{\"@type\":\"SearchAction\",\"target\":{\"@type\":\"EntryPoint\",\"urlTemplate\":\"https:\\\/\\\/terrasse-mobile.net\\\/?s={search_term_string}\"},\"query-input\":{\"@type\":\"PropertyValueSpecification\",\"valueRequired\":true,\"valueName\":\"search_term_string\"}}],\"inLanguage\":\"nl-BE\"},{\"@type\":\"Organization\",\"@id\":\"https:\\\/\\\/terrasse-mobile.net\\\/#organization\",\"name\":\"Slidedeck\",\"url\":\"https:\\\/\\\/terrasse-mobile.net\\\/\",\"logo\":{\"@type\":\"ImageObject\",\"inLanguage\":\"nl-BE\",\"@id\":\"https:\\\/\\\/terrasse-mobile.net\\\/#\\\/schema\\\/logo\\\/image\\\/\",\"url\":\"https:\\\/\\\/terrasse-mobile.net\\\/wp-content\\\/uploads\\\/2024\\\/01\\\/logo-slidedeck.jpg\",\"contentUrl\":\"https:\\\/\\\/terrasse-mobile.net\\\/wp-content\\\/uploads\\\/2024\\\/01\\\/logo-slidedeck.jpg\",\"width\":2000,\"height\":1103,\"caption\":\"Slidedeck\"},\"image\":{\"@id\":\"https:\\\/\\\/terrasse-mobile.net\\\/#\\\/schema\\\/logo\\\/image\\\/\"}}]}<\/script>\n<!-- \/ Yoast SEO plugin. -->","yoast_head_json":{"title":"De voordelen van een mobiel zwembadterras","robots":{"index":"index","follow":"follow","max-snippet":"max-snippet:-1","max-image-preview":"max-image-preview:large","max-video-preview":"max-video-preview:-1"},"canonical":"https:\/\/terrasse-mobile.net\/nl\/terras-mobiel-ile-de-france-oud\/avantages-terrasse-mobile-piscine-old\/","og_locale":"nl_BE","og_type":"article","og_title":"Les avantages de la terrasse mobile pour piscine","og_description":"Les avantages de la terrasse mobile SlideDeck La terrasse mobile SlideDeck cr\u00e9e de l\u2019espace Le principal avantage de notre terrasse mobile r\u00e9side dans le gain d&rsquo;espace. Votre terrasse mobile peut supporter votre mobilier de jardin et le poids de plusieurs personnes. Vous pouvez donc installer une table dessus pour d\u00e9jeuner, ou encore vous reposer sur...","og_url":"https:\/\/terrasse-mobile.net\/nl\/terras-mobiel-ile-de-france-oud\/avantages-terrasse-mobile-piscine-old\/","og_site_name":"Terrasse mobile","article_modified_time":"2024-10-01T10:57:04+00:00","og_image":[{"url":"https:\/\/terrasse-mobile.net\/wp-content\/uploads\/2024\/01\/REAL-SABOURAULT-PISCINE-3-1.jpg","type":"","width":"","height":""}],"twitter_card":"summary_large_image","twitter_misc":{"Geschatte leestijd":"3 minuten"},"schema":{"@context":"https:\/\/schema.org","@graph":[{"@type":"WebPage","@id":"https:\/\/terrasse-mobile.net\/terrasse-mobile-ile-de-france-old\/avantages-terrasse-mobile-piscine-old\/","url":"https:\/\/terrasse-mobile.net\/terrasse-mobile-ile-de-france-old\/avantages-terrasse-mobile-piscine-old\/","name":"De voordelen van een mobiel zwembadterras","isPartOf":{"@id":"https:\/\/terrasse-mobile.net\/#website"},"primaryImageOfPage":{"@id":"https:\/\/terrasse-mobile.net\/terrasse-mobile-ile-de-france-old\/avantages-terrasse-mobile-piscine-old\/#primaryimage"},"image":{"@id":"https:\/\/terrasse-mobile.net\/terrasse-mobile-ile-de-france-old\/avantages-terrasse-mobile-piscine-old\/#primaryimage"},"thumbnailUrl":"https:\/\/terrasse-mobile.net\/wp-content\/uploads\/2024\/01\/REAL-SABOURAULT-PISCINE-3-1.jpg","datePublished":"2024-01-23T10:08:58+00:00","dateModified":"2024-10-01T10:57:04+00:00","breadcrumb":{"@id":"https:\/\/terrasse-mobile.net\/terrasse-mobile-ile-de-france-old\/avantages-terrasse-mobile-piscine-old\/#breadcrumb"},"inLanguage":"nl-BE","potentialAction":[{"@type":"ReadAction","target":["https:\/\/terrasse-mobile.net\/terrasse-mobile-ile-de-france-old\/avantages-terrasse-mobile-piscine-old\/"]}]},{"@type":"ImageObject","inLanguage":"nl-BE","@id":"https:\/\/terrasse-mobile.net\/terrasse-mobile-ile-de-france-old\/avantages-terrasse-mobile-piscine-old\/#primaryimage","url":"https:\/\/terrasse-mobile.net\/wp-content\/uploads\/2024\/01\/REAL-SABOURAULT-PISCINE-3-1.jpg","contentUrl":"https:\/\/terrasse-mobile.net\/wp-content\/uploads\/2024\/01\/REAL-SABOURAULT-PISCINE-3-1.jpg"},{"@type":"BreadcrumbList","@id":"https:\/\/terrasse-mobile.net\/terrasse-mobile-ile-de-france-old\/avantages-terrasse-mobile-piscine-old\/#breadcrumb","itemListElement":[{"@type":"ListItem","position":1,"name":"Accueil","item":"https:\/\/terrasse-mobile.net\/"},{"@type":"ListItem","position":2,"name":"D\u00c9COUVREZ SLIDEDECK old","item":"https:\/\/terrasse-mobile.net\/terrasse-mobile-ile-de-france-old\/"},{"@type":"ListItem","position":3,"name":"LES AVANTAGES SLIDEDECK old"}]},{"@type":"WebSite","@id":"https:\/\/terrasse-mobile.net\/#website","url":"https:\/\/terrasse-mobile.net\/","name":"Slidedeck","description":"Op maat gemaakte verplaatsbare terrassen in de regio Parijs","publisher":{"@id":"https:\/\/terrasse-mobile.net\/#organization"},"potentialAction":[{"@type":"SearchAction","target":{"@type":"EntryPoint","urlTemplate":"https:\/\/terrasse-mobile.net\/?s={search_term_string}"},"query-input":{"@type":"PropertyValueSpecification","valueRequired":true,"valueName":"search_term_string"}}],"inLanguage":"nl-BE"},{"@type":"Organization","@id":"https:\/\/terrasse-mobile.net\/#organization","name":"Slidedeck","url":"https:\/\/terrasse-mobile.net\/","logo":{"@type":"ImageObject","inLanguage":"nl-BE","@id":"https:\/\/terrasse-mobile.net\/#\/schema\/logo\/image\/","url":"https:\/\/terrasse-mobile.net\/wp-content\/uploads\/2024\/01\/logo-slidedeck.jpg","contentUrl":"https:\/\/terrasse-mobile.net\/wp-content\/uploads\/2024\/01\/logo-slidedeck.jpg","width":2000,"height":1103,"caption":"Slidedeck"},"image":{"@id":"https:\/\/terrasse-mobile.net\/#\/schema\/logo\/image\/"}}]}},"_links":{"self":[{"href":"https:\/\/terrasse-mobile.net\/nl\/wp-json\/wp\/v2\/pages\/1187","targetHints":{"allow":["GET"]}}],"collection":[{"href":"https:\/\/terrasse-mobile.net\/nl\/wp-json\/wp\/v2\/pages"}],"about":[{"href":"https:\/\/terrasse-mobile.net\/nl\/wp-json\/wp\/v2\/types\/page"}],"author":[{"embeddable":true,"href":"https:\/\/terrasse-mobile.net\/nl\/wp-json\/wp\/v2\/users\/1"}],"replies":[{"embeddable":true,"href":"https:\/\/terrasse-mobile.net\/nl\/wp-json\/wp\/v2\/comments?post=1187"}],"version-history":[{"count":86,"href":"https:\/\/terrasse-mobile.net\/nl\/wp-json\/wp\/v2\/pages\/1187\/revisions"}],"predecessor-version":[{"id":5640,"href":"https:\/\/terrasse-mobile.net\/nl\/wp-json\/wp\/v2\/pages\/1187\/revisions\/5640"}],"up":[{"embeddable":true,"href":"https:\/\/terrasse-mobile.net\/nl\/wp-json\/wp\/v2\/pages\/365"}],"wp:attachment":[{"href":"https:\/\/terrasse-mobile.net\/nl\/wp-json\/wp\/v2\/media?parent=1187"}],"wp:term":[{"taxonomy":"folder","embeddable":true,"href":"https:\/\/terrasse-mobile.net\/nl\/wp-json\/wp\/v2\/folder?post=1187"}],"curies":[{"name":"wp","href":"https:\/\/api.w.org\/{rel}","templated":true}]}}