{"id":1429,"date":"2024-01-24T14:37:50","date_gmt":"2024-01-24T13:37:49","guid":{"rendered":"https:\/\/terrasse-mobile.net\/?page_id=1429"},"modified":"2024-10-01T15:33:57","modified_gmt":"2024-10-01T13:33:57","slug":"oude-configuraties","status":"publish","type":"page","link":"https:\/\/terrasse-mobile.net\/nl\/configurations-old\/","title":{"rendered":"SLIDEDECK CONFIGURATIES oud"},"content":{"rendered":"<h1>DE CONFIGURATIES VAN HET MOBIELE TERRAS SlideDeck<\/h1>\n<p>\t\t\t\t\t\tSOORTEN MOBIELE TERRASSEN <\/p>\n<p><em>Ontdek de exclusieve SlideDeck-configuraties \u2026<\/em><\/p>\n<p>                    <img decoding=\"async\" width=\"1139\" height=\"819\" src=\"https:\/\/terrasse-mobile.net\/wp-content\/uploads\/2024\/01\/CROQUIS-MODELE-SLIDEDECK-00001-copie.png\" alt=\"mobiel houten terras\" srcset=\"https:\/\/terrasse-mobile.net\/wp-content\/uploads\/2024\/01\/CROQUIS-MODELE-SLIDEDECK-00001-copie.png 1139w, https:\/\/terrasse-mobile.net\/wp-content\/uploads\/2024\/01\/CROQUIS-MODELE-SLIDEDECK-00001-copie-300x216.png 300w, https:\/\/terrasse-mobile.net\/wp-content\/uploads\/2024\/01\/CROQUIS-MODELE-SLIDEDECK-00001-copie-1024x736.png 1024w, https:\/\/terrasse-mobile.net\/wp-content\/uploads\/2024\/01\/CROQUIS-MODELE-SLIDEDECK-00001-copie-768x552.png 768w\" sizes=\"(max-width: 1139px) 100vw, 1139px\" \/><\/p>\n<h2>\n                        HET MOBIELE TERRAS UIT \u00c9\u00c9N STUK<br \/>\n                    <\/h2>\n<p>                        Het mobiele terras uit \u00e9\u00e9n stuk bedekt uw zwembad en kan in \u00e9\u00e9n keer worden verplaatst.<br \/>\n                    <img decoding=\"async\" width=\"1137\" height=\"810\" src=\"https:\/\/terrasse-mobile.net\/wp-content\/uploads\/2024\/01\/CROQUIS-MODELE-SLIDEDECK-00003-copie.png\" alt=\"verplaatsbaar terras in twee delen\" srcset=\"https:\/\/terrasse-mobile.net\/wp-content\/uploads\/2024\/01\/CROQUIS-MODELE-SLIDEDECK-00003-copie.png 1137w, https:\/\/terrasse-mobile.net\/wp-content\/uploads\/2024\/01\/CROQUIS-MODELE-SLIDEDECK-00003-copie-300x214.png 300w, https:\/\/terrasse-mobile.net\/wp-content\/uploads\/2024\/01\/CROQUIS-MODELE-SLIDEDECK-00003-copie-1024x729.png 1024w, https:\/\/terrasse-mobile.net\/wp-content\/uploads\/2024\/01\/CROQUIS-MODELE-SLIDEDECK-00003-copie-768x547.png 768w\" sizes=\"(max-width: 1137px) 100vw, 1137px\" \/><\/p>\n<h2>\n                        SYMMETRISCH MOBIEL TERRAS <br \/>IN DE BREEDTE<br \/>\n                    <\/h2>\n<p>                        Het tweedelige mobiele terras opent symmetrisch in de breedte.<br \/>\n                    <img decoding=\"async\" width=\"1138\" height=\"808\" src=\"https:\/\/terrasse-mobile.net\/wp-content\/uploads\/2024\/01\/CROQUIS-MODELE-SLIDEDECK-00002-1.png\" alt=\"\" srcset=\"https:\/\/terrasse-mobile.net\/wp-content\/uploads\/2024\/01\/CROQUIS-MODELE-SLIDEDECK-00002-1.png 1138w, https:\/\/terrasse-mobile.net\/wp-content\/uploads\/2024\/01\/CROQUIS-MODELE-SLIDEDECK-00002-1-300x213.png 300w, https:\/\/terrasse-mobile.net\/wp-content\/uploads\/2024\/01\/CROQUIS-MODELE-SLIDEDECK-00002-1-1024x727.png 1024w, https:\/\/terrasse-mobile.net\/wp-content\/uploads\/2024\/01\/CROQUIS-MODELE-SLIDEDECK-00002-1-768x545.png 768w\" sizes=\"(max-width: 1138px) 100vw, 1138px\" \/><\/p>\n<h2>\n                        SYMMETRISCH MOBIEL TERRAS <br \/>IN DE LENGTE<br \/>\n                    <\/h2>\n<p>                        Het tweedelige mobiele terras opent symmetrisch in de lengte.<br \/>\n                    <img decoding=\"async\" width=\"1138\" height=\"819\" src=\"https:\/\/terrasse-mobile.net\/wp-content\/uploads\/2024\/01\/Croquis-terrasse-mobile-asymetrique-2.png\" alt=\"asymmetrisch mobiel terraszwembad\" srcset=\"https:\/\/terrasse-mobile.net\/wp-content\/uploads\/2024\/01\/Croquis-terrasse-mobile-asymetrique-2.png 1138w, https:\/\/terrasse-mobile.net\/wp-content\/uploads\/2024\/01\/Croquis-terrasse-mobile-asymetrique-2-300x216.png 300w, https:\/\/terrasse-mobile.net\/wp-content\/uploads\/2024\/01\/Croquis-terrasse-mobile-asymetrique-2-1024x737.png 1024w, https:\/\/terrasse-mobile.net\/wp-content\/uploads\/2024\/01\/Croquis-terrasse-mobile-asymetrique-2-768x553.png 768w\" sizes=\"(max-width: 1138px) 100vw, 1138px\" \/><\/p>\n<h2>\n                        HET ASYMMETRISCHE MOBIELE TERRAS <br \/>IN TWEE DELEN<br \/>\n                    <\/h2>\n<p>                        Als u weinig ruimte heeft in uw tuin, is het asymmetrische mobiele terras ideaal voor u.<br \/>\n                    <img decoding=\"async\" width=\"1137\" height=\"810\" src=\"https:\/\/terrasse-mobile.net\/wp-content\/uploads\/2024\/01\/CROQUIS-MODELE-SLIDEDECK-00003-copie.png\" alt=\"verplaatsbaar terras in twee delen\" srcset=\"https:\/\/terrasse-mobile.net\/wp-content\/uploads\/2024\/01\/CROQUIS-MODELE-SLIDEDECK-00003-copie.png 1137w, https:\/\/terrasse-mobile.net\/wp-content\/uploads\/2024\/01\/CROQUIS-MODELE-SLIDEDECK-00003-copie-300x214.png 300w, https:\/\/terrasse-mobile.net\/wp-content\/uploads\/2024\/01\/CROQUIS-MODELE-SLIDEDECK-00003-copie-1024x729.png 1024w, https:\/\/terrasse-mobile.net\/wp-content\/uploads\/2024\/01\/CROQUIS-MODELE-SLIDEDECK-00003-copie-768x547.png 768w\" sizes=\"(max-width: 1137px) 100vw, 1137px\" \/><\/p>\n<h2>\n                        HET MOBIELE TERRAS VAN GIGOGNE<br \/>\n                    <\/h2>\n<p>                        Het mobiele terras met uitschuifbaar systeem wordt ook wel mobiel terras met lade genoemd: we hebben twee plateaus die boven elkaar kunnen worden ingeklapt.<\/p>","protected":false},"excerpt":{"rendered":"<p>LES CONFIGURATIONS DE TERRASSE MOBILE SlideDeck LES TYPES DE TERRASSE MOBILE D\u00e9couvrez les configurations\u00a0 exclusives SlideDeck &#8230; LA TERRASSE MOBILE MONOBLOC La terrasse mobile monobloc recouvre votre piscine et se d\u00e9place en une seule partie. TERRASSE MOBILE SYM\u00c9TRIQUE DANS LA LARGEUR La terrasse mobile en deux parties s&rsquo;ouvre sym\u00e9triquement dans la largeur. TERRASSE MOBILE SYM\u00c9TRIQUE&#8230;<\/p>","protected":false},"author":1,"featured_media":0,"parent":0,"menu_order":15,"comment_status":"closed","ping_status":"closed","template":"elementor_theme","meta":{"_kad_post_transparent":"","_kad_post_title":"","_kad_post_layout":"","_kad_post_sidebar_id":"","_kad_post_content_style":"","_kad_post_vertical_padding":"","_kad_post_feature":"","_kad_post_feature_position":"","_kad_post_header":false,"_kad_post_footer":false,"_kad_post_classname":"","footnotes":""},"folder":[],"class_list":["post-1429","page","type-page","status-publish","hentry"],"yoast_head":"<!-- This site is optimized with the Yoast SEO plugin v27.5 - https:\/\/yoast.com\/product\/yoast-seo-wordpress\/ -->\n<title>Toutes les terrasses mobiles de piscine<\/title>\n<meta name=\"robots\" content=\"index, follow, max-snippet:-1, max-image-preview:large, max-video-preview:-1\" \/>\n<link rel=\"canonical\" href=\"https:\/\/terrasse-mobile.net\/nl\/oude-configuraties\/\" \/>\n<meta property=\"og:locale\" content=\"nl_BE\" \/>\n<meta property=\"og:type\" content=\"article\" \/>\n<meta property=\"og:title\" content=\"Toutes les terrasses mobiles de piscine\" \/>\n<meta property=\"og:description\" content=\"LES CONFIGURATIONS DE TERRASSE MOBILE SlideDeck LES TYPES DE TERRASSE MOBILE D\u00e9couvrez les configurations\u00a0 exclusives SlideDeck &#8230; LA TERRASSE MOBILE MONOBLOC La terrasse mobile monobloc recouvre votre piscine et se d\u00e9place en une seule partie. TERRASSE MOBILE SYM\u00c9TRIQUE DANS LA LARGEUR La terrasse mobile en deux parties s&rsquo;ouvre sym\u00e9triquement dans la largeur. TERRASSE MOBILE SYM\u00c9TRIQUE...\" \/>\n<meta property=\"og:url\" content=\"https:\/\/terrasse-mobile.net\/nl\/oude-configuraties\/\" \/>\n<meta property=\"og:site_name\" content=\"Terrasse mobile\" \/>\n<meta property=\"article:modified_time\" content=\"2024-10-01T13:33:57+00:00\" \/>\n<meta property=\"og:image\" content=\"https:\/\/terrasse-mobile.net\/wp-content\/uploads\/2024\/01\/CROQUIS-MODELE-SLIDEDECK-00001-copie.png\" \/>\n<meta name=\"twitter:card\" content=\"summary_large_image\" \/>\n<meta name=\"twitter:label1\" content=\"Geschatte leestijd\" \/>\n\t<meta name=\"twitter:data1\" content=\"2 minuten\" \/>\n<script type=\"application\/ld+json\" class=\"yoast-schema-graph\">{\"@context\":\"https:\\\/\\\/schema.org\",\"@graph\":[{\"@type\":\"WebPage\",\"@id\":\"https:\\\/\\\/terrasse-mobile.net\\\/configurations-old\\\/\",\"url\":\"https:\\\/\\\/terrasse-mobile.net\\\/configurations-old\\\/\",\"name\":\"Toutes les terrasses mobiles de piscine\",\"isPartOf\":{\"@id\":\"https:\\\/\\\/terrasse-mobile.net\\\/#website\"},\"primaryImageOfPage\":{\"@id\":\"https:\\\/\\\/terrasse-mobile.net\\\/configurations-old\\\/#primaryimage\"},\"image\":{\"@id\":\"https:\\\/\\\/terrasse-mobile.net\\\/configurations-old\\\/#primaryimage\"},\"thumbnailUrl\":\"https:\\\/\\\/terrasse-mobile.net\\\/wp-content\\\/uploads\\\/2024\\\/01\\\/CROQUIS-MODELE-SLIDEDECK-00001-copie.png\",\"datePublished\":\"2024-01-24T13:37:49+00:00\",\"dateModified\":\"2024-10-01T13:33:57+00:00\",\"breadcrumb\":{\"@id\":\"https:\\\/\\\/terrasse-mobile.net\\\/configurations-old\\\/#breadcrumb\"},\"inLanguage\":\"nl-BE\",\"potentialAction\":[{\"@type\":\"ReadAction\",\"target\":[\"https:\\\/\\\/terrasse-mobile.net\\\/configurations-old\\\/\"]}]},{\"@type\":\"ImageObject\",\"inLanguage\":\"nl-BE\",\"@id\":\"https:\\\/\\\/terrasse-mobile.net\\\/configurations-old\\\/#primaryimage\",\"url\":\"https:\\\/\\\/terrasse-mobile.net\\\/wp-content\\\/uploads\\\/2024\\\/01\\\/CROQUIS-MODELE-SLIDEDECK-00001-copie.png\",\"contentUrl\":\"https:\\\/\\\/terrasse-mobile.net\\\/wp-content\\\/uploads\\\/2024\\\/01\\\/CROQUIS-MODELE-SLIDEDECK-00001-copie.png\"},{\"@type\":\"BreadcrumbList\",\"@id\":\"https:\\\/\\\/terrasse-mobile.net\\\/configurations-old\\\/#breadcrumb\",\"itemListElement\":[{\"@type\":\"ListItem\",\"position\":1,\"name\":\"Accueil\",\"item\":\"https:\\\/\\\/terrasse-mobile.net\\\/\"},{\"@type\":\"ListItem\",\"position\":2,\"name\":\"LES CONFIGURATIONS SLIDEDECK old\"}]},{\"@type\":\"WebSite\",\"@id\":\"https:\\\/\\\/terrasse-mobile.net\\\/#website\",\"url\":\"https:\\\/\\\/terrasse-mobile.net\\\/\",\"name\":\"Slidedeck\",\"description\":\"Construction sur mesure de terrasses mobiles en \u00cele-de-France\",\"publisher\":{\"@id\":\"https:\\\/\\\/terrasse-mobile.net\\\/#organization\"},\"potentialAction\":[{\"@type\":\"SearchAction\",\"target\":{\"@type\":\"EntryPoint\",\"urlTemplate\":\"https:\\\/\\\/terrasse-mobile.net\\\/?s={search_term_string}\"},\"query-input\":{\"@type\":\"PropertyValueSpecification\",\"valueRequired\":true,\"valueName\":\"search_term_string\"}}],\"inLanguage\":\"nl-BE\"},{\"@type\":\"Organization\",\"@id\":\"https:\\\/\\\/terrasse-mobile.net\\\/#organization\",\"name\":\"Slidedeck\",\"url\":\"https:\\\/\\\/terrasse-mobile.net\\\/\",\"logo\":{\"@type\":\"ImageObject\",\"inLanguage\":\"nl-BE\",\"@id\":\"https:\\\/\\\/terrasse-mobile.net\\\/#\\\/schema\\\/logo\\\/image\\\/\",\"url\":\"https:\\\/\\\/terrasse-mobile.net\\\/wp-content\\\/uploads\\\/2024\\\/01\\\/logo-slidedeck.jpg\",\"contentUrl\":\"https:\\\/\\\/terrasse-mobile.net\\\/wp-content\\\/uploads\\\/2024\\\/01\\\/logo-slidedeck.jpg\",\"width\":2000,\"height\":1103,\"caption\":\"Slidedeck\"},\"image\":{\"@id\":\"https:\\\/\\\/terrasse-mobile.net\\\/#\\\/schema\\\/logo\\\/image\\\/\"}}]}<\/script>\n<!-- \/ Yoast SEO plugin. -->","yoast_head_json":{"title":"Alle mobiele zwembadterrassen","robots":{"index":"index","follow":"follow","max-snippet":"max-snippet:-1","max-image-preview":"max-image-preview:large","max-video-preview":"max-video-preview:-1"},"canonical":"https:\/\/terrasse-mobile.net\/nl\/oude-configuraties\/","og_locale":"nl_BE","og_type":"article","og_title":"Toutes les terrasses mobiles de piscine","og_description":"LES CONFIGURATIONS DE TERRASSE MOBILE SlideDeck LES TYPES DE TERRASSE MOBILE D\u00e9couvrez les configurations\u00a0 exclusives SlideDeck &#8230; LA TERRASSE MOBILE MONOBLOC La terrasse mobile monobloc recouvre votre piscine et se d\u00e9place en une seule partie. TERRASSE MOBILE SYM\u00c9TRIQUE DANS LA LARGEUR La terrasse mobile en deux parties s&rsquo;ouvre sym\u00e9triquement dans la largeur. TERRASSE MOBILE SYM\u00c9TRIQUE...","og_url":"https:\/\/terrasse-mobile.net\/nl\/oude-configuraties\/","og_site_name":"Terrasse mobile","article_modified_time":"2024-10-01T13:33:57+00:00","og_image":[{"url":"https:\/\/terrasse-mobile.net\/wp-content\/uploads\/2024\/01\/CROQUIS-MODELE-SLIDEDECK-00001-copie.png","type":"","width":"","height":""}],"twitter_card":"summary_large_image","twitter_misc":{"Geschatte leestijd":"2 minuten"},"schema":{"@context":"https:\/\/schema.org","@graph":[{"@type":"WebPage","@id":"https:\/\/terrasse-mobile.net\/configurations-old\/","url":"https:\/\/terrasse-mobile.net\/configurations-old\/","name":"Alle mobiele zwembadterrassen","isPartOf":{"@id":"https:\/\/terrasse-mobile.net\/#website"},"primaryImageOfPage":{"@id":"https:\/\/terrasse-mobile.net\/configurations-old\/#primaryimage"},"image":{"@id":"https:\/\/terrasse-mobile.net\/configurations-old\/#primaryimage"},"thumbnailUrl":"https:\/\/terrasse-mobile.net\/wp-content\/uploads\/2024\/01\/CROQUIS-MODELE-SLIDEDECK-00001-copie.png","datePublished":"2024-01-24T13:37:49+00:00","dateModified":"2024-10-01T13:33:57+00:00","breadcrumb":{"@id":"https:\/\/terrasse-mobile.net\/configurations-old\/#breadcrumb"},"inLanguage":"nl-BE","potentialAction":[{"@type":"ReadAction","target":["https:\/\/terrasse-mobile.net\/configurations-old\/"]}]},{"@type":"ImageObject","inLanguage":"nl-BE","@id":"https:\/\/terrasse-mobile.net\/configurations-old\/#primaryimage","url":"https:\/\/terrasse-mobile.net\/wp-content\/uploads\/2024\/01\/CROQUIS-MODELE-SLIDEDECK-00001-copie.png","contentUrl":"https:\/\/terrasse-mobile.net\/wp-content\/uploads\/2024\/01\/CROQUIS-MODELE-SLIDEDECK-00001-copie.png"},{"@type":"BreadcrumbList","@id":"https:\/\/terrasse-mobile.net\/configurations-old\/#breadcrumb","itemListElement":[{"@type":"ListItem","position":1,"name":"Accueil","item":"https:\/\/terrasse-mobile.net\/"},{"@type":"ListItem","position":2,"name":"LES CONFIGURATIONS SLIDEDECK old"}]},{"@type":"WebSite","@id":"https:\/\/terrasse-mobile.net\/#website","url":"https:\/\/terrasse-mobile.net\/","name":"Slidedeck","description":"Op maat gemaakte verplaatsbare terrassen in de regio Parijs","publisher":{"@id":"https:\/\/terrasse-mobile.net\/#organization"},"potentialAction":[{"@type":"SearchAction","target":{"@type":"EntryPoint","urlTemplate":"https:\/\/terrasse-mobile.net\/?s={search_term_string}"},"query-input":{"@type":"PropertyValueSpecification","valueRequired":true,"valueName":"search_term_string"}}],"inLanguage":"nl-BE"},{"@type":"Organization","@id":"https:\/\/terrasse-mobile.net\/#organization","name":"Slidedeck","url":"https:\/\/terrasse-mobile.net\/","logo":{"@type":"ImageObject","inLanguage":"nl-BE","@id":"https:\/\/terrasse-mobile.net\/#\/schema\/logo\/image\/","url":"https:\/\/terrasse-mobile.net\/wp-content\/uploads\/2024\/01\/logo-slidedeck.jpg","contentUrl":"https:\/\/terrasse-mobile.net\/wp-content\/uploads\/2024\/01\/logo-slidedeck.jpg","width":2000,"height":1103,"caption":"Slidedeck"},"image":{"@id":"https:\/\/terrasse-mobile.net\/#\/schema\/logo\/image\/"}}]}},"_links":{"self":[{"href":"https:\/\/terrasse-mobile.net\/nl\/wp-json\/wp\/v2\/pages\/1429","targetHints":{"allow":["GET"]}}],"collection":[{"href":"https:\/\/terrasse-mobile.net\/nl\/wp-json\/wp\/v2\/pages"}],"about":[{"href":"https:\/\/terrasse-mobile.net\/nl\/wp-json\/wp\/v2\/types\/page"}],"author":[{"embeddable":true,"href":"https:\/\/terrasse-mobile.net\/nl\/wp-json\/wp\/v2\/users\/1"}],"replies":[{"embeddable":true,"href":"https:\/\/terrasse-mobile.net\/nl\/wp-json\/wp\/v2\/comments?post=1429"}],"version-history":[{"count":101,"href":"https:\/\/terrasse-mobile.net\/nl\/wp-json\/wp\/v2\/pages\/1429\/revisions"}],"predecessor-version":[{"id":5702,"href":"https:\/\/terrasse-mobile.net\/nl\/wp-json\/wp\/v2\/pages\/1429\/revisions\/5702"}],"wp:attachment":[{"href":"https:\/\/terrasse-mobile.net\/nl\/wp-json\/wp\/v2\/media?parent=1429"}],"wp:term":[{"taxonomy":"folder","embeddable":true,"href":"https:\/\/terrasse-mobile.net\/nl\/wp-json\/wp\/v2\/folder?post=1429"}],"curies":[{"name":"wp","href":"https:\/\/api.w.org\/{rel}","templated":true}]}}