{"id":1947,"date":"2024-01-25T17:20:44","date_gmt":"2024-01-25T16:20:52","guid":{"rendered":"https:\/\/terrasse-mobile.net\/?page_id=1947"},"modified":"2024-10-01T15:07:56","modified_gmt":"2024-10-01T13:07:56","slug":"lames-millboard-terrasse-mobile-piscine-old","status":"publish","type":"page","link":"https:\/\/terrasse-mobile.net\/nl\/revetements-old\/bois-composite-old\/lames-millboard-terrasse-mobile-piscine-old\/","title":{"rendered":"BOIS COMPOSITE MILLBOARD old"},"content":{"rendered":"<h1>Lames en bois composite Millboard pour terrasse mobile<\/h1>\n<p>Millboard terrasplanken zijn verkrijgbaar in twee afwerkingen:<\/p>\n<p>- FINE GRAIN, met een elegante nerf die massief eiken perfect imiteert<br \/>- NATURAL GRAIN (of Rustiek) imiteert hout dat al door de tijd is uitgehold (drijfhout of versteend hout)<br \/>In elke afwerking bieden we verschillende kleuren om te voldoen aan de meest originele en veeleisende projecten.<\/p>\n<h2>Wat zijn de eigenschappen van een terrasplank van minerale hars?<\/h2>\n<p>Millboard terrasplanken zijn minerale harsplanken gemaakt van polyurethaan, glasvezel en synthetische aggregaten bedekt met een laag Lasthane voor een zeer realistische houtlook.<br \/>Millboard planken zijn perfect om een mooi, zeer resistent en duurzaam terras van imitatiehout te maken. Het onderhoud van Millboard-terrassen is eenvoudig en gemakkelijk.<\/p>\n<p>\t\t\t\t\t\t\t\t\t\t\t\t\t<img decoding=\"async\" src=\"https:\/\/terrasse-mobile.net\/wp-content\/uploads\/elementor\/thumbs\/resine-minerale-millboard-grain-fin-chene-ceruse-ambiance-piscine-qktksfkjr7efn89mkxvx0laisejtl72rhk64wqdwz0.jpeg\" title=\"resine-minerale-millboard-grain-fin-chene-ceruse-ambiance-piscine\" alt=\"resine-minerale-millboard-grain-fin-chene-ceruse-ambiance-piscine\" loading=\"lazy\" \/>\t\t\t\t\t\t\t\t\t\t\t\t\t<\/p>\n<h2>Wat zijn de voordelen van terrasplanken van minerale hars?<\/h2>\n<p>Terrasplanken van minerale hars zijn duurzaam en stabiel, zodat ze niet kromtrekken. De planken zijn ook zeer goed bestand tegen stoten en vlekken veroorzaakt door je tuinmeubelen.<br \/>Millboardbladen produceren geen splinters, voorkomen de vermenigvuldiging van schadelijke insecten en rotten niet.<\/p>\n<h2>Resistente en recyclebare terrasplanken<\/h2>\n<p>Les lames pour terrasse mobile\u00a0en r\u00e9sine min\u00e9rale ne grisent pas et gardent leur couleur, au soleil, comme \u00e0 l\u2019ombre.<\/p>\n<p>Walsplaten zijn :\u00a0<br \/>- Rotbestendig: geen woekering van mos en klein onkruid<br \/>- Waterdicht: vloeistoffen blijven niet vastzitten in het blad en veroorzaken geen vlekken<\/p>\n<p>Millboard terrasplanken van minerale hars zijn milieuvriendelijk:<br \/>- laag energieverbruik tijdens productie<br \/>- lage koolstofuitstoot tijdens productie<br \/>- gemaakt van recyclebare materialen.<\/p>\n<p>\t\t\t\t\t\t\t\t\t\t\t\t\t<img decoding=\"async\" width=\"800\" height=\"533\" src=\"https:\/\/terrasse-mobile.net\/wp-content\/uploads\/2024\/01\/grains-fin-chene-dore-piscine-debord.jpeg\" alt=\"samengestelde terrasplanken\" srcset=\"https:\/\/terrasse-mobile.net\/wp-content\/uploads\/2024\/01\/grains-fin-chene-dore-piscine-debord.jpeg 800w, https:\/\/terrasse-mobile.net\/wp-content\/uploads\/2024\/01\/grains-fin-chene-dore-piscine-debord-300x200.jpeg 300w, https:\/\/terrasse-mobile.net\/wp-content\/uploads\/2024\/01\/grains-fin-chene-dore-piscine-debord-768x512.jpeg 768w\" sizes=\"(max-width: 800px) 100vw, 800px\" \/>\t\t\t\t\t\t\t\t\t\t\t\t\t<\/p>\n<p>Millboard planken imiteren perfect hout en zijn perfect voor prestigieuze mobiele terrassen en zijn ideaal voor traditionele of hedendaagse woningen. Ze kunnen worden ge\u00efnstalleerd (door de juiste balken te bouwen) op natuurlijke ondergrond, op oude bestrating, op waterdichting, voor zwembaden of voor bedrijven.\u00a0<\/p>\n<p>\t\t\t\t\t\t\t\t\t\t\t\t\t<img decoding=\"async\" width=\"583\" height=\"312\" src=\"https:\/\/terrasse-mobile.net\/wp-content\/uploads\/2024\/03\/resine-minerale-millboard-grain-fin-chene-dore-ambiance-piscine-1.jpeg\" alt=\"\" srcset=\"https:\/\/terrasse-mobile.net\/wp-content\/uploads\/2024\/03\/resine-minerale-millboard-grain-fin-chene-dore-ambiance-piscine-1.jpeg 583w, https:\/\/terrasse-mobile.net\/wp-content\/uploads\/2024\/03\/resine-minerale-millboard-grain-fin-chene-dore-ambiance-piscine-1-300x161.jpeg 300w\" sizes=\"(max-width: 583px) 100vw, 583px\" \/><br \/>\n\t\t\t<a href=\"https:\/\/terrasse-mobile.net\/nl\/configuraties\/\"><br \/>\n\t\t\t\t\t\tONTDEK SLIDEDECK CONFIGURATIES<br \/>\n\t\t\t\t\t<\/a><\/p>","protected":false},"excerpt":{"rendered":"<p>Lames en bois composite Millboard pour terrasse mobile Les lames de terrasse Millboard sont propos\u00e9es en deux finitions: &#8211; le GRAIN FIN, comportant un \u00e9l\u00e9gant veinage imitant parfaitement le Ch\u00eane Massif&#8211; le GRAIN NATUREL (ou Rustique) imitant un bois d\u00e9j\u00e0 creus\u00e9 par le temps (bois flott\u00e9 ou p\u00e9trifi\u00e9)Dans chaque finition, nous proposoons plusieurs couleurs pour&#8230;<\/p>","protected":false},"author":1,"featured_media":0,"parent":1479,"menu_order":0,"comment_status":"closed","ping_status":"closed","template":"","meta":{"_kad_post_transparent":"","_kad_post_title":"","_kad_post_layout":"","_kad_post_sidebar_id":"","_kad_post_content_style":"","_kad_post_vertical_padding":"","_kad_post_feature":"","_kad_post_feature_position":"","_kad_post_header":false,"_kad_post_footer":false,"_kad_post_classname":"","footnotes":""},"folder":[14],"class_list":["post-1947","page","type-page","status-publish","hentry"],"yoast_head":"<!-- This site is optimized with the Yoast SEO plugin v27.5 - https:\/\/yoast.com\/product\/yoast-seo-wordpress\/ -->\n<title>Lames de terrasse Millboard pour terrasse mobile<\/title>\n<meta name=\"robots\" content=\"index, follow, max-snippet:-1, max-image-preview:large, max-video-preview:-1\" \/>\n<link rel=\"canonical\" href=\"https:\/\/terrasse-mobile.net\/nl\/oude-coatings\/hout-composiet-oud\/lames-millboard-terrasse-mobile-piscine-old\/\" \/>\n<meta property=\"og:locale\" content=\"nl_BE\" \/>\n<meta property=\"og:type\" content=\"article\" \/>\n<meta property=\"og:title\" content=\"Lames de terrasse Millboard pour terrasse mobile\" \/>\n<meta property=\"og:description\" content=\"Lames en bois composite Millboard pour terrasse mobile Les lames de terrasse Millboard sont propos\u00e9es en deux finitions: &#8211; le GRAIN FIN, comportant un \u00e9l\u00e9gant veinage imitant parfaitement le Ch\u00eane Massif&#8211; le GRAIN NATUREL (ou Rustique) imitant un bois d\u00e9j\u00e0 creus\u00e9 par le temps (bois flott\u00e9 ou p\u00e9trifi\u00e9)Dans chaque finition, nous proposoons plusieurs couleurs pour...\" \/>\n<meta property=\"og:url\" content=\"https:\/\/terrasse-mobile.net\/nl\/oude-coatings\/hout-composiet-oud\/lames-millboard-terrasse-mobile-piscine-old\/\" \/>\n<meta property=\"og:site_name\" content=\"Terrasse mobile\" \/>\n<meta property=\"article:modified_time\" content=\"2024-10-01T13:07:56+00:00\" \/>\n<meta property=\"og:image\" content=\"https:\/\/terrasse-mobile.net\/wp-content\/uploads\/elementor\/thumbs\/resine-minerale-millboard-grain-fin-chene-ceruse-ambiance-piscine-qktksfkjr7efn89mkxvx0laisejtl72rhk64wqdwz0.jpeg\" \/>\n<meta name=\"twitter:card\" content=\"summary_large_image\" \/>\n<meta name=\"twitter:label1\" content=\"Geschatte leestijd\" \/>\n\t<meta name=\"twitter:data1\" content=\"3 minuten\" \/>\n<script type=\"application\/ld+json\" class=\"yoast-schema-graph\">{\"@context\":\"https:\\\/\\\/schema.org\",\"@graph\":[{\"@type\":\"WebPage\",\"@id\":\"https:\\\/\\\/terrasse-mobile.net\\\/revetements-old\\\/bois-composite-old\\\/lames-millboard-terrasse-mobile-piscine-old\\\/\",\"url\":\"https:\\\/\\\/terrasse-mobile.net\\\/revetements-old\\\/bois-composite-old\\\/lames-millboard-terrasse-mobile-piscine-old\\\/\",\"name\":\"Lames de terrasse Millboard pour terrasse mobile\",\"isPartOf\":{\"@id\":\"https:\\\/\\\/terrasse-mobile.net\\\/#website\"},\"primaryImageOfPage\":{\"@id\":\"https:\\\/\\\/terrasse-mobile.net\\\/revetements-old\\\/bois-composite-old\\\/lames-millboard-terrasse-mobile-piscine-old\\\/#primaryimage\"},\"image\":{\"@id\":\"https:\\\/\\\/terrasse-mobile.net\\\/revetements-old\\\/bois-composite-old\\\/lames-millboard-terrasse-mobile-piscine-old\\\/#primaryimage\"},\"thumbnailUrl\":\"https:\\\/\\\/terrasse-mobile.net\\\/wp-content\\\/uploads\\\/elementor\\\/thumbs\\\/resine-minerale-millboard-grain-fin-chene-ceruse-ambiance-piscine-qktksfkjr7efn89mkxvx0laisejtl72rhk64wqdwz0.jpeg\",\"datePublished\":\"2024-01-25T16:20:52+00:00\",\"dateModified\":\"2024-10-01T13:07:56+00:00\",\"breadcrumb\":{\"@id\":\"https:\\\/\\\/terrasse-mobile.net\\\/revetements-old\\\/bois-composite-old\\\/lames-millboard-terrasse-mobile-piscine-old\\\/#breadcrumb\"},\"inLanguage\":\"nl-BE\",\"potentialAction\":[{\"@type\":\"ReadAction\",\"target\":[\"https:\\\/\\\/terrasse-mobile.net\\\/revetements-old\\\/bois-composite-old\\\/lames-millboard-terrasse-mobile-piscine-old\\\/\"]}]},{\"@type\":\"ImageObject\",\"inLanguage\":\"nl-BE\",\"@id\":\"https:\\\/\\\/terrasse-mobile.net\\\/revetements-old\\\/bois-composite-old\\\/lames-millboard-terrasse-mobile-piscine-old\\\/#primaryimage\",\"url\":\"https:\\\/\\\/terrasse-mobile.net\\\/wp-content\\\/uploads\\\/elementor\\\/thumbs\\\/resine-minerale-millboard-grain-fin-chene-ceruse-ambiance-piscine-qktksfkjr7efn89mkxvx0laisejtl72rhk64wqdwz0.jpeg\",\"contentUrl\":\"https:\\\/\\\/terrasse-mobile.net\\\/wp-content\\\/uploads\\\/elementor\\\/thumbs\\\/resine-minerale-millboard-grain-fin-chene-ceruse-ambiance-piscine-qktksfkjr7efn89mkxvx0laisejtl72rhk64wqdwz0.jpeg\"},{\"@type\":\"BreadcrumbList\",\"@id\":\"https:\\\/\\\/terrasse-mobile.net\\\/revetements-old\\\/bois-composite-old\\\/lames-millboard-terrasse-mobile-piscine-old\\\/#breadcrumb\",\"itemListElement\":[{\"@type\":\"ListItem\",\"position\":1,\"name\":\"Accueil\",\"item\":\"https:\\\/\\\/terrasse-mobile.net\\\/\"},{\"@type\":\"ListItem\",\"position\":2,\"name\":\"LES REV\u00caTEMENTS SLIDEDECK OLD\",\"item\":\"https:\\\/\\\/terrasse-mobile.net\\\/revetements-old\\\/\"},{\"@type\":\"ListItem\",\"position\":3,\"name\":\"LES BOIS COMPOSITES old\",\"item\":\"https:\\\/\\\/terrasse-mobile.net\\\/revetements-old\\\/bois-composite-old\\\/\"},{\"@type\":\"ListItem\",\"position\":4,\"name\":\"BOIS COMPOSITE MILLBOARD old\"}]},{\"@type\":\"WebSite\",\"@id\":\"https:\\\/\\\/terrasse-mobile.net\\\/#website\",\"url\":\"https:\\\/\\\/terrasse-mobile.net\\\/\",\"name\":\"Slidedeck\",\"description\":\"Construction sur mesure de terrasses mobiles en \u00cele-de-France\",\"publisher\":{\"@id\":\"https:\\\/\\\/terrasse-mobile.net\\\/#organization\"},\"potentialAction\":[{\"@type\":\"SearchAction\",\"target\":{\"@type\":\"EntryPoint\",\"urlTemplate\":\"https:\\\/\\\/terrasse-mobile.net\\\/?s={search_term_string}\"},\"query-input\":{\"@type\":\"PropertyValueSpecification\",\"valueRequired\":true,\"valueName\":\"search_term_string\"}}],\"inLanguage\":\"nl-BE\"},{\"@type\":\"Organization\",\"@id\":\"https:\\\/\\\/terrasse-mobile.net\\\/#organization\",\"name\":\"Slidedeck\",\"url\":\"https:\\\/\\\/terrasse-mobile.net\\\/\",\"logo\":{\"@type\":\"ImageObject\",\"inLanguage\":\"nl-BE\",\"@id\":\"https:\\\/\\\/terrasse-mobile.net\\\/#\\\/schema\\\/logo\\\/image\\\/\",\"url\":\"https:\\\/\\\/terrasse-mobile.net\\\/wp-content\\\/uploads\\\/2024\\\/01\\\/logo-slidedeck.jpg\",\"contentUrl\":\"https:\\\/\\\/terrasse-mobile.net\\\/wp-content\\\/uploads\\\/2024\\\/01\\\/logo-slidedeck.jpg\",\"width\":2000,\"height\":1103,\"caption\":\"Slidedeck\"},\"image\":{\"@id\":\"https:\\\/\\\/terrasse-mobile.net\\\/#\\\/schema\\\/logo\\\/image\\\/\"}}]}<\/script>\n<!-- \/ Yoast SEO plugin. -->","yoast_head_json":{"title":"Millboard vlonderplanken voor mobiele vlonders","robots":{"index":"index","follow":"follow","max-snippet":"max-snippet:-1","max-image-preview":"max-image-preview:large","max-video-preview":"max-video-preview:-1"},"canonical":"https:\/\/terrasse-mobile.net\/nl\/oude-coatings\/hout-composiet-oud\/lames-millboard-terrasse-mobile-piscine-old\/","og_locale":"nl_BE","og_type":"article","og_title":"Lames de terrasse Millboard pour terrasse mobile","og_description":"Lames en bois composite Millboard pour terrasse mobile Les lames de terrasse Millboard sont propos\u00e9es en deux finitions: &#8211; le GRAIN FIN, comportant un \u00e9l\u00e9gant veinage imitant parfaitement le Ch\u00eane Massif&#8211; le GRAIN NATUREL (ou Rustique) imitant un bois d\u00e9j\u00e0 creus\u00e9 par le temps (bois flott\u00e9 ou p\u00e9trifi\u00e9)Dans chaque finition, nous proposoons plusieurs couleurs pour...","og_url":"https:\/\/terrasse-mobile.net\/nl\/oude-coatings\/hout-composiet-oud\/lames-millboard-terrasse-mobile-piscine-old\/","og_site_name":"Terrasse mobile","article_modified_time":"2024-10-01T13:07:56+00:00","og_image":[{"url":"https:\/\/terrasse-mobile.net\/wp-content\/uploads\/elementor\/thumbs\/resine-minerale-millboard-grain-fin-chene-ceruse-ambiance-piscine-qktksfkjr7efn89mkxvx0laisejtl72rhk64wqdwz0.jpeg","type":"","width":"","height":""}],"twitter_card":"summary_large_image","twitter_misc":{"Geschatte leestijd":"3 minuten"},"schema":{"@context":"https:\/\/schema.org","@graph":[{"@type":"WebPage","@id":"https:\/\/terrasse-mobile.net\/revetements-old\/bois-composite-old\/lames-millboard-terrasse-mobile-piscine-old\/","url":"https:\/\/terrasse-mobile.net\/revetements-old\/bois-composite-old\/lames-millboard-terrasse-mobile-piscine-old\/","name":"Millboard vlonderplanken voor mobiele vlonders","isPartOf":{"@id":"https:\/\/terrasse-mobile.net\/#website"},"primaryImageOfPage":{"@id":"https:\/\/terrasse-mobile.net\/revetements-old\/bois-composite-old\/lames-millboard-terrasse-mobile-piscine-old\/#primaryimage"},"image":{"@id":"https:\/\/terrasse-mobile.net\/revetements-old\/bois-composite-old\/lames-millboard-terrasse-mobile-piscine-old\/#primaryimage"},"thumbnailUrl":"https:\/\/terrasse-mobile.net\/wp-content\/uploads\/elementor\/thumbs\/resine-minerale-millboard-grain-fin-chene-ceruse-ambiance-piscine-qktksfkjr7efn89mkxvx0laisejtl72rhk64wqdwz0.jpeg","datePublished":"2024-01-25T16:20:52+00:00","dateModified":"2024-10-01T13:07:56+00:00","breadcrumb":{"@id":"https:\/\/terrasse-mobile.net\/revetements-old\/bois-composite-old\/lames-millboard-terrasse-mobile-piscine-old\/#breadcrumb"},"inLanguage":"nl-BE","potentialAction":[{"@type":"ReadAction","target":["https:\/\/terrasse-mobile.net\/revetements-old\/bois-composite-old\/lames-millboard-terrasse-mobile-piscine-old\/"]}]},{"@type":"ImageObject","inLanguage":"nl-BE","@id":"https:\/\/terrasse-mobile.net\/revetements-old\/bois-composite-old\/lames-millboard-terrasse-mobile-piscine-old\/#primaryimage","url":"https:\/\/terrasse-mobile.net\/wp-content\/uploads\/elementor\/thumbs\/resine-minerale-millboard-grain-fin-chene-ceruse-ambiance-piscine-qktksfkjr7efn89mkxvx0laisejtl72rhk64wqdwz0.jpeg","contentUrl":"https:\/\/terrasse-mobile.net\/wp-content\/uploads\/elementor\/thumbs\/resine-minerale-millboard-grain-fin-chene-ceruse-ambiance-piscine-qktksfkjr7efn89mkxvx0laisejtl72rhk64wqdwz0.jpeg"},{"@type":"BreadcrumbList","@id":"https:\/\/terrasse-mobile.net\/revetements-old\/bois-composite-old\/lames-millboard-terrasse-mobile-piscine-old\/#breadcrumb","itemListElement":[{"@type":"ListItem","position":1,"name":"Accueil","item":"https:\/\/terrasse-mobile.net\/"},{"@type":"ListItem","position":2,"name":"LES REV\u00caTEMENTS SLIDEDECK OLD","item":"https:\/\/terrasse-mobile.net\/revetements-old\/"},{"@type":"ListItem","position":3,"name":"LES BOIS COMPOSITES old","item":"https:\/\/terrasse-mobile.net\/revetements-old\/bois-composite-old\/"},{"@type":"ListItem","position":4,"name":"BOIS COMPOSITE MILLBOARD old"}]},{"@type":"WebSite","@id":"https:\/\/terrasse-mobile.net\/#website","url":"https:\/\/terrasse-mobile.net\/","name":"Slidedeck","description":"Op maat gemaakte verplaatsbare terrassen in de regio Parijs","publisher":{"@id":"https:\/\/terrasse-mobile.net\/#organization"},"potentialAction":[{"@type":"SearchAction","target":{"@type":"EntryPoint","urlTemplate":"https:\/\/terrasse-mobile.net\/?s={search_term_string}"},"query-input":{"@type":"PropertyValueSpecification","valueRequired":true,"valueName":"search_term_string"}}],"inLanguage":"nl-BE"},{"@type":"Organization","@id":"https:\/\/terrasse-mobile.net\/#organization","name":"Slidedeck","url":"https:\/\/terrasse-mobile.net\/","logo":{"@type":"ImageObject","inLanguage":"nl-BE","@id":"https:\/\/terrasse-mobile.net\/#\/schema\/logo\/image\/","url":"https:\/\/terrasse-mobile.net\/wp-content\/uploads\/2024\/01\/logo-slidedeck.jpg","contentUrl":"https:\/\/terrasse-mobile.net\/wp-content\/uploads\/2024\/01\/logo-slidedeck.jpg","width":2000,"height":1103,"caption":"Slidedeck"},"image":{"@id":"https:\/\/terrasse-mobile.net\/#\/schema\/logo\/image\/"}}]}},"_links":{"self":[{"href":"https:\/\/terrasse-mobile.net\/nl\/wp-json\/wp\/v2\/pages\/1947","targetHints":{"allow":["GET"]}}],"collection":[{"href":"https:\/\/terrasse-mobile.net\/nl\/wp-json\/wp\/v2\/pages"}],"about":[{"href":"https:\/\/terrasse-mobile.net\/nl\/wp-json\/wp\/v2\/types\/page"}],"author":[{"embeddable":true,"href":"https:\/\/terrasse-mobile.net\/nl\/wp-json\/wp\/v2\/users\/1"}],"replies":[{"embeddable":true,"href":"https:\/\/terrasse-mobile.net\/nl\/wp-json\/wp\/v2\/comments?post=1947"}],"version-history":[{"count":35,"href":"https:\/\/terrasse-mobile.net\/nl\/wp-json\/wp\/v2\/pages\/1947\/revisions"}],"predecessor-version":[{"id":5688,"href":"https:\/\/terrasse-mobile.net\/nl\/wp-json\/wp\/v2\/pages\/1947\/revisions\/5688"}],"up":[{"embeddable":true,"href":"https:\/\/terrasse-mobile.net\/nl\/wp-json\/wp\/v2\/pages\/1479"}],"wp:attachment":[{"href":"https:\/\/terrasse-mobile.net\/nl\/wp-json\/wp\/v2\/media?parent=1947"}],"wp:term":[{"taxonomy":"folder","embeddable":true,"href":"https:\/\/terrasse-mobile.net\/nl\/wp-json\/wp\/v2\/folder?post=1947"}],"curies":[{"name":"wp","href":"https:\/\/api.w.org\/{rel}","templated":true}]}}