{"id":2338,"date":"2024-02-01T11:39:50","date_gmt":"2024-02-01T10:39:14","guid":{"rendered":"https:\/\/terrasse-mobile.net\/?page_id=2338"},"modified":"2024-10-01T15:49:56","modified_gmt":"2024-10-01T13:49:56","slug":"zwembad-beweegbare-vloer-oud","status":"publish","type":"page","link":"https:\/\/terrasse-mobile.net\/nl\/protections-piscine-old\/piscine-fond-mobile-old\/","title":{"rendered":"BEMOBIELE ZWEMBADEN oud"},"content":{"rendered":"<h1>Zwembaden met beweegbare vloeren<\/h1>\n<h2>Een terras op een beweegbare vloer die afdaalt naar de bodem van het zwembad?<br \/>\nHoe werkt het? Is het betrouwbaar?<\/h2>\n<p>Een beweegbare vloer is een ultra-innovatieve technologie. Er wordt een mechanisme gebruikt om de vloer van het zwembad omhoog en omlaag te brengen. In de \u00abgesloten\u00bb stand is het zwembad vrijwel onzichtbaar en kun je over de vloer lopen. In de \u00abopen\u00bb stand daalt de vloer naar de bodem van het zwembad, zodat je kunt zwemmen en genieten van het zwembad. Dit mechanisme werkt met sterke roestvrijstalen kabels.<\/p>\n<p>\t\t\t\t\t\t\t\t\t\t\t\t\t<img decoding=\"async\" width=\"800\" height=\"624\" src=\"https:\/\/terrasse-mobile.net\/wp-content\/uploads\/2024\/02\/1-REAL-ERBI-PISCINE-2.jpg\" alt=\"zwembad met beweegbare bodem\" srcset=\"https:\/\/terrasse-mobile.net\/wp-content\/uploads\/2024\/02\/1-REAL-ERBI-PISCINE-2.jpg 848w, https:\/\/terrasse-mobile.net\/wp-content\/uploads\/2024\/02\/1-REAL-ERBI-PISCINE-2-300x234.jpg 300w, https:\/\/terrasse-mobile.net\/wp-content\/uploads\/2024\/02\/1-REAL-ERBI-PISCINE-2-768x599.jpg 768w\" sizes=\"(max-width: 800px) 100vw, 800px\" \/>\t\t\t\t\t\t\t\t\t\t\t\t\t<\/p>\n<h2>Aqualift-verhuisvloeren: de beste ter wereld<\/h2>\n<p>We hebben verschillende technologie\u00ebn voor mobiele fondsen gezien en ermee ge\u00ebxperimenteerd. Geen enkele is echt overtuigend.\u00a0<\/p>\n<p>Systemen gebaseerd op het principe van flotatie lijken een goed idee, maar uiteindelijk werken ze niet erg goed: in de bovenste positie is de zwevende beweegbare vloer niet erg stabiel. Het werpt....Multimotorsystemen zijn ingewikkeld om te ontwikkelen omdat de motoren gesynchroniseerd moeten worden. Er bestaan wel andere systemen, maar die zijn vrijwel experimenteel. Daarom zijn we een strategisch partnerschap aangegaan met de wereldleider in bewegende vloeren: <strong>AQUALIFT INDUSTRIE\u00cbN<\/strong>.<br \/>\n\t\t\t\t\t\t\t\t\t\t\t\t\t<img decoding=\"async\" width=\"800\" height=\"530\" src=\"https:\/\/terrasse-mobile.net\/wp-content\/uploads\/2024\/02\/2REAL-ERBIBOU-PISCINE-A-FOND-MOBILE-2.jpg\" alt=\"beweegbare zwembadvloer\" srcset=\"https:\/\/terrasse-mobile.net\/wp-content\/uploads\/2024\/02\/2REAL-ERBIBOU-PISCINE-A-FOND-MOBILE-2.jpg 1000w, https:\/\/terrasse-mobile.net\/wp-content\/uploads\/2024\/02\/2REAL-ERBIBOU-PISCINE-A-FOND-MOBILE-2-300x199.jpg 300w, https:\/\/terrasse-mobile.net\/wp-content\/uploads\/2024\/02\/2REAL-ERBIBOU-PISCINE-A-FOND-MOBILE-2-768x508.jpg 768w\" sizes=\"(max-width: 800px) 100vw, 800px\" \/>\t\t\t\t\t\t\t\t\t\t\t\t\t<\/p>\n<h2>Bij Zwembaden Natuur willen we het beste voor onze klanten.<\/h2>\n<p>De Aqualift-technologie is al meer dan 20 jaar beproefd en getest. <strong>Meer dan 1.000 beweegbare vloeren van Aqualift zijn ge\u00efnstalleerd in Frankrijk<\/strong> <strong>en over de hele wereld<\/strong>, In prestigieuze residenties, grote hotels, cruiseschepen en de huizen van vele beroemdheden.<\/p>\n<p>Als je op zoek bent naar een beweegbare vloer en je wilt niet opgescheept zitten met experimentele, onbetrouwbare of zelfs gevaarlijke producten, doe dan geen moeite. Kies voor AQUALIFT en je bent zeker van een betrouwbare oplossing met levenslange garantie (met onderhoudscontract). Bij Piscine Nature bieden we je een volledige service:\u00a0<br style=\"box-sizing: inherit;\" \/>\u2013 <strong>Het zwembad bouwen<\/strong> en alle <strong>hydraulisch systeem<\/strong>,\u00a0<br style=\"box-sizing: inherit;\" \/>- Integratie van de Aqualift beweegbare vloer,<br style=\"box-sizing: inherit;\" \/>\u2013 <strong>Beweegbare vloerbekleding<\/strong> met een prachtige houten vlonder (of tegelvloer, afhankelijk van je voorkeur). <strong>De omgeving inrichten<\/strong> houten terrassen, betegelde terrassen, poolhouses - en natuurlijk <strong>we bieden onderhoud<\/strong> van je zwembad en onderhoud van de beweegbare vloer.<br \/>\n\t\t\t\t\t\t\t\t\t\t\t\t\t<img decoding=\"async\" width=\"765\" height=\"511\" src=\"https:\/\/terrasse-mobile.net\/wp-content\/uploads\/2024\/02\/FOND_MOBILE_PISCIE-NATURE_4.jpg\" alt=\"zwembad met beweegbare bodem\" srcset=\"https:\/\/terrasse-mobile.net\/wp-content\/uploads\/2024\/02\/FOND_MOBILE_PISCIE-NATURE_4.jpg 765w, https:\/\/terrasse-mobile.net\/wp-content\/uploads\/2024\/02\/FOND_MOBILE_PISCIE-NATURE_4-300x200.jpg 300w\" sizes=\"(max-width: 765px) 100vw, 765px\" \/><br \/>\n\t\t\t<a href=\"https:\/\/piscines.oxatis.com\/constructeur-piscine-fond-mobile.htm\"><br \/>\n\t\t\t\t\t\tMEER INFORMATIE OVER BEWEEGBARE ZWEMBADVLOEREN<br \/>\n\t\t\t\t\t<\/a><\/p>","protected":false},"excerpt":{"rendered":"<p>Les piscines \u00e0 fond mobile Une terrasse sur un fond mobile qui descend au fond de la piscine ? Comment \u00e7a marche ? Est ce fiable ? Un fond mobile est une technologie ultra innovante. En effet, il y a un m\u00e9canisme qui permet de faire descendre ou monter le fond de la piscine. En&#8230;<\/p>","protected":false},"author":1,"featured_media":0,"parent":2424,"menu_order":0,"comment_status":"closed","ping_status":"closed","template":"","meta":{"_kad_post_transparent":"","_kad_post_title":"","_kad_post_layout":"","_kad_post_sidebar_id":"","_kad_post_content_style":"","_kad_post_vertical_padding":"","_kad_post_feature":"","_kad_post_feature_position":"","_kad_post_header":false,"_kad_post_footer":false,"_kad_post_classname":"","footnotes":""},"folder":[],"class_list":["post-2338","page","type-page","status-publish","hentry"],"yoast_head":"<!-- This site is optimized with the Yoast SEO plugin v27.5 - https:\/\/yoast.com\/product\/yoast-seo-wordpress\/ -->\n<title>La piscine \u00e0 fond mobile<\/title>\n<meta name=\"robots\" content=\"index, follow, max-snippet:-1, max-image-preview:large, max-video-preview:-1\" \/>\n<link rel=\"canonical\" href=\"https:\/\/terrasse-mobile.net\/nl\/bescherming-zwembad-oud\/zwembad-beweegbare-vloer-oud\/\" \/>\n<meta property=\"og:locale\" content=\"nl_BE\" \/>\n<meta property=\"og:type\" content=\"article\" \/>\n<meta property=\"og:title\" content=\"La piscine \u00e0 fond mobile\" \/>\n<meta property=\"og:description\" content=\"Les piscines \u00e0 fond mobile Une terrasse sur un fond mobile qui descend au fond de la piscine ? Comment \u00e7a marche ? Est ce fiable ? Un fond mobile est une technologie ultra innovante. En effet, il y a un m\u00e9canisme qui permet de faire descendre ou monter le fond de la piscine. En...\" \/>\n<meta property=\"og:url\" content=\"https:\/\/terrasse-mobile.net\/nl\/bescherming-zwembad-oud\/zwembad-beweegbare-vloer-oud\/\" \/>\n<meta property=\"og:site_name\" content=\"Terrasse mobile\" \/>\n<meta property=\"article:modified_time\" content=\"2024-10-01T13:49:56+00:00\" \/>\n<meta property=\"og:image\" content=\"https:\/\/terrasse-mobile.net\/wp-content\/uploads\/2024\/02\/1-REAL-ERBI-PISCINE-2.jpg\" \/>\n<meta name=\"twitter:card\" content=\"summary_large_image\" \/>\n<meta name=\"twitter:label1\" content=\"Geschatte leestijd\" \/>\n\t<meta name=\"twitter:data1\" content=\"3 minuten\" \/>\n<script type=\"application\/ld+json\" class=\"yoast-schema-graph\">{\"@context\":\"https:\\\/\\\/schema.org\",\"@graph\":[{\"@type\":\"WebPage\",\"@id\":\"https:\\\/\\\/terrasse-mobile.net\\\/protections-piscine-old\\\/piscine-fond-mobile-old\\\/\",\"url\":\"https:\\\/\\\/terrasse-mobile.net\\\/protections-piscine-old\\\/piscine-fond-mobile-old\\\/\",\"name\":\"La piscine \u00e0 fond mobile\",\"isPartOf\":{\"@id\":\"https:\\\/\\\/terrasse-mobile.net\\\/#website\"},\"primaryImageOfPage\":{\"@id\":\"https:\\\/\\\/terrasse-mobile.net\\\/protections-piscine-old\\\/piscine-fond-mobile-old\\\/#primaryimage\"},\"image\":{\"@id\":\"https:\\\/\\\/terrasse-mobile.net\\\/protections-piscine-old\\\/piscine-fond-mobile-old\\\/#primaryimage\"},\"thumbnailUrl\":\"https:\\\/\\\/terrasse-mobile.net\\\/wp-content\\\/uploads\\\/2024\\\/02\\\/1-REAL-ERBI-PISCINE-2.jpg\",\"datePublished\":\"2024-02-01T10:39:14+00:00\",\"dateModified\":\"2024-10-01T13:49:56+00:00\",\"breadcrumb\":{\"@id\":\"https:\\\/\\\/terrasse-mobile.net\\\/protections-piscine-old\\\/piscine-fond-mobile-old\\\/#breadcrumb\"},\"inLanguage\":\"nl-BE\",\"potentialAction\":[{\"@type\":\"ReadAction\",\"target\":[\"https:\\\/\\\/terrasse-mobile.net\\\/protections-piscine-old\\\/piscine-fond-mobile-old\\\/\"]}]},{\"@type\":\"ImageObject\",\"inLanguage\":\"nl-BE\",\"@id\":\"https:\\\/\\\/terrasse-mobile.net\\\/protections-piscine-old\\\/piscine-fond-mobile-old\\\/#primaryimage\",\"url\":\"https:\\\/\\\/terrasse-mobile.net\\\/wp-content\\\/uploads\\\/2024\\\/02\\\/1-REAL-ERBI-PISCINE-2.jpg\",\"contentUrl\":\"https:\\\/\\\/terrasse-mobile.net\\\/wp-content\\\/uploads\\\/2024\\\/02\\\/1-REAL-ERBI-PISCINE-2.jpg\"},{\"@type\":\"BreadcrumbList\",\"@id\":\"https:\\\/\\\/terrasse-mobile.net\\\/protections-piscine-old\\\/piscine-fond-mobile-old\\\/#breadcrumb\",\"itemListElement\":[{\"@type\":\"ListItem\",\"position\":1,\"name\":\"Accueil\",\"item\":\"https:\\\/\\\/terrasse-mobile.net\\\/\"},{\"@type\":\"ListItem\",\"position\":2,\"name\":\"LES AUTRES SOLUTIONS DE COUVERTURE DE PISCINE old\",\"item\":\"https:\\\/\\\/terrasse-mobile.net\\\/protections-piscine-old\\\/\"},{\"@type\":\"ListItem\",\"position\":3,\"name\":\"LES PISCINES \u00c0 FOND MOBILE old\"}]},{\"@type\":\"WebSite\",\"@id\":\"https:\\\/\\\/terrasse-mobile.net\\\/#website\",\"url\":\"https:\\\/\\\/terrasse-mobile.net\\\/\",\"name\":\"Slidedeck\",\"description\":\"Construction sur mesure de terrasses mobiles en \u00cele-de-France\",\"publisher\":{\"@id\":\"https:\\\/\\\/terrasse-mobile.net\\\/#organization\"},\"potentialAction\":[{\"@type\":\"SearchAction\",\"target\":{\"@type\":\"EntryPoint\",\"urlTemplate\":\"https:\\\/\\\/terrasse-mobile.net\\\/?s={search_term_string}\"},\"query-input\":{\"@type\":\"PropertyValueSpecification\",\"valueRequired\":true,\"valueName\":\"search_term_string\"}}],\"inLanguage\":\"nl-BE\"},{\"@type\":\"Organization\",\"@id\":\"https:\\\/\\\/terrasse-mobile.net\\\/#organization\",\"name\":\"Slidedeck\",\"url\":\"https:\\\/\\\/terrasse-mobile.net\\\/\",\"logo\":{\"@type\":\"ImageObject\",\"inLanguage\":\"nl-BE\",\"@id\":\"https:\\\/\\\/terrasse-mobile.net\\\/#\\\/schema\\\/logo\\\/image\\\/\",\"url\":\"https:\\\/\\\/terrasse-mobile.net\\\/wp-content\\\/uploads\\\/2024\\\/01\\\/logo-slidedeck.jpg\",\"contentUrl\":\"https:\\\/\\\/terrasse-mobile.net\\\/wp-content\\\/uploads\\\/2024\\\/01\\\/logo-slidedeck.jpg\",\"width\":2000,\"height\":1103,\"caption\":\"Slidedeck\"},\"image\":{\"@id\":\"https:\\\/\\\/terrasse-mobile.net\\\/#\\\/schema\\\/logo\\\/image\\\/\"}}]}<\/script>\n<!-- \/ Yoast SEO plugin. -->","yoast_head_json":{"title":"Zwembaden met beweegbare vloeren","robots":{"index":"index","follow":"follow","max-snippet":"max-snippet:-1","max-image-preview":"max-image-preview:large","max-video-preview":"max-video-preview:-1"},"canonical":"https:\/\/terrasse-mobile.net\/nl\/bescherming-zwembad-oud\/zwembad-beweegbare-vloer-oud\/","og_locale":"nl_BE","og_type":"article","og_title":"La piscine \u00e0 fond mobile","og_description":"Les piscines \u00e0 fond mobile Une terrasse sur un fond mobile qui descend au fond de la piscine ? Comment \u00e7a marche ? Est ce fiable ? Un fond mobile est une technologie ultra innovante. En effet, il y a un m\u00e9canisme qui permet de faire descendre ou monter le fond de la piscine. En...","og_url":"https:\/\/terrasse-mobile.net\/nl\/bescherming-zwembad-oud\/zwembad-beweegbare-vloer-oud\/","og_site_name":"Terrasse mobile","article_modified_time":"2024-10-01T13:49:56+00:00","og_image":[{"url":"https:\/\/terrasse-mobile.net\/wp-content\/uploads\/2024\/02\/1-REAL-ERBI-PISCINE-2.jpg","type":"","width":"","height":""}],"twitter_card":"summary_large_image","twitter_misc":{"Geschatte leestijd":"3 minuten"},"schema":{"@context":"https:\/\/schema.org","@graph":[{"@type":"WebPage","@id":"https:\/\/terrasse-mobile.net\/protections-piscine-old\/piscine-fond-mobile-old\/","url":"https:\/\/terrasse-mobile.net\/protections-piscine-old\/piscine-fond-mobile-old\/","name":"Zwembaden met beweegbare vloeren","isPartOf":{"@id":"https:\/\/terrasse-mobile.net\/#website"},"primaryImageOfPage":{"@id":"https:\/\/terrasse-mobile.net\/protections-piscine-old\/piscine-fond-mobile-old\/#primaryimage"},"image":{"@id":"https:\/\/terrasse-mobile.net\/protections-piscine-old\/piscine-fond-mobile-old\/#primaryimage"},"thumbnailUrl":"https:\/\/terrasse-mobile.net\/wp-content\/uploads\/2024\/02\/1-REAL-ERBI-PISCINE-2.jpg","datePublished":"2024-02-01T10:39:14+00:00","dateModified":"2024-10-01T13:49:56+00:00","breadcrumb":{"@id":"https:\/\/terrasse-mobile.net\/protections-piscine-old\/piscine-fond-mobile-old\/#breadcrumb"},"inLanguage":"nl-BE","potentialAction":[{"@type":"ReadAction","target":["https:\/\/terrasse-mobile.net\/protections-piscine-old\/piscine-fond-mobile-old\/"]}]},{"@type":"ImageObject","inLanguage":"nl-BE","@id":"https:\/\/terrasse-mobile.net\/protections-piscine-old\/piscine-fond-mobile-old\/#primaryimage","url":"https:\/\/terrasse-mobile.net\/wp-content\/uploads\/2024\/02\/1-REAL-ERBI-PISCINE-2.jpg","contentUrl":"https:\/\/terrasse-mobile.net\/wp-content\/uploads\/2024\/02\/1-REAL-ERBI-PISCINE-2.jpg"},{"@type":"BreadcrumbList","@id":"https:\/\/terrasse-mobile.net\/protections-piscine-old\/piscine-fond-mobile-old\/#breadcrumb","itemListElement":[{"@type":"ListItem","position":1,"name":"Accueil","item":"https:\/\/terrasse-mobile.net\/"},{"@type":"ListItem","position":2,"name":"LES AUTRES SOLUTIONS DE COUVERTURE DE PISCINE old","item":"https:\/\/terrasse-mobile.net\/protections-piscine-old\/"},{"@type":"ListItem","position":3,"name":"LES PISCINES \u00c0 FOND MOBILE old"}]},{"@type":"WebSite","@id":"https:\/\/terrasse-mobile.net\/#website","url":"https:\/\/terrasse-mobile.net\/","name":"Slidedeck","description":"Op maat gemaakte verplaatsbare terrassen in de regio Parijs","publisher":{"@id":"https:\/\/terrasse-mobile.net\/#organization"},"potentialAction":[{"@type":"SearchAction","target":{"@type":"EntryPoint","urlTemplate":"https:\/\/terrasse-mobile.net\/?s={search_term_string}"},"query-input":{"@type":"PropertyValueSpecification","valueRequired":true,"valueName":"search_term_string"}}],"inLanguage":"nl-BE"},{"@type":"Organization","@id":"https:\/\/terrasse-mobile.net\/#organization","name":"Slidedeck","url":"https:\/\/terrasse-mobile.net\/","logo":{"@type":"ImageObject","inLanguage":"nl-BE","@id":"https:\/\/terrasse-mobile.net\/#\/schema\/logo\/image\/","url":"https:\/\/terrasse-mobile.net\/wp-content\/uploads\/2024\/01\/logo-slidedeck.jpg","contentUrl":"https:\/\/terrasse-mobile.net\/wp-content\/uploads\/2024\/01\/logo-slidedeck.jpg","width":2000,"height":1103,"caption":"Slidedeck"},"image":{"@id":"https:\/\/terrasse-mobile.net\/#\/schema\/logo\/image\/"}}]}},"_links":{"self":[{"href":"https:\/\/terrasse-mobile.net\/nl\/wp-json\/wp\/v2\/pages\/2338","targetHints":{"allow":["GET"]}}],"collection":[{"href":"https:\/\/terrasse-mobile.net\/nl\/wp-json\/wp\/v2\/pages"}],"about":[{"href":"https:\/\/terrasse-mobile.net\/nl\/wp-json\/wp\/v2\/types\/page"}],"author":[{"embeddable":true,"href":"https:\/\/terrasse-mobile.net\/nl\/wp-json\/wp\/v2\/users\/1"}],"replies":[{"embeddable":true,"href":"https:\/\/terrasse-mobile.net\/nl\/wp-json\/wp\/v2\/comments?post=2338"}],"version-history":[{"count":23,"href":"https:\/\/terrasse-mobile.net\/nl\/wp-json\/wp\/v2\/pages\/2338\/revisions"}],"predecessor-version":[{"id":5719,"href":"https:\/\/terrasse-mobile.net\/nl\/wp-json\/wp\/v2\/pages\/2338\/revisions\/5719"}],"up":[{"embeddable":true,"href":"https:\/\/terrasse-mobile.net\/nl\/wp-json\/wp\/v2\/pages\/2424"}],"wp:attachment":[{"href":"https:\/\/terrasse-mobile.net\/nl\/wp-json\/wp\/v2\/media?parent=2338"}],"wp:term":[{"taxonomy":"folder","embeddable":true,"href":"https:\/\/terrasse-mobile.net\/nl\/wp-json\/wp\/v2\/folder?post=2338"}],"curies":[{"name":"wp","href":"https:\/\/api.w.org\/{rel}","templated":true}]}}