{"id":3549,"date":"2024-02-20T13:04:06","date_gmt":"2024-02-20T12:04:59","guid":{"rendered":"https:\/\/terrasse-mobile.net\/?page_id=3549"},"modified":"2024-10-01T13:02:20","modified_gmt":"2024-10-01T11:02:20","slug":"terrasse-mobile-piscine-sur-mesure-old","status":"publish","type":"page","link":"https:\/\/terrasse-mobile.net\/nl\/modeles-old\/terrasse-mobile-piscine-sur-mesure-old\/","title":{"rendered":"LE SLIDEDECK SUR-MESUREold"},"content":{"rendered":"<h1>MOBIELE ZWEMBADDEKKEN <br \/>diadeck op maat<\/h1>\n<h2>La terrasse mobile SlideDECK SUR-MESURE : id\u00e9ale pour cr\u00e9er un nouvel espace dans votre jardin<\/h2>\n<p>Nous sommes en mesure, pour des piscines de grandes dimensions (16m de long pour 6m de large), de r\u00e9aliser des terrasses mobiles selon un proc\u00e9d\u00e9 de fabrication exclusif (et secret !). Il s&rsquo;agit de projets d&rsquo;exception pour lesquels nous r\u00e9alisons une \u00e9tude sp\u00e9cialement pour vous.<\/p>\n<p><a href=\"https:\/\/terrasse-mobile.net\/nl\/terrasse-mobile-slidedeck-contact\/\">Consultez-nous si vous avez pour projet d&rsquo;installer une terrasse mobile pour une tr\u00e8s grande piscine.<\/a><\/p>\n<p>\t\t\t\t\t\t\t\t\t\t\t\t\t<img decoding=\"async\" width=\"700\" height=\"393\" src=\"https:\/\/terrasse-mobile.net\/wp-content\/uploads\/2024\/03\/REAL-GERNEZ-PISCINE-FINI-1.jpg\" alt=\"zeer groot zwembad met mobiel terras\" srcset=\"https:\/\/terrasse-mobile.net\/wp-content\/uploads\/2024\/03\/REAL-GERNEZ-PISCINE-FINI-1.jpg 700w, https:\/\/terrasse-mobile.net\/wp-content\/uploads\/2024\/03\/REAL-GERNEZ-PISCINE-FINI-1-300x168.jpg 300w\" sizes=\"(max-width: 700px) 100vw, 700px\" \/><br \/>\n\t\t\t<a href=\"https:\/\/terrasse-mobile.net\/nl\/les-modeles-de-terrasse-mobile\/\"><br \/>\n\t\t\t\t\t\tONTDEK ANDERE SLIDEDECK CONFIGURATIES<br \/>\n\t\t\t\t\t<\/a><\/p>","protected":false},"excerpt":{"rendered":"<p>LA TERRASSE MOBILE POUR PISCINE SlideDeck SUR-MESURE La terrasse mobile SlideDECK SUR-MESURE : id\u00e9ale pour cr\u00e9er un nouvel espace dans votre jardin Nous sommes en mesure, pour des piscines de grandes dimensions (16m de long pour 6m de large), de r\u00e9aliser des terrasses mobiles selon un proc\u00e9d\u00e9 de fabrication exclusif (et secret !). Il s&rsquo;agit&#8230;<\/p>","protected":false},"author":1,"featured_media":0,"parent":1412,"menu_order":2,"comment_status":"closed","ping_status":"closed","template":"","meta":{"_kad_post_transparent":"","_kad_post_title":"","_kad_post_layout":"","_kad_post_sidebar_id":"","_kad_post_content_style":"","_kad_post_vertical_padding":"","_kad_post_feature":"","_kad_post_feature_position":"","_kad_post_header":false,"_kad_post_footer":false,"_kad_post_classname":"","footnotes":""},"folder":[],"class_list":["post-3549","page","type-page","status-publish","hentry"],"yoast_head":"<!-- This site is optimized with the Yoast SEO plugin v27.5 - https:\/\/yoast.com\/product\/yoast-seo-wordpress\/ -->\n<title>La terrasse mobile en deux parties asym\u00e9triques<\/title>\n<meta name=\"robots\" content=\"index, follow, max-snippet:-1, max-image-preview:large, max-video-preview:-1\" \/>\n<link rel=\"canonical\" href=\"https:\/\/terrasse-mobile.net\/nl\/oude-modellen\/terrasse-mobile-piscine-sur-mesure-old\/\" \/>\n<meta property=\"og:locale\" content=\"nl_BE\" \/>\n<meta property=\"og:type\" content=\"article\" \/>\n<meta property=\"og:title\" content=\"La terrasse mobile en deux parties asym\u00e9triques\" \/>\n<meta property=\"og:description\" content=\"LA TERRASSE MOBILE POUR PISCINE SlideDeck SUR-MESURE La terrasse mobile SlideDECK SUR-MESURE : id\u00e9ale pour cr\u00e9er un nouvel espace dans votre jardin Nous sommes en mesure, pour des piscines de grandes dimensions (16m de long pour 6m de large), de r\u00e9aliser des terrasses mobiles selon un proc\u00e9d\u00e9 de fabrication exclusif (et secret !). Il s&rsquo;agit...\" \/>\n<meta property=\"og:url\" content=\"https:\/\/terrasse-mobile.net\/nl\/oude-modellen\/terrasse-mobile-piscine-sur-mesure-old\/\" \/>\n<meta property=\"og:site_name\" content=\"Terrasse mobile\" \/>\n<meta property=\"article:modified_time\" content=\"2024-10-01T11:02:20+00:00\" \/>\n<meta property=\"og:image\" content=\"https:\/\/terrasse-mobile.net\/wp-content\/uploads\/2024\/03\/REAL-GERNEZ-PISCINE-FINI-1.jpg\" \/>\n<meta name=\"twitter:card\" content=\"summary_large_image\" \/>\n<meta name=\"twitter:label1\" content=\"Geschatte leestijd\" \/>\n\t<meta name=\"twitter:data1\" content=\"1 minuut\" \/>\n<script type=\"application\/ld+json\" class=\"yoast-schema-graph\">{\"@context\":\"https:\\\/\\\/schema.org\",\"@graph\":[{\"@type\":\"WebPage\",\"@id\":\"https:\\\/\\\/terrasse-mobile.net\\\/modeles-old\\\/terrasse-mobile-piscine-sur-mesure-old\\\/\",\"url\":\"https:\\\/\\\/terrasse-mobile.net\\\/modeles-old\\\/terrasse-mobile-piscine-sur-mesure-old\\\/\",\"name\":\"La terrasse mobile en deux parties asym\u00e9triques\",\"isPartOf\":{\"@id\":\"https:\\\/\\\/terrasse-mobile.net\\\/#website\"},\"primaryImageOfPage\":{\"@id\":\"https:\\\/\\\/terrasse-mobile.net\\\/modeles-old\\\/terrasse-mobile-piscine-sur-mesure-old\\\/#primaryimage\"},\"image\":{\"@id\":\"https:\\\/\\\/terrasse-mobile.net\\\/modeles-old\\\/terrasse-mobile-piscine-sur-mesure-old\\\/#primaryimage\"},\"thumbnailUrl\":\"https:\\\/\\\/terrasse-mobile.net\\\/wp-content\\\/uploads\\\/2024\\\/03\\\/REAL-GERNEZ-PISCINE-FINI-1.jpg\",\"datePublished\":\"2024-02-20T12:04:59+00:00\",\"dateModified\":\"2024-10-01T11:02:20+00:00\",\"breadcrumb\":{\"@id\":\"https:\\\/\\\/terrasse-mobile.net\\\/modeles-old\\\/terrasse-mobile-piscine-sur-mesure-old\\\/#breadcrumb\"},\"inLanguage\":\"nl-BE\",\"potentialAction\":[{\"@type\":\"ReadAction\",\"target\":[\"https:\\\/\\\/terrasse-mobile.net\\\/modeles-old\\\/terrasse-mobile-piscine-sur-mesure-old\\\/\"]}]},{\"@type\":\"ImageObject\",\"inLanguage\":\"nl-BE\",\"@id\":\"https:\\\/\\\/terrasse-mobile.net\\\/modeles-old\\\/terrasse-mobile-piscine-sur-mesure-old\\\/#primaryimage\",\"url\":\"https:\\\/\\\/terrasse-mobile.net\\\/wp-content\\\/uploads\\\/2024\\\/03\\\/REAL-GERNEZ-PISCINE-FINI-1.jpg\",\"contentUrl\":\"https:\\\/\\\/terrasse-mobile.net\\\/wp-content\\\/uploads\\\/2024\\\/03\\\/REAL-GERNEZ-PISCINE-FINI-1.jpg\"},{\"@type\":\"BreadcrumbList\",\"@id\":\"https:\\\/\\\/terrasse-mobile.net\\\/modeles-old\\\/terrasse-mobile-piscine-sur-mesure-old\\\/#breadcrumb\",\"itemListElement\":[{\"@type\":\"ListItem\",\"position\":1,\"name\":\"Accueil\",\"item\":\"https:\\\/\\\/terrasse-mobile.net\\\/\"},{\"@type\":\"ListItem\",\"position\":2,\"name\":\"LES GAMMES SLIDEDECK OLD\",\"item\":\"https:\\\/\\\/terrasse-mobile.net\\\/modeles-old\\\/\"},{\"@type\":\"ListItem\",\"position\":3,\"name\":\"LE SLIDEDECK SUR-MESUREold\"}]},{\"@type\":\"WebSite\",\"@id\":\"https:\\\/\\\/terrasse-mobile.net\\\/#website\",\"url\":\"https:\\\/\\\/terrasse-mobile.net\\\/\",\"name\":\"Slidedeck\",\"description\":\"Construction sur mesure de terrasses mobiles en \u00cele-de-France\",\"publisher\":{\"@id\":\"https:\\\/\\\/terrasse-mobile.net\\\/#organization\"},\"potentialAction\":[{\"@type\":\"SearchAction\",\"target\":{\"@type\":\"EntryPoint\",\"urlTemplate\":\"https:\\\/\\\/terrasse-mobile.net\\\/?s={search_term_string}\"},\"query-input\":{\"@type\":\"PropertyValueSpecification\",\"valueRequired\":true,\"valueName\":\"search_term_string\"}}],\"inLanguage\":\"nl-BE\"},{\"@type\":\"Organization\",\"@id\":\"https:\\\/\\\/terrasse-mobile.net\\\/#organization\",\"name\":\"Slidedeck\",\"url\":\"https:\\\/\\\/terrasse-mobile.net\\\/\",\"logo\":{\"@type\":\"ImageObject\",\"inLanguage\":\"nl-BE\",\"@id\":\"https:\\\/\\\/terrasse-mobile.net\\\/#\\\/schema\\\/logo\\\/image\\\/\",\"url\":\"https:\\\/\\\/terrasse-mobile.net\\\/wp-content\\\/uploads\\\/2024\\\/01\\\/logo-slidedeck.jpg\",\"contentUrl\":\"https:\\\/\\\/terrasse-mobile.net\\\/wp-content\\\/uploads\\\/2024\\\/01\\\/logo-slidedeck.jpg\",\"width\":2000,\"height\":1103,\"caption\":\"Slidedeck\"},\"image\":{\"@id\":\"https:\\\/\\\/terrasse-mobile.net\\\/#\\\/schema\\\/logo\\\/image\\\/\"}}]}<\/script>\n<!-- \/ Yoast SEO plugin. -->","yoast_head_json":{"title":"Het mobiele terras in twee asymmetrische delen","robots":{"index":"index","follow":"follow","max-snippet":"max-snippet:-1","max-image-preview":"max-image-preview:large","max-video-preview":"max-video-preview:-1"},"canonical":"https:\/\/terrasse-mobile.net\/nl\/oude-modellen\/terrasse-mobile-piscine-sur-mesure-old\/","og_locale":"nl_BE","og_type":"article","og_title":"La terrasse mobile en deux parties asym\u00e9triques","og_description":"LA TERRASSE MOBILE POUR PISCINE SlideDeck SUR-MESURE La terrasse mobile SlideDECK SUR-MESURE : id\u00e9ale pour cr\u00e9er un nouvel espace dans votre jardin Nous sommes en mesure, pour des piscines de grandes dimensions (16m de long pour 6m de large), de r\u00e9aliser des terrasses mobiles selon un proc\u00e9d\u00e9 de fabrication exclusif (et secret !). Il s&rsquo;agit...","og_url":"https:\/\/terrasse-mobile.net\/nl\/oude-modellen\/terrasse-mobile-piscine-sur-mesure-old\/","og_site_name":"Terrasse mobile","article_modified_time":"2024-10-01T11:02:20+00:00","og_image":[{"url":"https:\/\/terrasse-mobile.net\/wp-content\/uploads\/2024\/03\/REAL-GERNEZ-PISCINE-FINI-1.jpg","type":"","width":"","height":""}],"twitter_card":"summary_large_image","twitter_misc":{"Geschatte leestijd":"1 minuut"},"schema":{"@context":"https:\/\/schema.org","@graph":[{"@type":"WebPage","@id":"https:\/\/terrasse-mobile.net\/modeles-old\/terrasse-mobile-piscine-sur-mesure-old\/","url":"https:\/\/terrasse-mobile.net\/modeles-old\/terrasse-mobile-piscine-sur-mesure-old\/","name":"Het mobiele terras in twee asymmetrische delen","isPartOf":{"@id":"https:\/\/terrasse-mobile.net\/#website"},"primaryImageOfPage":{"@id":"https:\/\/terrasse-mobile.net\/modeles-old\/terrasse-mobile-piscine-sur-mesure-old\/#primaryimage"},"image":{"@id":"https:\/\/terrasse-mobile.net\/modeles-old\/terrasse-mobile-piscine-sur-mesure-old\/#primaryimage"},"thumbnailUrl":"https:\/\/terrasse-mobile.net\/wp-content\/uploads\/2024\/03\/REAL-GERNEZ-PISCINE-FINI-1.jpg","datePublished":"2024-02-20T12:04:59+00:00","dateModified":"2024-10-01T11:02:20+00:00","breadcrumb":{"@id":"https:\/\/terrasse-mobile.net\/modeles-old\/terrasse-mobile-piscine-sur-mesure-old\/#breadcrumb"},"inLanguage":"nl-BE","potentialAction":[{"@type":"ReadAction","target":["https:\/\/terrasse-mobile.net\/modeles-old\/terrasse-mobile-piscine-sur-mesure-old\/"]}]},{"@type":"ImageObject","inLanguage":"nl-BE","@id":"https:\/\/terrasse-mobile.net\/modeles-old\/terrasse-mobile-piscine-sur-mesure-old\/#primaryimage","url":"https:\/\/terrasse-mobile.net\/wp-content\/uploads\/2024\/03\/REAL-GERNEZ-PISCINE-FINI-1.jpg","contentUrl":"https:\/\/terrasse-mobile.net\/wp-content\/uploads\/2024\/03\/REAL-GERNEZ-PISCINE-FINI-1.jpg"},{"@type":"BreadcrumbList","@id":"https:\/\/terrasse-mobile.net\/modeles-old\/terrasse-mobile-piscine-sur-mesure-old\/#breadcrumb","itemListElement":[{"@type":"ListItem","position":1,"name":"Accueil","item":"https:\/\/terrasse-mobile.net\/"},{"@type":"ListItem","position":2,"name":"LES GAMMES SLIDEDECK OLD","item":"https:\/\/terrasse-mobile.net\/modeles-old\/"},{"@type":"ListItem","position":3,"name":"LE SLIDEDECK SUR-MESUREold"}]},{"@type":"WebSite","@id":"https:\/\/terrasse-mobile.net\/#website","url":"https:\/\/terrasse-mobile.net\/","name":"Slidedeck","description":"Op maat gemaakte verplaatsbare terrassen in de regio Parijs","publisher":{"@id":"https:\/\/terrasse-mobile.net\/#organization"},"potentialAction":[{"@type":"SearchAction","target":{"@type":"EntryPoint","urlTemplate":"https:\/\/terrasse-mobile.net\/?s={search_term_string}"},"query-input":{"@type":"PropertyValueSpecification","valueRequired":true,"valueName":"search_term_string"}}],"inLanguage":"nl-BE"},{"@type":"Organization","@id":"https:\/\/terrasse-mobile.net\/#organization","name":"Slidedeck","url":"https:\/\/terrasse-mobile.net\/","logo":{"@type":"ImageObject","inLanguage":"nl-BE","@id":"https:\/\/terrasse-mobile.net\/#\/schema\/logo\/image\/","url":"https:\/\/terrasse-mobile.net\/wp-content\/uploads\/2024\/01\/logo-slidedeck.jpg","contentUrl":"https:\/\/terrasse-mobile.net\/wp-content\/uploads\/2024\/01\/logo-slidedeck.jpg","width":2000,"height":1103,"caption":"Slidedeck"},"image":{"@id":"https:\/\/terrasse-mobile.net\/#\/schema\/logo\/image\/"}}]}},"_links":{"self":[{"href":"https:\/\/terrasse-mobile.net\/nl\/wp-json\/wp\/v2\/pages\/3549","targetHints":{"allow":["GET"]}}],"collection":[{"href":"https:\/\/terrasse-mobile.net\/nl\/wp-json\/wp\/v2\/pages"}],"about":[{"href":"https:\/\/terrasse-mobile.net\/nl\/wp-json\/wp\/v2\/types\/page"}],"author":[{"embeddable":true,"href":"https:\/\/terrasse-mobile.net\/nl\/wp-json\/wp\/v2\/users\/1"}],"replies":[{"embeddable":true,"href":"https:\/\/terrasse-mobile.net\/nl\/wp-json\/wp\/v2\/comments?post=3549"}],"version-history":[{"count":17,"href":"https:\/\/terrasse-mobile.net\/nl\/wp-json\/wp\/v2\/pages\/3549\/revisions"}],"predecessor-version":[{"id":5645,"href":"https:\/\/terrasse-mobile.net\/nl\/wp-json\/wp\/v2\/pages\/3549\/revisions\/5645"}],"up":[{"embeddable":true,"href":"https:\/\/terrasse-mobile.net\/nl\/wp-json\/wp\/v2\/pages\/1412"}],"wp:attachment":[{"href":"https:\/\/terrasse-mobile.net\/nl\/wp-json\/wp\/v2\/media?parent=3549"}],"wp:term":[{"taxonomy":"folder","embeddable":true,"href":"https:\/\/terrasse-mobile.net\/nl\/wp-json\/wp\/v2\/folder?post=3549"}],"curies":[{"name":"wp","href":"https:\/\/api.w.org\/{rel}","templated":true}]}}