{"id":5592,"date":"2024-10-02T14:45:32","date_gmt":"2024-10-02T12:45:32","guid":{"rendered":"https:\/\/terrasse-mobile.net\/?page_id=5592"},"modified":"2025-11-25T15:43:36","modified_gmt":"2025-11-25T14:43:36","slug":"mobiel-terrasset-voor-zwembad","status":"publish","type":"page","link":"https:\/\/terrasse-mobile.net\/nl\/slidedeck\/installation-entretien\/terrasse-mobile-en-kit-pour-piscine\/","title":{"rendered":"HET MOBIELE ZWEMBADTERRAS WORDT ALS BOUWPAKKET GELEVERD EN DOOR U GE\u00cfNSTALLEERD"},"content":{"rendered":"<div class=\"wp-block-group\"><div class=\"wp-block-group__inner-container is-layout-constrained wp-block-group-is-layout-constrained\">\n<div class=\"wp-block-columns is-layout-flex wp-container-core-columns-is-layout-9d6595d7 wp-block-columns-is-layout-flex\">\n<div class=\"wp-block-column is-layout-flow wp-block-column-is-layout-flow\">\n<figure class=\"wp-block-image size-full\"><img decoding=\"async\" width=\"599\" height=\"397\" src=\"https:\/\/terrasse-mobile.net\/wp-content\/uploads\/2024\/08\/REA-BERTAGNE-FINAL-09.jpg\" alt=\"Zwembad met beweegbaar terras\" class=\"wp-image-5157\" style=\"aspect-ratio:3\/2;object-fit:cover\" srcset=\"https:\/\/terrasse-mobile.net\/wp-content\/uploads\/2024\/08\/REA-BERTAGNE-FINAL-09.jpg 599w, https:\/\/terrasse-mobile.net\/wp-content\/uploads\/2024\/08\/REA-BERTAGNE-FINAL-09-300x199.jpg 300w\" sizes=\"(max-width: 599px) 100vw, 599px\" \/><\/figure>\n<\/div>\n\n\n\n<div class=\"wp-block-column is-layout-flow wp-block-column-is-layout-flow\">\n<h2 class=\"wp-block-heading\">Je mobiele terras installeren<\/h2>\n\n\n\n<p>Als je een doe-het-zelver bent, is de installatie van je mobiele terras binnen handbereik. We hebben een constructiesysteem ontworpen dat volledig voorgefabriceerd is in onze ateliers.&nbsp;<\/p>\n\n\n\n<p>We leveren je een compleet bouwpakket dat klaar is voor installatie, inclusief alle structurele onderdelen die al voorgemonteerd zijn, met alle nodige bevestigingen en schroeven, en montage-instructies.  Een mobiel terras van 5 bij 3 meter kan bijvoorbeeld in ongeveer een halve dag door jou worden ge\u00efnstalleerd. Houd er wel rekening mee dat er twee personen nodig zijn om het mobiele terras te installeren.<\/p>\n\n\n\n<p>Om het mobiele terras te installeren, heb je heel weinig gereedschap nodig: een schroevendraaier, een boormachine, een paar platte sleutels of pijpsleutels voor de moeren en bouten, en een paar meet- en markeergereedschappen.<\/p>\n<\/div>\n<\/div>\n<\/div><\/div>\n\n\n\n<div class=\"wp-block-group\"><div class=\"wp-block-group__inner-container is-layout-constrained wp-block-group-is-layout-constrained\">\n<div class=\"wp-block-columns is-layout-flex wp-container-core-columns-is-layout-9d6595d7 wp-block-columns-is-layout-flex\">\n<div class=\"wp-block-column is-layout-flow wp-block-column-is-layout-flow\">\n<h2 class=\"wp-block-heading\">Follow-up van de installatie van het mobiele terras <br>voor zwembad<\/h2>\n\n\n\n<p>We kunnen de terrasplanken ook leveren in de kit die we aanbieden in onze catalogus (terrasplanken in exotisch hout, composiethout, aluminium, enz.).<\/p>\n\n\n\n<p>Als je al terrasplanken hebt of een leverancier bij jou in de buurt, ben je natuurlijk helemaal vrij om de bekleding van je keuze te kiezen.<\/p>\n\n\n\n<p>In alle gevallen bieden we je tijdens de installatie technische ondersteuning. Als je het mobiele terras tijdens een weekend moet installeren, kun je ons dat het beste laten weten, zodat iemand van ons team beschikbaar is om je telefoontjes aan te nemen.<\/p>\n\n\n\n<p class=\"has-text-align-left\">Een mobiel terras dat volgens onze aanbevelingen is ge\u00efnstalleerd, heeft dezelfde levensduur en mechanische weerstand als wanneer het door de teams van Piscine Nature zou zijn ge\u00efnstalleerd.<\/p>\n<\/div>\n\n\n\n<div class=\"wp-block-column is-layout-flow wp-block-column-is-layout-flow\">\n<figure class=\"wp-block-image size-full\"><img decoding=\"async\" width=\"700\" height=\"464\" src=\"https:\/\/terrasse-mobile.net\/wp-content\/uploads\/2024\/01\/rea-montain00003-4.jpg\" alt=\"mobiel terras\" class=\"wp-image-2024\" style=\"aspect-ratio:3\/2;object-fit:cover\" srcset=\"https:\/\/terrasse-mobile.net\/wp-content\/uploads\/2024\/01\/rea-montain00003-4.jpg 700w, https:\/\/terrasse-mobile.net\/wp-content\/uploads\/2024\/01\/rea-montain00003-4-300x199.jpg 300w\" sizes=\"(max-width: 700px) 100vw, 700px\" \/><\/figure>\n\n\n\n<div class=\"wp-block-buttons is-content-justification-center is-layout-flex wp-container-core-buttons-is-layout-16018d1d wp-block-buttons-is-layout-flex\">\n<div class=\"wp-block-button has-custom-width wp-block-button__width-75 is-style-outline is-style-outline--1\"><a class=\"wp-block-button__link has-text-align-center has-custom-font-size wp-element-button\" href=\"https:\/\/terrasse-mobile.net\/nl\/mobiel-terras-op-maat\/opties\/je-mobiele-terras-monteren\/\" style=\"font-size:17px\">Hoe zet je een mobiel terras in elkaar?<\/a><\/div>\n<\/div>\n<\/div>\n<\/div>\n\n\n\n<h2 class=\"wp-block-heading\"><\/h2>\n<\/div><\/div>","protected":false},"excerpt":{"rendered":"<p>Installation de votre terrasse mobile Si vous \u00eates bricoleurs, l&rsquo;installation de votre terrasse mobile est \u00e0 votre port\u00e9e. Nous avons con\u00e7u un syst\u00e8me de construction enti\u00e8rement pr\u00e9usin\u00e9 dans nos ateliers.&nbsp; Nous vous fournissons un kit complet pr\u00eat \u00e0 poser, comprenant toute la partie structure d\u00e9j\u00e0 pr\u00e9assembl\u00e9e, avec toutes les fixations et vis n\u00e9cessaires ; et&#8230;<\/p>","protected":false},"author":1,"featured_media":3640,"parent":5585,"menu_order":17,"comment_status":"closed","ping_status":"closed","template":"","meta":{"_kad_post_transparent":"","_kad_post_title":"","_kad_post_layout":"","_kad_post_sidebar_id":"","_kad_post_content_style":"","_kad_post_vertical_padding":"","_kad_post_feature":"","_kad_post_feature_position":"","_kad_post_header":false,"_kad_post_footer":false,"_kad_post_classname":"","footnotes":""},"folder":[],"class_list":["post-5592","page","type-page","status-publish","has-post-thumbnail","hentry"],"yoast_head":"<!-- This site is optimized with the Yoast SEO plugin v27.4 - https:\/\/yoast.com\/product\/yoast-seo-wordpress\/ -->\n<title>Terrasse mobile en kit SlideDeck pour piscine<\/title>\n<meta name=\"description\" content=\"SlideDeck peut vous fournir la terrasse mobile pour piscine en kit. Il vous suffira de suivre le guide de mise en oeuvre pour l&#039;installer.\" \/>\n<meta name=\"robots\" content=\"index, follow, max-snippet:-1, max-image-preview:large, max-video-preview:-1\" \/>\n<link rel=\"canonical\" href=\"https:\/\/terrasse-mobile.net\/nl\/schuifdek\/installatieonderhoud\/mobiel-terrasset-voor-zwembad\/\" \/>\n<meta property=\"og:locale\" content=\"nl_BE\" \/>\n<meta property=\"og:type\" content=\"article\" \/>\n<meta property=\"og:title\" content=\"Terrasse mobile en kit SlideDeck pour piscine\" \/>\n<meta property=\"og:description\" content=\"SlideDeck peut vous fournir la terrasse mobile pour piscine en kit. Il vous suffira de suivre le guide de mise en oeuvre pour l&#039;installer.\" \/>\n<meta property=\"og:url\" content=\"https:\/\/terrasse-mobile.net\/nl\/schuifdek\/installatieonderhoud\/mobiel-terrasset-voor-zwembad\/\" \/>\n<meta property=\"og:site_name\" content=\"Terrasse mobile\" \/>\n<meta property=\"article:modified_time\" content=\"2025-11-25T14:43:36+00:00\" \/>\n<meta property=\"og:image\" content=\"https:\/\/terrasse-mobile.net\/wp-content\/uploads\/2024\/02\/REAL-SABOURAULT-PISCINE-2.jpg\" \/>\n\t<meta property=\"og:image:width\" content=\"2000\" \/>\n\t<meta property=\"og:image:height\" content=\"1500\" \/>\n\t<meta property=\"og:image:type\" content=\"image\/jpeg\" \/>\n<meta name=\"twitter:card\" content=\"summary_large_image\" \/>\n<meta name=\"twitter:label1\" content=\"Geschatte leestijd\" \/>\n\t<meta name=\"twitter:data1\" content=\"3 minuten\" \/>\n<script type=\"application\/ld+json\" class=\"yoast-schema-graph\">{\"@context\":\"https:\\\/\\\/schema.org\",\"@graph\":[{\"@type\":\"WebPage\",\"@id\":\"https:\\\/\\\/terrasse-mobile.net\\\/slidedeck\\\/installation-entretien\\\/terrasse-mobile-en-kit-pour-piscine\\\/\",\"url\":\"https:\\\/\\\/terrasse-mobile.net\\\/slidedeck\\\/installation-entretien\\\/terrasse-mobile-en-kit-pour-piscine\\\/\",\"name\":\"Terrasse mobile en kit SlideDeck pour piscine\",\"isPartOf\":{\"@id\":\"https:\\\/\\\/terrasse-mobile.net\\\/#website\"},\"primaryImageOfPage\":{\"@id\":\"https:\\\/\\\/terrasse-mobile.net\\\/slidedeck\\\/installation-entretien\\\/terrasse-mobile-en-kit-pour-piscine\\\/#primaryimage\"},\"image\":{\"@id\":\"https:\\\/\\\/terrasse-mobile.net\\\/slidedeck\\\/installation-entretien\\\/terrasse-mobile-en-kit-pour-piscine\\\/#primaryimage\"},\"thumbnailUrl\":\"https:\\\/\\\/terrasse-mobile.net\\\/wp-content\\\/uploads\\\/2024\\\/02\\\/REAL-SABOURAULT-PISCINE-2.jpg\",\"datePublished\":\"2024-10-02T12:45:32+00:00\",\"dateModified\":\"2025-11-25T14:43:36+00:00\",\"description\":\"SlideDeck peut vous fournir la terrasse mobile pour piscine en kit. Il vous suffira de suivre le guide de mise en oeuvre pour l'installer.\",\"breadcrumb\":{\"@id\":\"https:\\\/\\\/terrasse-mobile.net\\\/slidedeck\\\/installation-entretien\\\/terrasse-mobile-en-kit-pour-piscine\\\/#breadcrumb\"},\"inLanguage\":\"nl-BE\",\"potentialAction\":[{\"@type\":\"ReadAction\",\"target\":[\"https:\\\/\\\/terrasse-mobile.net\\\/slidedeck\\\/installation-entretien\\\/terrasse-mobile-en-kit-pour-piscine\\\/\"]}]},{\"@type\":\"ImageObject\",\"inLanguage\":\"nl-BE\",\"@id\":\"https:\\\/\\\/terrasse-mobile.net\\\/slidedeck\\\/installation-entretien\\\/terrasse-mobile-en-kit-pour-piscine\\\/#primaryimage\",\"url\":\"https:\\\/\\\/terrasse-mobile.net\\\/wp-content\\\/uploads\\\/2024\\\/02\\\/REAL-SABOURAULT-PISCINE-2.jpg\",\"contentUrl\":\"https:\\\/\\\/terrasse-mobile.net\\\/wp-content\\\/uploads\\\/2024\\\/02\\\/REAL-SABOURAULT-PISCINE-2.jpg\",\"width\":2000,\"height\":1500,\"caption\":\"DCIM100MEDIADJI_0365.JPG\"},{\"@type\":\"BreadcrumbList\",\"@id\":\"https:\\\/\\\/terrasse-mobile.net\\\/slidedeck\\\/installation-entretien\\\/terrasse-mobile-en-kit-pour-piscine\\\/#breadcrumb\",\"itemListElement\":[{\"@type\":\"ListItem\",\"position\":1,\"name\":\"Accueil\",\"item\":\"https:\\\/\\\/terrasse-mobile.net\\\/\"},{\"@type\":\"ListItem\",\"position\":2,\"name\":\"SLIDEDECK\",\"item\":\"https:\\\/\\\/terrasse-mobile.net\\\/slidedeck\\\/\"},{\"@type\":\"ListItem\",\"position\":3,\"name\":\"INSTALLATION DE LA TERRASSE MOBILE SLIDEDECK\",\"item\":\"https:\\\/\\\/terrasse-mobile.net\\\/slidedeck\\\/installation-entretien\\\/\"},{\"@type\":\"ListItem\",\"position\":4,\"name\":\"LA TERRASSE MOBILE POUR PISCINE FOURNIE EN KIT ET INSTALL\u00c9E PAR VOS SOINS\"}]},{\"@type\":\"WebSite\",\"@id\":\"https:\\\/\\\/terrasse-mobile.net\\\/#website\",\"url\":\"https:\\\/\\\/terrasse-mobile.net\\\/\",\"name\":\"Slidedeck\",\"description\":\"Construction sur mesure de terrasses mobiles en \u00cele-de-France\",\"publisher\":{\"@id\":\"https:\\\/\\\/terrasse-mobile.net\\\/#organization\"},\"potentialAction\":[{\"@type\":\"SearchAction\",\"target\":{\"@type\":\"EntryPoint\",\"urlTemplate\":\"https:\\\/\\\/terrasse-mobile.net\\\/?s={search_term_string}\"},\"query-input\":{\"@type\":\"PropertyValueSpecification\",\"valueRequired\":true,\"valueName\":\"search_term_string\"}}],\"inLanguage\":\"nl-BE\"},{\"@type\":\"Organization\",\"@id\":\"https:\\\/\\\/terrasse-mobile.net\\\/#organization\",\"name\":\"Slidedeck\",\"url\":\"https:\\\/\\\/terrasse-mobile.net\\\/\",\"logo\":{\"@type\":\"ImageObject\",\"inLanguage\":\"nl-BE\",\"@id\":\"https:\\\/\\\/terrasse-mobile.net\\\/#\\\/schema\\\/logo\\\/image\\\/\",\"url\":\"https:\\\/\\\/terrasse-mobile.net\\\/wp-content\\\/uploads\\\/2024\\\/01\\\/logo-slidedeck.jpg\",\"contentUrl\":\"https:\\\/\\\/terrasse-mobile.net\\\/wp-content\\\/uploads\\\/2024\\\/01\\\/logo-slidedeck.jpg\",\"width\":2000,\"height\":1103,\"caption\":\"Slidedeck\"},\"image\":{\"@id\":\"https:\\\/\\\/terrasse-mobile.net\\\/#\\\/schema\\\/logo\\\/image\\\/\"}}]}<\/script>\n<!-- \/ Yoast SEO plugin. -->","yoast_head_json":{"title":"SlideDeck mobiel terrasset voor zwembad","description":"SlideDeck kan je een mobiel pooldeck in kitvorm leveren. Het enige wat je hoeft te doen om het te installeren is de installatiehandleiding volgen.","robots":{"index":"index","follow":"follow","max-snippet":"max-snippet:-1","max-image-preview":"max-image-preview:large","max-video-preview":"max-video-preview:-1"},"canonical":"https:\/\/terrasse-mobile.net\/nl\/schuifdek\/installatieonderhoud\/mobiel-terrasset-voor-zwembad\/","og_locale":"nl_BE","og_type":"article","og_title":"Terrasse mobile en kit SlideDeck pour piscine","og_description":"SlideDeck peut vous fournir la terrasse mobile pour piscine en kit. Il vous suffira de suivre le guide de mise en oeuvre pour l'installer.","og_url":"https:\/\/terrasse-mobile.net\/nl\/schuifdek\/installatieonderhoud\/mobiel-terrasset-voor-zwembad\/","og_site_name":"Terrasse mobile","article_modified_time":"2025-11-25T14:43:36+00:00","og_image":[{"width":2000,"height":1500,"url":"https:\/\/terrasse-mobile.net\/wp-content\/uploads\/2024\/02\/REAL-SABOURAULT-PISCINE-2.jpg","type":"image\/jpeg"}],"twitter_card":"summary_large_image","twitter_misc":{"Geschatte leestijd":"3 minuten"},"schema":{"@context":"https:\/\/schema.org","@graph":[{"@type":"WebPage","@id":"https:\/\/terrasse-mobile.net\/slidedeck\/installation-entretien\/terrasse-mobile-en-kit-pour-piscine\/","url":"https:\/\/terrasse-mobile.net\/slidedeck\/installation-entretien\/terrasse-mobile-en-kit-pour-piscine\/","name":"SlideDeck mobiel terrasset voor zwembad","isPartOf":{"@id":"https:\/\/terrasse-mobile.net\/#website"},"primaryImageOfPage":{"@id":"https:\/\/terrasse-mobile.net\/slidedeck\/installation-entretien\/terrasse-mobile-en-kit-pour-piscine\/#primaryimage"},"image":{"@id":"https:\/\/terrasse-mobile.net\/slidedeck\/installation-entretien\/terrasse-mobile-en-kit-pour-piscine\/#primaryimage"},"thumbnailUrl":"https:\/\/terrasse-mobile.net\/wp-content\/uploads\/2024\/02\/REAL-SABOURAULT-PISCINE-2.jpg","datePublished":"2024-10-02T12:45:32+00:00","dateModified":"2025-11-25T14:43:36+00:00","description":"SlideDeck kan je een mobiel pooldeck in kitvorm leveren. Het enige wat je hoeft te doen om het te installeren is de installatiehandleiding volgen.","breadcrumb":{"@id":"https:\/\/terrasse-mobile.net\/slidedeck\/installation-entretien\/terrasse-mobile-en-kit-pour-piscine\/#breadcrumb"},"inLanguage":"nl-BE","potentialAction":[{"@type":"ReadAction","target":["https:\/\/terrasse-mobile.net\/slidedeck\/installation-entretien\/terrasse-mobile-en-kit-pour-piscine\/"]}]},{"@type":"ImageObject","inLanguage":"nl-BE","@id":"https:\/\/terrasse-mobile.net\/slidedeck\/installation-entretien\/terrasse-mobile-en-kit-pour-piscine\/#primaryimage","url":"https:\/\/terrasse-mobile.net\/wp-content\/uploads\/2024\/02\/REAL-SABOURAULT-PISCINE-2.jpg","contentUrl":"https:\/\/terrasse-mobile.net\/wp-content\/uploads\/2024\/02\/REAL-SABOURAULT-PISCINE-2.jpg","width":2000,"height":1500,"caption":"DCIM100MEDIADJI_0365.JPG"},{"@type":"BreadcrumbList","@id":"https:\/\/terrasse-mobile.net\/slidedeck\/installation-entretien\/terrasse-mobile-en-kit-pour-piscine\/#breadcrumb","itemListElement":[{"@type":"ListItem","position":1,"name":"Accueil","item":"https:\/\/terrasse-mobile.net\/"},{"@type":"ListItem","position":2,"name":"SLIDEDECK","item":"https:\/\/terrasse-mobile.net\/slidedeck\/"},{"@type":"ListItem","position":3,"name":"INSTALLATION DE LA TERRASSE MOBILE SLIDEDECK","item":"https:\/\/terrasse-mobile.net\/slidedeck\/installation-entretien\/"},{"@type":"ListItem","position":4,"name":"LA TERRASSE MOBILE POUR PISCINE FOURNIE EN KIT ET INSTALL\u00c9E PAR VOS SOINS"}]},{"@type":"WebSite","@id":"https:\/\/terrasse-mobile.net\/#website","url":"https:\/\/terrasse-mobile.net\/","name":"Slidedeck","description":"Op maat gemaakte verplaatsbare terrassen in de regio Parijs","publisher":{"@id":"https:\/\/terrasse-mobile.net\/#organization"},"potentialAction":[{"@type":"SearchAction","target":{"@type":"EntryPoint","urlTemplate":"https:\/\/terrasse-mobile.net\/?s={search_term_string}"},"query-input":{"@type":"PropertyValueSpecification","valueRequired":true,"valueName":"search_term_string"}}],"inLanguage":"nl-BE"},{"@type":"Organization","@id":"https:\/\/terrasse-mobile.net\/#organization","name":"Slidedeck","url":"https:\/\/terrasse-mobile.net\/","logo":{"@type":"ImageObject","inLanguage":"nl-BE","@id":"https:\/\/terrasse-mobile.net\/#\/schema\/logo\/image\/","url":"https:\/\/terrasse-mobile.net\/wp-content\/uploads\/2024\/01\/logo-slidedeck.jpg","contentUrl":"https:\/\/terrasse-mobile.net\/wp-content\/uploads\/2024\/01\/logo-slidedeck.jpg","width":2000,"height":1103,"caption":"Slidedeck"},"image":{"@id":"https:\/\/terrasse-mobile.net\/#\/schema\/logo\/image\/"}}]}},"_links":{"self":[{"href":"https:\/\/terrasse-mobile.net\/nl\/wp-json\/wp\/v2\/pages\/5592","targetHints":{"allow":["GET"]}}],"collection":[{"href":"https:\/\/terrasse-mobile.net\/nl\/wp-json\/wp\/v2\/pages"}],"about":[{"href":"https:\/\/terrasse-mobile.net\/nl\/wp-json\/wp\/v2\/types\/page"}],"author":[{"embeddable":true,"href":"https:\/\/terrasse-mobile.net\/nl\/wp-json\/wp\/v2\/users\/1"}],"replies":[{"embeddable":true,"href":"https:\/\/terrasse-mobile.net\/nl\/wp-json\/wp\/v2\/comments?post=5592"}],"version-history":[{"count":9,"href":"https:\/\/terrasse-mobile.net\/nl\/wp-json\/wp\/v2\/pages\/5592\/revisions"}],"predecessor-version":[{"id":7276,"href":"https:\/\/terrasse-mobile.net\/nl\/wp-json\/wp\/v2\/pages\/5592\/revisions\/7276"}],"up":[{"embeddable":true,"href":"https:\/\/terrasse-mobile.net\/nl\/wp-json\/wp\/v2\/pages\/5585"}],"wp:featuredmedia":[{"embeddable":true,"href":"https:\/\/terrasse-mobile.net\/nl\/wp-json\/wp\/v2\/media\/3640"}],"wp:attachment":[{"href":"https:\/\/terrasse-mobile.net\/nl\/wp-json\/wp\/v2\/media?parent=5592"}],"wp:term":[{"taxonomy":"folder","embeddable":true,"href":"https:\/\/terrasse-mobile.net\/nl\/wp-json\/wp\/v2\/folder?post=5592"}],"curies":[{"name":"wp","href":"https:\/\/api.w.org\/{rel}","templated":true}]}}