{"id":5599,"date":"2024-10-02T14:45:20","date_gmt":"2024-10-02T12:45:20","guid":{"rendered":"https:\/\/terrasse-mobile.net\/?page_id=5599"},"modified":"2025-10-08T14:35:43","modified_gmt":"2025-10-08T12:35:43","slug":"hoe-bouw-je-een-mobiel-zwembadterras","status":"publish","type":"page","link":"https:\/\/terrasse-mobile.net\/nl\/slidedeck\/installation-entretien\/comment-construire-terrasse-mobile-piscine\/","title":{"rendered":"WAT JE NODIG HEBT OM JE SLIDEDECK SCHUIFTERRAS TE INSTALLEREN"},"content":{"rendered":"<p>Het installeren van een mobiel terras voor een zwembad - of spa - is op zich niet ingewikkeld, maar vergt wel wat voorbereiding om ervoor te zorgen dat het perfect in de tuin past.<\/p>\n\n\n\n<div class=\"wp-block-group\"><div class=\"wp-block-group__inner-container is-layout-constrained wp-block-group-is-layout-constrained\">\n<div class=\"wp-block-columns is-layout-flex wp-container-core-columns-is-layout-9d6595d7 wp-block-columns-is-layout-flex\">\n<div class=\"wp-block-column is-layout-flow wp-block-column-is-layout-flow\">\n<h2 class=\"wp-block-heading\">Je hebt voldoende ruimte nodig<\/h2>\n\n\n\n<p>Het is essentieel dat je genoeg ruimte hebt om het SlideDeck mobiele terras soepel te laten bewegen. In het ideale geval heb je een oppervlak nodig dat even groot is als je zwembad, aan de kant van het zwembad.<\/p>\n\n\n\n<h2 class=\"wp-block-heading\">Installatie van een SlideDeck mobiel terras <br>op een hellend terrein?<\/h2>\n\n\n\n<p>De beschikbare ruimte moet in hetzelfde vlak liggen als het zwembad, zonder oneffenheden. Als de grond op een helling ligt, moet je steunbalken van gewapend beton maken om de rails te vormen waarop je mobiele terras kan rijden.&nbsp;<\/p>\n<\/div>\n\n\n\n<div class=\"wp-block-column is-layout-flow wp-block-column-is-layout-flow\">\n<figure class=\"wp-block-image size-full\"><img decoding=\"async\" width=\"700\" height=\"464\" src=\"https:\/\/terrasse-mobile.net\/wp-content\/uploads\/2024\/01\/REAL-SABOURAULT-STRUCTUREjpg.jpg\" alt=\"basis onder mobiele bodemplaat\" class=\"wp-image-2180\" style=\"aspect-ratio:3\/2;object-fit:cover\" srcset=\"https:\/\/terrasse-mobile.net\/wp-content\/uploads\/2024\/01\/REAL-SABOURAULT-STRUCTUREjpg.jpg 700w, https:\/\/terrasse-mobile.net\/wp-content\/uploads\/2024\/01\/REAL-SABOURAULT-STRUCTUREjpg-300x199.jpg 300w\" sizes=\"(max-width: 700px) 100vw, 700px\" \/><\/figure>\n<\/div>\n<\/div>\n<\/div><\/div>\n\n\n\n<h2 class=\"wp-block-heading has-text-align-center\">Liggen er boordstenen rond het zwembad?<\/h2>\n\n\n\n<p class=\"has-text-align-center\">Als je een boord van gereconstrueerde steen of flagstone hebt, moet deze informatie vrij nauwkeurig zijn om een perfecte pasvorm te garanderen. Als je een aflopende boordsteen hebt, is het waarschijnlijk beter om de baan voorbij de boordsteen te plaatsen.<\/p>\n\n\n\n<div class=\"wp-block-group\"><div class=\"wp-block-group__inner-container is-layout-constrained wp-block-group-is-layout-constrained\">\n<div class=\"wp-block-columns is-layout-flex wp-container-core-columns-is-layout-9d6595d7 wp-block-columns-is-layout-flex\">\n<div class=\"wp-block-column is-layout-flow wp-block-column-is-layout-flow\">\n<figure class=\"wp-block-image size-full\"><img decoding=\"async\" width=\"765\" height=\"507\" src=\"https:\/\/terrasse-mobile.net\/wp-content\/uploads\/2024\/01\/DSC_0606-1.jpg\" alt=\"prachtig mobiel terras in ile de france\" class=\"wp-image-2162\" style=\"aspect-ratio:3\/2;object-fit:cover\" srcset=\"https:\/\/terrasse-mobile.net\/wp-content\/uploads\/2024\/01\/DSC_0606-1.jpg 765w, https:\/\/terrasse-mobile.net\/wp-content\/uploads\/2024\/01\/DSC_0606-1-300x199.jpg 300w\" sizes=\"(max-width: 765px) 100vw, 765px\" \/><\/figure>\n<\/div>\n\n\n\n<div class=\"wp-block-column is-layout-flow wp-block-column-is-layout-flow\">\n<h2 class=\"wp-block-heading\">Welk type zwembad past het best bij een mobiel terras?<\/h2>\n\n\n\n<p>Het SlideDeck mobiele dek is geschikt voor alle soorten zwembaden. Over het algemeen is het mobiele deck het meest geschikt voor kleine en middelgrote zwembaden. Voor grotere zwembaden, zoals zwembanen, kunnen we je een mobiel dek aanbieden dat in de lengterichting beweegt, waarvoor veel ruimte aan de zijkant van het zwembad nodig is, of ons speciale grote dek. Neem contact met ons op voor meer informatie.&nbsp;<\/p>\n\n\n\n<h2 class=\"wp-block-heading\">Overweeg een verplaatsbaar terras als je je zwembad renoveert!<\/h2>\n\n\n\n<p>Bij de renovatie van een zwembad kan het bijzonder verstandig zijn om een mobiel terras te integreren. Renovatie biedt de mogelijkheid om de ruimte rond het zwembad volledig te heroverwegen naarmate de seizoenen veranderen, waardoor het mobiele terras in deze context een slimme toevoeging is.<\/p>\n<\/div>\n<\/div>\n<\/div><\/div>\n\n\n\n<h2 class=\"wp-block-heading has-text-align-center\">SlideDeck motorisatie<\/h2>\n\n\n\n<p class=\"has-text-align-center\">Het SlideDeck mobiele terras is verkrijgbaar met of zonder motor, afhankelijk van de voorkeuren en behoeften van onze klanten.<\/p>\n\n\n\n<p class=\"has-text-align-center\">Voor de kleine mobiele terrassen uit de TERRA-serie heb je geen motor nodig. Dit zijn relatief lichte mobiele terrassen, dus het is vrij eenvoudig om ze met een simpele hand- of voetbeweging te verplaatsen. Voor de ATLAS mobiele terrassen raden we je sterk aan om een motor te installeren, omdat het mobiele terras zwaarder zal zijn en meer inspanning zal vergen om het te verplaatsen. Onze motoren worden op afstand bediend en worden aangedreven door een autonome batterij, die zelf weer wordt opgeladen door een set fotovolta\u00efsche cellen die in de motor zijn ingebouwd. Er is dus geen stroomvoorziening in de buurt van het zwembad nodig.<\/p>\n\n\n\n<div class=\"wp-block-buttons is-content-justification-center is-layout-flex wp-container-core-buttons-is-layout-16018d1d wp-block-buttons-is-layout-flex\">\n<div class=\"wp-block-button has-custom-font-size is-style-outline is-style-outline--1\" style=\"font-size:14px\"><a class=\"wp-block-button__link has-text-align-center wp-element-button\" href=\"https:\/\/terrasse-mobile.net\/nl\/mobiel-terras-op-maat\/bekledingen\/\">ONTDEK SLIDEDECK MOBIELE VLONDERS<\/a><\/div>\n<\/div>","protected":false},"excerpt":{"rendered":"<p>La mise en place d&rsquo;une terrasse mobile pour une piscine &#8211; ou pour un spa &#8211; n&rsquo;est pas compliqu\u00e9e en tant que telle, mais n\u00e9cessite un peu de pr\u00e9paration afin d&rsquo;assurer une int\u00e9gration optimale au jardin. Avoir un espace suffisant est n\u00e9cessaire Il est imp\u00e9ratif de disposer d&rsquo;un espace suffisant pour permettre le d\u00e9placement fluide&#8230;<\/p>","protected":false},"author":1,"featured_media":3640,"parent":5585,"menu_order":18,"comment_status":"closed","ping_status":"closed","template":"","meta":{"_kad_post_transparent":"","_kad_post_title":"","_kad_post_layout":"","_kad_post_sidebar_id":"","_kad_post_content_style":"","_kad_post_vertical_padding":"","_kad_post_feature":"","_kad_post_feature_position":"","_kad_post_header":false,"_kad_post_footer":false,"_kad_post_classname":"","footnotes":""},"folder":[],"class_list":["post-5599","page","type-page","status-publish","has-post-thumbnail","hentry"],"yoast_head":"<!-- This site is optimized with the Yoast SEO plugin v27.3 - https:\/\/yoast.com\/product\/yoast-seo-wordpress\/ -->\n<title>Comment construire une terrasse mobile pour piscine ?<\/title>\n<meta name=\"description\" content=\"Pour installer une terrasse mobile au-dessus de sa piscine, plusieurs pr\u00e9requis sont n\u00e9cessaires, comme, par exemple, l&#039;espace disponible.\" \/>\n<meta name=\"robots\" content=\"index, follow, max-snippet:-1, max-image-preview:large, max-video-preview:-1\" \/>\n<link rel=\"canonical\" href=\"https:\/\/terrasse-mobile.net\/nl\/schuifdek\/installatieonderhoud\/hoe-bouw-je-een-mobiel-zwembadterras\/\" \/>\n<meta property=\"og:locale\" content=\"nl_BE\" \/>\n<meta property=\"og:type\" content=\"article\" \/>\n<meta property=\"og:title\" content=\"Comment construire une terrasse mobile pour piscine ?\" \/>\n<meta property=\"og:description\" content=\"Pour installer une terrasse mobile au-dessus de sa piscine, plusieurs pr\u00e9requis sont n\u00e9cessaires, comme, par exemple, l&#039;espace disponible.\" \/>\n<meta property=\"og:url\" content=\"https:\/\/terrasse-mobile.net\/nl\/schuifdek\/installatieonderhoud\/hoe-bouw-je-een-mobiel-zwembadterras\/\" \/>\n<meta property=\"og:site_name\" content=\"Terrasse mobile\" \/>\n<meta property=\"article:modified_time\" content=\"2025-10-08T12:35:43+00:00\" \/>\n<meta property=\"og:image\" content=\"https:\/\/terrasse-mobile.net\/wp-content\/uploads\/2024\/02\/REAL-SABOURAULT-PISCINE-2.jpg\" \/>\n\t<meta property=\"og:image:width\" content=\"2000\" \/>\n\t<meta property=\"og:image:height\" content=\"1500\" \/>\n\t<meta property=\"og:image:type\" content=\"image\/jpeg\" \/>\n<meta name=\"twitter:card\" content=\"summary_large_image\" \/>\n<meta name=\"twitter:label1\" content=\"Geschatte leestijd\" \/>\n\t<meta name=\"twitter:data1\" content=\"3 minuten\" \/>\n<script type=\"application\/ld+json\" class=\"yoast-schema-graph\">{\"@context\":\"https:\\\/\\\/schema.org\",\"@graph\":[{\"@type\":\"WebPage\",\"@id\":\"https:\\\/\\\/terrasse-mobile.net\\\/slidedeck\\\/installation-entretien\\\/comment-construire-terrasse-mobile-piscine\\\/\",\"url\":\"https:\\\/\\\/terrasse-mobile.net\\\/slidedeck\\\/installation-entretien\\\/comment-construire-terrasse-mobile-piscine\\\/\",\"name\":\"Comment construire une terrasse mobile pour piscine ?\",\"isPartOf\":{\"@id\":\"https:\\\/\\\/terrasse-mobile.net\\\/#website\"},\"primaryImageOfPage\":{\"@id\":\"https:\\\/\\\/terrasse-mobile.net\\\/slidedeck\\\/installation-entretien\\\/comment-construire-terrasse-mobile-piscine\\\/#primaryimage\"},\"image\":{\"@id\":\"https:\\\/\\\/terrasse-mobile.net\\\/slidedeck\\\/installation-entretien\\\/comment-construire-terrasse-mobile-piscine\\\/#primaryimage\"},\"thumbnailUrl\":\"https:\\\/\\\/terrasse-mobile.net\\\/wp-content\\\/uploads\\\/2024\\\/02\\\/REAL-SABOURAULT-PISCINE-2.jpg\",\"datePublished\":\"2024-10-02T12:45:20+00:00\",\"dateModified\":\"2025-10-08T12:35:43+00:00\",\"description\":\"Pour installer une terrasse mobile au-dessus de sa piscine, plusieurs pr\u00e9requis sont n\u00e9cessaires, comme, par exemple, l'espace disponible.\",\"breadcrumb\":{\"@id\":\"https:\\\/\\\/terrasse-mobile.net\\\/slidedeck\\\/installation-entretien\\\/comment-construire-terrasse-mobile-piscine\\\/#breadcrumb\"},\"inLanguage\":\"nl-BE\",\"potentialAction\":[{\"@type\":\"ReadAction\",\"target\":[\"https:\\\/\\\/terrasse-mobile.net\\\/slidedeck\\\/installation-entretien\\\/comment-construire-terrasse-mobile-piscine\\\/\"]}]},{\"@type\":\"ImageObject\",\"inLanguage\":\"nl-BE\",\"@id\":\"https:\\\/\\\/terrasse-mobile.net\\\/slidedeck\\\/installation-entretien\\\/comment-construire-terrasse-mobile-piscine\\\/#primaryimage\",\"url\":\"https:\\\/\\\/terrasse-mobile.net\\\/wp-content\\\/uploads\\\/2024\\\/02\\\/REAL-SABOURAULT-PISCINE-2.jpg\",\"contentUrl\":\"https:\\\/\\\/terrasse-mobile.net\\\/wp-content\\\/uploads\\\/2024\\\/02\\\/REAL-SABOURAULT-PISCINE-2.jpg\",\"width\":2000,\"height\":1500,\"caption\":\"DCIM100MEDIADJI_0365.JPG\"},{\"@type\":\"BreadcrumbList\",\"@id\":\"https:\\\/\\\/terrasse-mobile.net\\\/slidedeck\\\/installation-entretien\\\/comment-construire-terrasse-mobile-piscine\\\/#breadcrumb\",\"itemListElement\":[{\"@type\":\"ListItem\",\"position\":1,\"name\":\"Accueil\",\"item\":\"https:\\\/\\\/terrasse-mobile.net\\\/\"},{\"@type\":\"ListItem\",\"position\":2,\"name\":\"SLIDEDECK\",\"item\":\"https:\\\/\\\/terrasse-mobile.net\\\/slidedeck\\\/\"},{\"@type\":\"ListItem\",\"position\":3,\"name\":\"INSTALLATION DE LA TERRASSE MOBILE SLIDEDECK\",\"item\":\"https:\\\/\\\/terrasse-mobile.net\\\/slidedeck\\\/installation-entretien\\\/\"},{\"@type\":\"ListItem\",\"position\":4,\"name\":\"LES PR\u00c9REQUIS POUR INSTALLER VOTRE TERRASSE COULISSANTE SLIDEDECK\"}]},{\"@type\":\"WebSite\",\"@id\":\"https:\\\/\\\/terrasse-mobile.net\\\/#website\",\"url\":\"https:\\\/\\\/terrasse-mobile.net\\\/\",\"name\":\"Slidedeck\",\"description\":\"Construction sur mesure de terrasses mobiles en \u00cele-de-France\",\"publisher\":{\"@id\":\"https:\\\/\\\/terrasse-mobile.net\\\/#organization\"},\"potentialAction\":[{\"@type\":\"SearchAction\",\"target\":{\"@type\":\"EntryPoint\",\"urlTemplate\":\"https:\\\/\\\/terrasse-mobile.net\\\/?s={search_term_string}\"},\"query-input\":{\"@type\":\"PropertyValueSpecification\",\"valueRequired\":true,\"valueName\":\"search_term_string\"}}],\"inLanguage\":\"nl-BE\"},{\"@type\":\"Organization\",\"@id\":\"https:\\\/\\\/terrasse-mobile.net\\\/#organization\",\"name\":\"Slidedeck\",\"url\":\"https:\\\/\\\/terrasse-mobile.net\\\/\",\"logo\":{\"@type\":\"ImageObject\",\"inLanguage\":\"nl-BE\",\"@id\":\"https:\\\/\\\/terrasse-mobile.net\\\/#\\\/schema\\\/logo\\\/image\\\/\",\"url\":\"https:\\\/\\\/terrasse-mobile.net\\\/wp-content\\\/uploads\\\/2024\\\/01\\\/logo-slidedeck.jpg\",\"contentUrl\":\"https:\\\/\\\/terrasse-mobile.net\\\/wp-content\\\/uploads\\\/2024\\\/01\\\/logo-slidedeck.jpg\",\"width\":2000,\"height\":1103,\"caption\":\"Slidedeck\"},\"image\":{\"@id\":\"https:\\\/\\\/terrasse-mobile.net\\\/#\\\/schema\\\/logo\\\/image\\\/\"}}]}<\/script>\n<!-- \/ Yoast SEO plugin. -->","yoast_head_json":{"title":"Hoe bouw je een mobiel zwembadterras?","description":"Er zijn een aantal voorwaarden om een mobiel terras boven een zwembad te installeren, zoals de beschikbare ruimte.","robots":{"index":"index","follow":"follow","max-snippet":"max-snippet:-1","max-image-preview":"max-image-preview:large","max-video-preview":"max-video-preview:-1"},"canonical":"https:\/\/terrasse-mobile.net\/nl\/schuifdek\/installatieonderhoud\/hoe-bouw-je-een-mobiel-zwembadterras\/","og_locale":"nl_BE","og_type":"article","og_title":"Comment construire une terrasse mobile pour piscine ?","og_description":"Pour installer une terrasse mobile au-dessus de sa piscine, plusieurs pr\u00e9requis sont n\u00e9cessaires, comme, par exemple, l'espace disponible.","og_url":"https:\/\/terrasse-mobile.net\/nl\/schuifdek\/installatieonderhoud\/hoe-bouw-je-een-mobiel-zwembadterras\/","og_site_name":"Terrasse mobile","article_modified_time":"2025-10-08T12:35:43+00:00","og_image":[{"width":2000,"height":1500,"url":"https:\/\/terrasse-mobile.net\/wp-content\/uploads\/2024\/02\/REAL-SABOURAULT-PISCINE-2.jpg","type":"image\/jpeg"}],"twitter_card":"summary_large_image","twitter_misc":{"Geschatte leestijd":"3 minuten"},"schema":{"@context":"https:\/\/schema.org","@graph":[{"@type":"WebPage","@id":"https:\/\/terrasse-mobile.net\/slidedeck\/installation-entretien\/comment-construire-terrasse-mobile-piscine\/","url":"https:\/\/terrasse-mobile.net\/slidedeck\/installation-entretien\/comment-construire-terrasse-mobile-piscine\/","name":"Hoe bouw je een mobiel zwembadterras?","isPartOf":{"@id":"https:\/\/terrasse-mobile.net\/#website"},"primaryImageOfPage":{"@id":"https:\/\/terrasse-mobile.net\/slidedeck\/installation-entretien\/comment-construire-terrasse-mobile-piscine\/#primaryimage"},"image":{"@id":"https:\/\/terrasse-mobile.net\/slidedeck\/installation-entretien\/comment-construire-terrasse-mobile-piscine\/#primaryimage"},"thumbnailUrl":"https:\/\/terrasse-mobile.net\/wp-content\/uploads\/2024\/02\/REAL-SABOURAULT-PISCINE-2.jpg","datePublished":"2024-10-02T12:45:20+00:00","dateModified":"2025-10-08T12:35:43+00:00","description":"Er zijn een aantal voorwaarden om een mobiel terras boven een zwembad te installeren, zoals de beschikbare ruimte.","breadcrumb":{"@id":"https:\/\/terrasse-mobile.net\/slidedeck\/installation-entretien\/comment-construire-terrasse-mobile-piscine\/#breadcrumb"},"inLanguage":"nl-BE","potentialAction":[{"@type":"ReadAction","target":["https:\/\/terrasse-mobile.net\/slidedeck\/installation-entretien\/comment-construire-terrasse-mobile-piscine\/"]}]},{"@type":"ImageObject","inLanguage":"nl-BE","@id":"https:\/\/terrasse-mobile.net\/slidedeck\/installation-entretien\/comment-construire-terrasse-mobile-piscine\/#primaryimage","url":"https:\/\/terrasse-mobile.net\/wp-content\/uploads\/2024\/02\/REAL-SABOURAULT-PISCINE-2.jpg","contentUrl":"https:\/\/terrasse-mobile.net\/wp-content\/uploads\/2024\/02\/REAL-SABOURAULT-PISCINE-2.jpg","width":2000,"height":1500,"caption":"DCIM100MEDIADJI_0365.JPG"},{"@type":"BreadcrumbList","@id":"https:\/\/terrasse-mobile.net\/slidedeck\/installation-entretien\/comment-construire-terrasse-mobile-piscine\/#breadcrumb","itemListElement":[{"@type":"ListItem","position":1,"name":"Accueil","item":"https:\/\/terrasse-mobile.net\/"},{"@type":"ListItem","position":2,"name":"SLIDEDECK","item":"https:\/\/terrasse-mobile.net\/slidedeck\/"},{"@type":"ListItem","position":3,"name":"INSTALLATION DE LA TERRASSE MOBILE SLIDEDECK","item":"https:\/\/terrasse-mobile.net\/slidedeck\/installation-entretien\/"},{"@type":"ListItem","position":4,"name":"LES PR\u00c9REQUIS POUR INSTALLER VOTRE TERRASSE COULISSANTE SLIDEDECK"}]},{"@type":"WebSite","@id":"https:\/\/terrasse-mobile.net\/#website","url":"https:\/\/terrasse-mobile.net\/","name":"Slidedeck","description":"Op maat gemaakte verplaatsbare terrassen in de regio Parijs","publisher":{"@id":"https:\/\/terrasse-mobile.net\/#organization"},"potentialAction":[{"@type":"SearchAction","target":{"@type":"EntryPoint","urlTemplate":"https:\/\/terrasse-mobile.net\/?s={search_term_string}"},"query-input":{"@type":"PropertyValueSpecification","valueRequired":true,"valueName":"search_term_string"}}],"inLanguage":"nl-BE"},{"@type":"Organization","@id":"https:\/\/terrasse-mobile.net\/#organization","name":"Slidedeck","url":"https:\/\/terrasse-mobile.net\/","logo":{"@type":"ImageObject","inLanguage":"nl-BE","@id":"https:\/\/terrasse-mobile.net\/#\/schema\/logo\/image\/","url":"https:\/\/terrasse-mobile.net\/wp-content\/uploads\/2024\/01\/logo-slidedeck.jpg","contentUrl":"https:\/\/terrasse-mobile.net\/wp-content\/uploads\/2024\/01\/logo-slidedeck.jpg","width":2000,"height":1103,"caption":"Slidedeck"},"image":{"@id":"https:\/\/terrasse-mobile.net\/#\/schema\/logo\/image\/"}}]}},"_links":{"self":[{"href":"https:\/\/terrasse-mobile.net\/nl\/wp-json\/wp\/v2\/pages\/5599","targetHints":{"allow":["GET"]}}],"collection":[{"href":"https:\/\/terrasse-mobile.net\/nl\/wp-json\/wp\/v2\/pages"}],"about":[{"href":"https:\/\/terrasse-mobile.net\/nl\/wp-json\/wp\/v2\/types\/page"}],"author":[{"embeddable":true,"href":"https:\/\/terrasse-mobile.net\/nl\/wp-json\/wp\/v2\/users\/1"}],"replies":[{"embeddable":true,"href":"https:\/\/terrasse-mobile.net\/nl\/wp-json\/wp\/v2\/comments?post=5599"}],"version-history":[{"count":7,"href":"https:\/\/terrasse-mobile.net\/nl\/wp-json\/wp\/v2\/pages\/5599\/revisions"}],"predecessor-version":[{"id":6584,"href":"https:\/\/terrasse-mobile.net\/nl\/wp-json\/wp\/v2\/pages\/5599\/revisions\/6584"}],"up":[{"embeddable":true,"href":"https:\/\/terrasse-mobile.net\/nl\/wp-json\/wp\/v2\/pages\/5585"}],"wp:featuredmedia":[{"embeddable":true,"href":"https:\/\/terrasse-mobile.net\/nl\/wp-json\/wp\/v2\/media\/3640"}],"wp:attachment":[{"href":"https:\/\/terrasse-mobile.net\/nl\/wp-json\/wp\/v2\/media?parent=5599"}],"wp:term":[{"taxonomy":"folder","embeddable":true,"href":"https:\/\/terrasse-mobile.net\/nl\/wp-json\/wp\/v2\/folder?post=5599"}],"curies":[{"name":"wp","href":"https:\/\/api.w.org\/{rel}","templated":true}]}}