{"id":5620,"date":"2024-10-02T14:44:31","date_gmt":"2024-10-02T12:44:45","guid":{"rendered":"https:\/\/terrasse-mobile.net\/?page_id=5620"},"modified":"2025-11-25T16:35:55","modified_gmt":"2025-11-25T15:35:55","slug":"verschuifbare-zwembadoverdekkingen","status":"publish","type":"page","link":"https:\/\/terrasse-mobile.net\/nl\/protections-piscine\/abris-coulissants-pour-piscine\/","title":{"rendered":"ZWEMBADOVERDEKKINGEN"},"content":{"rendered":"<div class=\"wp-block-group\"><div class=\"wp-block-group__inner-container is-layout-constrained wp-block-group-is-layout-constrained\">\n<div class=\"wp-block-columns is-layout-flex wp-container-core-columns-is-layout-9d6595d7 wp-block-columns-is-layout-flex\">\n<div class=\"wp-block-column is-layout-flow wp-block-column-is-layout-flow\">\n<h2 class=\"wp-block-heading\">De ideale zwembadoverdekking<\/h2>\n\n\n\n<p>Een zwembadoverdekking is een <strong style=\"font-size: 16px;\">beveiliging<\/strong> en <strong style=\"font-size: 16px;\">comfort<\/strong> voor ingegraven of gedeeltelijk ingegraven zwembaden. Er bestaan verschillende soorten zwembadoverdekkingen: rechte, afgeronde, houten structuur, plexiglas panelen, schuifmodules... Maak uw keuze op basis van uw behoeften en wensen.&nbsp;<\/p>\n\n\n\n<p>Een zwembadoverdekking verlengt het zwembadseizoen (meer of minder afhankelijk van de hoogte van de overdekking) door <strong>verhoogt de water- en luchttemperatuur<\/strong>, eenvoudig en gratis.<\/p>\n\n\n\n<p>Een zwembadoverdekking is ideaal voor wie in alle weersomstandigheden van zijn zwembad wil genieten. Laag, middelhoog of hoog, een zwembadoverdekking beschermt de toegang tot het zwembad en vormt een barri\u00e8re tegen de zon. <strong>UV-bescherming<\/strong>. Je zult keuze te over hebben bij het vinden van het juiste model in ons assortiment.&nbsp;<\/p>\n<\/div>\n\n\n\n<div class=\"wp-block-column is-layout-flow wp-block-column-is-layout-flow\">\n<figure class=\"wp-block-image size-full\"><img decoding=\"async\" width=\"600\" height=\"397\" src=\"https:\/\/terrasse-mobile.net\/wp-content\/uploads\/2024\/02\/Abris-piscine-Nature-07-copie.png\" alt=\"Foto zwembadafdekking\" class=\"wp-image-3626\" style=\"aspect-ratio:3\/2;object-fit:cover\" srcset=\"https:\/\/terrasse-mobile.net\/wp-content\/uploads\/2024\/02\/Abris-piscine-Nature-07-copie.png 600w, https:\/\/terrasse-mobile.net\/wp-content\/uploads\/2024\/02\/Abris-piscine-Nature-07-copie-300x199.png 300w\" sizes=\"(max-width: 600px) 100vw, 600px\" \/><\/figure>\n<\/div>\n<\/div>\n<\/div><\/div>\n\n\n\n<p class=\"has-text-align-center\">We kozen ervoor om samen te werken met een marktleider, <strong>Aquacomet<\/strong>. Hun zwembadoverdekkingen worden vervaardigd door hooggekwalificeerd en ervaren personeel met meer dan 20 jaar ervaring, dat gebruik maakt van geavanceerde technologie\u00ebn. Aquacomet is trots op het traditionele vakmanschap. Ons assortiment zwembadoverdekkingen maakt het je gemakkelijk om de zwembadoverdekking te vinden die bij je past. <strong>de juiste structuur voor uw huis en tuin<\/strong>, qua kleur en ontwerp.<\/p>\n\n\n\n<div class=\"wp-block-group\"><div class=\"wp-block-group__inner-container is-layout-constrained wp-block-group-is-layout-constrained\">\n<div class=\"wp-block-columns is-layout-flex wp-container-core-columns-is-layout-9d6595d7 wp-block-columns-is-layout-flex\">\n<div class=\"wp-block-column is-layout-flow wp-block-column-is-layout-flow\">\n<figure class=\"wp-block-image size-full\"><img decoding=\"async\" width=\"765\" height=\"574\" src=\"https:\/\/terrasse-mobile.net\/wp-content\/uploads\/2024\/02\/Abris-piscine-Nature-027.jpg\" alt=\"speciale zwembadoverdekkingen\" class=\"wp-image-2361\" style=\"aspect-ratio:3\/2;object-fit:cover\" srcset=\"https:\/\/terrasse-mobile.net\/wp-content\/uploads\/2024\/02\/Abris-piscine-Nature-027.jpg 765w, https:\/\/terrasse-mobile.net\/wp-content\/uploads\/2024\/02\/Abris-piscine-Nature-027-300x225.jpg 300w\" sizes=\"(max-width: 765px) 100vw, 765px\" \/><\/figure>\n<\/div>\n\n\n\n<div class=\"wp-block-column is-layout-flow wp-block-column-is-layout-flow\">\n<h2 class=\"wp-block-heading\">Een zwembadoverdekking behoudt de waterkwaliteit<\/h2>\n\n\n\n<p>Je zwembad afdekken voorkomt dat dode bladeren, stof en insecten zich in het water nestelen en het zwemmen belemmeren. Een zwembadafdekking is een <strong style=\"font-size: 16px;\">een echt schild<\/strong> die je een <strong style=\"font-size: 16px;\">schoon water<\/strong> en <strong style=\"font-size: 16px;\">eigen<\/strong> op elk moment van het jaar. Het is een echt voordeel dat betekent dat je kunt besteden aan <strong style=\"font-size: 16px;\">minder tijd en moeite kwijt aan onderhoud<\/strong> van je zwembad, terwijl het water helder en blauw blijft, ongeacht het weer.<\/p>\n\n\n\n<h2 class=\"wp-block-heading\">Een zwembadoverkapping houdt het zwembad warm<\/h2>\n\n\n\n<p>&nbsp;Een zwembadoverkapping heeft het voordeel dat het water in je zwembad op de juiste temperatuur blijft, wat moeilijker is met een open ingegraven zwembad. Thermische isolatie <strong>vermijden<\/strong> <strong>op<\/strong> <strong>effect<\/strong> <strong>de<\/strong> <strong>warmteverliezen<\/strong>, Dit komt omdat de lucht boven het zwembad beperkt blijft tot een kleine ruimte. Deze overdekking kan ook helpen om enkele graden te besparen dankzij een broeikaseffect. De zwembadoverkapping biedt een merkbaar comfort en maakt het mogelijk om geld te besparen. <strong>energiebesparing<\/strong> wanneer de herfst aanbreekt.<\/p>\n<\/div>\n<\/div>\n\n\n\n<div class=\"wp-block-group\"><div class=\"wp-block-group__inner-container is-layout-constrained wp-block-group-is-layout-constrained\">\n<div class=\"wp-block-columns is-layout-flex wp-container-core-columns-is-layout-9d6595d7 wp-block-columns-is-layout-flex\">\n<div class=\"wp-block-column is-layout-flow wp-block-column-is-layout-flow\">\n<h2 class=\"wp-block-heading\">Een zwembadoverdekking betekent minder verdamping<\/h2>\n\n\n\n<p>Een openluchtzwembad verliest elk jaar een aanzienlijk percentage van zijn watervolume door verdamping van de zon en de wind. Bezoek <strong style=\"color: var( --e-global-color-b28222d ); font-family: var( --e-global-typography-690289a-font-family ), Sans-serif; font-size: var( --e-global-typography-690289a-font-size ); letter-spacing: var( --e-global-typography-690289a-letter-spacing ); word-spacing: var( --e-global-typography-690289a-word-spacing );\">je zwembad beschermen tegen tocht<\/strong> en stralen dankzij een <strong style=\"color: var( --e-global-color-b28222d ); font-family: var( --e-global-typography-690289a-font-family ), Sans-serif; font-size: var( --e-global-typography-690289a-font-size ); letter-spacing: var( --e-global-typography-690289a-letter-spacing ); word-spacing: var( --e-global-typography-690289a-word-spacing );\">UV-filter<\/strong>, Dit betekent dat je waterverlies en verdamping kunt beperken, wat op de lange termijn een echte besparing op je waterrekening betekent.<\/p>\n\n\n\n<p><\/p>\n\n\n\n<div class=\"wp-block-buttons is-content-justification-center is-layout-flex wp-container-core-buttons-is-layout-16018d1d wp-block-buttons-is-layout-flex\">\n<div class=\"wp-block-button is-style-fill\"><a class=\"wp-block-button__link has-white-color has-text-color has-background has-link-color has-small-font-size has-custom-font-size wp-element-button\" href=\"https:\/\/piscines.oxatis.com\/abris-piscine-de-qualit%C3%A9.htm\" style=\"background-color:#3579a4\">MEER INFORMATIE OVER ZWEMBADOVERDEKKINGEN<\/a><\/div>\n<\/div>\n<\/div>\n\n\n\n<div class=\"wp-block-column is-layout-flow wp-block-column-is-layout-flow\">\n<figure class=\"wp-block-image size-full\"><img decoding=\"async\" width=\"1000\" height=\"667\" src=\"https:\/\/terrasse-mobile.net\/wp-content\/uploads\/2024\/02\/Abris-piscine-Nature-043-1.jpg\" alt=\"Nachtzicht van een zwembad met een open glijdende overdekking\" class=\"wp-image-3720\" style=\"aspect-ratio:3\/2;object-fit:cover\" srcset=\"https:\/\/terrasse-mobile.net\/wp-content\/uploads\/2024\/02\/Abris-piscine-Nature-043-1.jpg 1000w, https:\/\/terrasse-mobile.net\/wp-content\/uploads\/2024\/02\/Abris-piscine-Nature-043-1-300x200.jpg 300w, https:\/\/terrasse-mobile.net\/wp-content\/uploads\/2024\/02\/Abris-piscine-Nature-043-1-768x512.jpg 768w\" sizes=\"(max-width: 1000px) 100vw, 1000px\" \/><\/figure>\n<\/div>\n<\/div>\n<\/div><\/div>\n\n\n\n<p><\/p>\n<\/div><\/div>\n\n\n\n<p><a href=\"https:\/\/piscines.oxatis.com\/types-abris-piscine.htm\"><br><\/a><\/p>","protected":false},"excerpt":{"rendered":"<p>Les abris id\u00e9als pour piscine Un abri de piscine est un \u00e9l\u00e9ment de s\u00e9curit\u00e9 et de confort pour les piscines creus\u00e9es ou partiellement creus\u00e9es. Les types d\u2019abris de piscine sont nombreux : droit, arrondi, structure en bois, vitres en plexiglas, modules coulissants\u2026 Faites votre choix selon vos besoins et envies.&nbsp; L\u2019abri de piscine permet de&#8230;<\/p>","protected":false},"author":1,"featured_media":3640,"parent":5610,"menu_order":61,"comment_status":"closed","ping_status":"closed","template":"","meta":{"_kad_post_transparent":"","_kad_post_title":"","_kad_post_layout":"","_kad_post_sidebar_id":"","_kad_post_content_style":"","_kad_post_vertical_padding":"","_kad_post_feature":"","_kad_post_feature_position":"","_kad_post_header":false,"_kad_post_footer":false,"_kad_post_classname":"","footnotes":""},"folder":[],"class_list":["post-5620","page","type-page","status-publish","has-post-thumbnail","hentry"],"yoast_head":"<!-- This site is optimized with the Yoast SEO plugin v27.3 - https:\/\/yoast.com\/product\/yoast-seo-wordpress\/ -->\n<title>L&#039;abri couilssant pour piscine<\/title>\n<meta name=\"description\" content=\"Les abris coulissants permettent de prot\u00e9ger le bassin de la piscine, mais \u00e9galement de cr\u00e9er un espace prot\u00e9g\u00e9 tout autour du bassin.\" \/>\n<meta name=\"robots\" content=\"index, follow, max-snippet:-1, max-image-preview:large, max-video-preview:-1\" \/>\n<link rel=\"canonical\" href=\"https:\/\/terrasse-mobile.net\/nl\/zwembadafdekkingen\/verschuifbare-zwembadoverdekkingen\/\" \/>\n<meta property=\"og:locale\" content=\"nl_BE\" \/>\n<meta property=\"og:type\" content=\"article\" \/>\n<meta property=\"og:title\" content=\"L&#039;abri couilssant pour piscine\" \/>\n<meta property=\"og:description\" content=\"Les abris coulissants permettent de prot\u00e9ger le bassin de la piscine, mais \u00e9galement de cr\u00e9er un espace prot\u00e9g\u00e9 tout autour du bassin.\" \/>\n<meta property=\"og:url\" content=\"https:\/\/terrasse-mobile.net\/nl\/zwembadafdekkingen\/verschuifbare-zwembadoverdekkingen\/\" \/>\n<meta property=\"og:site_name\" content=\"Terrasse mobile\" \/>\n<meta property=\"article:modified_time\" content=\"2025-11-25T15:35:55+00:00\" \/>\n<meta property=\"og:image\" content=\"https:\/\/terrasse-mobile.net\/wp-content\/uploads\/2024\/02\/REAL-SABOURAULT-PISCINE-2.jpg\" \/>\n\t<meta property=\"og:image:width\" content=\"2000\" \/>\n\t<meta property=\"og:image:height\" content=\"1500\" \/>\n\t<meta property=\"og:image:type\" content=\"image\/jpeg\" \/>\n<meta name=\"twitter:card\" content=\"summary_large_image\" \/>\n<meta name=\"twitter:label1\" content=\"Geschatte leestijd\" \/>\n\t<meta name=\"twitter:data1\" content=\"4 minuten\" \/>\n<script type=\"application\/ld+json\" class=\"yoast-schema-graph\">{\"@context\":\"https:\\\/\\\/schema.org\",\"@graph\":[{\"@type\":\"WebPage\",\"@id\":\"https:\\\/\\\/terrasse-mobile.net\\\/protections-piscine\\\/abris-coulissants-pour-piscine\\\/\",\"url\":\"https:\\\/\\\/terrasse-mobile.net\\\/protections-piscine\\\/abris-coulissants-pour-piscine\\\/\",\"name\":\"L'abri couilssant pour piscine\",\"isPartOf\":{\"@id\":\"https:\\\/\\\/terrasse-mobile.net\\\/#website\"},\"primaryImageOfPage\":{\"@id\":\"https:\\\/\\\/terrasse-mobile.net\\\/protections-piscine\\\/abris-coulissants-pour-piscine\\\/#primaryimage\"},\"image\":{\"@id\":\"https:\\\/\\\/terrasse-mobile.net\\\/protections-piscine\\\/abris-coulissants-pour-piscine\\\/#primaryimage\"},\"thumbnailUrl\":\"https:\\\/\\\/terrasse-mobile.net\\\/wp-content\\\/uploads\\\/2024\\\/02\\\/REAL-SABOURAULT-PISCINE-2.jpg\",\"datePublished\":\"2024-10-02T12:44:45+00:00\",\"dateModified\":\"2025-11-25T15:35:55+00:00\",\"description\":\"Les abris coulissants permettent de prot\u00e9ger le bassin de la piscine, mais \u00e9galement de cr\u00e9er un espace prot\u00e9g\u00e9 tout autour du bassin.\",\"breadcrumb\":{\"@id\":\"https:\\\/\\\/terrasse-mobile.net\\\/protections-piscine\\\/abris-coulissants-pour-piscine\\\/#breadcrumb\"},\"inLanguage\":\"nl-BE\",\"potentialAction\":[{\"@type\":\"ReadAction\",\"target\":[\"https:\\\/\\\/terrasse-mobile.net\\\/protections-piscine\\\/abris-coulissants-pour-piscine\\\/\"]}]},{\"@type\":\"ImageObject\",\"inLanguage\":\"nl-BE\",\"@id\":\"https:\\\/\\\/terrasse-mobile.net\\\/protections-piscine\\\/abris-coulissants-pour-piscine\\\/#primaryimage\",\"url\":\"https:\\\/\\\/terrasse-mobile.net\\\/wp-content\\\/uploads\\\/2024\\\/02\\\/REAL-SABOURAULT-PISCINE-2.jpg\",\"contentUrl\":\"https:\\\/\\\/terrasse-mobile.net\\\/wp-content\\\/uploads\\\/2024\\\/02\\\/REAL-SABOURAULT-PISCINE-2.jpg\",\"width\":2000,\"height\":1500,\"caption\":\"DCIM100MEDIADJI_0365.JPG\"},{\"@type\":\"BreadcrumbList\",\"@id\":\"https:\\\/\\\/terrasse-mobile.net\\\/protections-piscine\\\/abris-coulissants-pour-piscine\\\/#breadcrumb\",\"itemListElement\":[{\"@type\":\"ListItem\",\"position\":1,\"name\":\"Accueil\",\"item\":\"https:\\\/\\\/terrasse-mobile.net\\\/\"},{\"@type\":\"ListItem\",\"position\":2,\"name\":\"LES AUTRES SOLUTIONS DE PROTECTION\",\"item\":\"https:\\\/\\\/terrasse-mobile.net\\\/protections-piscine\\\/\"},{\"@type\":\"ListItem\",\"position\":3,\"name\":\"LES ABRIS POUR PISCINE\"}]},{\"@type\":\"WebSite\",\"@id\":\"https:\\\/\\\/terrasse-mobile.net\\\/#website\",\"url\":\"https:\\\/\\\/terrasse-mobile.net\\\/\",\"name\":\"Slidedeck\",\"description\":\"Construction sur mesure de terrasses mobiles en \u00cele-de-France\",\"publisher\":{\"@id\":\"https:\\\/\\\/terrasse-mobile.net\\\/#organization\"},\"potentialAction\":[{\"@type\":\"SearchAction\",\"target\":{\"@type\":\"EntryPoint\",\"urlTemplate\":\"https:\\\/\\\/terrasse-mobile.net\\\/?s={search_term_string}\"},\"query-input\":{\"@type\":\"PropertyValueSpecification\",\"valueRequired\":true,\"valueName\":\"search_term_string\"}}],\"inLanguage\":\"nl-BE\"},{\"@type\":\"Organization\",\"@id\":\"https:\\\/\\\/terrasse-mobile.net\\\/#organization\",\"name\":\"Slidedeck\",\"url\":\"https:\\\/\\\/terrasse-mobile.net\\\/\",\"logo\":{\"@type\":\"ImageObject\",\"inLanguage\":\"nl-BE\",\"@id\":\"https:\\\/\\\/terrasse-mobile.net\\\/#\\\/schema\\\/logo\\\/image\\\/\",\"url\":\"https:\\\/\\\/terrasse-mobile.net\\\/wp-content\\\/uploads\\\/2024\\\/01\\\/logo-slidedeck.jpg\",\"contentUrl\":\"https:\\\/\\\/terrasse-mobile.net\\\/wp-content\\\/uploads\\\/2024\\\/01\\\/logo-slidedeck.jpg\",\"width\":2000,\"height\":1103,\"caption\":\"Slidedeck\"},\"image\":{\"@id\":\"https:\\\/\\\/terrasse-mobile.net\\\/#\\\/schema\\\/logo\\\/image\\\/\"}}]}<\/script>\n<!-- \/ Yoast SEO plugin. -->","yoast_head_json":{"title":"Zwembadoverdekking met kussens","description":"Schuifoverdekkingen beschermen niet alleen het zwembad, maar cre\u00ebren ook een beschermd gebied eromheen.","robots":{"index":"index","follow":"follow","max-snippet":"max-snippet:-1","max-image-preview":"max-image-preview:large","max-video-preview":"max-video-preview:-1"},"canonical":"https:\/\/terrasse-mobile.net\/nl\/zwembadafdekkingen\/verschuifbare-zwembadoverdekkingen\/","og_locale":"nl_BE","og_type":"article","og_title":"L'abri couilssant pour piscine","og_description":"Les abris coulissants permettent de prot\u00e9ger le bassin de la piscine, mais \u00e9galement de cr\u00e9er un espace prot\u00e9g\u00e9 tout autour du bassin.","og_url":"https:\/\/terrasse-mobile.net\/nl\/zwembadafdekkingen\/verschuifbare-zwembadoverdekkingen\/","og_site_name":"Terrasse mobile","article_modified_time":"2025-11-25T15:35:55+00:00","og_image":[{"width":2000,"height":1500,"url":"https:\/\/terrasse-mobile.net\/wp-content\/uploads\/2024\/02\/REAL-SABOURAULT-PISCINE-2.jpg","type":"image\/jpeg"}],"twitter_card":"summary_large_image","twitter_misc":{"Geschatte leestijd":"4 minuten"},"schema":{"@context":"https:\/\/schema.org","@graph":[{"@type":"WebPage","@id":"https:\/\/terrasse-mobile.net\/protections-piscine\/abris-coulissants-pour-piscine\/","url":"https:\/\/terrasse-mobile.net\/protections-piscine\/abris-coulissants-pour-piscine\/","name":"Zwembadoverdekking met kussens","isPartOf":{"@id":"https:\/\/terrasse-mobile.net\/#website"},"primaryImageOfPage":{"@id":"https:\/\/terrasse-mobile.net\/protections-piscine\/abris-coulissants-pour-piscine\/#primaryimage"},"image":{"@id":"https:\/\/terrasse-mobile.net\/protections-piscine\/abris-coulissants-pour-piscine\/#primaryimage"},"thumbnailUrl":"https:\/\/terrasse-mobile.net\/wp-content\/uploads\/2024\/02\/REAL-SABOURAULT-PISCINE-2.jpg","datePublished":"2024-10-02T12:44:45+00:00","dateModified":"2025-11-25T15:35:55+00:00","description":"Schuifoverdekkingen beschermen niet alleen het zwembad, maar cre\u00ebren ook een beschermd gebied eromheen.","breadcrumb":{"@id":"https:\/\/terrasse-mobile.net\/protections-piscine\/abris-coulissants-pour-piscine\/#breadcrumb"},"inLanguage":"nl-BE","potentialAction":[{"@type":"ReadAction","target":["https:\/\/terrasse-mobile.net\/protections-piscine\/abris-coulissants-pour-piscine\/"]}]},{"@type":"ImageObject","inLanguage":"nl-BE","@id":"https:\/\/terrasse-mobile.net\/protections-piscine\/abris-coulissants-pour-piscine\/#primaryimage","url":"https:\/\/terrasse-mobile.net\/wp-content\/uploads\/2024\/02\/REAL-SABOURAULT-PISCINE-2.jpg","contentUrl":"https:\/\/terrasse-mobile.net\/wp-content\/uploads\/2024\/02\/REAL-SABOURAULT-PISCINE-2.jpg","width":2000,"height":1500,"caption":"DCIM100MEDIADJI_0365.JPG"},{"@type":"BreadcrumbList","@id":"https:\/\/terrasse-mobile.net\/protections-piscine\/abris-coulissants-pour-piscine\/#breadcrumb","itemListElement":[{"@type":"ListItem","position":1,"name":"Accueil","item":"https:\/\/terrasse-mobile.net\/"},{"@type":"ListItem","position":2,"name":"LES AUTRES SOLUTIONS DE PROTECTION","item":"https:\/\/terrasse-mobile.net\/protections-piscine\/"},{"@type":"ListItem","position":3,"name":"LES ABRIS POUR PISCINE"}]},{"@type":"WebSite","@id":"https:\/\/terrasse-mobile.net\/#website","url":"https:\/\/terrasse-mobile.net\/","name":"Slidedeck","description":"Op maat gemaakte verplaatsbare terrassen in de regio Parijs","publisher":{"@id":"https:\/\/terrasse-mobile.net\/#organization"},"potentialAction":[{"@type":"SearchAction","target":{"@type":"EntryPoint","urlTemplate":"https:\/\/terrasse-mobile.net\/?s={search_term_string}"},"query-input":{"@type":"PropertyValueSpecification","valueRequired":true,"valueName":"search_term_string"}}],"inLanguage":"nl-BE"},{"@type":"Organization","@id":"https:\/\/terrasse-mobile.net\/#organization","name":"Slidedeck","url":"https:\/\/terrasse-mobile.net\/","logo":{"@type":"ImageObject","inLanguage":"nl-BE","@id":"https:\/\/terrasse-mobile.net\/#\/schema\/logo\/image\/","url":"https:\/\/terrasse-mobile.net\/wp-content\/uploads\/2024\/01\/logo-slidedeck.jpg","contentUrl":"https:\/\/terrasse-mobile.net\/wp-content\/uploads\/2024\/01\/logo-slidedeck.jpg","width":2000,"height":1103,"caption":"Slidedeck"},"image":{"@id":"https:\/\/terrasse-mobile.net\/#\/schema\/logo\/image\/"}}]}},"_links":{"self":[{"href":"https:\/\/terrasse-mobile.net\/nl\/wp-json\/wp\/v2\/pages\/5620","targetHints":{"allow":["GET"]}}],"collection":[{"href":"https:\/\/terrasse-mobile.net\/nl\/wp-json\/wp\/v2\/pages"}],"about":[{"href":"https:\/\/terrasse-mobile.net\/nl\/wp-json\/wp\/v2\/types\/page"}],"author":[{"embeddable":true,"href":"https:\/\/terrasse-mobile.net\/nl\/wp-json\/wp\/v2\/users\/1"}],"replies":[{"embeddable":true,"href":"https:\/\/terrasse-mobile.net\/nl\/wp-json\/wp\/v2\/comments?post=5620"}],"version-history":[{"count":9,"href":"https:\/\/terrasse-mobile.net\/nl\/wp-json\/wp\/v2\/pages\/5620\/revisions"}],"predecessor-version":[{"id":7323,"href":"https:\/\/terrasse-mobile.net\/nl\/wp-json\/wp\/v2\/pages\/5620\/revisions\/7323"}],"up":[{"embeddable":true,"href":"https:\/\/terrasse-mobile.net\/nl\/wp-json\/wp\/v2\/pages\/5610"}],"wp:featuredmedia":[{"embeddable":true,"href":"https:\/\/terrasse-mobile.net\/nl\/wp-json\/wp\/v2\/media\/3640"}],"wp:attachment":[{"href":"https:\/\/terrasse-mobile.net\/nl\/wp-json\/wp\/v2\/media?parent=5620"}],"wp:term":[{"taxonomy":"folder","embeddable":true,"href":"https:\/\/terrasse-mobile.net\/nl\/wp-json\/wp\/v2\/folder?post=5620"}],"curies":[{"name":"wp","href":"https:\/\/api.w.org\/{rel}","templated":true}]}}