{"id":5657,"date":"2024-10-02T14:49:31","date_gmt":"2024-10-02T12:49:07","guid":{"rendered":"https:\/\/terrasse-mobile.net\/?page_id=5657"},"modified":"2025-10-08T11:17:17","modified_gmt":"2025-10-08T09:17:17","slug":"terrasplanken-zwembad-exotisch-hout-afrormosia","status":"publish","type":"page","link":"https:\/\/terrasse-mobile.net\/nl\/revetements\/bois-exotique\/habillage-terrasse-mobile-piscine-bois-exotique-afrormosia\/","title":{"rendered":"AFRORMOSIA TERRASPLANKEN VOOR MOBIELE VLONDERS"},"content":{"rendered":"<p><strong>Afrormosia<\/strong>&nbsp;is een van de mooiste houtsoorten die je kunt vinden om een heel speciale kamer te cre\u00ebren,&nbsp;<strong>zeer mooi mobiel terras<\/strong>.<br>Het is een buitengewoon hout, met een zeer fijne nerf, een lange&nbsp;<strong>prachtige kleur<\/strong>, Afrormosia staat ook bekend als de \u00abteak\".\u00ab\u00a0<strong>Afrikaans teakhout<\/strong>\u00a0\u00bbTen onrechte. Het is geen teak, maar het heeft alle kenmerken van teak, zowel esthetisch, zoals we net hebben gezien, maar ook technisch, met dezelfde levensduur (50-60 jaar...), dezelfde dichtheid, een&nbsp;<strong>opmerkelijke stabiliteit.<\/strong><\/p>\n\n\n\n<div class=\"wp-block-group\"><div class=\"wp-block-group__inner-container is-layout-constrained wp-block-group-is-layout-constrained\">\n<div class=\"wp-block-columns is-layout-flex wp-container-core-columns-is-layout-9d6595d7 wp-block-columns-is-layout-flex\">\n<div class=\"wp-block-column is-layout-flow wp-block-column-is-layout-flow\">\n<h2 class=\"wp-block-heading\">Kenmerken van Afrormosia mobiele terrasplanken<\/h2>\n\n\n\n<ul class=\"wp-block-list\">\n<li>- Het is erg <b>duurzaam<\/b>. Het heeft een levensduur van meer dan 40 jaar. <\/li>\n\n\n\n<li>- Het is erg <b>stabiel<\/b> Als ze correct worden ge\u00efnstalleerd, zullen Afrormosia planken niet kromtrekken, buigen of kromtrekken.<\/li>\n\n\n\n<li>- Het ziet er erg <b>regelmatig<\/b>, met prachtige adering.<\/li>\n\n\n\n<li>- Onze planken zijn verkrijgbaar in standaardsecties van 21 x 145 mm, in lengtes van 3 tot 4 meter.<\/li>\n\n\n\n<li>- Onze planken voor mobiele terrassen zijn altijd beschikbaar <b>glad<\/b>, met afgeronde hoeken. Ze veroorzaken geen splinters en zijn niet glad.<\/li>\n\n\n\n<li>- Afrormosia bladen hebben geen <b>geen speciaal onderhoud<\/b>, Het enige onderhoud dat nodig is, is een jaarlijkse schoonmaakbeurt met een reinigingsproduct.<\/li>\n<\/ul>\n<\/div>\n\n\n\n<div class=\"wp-block-column is-layout-flow wp-block-column-is-layout-flow\">\n<figure class=\"wp-block-image size-full\"><img decoding=\"async\" width=\"500\" height=\"331\" src=\"https:\/\/terrasse-mobile.net\/wp-content\/uploads\/2024\/03\/REAL-REC-LEGER-1.jpg\" alt=\"afromosia zwembad terras\" class=\"wp-image-4549\" style=\"aspect-ratio:3\/2;object-fit:cover\" srcset=\"https:\/\/terrasse-mobile.net\/wp-content\/uploads\/2024\/03\/REAL-REC-LEGER-1.jpg 500w, https:\/\/terrasse-mobile.net\/wp-content\/uploads\/2024\/03\/REAL-REC-LEGER-1-300x199.jpg 300w\" sizes=\"(max-width: 500px) 100vw, 500px\" \/><\/figure>\n<\/div>\n<\/div>\n<\/div><\/div>\n\n\n\n<p><br><\/p>\n\n\n\n<div class=\"wp-block-group\"><div class=\"wp-block-group__inner-container is-layout-constrained wp-block-group-is-layout-constrained\">\n<div class=\"wp-block-columns is-layout-flex wp-container-core-columns-is-layout-9d6595d7 wp-block-columns-is-layout-flex\">\n<div class=\"wp-block-column is-layout-flow wp-block-column-is-layout-flow\">\n<figure class=\"wp-block-image size-full\"><img decoding=\"async\" width=\"500\" height=\"331\" src=\"https:\/\/terrasse-mobile.net\/wp-content\/uploads\/2024\/03\/REAL-REC-LEGER-2.jpg\" alt=\"afrormosia zwembad terras\" class=\"wp-image-4550\" style=\"aspect-ratio:3\/2;object-fit:cover\" srcset=\"https:\/\/terrasse-mobile.net\/wp-content\/uploads\/2024\/03\/REAL-REC-LEGER-2.jpg 500w, https:\/\/terrasse-mobile.net\/wp-content\/uploads\/2024\/03\/REAL-REC-LEGER-2-300x199.jpg 300w\" sizes=\"(max-width: 500px) 100vw, 500px\" \/><\/figure>\n<\/div>\n\n\n\n<div class=\"wp-block-column is-layout-flow wp-block-column-is-layout-flow\">\n<h2 class=\"wp-block-heading\">Afrormosia is ideaal voor een uitzonderlijk mobiel terras<\/h2>\n\n\n\n<p>Het is duurder dan Cumaru vanwege de zeldzaamheid en NIET vanwege de superieure technische kwaliteiten.  Afrormosia is net zo duurzaam, net zo stabiel en net zo sterk als Cumaru, maar het is duurder omdat het zeldzamer is.Afrormosia staat ook bekend als Assamela. Het is een West-Afrikaans of Centraal-Afrikaans hout dat in verschillende landen groeit (Kameroen, Congo, Ivoorkust, Ghana, DRC, enz.). In elk Afrikaans land heeft deze boom een andere naam!<\/p>\n\n\n\n<p><\/p>\n<\/div>\n<\/div>\n<\/div><\/div>\n\n\n\n<p class=\"has-text-align-center\">Afrormosia is een zeer aangenaam hout om mee te werken, met een aangename geur.<\/p>\n\n\n\n<p class=\"has-text-align-center\">Het is duidelijk onze favoriete benzine.<\/p>\n\n\n\n<div class=\"wp-block-buttons is-content-justification-center is-layout-flex wp-container-core-buttons-is-layout-16018d1d wp-block-buttons-is-layout-flex\">\n<div class=\"wp-block-button has-custom-font-size is-style-outline has-small-font-size is-style-outline--1\"><a class=\"wp-block-button__link wp-element-button\" href=\"https:\/\/terrasse-mobile.net\/nl\/mobiel-terras-op-maat\/modellen\/\">ONTDEK DE MODELLEN<\/a><\/div>\n<\/div>","protected":false},"excerpt":{"rendered":"<p>L&rsquo;afrormosia&nbsp;est l&rsquo;une des plus belles essences qu&rsquo;on puisse trouver pour r\u00e9aliser une tr\u00e8s,&nbsp;tr\u00e8s belle terrasse mobile.C&rsquo;est une essence extraordinaire, avec un grain tr\u00e8s fin, une&nbsp;magnifique couleur, un veinage tr\u00e8s r\u00e9gulier avec une large flamme, qui ressemble au teck.L&rsquo;Afrormosia est aussi appel\u00e9 le \u00ab\u00a0Teck d&rsquo;Afrique\u00a0\u00bb ; improprement. Ce n&rsquo;est pas du Teck, mais il en a&#8230;<\/p>","protected":false},"author":1,"featured_media":3640,"parent":5501,"menu_order":47,"comment_status":"closed","ping_status":"closed","template":"","meta":{"_kad_post_transparent":"","_kad_post_title":"","_kad_post_layout":"","_kad_post_sidebar_id":"","_kad_post_content_style":"","_kad_post_vertical_padding":"","_kad_post_feature":"","_kad_post_feature_position":"","_kad_post_header":false,"_kad_post_footer":false,"_kad_post_classname":"","footnotes":""},"folder":[],"class_list":["post-5657","page","type-page","status-publish","has-post-thumbnail","hentry"],"yoast_head":"<!-- This site is optimized with the Yoast SEO plugin v27.4 - https:\/\/yoast.com\/product\/yoast-seo-wordpress\/ -->\n<title>Habillage de terrasse mobile de piscine en lames d&#039;Afrormosia<\/title>\n<meta name=\"description\" content=\"La terrasse mobile pour piscine SlideDeck peut \u00eatre habill\u00e9e avec de belles lames en bois exotique Afrormosia.\" \/>\n<meta name=\"robots\" content=\"index, follow, max-snippet:-1, max-image-preview:large, max-video-preview:-1\" \/>\n<link rel=\"canonical\" href=\"https:\/\/terrasse-mobile.net\/nl\/bekledingen\/exotisch-hout\/terrasplanken-zwembad-exotisch-hout-afrormosia\/\" \/>\n<meta property=\"og:locale\" content=\"nl_BE\" \/>\n<meta property=\"og:type\" content=\"article\" \/>\n<meta property=\"og:title\" content=\"Habillage de terrasse mobile de piscine en lames d&#039;Afrormosia\" \/>\n<meta property=\"og:description\" content=\"La terrasse mobile pour piscine SlideDeck peut \u00eatre habill\u00e9e avec de belles lames en bois exotique Afrormosia.\" \/>\n<meta property=\"og:url\" content=\"https:\/\/terrasse-mobile.net\/nl\/bekledingen\/exotisch-hout\/terrasplanken-zwembad-exotisch-hout-afrormosia\/\" \/>\n<meta property=\"og:site_name\" content=\"Terrasse mobile\" \/>\n<meta property=\"article:modified_time\" content=\"2025-10-08T09:17:17+00:00\" \/>\n<meta property=\"og:image\" content=\"https:\/\/terrasse-mobile.net\/wp-content\/uploads\/2024\/02\/REAL-SABOURAULT-PISCINE-2.jpg\" \/>\n\t<meta property=\"og:image:width\" content=\"2000\" \/>\n\t<meta property=\"og:image:height\" content=\"1500\" \/>\n\t<meta property=\"og:image:type\" content=\"image\/jpeg\" \/>\n<meta name=\"twitter:card\" content=\"summary_large_image\" \/>\n<meta name=\"twitter:label1\" content=\"Geschatte leestijd\" \/>\n\t<meta name=\"twitter:data1\" content=\"3 minuten\" \/>\n<script type=\"application\/ld+json\" class=\"yoast-schema-graph\">{\"@context\":\"https:\\\/\\\/schema.org\",\"@graph\":[{\"@type\":\"WebPage\",\"@id\":\"https:\\\/\\\/terrasse-mobile.net\\\/revetements\\\/bois-exotique\\\/habillage-terrasse-mobile-piscine-bois-exotique-afrormosia\\\/\",\"url\":\"https:\\\/\\\/terrasse-mobile.net\\\/revetements\\\/bois-exotique\\\/habillage-terrasse-mobile-piscine-bois-exotique-afrormosia\\\/\",\"name\":\"Habillage de terrasse mobile de piscine en lames d'Afrormosia\",\"isPartOf\":{\"@id\":\"https:\\\/\\\/terrasse-mobile.net\\\/#website\"},\"primaryImageOfPage\":{\"@id\":\"https:\\\/\\\/terrasse-mobile.net\\\/revetements\\\/bois-exotique\\\/habillage-terrasse-mobile-piscine-bois-exotique-afrormosia\\\/#primaryimage\"},\"image\":{\"@id\":\"https:\\\/\\\/terrasse-mobile.net\\\/revetements\\\/bois-exotique\\\/habillage-terrasse-mobile-piscine-bois-exotique-afrormosia\\\/#primaryimage\"},\"thumbnailUrl\":\"https:\\\/\\\/terrasse-mobile.net\\\/wp-content\\\/uploads\\\/2024\\\/02\\\/REAL-SABOURAULT-PISCINE-2.jpg\",\"datePublished\":\"2024-10-02T12:49:07+00:00\",\"dateModified\":\"2025-10-08T09:17:17+00:00\",\"description\":\"La terrasse mobile pour piscine SlideDeck peut \u00eatre habill\u00e9e avec de belles lames en bois exotique Afrormosia.\",\"breadcrumb\":{\"@id\":\"https:\\\/\\\/terrasse-mobile.net\\\/revetements\\\/bois-exotique\\\/habillage-terrasse-mobile-piscine-bois-exotique-afrormosia\\\/#breadcrumb\"},\"inLanguage\":\"nl-BE\",\"potentialAction\":[{\"@type\":\"ReadAction\",\"target\":[\"https:\\\/\\\/terrasse-mobile.net\\\/revetements\\\/bois-exotique\\\/habillage-terrasse-mobile-piscine-bois-exotique-afrormosia\\\/\"]}]},{\"@type\":\"ImageObject\",\"inLanguage\":\"nl-BE\",\"@id\":\"https:\\\/\\\/terrasse-mobile.net\\\/revetements\\\/bois-exotique\\\/habillage-terrasse-mobile-piscine-bois-exotique-afrormosia\\\/#primaryimage\",\"url\":\"https:\\\/\\\/terrasse-mobile.net\\\/wp-content\\\/uploads\\\/2024\\\/02\\\/REAL-SABOURAULT-PISCINE-2.jpg\",\"contentUrl\":\"https:\\\/\\\/terrasse-mobile.net\\\/wp-content\\\/uploads\\\/2024\\\/02\\\/REAL-SABOURAULT-PISCINE-2.jpg\",\"width\":2000,\"height\":1500,\"caption\":\"DCIM100MEDIADJI_0365.JPG\"},{\"@type\":\"BreadcrumbList\",\"@id\":\"https:\\\/\\\/terrasse-mobile.net\\\/revetements\\\/bois-exotique\\\/habillage-terrasse-mobile-piscine-bois-exotique-afrormosia\\\/#breadcrumb\",\"itemListElement\":[{\"@type\":\"ListItem\",\"position\":1,\"name\":\"Accueil\",\"item\":\"https:\\\/\\\/terrasse-mobile.net\\\/\"},{\"@type\":\"ListItem\",\"position\":2,\"name\":\"LES REV\u00caTEMENTS POUR TERRASSE MOBILE SLIDEDECK\",\"item\":\"https:\\\/\\\/terrasse-mobile.net\\\/revetements\\\/\"},{\"@type\":\"ListItem\",\"position\":3,\"name\":\"LES BOIS EXOTIQUES POUR TERRASSE MOBILE\",\"item\":\"https:\\\/\\\/terrasse-mobile.net\\\/revetements\\\/bois-exotique\\\/\"},{\"@type\":\"ListItem\",\"position\":4,\"name\":\"LAMES DE TERRASSE EN AFRORMOSIA POUR TERRASSE MOBILE\"}]},{\"@type\":\"WebSite\",\"@id\":\"https:\\\/\\\/terrasse-mobile.net\\\/#website\",\"url\":\"https:\\\/\\\/terrasse-mobile.net\\\/\",\"name\":\"Slidedeck\",\"description\":\"Construction sur mesure de terrasses mobiles en \u00cele-de-France\",\"publisher\":{\"@id\":\"https:\\\/\\\/terrasse-mobile.net\\\/#organization\"},\"potentialAction\":[{\"@type\":\"SearchAction\",\"target\":{\"@type\":\"EntryPoint\",\"urlTemplate\":\"https:\\\/\\\/terrasse-mobile.net\\\/?s={search_term_string}\"},\"query-input\":{\"@type\":\"PropertyValueSpecification\",\"valueRequired\":true,\"valueName\":\"search_term_string\"}}],\"inLanguage\":\"nl-BE\"},{\"@type\":\"Organization\",\"@id\":\"https:\\\/\\\/terrasse-mobile.net\\\/#organization\",\"name\":\"Slidedeck\",\"url\":\"https:\\\/\\\/terrasse-mobile.net\\\/\",\"logo\":{\"@type\":\"ImageObject\",\"inLanguage\":\"nl-BE\",\"@id\":\"https:\\\/\\\/terrasse-mobile.net\\\/#\\\/schema\\\/logo\\\/image\\\/\",\"url\":\"https:\\\/\\\/terrasse-mobile.net\\\/wp-content\\\/uploads\\\/2024\\\/01\\\/logo-slidedeck.jpg\",\"contentUrl\":\"https:\\\/\\\/terrasse-mobile.net\\\/wp-content\\\/uploads\\\/2024\\\/01\\\/logo-slidedeck.jpg\",\"width\":2000,\"height\":1103,\"caption\":\"Slidedeck\"},\"image\":{\"@id\":\"https:\\\/\\\/terrasse-mobile.net\\\/#\\\/schema\\\/logo\\\/image\\\/\"}}]}<\/script>\n<!-- \/ Yoast SEO plugin. -->","yoast_head_json":{"title":"Mobiele zwembaddekbekleding met Afrormosia lamellen","description":"Het SlideDeck mobiele pooldeck kan worden afgewerkt met prachtige Afrormosia latten van exotisch hout.","robots":{"index":"index","follow":"follow","max-snippet":"max-snippet:-1","max-image-preview":"max-image-preview:large","max-video-preview":"max-video-preview:-1"},"canonical":"https:\/\/terrasse-mobile.net\/nl\/bekledingen\/exotisch-hout\/terrasplanken-zwembad-exotisch-hout-afrormosia\/","og_locale":"nl_BE","og_type":"article","og_title":"Habillage de terrasse mobile de piscine en lames d'Afrormosia","og_description":"La terrasse mobile pour piscine SlideDeck peut \u00eatre habill\u00e9e avec de belles lames en bois exotique Afrormosia.","og_url":"https:\/\/terrasse-mobile.net\/nl\/bekledingen\/exotisch-hout\/terrasplanken-zwembad-exotisch-hout-afrormosia\/","og_site_name":"Terrasse mobile","article_modified_time":"2025-10-08T09:17:17+00:00","og_image":[{"width":2000,"height":1500,"url":"https:\/\/terrasse-mobile.net\/wp-content\/uploads\/2024\/02\/REAL-SABOURAULT-PISCINE-2.jpg","type":"image\/jpeg"}],"twitter_card":"summary_large_image","twitter_misc":{"Geschatte leestijd":"3 minuten"},"schema":{"@context":"https:\/\/schema.org","@graph":[{"@type":"WebPage","@id":"https:\/\/terrasse-mobile.net\/revetements\/bois-exotique\/habillage-terrasse-mobile-piscine-bois-exotique-afrormosia\/","url":"https:\/\/terrasse-mobile.net\/revetements\/bois-exotique\/habillage-terrasse-mobile-piscine-bois-exotique-afrormosia\/","name":"Mobiele zwembaddekbekleding met Afrormosia lamellen","isPartOf":{"@id":"https:\/\/terrasse-mobile.net\/#website"},"primaryImageOfPage":{"@id":"https:\/\/terrasse-mobile.net\/revetements\/bois-exotique\/habillage-terrasse-mobile-piscine-bois-exotique-afrormosia\/#primaryimage"},"image":{"@id":"https:\/\/terrasse-mobile.net\/revetements\/bois-exotique\/habillage-terrasse-mobile-piscine-bois-exotique-afrormosia\/#primaryimage"},"thumbnailUrl":"https:\/\/terrasse-mobile.net\/wp-content\/uploads\/2024\/02\/REAL-SABOURAULT-PISCINE-2.jpg","datePublished":"2024-10-02T12:49:07+00:00","dateModified":"2025-10-08T09:17:17+00:00","description":"Het SlideDeck mobiele pooldeck kan worden afgewerkt met prachtige Afrormosia latten van exotisch hout.","breadcrumb":{"@id":"https:\/\/terrasse-mobile.net\/revetements\/bois-exotique\/habillage-terrasse-mobile-piscine-bois-exotique-afrormosia\/#breadcrumb"},"inLanguage":"nl-BE","potentialAction":[{"@type":"ReadAction","target":["https:\/\/terrasse-mobile.net\/revetements\/bois-exotique\/habillage-terrasse-mobile-piscine-bois-exotique-afrormosia\/"]}]},{"@type":"ImageObject","inLanguage":"nl-BE","@id":"https:\/\/terrasse-mobile.net\/revetements\/bois-exotique\/habillage-terrasse-mobile-piscine-bois-exotique-afrormosia\/#primaryimage","url":"https:\/\/terrasse-mobile.net\/wp-content\/uploads\/2024\/02\/REAL-SABOURAULT-PISCINE-2.jpg","contentUrl":"https:\/\/terrasse-mobile.net\/wp-content\/uploads\/2024\/02\/REAL-SABOURAULT-PISCINE-2.jpg","width":2000,"height":1500,"caption":"DCIM100MEDIADJI_0365.JPG"},{"@type":"BreadcrumbList","@id":"https:\/\/terrasse-mobile.net\/revetements\/bois-exotique\/habillage-terrasse-mobile-piscine-bois-exotique-afrormosia\/#breadcrumb","itemListElement":[{"@type":"ListItem","position":1,"name":"Accueil","item":"https:\/\/terrasse-mobile.net\/"},{"@type":"ListItem","position":2,"name":"LES REV\u00caTEMENTS POUR TERRASSE MOBILE SLIDEDECK","item":"https:\/\/terrasse-mobile.net\/revetements\/"},{"@type":"ListItem","position":3,"name":"LES BOIS EXOTIQUES POUR TERRASSE MOBILE","item":"https:\/\/terrasse-mobile.net\/revetements\/bois-exotique\/"},{"@type":"ListItem","position":4,"name":"LAMES DE TERRASSE EN AFRORMOSIA POUR TERRASSE MOBILE"}]},{"@type":"WebSite","@id":"https:\/\/terrasse-mobile.net\/#website","url":"https:\/\/terrasse-mobile.net\/","name":"Slidedeck","description":"Op maat gemaakte verplaatsbare terrassen in de regio Parijs","publisher":{"@id":"https:\/\/terrasse-mobile.net\/#organization"},"potentialAction":[{"@type":"SearchAction","target":{"@type":"EntryPoint","urlTemplate":"https:\/\/terrasse-mobile.net\/?s={search_term_string}"},"query-input":{"@type":"PropertyValueSpecification","valueRequired":true,"valueName":"search_term_string"}}],"inLanguage":"nl-BE"},{"@type":"Organization","@id":"https:\/\/terrasse-mobile.net\/#organization","name":"Slidedeck","url":"https:\/\/terrasse-mobile.net\/","logo":{"@type":"ImageObject","inLanguage":"nl-BE","@id":"https:\/\/terrasse-mobile.net\/#\/schema\/logo\/image\/","url":"https:\/\/terrasse-mobile.net\/wp-content\/uploads\/2024\/01\/logo-slidedeck.jpg","contentUrl":"https:\/\/terrasse-mobile.net\/wp-content\/uploads\/2024\/01\/logo-slidedeck.jpg","width":2000,"height":1103,"caption":"Slidedeck"},"image":{"@id":"https:\/\/terrasse-mobile.net\/#\/schema\/logo\/image\/"}}]}},"_links":{"self":[{"href":"https:\/\/terrasse-mobile.net\/nl\/wp-json\/wp\/v2\/pages\/5657","targetHints":{"allow":["GET"]}}],"collection":[{"href":"https:\/\/terrasse-mobile.net\/nl\/wp-json\/wp\/v2\/pages"}],"about":[{"href":"https:\/\/terrasse-mobile.net\/nl\/wp-json\/wp\/v2\/types\/page"}],"author":[{"embeddable":true,"href":"https:\/\/terrasse-mobile.net\/nl\/wp-json\/wp\/v2\/users\/1"}],"replies":[{"embeddable":true,"href":"https:\/\/terrasse-mobile.net\/nl\/wp-json\/wp\/v2\/comments?post=5657"}],"version-history":[{"count":5,"href":"https:\/\/terrasse-mobile.net\/nl\/wp-json\/wp\/v2\/pages\/5657\/revisions"}],"predecessor-version":[{"id":6155,"href":"https:\/\/terrasse-mobile.net\/nl\/wp-json\/wp\/v2\/pages\/5657\/revisions\/6155"}],"up":[{"embeddable":true,"href":"https:\/\/terrasse-mobile.net\/nl\/wp-json\/wp\/v2\/pages\/5501"}],"wp:featuredmedia":[{"embeddable":true,"href":"https:\/\/terrasse-mobile.net\/nl\/wp-json\/wp\/v2\/media\/3640"}],"wp:attachment":[{"href":"https:\/\/terrasse-mobile.net\/nl\/wp-json\/wp\/v2\/media?parent=5657"}],"wp:term":[{"taxonomy":"folder","embeddable":true,"href":"https:\/\/terrasse-mobile.net\/nl\/wp-json\/wp\/v2\/folder?post=5657"}],"curies":[{"name":"wp","href":"https:\/\/api.w.org\/{rel}","templated":true}]}}