{"id":2325,"date":"2024-02-01T10:55:50","date_gmt":"2024-02-01T09:55:56","guid":{"rendered":"https:\/\/terrasse-mobile.net\/?page_id=2325"},"modified":"2024-10-01T15:47:51","modified_gmt":"2024-10-01T13:47:51","slug":"mobiel-terrasset-voor-oud-zwembad","status":"publish","type":"page","link":"https:\/\/terrasse-mobile.net\/nl_nl\/installation-entretien-old\/terrasse-mobile-en-kit-pour-piscine-old\/","title":{"rendered":"SLIDEDECK: DE MOBIELE TERRAS KIT oud"},"content":{"rendered":"<h1>SlideDeck mobiel zwembaddek <br \/>geleverd in kitvorm en door u ge\u00efnstalleerd<\/h1>\n<h2>Je mobiele terras installeren<\/h2>\n<p>Als je een doe-het-zelver bent, is de installatie van je mobiele terras binnen handbereik.<\/p>\n<p>We hebben een constructiesysteem ontworpen dat volledig wordt voorbewerkt in onze werkplaatsen.\u00a0<\/p>\n<p>We leveren je een complete kit die klaar is voor installatie, inclusief de hele structuur die al voorgemonteerd is, met alle benodigde bevestigingen en schroeven, en montage-instructies.\u00a0<\/p>\n<p>Een mobiel terras van bijvoorbeeld 5 meter bij 3 meter kan je zelf installeren in ongeveer een halve dag. Houd er wel rekening mee dat er twee mensen nodig zijn om het mobiele terras te installeren.<\/p>\n<p>Om het mobiele terras te installeren, heb je heel weinig gereedschap nodig: een schroevendraaier, een boormachine, een paar platte sleutels of pijpsleutels voor de moeren en bouten, en een paar meet- en markeergereedschappen.<\/p>\n<p>\t\t\t\t\t\t\t\t\t\t\t\t\t<img decoding=\"async\" width=\"765\" height=\"510\" src=\"https:\/\/terrasse-mobile.net\/wp-content\/uploads\/2024\/02\/TERRASSE-MOBILE-YVELINES-copie.png\" alt=\"mobiel terras ile de france\" srcset=\"https:\/\/terrasse-mobile.net\/wp-content\/uploads\/2024\/02\/TERRASSE-MOBILE-YVELINES-copie.png 765w, https:\/\/terrasse-mobile.net\/wp-content\/uploads\/2024\/02\/TERRASSE-MOBILE-YVELINES-copie-300x200.png 300w\" sizes=\"(max-width: 765px) 100vw, 765px\" \/><br \/>\n\t\t\t\t\t\t\t\t\t\t\t\t\t<img decoding=\"async\" width=\"765\" height=\"510\" src=\"https:\/\/terrasse-mobile.net\/wp-content\/uploads\/2024\/02\/DSC_0092-1.jpg\" alt=\"verlichting voor mobiel terras\" srcset=\"https:\/\/terrasse-mobile.net\/wp-content\/uploads\/2024\/02\/DSC_0092-1.jpg 765w, https:\/\/terrasse-mobile.net\/wp-content\/uploads\/2024\/02\/DSC_0092-1-300x200.jpg 300w\" sizes=\"(max-width: 765px) 100vw, 765px\" \/><br \/>\n\t\t\t<a href=\"https:\/\/terrasse-mobile.net\/nl_nl\/installatieonderhoud\/schuifterras-met-10-jaar-garantie\/\"><br \/>\n\t\t\t\t\t\tONTDEK HOE WE HET MOBIELE TERRAS BOUWEN<br \/>\n\t\t\t\t\t<\/a><\/p>\n<h2>Follow-up van de installatie van het mobiele terras <br \/>voor zwembad<\/h2>\n<p>We kunnen de terrasplanken ook leveren in de kit die we aanbieden in onze catalogus (terrasplanken in exotisch hout, composiethout, aluminium, enz.).<\/p>\n<p>Als je al terrasplanken hebt of een leverancier bij jou in de buurt, ben je natuurlijk helemaal vrij om de bekleding van je keuze te kiezen.<\/p>\n<p>In alle gevallen bieden we je tijdens de installatie technische ondersteuning. Als je het mobiele terras tijdens een weekend moet installeren, kun je ons dat het beste laten weten, zodat iemand van ons team beschikbaar is om je telefoontjes aan te nemen.<\/p>\n<p>Een mobiel terras dat volgens onze aanbevelingen is ge\u00efnstalleerd, heeft dezelfde levensduur en mechanische weerstand als wanneer het door de teams van Piscine Nature zou zijn ge\u00efnstalleerd.<\/p>","protected":false},"excerpt":{"rendered":"<p>La terrasse mobile pour piscine SlideDeck fournie en kit et install\u00e9e par vos soins Installation de votre terrasse mobile Si vous \u00eates bricoleurs, l&rsquo;installation de votre terrasse mobile est \u00e0 votre port\u00e9e. Nous avons con\u00e7u un syst\u00e8me de construction enti\u00e8rement pr\u00e9usin\u00e9 dans nos ateliers.\u00a0 Nous vous fournissons un kit complet pr\u00eat \u00e0 poser, comprenant toute&#8230;<\/p>","protected":false},"author":1,"featured_media":0,"parent":2653,"menu_order":1,"comment_status":"closed","ping_status":"closed","template":"","meta":{"_kad_post_transparent":"","_kad_post_title":"","_kad_post_layout":"","_kad_post_sidebar_id":"","_kad_post_content_style":"","_kad_post_vertical_padding":"","_kad_post_feature":"","_kad_post_feature_position":"","_kad_post_header":false,"_kad_post_footer":false,"_kad_post_classname":"","footnotes":""},"folder":[],"class_list":["post-2325","page","type-page","status-publish","hentry"],"yoast_head":"<!-- This site is optimized with the Yoast SEO plugin v27.5 - https:\/\/yoast.com\/product\/yoast-seo-wordpress\/ -->\n<title>Terrasse mobile en kit pour piscine<\/title>\n<meta name=\"robots\" content=\"index, follow, max-snippet:-1, max-image-preview:large, max-video-preview:-1\" \/>\n<link rel=\"canonical\" href=\"https:\/\/terrasse-mobile.net\/nl_nl\/installatie-onderhoud-oud\/mobiel-terrasset-voor-oud-zwembad\/\" \/>\n<meta property=\"og:locale\" content=\"nl_NL\" \/>\n<meta property=\"og:type\" content=\"article\" \/>\n<meta property=\"og:title\" content=\"Terrasse mobile en kit pour piscine\" \/>\n<meta property=\"og:description\" content=\"La terrasse mobile pour piscine SlideDeck fournie en kit et install\u00e9e par vos soins Installation de votre terrasse mobile Si vous \u00eates bricoleurs, l&rsquo;installation de votre terrasse mobile est \u00e0 votre port\u00e9e. Nous avons con\u00e7u un syst\u00e8me de construction enti\u00e8rement pr\u00e9usin\u00e9 dans nos ateliers.\u00a0 Nous vous fournissons un kit complet pr\u00eat \u00e0 poser, comprenant toute...\" \/>\n<meta property=\"og:url\" content=\"https:\/\/terrasse-mobile.net\/nl_nl\/installatie-onderhoud-oud\/mobiel-terrasset-voor-oud-zwembad\/\" \/>\n<meta property=\"og:site_name\" content=\"Terrasse mobile\" \/>\n<meta property=\"article:modified_time\" content=\"2024-10-01T13:47:51+00:00\" \/>\n<meta property=\"og:image\" content=\"https:\/\/terrasse-mobile.net\/wp-content\/uploads\/2024\/02\/TERRASSE-MOBILE-YVELINES-copie.png\" \/>\n<meta name=\"twitter:card\" content=\"summary_large_image\" \/>\n<meta name=\"twitter:label1\" content=\"Geschatte leestijd\" \/>\n\t<meta name=\"twitter:data1\" content=\"2 minuten\" \/>\n<script type=\"application\/ld+json\" class=\"yoast-schema-graph\">{\"@context\":\"https:\\\/\\\/schema.org\",\"@graph\":[{\"@type\":\"WebPage\",\"@id\":\"https:\\\/\\\/terrasse-mobile.net\\\/installation-entretien-old\\\/terrasse-mobile-en-kit-pour-piscine-old\\\/\",\"url\":\"https:\\\/\\\/terrasse-mobile.net\\\/installation-entretien-old\\\/terrasse-mobile-en-kit-pour-piscine-old\\\/\",\"name\":\"Terrasse mobile en kit pour piscine\",\"isPartOf\":{\"@id\":\"https:\\\/\\\/terrasse-mobile.net\\\/#website\"},\"primaryImageOfPage\":{\"@id\":\"https:\\\/\\\/terrasse-mobile.net\\\/installation-entretien-old\\\/terrasse-mobile-en-kit-pour-piscine-old\\\/#primaryimage\"},\"image\":{\"@id\":\"https:\\\/\\\/terrasse-mobile.net\\\/installation-entretien-old\\\/terrasse-mobile-en-kit-pour-piscine-old\\\/#primaryimage\"},\"thumbnailUrl\":\"https:\\\/\\\/terrasse-mobile.net\\\/wp-content\\\/uploads\\\/2024\\\/02\\\/TERRASSE-MOBILE-YVELINES-copie.png\",\"datePublished\":\"2024-02-01T09:55:56+00:00\",\"dateModified\":\"2024-10-01T13:47:51+00:00\",\"breadcrumb\":{\"@id\":\"https:\\\/\\\/terrasse-mobile.net\\\/installation-entretien-old\\\/terrasse-mobile-en-kit-pour-piscine-old\\\/#breadcrumb\"},\"inLanguage\":\"nl-NL\",\"potentialAction\":[{\"@type\":\"ReadAction\",\"target\":[\"https:\\\/\\\/terrasse-mobile.net\\\/installation-entretien-old\\\/terrasse-mobile-en-kit-pour-piscine-old\\\/\"]}]},{\"@type\":\"ImageObject\",\"inLanguage\":\"nl-NL\",\"@id\":\"https:\\\/\\\/terrasse-mobile.net\\\/installation-entretien-old\\\/terrasse-mobile-en-kit-pour-piscine-old\\\/#primaryimage\",\"url\":\"https:\\\/\\\/terrasse-mobile.net\\\/wp-content\\\/uploads\\\/2024\\\/02\\\/TERRASSE-MOBILE-YVELINES-copie.png\",\"contentUrl\":\"https:\\\/\\\/terrasse-mobile.net\\\/wp-content\\\/uploads\\\/2024\\\/02\\\/TERRASSE-MOBILE-YVELINES-copie.png\"},{\"@type\":\"BreadcrumbList\",\"@id\":\"https:\\\/\\\/terrasse-mobile.net\\\/installation-entretien-old\\\/terrasse-mobile-en-kit-pour-piscine-old\\\/#breadcrumb\",\"itemListElement\":[{\"@type\":\"ListItem\",\"position\":1,\"name\":\"Accueil\",\"item\":\"https:\\\/\\\/terrasse-mobile.net\\\/\"},{\"@type\":\"ListItem\",\"position\":2,\"name\":\"INSTALLATION ET ENTRETIEN DE LA TERRASSE MOBILE SLIDEDECK old\",\"item\":\"https:\\\/\\\/terrasse-mobile.net\\\/installation-entretien-old\\\/\"},{\"@type\":\"ListItem\",\"position\":3,\"name\":\"SLIDEDECK : LA TERRASSE MOBILE EN KIT old\"}]},{\"@type\":\"WebSite\",\"@id\":\"https:\\\/\\\/terrasse-mobile.net\\\/#website\",\"url\":\"https:\\\/\\\/terrasse-mobile.net\\\/\",\"name\":\"Slidedeck\",\"description\":\"Construction sur mesure de terrasses mobiles en \u00cele-de-France\",\"publisher\":{\"@id\":\"https:\\\/\\\/terrasse-mobile.net\\\/#organization\"},\"potentialAction\":[{\"@type\":\"SearchAction\",\"target\":{\"@type\":\"EntryPoint\",\"urlTemplate\":\"https:\\\/\\\/terrasse-mobile.net\\\/?s={search_term_string}\"},\"query-input\":{\"@type\":\"PropertyValueSpecification\",\"valueRequired\":true,\"valueName\":\"search_term_string\"}}],\"inLanguage\":\"nl-NL\"},{\"@type\":\"Organization\",\"@id\":\"https:\\\/\\\/terrasse-mobile.net\\\/#organization\",\"name\":\"Slidedeck\",\"url\":\"https:\\\/\\\/terrasse-mobile.net\\\/\",\"logo\":{\"@type\":\"ImageObject\",\"inLanguage\":\"nl-NL\",\"@id\":\"https:\\\/\\\/terrasse-mobile.net\\\/#\\\/schema\\\/logo\\\/image\\\/\",\"url\":\"https:\\\/\\\/terrasse-mobile.net\\\/wp-content\\\/uploads\\\/2024\\\/01\\\/logo-slidedeck.jpg\",\"contentUrl\":\"https:\\\/\\\/terrasse-mobile.net\\\/wp-content\\\/uploads\\\/2024\\\/01\\\/logo-slidedeck.jpg\",\"width\":2000,\"height\":1103,\"caption\":\"Slidedeck\"},\"image\":{\"@id\":\"https:\\\/\\\/terrasse-mobile.net\\\/#\\\/schema\\\/logo\\\/image\\\/\"}}]}<\/script>\n<!-- \/ Yoast SEO plugin. -->","yoast_head_json":{"title":"Bouwpakket mobiel zwembadterras","robots":{"index":"index","follow":"follow","max-snippet":"max-snippet:-1","max-image-preview":"max-image-preview:large","max-video-preview":"max-video-preview:-1"},"canonical":"https:\/\/terrasse-mobile.net\/nl_nl\/installatie-onderhoud-oud\/mobiel-terrasset-voor-oud-zwembad\/","og_locale":"nl_NL","og_type":"article","og_title":"Terrasse mobile en kit pour piscine","og_description":"La terrasse mobile pour piscine SlideDeck fournie en kit et install\u00e9e par vos soins Installation de votre terrasse mobile Si vous \u00eates bricoleurs, l&rsquo;installation de votre terrasse mobile est \u00e0 votre port\u00e9e. Nous avons con\u00e7u un syst\u00e8me de construction enti\u00e8rement pr\u00e9usin\u00e9 dans nos ateliers.\u00a0 Nous vous fournissons un kit complet pr\u00eat \u00e0 poser, comprenant toute...","og_url":"https:\/\/terrasse-mobile.net\/nl_nl\/installatie-onderhoud-oud\/mobiel-terrasset-voor-oud-zwembad\/","og_site_name":"Terrasse mobile","article_modified_time":"2024-10-01T13:47:51+00:00","og_image":[{"url":"https:\/\/terrasse-mobile.net\/wp-content\/uploads\/2024\/02\/TERRASSE-MOBILE-YVELINES-copie.png","type":"","width":"","height":""}],"twitter_card":"summary_large_image","twitter_misc":{"Geschatte leestijd":"2 minuten"},"schema":{"@context":"https:\/\/schema.org","@graph":[{"@type":"WebPage","@id":"https:\/\/terrasse-mobile.net\/installation-entretien-old\/terrasse-mobile-en-kit-pour-piscine-old\/","url":"https:\/\/terrasse-mobile.net\/installation-entretien-old\/terrasse-mobile-en-kit-pour-piscine-old\/","name":"Bouwpakket mobiel zwembadterras","isPartOf":{"@id":"https:\/\/terrasse-mobile.net\/#website"},"primaryImageOfPage":{"@id":"https:\/\/terrasse-mobile.net\/installation-entretien-old\/terrasse-mobile-en-kit-pour-piscine-old\/#primaryimage"},"image":{"@id":"https:\/\/terrasse-mobile.net\/installation-entretien-old\/terrasse-mobile-en-kit-pour-piscine-old\/#primaryimage"},"thumbnailUrl":"https:\/\/terrasse-mobile.net\/wp-content\/uploads\/2024\/02\/TERRASSE-MOBILE-YVELINES-copie.png","datePublished":"2024-02-01T09:55:56+00:00","dateModified":"2024-10-01T13:47:51+00:00","breadcrumb":{"@id":"https:\/\/terrasse-mobile.net\/installation-entretien-old\/terrasse-mobile-en-kit-pour-piscine-old\/#breadcrumb"},"inLanguage":"nl-NL","potentialAction":[{"@type":"ReadAction","target":["https:\/\/terrasse-mobile.net\/installation-entretien-old\/terrasse-mobile-en-kit-pour-piscine-old\/"]}]},{"@type":"ImageObject","inLanguage":"nl-NL","@id":"https:\/\/terrasse-mobile.net\/installation-entretien-old\/terrasse-mobile-en-kit-pour-piscine-old\/#primaryimage","url":"https:\/\/terrasse-mobile.net\/wp-content\/uploads\/2024\/02\/TERRASSE-MOBILE-YVELINES-copie.png","contentUrl":"https:\/\/terrasse-mobile.net\/wp-content\/uploads\/2024\/02\/TERRASSE-MOBILE-YVELINES-copie.png"},{"@type":"BreadcrumbList","@id":"https:\/\/terrasse-mobile.net\/installation-entretien-old\/terrasse-mobile-en-kit-pour-piscine-old\/#breadcrumb","itemListElement":[{"@type":"ListItem","position":1,"name":"Accueil","item":"https:\/\/terrasse-mobile.net\/"},{"@type":"ListItem","position":2,"name":"INSTALLATION ET ENTRETIEN DE LA TERRASSE MOBILE SLIDEDECK old","item":"https:\/\/terrasse-mobile.net\/installation-entretien-old\/"},{"@type":"ListItem","position":3,"name":"SLIDEDECK : LA TERRASSE MOBILE EN KIT old"}]},{"@type":"WebSite","@id":"https:\/\/terrasse-mobile.net\/#website","url":"https:\/\/terrasse-mobile.net\/","name":"Slidedeck","description":"Op maat gemaakte verplaatsbare terrassen in de regio Parijs","publisher":{"@id":"https:\/\/terrasse-mobile.net\/#organization"},"potentialAction":[{"@type":"SearchAction","target":{"@type":"EntryPoint","urlTemplate":"https:\/\/terrasse-mobile.net\/?s={search_term_string}"},"query-input":{"@type":"PropertyValueSpecification","valueRequired":true,"valueName":"search_term_string"}}],"inLanguage":"nl-NL"},{"@type":"Organization","@id":"https:\/\/terrasse-mobile.net\/#organization","name":"Slidedeck","url":"https:\/\/terrasse-mobile.net\/","logo":{"@type":"ImageObject","inLanguage":"nl-NL","@id":"https:\/\/terrasse-mobile.net\/#\/schema\/logo\/image\/","url":"https:\/\/terrasse-mobile.net\/wp-content\/uploads\/2024\/01\/logo-slidedeck.jpg","contentUrl":"https:\/\/terrasse-mobile.net\/wp-content\/uploads\/2024\/01\/logo-slidedeck.jpg","width":2000,"height":1103,"caption":"Slidedeck"},"image":{"@id":"https:\/\/terrasse-mobile.net\/#\/schema\/logo\/image\/"}}]}},"_links":{"self":[{"href":"https:\/\/terrasse-mobile.net\/nl_nl\/wp-json\/wp\/v2\/pages\/2325","targetHints":{"allow":["GET"]}}],"collection":[{"href":"https:\/\/terrasse-mobile.net\/nl_nl\/wp-json\/wp\/v2\/pages"}],"about":[{"href":"https:\/\/terrasse-mobile.net\/nl_nl\/wp-json\/wp\/v2\/types\/page"}],"author":[{"embeddable":true,"href":"https:\/\/terrasse-mobile.net\/nl_nl\/wp-json\/wp\/v2\/users\/1"}],"replies":[{"embeddable":true,"href":"https:\/\/terrasse-mobile.net\/nl_nl\/wp-json\/wp\/v2\/comments?post=2325"}],"version-history":[{"count":32,"href":"https:\/\/terrasse-mobile.net\/nl_nl\/wp-json\/wp\/v2\/pages\/2325\/revisions"}],"predecessor-version":[{"id":5715,"href":"https:\/\/terrasse-mobile.net\/nl_nl\/wp-json\/wp\/v2\/pages\/2325\/revisions\/5715"}],"up":[{"embeddable":true,"href":"https:\/\/terrasse-mobile.net\/nl_nl\/wp-json\/wp\/v2\/pages\/2653"}],"wp:attachment":[{"href":"https:\/\/terrasse-mobile.net\/nl_nl\/wp-json\/wp\/v2\/media?parent=2325"}],"wp:term":[{"taxonomy":"folder","embeddable":true,"href":"https:\/\/terrasse-mobile.net\/nl_nl\/wp-json\/wp\/v2\/folder?post=2325"}],"curies":[{"name":"wp","href":"https:\/\/api.w.org\/{rel}","templated":true}]}}