{"id":5432,"date":"2024-10-02T14:40:31","date_gmt":"2024-10-02T12:40:34","guid":{"rendered":"https:\/\/terrasse-mobile.net\/?page_id=5432"},"modified":"2025-11-25T15:27:58","modified_gmt":"2025-11-25T14:27:58","slug":"terrasse-mobile-piscine-de-qualite","status":"publish","type":"page","link":"https:\/\/terrasse-mobile.net\/nl_nl\/slidedeck\/terrasse-mobile-ile-de-france\/terrasse-mobile-piscine-de-qualite\/","title":{"rendered":"SLIDEDECK, C&rsquo;EST QUOI ?"},"content":{"rendered":"<div class=\"wp-block-group\"><div class=\"wp-block-group__inner-container is-layout-constrained wp-block-group-is-layout-constrained\">\n<div class=\"wp-block-columns is-layout-flex wp-container-core-columns-is-layout-9d6595d7 wp-block-columns-is-layout-flex\">\n<div class=\"wp-block-column is-layout-flow wp-block-column-is-layout-flow\">\n<figure class=\"wp-block-image size-full is-resized\"><img decoding=\"async\" width=\"765\" height=\"510\" src=\"https:\/\/terrasse-mobile.net\/wp-content\/uploads\/2024\/02\/TERRASSE-MOBILE-YVELINES-copie.png\" alt=\"mobiel terras ile de france\" class=\"wp-image-3182\" style=\"object-fit:cover;width:570px;height:auto\" srcset=\"https:\/\/terrasse-mobile.net\/wp-content\/uploads\/2024\/02\/TERRASSE-MOBILE-YVELINES-copie.png 765w, https:\/\/terrasse-mobile.net\/wp-content\/uploads\/2024\/02\/TERRASSE-MOBILE-YVELINES-copie-300x200.png 300w\" sizes=\"(max-width: 765px) 100vw, 765px\" \/><\/figure>\n<\/div>\n\n\n\n<div class=\"wp-block-column is-layout-flow wp-block-column-is-layout-flow\">\n<h2 class=\"wp-block-heading\">SlideDeck, het uitzonderlijke mobiele terras voor je zwembad<\/h2>\n\n\n\n<p>Het SlideDeck mobiele terras wordt ook wel schuifterras genoemd. Het is een nieuwe generatie zwembadafdekking die over je zwembad schuift om het te beschermen, waterverdamping te voorkomen en warmte vast te houden. Het mobiele terras kan ook worden gebruikt om je huisdieren, vrienden of familie te beschermen tegen vallen in het zwembad. Tot slot is het SlideDeck mobiele terras volledig waterdicht, zodat je zwembad volledig beschermd is tegen vuil, stof en dode bladeren in de tuin.<\/p>\n<\/div>\n<\/div>\n<\/div><\/div>\n\n\n\n<p>La terrasse mobile SlideDeck est le compl\u00e9ment parfait de votre piscine : quand cette derni\u00e8re n&rsquo;est pas utilis\u00e9e, la terrasse mobile SlideDeck recouvre la piscine en vous apportant une belle terrasse en bois esth\u00e9tique et robuste, \u00e9t\u00e9 comme hiver.&nbsp; &nbsp; &nbsp; Quand vous voulez utiliser votre piscine, vous d\u00e9placez la terrasse mobile sur le c\u00f4t\u00e9 pour d\u00e9couvrir la piscine et en profiter imm\u00e9diatement. Vous pouvez laisser \u00e0 demeure sur la terrasse mobile vos chaises longues, tables basses et petits am\u00e9nagements afin de profiter de moment de d\u00e9tente apr\u00e8s votre baignade. La terrasse mobile SlideDeck coulisse ais\u00e9ment pour couvrir et d\u00e9couvrir votre piscine.<\/p>\n\n\n\n<div class=\"wp-block-group\"><div class=\"wp-block-group__inner-container is-layout-constrained wp-block-group-is-layout-constrained\">\n<div class=\"wp-block-columns is-layout-flex wp-container-core-columns-is-layout-9d6595d7 wp-block-columns-is-layout-flex\">\n<div class=\"wp-block-column is-layout-flow wp-block-column-is-layout-flow\">\n<h2 class=\"wp-block-heading\">SlideDeck is een mobiel terras.<\/h2>\n\n\n\n<p>Het mobiele terras is een echte technische innovatie die gemakkelijk zijn plaats vindt in de tuin van wie veiligheid voor zijn zwembad wil combineren zonder in te boeten aan esthetiek en elegantie.<\/p>\n\n\n\n<h2 class=\"wp-block-heading\">Effici\u00ebnte, trendy en praktische beveiliging:<\/h2>\n\n\n\n<p>Het SlideDeck mobiele dek biedt echte bescherming voor uw zwembad en uw gezin. Onze mobiele terrassen zijn ontworpen en getest om aan de strengste veiligheidsnormen te voldoen. Uw SlideDeck mobiele terras biedt een effectieve, aantrekkelijke bescherming voor uw zwembad en laat u optimaal gebruik maken van de ruimte die u in uw tuin hebt gewonnen.<\/p>\n<\/div>\n\n\n\n<div class=\"wp-block-column is-layout-flow wp-block-column-is-layout-flow\">\n<figure class=\"wp-block-image size-full\"><img decoding=\"async\" width=\"1000\" height=\"750\" src=\"https:\/\/terrasse-mobile.net\/wp-content\/uploads\/2024\/01\/REAL-SABOURAULT-PISCINE-3.jpg\" alt=\"SlideDeck mobiel terras\" class=\"wp-image-892\" srcset=\"https:\/\/terrasse-mobile.net\/wp-content\/uploads\/2024\/01\/REAL-SABOURAULT-PISCINE-3.jpg 1000w, https:\/\/terrasse-mobile.net\/wp-content\/uploads\/2024\/01\/REAL-SABOURAULT-PISCINE-3-300x225.jpg 300w, https:\/\/terrasse-mobile.net\/wp-content\/uploads\/2024\/01\/REAL-SABOURAULT-PISCINE-3-768x576.jpg 768w\" sizes=\"(max-width: 1000px) 100vw, 1000px\" \/><\/figure>\n<\/div>\n<\/div>\n<\/div><\/div>\n\n\n\n<h2 class=\"wp-block-heading has-text-align-center\">Waarom thuis een mobiel terras installeren?<\/h2>\n\n\n\n<p>Het mobiele terras is perfect voor kleine ruimtes: je hoeft niet te kiezen tussen het terras en het zwembad. Je kunt je zwembad gemakkelijk afdekken als je het niet nodig hebt en zo je vloeroppervlak terugwinnen. Bovendien heeft het verschuifbare terras het extra voordeel dat het je zwembad veiliger maakt, het warmer houdt en voorkomt dat het vuil wordt...<\/p>\n\n\n\n<div class=\"wp-block-buttons is-content-justification-center is-layout-flex wp-container-core-buttons-is-layout-16018d1d wp-block-buttons-is-layout-flex\">\n<div class=\"wp-block-button is-style-fill\"><a class=\"wp-block-button__link has-white-color has-text-color has-background has-link-color has-small-font-size has-custom-font-size wp-element-button\" href=\"https:\/\/terrasse-mobile.net\/nl_nl\/mobiel-terras-op-maat\/\" style=\"background-color:#3579a4\">SlideDeck aanpassingen<\/a><\/div>\n<\/div>\n\n\n\n<p><\/p>","protected":false},"excerpt":{"rendered":"<p>SlideDeck, la terrasse mobile d&rsquo;exception pour votre piscine La terrasse mobile SlideDeck est \u00e9galement appel\u00e9e terrasse coulissante. C&rsquo;est une couverture de piscine nouvelle g\u00e9n\u00e9ration qui coulisse au-dessus de votre piscine pour la prot\u00e9ger, \u00e9viter l&rsquo;\u00e9vaporation de l&rsquo;eau et conserver la chaleur. La terrasse mobile permet \u00e9galement de prot\u00e9ger vos animaux, vos amis ou votre famille&#8230;<\/p>","protected":false},"author":1,"featured_media":3640,"parent":5771,"menu_order":5,"comment_status":"closed","ping_status":"closed","template":"","meta":{"_kad_post_transparent":"","_kad_post_title":"","_kad_post_layout":"","_kad_post_sidebar_id":"","_kad_post_content_style":"","_kad_post_vertical_padding":"","_kad_post_feature":"","_kad_post_feature_position":"","_kad_post_header":false,"_kad_post_footer":false,"_kad_post_classname":"","footnotes":""},"folder":[],"class_list":["post-5432","page","type-page","status-publish","has-post-thumbnail","hentry"],"yoast_head":"<!-- This site is optimized with the Yoast SEO plugin v27.4 - https:\/\/yoast.com\/product\/yoast-seo-wordpress\/ -->\n<title>La terrasse mobile pour piscine de qualit\u00e9<\/title>\n<meta name=\"description\" content=\"Qu&#039;est ce qu&#039;une terrasse mobile pour piscine ? D\u00e9couvrez la meilleure d&#039;entre elle : SlideDeck, la terrasse mobile sur mesure.\" \/>\n<meta name=\"robots\" content=\"index, follow, max-snippet:-1, max-image-preview:large, max-video-preview:-1\" \/>\n<link rel=\"canonical\" href=\"https:\/\/terrasse-mobile.net\/nl_nl\/schuifdek\/mobiel-terras-ile-de-france\/terrasse-mobile-piscine-de-qualite\/\" \/>\n<meta property=\"og:locale\" content=\"nl_NL\" \/>\n<meta property=\"og:type\" content=\"article\" \/>\n<meta property=\"og:title\" content=\"La terrasse mobile pour piscine de qualit\u00e9\" \/>\n<meta property=\"og:description\" content=\"Qu&#039;est ce qu&#039;une terrasse mobile pour piscine ? D\u00e9couvrez la meilleure d&#039;entre elle : SlideDeck, la terrasse mobile sur mesure.\" \/>\n<meta property=\"og:url\" content=\"https:\/\/terrasse-mobile.net\/nl_nl\/schuifdek\/mobiel-terras-ile-de-france\/terrasse-mobile-piscine-de-qualite\/\" \/>\n<meta property=\"og:site_name\" content=\"Terrasse mobile\" \/>\n<meta property=\"article:modified_time\" content=\"2025-11-25T14:27:58+00:00\" \/>\n<meta property=\"og:image\" content=\"https:\/\/terrasse-mobile.net\/wp-content\/uploads\/2024\/02\/REAL-SABOURAULT-PISCINE-2.jpg\" \/>\n\t<meta property=\"og:image:width\" content=\"2000\" \/>\n\t<meta property=\"og:image:height\" content=\"1500\" \/>\n\t<meta property=\"og:image:type\" content=\"image\/jpeg\" \/>\n<meta name=\"twitter:card\" content=\"summary_large_image\" \/>\n<meta name=\"twitter:label1\" content=\"Geschatte leestijd\" \/>\n\t<meta name=\"twitter:data1\" content=\"3 minuten\" \/>\n<script type=\"application\/ld+json\" class=\"yoast-schema-graph\">{\"@context\":\"https:\\\/\\\/schema.org\",\"@graph\":[{\"@type\":\"WebPage\",\"@id\":\"https:\\\/\\\/terrasse-mobile.net\\\/slidedeck\\\/terrasse-mobile-ile-de-france\\\/terrasse-mobile-piscine-de-qualite\\\/\",\"url\":\"https:\\\/\\\/terrasse-mobile.net\\\/slidedeck\\\/terrasse-mobile-ile-de-france\\\/terrasse-mobile-piscine-de-qualite\\\/\",\"name\":\"La terrasse mobile pour piscine de qualit\u00e9\",\"isPartOf\":{\"@id\":\"https:\\\/\\\/terrasse-mobile.net\\\/#website\"},\"primaryImageOfPage\":{\"@id\":\"https:\\\/\\\/terrasse-mobile.net\\\/slidedeck\\\/terrasse-mobile-ile-de-france\\\/terrasse-mobile-piscine-de-qualite\\\/#primaryimage\"},\"image\":{\"@id\":\"https:\\\/\\\/terrasse-mobile.net\\\/slidedeck\\\/terrasse-mobile-ile-de-france\\\/terrasse-mobile-piscine-de-qualite\\\/#primaryimage\"},\"thumbnailUrl\":\"https:\\\/\\\/terrasse-mobile.net\\\/wp-content\\\/uploads\\\/2024\\\/02\\\/REAL-SABOURAULT-PISCINE-2.jpg\",\"datePublished\":\"2024-10-02T12:40:34+00:00\",\"dateModified\":\"2025-11-25T14:27:58+00:00\",\"description\":\"Qu'est ce qu'une terrasse mobile pour piscine ? D\u00e9couvrez la meilleure d'entre elle : SlideDeck, la terrasse mobile sur mesure.\",\"breadcrumb\":{\"@id\":\"https:\\\/\\\/terrasse-mobile.net\\\/slidedeck\\\/terrasse-mobile-ile-de-france\\\/terrasse-mobile-piscine-de-qualite\\\/#breadcrumb\"},\"inLanguage\":\"nl-NL\",\"potentialAction\":[{\"@type\":\"ReadAction\",\"target\":[\"https:\\\/\\\/terrasse-mobile.net\\\/slidedeck\\\/terrasse-mobile-ile-de-france\\\/terrasse-mobile-piscine-de-qualite\\\/\"]}]},{\"@type\":\"ImageObject\",\"inLanguage\":\"nl-NL\",\"@id\":\"https:\\\/\\\/terrasse-mobile.net\\\/slidedeck\\\/terrasse-mobile-ile-de-france\\\/terrasse-mobile-piscine-de-qualite\\\/#primaryimage\",\"url\":\"https:\\\/\\\/terrasse-mobile.net\\\/wp-content\\\/uploads\\\/2024\\\/02\\\/REAL-SABOURAULT-PISCINE-2.jpg\",\"contentUrl\":\"https:\\\/\\\/terrasse-mobile.net\\\/wp-content\\\/uploads\\\/2024\\\/02\\\/REAL-SABOURAULT-PISCINE-2.jpg\",\"width\":2000,\"height\":1500,\"caption\":\"DCIM100MEDIADJI_0365.JPG\"},{\"@type\":\"BreadcrumbList\",\"@id\":\"https:\\\/\\\/terrasse-mobile.net\\\/slidedeck\\\/terrasse-mobile-ile-de-france\\\/terrasse-mobile-piscine-de-qualite\\\/#breadcrumb\",\"itemListElement\":[{\"@type\":\"ListItem\",\"position\":1,\"name\":\"Accueil\",\"item\":\"https:\\\/\\\/terrasse-mobile.net\\\/\"},{\"@type\":\"ListItem\",\"position\":2,\"name\":\"SLIDEDECK\",\"item\":\"https:\\\/\\\/terrasse-mobile.net\\\/slidedeck\\\/\"},{\"@type\":\"ListItem\",\"position\":3,\"name\":\"D\u00c9COUVREZ LA TERRASSE MOBILE SLIDEDECK\",\"item\":\"https:\\\/\\\/terrasse-mobile.net\\\/slidedeck\\\/terrasse-mobile-ile-de-france\\\/\"},{\"@type\":\"ListItem\",\"position\":4,\"name\":\"SLIDEDECK, C&rsquo;EST QUOI ?\"}]},{\"@type\":\"WebSite\",\"@id\":\"https:\\\/\\\/terrasse-mobile.net\\\/#website\",\"url\":\"https:\\\/\\\/terrasse-mobile.net\\\/\",\"name\":\"Slidedeck\",\"description\":\"Construction sur mesure de terrasses mobiles en \u00cele-de-France\",\"publisher\":{\"@id\":\"https:\\\/\\\/terrasse-mobile.net\\\/#organization\"},\"potentialAction\":[{\"@type\":\"SearchAction\",\"target\":{\"@type\":\"EntryPoint\",\"urlTemplate\":\"https:\\\/\\\/terrasse-mobile.net\\\/?s={search_term_string}\"},\"query-input\":{\"@type\":\"PropertyValueSpecification\",\"valueRequired\":true,\"valueName\":\"search_term_string\"}}],\"inLanguage\":\"nl-NL\"},{\"@type\":\"Organization\",\"@id\":\"https:\\\/\\\/terrasse-mobile.net\\\/#organization\",\"name\":\"Slidedeck\",\"url\":\"https:\\\/\\\/terrasse-mobile.net\\\/\",\"logo\":{\"@type\":\"ImageObject\",\"inLanguage\":\"nl-NL\",\"@id\":\"https:\\\/\\\/terrasse-mobile.net\\\/#\\\/schema\\\/logo\\\/image\\\/\",\"url\":\"https:\\\/\\\/terrasse-mobile.net\\\/wp-content\\\/uploads\\\/2024\\\/01\\\/logo-slidedeck.jpg\",\"contentUrl\":\"https:\\\/\\\/terrasse-mobile.net\\\/wp-content\\\/uploads\\\/2024\\\/01\\\/logo-slidedeck.jpg\",\"width\":2000,\"height\":1103,\"caption\":\"Slidedeck\"},\"image\":{\"@id\":\"https:\\\/\\\/terrasse-mobile.net\\\/#\\\/schema\\\/logo\\\/image\\\/\"}}]}<\/script>\n<!-- \/ Yoast SEO plugin. -->","yoast_head_json":{"title":"Het kwalitatieve mobiele pooldeck","description":"Qu'est ce qu'une terrasse mobile pour piscine ? D\u00e9couvrez la meilleure d'entre elle : SlideDeck, la terrasse mobile sur mesure.","robots":{"index":"index","follow":"follow","max-snippet":"max-snippet:-1","max-image-preview":"max-image-preview:large","max-video-preview":"max-video-preview:-1"},"canonical":"https:\/\/terrasse-mobile.net\/nl_nl\/schuifdek\/mobiel-terras-ile-de-france\/terrasse-mobile-piscine-de-qualite\/","og_locale":"nl_NL","og_type":"article","og_title":"La terrasse mobile pour piscine de qualit\u00e9","og_description":"Qu'est ce qu'une terrasse mobile pour piscine ? D\u00e9couvrez la meilleure d'entre elle : SlideDeck, la terrasse mobile sur mesure.","og_url":"https:\/\/terrasse-mobile.net\/nl_nl\/schuifdek\/mobiel-terras-ile-de-france\/terrasse-mobile-piscine-de-qualite\/","og_site_name":"Terrasse mobile","article_modified_time":"2025-11-25T14:27:58+00:00","og_image":[{"width":2000,"height":1500,"url":"https:\/\/terrasse-mobile.net\/wp-content\/uploads\/2024\/02\/REAL-SABOURAULT-PISCINE-2.jpg","type":"image\/jpeg"}],"twitter_card":"summary_large_image","twitter_misc":{"Geschatte leestijd":"3 minuten"},"schema":{"@context":"https:\/\/schema.org","@graph":[{"@type":"WebPage","@id":"https:\/\/terrasse-mobile.net\/slidedeck\/terrasse-mobile-ile-de-france\/terrasse-mobile-piscine-de-qualite\/","url":"https:\/\/terrasse-mobile.net\/slidedeck\/terrasse-mobile-ile-de-france\/terrasse-mobile-piscine-de-qualite\/","name":"Het kwalitatieve mobiele pooldeck","isPartOf":{"@id":"https:\/\/terrasse-mobile.net\/#website"},"primaryImageOfPage":{"@id":"https:\/\/terrasse-mobile.net\/slidedeck\/terrasse-mobile-ile-de-france\/terrasse-mobile-piscine-de-qualite\/#primaryimage"},"image":{"@id":"https:\/\/terrasse-mobile.net\/slidedeck\/terrasse-mobile-ile-de-france\/terrasse-mobile-piscine-de-qualite\/#primaryimage"},"thumbnailUrl":"https:\/\/terrasse-mobile.net\/wp-content\/uploads\/2024\/02\/REAL-SABOURAULT-PISCINE-2.jpg","datePublished":"2024-10-02T12:40:34+00:00","dateModified":"2025-11-25T14:27:58+00:00","description":"Qu'est ce qu'une terrasse mobile pour piscine ? D\u00e9couvrez la meilleure d'entre elle : SlideDeck, la terrasse mobile sur mesure.","breadcrumb":{"@id":"https:\/\/terrasse-mobile.net\/slidedeck\/terrasse-mobile-ile-de-france\/terrasse-mobile-piscine-de-qualite\/#breadcrumb"},"inLanguage":"nl-NL","potentialAction":[{"@type":"ReadAction","target":["https:\/\/terrasse-mobile.net\/slidedeck\/terrasse-mobile-ile-de-france\/terrasse-mobile-piscine-de-qualite\/"]}]},{"@type":"ImageObject","inLanguage":"nl-NL","@id":"https:\/\/terrasse-mobile.net\/slidedeck\/terrasse-mobile-ile-de-france\/terrasse-mobile-piscine-de-qualite\/#primaryimage","url":"https:\/\/terrasse-mobile.net\/wp-content\/uploads\/2024\/02\/REAL-SABOURAULT-PISCINE-2.jpg","contentUrl":"https:\/\/terrasse-mobile.net\/wp-content\/uploads\/2024\/02\/REAL-SABOURAULT-PISCINE-2.jpg","width":2000,"height":1500,"caption":"DCIM100MEDIADJI_0365.JPG"},{"@type":"BreadcrumbList","@id":"https:\/\/terrasse-mobile.net\/slidedeck\/terrasse-mobile-ile-de-france\/terrasse-mobile-piscine-de-qualite\/#breadcrumb","itemListElement":[{"@type":"ListItem","position":1,"name":"Accueil","item":"https:\/\/terrasse-mobile.net\/"},{"@type":"ListItem","position":2,"name":"SLIDEDECK","item":"https:\/\/terrasse-mobile.net\/slidedeck\/"},{"@type":"ListItem","position":3,"name":"D\u00c9COUVREZ LA TERRASSE MOBILE SLIDEDECK","item":"https:\/\/terrasse-mobile.net\/slidedeck\/terrasse-mobile-ile-de-france\/"},{"@type":"ListItem","position":4,"name":"SLIDEDECK, C&rsquo;EST QUOI ?"}]},{"@type":"WebSite","@id":"https:\/\/terrasse-mobile.net\/#website","url":"https:\/\/terrasse-mobile.net\/","name":"Slidedeck","description":"Op maat gemaakte verplaatsbare terrassen in de regio Parijs","publisher":{"@id":"https:\/\/terrasse-mobile.net\/#organization"},"potentialAction":[{"@type":"SearchAction","target":{"@type":"EntryPoint","urlTemplate":"https:\/\/terrasse-mobile.net\/?s={search_term_string}"},"query-input":{"@type":"PropertyValueSpecification","valueRequired":true,"valueName":"search_term_string"}}],"inLanguage":"nl-NL"},{"@type":"Organization","@id":"https:\/\/terrasse-mobile.net\/#organization","name":"Slidedeck","url":"https:\/\/terrasse-mobile.net\/","logo":{"@type":"ImageObject","inLanguage":"nl-NL","@id":"https:\/\/terrasse-mobile.net\/#\/schema\/logo\/image\/","url":"https:\/\/terrasse-mobile.net\/wp-content\/uploads\/2024\/01\/logo-slidedeck.jpg","contentUrl":"https:\/\/terrasse-mobile.net\/wp-content\/uploads\/2024\/01\/logo-slidedeck.jpg","width":2000,"height":1103,"caption":"Slidedeck"},"image":{"@id":"https:\/\/terrasse-mobile.net\/#\/schema\/logo\/image\/"}}]}},"_links":{"self":[{"href":"https:\/\/terrasse-mobile.net\/nl_nl\/wp-json\/wp\/v2\/pages\/5432","targetHints":{"allow":["GET"]}}],"collection":[{"href":"https:\/\/terrasse-mobile.net\/nl_nl\/wp-json\/wp\/v2\/pages"}],"about":[{"href":"https:\/\/terrasse-mobile.net\/nl_nl\/wp-json\/wp\/v2\/types\/page"}],"author":[{"embeddable":true,"href":"https:\/\/terrasse-mobile.net\/nl_nl\/wp-json\/wp\/v2\/users\/1"}],"replies":[{"embeddable":true,"href":"https:\/\/terrasse-mobile.net\/nl_nl\/wp-json\/wp\/v2\/comments?post=5432"}],"version-history":[{"count":6,"href":"https:\/\/terrasse-mobile.net\/nl_nl\/wp-json\/wp\/v2\/pages\/5432\/revisions"}],"predecessor-version":[{"id":7261,"href":"https:\/\/terrasse-mobile.net\/nl_nl\/wp-json\/wp\/v2\/pages\/5432\/revisions\/7261"}],"up":[{"embeddable":true,"href":"https:\/\/terrasse-mobile.net\/nl_nl\/wp-json\/wp\/v2\/pages\/5771"}],"wp:featuredmedia":[{"embeddable":true,"href":"https:\/\/terrasse-mobile.net\/nl_nl\/wp-json\/wp\/v2\/media\/3640"}],"wp:attachment":[{"href":"https:\/\/terrasse-mobile.net\/nl_nl\/wp-json\/wp\/v2\/media?parent=5432"}],"wp:term":[{"taxonomy":"folder","embeddable":true,"href":"https:\/\/terrasse-mobile.net\/nl_nl\/wp-json\/wp\/v2\/folder?post=5432"}],"curies":[{"name":"wp","href":"https:\/\/api.w.org\/{rel}","templated":true}]}}