{"id":5462,"date":"2024-10-02T14:49:31","date_gmt":"2024-10-02T12:49:48","guid":{"rendered":"https:\/\/terrasse-mobile.net\/?page_id=5462"},"modified":"2025-11-25T15:46:37","modified_gmt":"2025-11-25T14:46:37","slug":"modellen","status":"publish","type":"page","link":"https:\/\/terrasse-mobile.net\/nl_nl\/terrasse-mobile-sur-mesure\/modeles\/","title":{"rendered":"DE VERSCHILLENDE MODELLEN VAN SLIDEDECK MOBIELE TERRASSEN"},"content":{"rendered":"<div class=\"wp-block-group\"><div class=\"wp-block-group__inner-container is-layout-constrained wp-block-group-is-layout-constrained\">\n<p class=\"has-text-align-center\">Ontdek het exclusieve assortiment mobiele terrassen van SlideDeck ...<\/p>\n<\/div><\/div>\n\n\n<style>.wp-block-kadence-advancedgallery .kb-gallery-type-grid.kb-gallery-id-5462_7eab20-a1{margin:-5px;}.kb-gallery-type-grid.kb-gallery-id-5462_7eab20-a1 .kadence-blocks-gallery-item{padding:5px;}.kb-gallery-id-5462_7eab20-a1 .kadence-blocks-gallery-item .kb-gal-image-radius, .kb-gallery-id-5462_7eab20-a1 .kb-slide-item .kb-gal-image-radius img{border-radius:0px 0px 0px 0px;;}.wp-block-kadence-advancedgallery.kb-gallery-wrap-id-5462_7eab20-a1{overflow:visible;}.kb-gallery-id-5462_7eab20-a1 .kadence-blocks-gallery-item .kb-gal-image-radius, .kb-gallery-id-5462_7eab20-a1 .kadence-blocks-gallery-thumb-item .kb-gal-image-radius{box-shadow:4px 2px 14px 0px rgba(0, 0, 0, 0.2);}.kb-gallery-id-5462_7eab20-a1 .kadence-blocks-gallery-item:hover .kb-gal-image-radius, .kb-gallery-id-5462_7eab20-a1 .kadence-blocks-gallery-thumb-item:hover .kb-gal-image-radius{box-shadow:20px 20px 30px 0px rgba(0, 0, 0, 0.2);}.kb-gallery-id-5462_7eab20-a1 .kadence-blocks-gallery-item .kadence-blocks-gallery-item-inner .kadence-blocks-gallery-item__caption{font-size:var(--global-kb-font-size-md, 1.25rem);font-weight:700;text-transform:uppercase;}.kb-gallery-caption-style-bottom.kb-gallery-id-5462_7eab20-a1 .kadence-blocks-gallery-item .kadence-blocks-gallery-item-inner .kadence-blocks-gallery-item__caption, .kb-gallery-caption-style-bottom-hover.kb-gallery-id-5462_7eab20-a1 .kadence-blocks-gallery-item .kadence-blocks-gallery-item-inner .kadence-blocks-gallery-item__caption{background:linear-gradient(0deg, #000000 0, rgba(0, 0, 0, 0) 100%);}<\/style><div class=\"kb-gallery-wrap-id-5462_7eab20-a1 alignnone wp-block-kadence-advancedgallery\"><ul class=\"kb-gallery-ul kb-gallery-non-static kb-gallery-type-grid kb-gallery-id-5462_7eab20-a1 kb-gallery-caption-style-bottom kb-gallery-filter-none\" data-image-filter=\"none\" data-item-selector=\".kadence-blocks-gallery-item\" data-lightbox-caption=\"true\" data-columns-xxl=\"3\" data-columns-xl=\"3\" data-columns-md=\"3\" data-columns-sm=\"2\" data-columns-xs=\"1\" data-columns-ss=\"1\"><li class=\"kadence-blocks-gallery-item\"><div class=\"kadence-blocks-gallery-item-inner\"><figure class=\"kb-gallery-figure kb-gallery-item-has-link kadence-blocks-gallery-item-has-caption\"><a href=\"https:\/\/terrasse-mobile.net\/nl_nl\/modellen\/klein-mobiel-terras-zwembad-ile-de-france\/\" class=\"kb-gallery-item-link\"  ><div class=\"kb-gal-image-radius\"><div class=\"kb-gallery-image-contain kadence-blocks-gallery-intrinsic kb-gallery-image-ratio-land32 kb-has-image-ratio-land32\" ><img decoding=\"async\" src=\"https:\/\/terrasse-mobile.net\/wp-content\/uploads\/2025\/10\/REAL-SABOURAULT-PISCINE-3.webp\" width=\"726\" height=\"726\" alt=\"La terrasse mobile SlideDeck TERRA\" data-full-image=\"https:\/\/terrasse-mobile.net\/wp-content\/uploads\/2025\/10\/REAL-SABOURAULT-PISCINE-3.webp\" data-light-image=\"https:\/\/terrasse-mobile.net\/wp-content\/uploads\/2025\/10\/REAL-SABOURAULT-PISCINE-3.webp\" data-id=\"7049\" class=\"wp-image-7049\" srcset=\"https:\/\/terrasse-mobile.net\/wp-content\/uploads\/2025\/10\/REAL-SABOURAULT-PISCINE-3.webp 726w, https:\/\/terrasse-mobile.net\/wp-content\/uploads\/2025\/10\/REAL-SABOURAULT-PISCINE-3-300x300.webp 300w, https:\/\/terrasse-mobile.net\/wp-content\/uploads\/2025\/10\/REAL-SABOURAULT-PISCINE-3-150x150.webp 150w, https:\/\/terrasse-mobile.net\/wp-content\/uploads\/2025\/10\/REAL-SABOURAULT-PISCINE-3-50x50.webp 50w\" sizes=\"(max-width: 726px) 100vw, 726px\" \/><\/div><div class=\"kadence-blocks-gallery-item__caption\">La terrasse mobile SlideDeck TERRA<\/div><\/div><\/a><\/figure><\/div><\/li><li class=\"kadence-blocks-gallery-item\"><div class=\"kadence-blocks-gallery-item-inner\"><figure class=\"kb-gallery-figure kb-gallery-item-has-link kadence-blocks-gallery-item-has-caption\"><a href=\"https:\/\/terrasse-mobile.net\/nl_nl\/modellen\/groot-mobiel-terras-voor-zwembad\/\" class=\"kb-gallery-item-link\"  ><div class=\"kb-gal-image-radius\"><div class=\"kb-gallery-image-contain kadence-blocks-gallery-intrinsic kb-gallery-image-ratio-land32 kb-has-image-ratio-land32\" ><img decoding=\"async\" src=\"https:\/\/terrasse-mobile.net\/wp-content\/uploads\/2025\/10\/REAL-DUTHION-PISCINE2-copie-2.webp\" width=\"725\" height=\"724\" alt=\"La terrasse mobile SlideDeck TITAN\" data-full-image=\"https:\/\/terrasse-mobile.net\/wp-content\/uploads\/2025\/10\/REAL-DUTHION-PISCINE2-copie-2.webp\" data-light-image=\"https:\/\/terrasse-mobile.net\/wp-content\/uploads\/2025\/10\/REAL-DUTHION-PISCINE2-copie-2.webp\" data-id=\"7050\" class=\"wp-image-7050\" srcset=\"https:\/\/terrasse-mobile.net\/wp-content\/uploads\/2025\/10\/REAL-DUTHION-PISCINE2-copie-2.webp 725w, https:\/\/terrasse-mobile.net\/wp-content\/uploads\/2025\/10\/REAL-DUTHION-PISCINE2-copie-2-300x300.webp 300w, https:\/\/terrasse-mobile.net\/wp-content\/uploads\/2025\/10\/REAL-DUTHION-PISCINE2-copie-2-150x150.webp 150w, https:\/\/terrasse-mobile.net\/wp-content\/uploads\/2025\/10\/REAL-DUTHION-PISCINE2-copie-2-50x50.webp 50w\" sizes=\"(max-width: 725px) 100vw, 725px\" \/><\/div><div class=\"kadence-blocks-gallery-item__caption\">La terrasse mobile SlideDeck TITAN<\/div><\/div><\/a><\/figure><\/div><\/li><li class=\"kadence-blocks-gallery-item\"><div class=\"kadence-blocks-gallery-item-inner\"><figure class=\"kb-gallery-figure kb-gallery-item-has-link kadence-blocks-gallery-item-has-caption\"><a href=\"https:\/\/terrasse-mobile.net\/nl_nl\/modellen\/mobiel-zwembadterras-op-maat\/\" class=\"kb-gallery-item-link\"  ><div class=\"kb-gal-image-radius\"><div class=\"kb-gallery-image-contain kadence-blocks-gallery-intrinsic kb-gallery-image-ratio-land32 kb-has-image-ratio-land32\" ><img decoding=\"async\" src=\"https:\/\/terrasse-mobile.net\/wp-content\/uploads\/2025\/02\/3D-gigogne-1.png\" width=\"1000\" height=\"562\" alt=\"La terrasse mobile SlideDeck\" data-full-image=\"https:\/\/terrasse-mobile.net\/wp-content\/uploads\/2025\/02\/3D-gigogne-1.png\" data-light-image=\"https:\/\/terrasse-mobile.net\/wp-content\/uploads\/2025\/02\/3D-gigogne-1.png\" data-id=\"6764\" class=\"wp-image-6764\" srcset=\"https:\/\/terrasse-mobile.net\/wp-content\/uploads\/2025\/02\/3D-gigogne-1.png 1000w, https:\/\/terrasse-mobile.net\/wp-content\/uploads\/2025\/02\/3D-gigogne-1-300x169.png 300w, https:\/\/terrasse-mobile.net\/wp-content\/uploads\/2025\/02\/3D-gigogne-1-768x432.png 768w, https:\/\/terrasse-mobile.net\/wp-content\/uploads\/2025\/02\/3D-gigogne-1-50x28.png 50w\" sizes=\"(max-width: 1000px) 100vw, 1000px\" \/><\/div><div class=\"kadence-blocks-gallery-item__caption\">La terrasse mobile SlideDeck SUR-MESURE<\/div><\/div><\/a><\/figure><\/div><\/li><\/ul><\/div>\n\n\n<div class=\"wp-block-columns is-layout-flex wp-container-core-columns-is-layout-9d6595d7 wp-block-columns-is-layout-flex\">\n<div class=\"wp-block-column is-layout-flow wp-block-column-is-layout-flow\">\n<p>D\u00e9couvrez SlideDeck TERRA, id\u00e9al pour les petites piscines ne d\u00e9passant pas les 5,70 m\u00e8tres de longueur pour 4,00 m\u00e8tres de largeur&#8230;<\/p>\n<\/div>\n\n\n\n<div class=\"wp-block-column is-layout-flow wp-block-column-is-layout-flow\">\n<p>D\u00e9couvrez SlideDeck TITAN, id\u00e9al pour les piscines de taille moyenne ne d\u00e9passant pas les 11,70 m\u00e8tres de longueur pour 6,00 m\u00e8tres de largeur &#8230;<\/p>\n<\/div>\n\n\n\n<div class=\"wp-block-column is-layout-flow wp-block-column-is-layout-flow\">\n<p>Nous sommes en mesure, pour des piscines de grandes dimensions et de formes atypiques de r\u00e9aliser des terrasses mobiles avec notre proc\u00e9d\u00e9 exclusif<\/p>\n<\/div>\n<\/div>\n\n\n\n<p><\/p>","protected":false},"excerpt":{"rendered":"<p>D\u00e9couvrez la gamme exclusive de terrasse mobile SlideDeck &#8230; D\u00e9couvrez SlideDeck TERRA, id\u00e9al pour les petites piscines ne d\u00e9passant pas les 5,70 m\u00e8tres de longueur pour 4,00 m\u00e8tres de largeur&#8230; D\u00e9couvrez SlideDeck TITAN, id\u00e9al pour les piscines de taille moyenne ne d\u00e9passant pas les 11,70 m\u00e8tres de longueur pour 6,00 m\u00e8tres de largeur &#8230; Nous&#8230;<\/p>","protected":false},"author":1,"featured_media":3640,"parent":5765,"menu_order":22,"comment_status":"closed","ping_status":"closed","template":"","meta":{"_kad_post_transparent":"","_kad_post_title":"","_kad_post_layout":"","_kad_post_sidebar_id":"","_kad_post_content_style":"","_kad_post_vertical_padding":"","_kad_post_feature":"","_kad_post_feature_position":"","_kad_post_header":false,"_kad_post_footer":false,"_kad_post_classname":"","footnotes":""},"folder":[],"class_list":["post-5462","page","type-page","status-publish","has-post-thumbnail","hentry"],"yoast_head":"<!-- This site is optimized with the Yoast SEO plugin v27.3 - https:\/\/yoast.com\/product\/yoast-seo-wordpress\/ -->\n<title>Les mod\u00e8les de terrasse mobile pour piscine<\/title>\n<meta name=\"description\" content=\"La gamme SlideDeck est compos\u00e9e de trois mod\u00e8les diff\u00e9rents de terrasses mobiles : TERRA, TITAN et SUR-MESURE.\" \/>\n<meta name=\"robots\" content=\"index, follow, max-snippet:-1, max-image-preview:large, max-video-preview:-1\" \/>\n<link rel=\"canonical\" href=\"https:\/\/terrasse-mobile.net\/nl_nl\/mobiel-terras-op-maat\/modellen\/\" \/>\n<meta property=\"og:locale\" content=\"nl_NL\" \/>\n<meta property=\"og:type\" content=\"article\" \/>\n<meta property=\"og:title\" content=\"Les mod\u00e8les de terrasse mobile pour piscine\" \/>\n<meta property=\"og:description\" content=\"La gamme SlideDeck est compos\u00e9e de trois mod\u00e8les diff\u00e9rents de terrasses mobiles : TERRA, TITAN et SUR-MESURE.\" \/>\n<meta property=\"og:url\" content=\"https:\/\/terrasse-mobile.net\/nl_nl\/mobiel-terras-op-maat\/modellen\/\" \/>\n<meta property=\"og:site_name\" content=\"Terrasse mobile\" \/>\n<meta property=\"article:modified_time\" content=\"2025-11-25T14:46:37+00:00\" \/>\n<meta property=\"og:image\" content=\"https:\/\/terrasse-mobile.net\/wp-content\/uploads\/2024\/02\/REAL-SABOURAULT-PISCINE-2.jpg\" \/>\n\t<meta property=\"og:image:width\" content=\"2000\" \/>\n\t<meta property=\"og:image:height\" content=\"1500\" \/>\n\t<meta property=\"og:image:type\" content=\"image\/jpeg\" \/>\n<meta name=\"twitter:card\" content=\"summary_large_image\" \/>\n<meta name=\"twitter:label1\" content=\"Geschatte leestijd\" \/>\n\t<meta name=\"twitter:data1\" content=\"1 minuut\" \/>\n<script type=\"application\/ld+json\" class=\"yoast-schema-graph\">{\"@context\":\"https:\\\/\\\/schema.org\",\"@graph\":[{\"@type\":\"WebPage\",\"@id\":\"https:\\\/\\\/terrasse-mobile.net\\\/terrasse-mobile-sur-mesure\\\/modeles\\\/\",\"url\":\"https:\\\/\\\/terrasse-mobile.net\\\/terrasse-mobile-sur-mesure\\\/modeles\\\/\",\"name\":\"Les mod\u00e8les de terrasse mobile pour piscine\",\"isPartOf\":{\"@id\":\"https:\\\/\\\/terrasse-mobile.net\\\/#website\"},\"primaryImageOfPage\":{\"@id\":\"https:\\\/\\\/terrasse-mobile.net\\\/terrasse-mobile-sur-mesure\\\/modeles\\\/#primaryimage\"},\"image\":{\"@id\":\"https:\\\/\\\/terrasse-mobile.net\\\/terrasse-mobile-sur-mesure\\\/modeles\\\/#primaryimage\"},\"thumbnailUrl\":\"https:\\\/\\\/terrasse-mobile.net\\\/wp-content\\\/uploads\\\/2024\\\/02\\\/REAL-SABOURAULT-PISCINE-2.jpg\",\"datePublished\":\"2024-10-02T12:49:48+00:00\",\"dateModified\":\"2025-11-25T14:46:37+00:00\",\"description\":\"La gamme SlideDeck est compos\u00e9e de trois mod\u00e8les diff\u00e9rents de terrasses mobiles : TERRA, TITAN et SUR-MESURE.\",\"breadcrumb\":{\"@id\":\"https:\\\/\\\/terrasse-mobile.net\\\/terrasse-mobile-sur-mesure\\\/modeles\\\/#breadcrumb\"},\"inLanguage\":\"nl-NL\",\"potentialAction\":[{\"@type\":\"ReadAction\",\"target\":[\"https:\\\/\\\/terrasse-mobile.net\\\/terrasse-mobile-sur-mesure\\\/modeles\\\/\"]}]},{\"@type\":\"ImageObject\",\"inLanguage\":\"nl-NL\",\"@id\":\"https:\\\/\\\/terrasse-mobile.net\\\/terrasse-mobile-sur-mesure\\\/modeles\\\/#primaryimage\",\"url\":\"https:\\\/\\\/terrasse-mobile.net\\\/wp-content\\\/uploads\\\/2024\\\/02\\\/REAL-SABOURAULT-PISCINE-2.jpg\",\"contentUrl\":\"https:\\\/\\\/terrasse-mobile.net\\\/wp-content\\\/uploads\\\/2024\\\/02\\\/REAL-SABOURAULT-PISCINE-2.jpg\",\"width\":2000,\"height\":1500,\"caption\":\"DCIM100MEDIADJI_0365.JPG\"},{\"@type\":\"BreadcrumbList\",\"@id\":\"https:\\\/\\\/terrasse-mobile.net\\\/terrasse-mobile-sur-mesure\\\/modeles\\\/#breadcrumb\",\"itemListElement\":[{\"@type\":\"ListItem\",\"position\":1,\"name\":\"Accueil\",\"item\":\"https:\\\/\\\/terrasse-mobile.net\\\/\"},{\"@type\":\"ListItem\",\"position\":2,\"name\":\"LA TERRASSE MOBILE SUR-MESURE POUR PISCINE\",\"item\":\"https:\\\/\\\/terrasse-mobile.net\\\/terrasse-mobile-sur-mesure\\\/\"},{\"@type\":\"ListItem\",\"position\":3,\"name\":\"LES DIFF\u00c9RENTS MOD\u00c8LES DE TERRASSE MOBILE SLIDEDECK\"}]},{\"@type\":\"WebSite\",\"@id\":\"https:\\\/\\\/terrasse-mobile.net\\\/#website\",\"url\":\"https:\\\/\\\/terrasse-mobile.net\\\/\",\"name\":\"Slidedeck\",\"description\":\"Construction sur mesure de terrasses mobiles en \u00cele-de-France\",\"publisher\":{\"@id\":\"https:\\\/\\\/terrasse-mobile.net\\\/#organization\"},\"potentialAction\":[{\"@type\":\"SearchAction\",\"target\":{\"@type\":\"EntryPoint\",\"urlTemplate\":\"https:\\\/\\\/terrasse-mobile.net\\\/?s={search_term_string}\"},\"query-input\":{\"@type\":\"PropertyValueSpecification\",\"valueRequired\":true,\"valueName\":\"search_term_string\"}}],\"inLanguage\":\"nl-NL\"},{\"@type\":\"Organization\",\"@id\":\"https:\\\/\\\/terrasse-mobile.net\\\/#organization\",\"name\":\"Slidedeck\",\"url\":\"https:\\\/\\\/terrasse-mobile.net\\\/\",\"logo\":{\"@type\":\"ImageObject\",\"inLanguage\":\"nl-NL\",\"@id\":\"https:\\\/\\\/terrasse-mobile.net\\\/#\\\/schema\\\/logo\\\/image\\\/\",\"url\":\"https:\\\/\\\/terrasse-mobile.net\\\/wp-content\\\/uploads\\\/2024\\\/01\\\/logo-slidedeck.jpg\",\"contentUrl\":\"https:\\\/\\\/terrasse-mobile.net\\\/wp-content\\\/uploads\\\/2024\\\/01\\\/logo-slidedeck.jpg\",\"width\":2000,\"height\":1103,\"caption\":\"Slidedeck\"},\"image\":{\"@id\":\"https:\\\/\\\/terrasse-mobile.net\\\/#\\\/schema\\\/logo\\\/image\\\/\"}}]}<\/script>\n<!-- \/ Yoast SEO plugin. -->","yoast_head_json":{"title":"Les mod\u00e8les de terrasse mobile pour piscine","description":"La gamme SlideDeck est compos\u00e9e de trois mod\u00e8les diff\u00e9rents de terrasses mobiles : TERRA, TITAN et SUR-MESURE.","robots":{"index":"index","follow":"follow","max-snippet":"max-snippet:-1","max-image-preview":"max-image-preview:large","max-video-preview":"max-video-preview:-1"},"canonical":"https:\/\/terrasse-mobile.net\/nl_nl\/mobiel-terras-op-maat\/modellen\/","og_locale":"nl_NL","og_type":"article","og_title":"Les mod\u00e8les de terrasse mobile pour piscine","og_description":"La gamme SlideDeck est compos\u00e9e de trois mod\u00e8les diff\u00e9rents de terrasses mobiles : TERRA, TITAN et SUR-MESURE.","og_url":"https:\/\/terrasse-mobile.net\/nl_nl\/mobiel-terras-op-maat\/modellen\/","og_site_name":"Terrasse mobile","article_modified_time":"2025-11-25T14:46:37+00:00","og_image":[{"width":2000,"height":1500,"url":"https:\/\/terrasse-mobile.net\/wp-content\/uploads\/2024\/02\/REAL-SABOURAULT-PISCINE-2.jpg","type":"image\/jpeg"}],"twitter_card":"summary_large_image","twitter_misc":{"Geschatte leestijd":"1 minuut"},"schema":{"@context":"https:\/\/schema.org","@graph":[{"@type":"WebPage","@id":"https:\/\/terrasse-mobile.net\/terrasse-mobile-sur-mesure\/modeles\/","url":"https:\/\/terrasse-mobile.net\/terrasse-mobile-sur-mesure\/modeles\/","name":"Les mod\u00e8les de terrasse mobile pour piscine","isPartOf":{"@id":"https:\/\/terrasse-mobile.net\/#website"},"primaryImageOfPage":{"@id":"https:\/\/terrasse-mobile.net\/terrasse-mobile-sur-mesure\/modeles\/#primaryimage"},"image":{"@id":"https:\/\/terrasse-mobile.net\/terrasse-mobile-sur-mesure\/modeles\/#primaryimage"},"thumbnailUrl":"https:\/\/terrasse-mobile.net\/wp-content\/uploads\/2024\/02\/REAL-SABOURAULT-PISCINE-2.jpg","datePublished":"2024-10-02T12:49:48+00:00","dateModified":"2025-11-25T14:46:37+00:00","description":"La gamme SlideDeck est compos\u00e9e de trois mod\u00e8les diff\u00e9rents de terrasses mobiles : TERRA, TITAN et SUR-MESURE.","breadcrumb":{"@id":"https:\/\/terrasse-mobile.net\/terrasse-mobile-sur-mesure\/modeles\/#breadcrumb"},"inLanguage":"nl-NL","potentialAction":[{"@type":"ReadAction","target":["https:\/\/terrasse-mobile.net\/terrasse-mobile-sur-mesure\/modeles\/"]}]},{"@type":"ImageObject","inLanguage":"nl-NL","@id":"https:\/\/terrasse-mobile.net\/terrasse-mobile-sur-mesure\/modeles\/#primaryimage","url":"https:\/\/terrasse-mobile.net\/wp-content\/uploads\/2024\/02\/REAL-SABOURAULT-PISCINE-2.jpg","contentUrl":"https:\/\/terrasse-mobile.net\/wp-content\/uploads\/2024\/02\/REAL-SABOURAULT-PISCINE-2.jpg","width":2000,"height":1500,"caption":"DCIM100MEDIADJI_0365.JPG"},{"@type":"BreadcrumbList","@id":"https:\/\/terrasse-mobile.net\/terrasse-mobile-sur-mesure\/modeles\/#breadcrumb","itemListElement":[{"@type":"ListItem","position":1,"name":"Accueil","item":"https:\/\/terrasse-mobile.net\/"},{"@type":"ListItem","position":2,"name":"LA TERRASSE MOBILE SUR-MESURE POUR PISCINE","item":"https:\/\/terrasse-mobile.net\/terrasse-mobile-sur-mesure\/"},{"@type":"ListItem","position":3,"name":"LES DIFF\u00c9RENTS MOD\u00c8LES DE TERRASSE MOBILE SLIDEDECK"}]},{"@type":"WebSite","@id":"https:\/\/terrasse-mobile.net\/#website","url":"https:\/\/terrasse-mobile.net\/","name":"Slidedeck","description":"Op maat gemaakte verplaatsbare terrassen in de regio Parijs","publisher":{"@id":"https:\/\/terrasse-mobile.net\/#organization"},"potentialAction":[{"@type":"SearchAction","target":{"@type":"EntryPoint","urlTemplate":"https:\/\/terrasse-mobile.net\/?s={search_term_string}"},"query-input":{"@type":"PropertyValueSpecification","valueRequired":true,"valueName":"search_term_string"}}],"inLanguage":"nl-NL"},{"@type":"Organization","@id":"https:\/\/terrasse-mobile.net\/#organization","name":"Slidedeck","url":"https:\/\/terrasse-mobile.net\/","logo":{"@type":"ImageObject","inLanguage":"nl-NL","@id":"https:\/\/terrasse-mobile.net\/#\/schema\/logo\/image\/","url":"https:\/\/terrasse-mobile.net\/wp-content\/uploads\/2024\/01\/logo-slidedeck.jpg","contentUrl":"https:\/\/terrasse-mobile.net\/wp-content\/uploads\/2024\/01\/logo-slidedeck.jpg","width":2000,"height":1103,"caption":"Slidedeck"},"image":{"@id":"https:\/\/terrasse-mobile.net\/#\/schema\/logo\/image\/"}}]}},"_links":{"self":[{"href":"https:\/\/terrasse-mobile.net\/nl_nl\/wp-json\/wp\/v2\/pages\/5462","targetHints":{"allow":["GET"]}}],"collection":[{"href":"https:\/\/terrasse-mobile.net\/nl_nl\/wp-json\/wp\/v2\/pages"}],"about":[{"href":"https:\/\/terrasse-mobile.net\/nl_nl\/wp-json\/wp\/v2\/types\/page"}],"author":[{"embeddable":true,"href":"https:\/\/terrasse-mobile.net\/nl_nl\/wp-json\/wp\/v2\/users\/1"}],"replies":[{"embeddable":true,"href":"https:\/\/terrasse-mobile.net\/nl_nl\/wp-json\/wp\/v2\/comments?post=5462"}],"version-history":[{"count":30,"href":"https:\/\/terrasse-mobile.net\/nl_nl\/wp-json\/wp\/v2\/pages\/5462\/revisions"}],"predecessor-version":[{"id":7280,"href":"https:\/\/terrasse-mobile.net\/nl_nl\/wp-json\/wp\/v2\/pages\/5462\/revisions\/7280"}],"up":[{"embeddable":true,"href":"https:\/\/terrasse-mobile.net\/nl_nl\/wp-json\/wp\/v2\/pages\/5765"}],"wp:featuredmedia":[{"embeddable":true,"href":"https:\/\/terrasse-mobile.net\/nl_nl\/wp-json\/wp\/v2\/media\/3640"}],"wp:attachment":[{"href":"https:\/\/terrasse-mobile.net\/nl_nl\/wp-json\/wp\/v2\/media?parent=5462"}],"wp:term":[{"taxonomy":"folder","embeddable":true,"href":"https:\/\/terrasse-mobile.net\/nl_nl\/wp-json\/wp\/v2\/folder?post=5462"}],"curies":[{"name":"wp","href":"https:\/\/api.w.org\/{rel}","templated":true}]}}