{"id":5569,"date":"2024-10-02T14:46:31","date_gmt":"2024-10-02T12:46:08","guid":{"rendered":"https:\/\/terrasse-mobile.net\/?page_id=5569"},"modified":"2025-11-25T15:31:40","modified_gmt":"2025-11-25T14:31:40","slug":"installation-terrasse-mobile-piscine-92","status":"publish","type":"page","link":"https:\/\/terrasse-mobile.net\/nl_nl\/slidedeck\/realisations\/installation-terrasse-mobile-piscine-92\/","title":{"rendered":"Een mobiel terras boven een klein zwembad installeren"},"content":{"rendered":"\n<div class=\"wp-block-columns is-layout-flex wp-container-core-columns-is-layout-9d6595d7 wp-block-columns-is-layout-flex\">\n<div class=\"wp-block-column is-layout-flow wp-block-column-is-layout-flow\">\n<p><\/p>\n\n\n\n<p>Aujourd&rsquo;hui, nous vous pr\u00e9sentons une r\u00e9novation de piscine, dans les hauts-de-seine.&nbsp;&nbsp;Nos clients avaient une piscine avec un fond mobile Wi-pool compl\u00e8tement d\u00e9fectueux, ce qui les a oblig\u00e9 \u00e0 refaire leur piscine enti\u00e8rement.Vous pouvez consulter le d\u00e9montage de l&rsquo;ancienne piscine en&nbsp;<a href=\"https:\/\/www.piscine-nature.com\/renovation-de-piscine-92.htm\" rel=\"hlid[=]128[&amp;]cpid[=]2388396[&amp;]curl[=]renovation-de-piscine-92.htm\">cliquant juste ici.<\/a>&nbsp;Ce beau projet de r\u00e9novation comprend \u00e9galement l&rsquo;installation d&rsquo;une terrasse mobile.<\/p>\n<\/div>\n\n\n\n<div class=\"wp-block-column is-layout-flow wp-block-column-is-layout-flow\">\n<p><br><img decoding=\"async\" sizes=\"(max-width: 599px) 100vw, 599px\" srcset=\"https:\/\/terrasse-mobile.net\/wp-content\/uploads\/2024\/08\/REA-BERTAGNE-FINAL-09.jpg 599w, https:\/\/terrasse-mobile.net\/wp-content\/uploads\/2024\/08\/REA-BERTAGNE-FINAL-09-300x199.jpg 300w\" width=\"599\" height=\"397\" src=\"https:\/\/terrasse-mobile.net\/wp-content\/uploads\/2024\/08\/REA-BERTAGNE-FINAL-09.jpg\" alt=\"\"><\/p>\n<\/div>\n<\/div>\n\n\n\n<h2 class=\"wp-block-heading has-text-align-center\">Belle terrasse mobile en bois composite<\/h2>\n\n\n\n<div class=\"wp-block-columns is-layout-flex wp-container-core-columns-is-layout-9d6595d7 wp-block-columns-is-layout-flex\">\n<div class=\"wp-block-column is-layout-flow wp-block-column-is-layout-flow\">\n<figure class=\"wp-block-image\"><img decoding=\"async\" src=\"https:\/\/terrasse-mobile.net\/wp-content\/uploads\/2024\/08\/REA-BERTAGNE-FINAL-04.jpg\" alt=\"Piscine avec terrasse mobile ouverte\"\/><\/figure>\n\n\n\n<p class=\"has-text-align-left\">Cette belle terrasse mobile est r\u00e9alis\u00e9e en bois composite et est de couleur gris anthracite. Nous avons aussi refait toute la terrasse autour de la piscine, de la m\u00eame couleur, afin de dissimuler la terrasse mobile une fois ferm\u00e9e.<\/p>\n<\/div>\n\n\n\n<div class=\"wp-block-column is-layout-flow wp-block-column-is-layout-flow\">\n<figure class=\"wp-block-image\"><img decoding=\"async\" src=\"https:\/\/terrasse-mobile.net\/wp-content\/uploads\/2024\/06\/BERTAGNE-ETAPE3-04.jpg\" alt=\"Terrasse mobile en d\u00e9placement\"\/><\/figure>\n\n\n\n<p class=\"has-text-align-left\">La terrasse mobile n&rsquo;est pas compliqu\u00e9e \u00e0 d\u00e9placer. En effet, elle est tr\u00e8s l\u00e9g\u00e8re, et peut se pousser \u00e0 l&rsquo;aide d&rsquo;un seul doigt.<\/p>\n<\/div>\n<\/div>\n\n\n\n<h2 class=\"wp-block-heading has-text-align-center\">Une terrasse mobile pour piscine facile \u00e0 d\u00e9placer<\/h2>\n\n\n\n<div class=\"wp-block-columns is-layout-flex wp-container-core-columns-is-layout-9d6595d7 wp-block-columns-is-layout-flex\">\n<div class=\"wp-block-column is-layout-flow wp-block-column-is-layout-flow\">\n<figure class=\"wp-block-image\"><img decoding=\"async\" src=\"https:\/\/terrasse-mobile.net\/wp-content\/uploads\/2024\/08\/REA-BERTAGNE-FINAL-08.jpg\" alt=\"Terrasse mobile ferm\u00e9e\"\/><\/figure>\n\n\n\n<p class=\"has-text-align-left\">Une fois ferm\u00e9e, la terrasse mobile SlideDeck recouvre enti\u00e8rement et prot\u00e8ge la piscine. Il est possible d&rsquo;installer son mobilier de jardin sur la terrasse, et de l&rsquo;ouvrir, en laissant votre mobilier dessus, lorsque vous voulez profiter de votre piscine.<\/p>\n<\/div>\n\n\n\n<div class=\"wp-block-column is-layout-flow wp-block-column-is-layout-flow\">\n<figure class=\"wp-block-image\"><img decoding=\"async\" src=\"https:\/\/terrasse-mobile.net\/wp-content\/uploads\/2024\/08\/REA-BERTAGNE-FINAL-05.jpg\" alt=\"Poign\u00e9e d'ouverture et fermeture de la terrasse\"\/><\/figure>\n\n\n\n<p class=\"has-text-align-left\">La terrasse mobile est \u00e9quip\u00e9e d&rsquo;une poign\u00e9e qui permet d&rsquo;ouvrir et de la fermer ais\u00e9ment.<\/p>\n<\/div>\n<\/div>\n\n\n\n<div class=\"wp-block-columns is-layout-flex wp-container-core-columns-is-layout-9d6595d7 wp-block-columns-is-layout-flex\">\n<div class=\"wp-block-column is-layout-flow wp-block-column-is-layout-flow\">\n<figure class=\"wp-block-image\"><img decoding=\"async\" src=\"https:\/\/terrasse-mobile.net\/wp-content\/uploads\/2024\/08\/REA-BERTAGNE-FINAL-15.jpg\" alt=\"\"\/><\/figure>\n\n\n\n<p class=\"has-text-align-left\">Vous pouvez observer les balais permettant \u00e0 la terrasse mobile SlideDeck de coulisser tout en douceur.<\/p>\n<\/div>\n\n\n\n<div class=\"wp-block-column is-layout-flow wp-block-column-is-layout-flow\"><\/div>\n<\/div>\n","protected":false},"excerpt":{"rendered":"<p>Aujourd&rsquo;hui, nous vous pr\u00e9sentons une r\u00e9novation de piscine, dans les hauts-de-seine.&nbsp;&nbsp;Nos clients avaient une piscine avec un fond mobile Wi-pool compl\u00e8tement d\u00e9fectueux, ce qui les a oblig\u00e9 \u00e0 refaire leur piscine enti\u00e8rement.Vous pouvez consulter le d\u00e9montage de l&rsquo;ancienne piscine en&nbsp;cliquant juste ici.&nbsp;Ce beau projet de r\u00e9novation comprend \u00e9galement l&rsquo;installation d&rsquo;une terrasse mobile. Belle terrasse mobile&#8230;<\/p>","protected":false},"author":1,"featured_media":5117,"parent":5631,"menu_order":11,"comment_status":"closed","ping_status":"closed","template":"","meta":{"_kad_post_transparent":"","_kad_post_title":"","_kad_post_layout":"","_kad_post_sidebar_id":"","_kad_post_content_style":"","_kad_post_vertical_padding":"","_kad_post_feature":"","_kad_post_feature_position":"","_kad_post_header":false,"_kad_post_footer":false,"_kad_post_classname":"","footnotes":""},"folder":[],"class_list":["post-5569","page","type-page","status-publish","has-post-thumbnail","hentry"],"yoast_head":"<!-- This site is optimized with the Yoast SEO plugin v27.4 - https:\/\/yoast.com\/product\/yoast-seo-wordpress\/ -->\n<title>Terrasse mobile en bois composite pour une petite piscine<\/title>\n<meta name=\"description\" content=\"Aujourd&#039;hui, nous vous pr\u00e9sentons une r\u00e9novation de piscine, avec l&#039;ajout d&#039;une terrasse mobile dans les hauts-de-seine.\u00a0\" \/>\n<meta name=\"robots\" content=\"index, follow, max-snippet:-1, max-image-preview:large, max-video-preview:-1\" \/>\n<link rel=\"canonical\" href=\"https:\/\/terrasse-mobile.net\/nl_nl\/schuifdek\/prestaties\/installation-terrasse-mobile-piscine-92\/\" \/>\n<meta property=\"og:locale\" content=\"nl_NL\" \/>\n<meta property=\"og:type\" content=\"article\" \/>\n<meta property=\"og:title\" content=\"Terrasse mobile en bois composite pour une petite piscine\" \/>\n<meta property=\"og:description\" content=\"Aujourd&#039;hui, nous vous pr\u00e9sentons une r\u00e9novation de piscine, avec l&#039;ajout d&#039;une terrasse mobile dans les hauts-de-seine.\u00a0\" \/>\n<meta property=\"og:url\" content=\"https:\/\/terrasse-mobile.net\/nl_nl\/schuifdek\/prestaties\/installation-terrasse-mobile-piscine-92\/\" \/>\n<meta property=\"og:site_name\" content=\"Terrasse mobile\" \/>\n<meta property=\"article:modified_time\" content=\"2025-11-25T14:31:40+00:00\" \/>\n<meta property=\"og:image\" content=\"https:\/\/terrasse-mobile.net\/wp-content\/uploads\/2024\/06\/BERTAGNE-ETAPE3-01.jpg\" \/>\n\t<meta property=\"og:image:width\" content=\"600\" \/>\n\t<meta property=\"og:image:height\" content=\"397\" \/>\n\t<meta property=\"og:image:type\" content=\"image\/jpeg\" \/>\n<meta name=\"twitter:card\" content=\"summary_large_image\" \/>\n<meta name=\"twitter:label1\" content=\"Geschatte leestijd\" \/>\n\t<meta name=\"twitter:data1\" content=\"3 minuten\" \/>\n<script type=\"application\/ld+json\" class=\"yoast-schema-graph\">{\"@context\":\"https:\\\/\\\/schema.org\",\"@graph\":[{\"@type\":\"WebPage\",\"@id\":\"https:\\\/\\\/terrasse-mobile.net\\\/slidedeck\\\/realisations\\\/installation-terrasse-mobile-piscine-92\\\/\",\"url\":\"https:\\\/\\\/terrasse-mobile.net\\\/slidedeck\\\/realisations\\\/installation-terrasse-mobile-piscine-92\\\/\",\"name\":\"Terrasse mobile en bois composite pour une petite piscine\",\"isPartOf\":{\"@id\":\"https:\\\/\\\/terrasse-mobile.net\\\/#website\"},\"primaryImageOfPage\":{\"@id\":\"https:\\\/\\\/terrasse-mobile.net\\\/slidedeck\\\/realisations\\\/installation-terrasse-mobile-piscine-92\\\/#primaryimage\"},\"image\":{\"@id\":\"https:\\\/\\\/terrasse-mobile.net\\\/slidedeck\\\/realisations\\\/installation-terrasse-mobile-piscine-92\\\/#primaryimage\"},\"thumbnailUrl\":\"https:\\\/\\\/terrasse-mobile.net\\\/wp-content\\\/uploads\\\/2024\\\/06\\\/BERTAGNE-ETAPE3-01.jpg\",\"datePublished\":\"2024-10-02T12:46:08+00:00\",\"dateModified\":\"2025-11-25T14:31:40+00:00\",\"description\":\"Aujourd'hui, nous vous pr\u00e9sentons une r\u00e9novation de piscine, avec l'ajout d'une terrasse mobile dans les hauts-de-seine.\u00a0\",\"breadcrumb\":{\"@id\":\"https:\\\/\\\/terrasse-mobile.net\\\/slidedeck\\\/realisations\\\/installation-terrasse-mobile-piscine-92\\\/#breadcrumb\"},\"inLanguage\":\"nl-NL\",\"potentialAction\":[{\"@type\":\"ReadAction\",\"target\":[\"https:\\\/\\\/terrasse-mobile.net\\\/slidedeck\\\/realisations\\\/installation-terrasse-mobile-piscine-92\\\/\"]}]},{\"@type\":\"ImageObject\",\"inLanguage\":\"nl-NL\",\"@id\":\"https:\\\/\\\/terrasse-mobile.net\\\/slidedeck\\\/realisations\\\/installation-terrasse-mobile-piscine-92\\\/#primaryimage\",\"url\":\"https:\\\/\\\/terrasse-mobile.net\\\/wp-content\\\/uploads\\\/2024\\\/06\\\/BERTAGNE-ETAPE3-01.jpg\",\"contentUrl\":\"https:\\\/\\\/terrasse-mobile.net\\\/wp-content\\\/uploads\\\/2024\\\/06\\\/BERTAGNE-ETAPE3-01.jpg\",\"width\":600,\"height\":397},{\"@type\":\"BreadcrumbList\",\"@id\":\"https:\\\/\\\/terrasse-mobile.net\\\/slidedeck\\\/realisations\\\/installation-terrasse-mobile-piscine-92\\\/#breadcrumb\",\"itemListElement\":[{\"@type\":\"ListItem\",\"position\":1,\"name\":\"Accueil\",\"item\":\"https:\\\/\\\/terrasse-mobile.net\\\/\"},{\"@type\":\"ListItem\",\"position\":2,\"name\":\"SLIDEDECK\",\"item\":\"https:\\\/\\\/terrasse-mobile.net\\\/slidedeck\\\/\"},{\"@type\":\"ListItem\",\"position\":3,\"name\":\"NOS R\u00c9ALISATIONS DE TERRASSE MOBILE SLIDEDECK\",\"item\":\"https:\\\/\\\/terrasse-mobile.net\\\/slidedeck\\\/realisations\\\/\"},{\"@type\":\"ListItem\",\"position\":4,\"name\":\"Installation d&rsquo;une terrasse mobile sur une petite piscine\"}]},{\"@type\":\"WebSite\",\"@id\":\"https:\\\/\\\/terrasse-mobile.net\\\/#website\",\"url\":\"https:\\\/\\\/terrasse-mobile.net\\\/\",\"name\":\"Slidedeck\",\"description\":\"Construction sur mesure de terrasses mobiles en \u00cele-de-France\",\"publisher\":{\"@id\":\"https:\\\/\\\/terrasse-mobile.net\\\/#organization\"},\"potentialAction\":[{\"@type\":\"SearchAction\",\"target\":{\"@type\":\"EntryPoint\",\"urlTemplate\":\"https:\\\/\\\/terrasse-mobile.net\\\/?s={search_term_string}\"},\"query-input\":{\"@type\":\"PropertyValueSpecification\",\"valueRequired\":true,\"valueName\":\"search_term_string\"}}],\"inLanguage\":\"nl-NL\"},{\"@type\":\"Organization\",\"@id\":\"https:\\\/\\\/terrasse-mobile.net\\\/#organization\",\"name\":\"Slidedeck\",\"url\":\"https:\\\/\\\/terrasse-mobile.net\\\/\",\"logo\":{\"@type\":\"ImageObject\",\"inLanguage\":\"nl-NL\",\"@id\":\"https:\\\/\\\/terrasse-mobile.net\\\/#\\\/schema\\\/logo\\\/image\\\/\",\"url\":\"https:\\\/\\\/terrasse-mobile.net\\\/wp-content\\\/uploads\\\/2024\\\/01\\\/logo-slidedeck.jpg\",\"contentUrl\":\"https:\\\/\\\/terrasse-mobile.net\\\/wp-content\\\/uploads\\\/2024\\\/01\\\/logo-slidedeck.jpg\",\"width\":2000,\"height\":1103,\"caption\":\"Slidedeck\"},\"image\":{\"@id\":\"https:\\\/\\\/terrasse-mobile.net\\\/#\\\/schema\\\/logo\\\/image\\\/\"}}]}<\/script>\n<!-- \/ Yoast SEO plugin. -->","yoast_head_json":{"title":"Terrasse mobile en bois composite pour une petite piscine","description":"Aujourd'hui, nous vous pr\u00e9sentons une r\u00e9novation de piscine, avec l'ajout d'une terrasse mobile dans les hauts-de-seine.\u00a0","robots":{"index":"index","follow":"follow","max-snippet":"max-snippet:-1","max-image-preview":"max-image-preview:large","max-video-preview":"max-video-preview:-1"},"canonical":"https:\/\/terrasse-mobile.net\/nl_nl\/schuifdek\/prestaties\/installation-terrasse-mobile-piscine-92\/","og_locale":"nl_NL","og_type":"article","og_title":"Terrasse mobile en bois composite pour une petite piscine","og_description":"Aujourd'hui, nous vous pr\u00e9sentons une r\u00e9novation de piscine, avec l'ajout d'une terrasse mobile dans les hauts-de-seine.\u00a0","og_url":"https:\/\/terrasse-mobile.net\/nl_nl\/schuifdek\/prestaties\/installation-terrasse-mobile-piscine-92\/","og_site_name":"Terrasse mobile","article_modified_time":"2025-11-25T14:31:40+00:00","og_image":[{"width":600,"height":397,"url":"https:\/\/terrasse-mobile.net\/wp-content\/uploads\/2024\/06\/BERTAGNE-ETAPE3-01.jpg","type":"image\/jpeg"}],"twitter_card":"summary_large_image","twitter_misc":{"Geschatte leestijd":"3 minuten"},"schema":{"@context":"https:\/\/schema.org","@graph":[{"@type":"WebPage","@id":"https:\/\/terrasse-mobile.net\/slidedeck\/realisations\/installation-terrasse-mobile-piscine-92\/","url":"https:\/\/terrasse-mobile.net\/slidedeck\/realisations\/installation-terrasse-mobile-piscine-92\/","name":"Terrasse mobile en bois composite pour une petite piscine","isPartOf":{"@id":"https:\/\/terrasse-mobile.net\/#website"},"primaryImageOfPage":{"@id":"https:\/\/terrasse-mobile.net\/slidedeck\/realisations\/installation-terrasse-mobile-piscine-92\/#primaryimage"},"image":{"@id":"https:\/\/terrasse-mobile.net\/slidedeck\/realisations\/installation-terrasse-mobile-piscine-92\/#primaryimage"},"thumbnailUrl":"https:\/\/terrasse-mobile.net\/wp-content\/uploads\/2024\/06\/BERTAGNE-ETAPE3-01.jpg","datePublished":"2024-10-02T12:46:08+00:00","dateModified":"2025-11-25T14:31:40+00:00","description":"Aujourd'hui, nous vous pr\u00e9sentons une r\u00e9novation de piscine, avec l'ajout d'une terrasse mobile dans les hauts-de-seine.\u00a0","breadcrumb":{"@id":"https:\/\/terrasse-mobile.net\/slidedeck\/realisations\/installation-terrasse-mobile-piscine-92\/#breadcrumb"},"inLanguage":"nl-NL","potentialAction":[{"@type":"ReadAction","target":["https:\/\/terrasse-mobile.net\/slidedeck\/realisations\/installation-terrasse-mobile-piscine-92\/"]}]},{"@type":"ImageObject","inLanguage":"nl-NL","@id":"https:\/\/terrasse-mobile.net\/slidedeck\/realisations\/installation-terrasse-mobile-piscine-92\/#primaryimage","url":"https:\/\/terrasse-mobile.net\/wp-content\/uploads\/2024\/06\/BERTAGNE-ETAPE3-01.jpg","contentUrl":"https:\/\/terrasse-mobile.net\/wp-content\/uploads\/2024\/06\/BERTAGNE-ETAPE3-01.jpg","width":600,"height":397},{"@type":"BreadcrumbList","@id":"https:\/\/terrasse-mobile.net\/slidedeck\/realisations\/installation-terrasse-mobile-piscine-92\/#breadcrumb","itemListElement":[{"@type":"ListItem","position":1,"name":"Accueil","item":"https:\/\/terrasse-mobile.net\/"},{"@type":"ListItem","position":2,"name":"SLIDEDECK","item":"https:\/\/terrasse-mobile.net\/slidedeck\/"},{"@type":"ListItem","position":3,"name":"NOS R\u00c9ALISATIONS DE TERRASSE MOBILE SLIDEDECK","item":"https:\/\/terrasse-mobile.net\/slidedeck\/realisations\/"},{"@type":"ListItem","position":4,"name":"Installation d&rsquo;une terrasse mobile sur une petite piscine"}]},{"@type":"WebSite","@id":"https:\/\/terrasse-mobile.net\/#website","url":"https:\/\/terrasse-mobile.net\/","name":"Slidedeck","description":"Op maat gemaakte verplaatsbare terrassen in de regio Parijs","publisher":{"@id":"https:\/\/terrasse-mobile.net\/#organization"},"potentialAction":[{"@type":"SearchAction","target":{"@type":"EntryPoint","urlTemplate":"https:\/\/terrasse-mobile.net\/?s={search_term_string}"},"query-input":{"@type":"PropertyValueSpecification","valueRequired":true,"valueName":"search_term_string"}}],"inLanguage":"nl-NL"},{"@type":"Organization","@id":"https:\/\/terrasse-mobile.net\/#organization","name":"Slidedeck","url":"https:\/\/terrasse-mobile.net\/","logo":{"@type":"ImageObject","inLanguage":"nl-NL","@id":"https:\/\/terrasse-mobile.net\/#\/schema\/logo\/image\/","url":"https:\/\/terrasse-mobile.net\/wp-content\/uploads\/2024\/01\/logo-slidedeck.jpg","contentUrl":"https:\/\/terrasse-mobile.net\/wp-content\/uploads\/2024\/01\/logo-slidedeck.jpg","width":2000,"height":1103,"caption":"Slidedeck"},"image":{"@id":"https:\/\/terrasse-mobile.net\/#\/schema\/logo\/image\/"}}]}},"_links":{"self":[{"href":"https:\/\/terrasse-mobile.net\/nl_nl\/wp-json\/wp\/v2\/pages\/5569","targetHints":{"allow":["GET"]}}],"collection":[{"href":"https:\/\/terrasse-mobile.net\/nl_nl\/wp-json\/wp\/v2\/pages"}],"about":[{"href":"https:\/\/terrasse-mobile.net\/nl_nl\/wp-json\/wp\/v2\/types\/page"}],"author":[{"embeddable":true,"href":"https:\/\/terrasse-mobile.net\/nl_nl\/wp-json\/wp\/v2\/users\/1"}],"replies":[{"embeddable":true,"href":"https:\/\/terrasse-mobile.net\/nl_nl\/wp-json\/wp\/v2\/comments?post=5569"}],"version-history":[{"count":8,"href":"https:\/\/terrasse-mobile.net\/nl_nl\/wp-json\/wp\/v2\/pages\/5569\/revisions"}],"predecessor-version":[{"id":7263,"href":"https:\/\/terrasse-mobile.net\/nl_nl\/wp-json\/wp\/v2\/pages\/5569\/revisions\/7263"}],"up":[{"embeddable":true,"href":"https:\/\/terrasse-mobile.net\/nl_nl\/wp-json\/wp\/v2\/pages\/5631"}],"wp:featuredmedia":[{"embeddable":true,"href":"https:\/\/terrasse-mobile.net\/nl_nl\/wp-json\/wp\/v2\/media\/5117"}],"wp:attachment":[{"href":"https:\/\/terrasse-mobile.net\/nl_nl\/wp-json\/wp\/v2\/media?parent=5569"}],"wp:term":[{"taxonomy":"folder","embeddable":true,"href":"https:\/\/terrasse-mobile.net\/nl_nl\/wp-json\/wp\/v2\/folder?post=5569"}],"curies":[{"name":"wp","href":"https:\/\/api.w.org\/{rel}","templated":true}]}}