{"id":5574,"date":"2024-10-02T14:45:56","date_gmt":"2024-10-02T12:45:56","guid":{"rendered":"https:\/\/terrasse-mobile.net\/?page_id=5574"},"modified":"2025-11-25T15:41:07","modified_gmt":"2025-11-25T14:41:07","slug":"installatie-zwembad-schuifterras","status":"publish","type":"page","link":"https:\/\/terrasse-mobile.net\/nl_nl\/slidedeck\/realisations\/installation-terrasse-coulissante-piscine\/","title":{"rendered":"Creatie van een mobiel terras in het stadscentrum"},"content":{"rendered":"\n<div class=\"wp-block-columns is-layout-flex wp-container-core-columns-is-layout-9d6595d7 wp-block-columns-is-layout-flex\">\n<div class=\"wp-block-column is-layout-flow wp-block-column-is-layout-flow\">\n<p>Nous avons cr\u00e9\u00e9 un bel espace piscine avec une terrasse coulissante au-dessus du bassin avec une terrasse en bois.<\/p>\n\n\n\n<p>La terrasse coulissante est recouverte de lames de terrasse en bois et constitue (lorsqu&rsquo;elle est ouverte) une vraie terrasse solide dans la continuit\u00e9 de la terrasse existante.<\/p>\n\n\n\n<p>La piscine ainsi que les marches d&rsquo;escalier sont habill\u00e9es d&rsquo;une membrane en PVC arm\u00e9 design et extr\u00eamement r\u00e9sistante.<\/p>\n<\/div>\n\n\n\n<div class=\"wp-block-column is-layout-flow wp-block-column-is-layout-flow\">\n<div style=\"padding:56.25% 0 0 0;position:relative;\"><iframe src=\"https:\/\/player.vimeo.com\/video\/848341704?title=0&amp;byline=0&amp;portrait=0&amp;badge=0&amp;autopause=0&amp;player_id=0&amp;app_id=58479\" frameborder=\"0\" allow=\"autoplay; fullscreen; picture-in-picture; clipboard-write\" style=\"position:absolute;top:0;left:0;width:100%;height:100%;\" title=\"Ouvrir et fermer la terrasse mobile de ma  piscine\"><\/iframe><\/div><script src=\"https:\/\/player.vimeo.com\/api\/player.js\"><\/script>\n<\/div>\n<\/div>\n\n\n<div class=\"wp-block-image\">\n<figure class=\"aligncenter\"><img decoding=\"async\" src=\"https:\/\/terrasse-mobile.net\/wp-content\/uploads\/2024\/01\/REAL-DUTHION-PISCINE2-1.jpg\" alt=\"terrasse mobile en centre ville\"\/><\/figure>\n<\/div>\n\n\n<h2 class=\"wp-block-heading has-text-align-center\">Une terrasse mobile en centre-ville &#8230;<\/h2>\n\n\n\n<p>Vue d&rsquo;ensemble de la terrasse avec la piscine et sa terrasse coulissante. Les terrasses sont toutes deux recouverte de lames de terrasse en bois exotique (Cumaru). Sur cette photo, la terrasse coulissante laisse place \u00e0 la piscine et permet de profiter du&nbsp; bassin pour nager. La terrasse est tr\u00e8s simple \u00e0 manipuler.<\/p>\n\n\n\n<p><style>\/*! elementor - v3.18.0 - 20-12-2023 *\/<br \/>\n.elementor-heading-title{padding:0;margin:0;line-height:1}.elementor-widget-heading .elementor-heading-title[class*=elementor-size-]>a{color:inherit;font-size:inherit;line-height:inherit}.elementor-widget-heading .elementor-heading-title.elementor-size-small{font-size:15px}.elementor-widget-heading .elementor-heading-title.elementor-size-medium{font-size:19px}.elementor-widget-heading .elementor-heading-title.elementor-size-large{font-size:29px}.elementor-widget-heading .elementor-heading-title.elementor-size-xl{font-size:39px}.elementor-widget-heading .elementor-heading-title.elementor-size-xxl{font-size:59px}<\/style><\/p>\n\n\n\n<div class=\"wp-block-columns is-layout-flex wp-container-core-columns-is-layout-9d6595d7 wp-block-columns-is-layout-flex\">\n<div class=\"wp-block-column is-layout-flow wp-block-column-is-layout-flow\">\n<figure class=\"wp-block-image\"><img decoding=\"async\" src=\"https:\/\/terrasse-mobile.net\/wp-content\/uploads\/2024\/01\/REAL-DUTHION-ESCALIER-LINER-PISCINE-1.jpg\" alt=\"Membrane en PVC dans la piscine\"\/><\/figure>\n\n\n\n<p class=\"has-text-align-left\">Sur cette photo, nous pouvons voir la belle membrane en PVC arm\u00e9 textur\u00e9e, les marches d&rsquo;escalier ainsi que le skimmer du bassin.<\/p>\n<\/div>\n\n\n\n<div class=\"wp-block-column is-layout-flow wp-block-column-is-layout-flow\">\n<figure class=\"wp-block-image\"><img decoding=\"async\" src=\"https:\/\/terrasse-mobile.net\/wp-content\/uploads\/2024\/01\/REAL-DUTHION-PISCINE5.jpg\" alt=\"Autre vue de la piscine et terrasse mobile\"\/><\/figure>\n\n\n\n<p class=\"has-text-align-left\">Voici une autre photo d&rsquo;ensemble de cette jolie piscine avec terrasse mobile et deck de piscine.<\/p>\n<\/div>\n<\/div>\n\n\n\n<h2 class=\"wp-block-heading has-text-align-center\">Une terrasse mobile solide et fluide<\/h2>\n\n\n\n<div class=\"wp-block-columns is-layout-flex wp-container-core-columns-is-layout-9d6595d7 wp-block-columns-is-layout-flex\">\n<div class=\"wp-block-column is-layout-flow wp-block-column-is-layout-flow\">\n<figure class=\"wp-block-image\"><img decoding=\"async\" src=\"https:\/\/terrasse-mobile.net\/wp-content\/uploads\/2024\/01\/REAL-DUTHION-PISCINE4.jpg\" alt=\"terrasse mobile en cours de fermeture\"\/><\/figure>\n\n\n\n<p class=\"has-text-align-left\">Le platelage de la terrasse coulissante est extr\u00eamement stable et fiable : le plateau supporte 150kg par m2.&nbsp;<\/p>\n\n\n\n<p><\/p>\n<\/div>\n\n\n\n<div class=\"wp-block-column is-layout-flow wp-block-column-is-layout-flow\">\n<figure class=\"wp-block-image\"><img decoding=\"async\" src=\"https:\/\/terrasse-mobile.net\/wp-content\/uploads\/2024\/01\/REAL-DUTHION-PISCINE3-3.jpg\" alt=\"terrasse mobile ferm\u00e9e\"\/><\/figure>\n\n\n\n<p class=\"has-text-align-left\">Ici, la terrasse coulissante recouvre totalement le bassin. Elle constitue une v\u00e9ritable terrasse sur laquelle les clients peuvent installer du mobilier d&rsquo;ext\u00e9rieur et marcher&#8230;<\/p>\n<\/div>\n<\/div>\n\n\n\n<div class=\"wp-block-columns is-layout-flex wp-container-core-columns-is-layout-9d6595d7 wp-block-columns-is-layout-flex\">\n<div class=\"wp-block-column is-layout-flow wp-block-column-is-layout-flow\">\n<figure class=\"wp-block-image\"><img decoding=\"async\" src=\"https:\/\/terrasse-mobile.net\/wp-content\/uploads\/2024\/01\/REAL-DUTHION-PISCINE-PHOTO-TECHNIQUE-1.jpg\" alt=\"local technique piscine\"\/><\/figure>\n\n\n\n<p class=\"has-text-align-left\">Le platelage de la terrasse coulissante est extr\u00eamement stable et fiable : le plateau supporte 150kg par m2.&nbsp;<\/p>\n<\/div>\n\n\n\n<div class=\"wp-block-column is-layout-flow wp-block-column-is-layout-flow\"><\/div>\n<\/div>\n","protected":false},"excerpt":{"rendered":"<p>Nous avons cr\u00e9\u00e9 un bel espace piscine avec une terrasse coulissante au-dessus du bassin avec une terrasse en bois. La terrasse coulissante est recouverte de lames de terrasse en bois et constitue (lorsqu&rsquo;elle est ouverte) une vraie terrasse solide dans la continuit\u00e9 de la terrasse existante. La piscine ainsi que les marches d&rsquo;escalier sont habill\u00e9es&#8230;<\/p>","protected":false},"author":1,"featured_media":3639,"parent":5631,"menu_order":13,"comment_status":"closed","ping_status":"closed","template":"","meta":{"_kad_post_transparent":"","_kad_post_title":"","_kad_post_layout":"","_kad_post_sidebar_id":"","_kad_post_content_style":"","_kad_post_vertical_padding":"","_kad_post_feature":"","_kad_post_feature_position":"","_kad_post_header":false,"_kad_post_footer":false,"_kad_post_classname":"","footnotes":""},"folder":[],"class_list":["post-5574","page","type-page","status-publish","has-post-thumbnail","hentry"],"yoast_head":"<!-- This site is optimized with the Yoast SEO plugin v27.3 - https:\/\/yoast.com\/product\/yoast-seo-wordpress\/ -->\n<title>Belle terrasse mobile pour piscine en centre-ville<\/title>\n<meta name=\"description\" content=\"Voici une belle piscine avec une terrasse mobile en bois exotique, situ\u00e9e en centre-ville, dans le shauts-de-seine.\" \/>\n<meta name=\"robots\" content=\"index, follow, max-snippet:-1, max-image-preview:large, max-video-preview:-1\" \/>\n<link rel=\"canonical\" href=\"https:\/\/terrasse-mobile.net\/nl_nl\/schuifdek\/prestaties\/installatie-zwembad-schuifterras\/\" \/>\n<meta property=\"og:locale\" content=\"nl_NL\" \/>\n<meta property=\"og:type\" content=\"article\" \/>\n<meta property=\"og:title\" content=\"Belle terrasse mobile pour piscine en centre-ville\" \/>\n<meta property=\"og:description\" content=\"Voici une belle piscine avec une terrasse mobile en bois exotique, situ\u00e9e en centre-ville, dans le shauts-de-seine.\" \/>\n<meta property=\"og:url\" content=\"https:\/\/terrasse-mobile.net\/nl_nl\/schuifdek\/prestaties\/installatie-zwembad-schuifterras\/\" \/>\n<meta property=\"og:site_name\" content=\"Terrasse mobile\" \/>\n<meta property=\"article:modified_time\" content=\"2025-11-25T14:41:07+00:00\" \/>\n<meta property=\"og:image\" content=\"https:\/\/terrasse-mobile.net\/wp-content\/uploads\/2024\/02\/REAL-DUTHION-PISCINE2.jpg\" \/>\n\t<meta property=\"og:image:width\" content=\"2000\" \/>\n\t<meta property=\"og:image:height\" content=\"1333\" \/>\n\t<meta property=\"og:image:type\" content=\"image\/jpeg\" \/>\n<meta name=\"twitter:card\" content=\"summary_large_image\" \/>\n<meta name=\"twitter:label1\" content=\"Geschatte leestijd\" \/>\n\t<meta name=\"twitter:data1\" content=\"3 minuten\" \/>\n<script type=\"application\/ld+json\" class=\"yoast-schema-graph\">{\"@context\":\"https:\\\/\\\/schema.org\",\"@graph\":[{\"@type\":\"WebPage\",\"@id\":\"https:\\\/\\\/terrasse-mobile.net\\\/slidedeck\\\/realisations\\\/installation-terrasse-coulissante-piscine\\\/\",\"url\":\"https:\\\/\\\/terrasse-mobile.net\\\/slidedeck\\\/realisations\\\/installation-terrasse-coulissante-piscine\\\/\",\"name\":\"Belle terrasse mobile pour piscine en centre-ville\",\"isPartOf\":{\"@id\":\"https:\\\/\\\/terrasse-mobile.net\\\/#website\"},\"primaryImageOfPage\":{\"@id\":\"https:\\\/\\\/terrasse-mobile.net\\\/slidedeck\\\/realisations\\\/installation-terrasse-coulissante-piscine\\\/#primaryimage\"},\"image\":{\"@id\":\"https:\\\/\\\/terrasse-mobile.net\\\/slidedeck\\\/realisations\\\/installation-terrasse-coulissante-piscine\\\/#primaryimage\"},\"thumbnailUrl\":\"https:\\\/\\\/terrasse-mobile.net\\\/wp-content\\\/uploads\\\/2024\\\/02\\\/REAL-DUTHION-PISCINE2.jpg\",\"datePublished\":\"2024-10-02T12:45:56+00:00\",\"dateModified\":\"2025-11-25T14:41:07+00:00\",\"description\":\"Voici une belle piscine avec une terrasse mobile en bois exotique, situ\u00e9e en centre-ville, dans le shauts-de-seine.\",\"breadcrumb\":{\"@id\":\"https:\\\/\\\/terrasse-mobile.net\\\/slidedeck\\\/realisations\\\/installation-terrasse-coulissante-piscine\\\/#breadcrumb\"},\"inLanguage\":\"nl-NL\",\"potentialAction\":[{\"@type\":\"ReadAction\",\"target\":[\"https:\\\/\\\/terrasse-mobile.net\\\/slidedeck\\\/realisations\\\/installation-terrasse-coulissante-piscine\\\/\"]}]},{\"@type\":\"ImageObject\",\"inLanguage\":\"nl-NL\",\"@id\":\"https:\\\/\\\/terrasse-mobile.net\\\/slidedeck\\\/realisations\\\/installation-terrasse-coulissante-piscine\\\/#primaryimage\",\"url\":\"https:\\\/\\\/terrasse-mobile.net\\\/wp-content\\\/uploads\\\/2024\\\/02\\\/REAL-DUTHION-PISCINE2.jpg\",\"contentUrl\":\"https:\\\/\\\/terrasse-mobile.net\\\/wp-content\\\/uploads\\\/2024\\\/02\\\/REAL-DUTHION-PISCINE2.jpg\",\"width\":2000,\"height\":1333,\"caption\":\"terrasse mobile centre ville\"},{\"@type\":\"BreadcrumbList\",\"@id\":\"https:\\\/\\\/terrasse-mobile.net\\\/slidedeck\\\/realisations\\\/installation-terrasse-coulissante-piscine\\\/#breadcrumb\",\"itemListElement\":[{\"@type\":\"ListItem\",\"position\":1,\"name\":\"Accueil\",\"item\":\"https:\\\/\\\/terrasse-mobile.net\\\/\"},{\"@type\":\"ListItem\",\"position\":2,\"name\":\"SLIDEDECK\",\"item\":\"https:\\\/\\\/terrasse-mobile.net\\\/slidedeck\\\/\"},{\"@type\":\"ListItem\",\"position\":3,\"name\":\"NOS R\u00c9ALISATIONS DE TERRASSE MOBILE SLIDEDECK\",\"item\":\"https:\\\/\\\/terrasse-mobile.net\\\/slidedeck\\\/realisations\\\/\"},{\"@type\":\"ListItem\",\"position\":4,\"name\":\"R\u00e9alisation de terrasse mobile en centre-ville\"}]},{\"@type\":\"WebSite\",\"@id\":\"https:\\\/\\\/terrasse-mobile.net\\\/#website\",\"url\":\"https:\\\/\\\/terrasse-mobile.net\\\/\",\"name\":\"Slidedeck\",\"description\":\"Construction sur mesure de terrasses mobiles en \u00cele-de-France\",\"publisher\":{\"@id\":\"https:\\\/\\\/terrasse-mobile.net\\\/#organization\"},\"potentialAction\":[{\"@type\":\"SearchAction\",\"target\":{\"@type\":\"EntryPoint\",\"urlTemplate\":\"https:\\\/\\\/terrasse-mobile.net\\\/?s={search_term_string}\"},\"query-input\":{\"@type\":\"PropertyValueSpecification\",\"valueRequired\":true,\"valueName\":\"search_term_string\"}}],\"inLanguage\":\"nl-NL\"},{\"@type\":\"Organization\",\"@id\":\"https:\\\/\\\/terrasse-mobile.net\\\/#organization\",\"name\":\"Slidedeck\",\"url\":\"https:\\\/\\\/terrasse-mobile.net\\\/\",\"logo\":{\"@type\":\"ImageObject\",\"inLanguage\":\"nl-NL\",\"@id\":\"https:\\\/\\\/terrasse-mobile.net\\\/#\\\/schema\\\/logo\\\/image\\\/\",\"url\":\"https:\\\/\\\/terrasse-mobile.net\\\/wp-content\\\/uploads\\\/2024\\\/01\\\/logo-slidedeck.jpg\",\"contentUrl\":\"https:\\\/\\\/terrasse-mobile.net\\\/wp-content\\\/uploads\\\/2024\\\/01\\\/logo-slidedeck.jpg\",\"width\":2000,\"height\":1103,\"caption\":\"Slidedeck\"},\"image\":{\"@id\":\"https:\\\/\\\/terrasse-mobile.net\\\/#\\\/schema\\\/logo\\\/image\\\/\"}}]}<\/script>\n<!-- \/ Yoast SEO plugin. -->","yoast_head_json":{"title":"Mooi mobiel terras voor zwembad in stadscentrum","description":"Dit is een prachtig zwembad met een beweegbaar dek van exotisch hout, gelegen in het centrum van de stad, in het departement Shauts-de-Seine.","robots":{"index":"index","follow":"follow","max-snippet":"max-snippet:-1","max-image-preview":"max-image-preview:large","max-video-preview":"max-video-preview:-1"},"canonical":"https:\/\/terrasse-mobile.net\/nl_nl\/schuifdek\/prestaties\/installatie-zwembad-schuifterras\/","og_locale":"nl_NL","og_type":"article","og_title":"Belle terrasse mobile pour piscine en centre-ville","og_description":"Voici une belle piscine avec une terrasse mobile en bois exotique, situ\u00e9e en centre-ville, dans le shauts-de-seine.","og_url":"https:\/\/terrasse-mobile.net\/nl_nl\/schuifdek\/prestaties\/installatie-zwembad-schuifterras\/","og_site_name":"Terrasse mobile","article_modified_time":"2025-11-25T14:41:07+00:00","og_image":[{"width":2000,"height":1333,"url":"https:\/\/terrasse-mobile.net\/wp-content\/uploads\/2024\/02\/REAL-DUTHION-PISCINE2.jpg","type":"image\/jpeg"}],"twitter_card":"summary_large_image","twitter_misc":{"Geschatte leestijd":"3 minuten"},"schema":{"@context":"https:\/\/schema.org","@graph":[{"@type":"WebPage","@id":"https:\/\/terrasse-mobile.net\/slidedeck\/realisations\/installation-terrasse-coulissante-piscine\/","url":"https:\/\/terrasse-mobile.net\/slidedeck\/realisations\/installation-terrasse-coulissante-piscine\/","name":"Mooi mobiel terras voor zwembad in stadscentrum","isPartOf":{"@id":"https:\/\/terrasse-mobile.net\/#website"},"primaryImageOfPage":{"@id":"https:\/\/terrasse-mobile.net\/slidedeck\/realisations\/installation-terrasse-coulissante-piscine\/#primaryimage"},"image":{"@id":"https:\/\/terrasse-mobile.net\/slidedeck\/realisations\/installation-terrasse-coulissante-piscine\/#primaryimage"},"thumbnailUrl":"https:\/\/terrasse-mobile.net\/wp-content\/uploads\/2024\/02\/REAL-DUTHION-PISCINE2.jpg","datePublished":"2024-10-02T12:45:56+00:00","dateModified":"2025-11-25T14:41:07+00:00","description":"Dit is een prachtig zwembad met een beweegbaar dek van exotisch hout, gelegen in het centrum van de stad, in het departement Shauts-de-Seine.","breadcrumb":{"@id":"https:\/\/terrasse-mobile.net\/slidedeck\/realisations\/installation-terrasse-coulissante-piscine\/#breadcrumb"},"inLanguage":"nl-NL","potentialAction":[{"@type":"ReadAction","target":["https:\/\/terrasse-mobile.net\/slidedeck\/realisations\/installation-terrasse-coulissante-piscine\/"]}]},{"@type":"ImageObject","inLanguage":"nl-NL","@id":"https:\/\/terrasse-mobile.net\/slidedeck\/realisations\/installation-terrasse-coulissante-piscine\/#primaryimage","url":"https:\/\/terrasse-mobile.net\/wp-content\/uploads\/2024\/02\/REAL-DUTHION-PISCINE2.jpg","contentUrl":"https:\/\/terrasse-mobile.net\/wp-content\/uploads\/2024\/02\/REAL-DUTHION-PISCINE2.jpg","width":2000,"height":1333,"caption":"terrasse mobile centre ville"},{"@type":"BreadcrumbList","@id":"https:\/\/terrasse-mobile.net\/slidedeck\/realisations\/installation-terrasse-coulissante-piscine\/#breadcrumb","itemListElement":[{"@type":"ListItem","position":1,"name":"Accueil","item":"https:\/\/terrasse-mobile.net\/"},{"@type":"ListItem","position":2,"name":"SLIDEDECK","item":"https:\/\/terrasse-mobile.net\/slidedeck\/"},{"@type":"ListItem","position":3,"name":"NOS R\u00c9ALISATIONS DE TERRASSE MOBILE SLIDEDECK","item":"https:\/\/terrasse-mobile.net\/slidedeck\/realisations\/"},{"@type":"ListItem","position":4,"name":"R\u00e9alisation de terrasse mobile en centre-ville"}]},{"@type":"WebSite","@id":"https:\/\/terrasse-mobile.net\/#website","url":"https:\/\/terrasse-mobile.net\/","name":"Slidedeck","description":"Op maat gemaakte verplaatsbare terrassen in de regio Parijs","publisher":{"@id":"https:\/\/terrasse-mobile.net\/#organization"},"potentialAction":[{"@type":"SearchAction","target":{"@type":"EntryPoint","urlTemplate":"https:\/\/terrasse-mobile.net\/?s={search_term_string}"},"query-input":{"@type":"PropertyValueSpecification","valueRequired":true,"valueName":"search_term_string"}}],"inLanguage":"nl-NL"},{"@type":"Organization","@id":"https:\/\/terrasse-mobile.net\/#organization","name":"Slidedeck","url":"https:\/\/terrasse-mobile.net\/","logo":{"@type":"ImageObject","inLanguage":"nl-NL","@id":"https:\/\/terrasse-mobile.net\/#\/schema\/logo\/image\/","url":"https:\/\/terrasse-mobile.net\/wp-content\/uploads\/2024\/01\/logo-slidedeck.jpg","contentUrl":"https:\/\/terrasse-mobile.net\/wp-content\/uploads\/2024\/01\/logo-slidedeck.jpg","width":2000,"height":1103,"caption":"Slidedeck"},"image":{"@id":"https:\/\/terrasse-mobile.net\/#\/schema\/logo\/image\/"}}]}},"_links":{"self":[{"href":"https:\/\/terrasse-mobile.net\/nl_nl\/wp-json\/wp\/v2\/pages\/5574","targetHints":{"allow":["GET"]}}],"collection":[{"href":"https:\/\/terrasse-mobile.net\/nl_nl\/wp-json\/wp\/v2\/pages"}],"about":[{"href":"https:\/\/terrasse-mobile.net\/nl_nl\/wp-json\/wp\/v2\/types\/page"}],"author":[{"embeddable":true,"href":"https:\/\/terrasse-mobile.net\/nl_nl\/wp-json\/wp\/v2\/users\/1"}],"replies":[{"embeddable":true,"href":"https:\/\/terrasse-mobile.net\/nl_nl\/wp-json\/wp\/v2\/comments?post=5574"}],"version-history":[{"count":5,"href":"https:\/\/terrasse-mobile.net\/nl_nl\/wp-json\/wp\/v2\/pages\/5574\/revisions"}],"predecessor-version":[{"id":7273,"href":"https:\/\/terrasse-mobile.net\/nl_nl\/wp-json\/wp\/v2\/pages\/5574\/revisions\/7273"}],"up":[{"embeddable":true,"href":"https:\/\/terrasse-mobile.net\/nl_nl\/wp-json\/wp\/v2\/pages\/5631"}],"wp:featuredmedia":[{"embeddable":true,"href":"https:\/\/terrasse-mobile.net\/nl_nl\/wp-json\/wp\/v2\/media\/3639"}],"wp:attachment":[{"href":"https:\/\/terrasse-mobile.net\/nl_nl\/wp-json\/wp\/v2\/media?parent=5574"}],"wp:term":[{"taxonomy":"folder","embeddable":true,"href":"https:\/\/terrasse-mobile.net\/nl_nl\/wp-json\/wp\/v2\/folder?post=5574"}],"curies":[{"name":"wp","href":"https:\/\/api.w.org\/{rel}","templated":true}]}}